{"id":4238,"date":"2020-09-04T12:11:17","date_gmt":"2020-09-04T10:11:17","guid":{"rendered":"https:\/\/www.educazionedigitale.it\/abbattiamolebarriere\/?page_id=4238"},"modified":"2025-09-15T08:39:31","modified_gmt":"2025-09-15T06:39:31","slug":"concorso","status":"publish","type":"page","link":"https:\/\/www.educazionedigitale.it\/abbattiamolebarriere\/concorso\/","title":{"rendered":"Concorso"},"content":{"rendered":"\t<div id=\"gap-1262057114\" class=\"gap-element clearfix\" style=\"display:block; height:auto;\">\n\t\t\n<style>\n#gap-1262057114 {\n  padding-top: 97px;\n}\n<\/style>\n\t<\/div>\n\t\n\n  <div class=\"banner has-hover banner-home\" id=\"banner-1938237747\">\n          <div class=\"banner-inner fill\">\n        <div class=\"banner-bg fill\" >\n            <img loading=\"lazy\" decoding=\"async\" width=\"1921\" height=\"250\" src=\"https:\/\/www.educazionedigitale.it\/abbattiamolebarriere\/wp-content\/uploads\/2023\/10\/b-4.png\" class=\"bg attachment-original size-original\" alt=\"\" \/>                                    \n                    <\/div>\n\t\t\n        <div class=\"banner-layers container\">\n            <div class=\"fill banner-link\"><\/div>            \n   <div id=\"text-box-1386499706\" class=\"text-box banner-layer x100 md-x100 lg-x100 y95 md-y95 lg-y95 res-text\">\n                                <div class=\"text-box-content text dark\">\n              \n              <div class=\"text-inner text-right\">\n                  \n\t<div id=\"text-4133079471\" class=\"text\">\n\t\t\n<h2>IL CONCORSO<\/h2>\n<p><span style=\"padding: 6px 17px 6px 17px; margin: 0px; background-color: #1A5DA3; border-radius: 10px; color: #fff; font-size:118%; text-align:right; box-shadow: 1px 3px 4px 0px #898989\"><b>SECONDA EDIZIONE<\/b><\/span><\/strong><\/p>\n\t\t\n<style>\n#text-4133079471 {\n  font-size: 0.75rem;\n  text-align: right;\n}\n<\/style>\n\t<\/div>\n\t\n              <\/div>\n           <\/div>\n                            \n<style>\n#text-box-1386499706 {\n  width: 60%;\n}\n#text-box-1386499706 .text-box-content {\n  font-size: 100%;\n}\n@media (min-width:550px) {\n  #text-box-1386499706 {\n    width: 47%;\n  }\n}\n<\/style>\n    <\/div>\n \n        <\/div>\n      <\/div>\n\n            \n<style>\n#banner-1938237747 {\n  padding-top: 203px;\n}\n#banner-1938237747 .banner-bg img {\n  object-position: 10% 100%;\n}\n<\/style>\n  <\/div>\n\n\n\n\t<section class=\"section\" id=\"section_140390921\">\n\t\t<div class=\"section-bg fill\" >\n\t\t\t\t\t\t\t\t\t\n\t\t\t\n\n\t\t<\/div>\n\n\t\t\n\n\t\t<div class=\"section-content relative\">\n\t\t\t\n<div class=\"row\"  id=\"row-1231000964\">\n\n\t<div id=\"col-533056122\" class=\"col small-12 large-12\"  data-animate=\"blurIn\">\n\t\t\t\t<div class=\"col-inner\"  >\n\t\t\t\n\t\t\t\n\t<div id=\"gap-910448976\" class=\"gap-element clearfix\" style=\"display:block; height:auto;\">\n\t\t\n<style>\n#gap-910448976 {\n  padding-top: 13px;\n}\n<\/style>\n\t<\/div>\n\t\n<p style=\"text-align: justify;\">A conclusione del percorso didattico e della fruizione degli strumenti formativi, <strong>ragazze e ragazzi, delle scuole secondarie di I e II grado,<\/strong> hanno l\u2019opportunit\u00e0 di partecipare, come classe, alla challenge creativa: un\u2019occasione per esprimere il proprio punto di vista e la propria sensibilit\u00e0, oltre a cimentarsi nell\u2019ideazione creativa e nella realizzazione pratica di un prodotto originale sulla tematica dell\u2019<strong>inclusione<\/strong>.<\/p>\n<p style=\"text-align: justify; margin-bottom: -20px;\">Studenti e studentesse potranno scegliere di realizzare o un\u00a0<strong>cortometraggio o un breve fumetto originale<\/strong>, che racconti una storia di \u201cdisability shaming\u201d. Presentando entrambi i contenuti diverse fasi di pianificazione, sviluppo e messa a terra per la loro realizzazione, il suggerimento \u00e8 di suddividere la classe in piccoli gruppi, in base agli interessi\/inclinazioni degli studenti, che avranno l\u2019incarico di lavorare ad una di queste fasi specifiche, cos\u00ec che collettivamente, ognuno per la propria parte, possa partecipare alla creazione del progetto.<\/p>\n\t\t<\/div>\n\t\t\t\t\n<style>\n#col-533056122 > .col-inner {\n  margin: 0px 0px -21px 0px;\n}\n<\/style>\n\t<\/div>\n\n\t\n<\/div>\n\t\t<\/div>\n\n\t\t\n<style>\n#section_140390921 {\n  padding-top: 30px;\n  padding-bottom: 30px;\n}\n<\/style>\n\t<\/section>\n\t\n\n\t<section class=\"section\" id=\"section_1768134736\">\n\t\t<div class=\"section-bg fill\" >\n\t\t\t\t\t\t\t\t\t\n\t\t\t\n\n\t\t<\/div>\n\n\t\t\n\n\t\t<div class=\"section-content relative\">\n\t\t\t\n<div class=\"row row-collapse\"  id=\"row-1186778200\">\n\n\t<div id=\"col-532145640\" class=\"col medium-1 small-3 large-1\"  >\n\t\t\t\t<div class=\"col-inner\"  >\n\t\t\t\n\t\t\t\n\t<div class=\"img has-hover x md-x lg-x y md-y lg-y\" id=\"image_505124549\">\n\t\t\t\t\t\t\t\t<div class=\"img-inner dark\" >\n\t\t\t<img loading=\"lazy\" decoding=\"async\" width=\"484\" height=\"272\" src=\"https:\/\/www.educazionedigitale.it\/abbattiamolebarriere\/wp-content\/uploads\/2023\/10\/arr-1.png\" class=\"attachment-original size-original\" alt=\"\" \/>\t\t\t\t\t\t\n\t\t\t\t\t<\/div>\n\t\t\t\t\t\t\t\t\n<style>\n#image_505124549 {\n  width: 60%;\n}\n<\/style>\n\t<\/div>\n\t\n\t\t<\/div>\n\t\t\t\t\t<\/div>\n\n\t\n<\/div>\n\t<div id=\"gap-2081654815\" class=\"gap-element clearfix\" style=\"display:block; height:auto;\">\n\t\t\n<style>\n#gap-2081654815 {\n  padding-top: 10px;\n}\n<\/style>\n\t<\/div>\n\t\n<div class=\"row align-bottom align-center\"  id=\"row-1111432775\">\n\n\t<div id=\"col-95549700\" class=\"col small-12 large-12\"  >\n\t\t\t\t<div class=\"col-inner\"  >\n\t\t\t\n\t\t\t\n<h4 style=\"text-align: left;\"><strong>Il cortometraggio<\/strong><\/h4>\n<p style=\"text-align: justify;\">Il corto, o cortometraggio, \u00e8 un prodotto artistico in video di breve durata, che riesce a veicolare un messaggio, un\u2019idea, una storia anche in pochi minuti. Il corto da realizzare dovr\u00e0 essere girato con uno smartphone e avere una durata minima di 3 minuti fino ad un massimo di 10 minuti.<\/p>\n\t\t<\/div>\n\t\t\t\t\n<style>\n#col-95549700 > .col-inner {\n  margin: 0px 0px -20px 0px;\n}\n<\/style>\n\t<\/div>\n\n\t\n\n\t<div id=\"col-1518219274\" class=\"col medium-6 small-12 large-6\"  >\n\t\t\t\t<div class=\"col-inner text-right\"  >\n\t\t\t\n\t\t\t\n<p style=\"text-align: justify;\">Le fasi di produzione di un cortometraggio sono essenzialmente quattro:<\/p>\n<ul>\n<li style=\"text-align: justify;\"><strong><span style=\"color: #ed1c24;\">Sviluppo di un\u2019idea.<\/span><\/strong> Scegliete, come gruppo, l\u2019idea che volete realizzare e iniziate a stendere un soggetto e una sceneggiatura, con indicazioni del tempo e del luogo della storia, della durata, dei personaggi e delle azioni principali;<\/li>\n<li style=\"text-align: justify;\"><strong><span style=\"color: #f99b1c;\">Pre-produzione.<\/span><\/strong> Questo \u00e8 il momento di fare i casting per i ruoli del cortometraggio e scegliere le location in cui girare;<\/li>\n<li style=\"text-align: justify;\"><strong><span style=\"color: #2261ba;\">Lavorazione.<\/span><\/strong> Ciak, si gira! Tutto ci\u00f2 che avete ipotizzato, progettato e pianificato prender\u00e0 vita durante le riprese. Prendetevi tutto il tempo per girare le scene, anche provando pi\u00f9 di una volta;<\/li>\n<li style=\"text-align: justify;\"><strong>Post-produzione.<\/strong> Tutto il materiale raccolto dovr\u00e0 essere ora sistemato e montato, per arrivare al prodotto finale.<\/li>\n<\/ul>\n\t\t<\/div>\n\t\t\t\t\n<style>\n#col-1518219274 > .col-inner {\n  margin: 0px 0px -10px 0px;\n}\n<\/style>\n\t<\/div>\n\n\t\n\n\t<div id=\"col-146285633\" class=\"col medium-6 small-12 large-6\"  data-animate=\"blurIn\">\n\t\t\t\t<div class=\"col-inner\"  >\n\t\t\t\n\t\t\t\n\n<p><video width=\"100%\"  controls poster=\"https:\/\/www.educazionedigitale.it\/abbattiamolebarriere\/wp-content\/uploads\/2023\/11\/leoposter.png\"><source src=\"https:\/\/www.educazionedigitale.it\/abbattiamolebarriere\/wp-content\/uploads\/2023\/11\/AIAS_GULLOTTA_1-minuto_SOCIAL.mp4\" type=\"video\/mp4\"><\/video><br \/>\n\n\t\t<\/div>\n\t\t\t\t\t<\/div>\n\n\t\n<\/div>\n\t<div id=\"gap-659916106\" class=\"gap-element clearfix\" style=\"display:block; height:auto;\">\n\t\t\n<style>\n#gap-659916106 {\n  padding-top: 30px;\n}\n<\/style>\n\t<\/div>\n\t\n\t\t<\/div>\n\n\t\t\n<style>\n#section_1768134736 {\n  padding-top: 0px;\n  padding-bottom: 0px;\n  background-color: rgb(232, 232, 232);\n}\n<\/style>\n\t<\/section>\n\t\n\n\t<section class=\"section\" id=\"section_28557714\">\n\t\t<div class=\"section-bg fill\" >\n\t\t\t\t\t\t\t\t\t\n\t\t\t\n\n\t\t<\/div>\n\n\t\t\n\n\t\t<div class=\"section-content relative\">\n\t\t\t\n<div class=\"row row-collapse align-right\"  id=\"row-939853853\">\n\n\t<div id=\"col-145123348\" class=\"col medium-1 small-3 large-1\"  >\n\t\t\t\t<div class=\"col-inner\"  >\n\t\t\t\n\t\t\t\n\t<div class=\"img has-hover x md-x lg-x y md-y lg-y\" id=\"image_1960745500\">\n\t\t\t\t\t\t\t\t<div class=\"img-inner dark\" >\n\t\t\t<img loading=\"lazy\" decoding=\"async\" width=\"483\" height=\"272\" src=\"https:\/\/www.educazionedigitale.it\/abbattiamolebarriere\/wp-content\/uploads\/2023\/10\/arr-2.png\" class=\"attachment-original size-original\" alt=\"\" \/>\t\t\t\t\t\t\n\t\t\t\t\t<\/div>\n\t\t\t\t\t\t\t\t\n<style>\n#image_1960745500 {\n  width: 60%;\n}\n<\/style>\n\t<\/div>\n\t\n\t\t<\/div>\n\t\t\t\t\t<\/div>\n\n\t\n<\/div>\n\t<div id=\"gap-1507534140\" class=\"gap-element clearfix\" style=\"display:block; height:auto;\">\n\t\t\n<style>\n#gap-1507534140 {\n  padding-top: 10px;\n}\n<\/style>\n\t<\/div>\n\t\n<div class=\"row\"  id=\"row-1602792072\">\n\n\t<div id=\"col-1451207452\" class=\"col medium-4 small-12 large-4\"  data-animate=\"blurIn\">\n\t\t\t\t<div class=\"col-inner\"  >\n\t\t\t\n\t\t\t\n\t<div class=\"img has-hover x md-x lg-x y md-y lg-y\" id=\"image_1676837527\">\n\t\t\t\t\t\t\t\t<div class=\"img-inner image-cover dark\" style=\"padding-top:490px;\">\n\t\t\t<img loading=\"lazy\" decoding=\"async\" width=\"2560\" height=\"1707\" src=\"https:\/\/www.educazionedigitale.it\/abbattiamolebarriere\/wp-content\/uploads\/2023\/10\/artist-drawing-anime-comic-book-studio-wooden-desk-natural-light-scaled.jpg\" class=\"attachment-original size-original\" alt=\"\" srcset=\"https:\/\/www.educazionedigitale.it\/abbattiamolebarriere\/wp-content\/uploads\/2023\/10\/artist-drawing-anime-comic-book-studio-wooden-desk-natural-light-scaled.jpg 2560w, https:\/\/www.educazionedigitale.it\/abbattiamolebarriere\/wp-content\/uploads\/2023\/10\/artist-drawing-anime-comic-book-studio-wooden-desk-natural-light-800x533.jpg 800w, https:\/\/www.educazionedigitale.it\/abbattiamolebarriere\/wp-content\/uploads\/2023\/10\/artist-drawing-anime-comic-book-studio-wooden-desk-natural-light-1600x1067.jpg 1600w, https:\/\/www.educazionedigitale.it\/abbattiamolebarriere\/wp-content\/uploads\/2023\/10\/artist-drawing-anime-comic-book-studio-wooden-desk-natural-light-768x512.jpg 768w, https:\/\/www.educazionedigitale.it\/abbattiamolebarriere\/wp-content\/uploads\/2023\/10\/artist-drawing-anime-comic-book-studio-wooden-desk-natural-light-1536x1024.jpg 1536w, https:\/\/www.educazionedigitale.it\/abbattiamolebarriere\/wp-content\/uploads\/2023\/10\/artist-drawing-anime-comic-book-studio-wooden-desk-natural-light-2048x1365.jpg 2048w\" sizes=\"auto, (max-width: 2560px) 100vw, 2560px\" \/>\t\t\t\t\t\t\n\t\t\t\t\t<\/div>\n\t\t\t\t\t\t\t\t\n<style>\n#image_1676837527 {\n  width: 100%;\n}\n<\/style>\n\t<\/div>\n\t\n\t\t<\/div>\n\t\t\t\t\n<style>\n#col-1451207452 > .col-inner {\n  margin: 0px 0px -20px 0px;\n}\n<\/style>\n\t<\/div>\n\n\t\n\n\t<div id=\"col-1175218247\" class=\"col medium-8 small-12 large-8\"  >\n\t\t\t\t<div class=\"col-inner text-right\"  >\n\t\t\t\n\t\t\t\n<h4 style=\"text-align: left;\"><strong>Il fumetto<\/strong><\/h4>\n<h5 style=\"text-align: left;\">Il fumetto breve<\/h5>\n<p style=\"text-align: left;\">Il fumetto \u00e8 un\u2019espressione artistica formata da pi\u00f9 codici, costituiti principalmente da immagini e testo.<br \/>\nIn questo caso, per il progetto \u201cfumetto breve\u201d si chiede alla classe di lavorare a:<\/p>\n<ul style=\"text-align: justify;\">\n<li><strong>Sviluppo di un plot.<\/strong> Scrivete la trama della vostra storia per iscritto, raccontando tutti gli avvenimenti salienti per una lunghezza massima di una pagina.<\/li>\n<li><strong>Realizzazione del fumetto. <\/strong>Disegnate il fumetto in massimo n.2 pagine, formato verticale, con un massimo di n.6 vignette per pagina. Dovranno essere realizzate in forma definitiva almeno n.2 vignette, le rimanenti potranno essere presentate in forma di bozza, ma dovranno avere comunque tutti gli elementi principali per comprendere la vignetta, come ad esempio: personaggi, sfondo ed eventuali nuvolette.<\/li>\n<\/ul>\n<p style=\"text-align: justify;\">Plot testuale e fumetto dovranno essere presentati in un unico documento in formato pdf per un totale massimo di n.3 pagine.<\/p>\n<p style=\"text-align: justify;\">Anche per il fumetto, sar\u00e0 essenziale stabilire, fin dall\u2019inizio del progetto, gli elementi \u00a0base quali: l\u2019<strong>idea centrale, il conflitto, una struttura\u00a0<\/strong>che abbia un<strong>\u00a0incipit,\u00a0<\/strong>uno\u00a0<strong>sviluppo\u00a0<\/strong>e una<strong>\u00a0fine, il punto di vista narrativo, il tono e la conclusione.<\/strong><\/p>\n\t\t<\/div>\n\t\t\t\t\n<style>\n#col-1175218247 > .col-inner {\n  margin: 0px 0px -25px 0px;\n}\n<\/style>\n\t<\/div>\n\n\t\n<\/div>\n\t<div id=\"gap-1522358079\" class=\"gap-element clearfix\" style=\"display:block; height:auto;\">\n\t\t\n<style>\n#gap-1522358079 {\n  padding-top: 30px;\n}\n<\/style>\n\t<\/div>\n\t\n\t\t<\/div>\n\n\t\t\n<style>\n#section_28557714 {\n  padding-top: 0px;\n  padding-bottom: 0px;\n  background-color: rgb(194, 219, 237);\n}\n<\/style>\n\t<\/section>\n\t\n\n\t<section class=\"section has-parallax\" id=\"section_477072027\">\n\t\t<div class=\"section-bg fill\" data-parallax-container=\".section\" data-parallax-background data-parallax=\"-5\">\n\t\t\t<img loading=\"lazy\" decoding=\"async\" width=\"2560\" height=\"1707\" src=\"https:\/\/www.educazionedigitale.it\/abbattiamolebarriere\/wp-content\/uploads\/2023\/10\/young-student-preparing-exams-scaled.jpg\" class=\"bg attachment- size-\" alt=\"\" \/>\t\t\t\t\t\t<div class=\"section-bg-overlay absolute fill\"><\/div>\n\t\t\t\n\n\t\t<\/div>\n\n\t\t\n\n\t\t<div class=\"section-content relative\">\n\t\t\t\n<div class=\"row row-collapse\"  id=\"row-1897974433\">\n\n\t<div id=\"col-1134696170\" class=\"col medium-1 small-3 large-1\"  >\n\t\t\t\t<div class=\"col-inner\"  >\n\t\t\t\n\t\t\t\n\t<div class=\"img has-hover x md-x lg-x y md-y lg-y\" id=\"image_1068005149\">\n\t\t\t\t\t\t\t\t<div class=\"img-inner dark\" >\n\t\t\t<img loading=\"lazy\" decoding=\"async\" width=\"483\" height=\"272\" src=\"https:\/\/www.educazionedigitale.it\/abbattiamolebarriere\/wp-content\/uploads\/2023\/10\/arr4.png\" class=\"attachment-original size-original\" alt=\"\" \/>\t\t\t\t\t\t\n\t\t\t\t\t<\/div>\n\t\t\t\t\t\t\t\t\n<style>\n#image_1068005149 {\n  width: 60%;\n}\n<\/style>\n\t<\/div>\n\t\n\t\t<\/div>\n\t\t\t\t\t<\/div>\n\n\t\n<\/div>\n\t<div id=\"gap-649050761\" class=\"gap-element clearfix\" style=\"display:block; height:auto;\">\n\t\t\n<style>\n#gap-649050761 {\n  padding-top: 10px;\n}\n<\/style>\n\t<\/div>\n\t\n<div class=\"row\"  id=\"row-1985703459\">\n\n\t<div id=\"col-1764879090\" class=\"col large-12\"  >\n\t\t\t\t<div class=\"col-inner text-right\"  >\n\t\t\t\n\t\t\t\n\t<div id=\"text-3210607645\" class=\"text\">\n\t\t\n<p style=\"text-align: justify;\"><strong>Iscrizione delle classi alla challenge dal 17 Dicembre 2024 al  28 Maggio 2025.\u00a0<\/strong>Gli elaborati andranno caricati sulla piattaforma, sotto forma di file mp4 o PDF. I lavori degli studenti verranno valutati dalla giuria composta da: medici esperti, sceneggiatori del team Giffoni Innovation Hub e staff di Educazione Digitale, i quali eleggeranno gli elaborati ritenuti migliori per ciascuna categoria in base ai seguenti criteri:<\/p>\n<ol>\n<li style=\"text-align: left;\"><strong>adeguatezza e pertinenza al tema;<\/strong><\/li>\n<li style=\"text-align: left;\"><strong>originalit\u00e0, creativit\u00e0, abilit\u00e0 narrative e comunicative;<\/strong><\/li>\n<li style=\"text-align: left;\"><strong>realizzazione tecnica.<\/strong><\/li>\n<\/ol>\n\t\t\n<style>\n#text-3210607645 {\n  color: rgb(255,255,255);\n}\n#text-3210607645 > * {\n  color: rgb(255,255,255);\n}\n<\/style>\n\t<\/div>\n\t\n\t<div id=\"gap-704071730\" class=\"gap-element clearfix\" style=\"display:block; height:auto;\">\n\t\t\n<style>\n#gap-704071730 {\n  padding-top: 15px;\n}\n<\/style>\n\t<\/div>\n\t\n<div class=\"row\"  id=\"row-261216107\">\n\n\t<div id=\"col-930154373\" class=\"col small-12 large-12\"  >\n\t\t\t\t<div class=\"col-inner text-center\" style=\"background-color:#013a68;\" >\n\t\t\t\n\t\t\t\n\t<div id=\"text-3021596727\" class=\"text\">\n\t\t\n<p style=\"text-align: center; font-size: 150%; margin-bottom: 0px; margin-top: 5px;\">\n<strong><span style=\"padding: 4px 6px 4px 6px; margin: 2px; background-color: #fde53f; border-radius: 12px; color: #0e4bc5;\">NOVIT\u00c0<\/span><\/strong> Iscrizione delle classi alla challenge prorogata fino al <strong>28 Maggio 2025<\/strong>. <\/p>\n<p style=\"text-align: center; font-size: 130%; margin-bottom: 0px; margin-top: 10px;\">\n<strong>Selezione vincitori: entro il <u>30 Maggio 2025<\/u>.<br \/>\nComunicazione alle scuole: entro il <u>7 Giugno 2025<\/u>.<\/strong><\/p>\n\t\t\n<style>\n#text-3021596727 {\n  color: rgb(255,255,255);\n}\n#text-3021596727 > * {\n  color: rgb(255,255,255);\n}\n<\/style>\n\t<\/div>\n\t\n\t\t<\/div>\n\t\t\t\t\n<style>\n#col-930154373 > .col-inner {\n  padding: 10px 10px 10px 10px;\n}\n<\/style>\n\t<\/div>\n\n\t\n<\/div>\n\t<div id=\"text-287404571\" class=\"text\">\n\t\t\n<h5 style=\"text-align: left; color:#fff!important;\">IL PREMIO<\/h5>\n<p style=\"text-align: justify;\"><strong>Le classi autrici dei 4 progetti vincitori<\/strong> (secondarie di I grado: 1 classe per la categoria \u2018\u2019cortometraggio\u2019\u2019 e 1 per la categoria \u201cfumetto\u201d; secondarie di II grado: 1 classe per la categoria \u201ccortometraggio\u201d e 1 per la categoria \u201cfumetto\u201d), insieme ai relativi insegnanti, verranno invitate all\u2019<strong>evento speciale di Giffoni Innovation Hub<\/strong> dedicato al mondo della Scuola. L\u2019evento si terr\u00e0 in occasione del <strong>Giffoni Film Festival, <\/strong>che avr\u00e0 luogo <strong>tra il 17 e il 26 luglio 2025 presso la Multimedia Valley di Giffoni Valle Piana (SA).<\/strong> Ulteriori dettagli verranno comunicati in prossimit\u00e0 dell\u2019iniziativa. Ad ogni classe vincitrice, che presenzier\u00e0 alla premiazione, sar\u00e0 riconosciuto un rimborso spese per la logistica (viaggi, vitto, alloggio) pari a <strong>1.000\u20ac.<\/strong><\/p>\n\t\t\n<style>\n#text-287404571 {\n  color: rgb(255,255,255);\n}\n#text-287404571 > * {\n  color: rgb(255,255,255);\n}\n<\/style>\n\t<\/div>\n\t\n\t\t<\/div>\n\t\t\t\t\n<style>\n#col-1764879090 > .col-inner {\n  margin: 0px 0px -25px 0px;\n}\n<\/style>\n\t<\/div>\n\n\t\n<\/div>\n\t<div id=\"gap-1861751156\" class=\"gap-element clearfix\" style=\"display:block; height:auto;\">\n\t\t\n<style>\n#gap-1861751156 {\n  padding-top: 30px;\n}\n<\/style>\n\t<\/div>\n\t\n\t\t<\/div>\n\n\t\t\n<style>\n#section_477072027 {\n  padding-top: 0px;\n  padding-bottom: 0px;\n  background-color: #336699;\n}\n#section_477072027 .section-bg-overlay {\n  background-color: rgba(51, 102, 153, 0.901);\n}\n#section_477072027 .section-bg img {\n  object-position: 0% 0%;\n}\n<\/style>\n\t<\/section>\n\t\n\n\t<section class=\"section\" id=\"section_1848932794\">\n\t\t<div class=\"section-bg fill\" >\n\t\t\t\t\t\t\t\t\t\n\t\t\t\n\n\t\t<\/div>\n\n\t\t\n\n\t\t<div class=\"section-content relative\">\n\t\t\t\n<div class=\"row row-collapse align-center\"  id=\"row-1304186150\">\n\n\t<div id=\"col-823455543\" class=\"col medium-1 small-3 large-1\"  >\n\t\t\t\t<div class=\"col-inner text-center\"  >\n\t\t\t\n\t\t\t\n\t<div class=\"img has-hover x md-x lg-x y md-y lg-y\" id=\"image_337069868\">\n\t\t\t\t\t\t\t\t<div class=\"img-inner dark\" >\n\t\t\t<img loading=\"lazy\" decoding=\"async\" width=\"483\" height=\"272\" src=\"https:\/\/www.educazionedigitale.it\/abbattiamolebarriere\/wp-content\/uploads\/2023\/10\/arr4.png\" class=\"attachment-original size-original\" alt=\"\" \/>\t\t\t\t\t\t\n\t\t\t\t\t<\/div>\n\t\t\t\t\t\t\t\t\n<style>\n#image_337069868 {\n  width: 60%;\n}\n<\/style>\n\t<\/div>\n\t\n\t\t<\/div>\n\t\t\t\t\t<\/div>\n\n\t\n<\/div>\n\n\t<div id=\"col-1446629294\" class=\"col small-12 large-12\"  >\n\t\t\t\t<div class=\"col-inner text-center\"  >\n\t\t\t\n\t\t\t\n<a href=\"https:\/\/www.educazionedigitale.it\/abbattiamolebarriere\/wp-content\/uploads\/2023\/11\/AIAS-barriere-regolamento.pdf\" target=\"_blank\" class=\"button primary is-xlarge hidden\" rel=\"noopener\" >\n\t\t<span>SCARICA E LEGGI IL REGOLAMENTO<\/span>\n\t<\/a>\n\n<a href=\"https:\/\/www.educazionedigitale.it\/abbattiamolebarriere\/challenge-caricamento-elaborati\/\" class=\"button primary is-xlarge hidden\" >\n\t\t<span>ISCRIVI LE TUE CLASSI<\/span>\n\t<\/a>\n\n<div class=\"row row-collapse\"  id=\"row-1847135738\">\n\n\t<div id=\"col-973425428\" class=\"col small-12 large-12\"  >\n\t\t\t\t<div class=\"col-inner\"  >\n\t\t\t\n\t\t\t\n\t<div id=\"gap-214426632\" class=\"gap-element clearfix\" style=\"display:block; height:auto;\">\n\t\t\n<style>\n#gap-214426632 {\n  padding-top: 30px;\n}\n<\/style>\n\t<\/div>\n\t\n\t<div id=\"text-1181464991\" class=\"text\">\n\t\t\n<h2>CONCORSO CONCLUSO<\/h2>\n\t\t\n<style>\n#text-1181464991 {\n  text-align: center;\n}\n<\/style>\n\t<\/div>\n\t\n<a href=\"#vincitori\" target=\"_blank\" class=\"button primary is-xlarge\" rel=\"noopener\" >\n\t<i class=\"icon-star\" aria-hidden=\"true\"><\/i>\t<span>SCOPRI I VINCITORI DEL CONCORSO ABBATTIAMO LE BARRIERE 2024-2025<\/span>\n\t<\/a>\n\n\t<div id=\"gap-2091508309\" class=\"gap-element clearfix\" style=\"display:block; height:auto;\">\n\t\t\n<style>\n#gap-2091508309 {\n  padding-top: 87px;\n}\n<\/style>\n\t<\/div>\n\t\n\t\t<\/div>\n\t\t\t\t\t<\/div>\n\n\t\n<\/div>\n\t\t<\/div>\n\t\t\t\t\n<style>\n#col-1446629294 > .col-inner {\n  margin: 10px 0px 30px 0px;\n}\n<\/style>\n\t<\/div>\n\n\t\n\t<div id=\"vincitori\"\n\t     class=\"lightbox-by-id lightbox-content mfp-hide lightbox-white \"\n\t     style=\"max-width:650px ;padding:20px\">\n\t\t<div class=\"row\"  id=\"row-203792360\">\n\n\t<div id=\"col-1048175496\" class=\"col small-12 large-12\"  >\n\t\t\t\t<div class=\"col-inner\"  >\n\t\t\t\n\t\t\t\n<h3 style=\"text-align: center; font-size:150%\"><strong>Vincitori del Concorso \u201cAbbattiamo le barriere\u201d <\/strong><strong>edizione a.s. 2024-2025<\/strong><\/h3>\n<h4 style=\"text-align: center;\"><strong>CORTOMETRAGGIO<\/strong><\/h4>\n<p style=\"text-align: center; margin-bottom:0px\">5^B \u2013 I.T.C.G CARLO ALBERTO DALLA CHIESA\u00a0di Partinico (PA)<\/p>\n<p style=\"text-align: center;  margin-bottom:0px\">Titolo dell\u2019elaborato: <strong>Marco Vola<\/strong><\/p>\n<p style=\"text-align: center;\">Docente referente: Franca Longo<\/p>\n<p style=\"text-align: center;  margin-bottom:0px\">2^A \u2013 Istituto BONORIS AUDIOFONETICA di Brescia (BS)<\/p>\n<p style=\"text-align: center;  margin-bottom:0px\">Titolo dell\u2019elaborato: <strong>Il silenzio che parla<\/strong><\/p>\n<p style=\"text-align: center;\">Docente referente: Paola Croset<\/p>\n<p style=\"text-align: center;  margin-bottom:0px\">1^E \u2013 Istituto Comprensivo Giovanni XXIII &#8211; Caminiti di Villa San Giovanni (RC)<\/p>\n<p style=\"text-align: center; margin-bottom:0px\">Titolo dell\u2019elaborato: <strong>Nel silenzio di un gesto<\/strong><\/p>\n<p style=\"text-align: center;\">Docente referente: Giovanna Vizzari<\/p>\n\t\t<\/div>\n\t\t\t\t\t<\/div>\n\n\t\n<\/div>\t<\/div>\n\t\n\t\n\t\t<\/div>\n\n\t\t\n<style>\n#section_1848932794 {\n  padding-top: 0px;\n  padding-bottom: 0px;\n}\n<\/style>\n\t<\/section>\n\t\n","protected":false},"excerpt":{"rendered":"","protected":false},"author":27,"featured_media":0,"parent":0,"menu_order":0,"comment_status":"closed","ping_status":"closed","template":"page-blank.php","meta":{"_monsterinsights_skip_tracking":false,"_monsterinsights_sitenote_active":false,"_monsterinsights_sitenote_note":"","_monsterinsights_sitenote_category":0,"footnotes":""},"class_list":["post-4238","page","type-page","status-publish","hentry"],"_links":{"self":[{"href":"https:\/\/www.educazionedigitale.it\/abbattiamolebarriere\/wp-json\/wp\/v2\/pages\/4238","targetHints":{"allow":["GET"]}}],"collection":[{"href":"https:\/\/www.educazionedigitale.it\/abbattiamolebarriere\/wp-json\/wp\/v2\/pages"}],"about":[{"href":"https:\/\/www.educazionedigitale.it\/abbattiamolebarriere\/wp-json\/wp\/v2\/types\/page"}],"author":[{"embeddable":true,"href":"https:\/\/www.educazionedigitale.it\/abbattiamolebarriere\/wp-json\/wp\/v2\/users\/27"}],"replies":[{"embeddable":true,"href":"https:\/\/www.educazionedigitale.it\/abbattiamolebarriere\/wp-json\/wp\/v2\/comments?post=4238"}],"version-history":[{"count":3,"href":"https:\/\/www.educazionedigitale.it\/abbattiamolebarriere\/wp-json\/wp\/v2\/pages\/4238\/revisions"}],"predecessor-version":[{"id":6427,"href":"https:\/\/www.educazionedigitale.it\/abbattiamolebarriere\/wp-json\/wp\/v2\/pages\/4238\/revisions\/6427"}],"wp:attachment":[{"href":"https:\/\/www.educazionedigitale.it\/abbattiamolebarriere\/wp-json\/wp\/v2\/media?parent=4238"}],"curies":[{"name":"wp","href":"https:\/\/api.w.org\/{rel}","templated":true}]}}