{"id":6369,"date":"2024-12-16T15:18:55","date_gmt":"2024-12-16T14:18:55","guid":{"rendered":"https:\/\/www.educazionedigitale.it\/abbattiamolebarriere\/?page_id=6369"},"modified":"2024-12-16T15:20:37","modified_gmt":"2024-12-16T14:20:37","slug":"il-progetto","status":"publish","type":"page","link":"https:\/\/www.educazionedigitale.it\/abbattiamolebarriere\/il-progetto\/","title":{"rendered":"Il Progetto"},"content":{"rendered":"\t<div id=\"gap-1840764620\" class=\"gap-element clearfix\" style=\"display:block; height:auto;\">\n\t\t\n<style>\n#gap-1840764620 {\n  padding-top: 97px;\n}\n<\/style>\n\t<\/div>\n\t\n\n  <div class=\"banner has-hover banner-home\" id=\"banner-2032576554\">\n          <div class=\"banner-inner fill\">\n        <div class=\"banner-bg fill\" >\n            <img loading=\"lazy\" decoding=\"async\" width=\"1919\" height=\"250\" src=\"https:\/\/www.educazionedigitale.it\/abbattiamolebarriere\/wp-content\/uploads\/2023\/10\/b-1.png\" class=\"bg attachment-original size-original\" alt=\"\" \/>                                    \n                    <\/div>\n\t\t\n        <div class=\"banner-layers container\">\n            <div class=\"fill banner-link\"><\/div>            \n   <div id=\"text-box-1290137918\" class=\"text-box banner-layer x100 md-x100 lg-x100 y95 md-y95 lg-y95 res-text\">\n                                <div class=\"text-box-content text dark\">\n              \n              <div class=\"text-inner text-right\">\n                  \n\t<div id=\"text-238540392\" class=\"text\">\n\t\t\n<h2>Disabilit\u00e0 e inclusione: <br \/>parliamo di relazioni e di tempo<\/h2>\n\t\t\n<style>\n#text-238540392 {\n  font-size: 0.75rem;\n}\n<\/style>\n\t<\/div>\n\t\n              <\/div>\n           <\/div>\n                            \n<style>\n#text-box-1290137918 {\n  width: 60%;\n}\n#text-box-1290137918 .text-box-content {\n  font-size: 100%;\n}\n@media (min-width:550px) {\n  #text-box-1290137918 {\n    width: 56%;\n  }\n}\n<\/style>\n    <\/div>\n \n        <\/div>\n      <\/div>\n\n            \n<style>\n#banner-2032576554 {\n  padding-top: 202px;\n}\n#banner-2032576554 .banner-bg img {\n  object-position: 0% 100%;\n}\n<\/style>\n  <\/div>\n\n\n\n\t<section class=\"section\" id=\"section_697041293\">\n\t\t<div class=\"section-bg fill\" >\n\t\t\t\t\t\t\t\t\t\n\t\t\t\n\n\t\t<\/div>\n\n\t\t\n\n\t\t<div class=\"section-content relative\">\n\t\t\t\n<div class=\"row\"  id=\"row-260449823\">\n\n\t<div id=\"col-1575057186\" class=\"col small-12 large-12\"  data-animate=\"blurIn\">\n\t\t\t\t<div class=\"col-inner\"  >\n\t\t\t\n\t\t\t\n\t<div id=\"gap-909537772\" class=\"gap-element clearfix\" style=\"display:block; height:auto;\">\n\t\t\n<style>\n#gap-909537772 {\n  padding-top: 13px;\n}\n<\/style>\n\t<\/div>\n\t\n<p style=\"text-align: justify; margin-bottom:-20px\">Il percorso didattico ha l\u2019obiettivo di aiutare ragazze e ragazzi, che si trovano nella fase preadolescenziale ed adolescenziale, a <strong>capire <\/strong>cosa voglia dire <strong>inclusione. <\/strong>Prima di tutto l&#8217;inclusione implica <strong>un\u2019azione attiva di accoglienza<\/strong> e di riconoscimento della diversit\u00e0. Non, quindi, una passiva accettazione ma un <strong>muoversi verso <\/strong>per ricomprendere.<\/p>\n\t\t<\/div>\n\t\t\t\t\n<style>\n#col-1575057186 > .col-inner {\n  margin: 0px 0px -21px 0px;\n}\n<\/style>\n\t<\/div>\n\n\t\n<\/div>\n\t\t<\/div>\n\n\t\t\n<style>\n#section_697041293 {\n  padding-top: 30px;\n  padding-bottom: 30px;\n}\n<\/style>\n\t<\/section>\n\t\n\n\t<section class=\"section\" id=\"section_80984952\">\n\t\t<div class=\"section-bg fill\" >\n\t\t\t\t\t\t\t\t\t\n\t\t\t\n\n\t\t<\/div>\n\n\t\t\n\n\t\t<div class=\"section-content relative\">\n\t\t\t\n<div class=\"row row-collapse\"  id=\"row-1010584385\">\n\n\t<div id=\"col-1800684346\" class=\"col medium-1 small-3 large-1\"  >\n\t\t\t\t<div class=\"col-inner\"  >\n\t\t\t\n\t\t\t\n\t<div class=\"img has-hover x md-x lg-x y md-y lg-y\" id=\"image_1695308706\">\n\t\t\t\t\t\t\t\t<div class=\"img-inner dark\" >\n\t\t\t<img loading=\"lazy\" decoding=\"async\" width=\"484\" height=\"272\" src=\"https:\/\/www.educazionedigitale.it\/abbattiamolebarriere\/wp-content\/uploads\/2023\/10\/arr-1.png\" class=\"attachment-original size-original\" alt=\"\" \/>\t\t\t\t\t\t\n\t\t\t\t\t<\/div>\n\t\t\t\t\t\t\t\t\n<style>\n#image_1695308706 {\n  width: 60%;\n}\n<\/style>\n\t<\/div>\n\t\n\t\t<\/div>\n\t\t\t\t\t<\/div>\n\n\t\n<\/div>\n\t<div id=\"gap-1959427256\" class=\"gap-element clearfix\" style=\"display:block; height:auto;\">\n\t\t\n<style>\n#gap-1959427256 {\n  padding-top: 10px;\n}\n<\/style>\n\t<\/div>\n\t\n<div class=\"row\"  id=\"row-1577788564\">\n\n\t<div id=\"col-1709010530\" class=\"col medium-8 small-12 large-8\"  >\n\t\t\t\t<div class=\"col-inner text-right\"  >\n\t\t\t\n\t\t\t\n<p style=\"text-align: justify;\">Ma muoversi come?<br \/>\nQuest\u2019anno AIAS vuole stimolare un punto di vista diverso. Quando infatti per qualsiasi ragione si ha a che fare con persone che hanno una disabilit\u00e0, <strong>il tempo,<\/strong> il ritmo delle azioni si dilata maggiormente,<em> <strong>tutto diventa slow.<\/strong><\/em> Quindi il muoversi che abbiamo in mente \u00e8 diverso dal solito. \u00c8 lento! Strano vero sentirlo dire nell\u2019epoca della velocit\u00e0. Tutti noi, infatti, diciamo spesso \u201cnon ho tempo\u201d, \u201cscusami ma sono di fretta\u201d e via di questo passo. Un\u2019autentica inclusione richiede invece prima di tutto di rallentare la frenesia del fare ad ogni costo, del fare presto, senza tenere conto dei tempi di ciascuno.<br \/>\nQuesto impareremo a fare ragazzi a RALLENTARE!<\/p>\n\t\t<\/div>\n\t\t\t\t\n<style>\n#col-1709010530 > .col-inner {\n  margin: 0px 0px -25px 0px;\n}\n<\/style>\n\t<\/div>\n\n\t\n\n\t<div id=\"col-794393181\" class=\"col medium-4 small-12 large-4\"  data-animate=\"blurIn\">\n\t\t\t\t<div class=\"col-inner\"  >\n\t\t\t\n\t\t\t\n\t<div class=\"img has-hover x md-x lg-x y md-y lg-y\" id=\"image_1328675432\">\n\t\t\t\t\t\t\t\t<div class=\"img-inner image-cover dark\" style=\"padding-top:219px;\">\n\t\t\t<img loading=\"lazy\" decoding=\"async\" width=\"2550\" height=\"1617\" src=\"https:\/\/www.educazionedigitale.it\/abbattiamolebarriere\/wp-content\/uploads\/2024\/12\/disabilita2-scaled-e1733905472935.jpg\" class=\"attachment-original size-original\" alt=\"\" srcset=\"https:\/\/www.educazionedigitale.it\/abbattiamolebarriere\/wp-content\/uploads\/2024\/12\/disabilita2-scaled-e1733905472935.jpg 2550w, https:\/\/www.educazionedigitale.it\/abbattiamolebarriere\/wp-content\/uploads\/2024\/12\/disabilita2-scaled-e1733905472935-800x507.jpg 800w, https:\/\/www.educazionedigitale.it\/abbattiamolebarriere\/wp-content\/uploads\/2024\/12\/disabilita2-scaled-e1733905472935-1600x1015.jpg 1600w, https:\/\/www.educazionedigitale.it\/abbattiamolebarriere\/wp-content\/uploads\/2024\/12\/disabilita2-scaled-e1733905472935-768x487.jpg 768w, https:\/\/www.educazionedigitale.it\/abbattiamolebarriere\/wp-content\/uploads\/2024\/12\/disabilita2-scaled-e1733905472935-1536x974.jpg 1536w, https:\/\/www.educazionedigitale.it\/abbattiamolebarriere\/wp-content\/uploads\/2024\/12\/disabilita2-scaled-e1733905472935-2048x1299.jpg 2048w\" sizes=\"auto, (max-width: 2550px) 100vw, 2550px\" \/>\t\t\t\t\t\t\n\t\t\t\t\t<\/div>\n\t\t\t\t\t\t\t\t\n<style>\n#image_1328675432 {\n  width: 100%;\n}\n<\/style>\n\t<\/div>\n\t\n\t\t<\/div>\n\t\t\t\t\n<style>\n#col-794393181 > .col-inner {\n  margin: 0px 0px -20px 0px;\n}\n<\/style>\n\t<\/div>\n\n\t\n<\/div>\n\t<div id=\"gap-555100786\" class=\"gap-element clearfix\" style=\"display:block; height:auto;\">\n\t\t\n<style>\n#gap-555100786 {\n  padding-top: 30px;\n}\n<\/style>\n\t<\/div>\n\t\n\t\t<\/div>\n\n\t\t\n<style>\n#section_80984952 {\n  padding-top: 0px;\n  padding-bottom: 0px;\n  background-color: rgb(232, 232, 232);\n}\n<\/style>\n\t<\/section>\n\t\n\n\t<section class=\"section has-parallax\" id=\"section_211470328\">\n\t\t<div class=\"section-bg fill\" data-parallax-container=\".section\" data-parallax-background data-parallax=\"-3\">\n\t\t\t<img loading=\"lazy\" decoding=\"async\" width=\"2560\" height=\"1833\" src=\"https:\/\/www.educazionedigitale.it\/abbattiamolebarriere\/wp-content\/uploads\/2023\/10\/diverse-hands-circle-scaled.jpg\" class=\"bg attachment- size-\" alt=\"\" \/>\t\t\t\t\t\t<div class=\"section-bg-overlay absolute fill\"><\/div>\n\t\t\t\n\n\t\t<\/div>\n\n\t\t\n\n\t\t<div class=\"section-content relative\">\n\t\t\t\n<div class=\"row row-collapse\"  id=\"row-489463883\">\n\n\t<div id=\"col-291540958\" class=\"col medium-1 small-3 large-1\"  >\n\t\t\t\t<div class=\"col-inner\"  >\n\t\t\t\n\t\t\t\n\t<div class=\"img has-hover x md-x lg-x y md-y lg-y\" id=\"image_804342802\">\n\t\t\t\t\t\t\t\t<div class=\"img-inner dark\" >\n\t\t\t<img loading=\"lazy\" decoding=\"async\" width=\"483\" height=\"272\" src=\"https:\/\/www.educazionedigitale.it\/abbattiamolebarriere\/wp-content\/uploads\/2023\/10\/arr-2.png\" class=\"attachment-original size-original\" alt=\"\" \/>\t\t\t\t\t\t\n\t\t\t\t\t<\/div>\n\t\t\t\t\t\t\t\t\n<style>\n#image_804342802 {\n  width: 60%;\n}\n<\/style>\n\t<\/div>\n\t\n\t\t<\/div>\n\t\t\t\t\t<\/div>\n\n\t\n<\/div>\n\t<div id=\"gap-1898755867\" class=\"gap-element clearfix\" style=\"display:block; height:auto;\">\n\t\t\n<style>\n#gap-1898755867 {\n  padding-top: 10px;\n}\n<\/style>\n\t<\/div>\n\t\n<div class=\"row\"  id=\"row-253043032\">\n\n\t<div id=\"col-1328594771\" class=\"col large-12\"  >\n\t\t\t\t<div class=\"col-inner text-right\"  >\n\t\t\t\n\t\t\t\n\t<div id=\"text-1568456376\" class=\"text\">\n\t\t\n<p style=\"text-align: justify;\">AIAS considera e ha sempre considerato basilare lo sviluppo di una cultura dei diritti e dell\u2019inclusione e, al contempo, una propensione alla solidariet\u00e0, in cui il coinvolgimento delle scuole e di tutti i suoi attori \u00e8 imprescindibile: \u00e8 da questa condivisa esigenza che nascono le <strong>risorse educative gratuite<\/strong> di \u201cAbbattiamo le barriere. Non pi\u00f9 soli\u201d che, con un approccio e un linguaggio adatti al target delle scuole secondarie, aiutano ad affrontare il tema dell&#8217;inclusione e della partecipazione attiva alla societ\u00e0 delle persone con disabilit\u00e0, i cui diritti umani fondamentali devono essere tutelati e promossi in ogni aspetto della loro vita, dall&#8217;istruzione, al lavoro, alla sfera sociale e affettiva.<\/p>\n<p style=\"text-align: justify;\">Oltre agli strumenti per lo sviluppo di lezioni frontali e interdisciplinari, il percorso offre alle scuole un palinsesto di <strong>webinar formativi gratuiti, videolezioni specialistiche <\/strong>e un <strong>concorso creativo <\/strong>dedicato alle <strong>classi terze delle scuole secondarie di I grado e al quinquennio delle scuole secondarie di II grado,<\/strong> per favorire una <strong>rielaborazione dei contenuti <\/strong>e promuovere la <strong>divulgazione di quanto interiorizzato.<\/strong><\/p>\n\t\t\n<style>\n#text-1568456376 {\n  color: rgb(255,255,255);\n}\n#text-1568456376 > * {\n  color: rgb(255,255,255);\n}\n<\/style>\n\t<\/div>\n\t\n\t<div id=\"gap-1539835663\" class=\"gap-element clearfix\" style=\"display:block; height:auto;\">\n\t\t\n<style>\n#gap-1539835663 {\n  padding-top: 30px;\n}\n<\/style>\n\t<\/div>\n\t\n\t\t<\/div>\n\t\t\t\t\n<style>\n#col-1328594771 > .col-inner {\n  margin: 0px 0px -25px 0px;\n}\n<\/style>\n\t<\/div>\n\n\t\n<\/div>\n\t<div id=\"gap-1139481072\" class=\"gap-element clearfix\" style=\"display:block; height:auto;\">\n\t\t\n<style>\n#gap-1139481072 {\n  padding-top: 30px;\n}\n<\/style>\n\t<\/div>\n\t\n\t\t<\/div>\n\n\t\t\n<style>\n#section_211470328 {\n  padding-top: 0px;\n  padding-bottom: 0px;\n  background-color: #336699;\n}\n#section_211470328 .section-bg-overlay {\n  background-color: rgba(51, 102, 153, 0.901);\n}\n<\/style>\n\t<\/section>\n\t\n\t<div id=\"gap-1991373224\" class=\"gap-element clearfix\" style=\"display:block; height:auto;\">\n\t\t\n<style>\n#gap-1991373224 {\n  padding-top: 47px;\n}\n<\/style>\n\t<\/div>\n\t\n","protected":false},"excerpt":{"rendered":"","protected":false},"author":28,"featured_media":0,"parent":0,"menu_order":0,"comment_status":"closed","ping_status":"closed","template":"page-blank.php","meta":{"_monsterinsights_skip_tracking":false,"_monsterinsights_sitenote_active":false,"_monsterinsights_sitenote_note":"","_monsterinsights_sitenote_category":0,"footnotes":""},"class_list":["post-6369","page","type-page","status-publish","hentry"],"_links":{"self":[{"href":"https:\/\/www.educazionedigitale.it\/abbattiamolebarriere\/wp-json\/wp\/v2\/pages\/6369","targetHints":{"allow":["GET"]}}],"collection":[{"href":"https:\/\/www.educazionedigitale.it\/abbattiamolebarriere\/wp-json\/wp\/v2\/pages"}],"about":[{"href":"https:\/\/www.educazionedigitale.it\/abbattiamolebarriere\/wp-json\/wp\/v2\/types\/page"}],"author":[{"embeddable":true,"href":"https:\/\/www.educazionedigitale.it\/abbattiamolebarriere\/wp-json\/wp\/v2\/users\/28"}],"replies":[{"embeddable":true,"href":"https:\/\/www.educazionedigitale.it\/abbattiamolebarriere\/wp-json\/wp\/v2\/comments?post=6369"}],"version-history":[{"count":2,"href":"https:\/\/www.educazionedigitale.it\/abbattiamolebarriere\/wp-json\/wp\/v2\/pages\/6369\/revisions"}],"predecessor-version":[{"id":6372,"href":"https:\/\/www.educazionedigitale.it\/abbattiamolebarriere\/wp-json\/wp\/v2\/pages\/6369\/revisions\/6372"}],"wp:attachment":[{"href":"https:\/\/www.educazionedigitale.it\/abbattiamolebarriere\/wp-json\/wp\/v2\/media?parent=6369"}],"curies":[{"name":"wp","href":"https:\/\/api.w.org\/{rel}","templated":true}]}}