{"id":531,"date":"2015-03-13T15:30:41","date_gmt":"2015-03-13T14:30:41","guid":{"rendered":"http:\/\/www.educazionedigitale.it\/alleniamocialriciclo\/?page_id=531"},"modified":"2023-09-22T17:09:59","modified_gmt":"2023-09-22T15:09:59","slug":"il-progetto","status":"publish","type":"page","link":"https:\/\/www.educazionedigitale.it\/alleniamocialriciclo\/il-progetto\/","title":{"rendered":"Progetto"},"content":{"rendered":"\t<div id=\"gap-399776806\" class=\"gap-element clearfix\" style=\"display:block; height:auto;\">\n\t\t\n<style>\n#gap-399776806 {\n  padding-top: 54px;\n}\n@media (min-width:550px) {\n  #gap-399776806 {\n    padding-top: 83px;\n  }\n}\n@media (min-width:850px) {\n  #gap-399776806 {\n    padding-top: 116px;\n  }\n}\n<\/style>\n\t<\/div>\n\t\n\n  <div class=\"banner has-hover banner-home\" id=\"banner-1290047522\">\n          <div class=\"banner-inner fill\">\n        <div class=\"banner-bg fill\" >\n            <img loading=\"lazy\" decoding=\"async\" width=\"5949\" height=\"695\" src=\"https:\/\/www.educazionedigitale.it\/alleniamocialriciclo\/wp-content\/uploads\/2023\/08\/progetto.png\" class=\"bg attachment-original size-original\" alt=\"\" \/>                                    \n                    <\/div>\n\t\t\n        <div class=\"banner-layers container\">\n            <div class=\"fill banner-link\"><\/div>            \n   <div id=\"text-box-332763259\" class=\"text-box banner-layer x50 md-x50 lg-x50 y50 md-y50 lg-y50 res-text\">\n                                <div class=\"text-box-content text dark\">\n              \n              <div class=\"text-inner text-center\">\n                  \n              <\/div>\n           <\/div>\n                            \n<style>\n#text-box-332763259 {\n  width: 60%;\n}\n#text-box-332763259 .text-box-content {\n  font-size: 100%;\n}\n@media (min-width:550px) {\n  #text-box-332763259 {\n    width: 60%;\n  }\n}\n<\/style>\n    <\/div>\n \n        <\/div>\n      <\/div>\n\n            \n<style>\n#banner-1290047522 {\n  padding-top: 110px;\n}\n#banner-1290047522 .banner-bg img {\n  object-position: 100% 66%;\n}\n@media (min-width:550px) {\n  #banner-1290047522 {\n    padding-top: 164px;\n  }\n}\n<\/style>\n  <\/div>\n\n\n<div class=\"row\"  id=\"row-1040692518\">\n\n\t<div id=\"col-595024499\" class=\"col large-12\"  >\n\t\t\t\t<div class=\"col-inner\"  >\n\t\t\t\n\t\t\t\n<div class=\"row\"  id=\"row-1018470859\">\n\n\t<div id=\"col-313885108\" class=\"col small-12 large-12\"  >\n\t\t\t\t<div class=\"col-inner\"  >\n\t\t\t\n\t\t\t\n\t<div id=\"gap-1791181158\" class=\"gap-element clearfix\" style=\"display:block; height:auto;\">\n\t\t\n<style>\n#gap-1791181158 {\n  padding-top: 15px;\n}\n<\/style>\n\t<\/div>\n\t\n<p style=\"text-align: justify;\">Il <strong>consumo di massa, <\/strong>ormai parte del nostro DNA sociale, com\u2019\u00e8 noto, produce quantit\u00e0 di rifiuti che sono sempre pi\u00f9 difficili da smaltire, causando <strong>inquinamento, perdita di materie prime ed esaurimento delle risorse naturali.<\/strong> <\/p>\n\t\t<\/div>\n\t\t\t\t\n<style>\n#col-313885108 > .col-inner {\n  margin: 0px 0px -7px 0px;\n}\n<\/style>\n\t<\/div>\n\n\t\n<\/div>\n<div class=\"row align-middle align-center\"  id=\"row-1314523543\">\n\n\t<div id=\"col-1922796350\" class=\"col medium-4 small-12 large-4\"  data-animate=\"bounceIn\">\n\t\t\t\t<div class=\"col-inner\"  >\n\t\t\t\n\t\t\t\n\t<div class=\"img has-hover x md-x lg-x y md-y lg-y\" id=\"image_983928491\">\n\t\t\t\t\t\t\t\t<div class=\"img-inner image-cover dark\" style=\"padding-top:261px;\">\n\t\t\t<img loading=\"lazy\" decoding=\"async\" width=\"1807\" height=\"1224\" src=\"https:\/\/www.educazionedigitale.it\/alleniamocialriciclo\/wp-content\/uploads\/2023\/08\/ft1-percorso.png\" class=\"attachment-original size-original\" alt=\"\" srcset=\"https:\/\/www.educazionedigitale.it\/alleniamocialriciclo\/wp-content\/uploads\/2023\/08\/ft1-percorso.png 1807w, https:\/\/www.educazionedigitale.it\/alleniamocialriciclo\/wp-content\/uploads\/2023\/08\/ft1-percorso-800x542.png 800w, https:\/\/www.educazionedigitale.it\/alleniamocialriciclo\/wp-content\/uploads\/2023\/08\/ft1-percorso-1600x1084.png 1600w, https:\/\/www.educazionedigitale.it\/alleniamocialriciclo\/wp-content\/uploads\/2023\/08\/ft1-percorso-768x520.png 768w, https:\/\/www.educazionedigitale.it\/alleniamocialriciclo\/wp-content\/uploads\/2023\/08\/ft1-percorso-1536x1040.png 1536w\" sizes=\"auto, (max-width: 1807px) 100vw, 1807px\" \/>\t\t\t\t\t\t\n\t\t\t\t\t<\/div>\n\t\t\t\t\t\t\t\t\n<style>\n#image_983928491 {\n  width: 100%;\n}\n<\/style>\n\t<\/div>\n\t\n\t\t<\/div>\n\t\t\t\t\n<style>\n#col-1922796350 > .col-inner {\n  margin: -31px 0px 0px 0px;\n}\n<\/style>\n\t<\/div>\n\n\t\n\n\t<div id=\"col-711219396\" class=\"col medium-8 small-12 large-8\"  >\n\t\t\t\t<div class=\"col-inner\"  >\n\t\t\t\n\t\t\t\n<p style=\"text-align: justify;\">Una maggiore attenzione all\u2019uso e al consumo che facciamo dei prodotti quotidiani \u00e8 una nostra responsabilit\u00e0, al fine di ridurre lo spreco e sottrarre alle discariche risorse e materiali ancora utilizzabili, con la possibilit\u00e0 di diminuire la dispersione nell\u2019ambiente di sostanze inquinanti o pericolose.<\/p>\n<p style=\"text-align: justify; margin-top: 15px;\">Da un\u2019economia di tipo lineare, che segue la catena del<em> make \u2013 use \u2013 dispose,<\/em> \u00e8 necessario orientarsi verso <strong>l\u2019economia circolare:<\/strong> riciclare, riparare, riutilizzare, recuperare sono le 4 Erre di questo modello virtuoso che considera il rifiuto non come scarto, ma come <strong>risorsa, <\/strong>prevedendo processi e operazioni, anche creative, che mirano ad allungare il pi\u00f9 possibile la vita utile degli oggetti, donando loro nuovo valore.<\/p>\n\t\t<\/div>\n\t\t\t\t\n<style>\n#col-711219396 > .col-inner {\n  margin: -12px 0px 0px 0px;\n}\n<\/style>\n\t<\/div>\n\n\t\n<\/div>\n\t<div id=\"gap-519405657\" class=\"gap-element clearfix\" style=\"display:block; height:auto;\">\n\t\t\n<style>\n#gap-519405657 {\n  padding-top: 10px;\n}\n<\/style>\n\t<\/div>\n\t\n<div class=\"row align-middle align-center\"  id=\"row-229794644\">\n\n\t<div id=\"col-233507092\" class=\"col medium-8 small-12 large-8\"  >\n\t\t\t\t<div class=\"col-inner\"  >\n\t\t\t\n\t\t\t\n<p style=\"text-align: justify; margin-bottom: 0;\"><strong>\u201cAlleniamoci al riciclo\u201d,<\/strong> partendo proprio da questo perimetro di conoscenze, mostra come oggi, grazie a progetti sempre pi\u00f9 ambiziosi e a tecnologie innovative, esista una vasta gamma di prodotti e oggetti che possono essere recuperati e rimessi nel sistema, sia attraverso la manutenzione e la riparazione (che pu\u00f2 essere casalinga o professionale), sia attraverso il <strong>riciclo: <\/strong>il rifiuto, opportunamente raccolto e selezionato, diventa <strong>materia prima seconda,<\/strong> che a sua volta d\u00e0 vita a nuovi oggetti. Lo strumento interattivo Open Mind, pensato per lavorare con le classi e generare un confronto critico tra gli studenti, focalizzer\u00e0, in particolare, l\u2019attenzione<strong> sui temi di circolarit\u00e0 e sostenibilit\u00e0 declinati agli strumenti sportivi,<\/strong> come sneakers, palle da tennis e copertoni di biciclette che possono essere riciclati, ma anche a oggetti di uso quotidiano, come mobili, capi d&#8217;abbigliamento o elettrodomestici.<\/p>\n\t\t<\/div>\n\t\t\t\t\n<style>\n#col-233507092 > .col-inner {\n  margin: -28px 0px 0px 0px;\n}\n<\/style>\n\t<\/div>\n\n\t\n\n\t<div id=\"col-1856070611\" class=\"col medium-4 small-12 large-4\"  data-animate=\"bounceIn\">\n\t\t\t\t<div class=\"col-inner\"  >\n\t\t\t\n\t\t\t\n\t<div id=\"gap-1418770558\" class=\"gap-element clearfix show-for-small\" style=\"display:block; height:auto;\">\n\t\t\n<style>\n#gap-1418770558 {\n  padding-top: 30px;\n}\n<\/style>\n\t<\/div>\n\t\n\t<div class=\"img has-hover x md-x lg-x y md-y lg-y\" id=\"image_2132515247\">\n\t\t\t\t\t\t\t\t<div class=\"img-inner image-cover dark\" style=\"padding-top:272px;\">\n\t\t\t<img loading=\"lazy\" decoding=\"async\" width=\"1807\" height=\"1224\" src=\"https:\/\/www.educazionedigitale.it\/alleniamocialriciclo\/wp-content\/uploads\/2023\/08\/ft2-percorso.png\" class=\"attachment-original size-original\" alt=\"\" srcset=\"https:\/\/www.educazionedigitale.it\/alleniamocialriciclo\/wp-content\/uploads\/2023\/08\/ft2-percorso.png 1807w, https:\/\/www.educazionedigitale.it\/alleniamocialriciclo\/wp-content\/uploads\/2023\/08\/ft2-percorso-800x542.png 800w, https:\/\/www.educazionedigitale.it\/alleniamocialriciclo\/wp-content\/uploads\/2023\/08\/ft2-percorso-1600x1084.png 1600w, https:\/\/www.educazionedigitale.it\/alleniamocialriciclo\/wp-content\/uploads\/2023\/08\/ft2-percorso-768x520.png 768w, https:\/\/www.educazionedigitale.it\/alleniamocialriciclo\/wp-content\/uploads\/2023\/08\/ft2-percorso-1536x1040.png 1536w\" sizes=\"auto, (max-width: 1807px) 100vw, 1807px\" \/>\t\t\t\t\t\t\n\t\t\t\t\t<\/div>\n\t\t\t\t\t\t\t\t\n<style>\n#image_2132515247 {\n  width: 100%;\n}\n<\/style>\n\t<\/div>\n\t\n\t\t<\/div>\n\t\t\t\t\n<style>\n#col-1856070611 > .col-inner {\n  margin: -30px 0px 0px 0px;\n}\n<\/style>\n\t<\/div>\n\n\t\n\n<style>\n#row-229794644 > .col > .col-inner {\n  padding: 0px 0px 0px 0px;\n}\n<\/style>\n<\/div>\n<div class=\"row align-middle align-center\"  id=\"row-1730934422\">\n\n\t<div id=\"col-25073097\" class=\"col small-12 large-12\"  >\n\t\t\t\t<div class=\"col-inner\"  >\n\t\t\t\n\t\t\t\n<p style=\"text-align: justify; margin-bottom: 0;\">Insieme alle classi, si rifletter\u00e0 cos\u00ec sui seguenti temi:<\/p>\n<ul style=\"text-align:justify;\">\n<li>Il <strong>riciclo<\/strong> e il<strong> recupero<\/strong> come parte di un\u2019economia di tipo circolare, sostenibile e rispettosa dell\u2019ambiente;<\/li>\n<li>la riscoperta <strong>della manualit\u00e0 e del fare,<\/strong> tramite piccole riparazioni o lavori creativi che ognuno, anche a casa con gli oggetti quotidiani, pu\u00f2 fare;<\/li>\n<li>la possibilit\u00e0 di trasformare i rifiuti in <strong>materia prima seconda;<\/strong><\/li>\n<li>la seconda vita di <strong>strumenti, oggetti e attrezzature che usiamo per allenarci, per fare sport ed esercizio fisico.<\/strong><\/li>\n<\/ul>\n\t\t<\/div>\n\t\t\t\t\n<style>\n#col-25073097 > .col-inner {\n  margin: -10px 0px 0px 0px;\n}\n<\/style>\n\t<\/div>\n\n\t\n\n<style>\n#row-1730934422 > .col > .col-inner {\n  padding: 0px 0px 0px 0px;\n}\n<\/style>\n<\/div>\n\t\t<\/div>\n\t\t\t\t\t<\/div>\n\n\t\n<\/div>\n","protected":false},"excerpt":{"rendered":"","protected":false},"author":1,"featured_media":0,"parent":0,"menu_order":0,"comment_status":"closed","ping_status":"closed","template":"page-blank.php","meta":{"_monsterinsights_skip_tracking":false,"_monsterinsights_sitenote_active":false,"_monsterinsights_sitenote_note":"","_monsterinsights_sitenote_category":0,"footnotes":""},"class_list":["post-531","page","type-page","status-publish","hentry"],"_links":{"self":[{"href":"https:\/\/www.educazionedigitale.it\/alleniamocialriciclo\/wp-json\/wp\/v2\/pages\/531","targetHints":{"allow":["GET"]}}],"collection":[{"href":"https:\/\/www.educazionedigitale.it\/alleniamocialriciclo\/wp-json\/wp\/v2\/pages"}],"about":[{"href":"https:\/\/www.educazionedigitale.it\/alleniamocialriciclo\/wp-json\/wp\/v2\/types\/page"}],"author":[{"embeddable":true,"href":"https:\/\/www.educazionedigitale.it\/alleniamocialriciclo\/wp-json\/wp\/v2\/users\/1"}],"replies":[{"embeddable":true,"href":"https:\/\/www.educazionedigitale.it\/alleniamocialriciclo\/wp-json\/wp\/v2\/comments?post=531"}],"version-history":[{"count":3,"href":"https:\/\/www.educazionedigitale.it\/alleniamocialriciclo\/wp-json\/wp\/v2\/pages\/531\/revisions"}],"predecessor-version":[{"id":5993,"href":"https:\/\/www.educazionedigitale.it\/alleniamocialriciclo\/wp-json\/wp\/v2\/pages\/531\/revisions\/5993"}],"wp:attachment":[{"href":"https:\/\/www.educazionedigitale.it\/alleniamocialriciclo\/wp-json\/wp\/v2\/media?parent=531"}],"curies":[{"name":"wp","href":"https:\/\/api.w.org\/{rel}","templated":true}]}}