{"id":6300,"date":"2024-11-25T16:39:03","date_gmt":"2024-11-25T15:39:03","guid":{"rendered":"https:\/\/www.educazionedigitale.it\/biorepack\/?page_id=6300"},"modified":"2026-04-14T09:14:43","modified_gmt":"2026-04-14T07:14:43","slug":"homepage","status":"publish","type":"page","link":"https:\/\/www.educazionedigitale.it\/biorepack\/","title":{"rendered":"Homepage"},"content":{"rendered":"\t<div id=\"gap-2014672011\" class=\"gap-element clearfix\" style=\"display:block; height:auto;\">\n\t\t\n<style>\n#gap-2014672011 {\n  padding-top: 98px;\n}\n<\/style>\n\t<\/div>\n\t\n\n  <div class=\"banner has-hover banner-home\" id=\"banner-351788460\">\n          <div class=\"banner-inner fill\">\n        <div class=\"banner-bg fill\" >\n            <img loading=\"lazy\" decoding=\"async\" width=\"1614\" height=\"829\" src=\"https:\/\/www.educazionedigitale.it\/biorepack\/wp-content\/uploads\/2025\/10\/bn-2.png\" class=\"bg attachment-original size-original\" alt=\"\" \/>                                    \n                    <\/div>\n\t\t\n        <div class=\"banner-layers container\">\n            <div class=\"fill banner-link\"><\/div>            \n   <div id=\"text-box-1279224771\" class=\"text-box banner-layer x50 md-x5 lg-x50 y90 md-y90 lg-y90 res-text\">\n                     <div data-animate=\"fadeInUp\">           <div class=\"text-box-content text \">\n              \n              <div class=\"text-inner text-left\">\n                  \n\t<div class=\"img has-hover x md-x lg-x y md-y lg-y\" id=\"image_608803242\">\n\t\t\t\t\t\t\t\t<div class=\"img-inner dark\" >\n\t\t\t\t\t\t\t\t\t\n\t\t\t\t\t<\/div>\n\t\t\t\t\t\t\t\t\n<style>\n#image_608803242 {\n  width: 100%;\n}\n<\/style>\n\t<\/div>\n\t\n\t<div id=\"text-3651962366\" class=\"text\">\n\t\t\n<h2>Bioplastica: un mondo che rinasce<br \/>\n<span style=\"font-size: 80%;\">Da rifiuto a risorsa<\/span><\/h2>\n<h3 class=\"thin-font\">Cultura ambientale per i cittadini di domani<\/h3>\n\t\t\n<style>\n#text-3651962366 {\n  color: rgb(255,255,255);\n}\n#text-3651962366 > * {\n  color: rgb(255,255,255);\n}\n<\/style>\n\t<\/div>\n\t\n\t<div class=\"img has-hover x md-x lg-x y md-y lg-y\" id=\"image_215390266\">\n\t\t\t\t\t\t\t\t<div class=\"img-inner dark\" >\n\t\t\t\t\t\t\t\t\t\n\t\t\t\t\t<\/div>\n\t\t\t\t\t\t\t\t\n<style>\n#image_215390266 {\n  width: 100%;\n}\n<\/style>\n\t<\/div>\n\t\n              <\/div>\n           <\/div>\n       <\/div>                     \n<style>\n#text-box-1279224771 {\n  margin: 0px 0px 0px 14px;\n  width: 93%;\n}\n#text-box-1279224771 .text-box-content {\n  font-size: 100%;\n}\n@media (min-width:550px) {\n  #text-box-1279224771 {\n    width: 100%;\n  }\n}\n<\/style>\n    <\/div>\n \n        <\/div>\n      <\/div>\n\n            \n<style>\n#banner-351788460 {\n  padding-top: 319px;\n}\n#banner-351788460 .banner-bg img {\n  object-position: 42% 44%;\n}\n@media (min-width:550px) {\n  #banner-351788460 {\n    padding-top: 424px;\n  }\n}\n@media (min-width:850px) {\n  #banner-351788460 {\n    padding-top: 417px;\n  }\n}\n<\/style>\n  <\/div>\n\n\n\n\t<section class=\"section\" id=\"section_201319306\">\n\t\t<div class=\"section-bg fill\" >\n\t\t\t\t\t\t\t\t\t\n\t\t\t\n\n\t\t<\/div>\n\n\t\t\n\n\t\t<div class=\"section-content relative\">\n\t\t\t\n<div class=\"row row-collapse\"  id=\"row-1500575669\">\n\n\t<div id=\"col-824828812\" class=\"col medium-1 small-3 large-1\"  >\n\t\t\t\t<div class=\"col-inner\"  >\n\t\t\t\n\t\t\t\n\t<div class=\"img has-hover x md-x lg-x y md-y lg-y\" id=\"image_559703076\">\n\t\t\t\t\t\t\t\t<div class=\"img-inner dark\" >\n\t\t\t\t\t\t\t\t\t\n\t\t\t\t\t<\/div>\n\t\t\t\t\t\t\t\t\n<style>\n#image_559703076 {\n  width: 60%;\n}\n<\/style>\n\t<\/div>\n\t\n\t\t<\/div>\n\t\t\t\t\t<\/div>\n\n\t\n<\/div>\n\t<div id=\"gap-1685972560\" class=\"gap-element clearfix\" style=\"display:block; height:auto;\">\n\t\t\n<style>\n#gap-1685972560 {\n  padding-top: 40px;\n}\n<\/style>\n\t<\/div>\n\t\n<div class=\"row\"  id=\"row-1651861288\">\n\n\t<div id=\"col-1469069969\" class=\"col medium-8 small-12 large-8\"  >\n\t\t\t\t<div class=\"col-inner text-right\"  >\n\t\t\t\n\t\t\t\n\t<div id=\"text-1891376722\" class=\"text\">\n\t\t\n<h1 style=\"font-size: 30px; margin-bottom: 10px; color: #013a68; text-align: left;\">Di cosa si tratta?<\/h1>\n<p style=\"text-align: justify;\"><strong>Bioplastica: un mondo che rinasce<\/strong> \u00e8 il nuovo percorso didattico gratuito promosso da <strong>Biorepack<\/strong>, il Consorzio nazionale per il riciclo organico degli imballaggi in plastica biodegradabile e compostabile certificati EN 13432, e dedicato alle scuole primarie e secondarie di primo grado (target 8-12 anni). Il progetto nasce per diffondere tra ragazze e ragazzi una solida <strong>cultura della sostenibilit\u00e0<\/strong>, fondata sulla conoscenza delle bioplastiche compostabili certificate, sull\u2019importanza del loro corretto conferimento nella raccolta dell\u2019organico e sul valore della bioplastica compostabile conferita nella raccolta dell\u2019organico.<\/p>\n<p>Attraverso il <strong>Living Book multimediale<\/strong>, il percorso accompagna studenti, studentesse e insegnanti alla scoperta del viaggio della bioplastica compostabile: <b>da rifiuto a risorsa,<\/b> da materiale di uso quotidiano a prezioso alleato del suolo e dell\u2019ambiente attraverso la raccolta del rifiuto organico.\n<\/p>\n\t\t\n<style>\n#text-1891376722 {\n  text-align: left;\n  color: rgb(255,255,255);\n}\n#text-1891376722 > * {\n  color: rgb(255,255,255);\n}\n<\/style>\n\t<\/div>\n\t\n\t\t<\/div>\n\t\t\t\t\n<style>\n#col-1469069969 > .col-inner {\n  margin: 0px 0px -30px 0px;\n}\n<\/style>\n\t<\/div>\n\n\t\n\n\t<div id=\"col-1028997694\" class=\"col medium-4 small-12 large-4\"  >\n\t\t\t\t<div class=\"col-inner\"  >\n\t\t\t\n\t\t\t\n\t<div id=\"gap-1977842700\" class=\"gap-element clearfix\" style=\"display:block; height:auto;\">\n\t\t\n<style>\n#gap-1977842700 {\n  padding-top: 0px;\n}\n<\/style>\n\t<\/div>\n\t\n\t<div id=\"gap-1182802682\" class=\"gap-element clearfix\" style=\"display:block; height:auto;\">\n\t\t\n<style>\n#gap-1182802682 {\n  padding-top: 56px;\n}\n<\/style>\n\t<\/div>\n\t\n<div style=\"width: 100%; height: auto; background-color: #fff; text-align:center; padding:7px; border-radius:10px\" class=\"invita-box\">\n<img decoding=\"async\" src=\"https:\/\/www.educazionedigitale.it\/biorepack\/wp-content\/uploads\/2025\/10\/icona.png\" style=\"width:35%; margin-top:20px\" \/><\/p>\n<div style=\"font-size:20px; margin-top:20px; margin-bottom:20px; line-height:1.3; font-weight:bold\">Invita un\/una collega<br \/>a partecipare all&#8217;iniziativa.<br \/>Manda il tuo invito!<\/div>\n<div style=\"text-align:center; margin-bottom:15px\"><a href=\"#invita\"><img decoding=\"async\" src=\"https:\/\/www.educazionedigitale.it\/biorepack\/wp-content\/uploads\/2025\/10\/email.png\" width=\"50\" class=\"strumento-zoom\"\/><\/a>&nbsp;&nbsp;<a href=\"https:\/\/www.facebook.com\/sharer\/sharer.php?u=https:\/\/www.educazionedigitale.it\/biorepack\/registrazione\" target=\"_blank\" rel=\"noopener noreferrer\"><img decoding=\"async\" src=\"https:\/\/www.educazionedigitale.it\/biorepack\/wp-content\/uploads\/2025\/10\/fb.png\" width=\"50\" class=\"strumento-zoom\"\/><\/a>&nbsp;&nbsp;<a href=\"https:\/\/twitter.com\/intent\/tweet?url=https:\/\/www.educazionedigitale.it\/biorepack\/registrazione&#038;text=Registrati su EducazioneDigitale.it\" target=\"_blank\" rel=\"noopener noreferrer\"><img decoding=\"async\" src=\"https:\/\/www.educazionedigitale.it\/biorepack\/wp-content\/uploads\/2025\/10\/tw.png\" width=\"50\" class=\"strumento-zoom\"\/><\/a>&nbsp;&nbsp;<a href=\"https:\/\/api.whatsapp.com\/send?text=https:\/\/www.educazionedigitale.it\/biorepack\/registrazione\" target=\"_blank\" rel=\"noopener noreferrer\"><img decoding=\"async\" src=\"https:\/\/www.educazionedigitale.it\/biorepack\/wp-content\/uploads\/2025\/10\/wp.png\" width=\"50\" class=\"strumento-zoom\"\/><\/a><\/div>\n<\/div>\n\t\t<\/div>\n\t\t\t\t\t<\/div>\n\n\t\n\n\t<div id=\"col-1258482348\" class=\"col large-12\"  >\n\t\t\t\t<div class=\"col-inner text-right\"  >\n\t\t\t\n\t\t\t\n\t<div id=\"text-1010529657\" class=\"text\">\n\t\t\n<p style=\"text-align: justify;\">Il racconto interattivo e le attivit\u00e0 digitali stimolano curiosit\u00e0, spirito critico e senso di responsabilit\u00e0, promuovendo un approccio partecipativo e interdisciplinare che intreccia <b>scienze, educazione civica, arte e lingua italiana.<\/b><\/p>\n\t\t\n<style>\n#text-1010529657 {\n  color: rgb(255,255,255);\n}\n#text-1010529657 > * {\n  color: rgb(255,255,255);\n}\n<\/style>\n\t<\/div>\n\t\n<a href=\"https:\/\/www.educazionedigitale.it\/biorepack\/il-progetto\/\" class=\"button primary custom-green\" style=\"padding:2px 20px 2px 20px;\">\n\t\t<span>scopri di pi\u00f9<\/span>\n\t<\/a>\n\n\t\t<\/div>\n\t\t\t\t\n<style>\n#col-1258482348 > .col-inner {\n  margin: 0px 0px -40px 0px;\n}\n<\/style>\n\t<\/div>\n\n\t\n<\/div>\n\t<div id=\"gap-1786844666\" class=\"gap-element clearfix\" style=\"display:block; height:auto;\">\n\t\t\n<style>\n#gap-1786844666 {\n  padding-top: 30px;\n}\n<\/style>\n\t<\/div>\n\t\n\t\t<\/div>\n\n\t\t\n<style>\n#section_201319306 {\n  padding-top: 0px;\n  padding-bottom: 0px;\n  background-color: rgba(89, 74, 66, 0.994);\n}\n<\/style>\n\t<\/section>\n\t\n\n\t<section class=\"section\" id=\"section_532936989\">\n\t\t<div class=\"section-bg fill\" >\n\t\t\t\t\t\t\t\t\t<div class=\"section-bg-overlay absolute fill\"><\/div>\n\t\t\t\n\n\t\t<\/div>\n\n\t\t\n\n\t\t<div class=\"section-content relative\">\n\t\t\t\n<div class=\"row\"  id=\"row-2110434313\">\n\n\t<div id=\"col-501146745\" class=\"col large-12\"  data-animate=\"fadeInLeft\">\n\t\t\t\t<div class=\"col-inner\"  >\n\t\t\t\n\t\t\t\n<div class=\"row row-collapse align-middle align-center\"  id=\"row-891915886\">\n\n\t<div id=\"col-1065716818\" class=\"col medium-1 small-3 large-1\"  >\n\t\t\t\t<div class=\"col-inner\"  >\n\t\t\t\n\t\t\t\n\t<div class=\"img has-hover x md-x lg-x y md-y lg-y\" id=\"image_204280997\">\n\t\t\t\t\t\t\t\t<div class=\"img-inner dark\" >\n\t\t\t\t\t\t\t\t\t\n\t\t\t\t\t<\/div>\n\t\t\t\t\t\t\t\t\n<style>\n#image_204280997 {\n  width: 60%;\n}\n<\/style>\n\t<\/div>\n\t\n\t<div id=\"gap-1815346193\" class=\"gap-element clearfix\" style=\"display:block; height:auto;\">\n\t\t\n<style>\n#gap-1815346193 {\n  padding-top: 10px;\n}\n<\/style>\n\t<\/div>\n\t\n\t\t<\/div>\n\t\t\t\t\t<\/div>\n\n\t\n<\/div>\n<p style=\"color: #eb6408; text-align:center; font-size:30px; margin-bottom:-5px; font-weight:bold\">COSA PUOI TROVARE?<\/p>\n<p style=\"font-size: 23px; color:#eb6408; text-align: center; line-height: 1.5;\">Gli strumenti didattici per le tue lezioni digitali<\/p>\n<div class=\"row align-center\"  id=\"row-616892222\">\n\n\t<div id=\"col-1318324242\" class=\"col medium-1 small-12 large-1\"  >\n\t\t\t\t<div class=\"col-inner\"  >\n\t\t\t\n\t\t\t\n\t\t<\/div>\n\t\t\t\t\t<\/div>\n\n\t\n\n\t<div id=\"col-1124273357\" class=\"col medium-4 small-12 large-4\"  data-animate=\"blurIn\">\n\t\t\t\t<div class=\"col-inner text-center box-shadow-2 box-shadow-5-hover\" style=\"background-color:rgb(89, 74, 66);\" >\n\t\t\t\n\t<div class=\"is-border\"\n\t\tstyle=\"border-color:rgb(235, 100, 8);border-radius:10px;border-width:2px 2px 2px 2px;margin:-10px -10px -10px -10px;\">\n\t<\/div>\n\t\t\t\n\n\t\t<div class=\"icon-box featured-box icon-box-center text-center\"  >\n\t\t\t\t\t<div class=\"icon-box-img\" style=\"width: 215px\">\n\t\t\t\t<div class=\"icon\">\n\t\t\t\t\t<div class=\"icon-inner\" >\n\t\t\t\t\t\t\t\t\t\t\t<\/div>\n\t\t\t\t<\/div>\n\t\t\t<\/div>\n\t\t\t\t<div class=\"icon-box-text last-reset\">\n\t\t\t\t\t\t\t\t\t\n\t<div class=\"img has-hover x md-x lg-x y md-y lg-y\" id=\"image_750575808\">\n\t\t\t\t\t\t\t\t<div class=\"img-inner dark\" >\n\t\t\t<img loading=\"lazy\" decoding=\"async\" width=\"2560\" height=\"1707\" src=\"https:\/\/www.educazionedigitale.it\/biorepack\/wp-content\/uploads\/2025\/10\/BIOREPACK-37-scaled.jpg\" class=\"attachment-original size-original\" alt=\"\" srcset=\"https:\/\/www.educazionedigitale.it\/biorepack\/wp-content\/uploads\/2025\/10\/BIOREPACK-37-scaled.jpg 2560w, https:\/\/www.educazionedigitale.it\/biorepack\/wp-content\/uploads\/2025\/10\/BIOREPACK-37-800x533.jpg 800w, https:\/\/www.educazionedigitale.it\/biorepack\/wp-content\/uploads\/2025\/10\/BIOREPACK-37-1600x1067.jpg 1600w, https:\/\/www.educazionedigitale.it\/biorepack\/wp-content\/uploads\/2025\/10\/BIOREPACK-37-768x512.jpg 768w, https:\/\/www.educazionedigitale.it\/biorepack\/wp-content\/uploads\/2025\/10\/BIOREPACK-37-1536x1024.jpg 1536w, https:\/\/www.educazionedigitale.it\/biorepack\/wp-content\/uploads\/2025\/10\/BIOREPACK-37-2048x1365.jpg 2048w\" sizes=\"auto, (max-width: 2560px) 100vw, 2560px\" \/>\t\t\t\t\t\t\n\t\t\t\t\t<\/div>\n\t\t\t\t\t\t\t\t\n<style>\n#image_750575808 {\n  width: 100%;\n}\n<\/style>\n\t<\/div>\n\t\n\t<div id=\"gap-1161512079\" class=\"gap-element clearfix\" style=\"display:block; height:auto;\">\n\t\t\n<style>\n#gap-1161512079 {\n  padding-top: 30px;\n}\n<\/style>\n\t<\/div>\n\t\n<h3 style=\"margin-bottom:10px !important\">LE RISORSE DIDATTICHE<br \/> PER L&#8217;INSEGNAMENTO<\/h3>\n\t\t<\/div>\n\t<\/div>\n\t\n\t\n<a href=\"https:\/\/www.educazionedigitale.it\/biorepack\/risorse-didattiche\/\" class=\"button primary is-large .custom-green\" >\n\t\t<span>GUARDA<\/span>\n\t<\/a>\n\n\t<div id=\"gap-1669936064\" class=\"gap-element clearfix\" style=\"display:block; height:auto;\">\n\t\t\n<style>\n#gap-1669936064 {\n  padding-top: 15px;\n}\n<\/style>\n\t<\/div>\n\t\n\t\t<\/div>\n\t\t\t\t\n<style>\n#col-1124273357 > .col-inner {\n  padding: 10px 10px 10px 10px;\n  border-radius: 10px;\n}\n<\/style>\n\t<\/div>\n\n\t\n\n\t<div id=\"col-1490388781\" class=\"col medium-4 small-12 large-4\"  data-animate=\"blurIn\">\n\t\t\t\t<div class=\"col-inner text-center box-shadow-2 box-shadow-5-hover\" style=\"background-color:rgb(89, 74, 66);\" >\n\t\t\t\n\t<div class=\"is-border\"\n\t\tstyle=\"border-color:rgb(235, 100, 8);border-radius:10px;border-width:2px 2px 2px 2px;margin:-10px -10px -10px -10px;\">\n\t<\/div>\n\t\t\t\n\n\t\t<div class=\"icon-box featured-box icon-box-center text-center\"  >\n\t\t\t\t\t<div class=\"icon-box-img\" style=\"width: 215px\">\n\t\t\t\t<div class=\"icon\">\n\t\t\t\t\t<div class=\"icon-inner\" >\n\t\t\t\t\t\t\t\t\t\t\t<\/div>\n\t\t\t\t<\/div>\n\t\t\t<\/div>\n\t\t\t\t<div class=\"icon-box-text last-reset\">\n\t\t\t\t\t\t\t\t\t\n\t<div class=\"img has-hover x md-x lg-x y md-y lg-y\" id=\"image_1657310654\">\n\t\t\t\t\t\t\t\t<div class=\"img-inner dark\" >\n\t\t\t<img loading=\"lazy\" decoding=\"async\" width=\"2560\" height=\"1707\" src=\"https:\/\/www.educazionedigitale.it\/biorepack\/wp-content\/uploads\/2025\/10\/BIOREPACK-19-scaled.jpg\" class=\"attachment-original size-original\" alt=\"\" srcset=\"https:\/\/www.educazionedigitale.it\/biorepack\/wp-content\/uploads\/2025\/10\/BIOREPACK-19-scaled.jpg 2560w, https:\/\/www.educazionedigitale.it\/biorepack\/wp-content\/uploads\/2025\/10\/BIOREPACK-19-800x533.jpg 800w, https:\/\/www.educazionedigitale.it\/biorepack\/wp-content\/uploads\/2025\/10\/BIOREPACK-19-1600x1067.jpg 1600w, https:\/\/www.educazionedigitale.it\/biorepack\/wp-content\/uploads\/2025\/10\/BIOREPACK-19-768x512.jpg 768w, https:\/\/www.educazionedigitale.it\/biorepack\/wp-content\/uploads\/2025\/10\/BIOREPACK-19-1536x1024.jpg 1536w, https:\/\/www.educazionedigitale.it\/biorepack\/wp-content\/uploads\/2025\/10\/BIOREPACK-19-2048x1365.jpg 2048w\" sizes=\"auto, (max-width: 2560px) 100vw, 2560px\" \/>\t\t\t\t\t\t\n\t\t\t\t\t<\/div>\n\t\t\t\t\t\t\t\t\n<style>\n#image_1657310654 {\n  width: 100%;\n}\n<\/style>\n\t<\/div>\n\t\n\t<div id=\"gap-368067674\" class=\"gap-element clearfix\" style=\"display:block; height:auto;\">\n\t\t\n<style>\n#gap-368067674 {\n  padding-top: 30px;\n}\n<\/style>\n\t<\/div>\n\t\n<h3 style=\"margin-bottom:10px !important; text-transform: uppercase;\">VUOI VISITARE <br \/>I NOSTRI IMPIANTI?<\/h3>\n\t\t<\/div>\n\t<\/div>\n\t\n\t\n<a href=\"https:\/\/www.educazionedigitale.it\/biorepack\/nostri-impianti\/\" class=\"button primary is-large custom-green\" >\n\t\t<span>Invia la candidatura<\/span>\n\t<\/a>\n\n<p><!--https:\/\/www.educazionedigitale.it\/biorepack\/nostri-impianti\/--><\/p>\n\t<div id=\"gap-583048715\" class=\"gap-element clearfix\" style=\"display:block; height:auto;\">\n\t\t\n<style>\n#gap-583048715 {\n  padding-top: 15px;\n}\n<\/style>\n\t<\/div>\n\t\n\t\t<\/div>\n\t\t\t\t\n<style>\n#col-1490388781 > .col-inner {\n  padding: 10px 10px 10px 10px;\n  border-radius: 10px;\n}\n<\/style>\n\t<\/div>\n\n\t\n\n\t<div id=\"col-1592858498\" class=\"col medium-1 small-12 large-1\"  >\n\t\t\t\t<div class=\"col-inner\"  >\n\t\t\t\n\t\t\t\n\t\t<\/div>\n\t\t\t\t\t<\/div>\n\n\t\n\n<style>\n#row-616892222 > .col > .col-inner {\n  padding: 10px 15px 0px 15px;\n}\n<\/style>\n<\/div>\n\t\t<\/div>\n\t\t\t\t\t<\/div>\n\n\t\n<\/div>\n\t<div id=\"gap-807342762\" class=\"gap-element clearfix\" style=\"display:block; height:auto;\">\n\t\t\n<style>\n#gap-807342762 {\n  padding-top: 30px;\n}\n<\/style>\n\t<\/div>\n\t\n\t\t<\/div>\n\n\t\t\n<style>\n#section_532936989 {\n  padding-top: 0px;\n  padding-bottom: 0px;\n  background-color: rgba(163, 159, 159, 0.157);\n}\n#section_532936989 .section-bg-overlay {\n  background-color: rgba(255, 255, 255, 0.703);\n}\n#section_532936989 .section-bg img {\n  object-position: 49% 56%;\n}\n<\/style>\n\t<\/section>\n\t\n\n\t<section class=\"section\" id=\"section_7588856\">\n\t\t<div class=\"section-bg fill\" >\n\t\t\t\t\t\t\t\t\t\n\t\t\t\n\n\t\t<\/div>\n\n\t\t\n\n\t\t<div class=\"section-content relative\">\n\t\t\t\n<div style=\"text-align: center; margin: 0 auto;\">\n<p style=\"color: #fff;\">Scopri tutti i progetti della piattaforma didattica Educazione Digitale<\/p>\n<p><a href=\"http:\/\/www.educazionedigitale.it\" target=\"_blank\" rel=\"noopener noreferrer\"><img loading=\"lazy\" decoding=\"async\" class=\"alignnone size-full wp-image-1169\" src=\"http:\/\/www.educazionedigitale.it\/didattica-english\/wp-content\/uploads\/2015\/03\/Educazione-digitale.png\" alt=\"Educazione Digitale\" width=\"220\" height=\"67\" style=\"margin-bottom:-20px\"\/><\/a>\n<\/div>\n\t\t<\/div>\n\n\t\t\n<style>\n#section_7588856 {\n  padding-top: 30px;\n  padding-bottom: 30px;\n  background-color: rgb(43, 43, 43);\n}\n<\/style>\n\t<\/section>\n\t\n\t<div id=\"prenota_103781\"\n\t     class=\"lightbox-by-id lightbox-content mfp-hide lightbox-white \"\n\t     style=\"max-width:600px ;padding:20px\">\n\t\t\n<div class=\"container section-title-container\" ><h3 class=\"section-title section-title-background:#eb6408;\"><b aria-hidden=\"true\"><\/b><span class=\"section-title-main\" >Richiesta<\/span><b aria-hidden=\"true\"><\/b><\/h3><\/div>\n            \t<script>\n\t\t\t\t\t\/\/old template\n\t\t\t\t\tvar prenotazione_titles = document.getElementsByClassName('section-title clearfix');\n\t\t\t\t\tfor(var ti=0; ti<prenotazione_titles.length; ti++){\n\t\t\t\t\t\tprenotazione_titles[ti].style.display = 'none';\n\t\t\t\t\t}\n\t\t\t\t\t\/\/new template\n\t\t\t\t\tvar prenotazione_titles = document.getElementsByClassName('container section-title-container');\n\t\t\t\t\tfor(var ti=0; ti<prenotazione_titles.length; ti++){\n\t\t\t\t\t\tprenotazione_titles[ti].style.display = 'none';\n\t\t\t\t\t}\n\t\t\t\t<\/script>\n                \n                                    <h3 class=\"section-title prenotazione\">\n                        Biorepack - Visita agli impianti                    <\/h3>\n                                \n\t\t\t\t\t\t\t                    <hr>\n\t\t\t\t\t<p align=\"center\">\n\t\t\t\t\t\tEsegui il <a class=\"button button-primary custom-green\" href=\"#login\">LOGIN<\/a>\n\t\t\t\t\t<\/p>\n\t\t\t\t\n\t<\/div>\n\t\n\t\n","protected":false},"excerpt":{"rendered":"<style>\n.section-title{background:#eb6408;padding:0 10px;}\n<\/style>\n","protected":false},"author":28,"featured_media":0,"parent":0,"menu_order":0,"comment_status":"closed","ping_status":"closed","template":"page-blank.php","meta":{"_monsterinsights_skip_tracking":false,"_monsterinsights_sitenote_active":false,"_monsterinsights_sitenote_note":"","_monsterinsights_sitenote_category":0,"footnotes":""},"class_list":["post-6300","page","type-page","status-publish","hentry"],"_links":{"self":[{"href":"https:\/\/www.educazionedigitale.it\/biorepack\/wp-json\/wp\/v2\/pages\/6300","targetHints":{"allow":["GET"]}}],"collection":[{"href":"https:\/\/www.educazionedigitale.it\/biorepack\/wp-json\/wp\/v2\/pages"}],"about":[{"href":"https:\/\/www.educazionedigitale.it\/biorepack\/wp-json\/wp\/v2\/types\/page"}],"author":[{"embeddable":true,"href":"https:\/\/www.educazionedigitale.it\/biorepack\/wp-json\/wp\/v2\/users\/28"}],"replies":[{"embeddable":true,"href":"https:\/\/www.educazionedigitale.it\/biorepack\/wp-json\/wp\/v2\/comments?post=6300"}],"version-history":[{"count":3,"href":"https:\/\/www.educazionedigitale.it\/biorepack\/wp-json\/wp\/v2\/pages\/6300\/revisions"}],"predecessor-version":[{"id":6786,"href":"https:\/\/www.educazionedigitale.it\/biorepack\/wp-json\/wp\/v2\/pages\/6300\/revisions\/6786"}],"wp:attachment":[{"href":"https:\/\/www.educazionedigitale.it\/biorepack\/wp-json\/wp\/v2\/media?parent=6300"}],"curies":[{"name":"wp","href":"https:\/\/api.w.org\/{rel}","templated":true}]}}