{"id":6620,"date":"2025-10-21T12:19:15","date_gmt":"2025-10-21T10:19:15","guid":{"rendered":"https:\/\/www.educazionedigitale.it\/biorepack\/?page_id=6620"},"modified":"2026-04-14T09:13:19","modified_gmt":"2026-04-14T07:13:19","slug":"nostri-impianti","status":"publish","type":"page","link":"https:\/\/www.educazionedigitale.it\/biorepack\/nostri-impianti\/","title":{"rendered":"I nostri impianti"},"content":{"rendered":"\t<div id=\"gap-1502371658\" class=\"gap-element clearfix\" style=\"display:block; height:auto;\">\n\t\t\n<style>\n#gap-1502371658 {\n  padding-top: 97px;\n}\n<\/style>\n\t<\/div>\n\t\n\n  <div class=\"banner has-hover banner-home\" id=\"banner-2087557956\">\n          <div class=\"banner-inner fill\">\n        <div class=\"banner-bg fill\" >\n            <img loading=\"lazy\" decoding=\"async\" width=\"2560\" height=\"1707\" src=\"https:\/\/www.educazionedigitale.it\/biorepack\/wp-content\/uploads\/2025\/10\/BIOREPACK-32-scaled.jpg\" class=\"bg attachment-original size-original\" alt=\"\" \/>                                    \n                    <\/div>\n\t\t\n        <div class=\"banner-layers container\">\n            <div class=\"fill banner-link\"><\/div>            \n   <div id=\"text-box-846500604\" class=\"text-box banner-layer x0 md-x0 lg-x0 y85 md-y85 lg-y85 res-text\">\n                                <div class=\"text-box-content text dark\">\n              \n              <div class=\"text-inner text-center\">\n                  \n<div class=\"row\"  id=\"row-1832425089\">\n\n\t<div id=\"col-272133064\" class=\"col small-12 large-12\"  >\n\t\t\t\t<div class=\"col-inner\"  >\n\t\t\t\n\t\t\t\n\t<div id=\"text-3944875373\" class=\"text\">\n\t\t\n<h1 style=\"font-size: 40px; margin-bottom: 0px; color: #4a4a4a!important; text-align:left; text-shadow: none; line-height:1.2\">Vuoi visitare i nostri impianti <br \/>con le tue classi?<\/h1>\n\t\t\n<style>\n#text-3944875373 {\n  text-align: left;\n  color: rgba(89, 74, 66, 0.994);\n}\n#text-3944875373 > * {\n  color: rgba(89, 74, 66, 0.994);\n}\n<\/style>\n\t<\/div>\n\t\n\t\t<\/div>\n\t\t\t\t\t<\/div>\n\n\t\n<\/div>\n              <\/div>\n           <\/div>\n                            \n<style>\n#text-box-846500604 {\n  width: 60%;\n}\n#text-box-846500604 .text-box-content {\n  font-size: 100%;\n}\n@media (min-width:550px) {\n  #text-box-846500604 {\n    width: 60%;\n  }\n}\n<\/style>\n    <\/div>\n \n        <\/div>\n      <\/div>\n\n            \n<style>\n#banner-2087557956 {\n  padding-top: 230px;\n}\n#banner-2087557956 .banner-bg img {\n  object-position: 0% 64%;\n}\n<\/style>\n  <\/div>\n\n\n\n\t<section class=\"section\" id=\"section_315132276\">\n\t\t<div class=\"section-bg fill\" >\n\t\t\t\t\t\t\t\t\t\n\t\t\t\n\n\t\t<\/div>\n\n\t\t\n\n\t\t<div class=\"section-content relative\">\n\t\t\t\n\t<div id=\"gap-407729457\" class=\"gap-element clearfix\" style=\"display:block; height:auto;\">\n\t\t\n<style>\n#gap-407729457 {\n  padding-top: 40px;\n}\n<\/style>\n\t<\/div>\n\t\n<div class=\"row\"  id=\"row-96383233\">\n\n\t<div id=\"col-713906631\" class=\"col small-12 large-12\"  >\n\t\t\t\t<div class=\"col-inner text-center\"  >\n\t\t\t\n\t\t\t\n\t<div id=\"text-1564817966\" class=\"text\">\n\t\t\n<p style=\"color: #fff; text-align: justify;\">Con il progetto <strong>Bioplastica: un mondo che rinasce<\/strong> la tua scuola ha la possibilit\u00e0 di visitare un impianto di compostaggio.<br \/>Scegli l&#8217;impianto di tuo interesse tra quelli disponibili e invia la candidatura delle tue classi. <b>Le classi selezionate saranno ricontattate per organizzare la visita.<\/b>\n<\/p>\n\t\t\n<style>\n#text-1564817966 {\n  text-align: left;\n}\n<\/style>\n\t<\/div>\n\t\n\t<div id=\"gap-717464280\" class=\"gap-element clearfix\" style=\"display:block; height:auto;\">\n\t\t\n<style>\n#gap-717464280 {\n  padding-top: 30px;\n}\n<\/style>\n\t<\/div>\n\t\n<div class=\"row\"  id=\"row-1718725069\">\n\n\t<div id=\"col-128995115\" class=\"col medium-5 small-12 large-5\"  >\n\t\t\t\t<div class=\"col-inner\"  >\n\t\t\t\n\t\t\t\n\t<div class=\"img has-hover x md-x lg-x y md-y lg-y\" id=\"image_1728647052\">\n\t\t\t\t\t\t\t\t<div class=\"img-inner image-cover dark\" style=\"padding-top:105%;\">\n\t\t\t<img loading=\"lazy\" decoding=\"async\" width=\"2048\" height=\"1536\" src=\"https:\/\/www.educazionedigitale.it\/biorepack\/wp-content\/uploads\/2026\/04\/impiantoGaia.jpeg\" class=\"attachment-original size-original\" alt=\"\" srcset=\"https:\/\/www.educazionedigitale.it\/biorepack\/wp-content\/uploads\/2026\/04\/impiantoGaia.jpeg 2048w, https:\/\/www.educazionedigitale.it\/biorepack\/wp-content\/uploads\/2026\/04\/impiantoGaia-800x600.jpeg 800w, https:\/\/www.educazionedigitale.it\/biorepack\/wp-content\/uploads\/2026\/04\/impiantoGaia-1600x1200.jpeg 1600w, https:\/\/www.educazionedigitale.it\/biorepack\/wp-content\/uploads\/2026\/04\/impiantoGaia-768x576.jpeg 768w, https:\/\/www.educazionedigitale.it\/biorepack\/wp-content\/uploads\/2026\/04\/impiantoGaia-1536x1152.jpeg 1536w\" sizes=\"auto, (max-width: 2048px) 100vw, 2048px\" \/>\t\t\t\t\t\t\n\t\t\t\t\t<\/div>\n\t\t\t\t\t\t\t\t\n<style>\n#image_1728647052 {\n  width: 100%;\n}\n<\/style>\n\t<\/div>\n\t\n\t\t<\/div>\n\t\t\t\t\t<\/div>\n\n\t\n\n\t<div id=\"col-1240671248\" class=\"col medium-7 small-12 large-7\"  >\n\t\t\t\t<div class=\"col-inner\"  >\n\t\t\t\n\t\t\t\n<div class=\"row\"  id=\"row-1671459446\">\n\n\t<div id=\"col-265159830\" class=\"col medium-7 small-12 large-7\"  >\n\t\t\t\t<div class=\"col-inner\"  >\n\t\t\t\n\t\t\t\n\t<div id=\"text-2617559160\" class=\"text\">\n\t\t\n<h1 style=\"font-size: 26px; margin-bottom: 10px; color: #013a68; text-align: left;\">IMPIANTO GAIA <\/h1>\n<p style=\"text-align: justify; color: #eb6408;\"><img decoding=\"async\" src=\"https:\/\/www.educazionedigitale.it\/biorepack\/wp-content\/uploads\/2026\/04\/pin.png\" style=\"width: 5%; height: auto; margin-right:15px;\"><strong>Localit\u00e0: San Damiano D\u2019Asti (AT)<\/strong><\/p>\n\t\t\n<style>\n#text-2617559160 {\n  color: rgb(255,255,255);\n}\n#text-2617559160 > * {\n  color: rgb(255,255,255);\n}\n<\/style>\n\t<\/div>\n\t\n\t\t<\/div>\n\t\t\t\t\n<style>\n#col-265159830 > .col-inner {\n  margin: 0px 0px -26px 0px;\n}\n<\/style>\n\t<\/div>\n\n\t\n\n\t<div id=\"col-428291375\" class=\"col medium-5 small-12 large-5\"  >\n\t\t\t\t<div class=\"col-inner text-right\"  >\n\t\t\t\n\t\t\t\n<a href=\"#gaia\" class=\"button white is-xsmall expand custom-green-2\" >\n\t\t<span>informazioni di servizio<\/span>\n\t<\/a>\n\n<a href=\"https:\/\/www.educazionedigitale.it\/biorepack\/wp-content\/uploads\/2026\/04\/Comportamenti-da-seguire-allinterno-degli-impianti-GAIA.pdf\" target=\"_blank\" class=\"button white is-xsmall expand custom-green-2\" rel=\"noopener\" >\n\t\t<span>Norme di comportamento<\/span>\n\t<\/a>\n\n\t\t<\/div>\n\t\t\t\t\n<style>\n#col-428291375 > .col-inner {\n  margin: 0px 0px -9px 0px;\n}\n<\/style>\n\t<\/div>\n\n\t\n<\/div>\n\t<div id=\"text-744096557\" class=\"text\">\n\t\t\n<p style=\"text-align: justify;\">L\u2019impianto GAIA di San Damiano d\u2019Asti \u00e8 una struttura dedicata alla gestione e al trattamento dei rifiuti urbani. Rappresenta un elemento fondamentale nel sistema di economia circolare del territorio astigiano, occupandosi in particolare del trattamento della frazione organica per la produzione di compost. Dal punto di vista didattico, la visita all\u2019impianto costituisce un\u2019importante opportunit\u00e0 per comprendere concretamente il ciclo dei rifiuti, l\u2019importanza della raccolta differenziata e le tecnologie impiegate. Gli studenti hanno la possibilit\u00e0 di osservare direttamente i processi industriali e di sviluppare una maggiore consapevolezza riguardo alla gestione responsabile dei rifiuti.<\/p>\n\t\t\n<style>\n#text-744096557 {\n  color: rgb(255,255,255);\n}\n#text-744096557 > * {\n  color: rgb(255,255,255);\n}\n<\/style>\n\t<\/div>\n\t\n<div class=\"row\"  id=\"row-201206062\">\n\n\t<div id=\"col-201090773\" class=\"col medium-6 small-12 large-6\"  >\n\t\t\t\t<div class=\"col-inner\"  >\n\t\t\t\n\t\t\t\n<p style=\"text-align: justify; color: #eb6408;\"><img decoding=\"async\" src=\"https:\/\/www.educazionedigitale.it\/biorepack\/wp-content\/uploads\/2026\/04\/email-icona-Impianti.png\" style=\"width: 10%; height: auto; margin-right:15px;\"><strong>info@biorepack.org<\/strong><\/p>\n\t\t<\/div>\n\t\t\t\t\t<\/div>\n\n\t\n\n\t<div id=\"col-786961175\" class=\"col medium-6 small-12 large-6\"  >\n\t\t\t\t<div class=\"col-inner text-right\"  >\n\t\t\t\n\t\t\t\n<a href=\"mailto:info@biorepack.org\" class=\"button primary is-large custom.green\" style=\"border-radius:99px;\">\n\t\t<span>Invia la candidatura<\/span>\n\t<\/a>\n\n\t\t<\/div>\n\t\t\t\t\n<style>\n#col-786961175 > .col-inner {\n  margin: -11px 0px 0px 0px;\n}\n<\/style>\n\t<\/div>\n\n\t\n<\/div>\n\t\t<\/div>\n\t\t\t\t\t<\/div>\n\n\t\n<\/div>\n\t<div id=\"gap-848553487\" class=\"gap-element clearfix\" style=\"display:block; height:auto;\">\n\t\t\n<style>\n#gap-848553487 {\n  padding-top: 30px;\n}\n<\/style>\n\t<\/div>\n\t\n<div class=\"row\"  id=\"row-1975651144\">\n\n\t<div id=\"col-393997496\" class=\"col medium-7 small-12 large-7\"  >\n\t\t\t\t<div class=\"col-inner\"  >\n\t\t\t\n\t\t\t\n<div class=\"row align-bottom\"  id=\"row-117743384\">\n\n\t<div id=\"col-1614622998\" class=\"col small-12 large-12\"  >\n\t\t\t\t<div class=\"col-inner\"  >\n\t\t\t\n\t\t\t\n\t<div id=\"text-3797634922\" class=\"text\">\n\t\t\n<h1 style=\"font-size: 24px; margin-bottom: 10px; color: #013a68; text-align: left;\">IMPANTO LE CORTINE \u2013 SIENA AMBIENTE<\/h1>\n\t\t\n<style>\n#text-3797634922 {\n  color: rgb(255,255,255);\n}\n#text-3797634922 > * {\n  color: rgb(255,255,255);\n}\n<\/style>\n\t<\/div>\n\t\n\t\t<\/div>\n\t\t\t\t\n<style>\n#col-1614622998 > .col-inner {\n  margin: 0px 0px -26px 0px;\n}\n<\/style>\n\t<\/div>\n\n\t\n<\/div>\n<div class=\"row align-bottom\"  id=\"row-371254880\">\n\n\t<div id=\"col-1696369271\" class=\"col medium-7 small-12 large-7\"  >\n\t\t\t\t<div class=\"col-inner\"  >\n\t\t\t\n\t\t\t\n\t<div id=\"text-3511431984\" class=\"text\">\n\t\t\n<p style=\"text-align: justify; color: #eb6408; margin-top: 0px;\"><img decoding=\"async\" src=\"https:\/\/www.educazionedigitale.it\/biorepack\/wp-content\/uploads\/2026\/04\/pin.png\" style=\"width: 5%; height: auto; margin-right:15px;\"><strong>Localit\u00e0: Asciano (SI)<\/strong><\/p>\n\t\t\n<style>\n#text-3511431984 {\n  color: rgb(255,255,255);\n}\n#text-3511431984 > * {\n  color: rgb(255,255,255);\n}\n<\/style>\n\t<\/div>\n\t\n\t\t<\/div>\n\t\t\t\t\n<style>\n#col-1696369271 > .col-inner {\n  margin: 0px 0px -9px 0px;\n}\n<\/style>\n\t<\/div>\n\n\t\n\n\t<div id=\"col-1975194632\" class=\"col medium-5 small-12 large-5\"  >\n\t\t\t\t<div class=\"col-inner text-right\"  >\n\t\t\t\n\t\t\t\n<a href=\"#cortine\" class=\"button white is-xsmall custom-green-2\" >\n\t\t<span>informazioni di servizio<\/span>\n\t<\/a>\n\n\t\t<\/div>\n\t\t\t\t\n<style>\n#col-1975194632 > .col-inner {\n  margin: -41px 0px -3px 0px;\n}\n<\/style>\n\t<\/div>\n\n\t\n<\/div>\n\t<div id=\"text-3631913404\" class=\"text\">\n\t\t\n<p style=\"text-align: justify; margin-top: -10px;\">L\u2019impianto Le Cortine, situato in localit\u00e0 Asciano e gestito da Sienambiente, \u00e8 una delle principali strutture per il trattamento della frazione organica del territorio. \u00c8 dotato di tecnologie all\u2019avanguardia e di un sistema per il trattamento delle raccolte differenziate tra i pi\u00f9 avanzati e innovativi a livello nazionale. La visita all\u2019impianto, articolata in una prima parte teorica e in una seconda dedicata all\u2019osservazione diretta, offre la possibilit\u00e0 di scoprire da vicino questi processi e molto altro. Permette inoltre di comprendere quanta tecnologia e quanto lavoro siano necessari per il trattamento dei rifiuti provenienti dalla raccolta differenziata.\n<\/p>\n\t\t\n<style>\n#text-3631913404 {\n  color: rgb(255,255,255);\n}\n#text-3631913404 > * {\n  color: rgb(255,255,255);\n}\n<\/style>\n\t<\/div>\n\t\n<div class=\"row\"  id=\"row-230477605\">\n\n\t<div id=\"col-1538611396\" class=\"col medium-6 small-12 large-6\"  >\n\t\t\t\t<div class=\"col-inner\"  >\n\t\t\t\n\t\t\t\n<p style=\"text-align: justify; color: #eb6408;\"><img decoding=\"async\" src=\"https:\/\/www.educazionedigitale.it\/biorepack\/wp-content\/uploads\/2026\/04\/email-icona-Impianti.png\" style=\"width: 10%; height: auto; margin-right:15px;\"><strong>info@biorepack.org<\/strong><\/p>\n\t\t<\/div>\n\t\t\t\t\t<\/div>\n\n\t\n\n\t<div id=\"col-2080307370\" class=\"col medium-6 small-12 large-6\"  >\n\t\t\t\t<div class=\"col-inner text-right\"  >\n\t\t\t\n\t\t\t\n<a href=\"mailto:info@biorepack.org\" class=\"button primary is-large custom.green\" style=\"border-radius:99px;\">\n\t\t<span>Invia la candidatura<\/span>\n\t<\/a>\n\n\t\t<\/div>\n\t\t\t\t\n<style>\n#col-2080307370 > .col-inner {\n  margin: -11px 0px 0px 0px;\n}\n<\/style>\n\t<\/div>\n\n\t\n<\/div>\n\t\t<\/div>\n\t\t\t\t\t<\/div>\n\n\t\n\n\t<div id=\"col-1500417690\" class=\"col medium-5 small-12 large-5\"  >\n\t\t\t\t<div class=\"col-inner\"  >\n\t\t\t\n\t\t\t\n\t<div class=\"img has-hover x md-x lg-x y md-y lg-y\" id=\"image_1424286791\">\n\t\t\t\t\t\t\t\t<div class=\"img-inner image-cover dark\" style=\"padding-top:100%;\">\n\t\t\t<img loading=\"lazy\" decoding=\"async\" width=\"710\" height=\"600\" src=\"https:\/\/www.educazionedigitale.it\/biorepack\/wp-content\/uploads\/2026\/04\/impianto-cortine.png\" class=\"attachment-original size-original\" alt=\"\" \/>\t\t\t\t\t\t\n\t\t\t\t\t<\/div>\n\t\t\t\t\t\t\t\t\n<style>\n#image_1424286791 {\n  width: 100%;\n}\n<\/style>\n\t<\/div>\n\t\n\t\t<\/div>\n\t\t\t\t\t<\/div>\n\n\t\n<\/div>\n\t\t<\/div>\n\t\t\t\t\t<\/div>\n\n\t\n<\/div>\n\t\t<\/div>\n\n\t\t\n<style>\n#section_315132276 {\n  padding-top: 0px;\n  padding-bottom: 0px;\n  background-color: rgba(89, 74, 66, 0.994);\n}\n#section_315132276 .section-bg img {\n  object-position: 50% 0%;\n}\n<\/style>\n\t<\/section>\n\t\n\n\t<section class=\"section\" id=\"section_1507715886\">\n\t\t<div class=\"section-bg fill\" >\n\t\t\t\t\t\t\t\t\t\n\t\t\t\n\n\t\t<\/div>\n\n\t\t\n\n\t\t<div class=\"section-content relative\">\n\t\t\t\n<div class=\"row row-collapse align-bottom align-center\"  id=\"row-334963738\">\n\n\t<div id=\"col-366024199\" class=\"col large-12\"  >\n\t\t\t\t<div class=\"col-inner\"  >\n\t\t\t\n\t\t\t\n<div style=\"width: 100%; height: auto; ; text-align:center; padding:7px\" class=\"invita-box\">\n<div style=\"font-size:20px; line-height:1.3; font-weight:bold\">Invita un\/una collega a partecipare:<br \/> <a href=\"#invita\"><img decoding=\"async\" src=\"https:\/\/www.educazionedigitale.it\/biorepack\/wp-content\/uploads\/2025\/10\/email.png\" width=\"50\" class=\"strumento-zoom\" style=\"margin-top:5px\"\/><\/a>&nbsp;&nbsp;<a href=\"https:\/\/www.facebook.com\/sharer\/sharer.php?u=https:\/\/www.educazionedigitale.it\/biorepack\/registrazione\" target=\"_blank\" rel=\"noopener noreferrer\"><img decoding=\"async\" src=\"https:\/\/www.educazionedigitale.it\/biorepack\/wp-content\/uploads\/2025\/10\/fb.png\" width=\"50\" class=\"strumento-zoom\" style=\"margin-top:5px\"\/><\/a>&nbsp;&nbsp;<a href=\"https:\/\/twitter.com\/intent\/tweet?url=https:\/\/www.educazionedigitale.it\/biorepack\/registrazione&#038;text=Registrati su EducazioneDigitale.it\" target=\"_blank\" rel=\"noopener noreferrer\"><img decoding=\"async\" src=\"https:\/\/www.educazionedigitale.it\/biorepack\/wp-content\/uploads\/2025\/10\/tw.png\" width=\"50\" class=\"strumento-zoom\" style=\"margin-top:5px\"\/><\/a>&nbsp;&nbsp;<a href=\"https:\/\/api.whatsapp.com\/send?text=https:\/\/www.educazionedigitale.it\/biorepack\/registrazione\" target=\"_blank\" rel=\"noopener noreferrer\"><img decoding=\"async\" src=\"https:\/\/www.educazionedigitale.it\/biorepack\/wp-content\/uploads\/2025\/10\/wp.png\" width=\"50\" class=\"strumento-zoom\" style=\"margin-top:5px\"\/><\/div>\n<p><\/a>\n<\/div>\n\t\t<\/div>\n\t\t\t\t\n<style>\n#col-366024199 > .col-inner {\n  margin: 0px 0px -20px 0px;\n}\n<\/style>\n\t<\/div>\n\n\t\n<\/div>\n\t<div id=\"gap-539793482\" class=\"gap-element clearfix\" style=\"display:block; height:auto;\">\n\t\t\n<style>\n#gap-539793482 {\n  padding-top: 50px;\n}\n<\/style>\n\t<\/div>\n\t\n\t\t<\/div>\n\n\t\t\n<style>\n#section_1507715886 {\n  padding-top: 20px;\n  padding-bottom: 20px;\n}\n<\/style>\n\t<\/section>\n\t\n\t<div id=\"gaia\"\n\t     class=\"lightbox-by-id lightbox-content mfp-hide lightbox-white \"\n\t     style=\"max-width:650px ;padding:20px\">\n\t\t<div class=\"row\"  id=\"row-562593249\">\n\t<div id=\"col-1824558855\" class=\"col large-12\"  >\n\t\t\t\t<div class=\"col-inner\"  >\n\t\t\t\n\t\t\t\n<h1 style=\"font-size: 30px; margin-bottom: 10px; color: #594a42!important; text-align: left; text-shadow: none!important;\">IMPIANTO GAIA<\/h1>\n<p style=\"text-align: justify; color: #eb6408;\"><img decoding=\"async\" style=\"width: 5%; height: auto; margin-right: 15px;\" src=\"https:\/\/www.educazionedigitale.it\/biorepack\/wp-content\/uploads\/2026\/04\/pin.png\" \/><strong>Localit\u00e0: San Damiano D\u2019Asti (AT)<\/strong><\/p>\n<ul>\n<li>La giornata migliore per effettuare le visite con le scuole \u00e8 il <strong>marted\u00ec<\/strong>.<\/li>\n<li>La visita guidata dura mediamente <strong>un\u2019ora ed \u00e8 \u201cperimetrale\u201d<\/strong>: data la natura dei rifiuti trattati, i visitatori non entrano all\u2019interno delle zone di lavorazione, ma vedono e percorrono il processo di compostaggio e digestione anaerobica attraverso un percorso dedicato.<\/li>\n<li>Le visite sono rivolte ai bambini dalla <strong>3^ scuola primaria <\/strong>in su e il gruppo deve essere di <strong>max di 50 persone<\/strong> (un autobus) per volta.<\/li>\n<li>Non \u00e8 possibile fare merenda all\u2019interno dell\u2019impianto.<\/li>\n<li>Indossare scarpe comode e da \u201cbattaglia\u201d poich\u00e9 il suolo potrebbe essere molto sporco. E per chi lo desidera, una mascherina per alleviare gli odori forti.<\/li>\n<\/ul>\n\t\t<\/div>\n\t\t\t\t\t<\/div>\n\n\t<\/div>\t<\/div>\n\t\n\t\n<p>\u00a0<\/p>\n\t<div id=\"cortine\"\n\t     class=\"lightbox-by-id lightbox-content mfp-hide lightbox-white \"\n\t     style=\"max-width:650px ;padding:20px\">\n\t\t<div class=\"row\"  id=\"row-337046935\">\n\t<div id=\"col-1780768274\" class=\"col large-12\"  >\n\t\t\t\t<div class=\"col-inner\"  >\n\t\t\t\n\t\t\t\n<h1 style=\"font-size: 30px; margin-bottom: 10px; color: #594a42!important; text-align: left; text-shadow: none!important;\">IMPANTO LE CORTINE<\/h1>\n<p style=\"text-align: justify; color: #eb6408;\"><img decoding=\"async\" style=\"width: 5%; height: auto; margin-right: 15px;\" src=\"https:\/\/www.educazionedigitale.it\/biorepack\/wp-content\/uploads\/2026\/04\/pin.png\" \/><strong>Localit\u00e0: Asciano (SI)<\/strong><\/p>\n<ul>\n<li>Le visite sono suddivise in una prima parte teorica, che si tiene nell\u2019aula didattica, e una seconda incentrata sulla visita vera e propria. <\/li>\n<li>Entrambe le fasi sono affidate a tecnici esperti di Sienambiente che in base all\u2019et\u00e0 e alle conoscenze del visitatore sanno trasmettere concetti complessi con un linguaggio semplice e chiaro.<\/li>\n<li>Il numero massimo di visitatori consentito \u00e8 <strong>30 persone<\/strong>.<\/li>\n<li>Normalmente le visite vengono effettuate il <strong>marted\u00ec e gioved\u00ec<\/strong>, preferibilmente la mattina.\n<\/li>\n<\/ul>\n\t\t<\/div>\n\t\t\t\t\t<\/div>\n\n\t<\/div>\t<\/div>\n\t\n\t\n<p><!--\n\n\n\n\n\n\n\n\n\n\n\n\n\n\n\n\n\n\n\n\n\n\n\n\n\n\n\n\n\n\n\n\n\n\n[lightbox id=\"prenotazione_103781\"]\n[title text=\"Prenotazione Visita Impianti\"]\n[prenotazione-new id=\"103781\"]\n[\/lightbox]\n\n\n\n\n\n\n\n\n\n\n\n\n\n\n\n\n\n\n\n\n\n\n\n\n\n\n\n\n\n\n\n\n\n\n--><\/p>\n","protected":false},"excerpt":{"rendered":"<p>\u00a0<\/p>\n","protected":false},"author":28,"featured_media":0,"parent":0,"menu_order":0,"comment_status":"closed","ping_status":"closed","template":"page-blank.php","meta":{"_monsterinsights_skip_tracking":false,"_monsterinsights_sitenote_active":false,"_monsterinsights_sitenote_note":"","_monsterinsights_sitenote_category":0,"footnotes":""},"class_list":["post-6620","page","type-page","status-publish","hentry"],"_links":{"self":[{"href":"https:\/\/www.educazionedigitale.it\/biorepack\/wp-json\/wp\/v2\/pages\/6620","targetHints":{"allow":["GET"]}}],"collection":[{"href":"https:\/\/www.educazionedigitale.it\/biorepack\/wp-json\/wp\/v2\/pages"}],"about":[{"href":"https:\/\/www.educazionedigitale.it\/biorepack\/wp-json\/wp\/v2\/types\/page"}],"author":[{"embeddable":true,"href":"https:\/\/www.educazionedigitale.it\/biorepack\/wp-json\/wp\/v2\/users\/28"}],"replies":[{"embeddable":true,"href":"https:\/\/www.educazionedigitale.it\/biorepack\/wp-json\/wp\/v2\/comments?post=6620"}],"version-history":[{"count":3,"href":"https:\/\/www.educazionedigitale.it\/biorepack\/wp-json\/wp\/v2\/pages\/6620\/revisions"}],"predecessor-version":[{"id":6785,"href":"https:\/\/www.educazionedigitale.it\/biorepack\/wp-json\/wp\/v2\/pages\/6620\/revisions\/6785"}],"wp:attachment":[{"href":"https:\/\/www.educazionedigitale.it\/biorepack\/wp-json\/wp\/v2\/media?parent=6620"}],"curies":[{"name":"wp","href":"https:\/\/api.w.org\/{rel}","templated":true}]}}