{"id":3772,"date":"2020-08-25T12:44:58","date_gmt":"2020-08-25T10:44:58","guid":{"rendered":"https:\/\/www.educazionedigitale.it\/bperbanca\/?page_id=3772"},"modified":"2024-06-14T17:55:35","modified_gmt":"2024-06-14T15:55:35","slug":"lezioni-pronte","status":"publish","type":"page","link":"https:\/\/www.educazionedigitale.it\/bperbanca\/lezioni-pronte\/","title":{"rendered":"Lezioni Pronte"},"content":{"rendered":"<div class=\"row\"  id=\"row-117702031\"><\/div>\n\n\t<div id=\"col-1389889633\" class=\"col large-12\"  >\n\t\t\t\t<div class=\"col-inner\"  >\n\t\t\t\n\t\t\t\t\t<\/div>\n\t\t\t\t\t<\/div>\n\n\t\n<h2>LEZIONI DIGITALI PER TE E LE TUE CLASSI<\/h2>\n<p style=\"text-align:justify\">Collegati alla <strong>CLASSE VIRTUALE<\/strong>, l\u2019utility di Educazione Digitale\u00ae strutturata per agevolare la didattica a distanza.<br \/>\nPotrai fruire gratuitamente delle <strong>lezioni pronte BPER BANCA<\/strong>, che potrai condividere con i tuoi studenti.<br \/>\nOgni lezione \u00e8 costituita da nuclei di approfondimento in animazione, momenti di verifica e discussione, project work, nonch\u00e9 dalla possibilit\u00e0 di tenere webinar di confronto con i tuoi ragazzi.<\/p>\n\t<div id=\"gap-777862470\" class=\"gap-element clearfix\" style=\"display:block; height:auto;\">\n\t\t\n<style>\n#gap-777862470 {\n  padding-top: 5px;\n}\n<\/style>\n\t<\/div>\n\t\n<div class=\"strumenti-classe-2\" style=\"height:auto; margin-bottom:0px;\">\n<div class=\"img-stru\" style=\"width:300px; float:left !important; margin-right:20px;\"><img decoding=\"async\"  src=\"https:\/\/www.educazionedigitale.it\/bperbanca\/wp-content\/uploads\/2019\/10\/bper-11-13.jpg\"  width=\"100%\" style=\"float:left !important; margin-right:10px;\" class=\"alignleft\"\/><\/div>\n<div class=\"testi-classe\" style=\" text-align:justify\">\n<div style=\"text-align:justify; margin-bottom:10px\"><span style=\"color:#2b747f\"><strong style=\"font-size:130%;\">LEZIONI PRONTE PER GLI STUDENTI DAGLI 11 AI 19 ANNI<\/strong><\/span><\/div>\n<div style=\"text-align:justify\">Due lezioni pronte, divise per target (11-13\/14-19 anni),  per avviare negli studenti una riflessione sull\u2019educazione civica e l\u2019educazione finanziaria, come parte fondante di un processo di crescita personale e sociale. Le lezioni intendono, inoltre, gettare le basi per una didattica interdisciplinare, soffermandosi sulla stretta correlazione tra i contenuti affrontati nei multimediali \u201cUn passo verso il futuro\u201d e le materie curricolari.<\/div>\n<\/div>\n<div class=\"testi-classe\" style=\"text-align: right; margin-top:-15px\"><a href=\"#comm-36\" class=\"commenti\" style=\"text-decoration:underline;margin-right:5px;\">COMMENTI<\/a>\n\t<a href=\"#voto-36\" class=\"commenti\" style=\"text-decoration:underline;margin-right:5px;\">\n\t\tVOTI\t<\/a>\n\t\n\t\t\t<a href=\"#scarica-36\" target=\"_self\" class=\"button button-primary button small custom-green\" style=\"margin-right:5px;\">guarda<\/a>\n\t<\/div>\n<\/div>\n\t<div id=\"gap-975336432\" class=\"gap-element clearfix\" style=\"display:block; height:auto;\">\n\t\t\n<style>\n#gap-975336432 {\n  padding-top: 200px;\n}\n<\/style>\n\t<\/div>\n\t\n\n\t\t<div id=\"scarica-36\"\n\t     class=\"lightbox-by-id lightbox-content mfp-hide lightbox-white \"\n\t     style=\"max-width:800px ;padding:20px\">\n\t\t\n\t\t        <h4>LEZIONI PRONTE PER GLI STUDENTI DAGLI 11 AI 19 ANNI<\/h4>\n    \n\t\t\t<div id=\"gap-1770109936\" class=\"gap-element clearfix\" style=\"display:block; height:auto;\">\n\t\t\n<style>\n#gap-1770109936 {\n  padding-top: 15px;\n}\n<\/style>\n\t<\/div>\n\t\n\t\t\t\t<meta charset=\"utf-8\">\n                    <script src=\"https:\/\/www.educazionedigitale.it\/php-custom\/language\/it.js\" type=\"text\/javascript\">\n            <\/script>\n                <script>\n            var path_principale = 'https:\/\/www.educazionedigitale.it\/bperbanca\/';\n            var path_totale = 'https:\/\/www.educazionedigitale.it\/php-custom\/';\n            var directory = 'bperbanca';\n            var fileid = '9736';\n            \n            function checkScarica(fileid)\n            {\n                \/\/alert('ERRORE TEMPORANEO DEL SISTEMA (CODE: '+fileid+'-'+document.getElementById('accetta'+fileid).checked+'-'+document.getElementById('nr_classi'+fileid).value+'), RIPROVARE PIU\\' TARDI');\n                \n                nc = parseInt(document.getElementById('nr_classi'+fileid).value);\n                ns = parseInt(document.getElementById('nr_studenti'+fileid).value);\n                \n                downCheck = true;\n                downCheckTxt = '';\n                \n                if(nc < 1){\n                    downCheck = false;\n                    downCheckTxt += '\\r - Il NR. di CLASSI \u00e8 INFERIORE a 1.';\n                }else if(nc > 30){\n                    downCheck = false;\n                    downCheckTxt += '\\r - Il NR. MAX. di CLASSI inseribili \u00e8 30.';\n                }\n                                \n                if(ns < 1){\n                    downCheck = false;\n                    downCheckTxt += '\\r - Il NR. di STUDENTI \u00e8 INFERIORE a 1.';\n                }else if(ns < nc){\n                    downCheck = false;\n                    downCheckTxt += '\\r - Il NR. di STUDENTI \u00e8 INFERIORE al NR. di CLASSI.';\n                }else if(ns > 1000){\n                    downCheck = false;\n                    downCheckTxt += '\\r - Il NR. MAX. di STUDENTI inseribili \u00e8 1000.';\n                }\n                \n                if(document.getElementById('accetta'+fileid).checked == false){\n                    downCheck = false;\n                    downCheckTxt += '\\r - E\\' necessario ACCETTARE i termini.';\n                }\n                \n                if(downCheck){\n\t\t\t\t\tif(document.getElementById('comm-scarica'+fileid)){\n\t\t\t\t\t\tdocument.getElementById('comm-scarica'+fileid).style.display = 'block';\n\t\t\t\t\t}\n                    document.getElementById('form1'+fileid).submit();\n                }else{\n                    alert('ATTENZIONE'+downCheckTxt);\n                }\n            }\n        <\/script>\n    \n        \n                            Esegui il\n                        \n            <a href=\"#login\" target=\"_self\" onclick=\"document.getElementById('login-auto-popup').value='scarica-36';\" class=\"button primary custom-green\" style=\"color:#fff\">\n                LOGIN\n            <\/a>\n                <\/body>\n        <\/html>\n\t\n\t\t\t<div id=\"gap-519847885\" class=\"gap-element clearfix\" style=\"display:block; height:auto;\">\n\t\t\n<style>\n#gap-519847885 {\n  padding-top: 15px;\n}\n<\/style>\n\t<\/div>\n\t\n\t\t<\/div>\n\t\n\t\n\t\t<div id=\"comm-36\"\n\t     class=\"lightbox-by-id lightbox-content mfp-hide lightbox-white \"\n\t     style=\"max-width:800px ;padding:20px\">\n\t\t\n\t\t        <h4>LEZIONI PRONTE PER GLI STUDENTI DAGLI 11 AI 19 ANNI<\/h4>\n    \n\t\t\t<div id=\"gap-97298175\" class=\"gap-element clearfix\" style=\"display:block; height:auto;\">\n\t\t\n<style>\n#gap-97298175 {\n  padding-top: 15px;\n}\n<\/style>\n\t<\/div>\n\t\n\t\t\t\n\t<meta charset=\"utf-8\">\n\t\t\t<script src=\"https:\/\/www.educazionedigitale.it\/php-custom\/language\/it.js\" type=\"text\/javascript\"><\/script>\n\t\t<script>\n\t\tvar path_principale = 'https:\/\/www.educazionedigitale.it\/bperbanca\/';\n\t\tvar path_totale_comm = 'https:\/\/www.educazionedigitale.it\/php-custom\/';\n\t\tvar directory = 'bperbanca';\n\t\tvar fileid = '9736';\n\t<\/script>\n\t<script src=\"https:\/\/www.educazionedigitale.it\/php-custom\/commenti\/js\/actions-commenti.js\"><\/script>\n\t\n\t                            Per <strong>VISUALIZZARE e LASCIARE COMMENTI<\/strong> esegui il <a href=\"#login\" target=\"_self\" onclick=\"document.getElementById('login-auto-popup').value='comm-36';\" class=\"button primary custom-green\" style=\"color:#fff;\">LOGIN<\/a>\n            \t\t\t<br\/>\n\t\t\t<br\/>\n\t\t\n\t\t\n\t\t<\/div>\n\t\n\t\n\t\t<div id=\"voto-36\"\n\t     class=\"lightbox-by-id lightbox-content mfp-hide lightbox-white \"\n\t     style=\"max-width:500px ;padding:20px\">\n\t\t\n\t\t        <h4>LEZIONI PRONTE PER GLI STUDENTI DAGLI 11 AI 19 ANNI<\/h4>\n    \n\t\t\t<div id=\"gap-434320326\" class=\"gap-element clearfix\" style=\"display:block; height:auto;\">\n\t\t\n<style>\n#gap-434320326 {\n  padding-top: 15px;\n}\n<\/style>\n\t<\/div>\n\t\n\t\t\t\n\t<meta charset=\"iso-8859-1\">\n\t\t\t<script src=\"https:\/\/www.educazionedigitale.it\/php-custom\/language\/it.js\" type=\"text\/javascript\"><\/script>\n\t\t<script>\n\t\tvar path_principale = 'https:\/\/www.educazionedigitale.it\/bperbanca\/';\n\t\tvar path_totale_comm = 'https:\/\/www.educazionedigitale.it\/php-custom\/';\n\t\tvar directory = 'bperbanca';\n\t\tvar fileid = '9736';\n\t<\/script>\n\t<script src=\"https:\/\/www.educazionedigitale.it\/php-custom\/voti\/js\/actions-voti.js\"><\/script>\n\t<style>\n\t\t.stars{\n\t\t\twidth:170px;\n\t\t\theight:36px;\n\t\t\toverflow:hidden;\n\t\t\tborder-radius:10px;\n\t\t\tbackground:url(https:\/\/www.educazionedigitale.it\/php-custom\/img\/rating-stars-small.png) no-repeat;\n\t\t\tborder:1px solid #ccc;\n\t\t\tmargin-bottom:5px;\n\t\t\tcursor:pointer;\n\t\t}\n\t\t.stars1{\n\t\t\tbackground-position:0 0px;\n\t\t}\n\t\t.stars2{\n\t\t\tbackground-position:0 -31px;\n\t\t}\n\t\t.stars3{\n\t\t\tbackground-position:0 -62px;\n\t\t}\n\t\t.stars4{\n\t\t\tbackground-position:0 -93px;\n\t\t}\n\t\t.stars5{\n\t\t\tbackground-position:0 -124px;\n\t\t}\n\t\t.stars-selected,\n\t\t.stars:hover{\n\t\t\tbackground-color:#F90;\n\t\t\tborder:1px solid #f60;\n\t\t}\n\t<\/style>\n\t                            Per <strong>VOTARE LA RISORSA<\/strong> esegui il <a href=\"#login\" target=\"_self\" onclick=\"document.getElementById('login-auto-popup').value='voto-36';\" class=\"button primary custom-green\" style=\"color:#fff;\">LOGIN<\/a>\n                        <br\/>\n\t\t\t<br\/>\n\t\t\n\t\t<\/div>\n\t\n\t\n\t\t<div id=\"invita-risorsa-36\"\n\t     class=\"lightbox-by-id lightbox-content mfp-hide lightbox-white \"\n\t     style=\"max-width:800px ;padding:20px\">\n\t\t\n\t\t<div class=\"container section-title-container\" ><h3 class=\"section-title section-title-normal\"><b aria-hidden=\"true\"><\/b><span class=\"section-title-main\" >Invita un collega a utilizzare &quot;&quot;<\/span><b aria-hidden=\"true\"><\/b><\/h3><\/div>    \n\t<meta charset=\"utf-8\">\n\t\n    \t\t<p align=\"center\">Esegui il <a class=\"button button-primary custom-green\" href=\"#login\">LOGIN<\/a><\/p>\n\t\n\t\t<\/div>\n\t\n\t\n\t\t\t<div id=\"rispondi-36\"\n\t     class=\"lightbox-by-id lightbox-content mfp-hide lightbox-white \"\n\t     style=\"max-width:800px ;padding:20px\">\n\t\t\n\t\t\t        <h4>LEZIONI PRONTE PER GLI STUDENTI DAGLI 11 AI 19 ANNI<\/h4>\n    \n\t\t\t\t<div id=\"gap-1167429213\" class=\"gap-element clearfix\" style=\"display:block; height:auto;\">\n\t\t\n<style>\n#gap-1167429213 {\n  padding-top: 15px;\n}\n<\/style>\n\t<\/div>\n\t\n\t\t\t<div style=\"padding:50px;background:#faa;text-align:center;\">\n\t\t\t\t<h1 style=\"color:#900;\">ERRORE. ELEMENTO ID \"36\/36\" INESISTENTE.<\/h1>\n\t\t\t\t<p style=\"color:#444;\"><b>RIVOLGITI A NOI<\/b> per risolvere il problema <a href=\"..\/contatti\" target=\"_blank\" style=\"color:#900;\"><b>CLICCANDI QUI<\/b><\/a><\/p>\n\t\t\t<\/div>\n\t\t\t<\/div>\n\t\n\t\t\n\t<a \tid=\"autopopup-scarica-36\"\thref=\"#scarica-36\"><\/a>\n\t<a \tid=\"autopopup-comm-36\"\t\thref=\"#comm-36\"><\/a>\n\t<a \tid=\"autopopup-voto-36\" \t\thref=\"#voto-36\"><\/a>\n\t<a \tid=\"autopopup-rispondi-36\"\thref=\"#rispondi-36\"><\/a>\n\t\n\t\n","protected":false},"excerpt":{"rendered":"\n  <div class=\"banner has-hover banner-home\" id=\"banner-1517326000\">\n          <div class=\"banner-inner fill\">\n        <div class=\"banner-bg fill\" >\n            <img width=\"2000\" height=\"250\" src=\"https:\/\/www.educazionedigitale.it\/bperbanca\/wp-content\/uploads\/2019\/05\/slider-BPER-250.jpg\" class=\"bg attachment-original size-original\" alt=\"\" decoding=\"async\" loading=\"lazy\" \/>                                    \n                    <\/div>\n\t\t\n        <div class=\"banner-layers container\">\n            <div class=\"fill banner-link\"><\/div>            \n   <div id=\"text-box-347809162\" class=\"text-box banner-layer x10 md-x10 lg-x10 y50 md-y50 lg-y50 res-text\">\n                     <div data-animate=\"fadeInLeft\">           <div class=\"text-box-content text dark\">\n              \n              <div class=\"text-inner text-left\">\n                  \n              <\/div>\n           <\/div>\n       <\/div>                     \n<style>\n#text-box-347809162 {\n  width: 60%;\n}\n#text-box-347809162 .text-box-content {\n  font-size: 100%;\n}\n@media (min-width:550px) {\n  #text-box-347809162 {\n    width: 80%;\n  }\n}\n<\/style>\n    <\/div>\n \n        <\/div>\n      <\/div>\n\n            \n<style>\n#banner-1517326000 {\n  padding-top: 200px;\n}\n<\/style>\n  <\/div>\n\n\n","protected":false},"author":36,"featured_media":0,"parent":0,"menu_order":0,"comment_status":"closed","ping_status":"closed","template":"","meta":{"_monsterinsights_skip_tracking":false,"_monsterinsights_sitenote_active":false,"_monsterinsights_sitenote_note":"","_monsterinsights_sitenote_category":0,"footnotes":""},"class_list":["post-3772","page","type-page","status-publish","hentry"],"_links":{"self":[{"href":"https:\/\/www.educazionedigitale.it\/bperbanca\/wp-json\/wp\/v2\/pages\/3772","targetHints":{"allow":["GET"]}}],"collection":[{"href":"https:\/\/www.educazionedigitale.it\/bperbanca\/wp-json\/wp\/v2\/pages"}],"about":[{"href":"https:\/\/www.educazionedigitale.it\/bperbanca\/wp-json\/wp\/v2\/types\/page"}],"author":[{"embeddable":true,"href":"https:\/\/www.educazionedigitale.it\/bperbanca\/wp-json\/wp\/v2\/users\/36"}],"replies":[{"embeddable":true,"href":"https:\/\/www.educazionedigitale.it\/bperbanca\/wp-json\/wp\/v2\/comments?post=3772"}],"version-history":[{"count":3,"href":"https:\/\/www.educazionedigitale.it\/bperbanca\/wp-json\/wp\/v2\/pages\/3772\/revisions"}],"predecessor-version":[{"id":4726,"href":"https:\/\/www.educazionedigitale.it\/bperbanca\/wp-json\/wp\/v2\/pages\/3772\/revisions\/4726"}],"wp:attachment":[{"href":"https:\/\/www.educazionedigitale.it\/bperbanca\/wp-json\/wp\/v2\/media?parent=3772"}],"curies":[{"name":"wp","href":"https:\/\/api.w.org\/{rel}","templated":true}]}}