{"id":6369,"date":"2024-12-16T15:18:55","date_gmt":"2024-12-16T14:18:55","guid":{"rendered":"https:\/\/www.educazionedigitale.it\/campioniognigiorno\/?page_id=6369"},"modified":"2025-07-28T15:19:23","modified_gmt":"2025-07-28T13:19:23","slug":"il-progetto","status":"publish","type":"page","link":"https:\/\/www.educazionedigitale.it\/campioniognigiorno\/il-progetto\/","title":{"rendered":"Il Progetto"},"content":{"rendered":"\n  <div class=\"banner has-hover banner-home\" id=\"banner-669225719\">\n          <div class=\"banner-inner fill\">\n        <div class=\"banner-bg fill\" >\n            <img loading=\"lazy\" decoding=\"async\" width=\"1691\" height=\"540\" src=\"https:\/\/www.educazionedigitale.it\/campioniognigiorno\/wp-content\/uploads\/2025\/06\/bnew4.jpg\" class=\"bg attachment-original size-original\" alt=\"\" \/>                        <div class=\"overlay\"><\/div>            \n                    <\/div>\n\t\t\n\t<div class=\"ux-shape-divider ux-shape-divider--bottom ux-shape-divider--style-curve-invert\">\n\t\t<svg viewBox=\"0 0 1000 100\" xmlns=\"http:\/\/www.w3.org\/2000\/svg\" preserveAspectRatio=\"none\">\n\t<path class=\"ux-shape-fill\" d=\"M500 47.0297C184.4 47.0297 -26 100 -26 100H1026C1026 100 815.6 47.0297 500 47.0297ZM1026 -5.94059H-26V-7H1026V-5.94059Z\"\/>\n<\/svg>\n\n\t<\/div>\n        <div class=\"banner-layers container\">\n            <div class=\"fill banner-link\"><\/div>            \n   <div id=\"text-box-543804502\" class=\"text-box banner-layer x95 md-x5 lg-x0 y70 md-y80 lg-y75 res-text\">\n                     <div data-animate=\"none\">           <div class=\"text-box-content text \">\n              \n              <div class=\"text-inner text-left\">\n                  \n\t<div id=\"text-1995548177\" class=\"text\">\n\t\t\n<h1 style=\"color:white !important\">Il Progetto<\/h1>\n\t\t\n<style>\n#text-1995548177 {\n  font-size: 0.75rem;\n  color: rgb(255,255,255);\n}\n#text-1995548177 > * {\n  color: rgb(255,255,255);\n}\n@media (min-width:550px) {\n  #text-1995548177 {\n    font-size: 1rem;\n  }\n}\n@media (min-width:850px) {\n  #text-1995548177 {\n    font-size: 1.25rem;\n  }\n}\n<\/style>\n\t<\/div>\n\t\n\t<div id=\"text-4248379199\" class=\"text\">\n\t\t\n<h3 style=\"color:#fff !important\">Educare all\u2019inclusione attraverso lo sport<\/h3>\n\t\t\n<style>\n#text-4248379199 {\n  font-size: 0.75rem;\n  color: rgb(255,255,255);\n}\n#text-4248379199 > * {\n  color: rgb(255,255,255);\n}\n@media (min-width:550px) {\n  #text-4248379199 {\n    font-size: 0.8rem;\n  }\n}\n<\/style>\n\t<\/div>\n\t\n              <\/div>\n           <\/div>\n       <\/div>                     \n<style>\n#text-box-543804502 {\n  margin: 0px 0px 0px 14px;\n  width: 89%;\n}\n#text-box-543804502 .text-box-content {\n  font-size: 100%;\n}\n@media (min-width:550px) {\n  #text-box-543804502 {\n    width: 80%;\n  }\n}\n<\/style>\n    <\/div>\n \n        <\/div>\n      <\/div>\n\n            \n<style>\n#banner-669225719 {\n  padding-top: 459px;\n}\n#banner-669225719 .overlay {\n  background-color: rgba(0, 0, 0, 0.157);\n}\n#banner-669225719 .banner-bg img {\n  object-position: 72% 26%;\n}\n#banner-669225719 .ux-shape-divider--bottom svg {\n  height: 80px;\n  --divider-width: 100%;\n}\n@media (min-width:550px) {\n  #banner-669225719 {\n    padding-top: 424px;\n  }\n}\n@media (min-width:850px) {\n  #banner-669225719 {\n    padding-top: 450px;\n  }\n}\n<\/style>\n  <\/div>\n\n\n\n\t<section class=\"section\" id=\"section_75465939\">\n\t\t<div class=\"section-bg fill\" >\n\t\t\t\t\t\t\t\t\t\n\t\t\t\n\n\t\t<\/div>\n\n\t\t\n\n\t\t<div class=\"section-content relative\">\n\t\t\t\n<div class=\"row align-middle\"  id=\"row-516381077\">\n\n\t<div id=\"col-501818881\" class=\"col hide-for-small medium-4 small-12 large-4\"  data-animate=\"blurIn\">\n\t\t\t\t<div class=\"col-inner text-right\"  >\n\t\t\t\n\t\t\t\n\t<div class=\"img has-hover x md-x lg-x y md-y lg-y\" id=\"image_710101642\">\n\t\t\t\t\t\t\t\t<div class=\"img-inner dark\" >\n\t\t\t<img loading=\"lazy\" decoding=\"async\" width=\"800\" height=\"800\" src=\"https:\/\/www.educazionedigitale.it\/campioniognigiorno\/wp-content\/uploads\/2025\/06\/progimg.png\" class=\"attachment-original size-original\" alt=\"\" srcset=\"https:\/\/www.educazionedigitale.it\/campioniognigiorno\/wp-content\/uploads\/2025\/06\/progimg.png 800w, https:\/\/www.educazionedigitale.it\/campioniognigiorno\/wp-content\/uploads\/2025\/06\/progimg-340x340.png 340w, https:\/\/www.educazionedigitale.it\/campioniognigiorno\/wp-content\/uploads\/2025\/06\/progimg-768x768.png 768w\" sizes=\"auto, (max-width: 800px) 100vw, 800px\" \/>\t\t\t\t\t\t\n\t\t\t\t\t<\/div>\n\t\t\t\t\t\t\t\t\n<style>\n#image_710101642 {\n  width: 97%;\n}\n<\/style>\n\t<\/div>\n\t\n\t\t<\/div>\n\t\t\t\t\t<\/div>\n\n\t\n\n\t<div id=\"col-596466854\" class=\"col medium-8 small-12 large-8\"  data-animate=\"blurIn\">\n\t\t\t\t<div class=\"col-inner\"  >\n\t\t\t\n\t\t\t\n\t<div id=\"text-153991968\" class=\"text\">\n\t\t\n<p style=\"text-align: justify; margin-bottom: 15px;\">Lo <strong style=\"font-weight: 600;\">sport<\/strong>, insieme alla famiglia e alla scuola, \u00e8 un <strong style=\"font-weight: 600;\">agente di inclusione fondamentale<\/strong> per bambine e bambini, ma per chi ha una disabilit\u00e0 \u00e8 molto di pi\u00f9: \u00e8 un \u2018<strong style=\"font-weight: 600;\">ponte\u2019 verso la vita, che aiuta a socializzare, conoscere il proprio corpo e superare i propri limiti<\/strong>.\u00a0 Ancora oggi per\u00f2 molti bambine e bambini con disabilit\u00e0 affrontano ostacoli nella partecipazione alle attivit\u00e0 motorie. La collaborazione e l\u2019aiuto reciproco sono ingredienti imprescindibili per il successo degli atleti, cos\u00ec diventa cruciale costruire \u2018<strong style=\"font-weight: 600;\">sistemi virtuosi\u2019 in cui si collabora insieme per un obiettivo comune<\/strong>.<\/p>\n\t\t\n<style>\n#text-153991968 {\n  text-align: center;\n}\n<\/style>\n\t<\/div>\n\t\n\t<div id=\"text-1418571335\" class=\"text\">\n\t\t\n<p style=\"font-weight:700; font-size:140%; margin-bottom:0px; line-height:1.4\">Siete pronti a rispondere questa sfida, gi\u00e0 in classe<br \/> e con i vostri studenti?<\/p>\n\t\t\n<style>\n#text-1418571335 {\n  text-align: center;\n  color: #003da5;\n}\n#text-1418571335 > * {\n  color: #003da5;\n}\n@media (min-width:550px) {\n  #text-1418571335 {\n    text-align: left;\n  }\n}\n<\/style>\n\t<\/div>\n\t\n\t\t<\/div>\n\t\t\t\t\n<style>\n#col-596466854 > .col-inner {\n  padding: 0px 0px 0px 25px;\n}\n<\/style>\n\t<\/div>\n\n\t\n<\/div>\n\t\t<\/div>\n\n\t\t\n<style>\n#section_75465939 {\n  padding-top: 30px;\n  padding-bottom: 30px;\n  margin-bottom: -30px;\n}\n<\/style>\n\t<\/section>\n\t\n\n\t<section class=\"section\" id=\"section_1133359642\">\n\t\t<div class=\"section-bg fill\" >\n\t\t\t\t\t\t\t\t\t\n\t\t\t\n\n\t\t<\/div>\n\n\t\t\t<div class=\"ux-shape-divider ux-shape-divider--top ux-shape-divider--style-curve\">\n\t\t<svg viewBox=\"0 0 1000 100\" xmlns=\"http:\/\/www.w3.org\/2000\/svg\" preserveAspectRatio=\"none\">\n\t<path class=\"ux-shape-fill\" d=\"M0 0C0 0 200 50 500 50C800 50 1000 0 1000 0V101H0V1V0Z\"\/>\n<\/svg>\n\t<\/div>\n\n\n\t\t<div class=\"section-content relative\">\n\t\t\t\n<div class=\"row row-collapse\"  id=\"row-714916279\">\n\n\t<div id=\"col-652802293\" class=\"col medium-1 small-3 large-1\"  >\n\t\t\t\t<div class=\"col-inner\"  >\n\t\t\t\n\t\t\t\n\t<div class=\"img has-hover x md-x lg-x y md-y lg-y\" id=\"image_724065727\">\n\t\t\t\t\t\t\t\t<div class=\"img-inner dark\" >\n\t\t\t\t\t\t\t\t\t\n\t\t\t\t\t<\/div>\n\t\t\t\t\t\t\t\t\n<style>\n#image_724065727 {\n  width: 60%;\n}\n<\/style>\n\t<\/div>\n\t\n\t\t<\/div>\n\t\t\t\t\t<\/div>\n\n\t\n<\/div>\n\t<div id=\"gap-246844608\" class=\"gap-element clearfix\" style=\"display:block; height:auto;\">\n\t\t\n<style>\n#gap-246844608 {\n  padding-top: 10px;\n}\n<\/style>\n\t<\/div>\n\t\n<div class=\"row row-collapse align-middle\"  id=\"row-1642275139\">\n\n\t<div id=\"col-142958095\" class=\"col small-12 large-12\"  data-animate=\"blurIn\">\n\t\t\t\t<div class=\"col-inner text-right\"  >\n\t\t\t\n\t\t\t\n\t<div id=\"text-1793863877\" class=\"text\">\n\t\t\n<h2>Prepariamoci ai Giochi Olimpici e Paralimpici Invernali di Milano Cortina 2026<\/h2>\n\t\t\n<style>\n#text-1793863877 {\n  font-size: 1.65rem;\n  text-align: center;\n}\n@media (min-width:550px) {\n  #text-1793863877 {\n    font-size: 1.5rem;\n  }\n}\n<\/style>\n\t<\/div>\n\t\n\t\t<\/div>\n\t\t\t\t\n<style>\n#col-142958095 > .col-inner {\n  margin: 0px 0px 5px 0px;\n}\n<\/style>\n\t<\/div>\n\n\t\n\n\t<div id=\"col-2031347371\" class=\"col medium-8 small-12 large-8\"  data-animate=\"blurIn\">\n\t\t\t\t<div class=\"col-inner text-right\"  >\n\t\t\t\n\t\t\t\n<p style=\"text-align: justify;\">I Giochi Olimpici e Paralimpici Invernali di Milano Cortina 2026 portano con s\u00e9 un <strong style=\"font-weight: 600;\">bagaglio di valori essenziali da divulgare nelle scuole di ogni ordine e grado<\/strong>: principi chiave e benefici dello sport, inclusione e senso di squadra, soft skills connesse alle discipline sportive invernali.<\/p>\n\t\t<\/div>\n\t\t\t\t\n<style>\n#col-2031347371 > .col-inner {\n  padding: 0px 20px 0px 20px;\n}\n@media (min-width:550px) {\n  #col-2031347371 > .col-inner {\n    padding: 0px 100px 0px 20px;\n  }\n}\n@media (min-width:850px) {\n  #col-2031347371 > .col-inner {\n    padding: 0px 100px 0px 0px;\n  }\n}\n<\/style>\n\t<\/div>\n\n\t\n\n\t<div id=\"col-218203435\" class=\"col medium-4 small-12 large-4\"  data-animate=\"blurIn\">\n\t\t\t\t<div class=\"col-inner text-right\"  >\n\t\t\t\n\t\t\t\n\t<div class=\"img has-hover x md-x lg-x y md-y lg-y\" id=\"image_1965127102\">\n\t\t\t\t\t\t\t\t<div class=\"img-inner dark\" style=\"margin:0px 0px 0px -70px;\">\n\t\t\t<img loading=\"lazy\" decoding=\"async\" width=\"584\" height=\"479\" src=\"https:\/\/www.educazionedigitale.it\/campioniognigiorno\/wp-content\/uploads\/2025\/07\/pg-cortina-2.png\" class=\"attachment-original size-original\" alt=\"\" \/>\t\t\t\t\t\t\n\t\t\t\t\t<\/div>\n\t\t\t\t\t\t\t\t\n<style>\n#image_1965127102 {\n  width: 100%;\n}\n<\/style>\n\t<\/div>\n\t\n\t\t<\/div>\n\t\t\t\t\n<style>\n#col-218203435 > .col-inner {\n  margin: 0px 0px 0px -5px;\n}\n@media (min-width:550px) {\n  #col-218203435 > .col-inner {\n    margin: 0px 0px -30px 0px;\n  }\n}\n@media (min-width:850px) {\n  #col-218203435 > .col-inner {\n    margin: 0px 0px -40px 0px;\n  }\n}\n<\/style>\n\t<\/div>\n\n\t\n\n\t<div id=\"col-66091962\" class=\"col hide-for-small medium-4 small-12 large-4\"  data-animate=\"blurIn\">\n\t\t\t\t<div class=\"col-inner text-left\"  >\n\t\t\t\n\t\t\t\n\t<div class=\"img has-hover x md-x lg-x y md-y lg-y\" id=\"image_229771646\">\n\t\t\t\t\t\t\t\t<div class=\"img-inner dark\" >\n\t\t\t<img loading=\"lazy\" decoding=\"async\" width=\"700\" height=\"700\" src=\"https:\/\/www.educazionedigitale.it\/campioniognigiorno\/wp-content\/uploads\/2025\/06\/imgprog2.png\" class=\"attachment-original size-original\" alt=\"\" srcset=\"https:\/\/www.educazionedigitale.it\/campioniognigiorno\/wp-content\/uploads\/2025\/06\/imgprog2.png 700w, https:\/\/www.educazionedigitale.it\/campioniognigiorno\/wp-content\/uploads\/2025\/06\/imgprog2-340x340.png 340w\" sizes=\"auto, (max-width: 700px) 100vw, 700px\" \/>\t\t\t\t\t\t\n\t\t\t\t\t<\/div>\n\t\t\t\t\t\t\t\t\n<style>\n#image_229771646 {\n  width: 97%;\n}\n<\/style>\n\t<\/div>\n\t\n\t\t<\/div>\n\t\t\t\t\n<style>\n#col-66091962 > .col-inner {\n  margin: -30px 0px 0px 0px;\n}\n@media (min-width:850px) {\n  #col-66091962 > .col-inner {\n    margin: -50px 0px 0px 0px;\n  }\n}\n<\/style>\n\t<\/div>\n\n\t\n\n\t<div id=\"col-301220811\" class=\"col medium-8 small-12 large-8\"  data-animate=\"blurIn\">\n\t\t\t\t<div class=\"col-inner text-right\"  >\n\t\t\t\n\t\t\t\n\t<div id=\"text-2864870320\" class=\"text\">\n\t\t\n<p style=\"text-align: justify;\">Attraverso storie di atleti che hanno superato ostacoli fisici, sociali e culturali, il percorso vuole <strong style=\"font-weight:600\">ispirare i giovani<\/strong> a guardare oltre i limiti imposti dai pregiudizi e dalle barriere, <strong style=\"font-weight:600\">sviluppando empatia, rispetto, coraggio e spirito di squadra<\/strong>.<\/p>\n\t\t\n<style>\n#text-2864870320 {\n  text-align: right;\n}\n<\/style>\n\t<\/div>\n\t\n\t\t<\/div>\n\t\t\t\t\n<style>\n#col-301220811 > .col-inner {\n  padding: 0px 20px 0px 20px;\n}\n@media (min-width:550px) {\n  #col-301220811 > .col-inner {\n    padding: 0px 20px 0px 100px;\n  }\n}\n@media (min-width:850px) {\n  #col-301220811 > .col-inner {\n    padding: 0px 0px 0px 100px;\n  }\n}\n<\/style>\n\t<\/div>\n\n\t\n<\/div>\n\t<div id=\"gap-2083633691\" class=\"gap-element clearfix\" style=\"display:block; height:auto;\">\n\t\t\n<style>\n#gap-2083633691 {\n  padding-top: 30px;\n}\n<\/style>\n\t<\/div>\n\t\n\t<div id=\"gap-2019277914\" class=\"gap-element clearfix\" style=\"display:block; height:auto;\">\n\t\t\n<style>\n#gap-2019277914 {\n  padding-top: 47px;\n}\n<\/style>\n\t<\/div>\n\t\n\t\t<\/div>\n\n\t\t\n<style>\n#section_1133359642 {\n  padding-top: 80px;\n  padding-bottom: 80px;\n  background-color: rgb(215, 226, 243);\n}\n#section_1133359642 .ux-shape-divider--top svg {\n  height: 80px;\n  --divider-top-width: 100%;\n}\n<\/style>\n\t<\/section>\n\t\n","protected":false},"excerpt":{"rendered":"","protected":false},"author":28,"featured_media":0,"parent":0,"menu_order":0,"comment_status":"closed","ping_status":"closed","template":"page-blank.php","meta":{"_monsterinsights_skip_tracking":false,"_monsterinsights_sitenote_active":false,"_monsterinsights_sitenote_note":"","_monsterinsights_sitenote_category":0,"footnotes":""},"class_list":["post-6369","page","type-page","status-publish","hentry"],"_links":{"self":[{"href":"https:\/\/www.educazionedigitale.it\/campioniognigiorno\/wp-json\/wp\/v2\/pages\/6369","targetHints":{"allow":["GET"]}}],"collection":[{"href":"https:\/\/www.educazionedigitale.it\/campioniognigiorno\/wp-json\/wp\/v2\/pages"}],"about":[{"href":"https:\/\/www.educazionedigitale.it\/campioniognigiorno\/wp-json\/wp\/v2\/types\/page"}],"author":[{"embeddable":true,"href":"https:\/\/www.educazionedigitale.it\/campioniognigiorno\/wp-json\/wp\/v2\/users\/28"}],"replies":[{"embeddable":true,"href":"https:\/\/www.educazionedigitale.it\/campioniognigiorno\/wp-json\/wp\/v2\/comments?post=6369"}],"version-history":[{"count":3,"href":"https:\/\/www.educazionedigitale.it\/campioniognigiorno\/wp-json\/wp\/v2\/pages\/6369\/revisions"}],"predecessor-version":[{"id":6627,"href":"https:\/\/www.educazionedigitale.it\/campioniognigiorno\/wp-json\/wp\/v2\/pages\/6369\/revisions\/6627"}],"wp:attachment":[{"href":"https:\/\/www.educazionedigitale.it\/campioniognigiorno\/wp-json\/wp\/v2\/media?parent=6369"}],"curies":[{"name":"wp","href":"https:\/\/api.w.org\/{rel}","templated":true}]}}