{"id":2338,"date":"2017-12-10T23:00:31","date_gmt":"2017-12-10T22:00:31","guid":{"rendered":"http:\/\/www.educazionedigitale.it\/cheimpresaragazzi\/?page_id=2338"},"modified":"2023-11-14T10:04:22","modified_gmt":"2023-11-14T09:04:22","slug":"video-lezione","status":"publish","type":"page","link":"https:\/\/www.educazionedigitale.it\/cheimpresaragazzi\/video-lezione\/","title":{"rendered":"Video Lezione"},"content":{"rendered":"<div class=\"row\"  id=\"row-1831047507\">\n\n\t<div id=\"col-1204058419\" class=\"col medium-1\/1 large-12\"  >\n\t\t\t\t<div class=\"col-inner\"  >\n\t\t\t\n\t\t\t\n<h4 class=\"big-title\" style=\"color: #000;\">Video Lezione<\/h4>\n<div class=\"is-divider divider clearfix\" style=\"max-width:small;\"><\/div>\n<div id=\"pcto-content-teacher\">\n<p style=\"text-align: justify;\">Un video introdurr\u00e0 lo studente allo svolgimento del percorso, illustrando da un lato come esso possa contribuire a valorizzare il proprio capitale umano, e dall\u2019altro, la necessit\u00e0 dell\u2019acquisizione di competenze economiche in ottica di cittadinanza attiva e consapevole per tutti gli studenti di ogni ordine scolastico. Al termine del video ciascuno studente compiler\u00e0 un questionario relativo alla comprensione degli argomenti presentati.<\/p>\n<\/div>\n<div id=\"pcto-content-student\">\n\t\t<script>\n\t\t\tdocument.getElementById('pcto-content-teacher').style.display = 'block';\n\t\t\tdocument.getElementById('pcto-content-student').style.display = 'none';\n\t\t<\/script>\n\t\n<p style=\"text-align: justify;\">Ciao! Stai per iniziare l\u2019FSL \u201cChe impresa ragazzi\u201d. In questo video scoprirai quali sono gli obiettivi del percorso che, come dice il nome, vuole insegnarti come valorizzare il tuo capitale umano (cos\u2019\u00e8 lo scoprirai nel video), perch\u00e9 l\u2019economia ha gi\u00e0 molto a che fare con la tua vita e come sviluppare le tue capacit\u00e0 imprenditoriali per arrivare a progettare, insieme ai tuoi compagni e compagne, una mini attivit\u00e0 imprenditoriale.<br \/>\nSar\u00e0 un percorso impegnativo, in totale l\u2019FSL richiede 37 ore di attivit\u00e0, ma vedrai che sar\u00e0 molto interessante perch\u00e9 ti dar\u00e0 degli strumenti concreti e ti insegner\u00e0 il modello della Buona Impresa sviluppato dalla Fondazione Buon Lavoro, un modo illuminato e sostenibile di fare impresa secondo gli obiettivi dell\u2019Agenda 2030.<br \/>\nE sar\u00e0 anche divertente perch\u00e9 questo progetto prevede un lavoro di squadra e la creazione del team sar\u00e0 una delle prime cose a cui dovrai pensare.<br \/>\nTi ricordiamo le fasi di questo percorso:<br \/>\n1. Video lezione<br \/>\n2. Moduli elearning<br \/>\n3. Possibilit\u00e0 di partecipare gli incontri con il tutor<br \/>\n4. Realizzazione di un progetto di mini Buona Impresa utilizzando il Project Work, uno strumento di progettazione che troverai sulla piattaforma.<br \/>\nAl termine del lavoro, quando tutte le parti del programma saranno completate, il tuo insegnante potr\u00e0 inviarci il tuo progetto e tu potrai ricevere la certificazione delle ore di FSL svolte.<br \/>\n<br \/>\nE ora inizia la video lezione\u2026.Buona visione!\n<\/p>\n<\/div>\n\t\t<\/div>\n\t\t\t\t\t<\/div>\n\n\t\n<\/div>\n\t<!doctype html>\n\t<html>\n\t<head>\n\t\t<meta charset=\"utf-8\">\n\t\t<title>Documento senza titolo<\/title>\n\t\t\t\t\t<script src=\"https:\/\/www.educazionedigitale.it\/php-custom\/language\/it.js\" type=\"text\/javascript\"><\/script>\n\t\t\t\t<script>\n\t\t\tvar path_principale = 'https:\/\/www.educazionedigitale.it\/cheimpresaragazzi\/';\n\t\t\tvar path_totale = 'https:\/\/www.educazionedigitale.it\/php-custom\/';\n\t\t<\/script>\n\t\t<style>\n\t\t\t.custom-gray-b{\n\t\t\t\tfloat:left;\n\t\t\t\tcolor:#fff;\n\t\t\t\tbackground-color:#ddd;\n\t\t\t\t-webkit-border-radius:\t4px;\n\t\t\t\t-moz-border-radius:\t\t4px;\n\t\t\t\tborder-radius:\t\t\t4px;\n\t\t\t\t-webkit-box-shadow:\t0px 5px 0px 0px rgba(200, 200, 200, 1);\n\t\t\t\t-moz-box-shadow:\t0px 5px 0px 0px rgba(200, 200, 200, 1);\n\t\t\t\tbox-shadow:\t\t\t0px 5px 0px 0px rgba(200, 200, 200, 1);\n\t\t\t\tfont-weight:bold;\n\t\t\t\ttext-transform:uppercase;\n\t\t\t\tpadding:8px 15px 8px 15px;\n\t\t\t\tfont-size:12px;\n\t\t\t\ttext-align:center;\n\t\t\t\tmargin-bottom:20px;\n\t\t\t}\n\t\t\t.text-min{\n\t\t\t\tfont-size:10px;\n\t\t\t}\n\t\t\t.btn-forum{\n\t\t\t\ttext-align:center;\n\t\t\t\twidth:100%;\n\t\t\t\tpadding-top:4px;\n\t\t\t\tpadding-bottom:4px;\n\t\t\t\tfont-size:14px;\n\t\t\t}\n\t\t<\/style>\n\t\t<script>\n\t\t\tfunction hidePctoContent()\n\t\t\t{\n\t\t\t\tif(document.getElementById('pcto-content')){\n\t\t\t\t\tdocument.getElementById('pcto-content').style.display = 'none';\n\t\t\t\t}\n\t\t\t\tfor(var i=1; i<=1000; i*=10){\n\t\t\t\t\tsetTimeout(\n\t\t\t\t\t\tfunction(){\n\t\t\t\t\t\t\tif(document.getElementById('pcto-content')){\n\t\t\t\t\t\t\t\tdocument.getElementById('pcto-content').style.display = 'none';\n\t\t\t\t\t\t\t}\n\t\t\t\t\t\t},\n\t\t\t\t\t\ti\n\t\t\t\t\t);\n\t\t\t\t}\n\t\t\t}\n\t\t<\/script>\n\t<\/head>\n\t\n\t<body>\n\t\t\t\t<p style=\"padding-top:10px;margin:0 0 50px 0;text-align:center;\">\n\t\t\t\t\t\t\t\t\tArea Protetta. Esegui il <a href=\"#login\" class=\"button medium custom-green\" style=\"color:#fff;\">login<\/a>\n\t\t\t\t\t\t\t\t\n\t\t\t<\/p>\n\t\t\t\t<script>\n\t\t\thidePctoContent();\n\t\t<\/script>\n\t    <\/body>\n    <\/html>\n\n<div style=\"margin:0 auto;\">  <\/div>\n<div id=\"pcto-content\">\n<div class=\"row\"  id=\"row-558820664\">\n\n\t<div id=\"col-1130909527\" class=\"col medium-1\/1 large-12\"  >\n\t\t\t\t<div class=\"col-inner\"  >\n\t\t\t\n\t\t\t\n<video src=\"https:\/\/www.educazionedigitale.it\/cheimpresaragazzi\/wp-content\/uploads\/2021\/10\/Che-impresa-ragazzi-short.mp4\" style=\"width:100%;height:480px;background:#000;\" controls><\/video><br \/>\n\t<div id=\"gap-1489389113\" class=\"gap-element clearfix\" style=\"display:block; height:auto;\">\n\t\t\n<style>\n#gap-1489389113 {\n  padding-top: 20px;\n}\n<\/style>\n\t<\/div>\n\t\n<h3 style=\"margin:0;\">TEST<\/h3>\n<table>\n<tr>\n<td style=\"font-size:1em\">La compilazione del test \u00e8 indispensabile per la certificazione delle ore di FSL.<\/td>\n<td width=\"15%\">\t\n\t<style>\n\t\t.inattivo{\n\t\t\tbackground-color: rgba(255,255,255,0.15) !important;\n\t\t\tborder: 1px solid rgba(0,0,0,0.2) !important;\n\t\t\tfont-weight: normal !important;\n\t\t\tcolor: rgba(0,0,0,0.35) !important;\n\t\t\tline-height: 1!important;\n\t\t\tpadding: 2px 6px 2px 6px !important;\n\t\t\tmargin-top: -4px !important;\n\t\t\ttext-shadow: 0px 0px 10px rgba(255,255,255,0.5);\n\t\t}\n\t\t.anchor{\n\t\t\tmargin-top: -100px;\n\t\t\tmargin-bottom: 100px;\n\t\t\tdisplay: block;\n\t\t\theight: 0;\n\t\t}\n\t\t.pallino{\n\t\t\tdisplay:inline-block;\n\t\t\theight:24px;\n\t\t\twidth:24px;\n\t\t\tborder-radius:50%;\n\t\t\tmargin:0;\n\t\t\tbox-sizing:border-box;\n\t\t}\n\t\t.pallino-lightgreen{\n\t\t\tbackground-color:#0B3;\n\t\t\tborder:4px solid #FB0;\n\t\t}\n\t\t.pallino-red{\n\t\t\tbackground-color:#F66;\n\t\t\tborder:1px solid rgba(0,0,0,0.2);\n\t\t}\n\t\t.pallino-yellow{\n\t\t\tbackground-color:#fc0;\n\t\t\tborder:1px solid rgba(0,0,0,0.2);\n\t\t}\n\t\t.pallino-green{\n\t\t\tbackground-color:#0C3;\n\t\t\tborder:1px solid rgba(0,0,0,0.2);\n\t\t}\n\t<\/style>\n    <script>\n        function customWindowOpen(url,target)\n        {\n            setTimeout(\n                function(){\n                    \/\/console.log(' >>> open '+url+' > '+target);\n                    window.open(url,target);\n                },\n                500\n            );\n        }\n    <\/script>\n\t<\/td>\n<\/tr>\n<\/table>\n\t\t<\/div>\n\t\t\t\t\t<\/div>\n\n\t\n<\/div><\/div>\n<div id=\"txt-check\"><\/div>\n    \n\t\t<script>\n\t\t\t\/*document.getElementById('txt-check').innerHTML = '<p style=\"text-align:center;margin-top:100px;\">Area Protetta. Esegui il <a href=\"#login\" class=\"button medium custom-green\" style=\"color:#fff\">login<\/a><\/p>';*\/\n\t\t\tif(document.getElementById('pcto-content')){\n\t\t\t\tdocument.getElementById('pcto-content').style.display = 'none';\n\t\t\t}\n\t\t<\/script>\n\t\n\t\t<div id=\"pcto-risorsa-non-disponibile\"\n\t     class=\"lightbox-by-id lightbox-content mfp-hide lightbox-white \"\n\t     style=\"max-width:650px ;padding:20px\">\n\t\t\n\t\t<h3 style=\"text-align:center;\">Risorsa momentaneamente NON DISPONIBILE<\/h3>\n\t\t<\/div>\n\t\n\t\n\t<div id=\"appro\"\n\t     class=\"lightbox-by-id lightbox-content mfp-hide lightbox-white \"\n\t     style=\"max-width:300px ;padding:20px\">\n\t\t\nApprofondimenti non disponibili<br \/>\n\t<\/div>\n\t\n\t\n","protected":false},"excerpt":{"rendered":"\t<div id=\"gap-1077203272\" class=\"gap-element clearfix\" style=\"display:block; height:auto;\">\n\t\t\n<style>\n#gap-1077203272 {\n  padding-top: 125px;\n}\n<\/style>\n\t<\/div>\n\t\n\n  <div class=\"banner has-hover banner-home\" id=\"banner-1934011615\">\n          <div class=\"banner-inner fill\">\n        <div class=\"banner-bg fill\" >\n            <img width=\"1020\" height=\"128\" src=\"https:\/\/www.educazionedigitale.it\/cheimpresaragazzi\/wp-content\/uploads\/2019\/05\/slide-cheimpresa-250-2-1600x200.jpg\" class=\"bg attachment-large size-large\" alt=\"\" decoding=\"async\" loading=\"lazy\" \/>                                    \n                    <\/div>\n\t\t\n        <div class=\"banner-layers container\">\n            <div class=\"fill banner-link\"><\/div>               <div id=\"text-box-883806502\" class=\"text-box banner-layer x50 md-x50 lg-x50 y90 md-y90 lg-y90 res-text\">\n                     <div data-animate=\"fadeInLeft\">           <div class=\"text-box-content text dark\">\n              \n              <div class=\"text-inner text-center\">\n                  \n              <\/div>\n           <\/div>\n       <\/div>                     \n<style>\n#text-box-883806502 {\n  width: 60%;\n}\n#text-box-883806502 .text-box-content {\n  font-size: 100%;\n}\n@media (min-width:550px) {\n  #text-box-883806502 {\n    width: 80%;\n  }\n}\n<\/style>\n    <\/div>\n         <\/div>\n      <\/div>\n\n            \n<style>\n#banner-1934011615 {\n  padding-top: 200px;\n}\n<\/style>\n  <\/div>\n\n\n","protected":false},"author":1,"featured_media":0,"parent":0,"menu_order":0,"comment_status":"closed","ping_status":"closed","template":"","meta":{"_monsterinsights_skip_tracking":false,"_monsterinsights_sitenote_active":false,"_monsterinsights_sitenote_note":"","_monsterinsights_sitenote_category":0,"footnotes":""},"class_list":["post-2338","page","type-page","status-publish","hentry"],"_links":{"self":[{"href":"https:\/\/www.educazionedigitale.it\/cheimpresaragazzi\/wp-json\/wp\/v2\/pages\/2338","targetHints":{"allow":["GET"]}}],"collection":[{"href":"https:\/\/www.educazionedigitale.it\/cheimpresaragazzi\/wp-json\/wp\/v2\/pages"}],"about":[{"href":"https:\/\/www.educazionedigitale.it\/cheimpresaragazzi\/wp-json\/wp\/v2\/types\/page"}],"author":[{"embeddable":true,"href":"https:\/\/www.educazionedigitale.it\/cheimpresaragazzi\/wp-json\/wp\/v2\/users\/1"}],"replies":[{"embeddable":true,"href":"https:\/\/www.educazionedigitale.it\/cheimpresaragazzi\/wp-json\/wp\/v2\/comments?post=2338"}],"version-history":[{"count":3,"href":"https:\/\/www.educazionedigitale.it\/cheimpresaragazzi\/wp-json\/wp\/v2\/pages\/2338\/revisions"}],"predecessor-version":[{"id":5561,"href":"https:\/\/www.educazionedigitale.it\/cheimpresaragazzi\/wp-json\/wp\/v2\/pages\/2338\/revisions\/5561"}],"wp:attachment":[{"href":"https:\/\/www.educazionedigitale.it\/cheimpresaragazzi\/wp-json\/wp\/v2\/media?parent=2338"}],"curies":[{"name":"wp","href":"https:\/\/api.w.org\/{rel}","templated":true}]}}