{"id":5443,"date":"2023-10-18T09:53:45","date_gmt":"2023-10-18T07:53:45","guid":{"rendered":"https:\/\/www.educazionedigitale.it\/cheimpresaragazzi\/?page_id=5443"},"modified":"2025-10-10T16:06:01","modified_gmt":"2025-10-10T14:06:01","slug":"incontri-con-i-tutor","status":"publish","type":"page","link":"https:\/\/www.educazionedigitale.it\/cheimpresaragazzi\/incontri-con-i-tutor\/","title":{"rendered":"Incontri con i tutor"},"content":{"rendered":"<h4 class=\"big-title\" style=\"color: #000;\">INCONTRI CON I TUTOR<\/h4>\n<div class=\"is-divider divider clearfix\" style=\"max-width:small;\"><\/div>\n<div class=\"row\"  id=\"row-279972761\">\n\n\t<div id=\"col-1822478713\" class=\"col large-12\"  >\n\t\t\t\t<div class=\"col-inner\"  >\n\t\t\t\n\t\t\t\n<div id=\"pcto-content-teacher\">\n<p style=\"text-align: justify;\">Studenti e studentesse potranno partecipare, su richiesta del docente referente, a due incontri di approfondimento con i tutor, che si terranno tra febbraio e marzo 2026, durante l\u2019orario scolastico salvo specifiche esigenze dei docenti.<br \/>Il primo incontro preveder\u00e0 un breve ripasso delle parti del percorso gi\u00e0 svolte dagli studenti e proseguir\u00e0 con una presentazione approfondita delle sezioni di cui si compone il Project Work (sezioni che gli studenti dovranno realizzare), in cui il tutor fornir\u00e0 anche alcuni suggerimenti tecnici ed esempi. Nell\u2019incontro possono essere coinvolte pi\u00f9 classi simultaneamente.<br \/>Nel corso del secondo incontro, gli studenti potranno confrontarsi con il tutor sull\u2019impostazione generale dell\u2019idea imprenditoriale che intendono riportare nel Project Work. Il tutor entrer\u00e0 quindi nel dettaglio dell\u2019elaborato preliminare che dovranno esporre gli studenti, per chiarire eventuali dubbi sorti durante la creazione del progetto e per avere uno scambio su punti di forza e aree di miglioramento.<\/p>\n<p style=\"text-align: justify; margin-bottom: 5px;\">La Fondazione Buon Lavoro \u00e8 a disposizione per supportare gli studenti in caso di dubbi o domande sull\u2019impostazione del Project Work per l\u2019impostazione della Mini Buona Impresa.<\/p>\n<p>Per informazioni scrivere a\u00a0<a href=\"mailto:info@labuonaimpresa.it\"><u>info@labuonaimpresa.it<\/u><\/a><\/p>\n<\/div>\n<div id=\"pcto-content-student\">\t\t<script>\n\t\t\tdocument.getElementById('pcto-content-teacher').style.display = 'block';\n\t\t\tdocument.getElementById('pcto-content-student').style.display = 'none';\n\t\t<\/script>\n\t\n<p style=\"text-align: justify;\">Per aiutarti nella predisposizione dell\u2019elaborato potrai partecipare a due incontri in plenaria con un tutor che ti spiegher\u00e0 tutto ci\u00f2 che non ti \u00e8 chiaro.<br \/>Sar\u00e0 il tuo insegnante ad iscriverti, insieme agli altri studenti e studentesse che partecipano al programma- Gli incontri si svolgeranno nel periodo tra febbraio e aprile 2025 in orario scolastico (salvo diverse richieste dei docenti).<br \/>Nel primo incontro farai un breve ripasso delle parti di percorso gi\u00e0 svolte per poi proseguire con il lavoro sul Project Work (il format che abbiamo realizzato per aiutarti nello sviluppo del progetto), in cui il tutor fornir\u00e0 anche alcuni suggerimenti ed esempi.<br \/>Nel secondo incontro, potrai invece confrontarti con il tutor sull\u2019impostazione generale dell\u2019idea imprenditoriale del Project Work. Il tutor entrer\u00e0 quindi nel dettaglio dei progetti preliminari realizzati per chiarire eventuali dubbi e valutarne punti di forza e di debolezza.<br \/>La Fondazione Buon Lavoro \u00e8 a disposizione per supportare gli studenti in caso di dubbi o domande sull\u2019impostazione del Project Work per la Mini Buona Impresa.<\/p>\n<p>Per informazioni puoi segnalare al tuo docente di scrivere a\u00a0<a href=\"mailto:info@labuonaimpresa.it\"><u>info@labuonaimpresa.it<\/u><\/a><\/p>\n<\/div>\n<p><!--&#091;check-login-visita&#093;--><\/p>\n\t\t<\/div>\n\t\t\t\t\t<\/div>\n\n\t\n<\/div>\n\t<div id=\"gap-394490588\" class=\"gap-element clearfix\" style=\"display:block; height:auto;\">\n\t\t\n<style>\n#gap-394490588 {\n  padding-top: 50px;\n}\n<\/style>\n\t<\/div>\n\t\n","protected":false},"excerpt":{"rendered":"\t<div id=\"gap-1151314854\" class=\"gap-element clearfix\" style=\"display:block; height:auto;\">\n\t\t\n<style>\n#gap-1151314854 {\n  padding-top: 125px;\n}\n<\/style>\n\t<\/div>\n\t\n\n  <div class=\"banner has-hover banner-home\" id=\"banner-166741963\">\n          <div class=\"banner-inner fill\">\n        <div class=\"banner-bg fill\" >\n            <img width=\"1020\" height=\"128\" src=\"https:\/\/www.educazionedigitale.it\/cheimpresaragazzi\/wp-content\/uploads\/2019\/05\/slide-cheimpresa-250-2-1600x200.jpg\" class=\"bg attachment-large size-large\" alt=\"\" decoding=\"async\" loading=\"lazy\" \/>                                    \n                    <\/div>\n\t\t\n        <div class=\"banner-layers container\">\n            <div class=\"fill banner-link\"><\/div>               <div id=\"text-box-1666032343\" class=\"text-box banner-layer x50 md-x50 lg-x50 y90 md-y90 lg-y90 res-text\">\n                     <div data-animate=\"fadeInLeft\">           <div class=\"text-box-content text dark\">\n              \n              <div class=\"text-inner text-center\">\n                  \n              <\/div>\n           <\/div>\n       <\/div>                     \n<style>\n#text-box-1666032343 {\n  width: 60%;\n}\n#text-box-1666032343 .text-box-content {\n  font-size: 100%;\n}\n@media (min-width:550px) {\n  #text-box-1666032343 {\n    width: 80%;\n  }\n}\n<\/style>\n    <\/div>\n         <\/div>\n      <\/div>\n\n            \n<style>\n#banner-166741963 {\n  padding-top: 200px;\n}\n<\/style>\n  <\/div>\n\n\n","protected":false},"author":6,"featured_media":0,"parent":0,"menu_order":0,"comment_status":"closed","ping_status":"closed","template":"","meta":{"_monsterinsights_skip_tracking":false,"_monsterinsights_sitenote_active":false,"_monsterinsights_sitenote_note":"","_monsterinsights_sitenote_category":0,"footnotes":""},"class_list":["post-5443","page","type-page","status-publish","hentry"],"_links":{"self":[{"href":"https:\/\/www.educazionedigitale.it\/cheimpresaragazzi\/wp-json\/wp\/v2\/pages\/5443","targetHints":{"allow":["GET"]}}],"collection":[{"href":"https:\/\/www.educazionedigitale.it\/cheimpresaragazzi\/wp-json\/wp\/v2\/pages"}],"about":[{"href":"https:\/\/www.educazionedigitale.it\/cheimpresaragazzi\/wp-json\/wp\/v2\/types\/page"}],"author":[{"embeddable":true,"href":"https:\/\/www.educazionedigitale.it\/cheimpresaragazzi\/wp-json\/wp\/v2\/users\/6"}],"replies":[{"embeddable":true,"href":"https:\/\/www.educazionedigitale.it\/cheimpresaragazzi\/wp-json\/wp\/v2\/comments?post=5443"}],"version-history":[{"count":3,"href":"https:\/\/www.educazionedigitale.it\/cheimpresaragazzi\/wp-json\/wp\/v2\/pages\/5443\/revisions"}],"predecessor-version":[{"id":5664,"href":"https:\/\/www.educazionedigitale.it\/cheimpresaragazzi\/wp-json\/wp\/v2\/pages\/5443\/revisions\/5664"}],"wp:attachment":[{"href":"https:\/\/www.educazionedigitale.it\/cheimpresaragazzi\/wp-json\/wp\/v2\/media?parent=5443"}],"curies":[{"name":"wp","href":"https:\/\/api.w.org\/{rel}","templated":true}]}}