{"id":531,"date":"2015-03-13T15:30:41","date_gmt":"2015-03-13T14:30:41","guid":{"rendered":"http:\/\/www.educazionedigitale.it\/circulariscool\/?page_id=531"},"modified":"2023-03-15T18:19:17","modified_gmt":"2023-03-15T17:19:17","slug":"il-progetto","status":"publish","type":"page","link":"https:\/\/www.educazionedigitale.it\/circulariscool\/il-progetto\/","title":{"rendered":"Il Progetto"},"content":{"rendered":"\t<div id=\"gap-1215869858\" class=\"gap-element clearfix\" style=\"display:block; height:auto;\">\n\t\t\n<style>\n#gap-1215869858 {\n  padding-top: 113px;\n}\n<\/style>\n\t<\/div>\n\t\n\n  <div class=\"banner has-hover banner-home\" id=\"banner-1740237874\">\n          <div class=\"banner-inner fill\">\n        <div class=\"banner-bg fill\" >\n            <img loading=\"lazy\" decoding=\"async\" width=\"1020\" height=\"82\" src=\"https:\/\/www.educazionedigitale.it\/circulariscool\/wp-content\/uploads\/2021\/09\/bannerPROGETTOnew-1600x129.png\" class=\"bg attachment-large size-large\" alt=\"\" \/>                                    \n                    <\/div>\n\t\t\n        <div class=\"banner-layers container\">\n            <div class=\"fill banner-link\"><\/div>            \n   <div id=\"text-box-901045425\" class=\"text-box banner-layer x50 md-x50 lg-x50 y50 md-y50 lg-y50 res-text\">\n                                <div class=\"text-box-content text dark\">\n              \n              <div class=\"text-inner text-center\">\n                  \n              <\/div>\n           <\/div>\n                            \n<style>\n#text-box-901045425 {\n  width: 60%;\n}\n#text-box-901045425 .text-box-content {\n  font-size: 100%;\n}\n@media (min-width:550px) {\n  #text-box-901045425 {\n    width: 60%;\n  }\n}\n<\/style>\n    <\/div>\n \n        <\/div>\n      <\/div>\n\n            \n<style>\n#banner-1740237874 {\n  padding-top: 150px;\n}\n<\/style>\n  <\/div>\n\n\n<div class=\"row\"  id=\"row-1137077201\">\n\n\t<div id=\"col-1382865213\" class=\"col large-12\"  >\n\t\t\t\t<div class=\"col-inner\"  >\n\t\t\t\n\t\t\t\n<div class=\"row\"  id=\"row-840379613\">\n\n\t<div id=\"col-1592926577\" class=\"col small-12 large-12\"  >\n\t\t\t\t<div class=\"col-inner\"  >\n\t\t\t\n\t\t\t\n\t<div id=\"gap-1665636080\" class=\"gap-element clearfix\" style=\"display:block; height:auto;\">\n\t\t\n<style>\n#gap-1665636080 {\n  padding-top: 25px;\n}\n<\/style>\n\t<\/div>\n\t\n<p style=\"text-align: justify; margin-bottom:35px\">Con il percorso <em><strong>Circular is Cool<\/strong><\/em>, <strong>Enel X<\/strong> desidera contribuire ad una maggiore consapevolezza dei giovani dei concetti di <strong>\u201csostenibilit\u00e0\u201d<\/strong> e <strong>\u201cfuturo\u201d<\/strong>. In questo ampio perimetro, che si interseca con il bacino di competenze dell\u2019<strong>Educazione Civica<\/strong>, l\u2019attenzione dell\u2019azienda, da sempre vocata ad innovazione e digitalizzazione, desidera concentrarsi in particolar modo su <strong>economia circolare e educazione finanziaria<\/strong>, per le implicazioni che queste hanno a livello <strong>individuale e collettivo.<\/strong><\/p>\n<div class=\"row align-middle align-center\"  id=\"row-1348092577\">\n\n\t<div id=\"col-908395282\" class=\"col medium-7 small-12 large-7\"  >\n\t\t\t\t<div class=\"col-inner\"  >\n\t\t\t\n\t\t\t\n<p style=\"text-align: justify; margin-bottom:0\"><em><strong>Circular is Cool<\/strong><\/em> apre allo stesso tempo una finestra sul fenomeno dell\u2019<strong>elettrificazione<\/strong> e delle <strong>tecnologie \u201cconnesse\u201d<\/strong> applicate alle nostre citt\u00e0 ed alle nostre abitazioni, proprio per la capacit\u00e0 che queste soluzioni hanno nel contribuire alla <strong>sostenibilit\u00e0<\/strong> ed alla <strong>semplificazione<\/strong> delle nostre vite.<\/p>\n\t\t<\/div>\n\t\t\t\t\n<style>\n#col-908395282 > .col-inner {\n  margin: 0px 0px -28px 0px;\n}\n<\/style>\n\t<\/div>\n\n\t\n\n\t<div id=\"col-2012269176\" class=\"col medium-5 small-12 large-5\"  data-animate=\"fadeInRight\">\n\t\t\t\t<div class=\"col-inner\"  >\n\t\t\t\n\t\t\t\n\t<div class=\"img has-hover x md-x lg-x y md-y lg-y\" id=\"image_323020711\">\n\t\t\t\t\t\t\t\t<div class=\"img-inner image-cover dark\" style=\"padding-top:176px;\">\n\t\t\t<img loading=\"lazy\" decoding=\"async\" width=\"1020\" height=\"621\" src=\"https:\/\/www.educazionedigitale.it\/circulariscool\/wp-content\/uploads\/2021\/09\/businessman-using-tech-devices-icons-thin-line-interface-1600x974.jpg\" class=\"attachment-large size-large\" alt=\"\" srcset=\"https:\/\/www.educazionedigitale.it\/circulariscool\/wp-content\/uploads\/2021\/09\/businessman-using-tech-devices-icons-thin-line-interface-1600x974.jpg 1600w, https:\/\/www.educazionedigitale.it\/circulariscool\/wp-content\/uploads\/2021\/09\/businessman-using-tech-devices-icons-thin-line-interface-800x487.jpg 800w, https:\/\/www.educazionedigitale.it\/circulariscool\/wp-content\/uploads\/2021\/09\/businessman-using-tech-devices-icons-thin-line-interface-768x468.jpg 768w, https:\/\/www.educazionedigitale.it\/circulariscool\/wp-content\/uploads\/2021\/09\/businessman-using-tech-devices-icons-thin-line-interface-1536x935.jpg 1536w, https:\/\/www.educazionedigitale.it\/circulariscool\/wp-content\/uploads\/2021\/09\/businessman-using-tech-devices-icons-thin-line-interface-2048x1247.jpg 2048w\" sizes=\"auto, (max-width: 1020px) 100vw, 1020px\" \/>\t\t\t\t\t\t\n\t\t\t\t\t<\/div>\n\t\t\t\t\t\t\t\t\n<style>\n#image_323020711 {\n  width: 100%;\n}\n<\/style>\n\t<\/div>\n\t\n\t\t<\/div>\n\t\t\t\t\n<style>\n#col-2012269176 > .col-inner {\n  margin: 0px 0px -43px 0px;\n}\n<\/style>\n\t<\/div>\n\n\t\n<\/div>\n\t\t<\/div>\n\t\t\t\t\t<\/div>\n\n\t\n<\/div>\n<div class=\"row align-middle align-center\"  id=\"row-1719739915\">\n\n\t<div id=\"col-329958036\" class=\"col medium-5 small-12 large-5\"  data-animate=\"fadeInLeft\">\n\t\t\t\t<div class=\"col-inner\"  >\n\t\t\t\n\t\t\t\n\t<div class=\"img has-hover x md-x lg-x y md-y lg-y\" id=\"image_1343916551\">\n\t\t\t\t\t\t\t\t<div class=\"img-inner image-cover dark\" style=\"padding-top:199px;\">\n\t\t\t<img loading=\"lazy\" decoding=\"async\" width=\"1020\" height=\"680\" src=\"https:\/\/www.educazionedigitale.it\/circulariscool\/wp-content\/uploads\/2021\/09\/girl-blue-jeans-black-sneakers-writing-lecture-big-textbook-sitting-floor-with-college-friends-young-man-typing-message-phone-while-other-students-working-with-laptops-1600x1067.jpg\" class=\"attachment-large size-large\" alt=\"\" srcset=\"https:\/\/www.educazionedigitale.it\/circulariscool\/wp-content\/uploads\/2021\/09\/girl-blue-jeans-black-sneakers-writing-lecture-big-textbook-sitting-floor-with-college-friends-young-man-typing-message-phone-while-other-students-working-with-laptops-1600x1067.jpg 1600w, https:\/\/www.educazionedigitale.it\/circulariscool\/wp-content\/uploads\/2021\/09\/girl-blue-jeans-black-sneakers-writing-lecture-big-textbook-sitting-floor-with-college-friends-young-man-typing-message-phone-while-other-students-working-with-laptops-800x533.jpg 800w, https:\/\/www.educazionedigitale.it\/circulariscool\/wp-content\/uploads\/2021\/09\/girl-blue-jeans-black-sneakers-writing-lecture-big-textbook-sitting-floor-with-college-friends-young-man-typing-message-phone-while-other-students-working-with-laptops-768x512.jpg 768w, https:\/\/www.educazionedigitale.it\/circulariscool\/wp-content\/uploads\/2021\/09\/girl-blue-jeans-black-sneakers-writing-lecture-big-textbook-sitting-floor-with-college-friends-young-man-typing-message-phone-while-other-students-working-with-laptops-1536x1024.jpg 1536w, https:\/\/www.educazionedigitale.it\/circulariscool\/wp-content\/uploads\/2021\/09\/girl-blue-jeans-black-sneakers-writing-lecture-big-textbook-sitting-floor-with-college-friends-young-man-typing-message-phone-while-other-students-working-with-laptops-2048x1365.jpg 2048w\" sizes=\"auto, (max-width: 1020px) 100vw, 1020px\" \/>\t\t\t\t\t\t\n\t\t\t\t\t<\/div>\n\t\t\t\t\t\t\t\t\n<style>\n#image_1343916551 {\n  width: 100%;\n}\n<\/style>\n\t<\/div>\n\t\n\t\t<\/div>\n\t\t\t\t\t<\/div>\n\n\t\n\n\t<div id=\"col-633882630\" class=\"col medium-7 small-12 large-7\"  >\n\t\t\t\t<div class=\"col-inner\"  >\n\t\t\t\n\t\t\t\n<p style=\"text-align: justify; margin-bottom: 0;\">Mediante le risorse didattiche messe a disposizione nella sezione <a href=\"https:\/\/www.educazionedigitale.it\/circulariscool\/risorse-didattiche\/\"><strong>RISORSE DIDATTICHE<\/strong><\/a>, <strong><em>Circular is Cool<\/em><\/strong> consentir\u00e0 ai docenti di coinvolgere ragazze e ragazzi nella riflessione su <strong>nozioni chiave<\/strong>, grazie alle quali stimolare un <strong>confronto in classe<\/strong> basato su dati statistici, analogie e metafore di un <strong>mondo sempre pi\u00f9 \u201cconnesso\u201d<\/strong>, che non offre pi\u00f9 scuse per scelte di isolamento e prospettive circoscritte.<\/p>\n\t\t<\/div>\n\t\t\t\t\t<\/div>\n\n\t\n<\/div>\n<div class=\"row align-middle align-center\"  id=\"row-688974908\">\n\n\t<div id=\"col-2096399232\" class=\"col medium-7 small-12 large-7\"  >\n\t\t\t\t<div class=\"col-inner\"  >\n\t\t\t\n\t\t\t\n<p style=\"text-align: justify; margin-bottom: 0;\">Agli <strong>adolescenti<\/strong> il percorso riserva anche uno strumento specialistico per consolidare le proprie conoscenze in materia di <strong>gestione del risparmio<\/strong> e di utilizzo consapevole dei nuovi mezzi di <strong>pagamento <em>cashless<\/em><\/strong>, con particolare attenzione ai risvolti attinenti alla<strong> sicurezza delle transazioni digitali.<\/strong><\/p>\n\t\t<\/div>\n\t\t\t\t\t<\/div>\n\n\t\n\n\t<div id=\"col-620061939\" class=\"col medium-5 small-12 large-5\"  data-animate=\"fadeInRight\">\n\t\t\t\t<div class=\"col-inner\"  >\n\t\t\t\n\t\t\t\n\t<div class=\"img has-hover x md-x lg-x y md-y lg-y\" id=\"image_266022419\">\n\t\t\t\t\t\t\t\t<div class=\"img-inner image-cover dark\" style=\"padding-top:180px;\">\n\t\t\t<img loading=\"lazy\" decoding=\"async\" width=\"1020\" height=\"448\" src=\"https:\/\/www.educazionedigitale.it\/circulariscool\/wp-content\/uploads\/2021\/11\/enelxnew-1600x702.png\" class=\"attachment-large size-large\" alt=\"\" srcset=\"https:\/\/www.educazionedigitale.it\/circulariscool\/wp-content\/uploads\/2021\/11\/enelxnew-1600x702.png 1600w, https:\/\/www.educazionedigitale.it\/circulariscool\/wp-content\/uploads\/2021\/11\/enelxnew-800x351.png 800w, https:\/\/www.educazionedigitale.it\/circulariscool\/wp-content\/uploads\/2021\/11\/enelxnew-768x337.png 768w, https:\/\/www.educazionedigitale.it\/circulariscool\/wp-content\/uploads\/2021\/11\/enelxnew-1536x674.png 1536w, https:\/\/www.educazionedigitale.it\/circulariscool\/wp-content\/uploads\/2021\/11\/enelxnew-2048x899.png 2048w\" sizes=\"auto, (max-width: 1020px) 100vw, 1020px\" \/>\t\t\t\t\t\t\n\t\t\t\t\t<\/div>\n\t\t\t\t\t\t\t\t\n<style>\n#image_266022419 {\n  width: 100%;\n}\n<\/style>\n\t<\/div>\n\t\n\t\t<\/div>\n\t\t\t\t\t<\/div>\n\n\t\n<\/div>\n<div class=\"row align-middle align-center\"  id=\"row-809003835\">\n\n\t<div id=\"col-2009008531\" class=\"col medium-5 small-12 large-5\"  data-animate=\"fadeInLeft\">\n\t\t\t\t<div class=\"col-inner\"  >\n\t\t\t\n\t\t\t\n\t<div class=\"img has-hover x md-x lg-x y md-y lg-y\" id=\"image_1821610811\">\n\t\t\t\t\t\t\t\t<div class=\"img-inner image-cover dark\" style=\"padding-top:173px;\">\n\t\t\t<img loading=\"lazy\" decoding=\"async\" width=\"1020\" height=\"681\" src=\"https:\/\/www.educazionedigitale.it\/circulariscool\/wp-content\/uploads\/2021\/09\/business-video-chat-laptop-1600x1068.jpg\" class=\"attachment-large size-large\" alt=\"\" srcset=\"https:\/\/www.educazionedigitale.it\/circulariscool\/wp-content\/uploads\/2021\/09\/business-video-chat-laptop-1600x1068.jpg 1600w, https:\/\/www.educazionedigitale.it\/circulariscool\/wp-content\/uploads\/2021\/09\/business-video-chat-laptop-800x534.jpg 800w, https:\/\/www.educazionedigitale.it\/circulariscool\/wp-content\/uploads\/2021\/09\/business-video-chat-laptop-768x513.jpg 768w, https:\/\/www.educazionedigitale.it\/circulariscool\/wp-content\/uploads\/2021\/09\/business-video-chat-laptop-1536x1025.jpg 1536w, https:\/\/www.educazionedigitale.it\/circulariscool\/wp-content\/uploads\/2021\/09\/business-video-chat-laptop-2048x1367.jpg 2048w\" sizes=\"auto, (max-width: 1020px) 100vw, 1020px\" \/>\t\t\t\t\t\t\n\t\t\t\t\t<\/div>\n\t\t\t\t\t\t\t\t\n<style>\n#image_1821610811 {\n  width: 100%;\n}\n<\/style>\n\t<\/div>\n\t\n\t\t<\/div>\n\t\t\t\t\t<\/div>\n\n\t\n\n\t<div id=\"col-417984333\" class=\"col medium-7 small-12 large-7\"  >\n\t\t\t\t<div class=\"col-inner\"  >\n\t\t\t\n\t\t\t\n<p style=\"text-align: justify; margin-bottom: 0;\">Le <strong>\u201c<a href=\"https:\/\/www.educazionedigitale.it\/circulariscool\/eventi\/\">VIDEOLEZIONI<\/a>\u201d<\/strong> con gli esperti <strong>Enel X<\/strong> contribuiranno a fornire una dimensione personalizzante al processo di apprendimento.<\/p>\n\t\t<\/div>\n\t\t\t\t\t<\/div>\n\n\t\n<\/div>\n<div class=\"row align-middle align-center\"  id=\"row-1927309671\">\n\n\t<div id=\"col-1107545825\" class=\"col medium-7 small-12 large-7\"  >\n\t\t\t\t<div class=\"col-inner\"  >\n\t\t\t\n\t\t\t\n<p style=\"text-align: justify; margin-bottom: 0;\">Grazie agli interessanti <strong>approfondimenti contenutistici<\/strong> e agli <strong>spunti laboratoriali<\/strong> riassunti nella <strong>GUIDA DIDATTICA<\/strong>,<strong> Enel X<\/strong> intende supportare al meglio l\u2019insegnante, fornendo sia una <strong>guida operativa<\/strong> per i multimediali che un <strong>supplemento contenutistico<\/strong>, utile a far fronte ad eventuali domande della classe.<\/p>\n\t\t<\/div>\n\t\t\t\t\t<\/div>\n\n\t\n\n\t<div id=\"col-890239204\" class=\"col medium-5 small-12 large-5\"  data-animate=\"fadeInRight\">\n\t\t\t\t<div class=\"col-inner\"  >\n\t\t\t\n\t\t\t\n\t<div class=\"img has-hover x md-x lg-x y md-y lg-y\" id=\"image_621017635\">\n\t\t\t\t\t\t\t\t<div class=\"img-inner image-cover dark\" style=\"padding-top:183px;\">\n\t\t\t<img loading=\"lazy\" decoding=\"async\" width=\"1020\" height=\"677\" src=\"https:\/\/www.educazionedigitale.it\/circulariscool\/wp-content\/uploads\/2021\/09\/1-1600x1062.jpg\" class=\"attachment-large size-large\" alt=\"\" srcset=\"https:\/\/www.educazionedigitale.it\/circulariscool\/wp-content\/uploads\/2021\/09\/1-1600x1062.jpg 1600w, https:\/\/www.educazionedigitale.it\/circulariscool\/wp-content\/uploads\/2021\/09\/1-800x531.jpg 800w, https:\/\/www.educazionedigitale.it\/circulariscool\/wp-content\/uploads\/2021\/09\/1-768x510.jpg 768w, https:\/\/www.educazionedigitale.it\/circulariscool\/wp-content\/uploads\/2021\/09\/1-1536x1020.jpg 1536w, https:\/\/www.educazionedigitale.it\/circulariscool\/wp-content\/uploads\/2021\/09\/1-2048x1360.jpg 2048w\" sizes=\"auto, (max-width: 1020px) 100vw, 1020px\" \/>\t\t\t\t\t\t\n\t\t\t\t\t<\/div>\n\t\t\t\t\t\t\t\t\n<style>\n#image_621017635 {\n  width: 100%;\n}\n<\/style>\n\t<\/div>\n\t\n\t\t<\/div>\n\t\t\t\t\t<\/div>\n\n\t\n<\/div>\n\n\t<div id=\"gap-1150014543\" class=\"gap-element clearfix\" style=\"display:block; height:auto;\">\n\t\t\n<style>\n#gap-1150014543 {\n  padding-top: 30px;\n}\n<\/style>\n\t<\/div>\n\t\n\t\t<\/div>\n\t\t\t\t\t<\/div>\n\n\t\n<\/div>\n","protected":false},"excerpt":{"rendered":"","protected":false},"author":1,"featured_media":0,"parent":0,"menu_order":0,"comment_status":"closed","ping_status":"closed","template":"page-blank.php","meta":{"_monsterinsights_skip_tracking":false,"_monsterinsights_sitenote_active":false,"_monsterinsights_sitenote_note":"","_monsterinsights_sitenote_category":0,"footnotes":""},"class_list":["post-531","page","type-page","status-publish","hentry"],"_links":{"self":[{"href":"https:\/\/www.educazionedigitale.it\/circulariscool\/wp-json\/wp\/v2\/pages\/531","targetHints":{"allow":["GET"]}}],"collection":[{"href":"https:\/\/www.educazionedigitale.it\/circulariscool\/wp-json\/wp\/v2\/pages"}],"about":[{"href":"https:\/\/www.educazionedigitale.it\/circulariscool\/wp-json\/wp\/v2\/types\/page"}],"author":[{"embeddable":true,"href":"https:\/\/www.educazionedigitale.it\/circulariscool\/wp-json\/wp\/v2\/users\/1"}],"replies":[{"embeddable":true,"href":"https:\/\/www.educazionedigitale.it\/circulariscool\/wp-json\/wp\/v2\/comments?post=531"}],"version-history":[{"count":3,"href":"https:\/\/www.educazionedigitale.it\/circulariscool\/wp-json\/wp\/v2\/pages\/531\/revisions"}],"predecessor-version":[{"id":5310,"href":"https:\/\/www.educazionedigitale.it\/circulariscool\/wp-json\/wp\/v2\/pages\/531\/revisions\/5310"}],"wp:attachment":[{"href":"https:\/\/www.educazionedigitale.it\/circulariscool\/wp-json\/wp\/v2\/media?parent=531"}],"curies":[{"name":"wp","href":"https:\/\/api.w.org\/{rel}","templated":true}]}}