{"id":6756,"date":"2021-03-25T12:22:04","date_gmt":"2021-03-25T11:22:04","guid":{"rendered":"https:\/\/www.educazionedigitale.it\/cittadinanza-costituzione\/?page_id=6756"},"modified":"2022-08-22T09:16:27","modified_gmt":"2022-08-22T07:16:27","slug":"cittadinanza-costituzione-nelle-scuole","status":"publish","type":"page","link":"https:\/\/www.educazionedigitale.it\/cittadinanza-costituzione\/cittadinanza-costituzione-nelle-scuole\/","title":{"rendered":"Cittadinanza e Costituzione, l&#8217;Educazione civica nelle scuole"},"content":{"rendered":"\n  <div class=\"banner has-hover\" id=\"banner-974156721\">\n          <div class=\"banner-inner fill\">\n        <div class=\"banner-bg fill\" >\n            <img loading=\"lazy\" decoding=\"async\" width=\"1020\" height=\"105\" src=\"https:\/\/www.educazionedigitale.it\/cittadinanza-costituzione\/wp-content\/uploads\/2021\/03\/banner-gallery-1600x164.png\" class=\"bg attachment-large size-large\" alt=\"\" \/>                                    \n                    <\/div>\n\t\t\n        <div class=\"banner-layers container\">\n            <div class=\"fill banner-link\"><\/div>            \n   <div id=\"text-box-1517134940\" class=\"text-box banner-layer x50 md-x50 lg-x50 y50 md-y50 lg-y50 res-text\">\n                                <div class=\"text-box-content text dark\">\n              \n              <div class=\"text-inner text-center\">\n                  \n              <\/div>\n           <\/div>\n                            \n<style>\n#text-box-1517134940 {\n  width: 60%;\n}\n#text-box-1517134940 .text-box-content {\n  font-size: 100%;\n}\n@media (min-width:550px) {\n  #text-box-1517134940 {\n    width: 60%;\n  }\n}\n<\/style>\n    <\/div>\n \n        <\/div>\n      <\/div>\n\n            \n<style>\n#banner-974156721 {\n  padding-top: 150px;\n}\n<\/style>\n  <\/div>\n\n\n\t<div id=\"gap-1240739100\" class=\"gap-element clearfix\" style=\"display:block; height:auto;\">\n\t\t\n<style>\n#gap-1240739100 {\n  padding-top: 1px;\n}\n<\/style>\n\t<\/div>\n\t\n\n\t<section class=\"section\" id=\"section_344925531\">\n\t\t<div class=\"section-bg fill\" >\n\t\t\t\t\t\t\t\t\t\n\t\t\t\n\n\t\t<\/div>\n\n\t\t\n\n\t\t<div class=\"section-content relative\">\n\t\t\t\n<div class=\"row\"  id=\"row-421653053\">\n\n\t<div id=\"col-670760389\" class=\"col small-12 large-12\"  >\n\t\t\t\t<div class=\"col-inner text-center\"  >\n\t\t\t\n\t\t\t\n\t<div id=\"text-272306949\" class=\"text\">\n\t\t\n<h3 style=\"font-size:22px\"><strong>L\u2019insegnamento trasversale dell\u2019Educazione civica e la valenza didattica della Costituzione nelle scuole<\/strong><\/h3>\n<p style=\"text-align:justify; margin-bottom:7px\">L\u2019insegnamento trasversale dell\u2019Educazione civica, in osservanza a quanto disposto dalla Legge 20 agosto 2019, n. 92 e, successivamente,\u00a0dalle Linee guida emanate dal Ministero dell\u2019Istruzione richiama l\u2019attenzione sull\u2019importanza della conoscenza della\u00a0Costituzione nelle scuole di ogni ordine e grado, sia in relazione al riconoscimento della stessa come principio cardine del nostro ordinamento giuridico, sia quale\u00a0 criterio primario utile a promuovere il pieno sviluppo dell\u2019individuo, identificandone diritti e doveri all\u2019interno del contesto sociale e orientandone la partecipazione attiva come cittadino.\u00a0<\/p>\n<p style=\"text-align:justify; margin-bottom:0px\">In quest\u2019ottica, la Carta costituzionale va intesa come una molteplicit\u00e0 di norme investite di una rilevanza culturale e pedagogica imprescindibile per il mondo della scuola, che diventa un laboratorio permanente di partecipazione e di educazione alla Cittadinanza attiva.<\/p>\n\t\t\n<style>\n#text-272306949 {\n  text-align: left;\n}\n<\/style>\n\t<\/div>\n\t\n\t\t<\/div>\n\t\t\t\t\n<style>\n#col-670760389 > .col-inner {\n  margin: 49px 0px 0px 0px;\n}\n<\/style>\n\t<\/div>\n\n\t\n<\/div>\n<div class=\"row align-middle align-center\"  id=\"row-842108745\">\n\n\t<div id=\"col-2097740350\" class=\"col medium-8 small-12 large-8\"  >\n\t\t\t\t<div class=\"col-inner text-center\"  >\n\t\t\t\n\t\t\t\n\t<div id=\"text-3073125355\" class=\"text\">\n\t\t\n<p style=\"text-align:justify; margin-bottom:0px\">\u00c8 compito di ogni docente, dalla Scuola dell\u2019Infanzia sino agli Istituti di Istruzione Secondaria Superiore, formare e favorire una partecipazione alla vita civile plasmata \u2013 <em>in primis<\/em> \u2013 dai princ\u00ecpi di responsabilit\u00e0, legalit\u00e0 e solidariet\u00e0. Nella didattica della Costituzione sono confluiti, arricchiti e valorizzati tutti gli obiettivi dell\u2019insegnamento dell\u2019Educazione civica, in grado cos\u00ec di travalicare i confini di un insegnamento a s\u00e9 stante, per agevolare una multiforme armonia formativa orientata verso i comuni traguardi di una Scuola che vuole concepire i giovani non solo come studenti, ma anche e soprattutto come cittadini.<\/p>\n\t\t\n<style>\n#text-3073125355 {\n  text-align: left;\n}\n<\/style>\n\t<\/div>\n\t\n\t\t<\/div>\n\t\t\t\t\t<\/div>\n\n\t\n\n\t<div id=\"col-640075261\" class=\"col medium-4 small-12 large-4\"  data-animate=\"blurIn\">\n\t\t\t\t<div class=\"col-inner\"  >\n\t\t\t\n\t\t\t\n\t<div class=\"img has-hover x md-x lg-x y md-y lg-y\" id=\"image_2063532225\">\n\t\t\t\t\t\t\t\t<div class=\"img-inner image-cover dark\" style=\"padding-top:195px;\">\n\t\t\t<img loading=\"lazy\" decoding=\"async\" width=\"1000\" height=\"667\" src=\"https:\/\/www.educazionedigitale.it\/cittadinanza-costituzione\/wp-content\/uploads\/2022\/08\/1p.jpg\" class=\"attachment-large size-large\" alt=\"\" srcset=\"https:\/\/www.educazionedigitale.it\/cittadinanza-costituzione\/wp-content\/uploads\/2022\/08\/1p.jpg 1000w, https:\/\/www.educazionedigitale.it\/cittadinanza-costituzione\/wp-content\/uploads\/2022\/08\/1p-800x534.jpg 800w, https:\/\/www.educazionedigitale.it\/cittadinanza-costituzione\/wp-content\/uploads\/2022\/08\/1p-768x512.jpg 768w\" sizes=\"auto, (max-width: 1000px) 100vw, 1000px\" \/>\t\t\t\t\t\t\n\t\t\t\t\t<\/div>\n\t\t\t\t\t\t\t\t\n<style>\n#image_2063532225 {\n  width: 100%;\n}\n<\/style>\n\t<\/div>\n\t\n\t\t<\/div>\n\t\t\t\t\t<\/div>\n\n\t\n\n\t<div id=\"col-359490278\" class=\"col small-12 large-12\"  >\n\t\t\t\t<div class=\"col-inner text-center\"  >\n\t\t\t\n\t\t\t\n\t<div id=\"text-2858638641\" class=\"text\">\n\t\t\n<h3><strong>La sinergia tra scuola e famiglie nell\u2019insegnamento di una cittadinanza consapevole<\/strong><\/h3>\n<p style=\"text-align:justify; margin-bottom:0px\">L\u2019insegnamento dell\u2019Educazione civica e, in particolare, della Carta costituzionale non pu\u00f2 prescindere dal patto di collaborazione attiva tra scuola e famiglie, come indicato nell\u2019art. 7 della Legge, che sancisce l\u2019importanza di rafforzare tale sinergia al fine di promuovere comportamenti positivi degli studenti orientati ad una cittadinanza responsabile, oggi come in un prossimo domani.<\/p>\n\t\t\n<style>\n#text-2858638641 {\n  text-align: left;\n}\n<\/style>\n\t<\/div>\n\t\n\t\t<\/div>\n\t\t\t\t\t<\/div>\n\n\t\n\n\t<div id=\"col-65891840\" class=\"col medium-4 small-12 large-4\"  data-animate=\"blurIn\">\n\t\t\t\t<div class=\"col-inner\"  >\n\t\t\t\n\t\t\t\n\t<div class=\"img has-hover x md-x lg-x y md-y lg-y\" id=\"image_1883863081\">\n\t\t\t\t\t\t\t\t<div class=\"img-inner image-cover dark\" style=\"padding-top:491px;margin:17px 0px 0px 0px;\">\n\t\t\t<img loading=\"lazy\" decoding=\"async\" width=\"1000\" height=\"668\" src=\"https:\/\/www.educazionedigitale.it\/cittadinanza-costituzione\/wp-content\/uploads\/2022\/08\/2p.jpg\" class=\"attachment-large size-large\" alt=\"\" srcset=\"https:\/\/www.educazionedigitale.it\/cittadinanza-costituzione\/wp-content\/uploads\/2022\/08\/2p.jpg 1000w, https:\/\/www.educazionedigitale.it\/cittadinanza-costituzione\/wp-content\/uploads\/2022\/08\/2p-800x534.jpg 800w, https:\/\/www.educazionedigitale.it\/cittadinanza-costituzione\/wp-content\/uploads\/2022\/08\/2p-768x513.jpg 768w\" sizes=\"auto, (max-width: 1000px) 100vw, 1000px\" \/>\t\t\t\t\t\t\n\t\t\t\t\t<\/div>\n\t\t\t\t\t\t\t\t\n<style>\n#image_1883863081 {\n  width: 100%;\n}\n<\/style>\n\t<\/div>\n\t\n\t\t<\/div>\n\t\t\t\t\t<\/div>\n\n\t\n\n\t<div id=\"col-41303922\" class=\"col medium-8 small-12 large-8\"  >\n\t\t\t\t<div class=\"col-inner\"  >\n\t\t\t\n\t\t\t\n<h3><strong>Le attivit\u00e0 in collaborazione con il Parlamento<\/strong><\/h3>\n<p style=\"text-align: justify;\">Nell\u2019ottica di promuovere e coadiuvare nelle scuole l\u2019insegnamento della Costituzione italiana, il Ministero dell\u2019Istruzione ha instaurato, negli anni, una stretta collaborazione con i principali organi costituzionali, in particolare con il Senato della Repubblica e la Camera dei deputati, finalizzata ad offrire alle scuole di ogni ordine e grado degli strumenti pedagogici utili a favorire la progettazione e la riflessione, all\u2019interno dei percorsi didattici curricolari, sui princ\u00ecpi e l\u2019attualit\u00e0 della Carta costituzionale.<br \/>\nAvvicinare i giovani ai suoi valori e sostenere l\u2019insegnamento della Costituzione, attraverso attivit\u00e0 pluridisciplinari e metodologie laboratoriali, \u00e8 infatti un impegno comune del mondo della scuola e del Parlamento, che nel tempo si \u00e8 tradotto in nuove iniziative e in una pluralit\u00e0 di progetti, rivolti ai differenti gradi di istruzione e realizzati anche grazie al contributo prezioso degli Uffici scolastici regionali, dei dirigenti scolastici e dei docenti.<br \/>\nIn tale contesto sono nati e si sono sviluppati negli ultimi anni diversi concorsi che, con bandi a cadenza annuale, si rivolgono alle scuole del primo e del secondo ciclo di ogni parte d&#8217;Italia coinvolgendole peraltro in attivit\u00e0 funzionali alla realizzazione di percorsi didattici innovativi e alla creazione di una fruttuosa interazione con il territorio di appartenenza di ciascun istituto.<\/p>\n\t\t<\/div>\n\t\t\t\t\t<\/div>\n\n\t\n\n\n\t<div id=\"col-1012011792\" class=\"col small-12 large-12\"  >\n\t\t\t\t<div class=\"col-inner text-center\"  >\n\t\t\t\n\t\t\t\n\t<div id=\"text-511529927\" class=\"text\">\n\t\t\n<h3><strong>La Piattaforma Cittadinanza e Costituzione <\/strong><\/h3>\n<p style=\"text-align: justify;\">Questa piattaforma \u00e8 concepita come punto di riferimento unitario per le scuole che intendono partecipare ai concorsi che il Ministero dell&#8217;Istruzione organizza in collaborazione con il Senato della Repubblica e la Camera dei deputati, al fine offrire ai docenti un quadro di insieme, e facilmente fruibile, delle diverse iniziative proposte e consentire loro una pi\u00f9 agevole individuazione del progetto pi\u00f9 idoneo a perseguire gli obiettivi didattici prescelti.<\/p>\n<p>La pagina della piattaforma <a href=\"https:\/\/www.educazionedigitale.it\/cittadinanza-costituzione\/progetti-di-senato-e-camera\/\" style=\"color:blue\">&#8220;I progetti del Senato della Repubblica e della Camera dei deputati per le scuole&#8221;<\/a> illustra brevemente le diverse iniziative in corso. Attraverso la sezione <a href=\"https:\/\/www.educazionedigitale.it\/cittadinanza-costituzione\/concorsi\/\" style=\"color:blue\">&#8220;Partecipa ai concorsi&#8221;<\/a> \u00e8 possibile accedere invece alle pagine dei singoli concorsi, prendere visione dei bandi e dei termini di partecipazione, e iscriversi attraverso gli appositi moduli.<\/p>\n<p style=\"text-align: justify;\">La predisposizione di una piattaforma unica di accesso risponde, tra l&#8217;altro, alle indicazioni delle Linee guida in materia di Educazione civica in merito all&#8217;urgenza di offrire alle istituzioni scolastiche maggiore chiarezza rispetto ai principali nuclei concettuali che costituiscono i pilastri della Legge n. 92\/2019 che ha introdotto, nel primo e secondo ciclo di istruzione, l\u2019insegnamento trasversale obbligatorio dell\u2019Educazione civica.\u00a0\u00a0\u00a0\u00a0\u00a0\u00a0\u00a0\u00a0\u00a0\u00a0<\/p>\n\t\t\n<style>\n#text-511529927 {\n  text-align: left;\n}\n<\/style>\n\t<\/div>\n\t\n\t\t<\/div>\n\t\t\t\t\n<style>\n#col-1012011792 > .col-inner {\n  margin: 0px 0px 12px 0px;\n}\n<\/style>\n\t<\/div>\n\n\t\n<\/div>\n\t\t<\/div>\n\n\t\t\n<style>\n#section_344925531 {\n  padding-top: 0px;\n  padding-bottom: 0px;\n}\n<\/style>\n\t<\/section>\n\t\n\t<div id=\"gap-2033049914\" class=\"gap-element clearfix\" style=\"display:block; height:auto;\">\n\t\t\n<style>\n#gap-2033049914 {\n  padding-top: 15px;\n}\n<\/style>\n\t<\/div>\n\t\n\n\t<section class=\"section\" id=\"section_451792181\">\n\t\t<div class=\"section-bg fill\" >\n\t\t\t\t\t\t\t\t\t\n\t\t\t\n\n\t\t<\/div>\n\n\t\t\n\n\t\t<div class=\"section-content relative\">\n\t\t\t\n\n  <div class=\"banner has-hover\" id=\"banner-597961407\">\n          <div class=\"banner-inner fill\">\n        <div class=\"banner-bg fill\" >\n            <img loading=\"lazy\" decoding=\"async\" width=\"1020\" height=\"180\" src=\"https:\/\/www.educazionedigitale.it\/cittadinanza-costituzione\/wp-content\/uploads\/2021\/04\/banner-homepage-sotto2-1600x282.png\" class=\"bg attachment-large size-large\" alt=\"\" \/>                                    \n                    <\/div>\n\t\t\n        <div class=\"banner-layers container\">\n            <div class=\"fill banner-link\"><\/div>            \n   <div id=\"text-box-196112728\" class=\"text-box banner-layer x10 md-x85 lg-x100 y50 md-y85 lg-y85 res-text\">\n                                <div class=\"text-box-content text dark\">\n              \n              <div class=\"text-inner text-right\">\n                  \n\t<div id=\"text-2732454851\" class=\"text\">\n\t\t\n<h3 class=\"uppercase\" style=\"line-height:1.5\"><b>CONSULTA LA LEGGE SULL\u2019INSEGNAMENTO DELL\u2019EDUCAZIONE CIVICA E LE LINEE GUIDA EMANATE DAL MINISTERO DELL\u2019ISTRUZIONE<\/b><\/h3>\n\t\t\n<style>\n#text-2732454851 {\n  font-size: 0.75rem;\n  text-align: right;\n}\n<\/style>\n\t<\/div>\n\t\n\t<div id=\"gap-1513648130\" class=\"gap-element clearfix\" style=\"display:block; height:auto;\">\n\t\t\n<style>\n#gap-1513648130 {\n  padding-top: 15px;\n}\n<\/style>\n\t<\/div>\n\t\n<a href=\"https:\/\/www.educazionedigitale.it\/cittadinanza-costituzione\/risorse_didattiche\/\" target=\"_blank\" class=\"button white is-outline is-large reveal-icon\" rel=\"noopener\" style=\"border-radius:99px;\">\n\t\t<span>scopri di pi\u00f9<\/span>\n\t<i class=\"icon-plus\" aria-hidden=\"true\"><\/i><\/a>\n\n              <\/div>\n           <\/div>\n                            \n<style>\n#text-box-196112728 {\n  width: 60%;\n}\n#text-box-196112728 .text-box-content {\n  font-size: 100%;\n}\n<\/style>\n    <\/div>\n \n        <\/div>\n      <\/div>\n\n            \n<style>\n#banner-597961407 {\n  padding-top: 445px;\n}\n#banner-597961407 .banner-bg img {\n  object-position: 100% 0%;\n}\n@media (min-width:550px) {\n  #banner-597961407 {\n    padding-top: 300px;\n  }\n}\n<\/style>\n  <\/div>\n\n\n\t\t<\/div>\n\n\t\t\n<style>\n#section_451792181 {\n  padding-top: 0px;\n  padding-bottom: 0px;\n  margin-bottom: 0px;\n}\n<\/style>\n\t<\/section>\n\t\n\t<div id=\"presto-online\"\n\t     class=\"lightbox-by-id lightbox-content mfp-hide lightbox-white \"\n\t     style=\"max-width:650px ;padding:20px\">\n\t\t\n<div style=\"padding:50px; text-align:center; font-size:38px; font-weight:bold;\">PRESTO ONLINE<\/div>\n\t<\/div>\n\t\n\t\n","protected":false},"excerpt":{"rendered":"","protected":false},"author":6,"featured_media":0,"parent":0,"menu_order":0,"comment_status":"closed","ping_status":"closed","template":"page-blank.php","meta":{"_monsterinsights_skip_tracking":false,"_monsterinsights_sitenote_active":false,"_monsterinsights_sitenote_note":"","_monsterinsights_sitenote_category":0,"footnotes":""},"class_list":["post-6756","page","type-page","status-publish","hentry"],"yoast_head":"<!-- This site is optimized with the Yoast SEO plugin v27.3 - https:\/\/yoast.com\/product\/yoast-seo-wordpress\/ -->\n<title>Cittadinanza e Costituzione, l&#039;Educazione civica nelle scuole - www.cittadinanza-costituzione.it<\/title>\n<meta name=\"robots\" content=\"index, follow, max-snippet:-1, max-image-preview:large, max-video-preview:-1\" \/>\n<link rel=\"canonical\" href=\"https:\/\/www.educazionedigitale.it\/cittadinanza-costituzione\/cittadinanza-costituzione-nelle-scuole\/\" \/>\n<meta property=\"og:locale\" content=\"it_IT\" \/>\n<meta property=\"og:type\" content=\"article\" \/>\n<meta property=\"og:title\" content=\"Cittadinanza e Costituzione, l&#039;Educazione civica nelle scuole - www.cittadinanza-costituzione.it\" \/>\n<meta property=\"og:url\" content=\"https:\/\/www.educazionedigitale.it\/cittadinanza-costituzione\/cittadinanza-costituzione-nelle-scuole\/\" \/>\n<meta property=\"og:site_name\" content=\"www.cittadinanza-costituzione.it\" \/>\n<meta property=\"article:modified_time\" content=\"2022-08-22T07:16:27+00:00\" \/>\n<meta name=\"twitter:card\" content=\"summary_large_image\" \/>\n<meta name=\"twitter:label1\" content=\"Tempo di lettura stimato\" \/>\n\t<meta name=\"twitter:data1\" content=\"5 minuti\" \/>\n<script type=\"application\/ld+json\" class=\"yoast-schema-graph\">{\"@context\":\"https:\\\/\\\/schema.org\",\"@graph\":[{\"@type\":\"WebPage\",\"@id\":\"https:\\\/\\\/www.educazionedigitale.it\\\/cittadinanza-costituzione\\\/cittadinanza-costituzione-nelle-scuole\\\/\",\"url\":\"https:\\\/\\\/www.educazionedigitale.it\\\/cittadinanza-costituzione\\\/cittadinanza-costituzione-nelle-scuole\\\/\",\"name\":\"Cittadinanza e Costituzione, l'Educazione civica nelle scuole - www.cittadinanza-costituzione.it\",\"isPartOf\":{\"@id\":\"https:\\\/\\\/www.educazionedigitale.it\\\/cittadinanza-costituzione\\\/#website\"},\"datePublished\":\"2021-03-25T11:22:04+00:00\",\"dateModified\":\"2022-08-22T07:16:27+00:00\",\"inLanguage\":\"it-IT\",\"potentialAction\":[{\"@type\":\"ReadAction\",\"target\":[\"https:\\\/\\\/www.educazionedigitale.it\\\/cittadinanza-costituzione\\\/cittadinanza-costituzione-nelle-scuole\\\/\"]}]},{\"@type\":\"WebSite\",\"@id\":\"https:\\\/\\\/www.educazionedigitale.it\\\/cittadinanza-costituzione\\\/#website\",\"url\":\"https:\\\/\\\/www.educazionedigitale.it\\\/cittadinanza-costituzione\\\/\",\"name\":\"www.cittadinanza-costituzione.it\",\"description\":\"\",\"potentialAction\":[{\"@type\":\"SearchAction\",\"target\":{\"@type\":\"EntryPoint\",\"urlTemplate\":\"https:\\\/\\\/www.educazionedigitale.it\\\/cittadinanza-costituzione\\\/?s={search_term_string}\"},\"query-input\":{\"@type\":\"PropertyValueSpecification\",\"valueRequired\":true,\"valueName\":\"search_term_string\"}}],\"inLanguage\":\"it-IT\"}]}<\/script>\n<!-- \/ Yoast SEO plugin. -->","yoast_head_json":{"title":"Cittadinanza e Costituzione, l'Educazione civica nelle scuole - www.cittadinanza-costituzione.it","robots":{"index":"index","follow":"follow","max-snippet":"max-snippet:-1","max-image-preview":"max-image-preview:large","max-video-preview":"max-video-preview:-1"},"canonical":"https:\/\/www.educazionedigitale.it\/cittadinanza-costituzione\/cittadinanza-costituzione-nelle-scuole\/","og_locale":"it_IT","og_type":"article","og_title":"Cittadinanza e Costituzione, l'Educazione civica nelle scuole - www.cittadinanza-costituzione.it","og_url":"https:\/\/www.educazionedigitale.it\/cittadinanza-costituzione\/cittadinanza-costituzione-nelle-scuole\/","og_site_name":"www.cittadinanza-costituzione.it","article_modified_time":"2022-08-22T07:16:27+00:00","twitter_card":"summary_large_image","twitter_misc":{"Tempo di lettura stimato":"5 minuti"},"schema":{"@context":"https:\/\/schema.org","@graph":[{"@type":"WebPage","@id":"https:\/\/www.educazionedigitale.it\/cittadinanza-costituzione\/cittadinanza-costituzione-nelle-scuole\/","url":"https:\/\/www.educazionedigitale.it\/cittadinanza-costituzione\/cittadinanza-costituzione-nelle-scuole\/","name":"Cittadinanza e Costituzione, l'Educazione civica nelle scuole - www.cittadinanza-costituzione.it","isPartOf":{"@id":"https:\/\/www.educazionedigitale.it\/cittadinanza-costituzione\/#website"},"datePublished":"2021-03-25T11:22:04+00:00","dateModified":"2022-08-22T07:16:27+00:00","inLanguage":"it-IT","potentialAction":[{"@type":"ReadAction","target":["https:\/\/www.educazionedigitale.it\/cittadinanza-costituzione\/cittadinanza-costituzione-nelle-scuole\/"]}]},{"@type":"WebSite","@id":"https:\/\/www.educazionedigitale.it\/cittadinanza-costituzione\/#website","url":"https:\/\/www.educazionedigitale.it\/cittadinanza-costituzione\/","name":"www.cittadinanza-costituzione.it","description":"","potentialAction":[{"@type":"SearchAction","target":{"@type":"EntryPoint","urlTemplate":"https:\/\/www.educazionedigitale.it\/cittadinanza-costituzione\/?s={search_term_string}"},"query-input":{"@type":"PropertyValueSpecification","valueRequired":true,"valueName":"search_term_string"}}],"inLanguage":"it-IT"}]}},"_links":{"self":[{"href":"https:\/\/www.educazionedigitale.it\/cittadinanza-costituzione\/wp-json\/wp\/v2\/pages\/6756","targetHints":{"allow":["GET"]}}],"collection":[{"href":"https:\/\/www.educazionedigitale.it\/cittadinanza-costituzione\/wp-json\/wp\/v2\/pages"}],"about":[{"href":"https:\/\/www.educazionedigitale.it\/cittadinanza-costituzione\/wp-json\/wp\/v2\/types\/page"}],"author":[{"embeddable":true,"href":"https:\/\/www.educazionedigitale.it\/cittadinanza-costituzione\/wp-json\/wp\/v2\/users\/6"}],"replies":[{"embeddable":true,"href":"https:\/\/www.educazionedigitale.it\/cittadinanza-costituzione\/wp-json\/wp\/v2\/comments?post=6756"}],"version-history":[{"count":3,"href":"https:\/\/www.educazionedigitale.it\/cittadinanza-costituzione\/wp-json\/wp\/v2\/pages\/6756\/revisions"}],"predecessor-version":[{"id":7824,"href":"https:\/\/www.educazionedigitale.it\/cittadinanza-costituzione\/wp-json\/wp\/v2\/pages\/6756\/revisions\/7824"}],"wp:attachment":[{"href":"https:\/\/www.educazionedigitale.it\/cittadinanza-costituzione\/wp-json\/wp\/v2\/media?parent=6756"}],"curies":[{"name":"wp","href":"https:\/\/api.w.org\/{rel}","templated":true}]}}