{"id":2,"date":"2015-03-06T10:12:45","date_gmt":"2015-03-06T10:12:45","guid":{"rendered":"http:\/\/www.educazionedigitale.it\/coderz\/?page_id=2"},"modified":"2025-10-10T12:33:41","modified_gmt":"2025-10-10T10:33:41","slug":"homepage","status":"publish","type":"page","link":"https:\/\/www.educazionedigitale.it\/coderz\/","title":{"rendered":"Homepage"},"content":{"rendered":"\t<div id=\"gap-568588145\" class=\"gap-element clearfix\" style=\"display:block; height:auto;\">\n\t\t\n<style>\n#gap-568588145 {\n  padding-top: 56px;\n}\n@media (min-width:550px) {\n  #gap-568588145 {\n    padding-top: 76px;\n  }\n}\n@media (min-width:850px) {\n  #gap-568588145 {\n    padding-top: 117px;\n  }\n}\n<\/style>\n\t<\/div>\n\t\n\n  <div class=\"banner has-hover banner-home\" id=\"banner-1720551627\">\n          <div class=\"banner-inner fill\">\n        <div class=\"banner-bg fill\" >\n            <img loading=\"lazy\" decoding=\"async\" width=\"1913\" height=\"504\" src=\"https:\/\/www.educazionedigitale.it\/coderz\/wp-content\/uploads\/2023\/07\/bn.png\" class=\"bg attachment-original size-original\" alt=\"\" \/>                                    \n                    <\/div>\n\t\t\n        <div class=\"banner-layers container\">\n            <div class=\"fill banner-link\"><\/div>            \n   <div id=\"text-box-468949057\" class=\"text-box banner-layer x50 md-x90 lg-x90 y10 md-y10 lg-y90 res-text\">\n                     <div data-animate=\"fadeInLeft\">           <div class=\"text-box-content text \">\n              \n              <div class=\"text-inner text-right\">\n                  \n\t<div id=\"text-1658949363\" class=\"text\">\n\t\t\n<p style=\"color: white; font-weight: 300; font-size: 1.5em; margin-bottom: 40px; text-shadow: 0px 0px 0px #000;\">CODER&#8217;<span style=\"font-weight: 800;\">Z<\/span><\/p>\n<p style=\"color: white; letter-spacing: 1px; font-size: .8em; font-weight: 200; margin-top: -35px; line-height:1.4\">Percorso digitale <br \/> di formazione scuola-lavoro<\/p>\n\t\t\n<style>\n#text-1658949363 {\n  font-size: 1.75rem;\n  text-align: right;\n}\n@media (min-width:550px) {\n  #text-1658949363 {\n    font-size: 2.2rem;\n  }\n}\n@media (min-width:850px) {\n  #text-1658949363 {\n    font-size: 2.8rem;\n  }\n}\n<\/style>\n\t<\/div>\n\t\n              <\/div>\n           <\/div>\n       <\/div>                     \n<style>\n#text-box-468949057 {\n  margin: 0px 0px 0px 0px;\n  width: 88%;\n}\n#text-box-468949057 .text-box-content {\n  font-size: 199%;\n}\n@media (min-width:550px) {\n  #text-box-468949057 {\n    margin: -9px 0px 0px 0px;\n    width: 58%;\n  }\n  #text-box-468949057 .text-box-content {\n    font-size: 424%;\n  }\n}\n@media (min-width:850px) {\n  #text-box-468949057 {\n    width: 48%;\n  }\n}\n<\/style>\n    <\/div>\n \n        <\/div>\n      <\/div>\n\n            \n<style>\n#banner-1720551627 {\n  padding-top: 307px;\n}\n#banner-1720551627 .banner-bg img {\n  object-position: 94% 21%;\n}\n@media (min-width:550px) {\n  #banner-1720551627 {\n    padding-top: 383px;\n  }\n}\n@media (min-width:850px) {\n  #banner-1720551627 {\n    padding-top: 423px;\n  }\n}\n<\/style>\n  <\/div>\n\n\n\n\t<section class=\"section\" id=\"section_458863772\">\n\t\t<div class=\"section-bg fill\" >\n\t\t\t\t\t\t\t\t\t\n\t\t\t\n\n\t\t<\/div>\n\n\t\t\n\n\t\t<div class=\"section-content relative\">\n\t\t\t\n\t<div id=\"gap-878687647\" class=\"gap-element clearfix\" style=\"display:block; height:auto;\">\n\t\t\n<style>\n#gap-878687647 {\n  padding-top: 20px;\n}\n<\/style>\n\t<\/div>\n\t\n<div class=\"row\"  id=\"row-1814697042\">\n\n\t<div id=\"col-1889349426\" class=\"col medium-7 large-7\"  >\n\t\t\t\t<div class=\"col-inner\"  >\n\t\t\t\n\t\t\t\n\t<div id=\"gap-624828013\" class=\"gap-element clearfix\" style=\"display:block; height:auto;\">\n\t\t\n<style>\n#gap-624828013 {\n  padding-top: 20px;\n}\n<\/style>\n\t<\/div>\n\t\n\t<div id=\"gap-1638095637\" class=\"gap-element clearfix\" style=\"display:block; height:auto;\">\n\t\t\n<style>\n#gap-1638095637 {\n  padding-top: 35px;\n}\n<\/style>\n\t<\/div>\n\t\n<h1 style=\"font-size:138%\">Scopri i contenuti e le skills maturabili con questo FSL<\/h1>\n\t<div class=\"box has-hover   has-hover box-overlay dark box-text-middle\" >\n\n\t\t<div class=\"box-image\" >\n\t\t\t<a href=\"https:\/\/www.educazionedigitale.it\/coderz\/wp-content\/uploads\/2024\/10\/Video-Scheda-Pcto-Coderz.mp4\" target=\"_blank\" rel=\"noopener\" >\t\t\t<div class=\"image-blur image-cover\" style=\"padding-top:49.25%;\">\n\t\t\t\t<img loading=\"lazy\" decoding=\"async\" width=\"1920\" height=\"1080\" src=\"https:\/\/www.educazionedigitale.it\/coderz\/wp-content\/uploads\/2024\/10\/Screenshot-2024-10-21-171128.png\" class=\"attachment- size-\" alt=\"\" srcset=\"https:\/\/www.educazionedigitale.it\/coderz\/wp-content\/uploads\/2024\/10\/Screenshot-2024-10-21-171128.png 1920w, https:\/\/www.educazionedigitale.it\/coderz\/wp-content\/uploads\/2024\/10\/Screenshot-2024-10-21-171128-800x450.png 800w, https:\/\/www.educazionedigitale.it\/coderz\/wp-content\/uploads\/2024\/10\/Screenshot-2024-10-21-171128-1600x900.png 1600w, https:\/\/www.educazionedigitale.it\/coderz\/wp-content\/uploads\/2024\/10\/Screenshot-2024-10-21-171128-768x432.png 768w, https:\/\/www.educazionedigitale.it\/coderz\/wp-content\/uploads\/2024\/10\/Screenshot-2024-10-21-171128-1536x864.png 1536w\" sizes=\"auto, (max-width: 1920px) 100vw, 1920px\" \/>\t\t\t\t<div class=\"overlay\" style=\"background-color:rgba(6, 105, 179, 0.645)\"><\/div>\t\t\t\t\t\t\t<\/div>\n\t\t\t<\/a>\t\t<\/div>\n\n\t\t<div class=\"box-text text-center\" >\n\t\t\t<div class=\"box-text-inner\">\n\t\t\t\t\n\t<div class=\"img has-hover x md-x lg-x y md-y lg-y\" id=\"image_316677966\">\n\t\t<a class=\"\" href=\"https:\/\/www.educazionedigitale.it\/coderz\/wp-content\/uploads\/2024\/10\/Video-Scheda-Pcto-Coderz.mp4\" target=\"_blank\" rel=\"noopener\" >\t\t\t\t\t\t<div class=\"img-inner dark\" style=\"margin:10px 0px -10px 0px;\">\n\t\t\t<img loading=\"lazy\" decoding=\"async\" width=\"329\" height=\"329\" src=\"https:\/\/www.educazionedigitale.it\/coderz\/wp-content\/uploads\/2024\/10\/Play-Button-copy.png\" class=\"attachment-original size-original\" alt=\"\" \/>\t\t\t\t\t\t\n\t\t\t\t\t<\/div>\n\t\t\t\t\t\t<\/a>\t\t\n<style>\n#image_316677966 {\n  width: 33%;\n}\n<\/style>\n\t<\/div>\n\t\n<h1 style=\"color:white !important; font-size:170%\">Guarda il video<\/h1>\n\t\t\t<\/div>\n\t\t<\/div>\n\t<\/div>\n\t\n\t<div id=\"gap-617759127\" class=\"gap-element clearfix\" style=\"display:block; height:auto;\">\n\t\t\n<style>\n#gap-617759127 {\n  padding-top: 25px;\n}\n<\/style>\n\t<\/div>\n\t\n<p><img decoding=\"async\" style=\"float: right; margin-top: -25px; margin-right: 5px; margin-bottom: 0px;\" src=\"https:\/\/www.educazionedigitale.it\/new\/wp-content\/uploads\/2020\/09\/progettogratuito.png\" width=\"90px\" \/><\/p>\n<h1><span style=\"color: #212121;\">L&#8217;iniziativa formativa<\/span><\/h1>\n\t<div id=\"gap-914112282\" class=\"gap-element clearfix\" style=\"display:block; height:auto;\">\n\t\t\n<style>\n#gap-914112282 {\n  padding-top: 10px;\n}\n<\/style>\n\t<\/div>\n\t\n<p style=\"text-align: justify; margin-bottom: 25px;\"><a href=\"https:\/\/www.zucchetti.it\/website\/cms\/home.html\" rel=\"noopener\" target=\"_blank\"><strong style=\"color: #0669B3;\">Zucchetti,<\/strong> <\/a>azienda leader in Italia per la fornitura di software, hardware, servizi e prima software house nazionale, offre alle scuole secondarie di II grado l\u2019FSL digitale <strong>\u201cCODER\u2019Z\u201d,<\/strong> un percorso specialistico e professionalizzante teorico-pratico che accompagna ragazze e ragazzi nella scoperta della <strong>programmazione informatica e dei suoi linguaggi. <\/strong><\/p>\n<p style=\"text-align: justify; margin-bottom: 25px;\">La <strong>programmazione<\/strong> \u00e8, nel suo complesso, un\u2019attivit\u00e0 logica e strutturata che si nasconde in tantissimi aspetti della vita quotidiana e che coinvolge sia abilit\u00e0, sia competenze traversali sempre pi\u00f9 richieste nel mondo del lavoro.<\/p>\n<p style=\"text-align: justify; margin-bottom: 25px;\">A un<strong> modulo formativo in e-learning, <\/strong>volto a fornire le <strong>conoscenze e i saperi di base della programmazione e di JavaScript,<\/strong> si accompagna un&#8217;attivit\u00e0 di <strong>PROJECT WORK<\/strong> pensata per testare sul campo le abilit\u00e0 apprese, attraverso la realizzazione di un\u2019<strong>applicazione Web.<\/strong><\/p>\n\t<div id=\"gap-46371349\" class=\"gap-element clearfix\" style=\"display:block; height:auto;\">\n\t\t\n<style>\n#gap-46371349 {\n  padding-top: 1px;\n}\n<\/style>\n\t<\/div>\n\t\n<a href=\"https:\/\/www.educazionedigitale.it\/coderz\/il-percorso\/\" class=\"button primary custom-green\" >\n\t\t<span>scopri di pi\u00f9<\/span>\n\t<\/a>\n\n\t<div id=\"text-1347515577\" class=\"text hidden\">\n\t\t\n<div style=\"width: 70%; margin: auto; margin-top: 40px; height: auto;\"><img decoding=\"async\" src=\"https:\/\/www.educazionedigitale.it\/coderz\/wp-content\/uploads\/2023\/07\/imgHome.png\" \/><\/div>\n\t\t\t<\/div>\n\t\n\t\t<\/div>\n\t\t\t\t\n<style>\n#col-1889349426 > .col-inner {\n  margin: 0px 0px -18px 0px;\n}\n<\/style>\n\t<\/div>\n\n\t\n\n\t<div id=\"col-1036573001\" class=\"col medium-5 large-5\"  >\n\t\t\t\t<div class=\"col-inner\"  >\n\t\t\t\n\t\t\t\n\t<div id=\"gap-616023426\" class=\"gap-element clearfix\" style=\"display:block; height:auto;\">\n\t\t\n<style>\n#gap-616023426 {\n  padding-top: 95px;\n}\n<\/style>\n\t<\/div>\n\t\n<div style=\"width: 100%; height: auto; background: #e6e6e6; padding: 47px; text-align: center;\"><img decoding=\"async\" style=\"width: 55%; margin-top: -130px;\" src=\"https:\/\/www.educazionedigitale.it\/coderz\/wp-content\/uploads\/2023\/07\/icona-invia.gif\" \/><\/p>\n<h2 style=\"margin-top: -10px;\"><span style=\"color: #222; font-size: 23px;\">Invita un\/una collega<br \/>\na partecipare all&#8217;iniziativa!<\/span><\/h2>\n<div style=\"text-align: center; margin-bottom: 10px; margin-top: 25px;\"><a href=\"#invita\"><img decoding=\"async\" class=\"strumento-zoom\" src=\"https:\/\/www.educazionedigitale.it\/coderz\/wp-content\/uploads\/2023\/07\/email.png\" width=\"60\" \/><\/a>\u00a0<a href=\"https:\/\/www.facebook.com\/sharer\/sharer.php?u=https:\/\/www.educazionedigitale.it\/coderz\/registrazione\" target=\"_blank\" rel=\"noopener noreferrer\"><img decoding=\"async\" class=\"strumento-zoom\" src=\"https:\/\/www.educazionedigitale.it\/coderz\/wp-content\/uploads\/2023\/07\/fb.png\" width=\"60\" \/><\/a>\u00a0<a href=\"https:\/\/twitter.com\/intent\/tweet?url=https:\/\/www.educazionedigitale.it\/coderz\/registrazione&amp;text=Registrati su EducazioneDigitale.it\" target=\"_blank\" rel=\"noopener noreferrer\"><img decoding=\"async\" class=\"strumento-zoom\" src=\"https:\/\/www.educazionedigitale.it\/coderz\/wp-content\/uploads\/2023\/07\/tw.png\" width=\"60\" \/><\/a>\u00a0<a href=\"https:\/\/api.whatsapp.com\/send?text=https:\/\/www.educazionedigitale.it\/coderz\/registrazione\" target=\"_blank\" rel=\"noopener noreferrer\"><img decoding=\"async\" class=\"strumento-zoom\" src=\"https:\/\/www.educazionedigitale.it\/coderz\/wp-content\/uploads\/2023\/07\/wp.png\" width=\"60\" \/><\/a><\/div>\n<\/div>\n\t<div id=\"gap-81880342\" class=\"gap-element clearfix\" style=\"display:block; height:auto;\">\n\t\t\n<style>\n#gap-81880342 {\n  padding-top: 33px;\n}\n<\/style>\n\t<\/div>\n\t\n<h1>Le fasi del FSL<\/h1>\n\t<div id=\"gap-643900615\" class=\"gap-element clearfix\" style=\"display:block; height:auto;\">\n\t\t\n<style>\n#gap-643900615 {\n  padding-top: 5px;\n}\n<\/style>\n\t<\/div>\n\t\n<div class=\"row row-collapse align-equal align-center\"  id=\"row-1730836614\">\n\n\t<div id=\"col-1529230570\" class=\"col medium-3 small-12 large-3\"  data-animate=\"fadeInLeft\">\n\t\t\t\t<div class=\"col-inner text-center box-shadow-2 box-shadow-3-hover\" style=\"background-color:rgb(6, 105, 179);\" >\n\t\t\t\n\t\t\t\n\t<div class=\"img has-hover strumento-zoom x md-x lg-x y md-y lg-y\" id=\"image_21611258\">\n\t\t<a class=\"\" href=\"https:\/\/www.educazionedigitale.it\/coderz\/moduli-formativi\/\" >\t\t\t\t\t\t<div class=\"img-inner dark\" >\n\t\t\t<img loading=\"lazy\" decoding=\"async\" width=\"203\" height=\"183\" src=\"https:\/\/www.educazionedigitale.it\/coderz\/wp-content\/uploads\/2023\/07\/elearn.png\" class=\"attachment-original size-original\" alt=\"\" \/>\t\t\t\t\t\t\n\t\t\t\t\t<\/div>\n\t\t\t\t\t\t<\/a>\t\t\n<style>\n#image_21611258 {\n  width: 42%;\n}\n@media (min-width:550px) {\n  #image_21611258 {\n    width: 80%;\n  }\n}\n<\/style>\n\t<\/div>\n\t\n\t\t<\/div>\n\t\t\t\t\n<style>\n#col-1529230570 > .col-inner {\n  padding: 16px 0px 0px 0px;\n  margin: 0px 0px 30px 0px;\n}\n@media (min-width:550px) {\n  #col-1529230570 > .col-inner {\n    padding: 60px 0px 0px 0px;\n  }\n}\n<\/style>\n\t<\/div>\n\n\t\n\n\t<div id=\"col-1433751703\" class=\"col medium-9 small-12 large-9\"  >\n\t\t\t\t<div class=\"col-inner\"  >\n\t\t\t\n\t\t\t\n<p style=\"text-align: justify; line-height: 1.7; font-size: 15px;\"><strong><span style=\"color: #0072bc; font-size: 15px;\">FORMAZIONE IN E-LEARNING<\/span><\/strong><br \/>\nUn percorso multimediale costituito da <strong>10 unit\u00e0 di approfondimento,<\/strong> che introducono al mondo della <strong>programmazione informatica,<\/strong> dalla logica, che permette di progettare e sviluppare un <strong>programma,<\/strong> ai linguaggi di programmazione pi\u00f9 utilizzati, tra i quali Javascript.<\/p>\n\t\t<\/div>\n\t\t\t\t\n<style>\n#col-1433751703 > .col-inner {\n  padding: 0px 0px 0px 9px;\n  margin: 0px 0px 6px 0px;\n}\n<\/style>\n\t<\/div>\n\n\t\n\t<div id=\"gap-1923046111\" class=\"gap-element clearfix\" style=\"display:block; height:auto;\">\n\t\t\n<style>\n#gap-1923046111 {\n  padding-top: 5px;\n}\n<\/style>\n\t<\/div>\n\t\n\n\t<div id=\"col-294835536\" class=\"col hide-for-small medium-3 small-12 large-3\"  data-animate=\"fadeInLeft\">\n\t\t\t\t<div class=\"col-inner text-center box-shadow-2 box-shadow-3-hover\" style=\"background-color:#0669b3;\" >\n\t\t\t\n\t\t\t\n\t<div class=\"img has-hover strumento-zoom x md-x lg-x y md-y lg-y\" id=\"image_302351470\">\n\t\t<a class=\"\" href=\"https:\/\/www.educazionedigitale.it\/coderz\/moduli-formativi\/\" >\t\t\t\t\t\t<div class=\"img-inner dark\" >\n\t\t\t<img loading=\"lazy\" decoding=\"async\" width=\"204\" height=\"204\" src=\"https:\/\/www.educazionedigitale.it\/coderz\/wp-content\/uploads\/2023\/07\/proj.png\" class=\"attachment-original size-original\" alt=\"\" \/>\t\t\t\t\t\t\n\t\t\t\t\t<\/div>\n\t\t\t\t\t\t<\/a>\t\t\n<style>\n#image_302351470 {\n  width: 80%;\n}\n<\/style>\n\t<\/div>\n\t\n\t\t<\/div>\n\t\t\t\t\n<style>\n#col-294835536 > .col-inner {\n  padding: 33px 0px 0px 0px;\n  margin: 0px 0px 29px 0px;\n}\n<\/style>\n\t<\/div>\n\n\t\n\n\t<div id=\"col-325853166\" class=\"col medium-9 small-12 large-9\"  >\n\t\t\t\t<div class=\"col-inner\"  >\n\t\t\t\n\t\t\t\n<p style=\"text-align: justify; line-height: 1.7; font-size: 15px;\"><strong><span style=\"color: #0072bc; font-size: 15px;\">PROJECT WORK<\/span><\/strong><br \/>\nUna fase operativa che porta gli studenti e le studentesse a rielaborare il sapere appreso durante la fase di e-learning, mettendolo in pratica nella realizzazione di una <strong>applicazione Web.<\/strong><\/p>\n\t\t<\/div>\n\t\t\t\t\n<style>\n#col-325853166 > .col-inner {\n  padding: 0px 0px 0px 9px;\n  margin: 0px 0px 6px 0px;\n}\n<\/style>\n\t<\/div>\n\n\t\n<\/div>\n\t<div id=\"gap-1095565831\" class=\"gap-element clearfix\" style=\"display:block; height:auto;\">\n\t\t\n<style>\n#gap-1095565831 {\n  padding-top: 10px;\n}\n<\/style>\n\t<\/div>\n\t\n<a href=\"https:\/\/www.educazionedigitale.it\/coderz\/moduli-formativi\/\" class=\"button primary custom-green\" >\n\t\t<span>Vai alle fasi<\/span>\n\t<\/a>\n\n\t\t<\/div>\n\t\t\t\t\n<style>\n#col-1036573001 > .col-inner {\n  margin: 0px 0px -32px 0px;\n}\n<\/style>\n\t<\/div>\n\n\t\n<\/div>\n\t\t<\/div>\n\n\t\t\n<style>\n#section_458863772 {\n  padding-top: 0;\n  padding-bottom: 0;\n  margin-bottom: 0px;\n}\n<\/style>\n\t<\/section>\n\t\n\t<div id=\"gap-2023168746\" class=\"gap-element clearfix\" style=\"display:block; height:auto;\">\n\t\t\n<style>\n#gap-2023168746 {\n  padding-top: 30px;\n}\n<\/style>\n\t<\/div>\n\t\n\n\t<section class=\"section has-parallax\" id=\"section_514787753\">\n\t\t<div class=\"section-bg fill\" data-parallax-container=\".section\" data-parallax-background data-parallax=\"-7\">\n\t\t\t<img loading=\"lazy\" decoding=\"async\" width=\"1714\" height=\"388\" src=\"https:\/\/www.educazionedigitale.it\/coderz\/wp-content\/uploads\/2023\/07\/sfondo1.png\" class=\"bg attachment-original size-original\" alt=\"\" \/>\t\t\t\t\t\t\n\t\t\t\n\n\t\t<\/div>\n\n\t\t\n\n\t\t<div class=\"section-content relative\">\n\t\t\t\n<div class=\"row\"  id=\"row-303829182\">\n\n\t<div id=\"col-1340884490\" class=\"col small-12 large-12\"  >\n\t\t\t\t<div class=\"col-inner\"  >\n\t\t\t\n\t\t\t\n<p style=\"text-align: center; margin-top: 20px; color: white;\"><span style=\"font-size: 140%; letter-spacing: 2px; color: white;\"><strong>\u201cCODER\u2019Z\u201d<\/strong><\/span><br \/>\n<span style=\"font-size: 120%; color: white;\">certifica a coloro che completeranno il modulo formativo<\/span><span style=\"font-size: 150%;\"><span style=\"color: #fff;\"><strong style=\"letter-spacing: 2px;\"> 40 ORE<\/strong><\/span> di <strong style=\"letter-spacing: 2px;\">FSL<\/strong><\/span><span style=\"font-size: 120%; color: white;\"><br \/>\nprevia <strong>validazione, a cura dell\u2019insegnante, dell\u2019output finale, <\/strong><br \/>che potr\u00e0 essere visionato anche dai referenti del Gruppo Zucchetti.<\/span><\/p>\n<p style=\"text-align: center; margin-top: 10px; font-size: 120%; color: white;\">Per iscrivere le classi di propria competenza, a ogni insegnante \u00e8 chiesto di registrarsi,<br \/>\neffettuare il login e cliccare su GESTIONE CLASSI.<\/p>\n<p style=\"text-align: center; margin-top: 10px; margin-bottom: 20px; font-size: 120%; color: white;\">L\u2019iscrizione delle classi sar\u00e0 consentita dal <strong>8 Ottobre 2025<\/strong> al <strong>30 Giugno 2026.<\/strong> Gli studenti dovranno caricare l\u2019elaborato<br \/>\ne completare il percorso formativo entro il <strong>7 Luglio 2026.<\/strong> Gli insegnanti avranno tempo per la validazione fino al <strong>14 Luglio 2026.<\/strong><\/p>\n\t\t<\/div>\n\t\t\t\t\n<style>\n#col-1340884490 > .col-inner {\n  margin: 0px 0px -17px 0px;\n}\n<\/style>\n\t<\/div>\n\n\t\n<\/div>\n\t\t<\/div>\n\n\t\t\n<style>\n#section_514787753 {\n  padding-top: 30px;\n  padding-bottom: 30px;\n}\n#section_514787753 .section-bg img {\n  object-position: 57% 78%;\n}\n<\/style>\n\t<\/section>\n\t\n\n\t<section class=\"section\" id=\"section_524156986\">\n\t\t<div class=\"section-bg fill\" >\n\t\t\t\t\t\t\t\t\t\n\t\t\t\n\n\t\t<\/div>\n\n\t\t\n\n\t\t<div class=\"section-content relative\">\n\t\t\t\n<div class=\"row\" style=\"max-width:\" id=\"row-60781703\">\n\n\t<div id=\"col-1634321611\" class=\"col medium-6 small-12 large-6\"  >\n\t\t\t\t<div class=\"col-inner\"  >\n\t\t\t\n\t\t\t\n<h4 style=\"border-bottom: 2px solid #0669b3; padding-bottom: 10px; color:#0669b3; font-size:160%; letter-spacing: 2px;\">VIVAIO DEI TALENTI <\/h4>\n<h1 style=\"text-align: left;\">Vuoi candidarti al Vivaio dei Talenti <br \/>di Zucchetti Academy<br \/> per un percorso di formazione altamente professionalizzante <br \/>e gratuito?<\/h1>\n\t<div id=\"gap-265558612\" class=\"gap-element clearfix\" style=\"display:block; height:auto;\">\n\t\t\n<style>\n#gap-265558612 {\n  padding-top: 5px;\n}\n<\/style>\n\t<\/div>\n\t\n<a data-animate=\"fadeInLeft\" href=\"https:\/\/www.educazionedigitale.it\/coderz\/il-vivaio-dei-talenti\/\" class=\"button primary is-custom-green is-medium custom-green\" >\n\t\t<span>Manda la tua candidatura<\/span>\n\t<\/a>\n\n\t\t<\/div>\n\t\t\t\t\t<\/div>\n\n\t\n\n\t<div id=\"col-1658414698\" class=\"col medium-6 small-12 large-6\"  data-animate=\"bounceIn\">\n\t\t\t\t<div class=\"col-inner\"  >\n\t\t\t\n\t\t\t\n\t<div class=\"img has-hover x md-x lg-x y md-y lg-y\" id=\"image_286734848\">\n\t\t\t\t\t\t\t\t<div class=\"img-inner image-cover dark\" style=\"padding-top:313px;\">\n\t\t\t<img loading=\"lazy\" decoding=\"async\" width=\"1500\" height=\"851\" src=\"https:\/\/www.educazionedigitale.it\/coderz\/wp-content\/uploads\/2023\/07\/smiling-woman-pointing-her-finger-you.jpg\" class=\"attachment-original size-original\" alt=\"\" srcset=\"https:\/\/www.educazionedigitale.it\/coderz\/wp-content\/uploads\/2023\/07\/smiling-woman-pointing-her-finger-you.jpg 1500w, https:\/\/www.educazionedigitale.it\/coderz\/wp-content\/uploads\/2023\/07\/smiling-woman-pointing-her-finger-you-800x454.jpg 800w, https:\/\/www.educazionedigitale.it\/coderz\/wp-content\/uploads\/2023\/07\/smiling-woman-pointing-her-finger-you-768x436.jpg 768w\" sizes=\"auto, (max-width: 1500px) 100vw, 1500px\" \/>\t\t\t\t\t\t\n\t\t\t\t\t<\/div>\n\t\t\t\t\t\t\t\t\n<style>\n#image_286734848 {\n  width: 100%;\n}\n<\/style>\n\t<\/div>\n\t\n\t\t<\/div>\n\t\t\t\t\t<\/div>\n\n\t\n<\/div>\n\t\t<\/div>\n\n\t\t\n<style>\n#section_524156986 {\n  padding-top: 30px;\n  padding-bottom: 30px;\n  margin-bottom: -37px;\n  background-color: rgba(6, 105, 179, 0.297);\n}\n<\/style>\n\t<\/section>\n\t\n\n\t<section class=\"section\" id=\"section_451274695\">\n\t\t<div class=\"section-bg fill\" >\n\t\t\t\t\t\t\t\t\t\n\t\t\t\n\n\t\t<\/div>\n\n\t\t\n\n\t\t<div class=\"section-content relative\">\n\t\t\t\n\t<div id=\"gap-215136034\" class=\"gap-element clearfix\" style=\"display:block; height:auto;\">\n\t\t\n<style>\n#gap-215136034 {\n  padding-top: 7px;\n}\n<\/style>\n\t<\/div>\n\t\n<div class=\"row\"  id=\"row-799736876\">\n\n\t<div id=\"col-980977776\" class=\"col medium-6 small-12 large-6\"  data-animate=\"bounceIn\">\n\t\t\t\t<div class=\"col-inner\"  >\n\t\t\t\n\t\t\t\n\t<div class=\"img has-hover x md-x lg-x y md-y lg-y\" id=\"image_1581091903\">\n\t\t\t\t\t\t\t\t<div class=\"img-inner image-cover dark\" style=\"padding-top:199px;\">\n\t\t\t<img loading=\"lazy\" decoding=\"async\" width=\"1500\" height=\"500\" src=\"https:\/\/www.educazionedigitale.it\/coderz\/wp-content\/uploads\/2023\/07\/Ethical-Hacker.jpg\" class=\"attachment-original size-original\" alt=\"\" srcset=\"https:\/\/www.educazionedigitale.it\/coderz\/wp-content\/uploads\/2023\/07\/Ethical-Hacker.jpg 1500w, https:\/\/www.educazionedigitale.it\/coderz\/wp-content\/uploads\/2023\/07\/Ethical-Hacker-800x267.jpg 800w, https:\/\/www.educazionedigitale.it\/coderz\/wp-content\/uploads\/2023\/07\/Ethical-Hacker-768x256.jpg 768w\" sizes=\"auto, (max-width: 1500px) 100vw, 1500px\" \/>\t\t\t\t\t\t\n\t\t\t\t\t<\/div>\n\t\t\t\t\t\t\t\t\n<style>\n#image_1581091903 {\n  width: 100%;\n}\n<\/style>\n\t<\/div>\n\t\n\t\t<\/div>\n\t\t\t\t\t<\/div>\n\n\t\n\n\t<div id=\"col-588328700\" class=\"col medium-6 small-12 large-6\"  >\n\t\t\t\t<div class=\"col-inner\"  >\n\t\t\t\n\t\t\t\n<h4 style=\"border-bottom: 2px solid #0669b3; padding-bottom: 10px; color:#0669b3; font-size:160%; letter-spacing: 2px;\">POSIZIONI APERTE <\/h4>\n<h1 style=\"text-align: left;\">Vuoi entrare a far parte <br \/>del team Zucchetti?<\/h1>\n\t<div id=\"gap-1878322129\" class=\"gap-element clearfix\" style=\"display:block; height:auto;\">\n\t\t\n<style>\n#gap-1878322129 {\n  padding-top: 5px;\n}\n<\/style>\n\t<\/div>\n\t\n<a data-animate=\"fadeInRight\" href=\"https:\/\/www.educazionedigitale.it\/coderz\/posizione-aperte\/\" class=\"button primary is-custom-green is-medium custom-green\" >\n\t\t<span>Manda la tua candidatura<\/span>\n\t<\/a>\n\n\t\t<\/div>\n\t\t\t\t\t<\/div>\n\n\t\n<\/div>\n\t\t<\/div>\n\n\t\t\n<style>\n#section_451274695 {\n  padding-top: 30px;\n  padding-bottom: 30px;\n  background-color: rgb(255,255,255);\n}\n<\/style>\n\t<\/section>\n\t\n\n\t<section class=\"section\" id=\"section_1218354666\">\n\t\t<div class=\"section-bg fill\" >\n\t\t\t\t\t\t\t\t\t\n\t\t\t\n\n\t\t<\/div>\n\n\t\t\n\n\t\t<div class=\"section-content relative\">\n\t\t\t\n<div style=\"text-align: center; margin: 0 auto; margin-bottom: -40px;\">\n<p style=\"color: #fff;\">Scopri tutti i progetti della piattaforma didattica Educazione Digitale<\/p>\n<p><a href=\"http:\/\/www.educazionedigitale.it\" target=\"_blank\" rel=\"noopener noreferrer\"><img loading=\"lazy\" decoding=\"async\" class=\"alignnone size-full wp-image-1169\" src=\"http:\/\/www.educazionedigitale.it\/didattica-english\/wp-content\/uploads\/2015\/03\/Educazione-digitale.png\" alt=\"Educazione Digitale\" width=\"220\" height=\"67\" \/><\/a><\/p>\n<\/div>\n\t\t<\/div>\n\n\t\t\n<style>\n#section_1218354666 {\n  padding-top: 0;\n  padding-bottom: 0;\n  margin-bottom: 0px;\n  background-color: #333333;\n}\n<\/style>\n\t<\/section>\n\t\n\t<div id=\"non-attivo\"\n\t     class=\"lightbox-by-id lightbox-content mfp-hide lightbox-white \"\n\t     style=\"max-width:300px ;padding:20px\">\n\t\t\n<h3 style=\"text-align: center;\">Link NON ATTIVO<\/h3>\n\t<\/div>\n\t\n\t\n","protected":false},"excerpt":{"rendered":"","protected":false},"author":1,"featured_media":0,"parent":0,"menu_order":0,"comment_status":"closed","ping_status":"closed","template":"page-blank.php","meta":{"_monsterinsights_skip_tracking":false,"_monsterinsights_sitenote_active":false,"_monsterinsights_sitenote_note":"","_monsterinsights_sitenote_category":0,"footnotes":""},"class_list":["post-2","page","type-page","status-publish","hentry"],"_links":{"self":[{"href":"https:\/\/www.educazionedigitale.it\/coderz\/wp-json\/wp\/v2\/pages\/2","targetHints":{"allow":["GET"]}}],"collection":[{"href":"https:\/\/www.educazionedigitale.it\/coderz\/wp-json\/wp\/v2\/pages"}],"about":[{"href":"https:\/\/www.educazionedigitale.it\/coderz\/wp-json\/wp\/v2\/types\/page"}],"author":[{"embeddable":true,"href":"https:\/\/www.educazionedigitale.it\/coderz\/wp-json\/wp\/v2\/users\/1"}],"replies":[{"embeddable":true,"href":"https:\/\/www.educazionedigitale.it\/coderz\/wp-json\/wp\/v2\/comments?post=2"}],"version-history":[{"count":3,"href":"https:\/\/www.educazionedigitale.it\/coderz\/wp-json\/wp\/v2\/pages\/2\/revisions"}],"predecessor-version":[{"id":6474,"href":"https:\/\/www.educazionedigitale.it\/coderz\/wp-json\/wp\/v2\/pages\/2\/revisions\/6474"}],"wp:attachment":[{"href":"https:\/\/www.educazionedigitale.it\/coderz\/wp-json\/wp\/v2\/media?parent=2"}],"curies":[{"name":"wp","href":"https:\/\/api.w.org\/{rel}","templated":true}]}}