{"id":531,"date":"2015-03-13T15:30:41","date_gmt":"2015-03-13T14:30:41","guid":{"rendered":"http:\/\/www.educazionedigitale.it\/digitalsecurity\/?page_id=531"},"modified":"2021-10-18T08:31:00","modified_gmt":"2021-10-18T06:31:00","slug":"il-progetto","status":"publish","type":"page","link":"https:\/\/www.educazionedigitale.it\/digitalsecurity\/il-progetto\/","title":{"rendered":"Il Progetto"},"content":{"rendered":"\n  <div class=\"banner has-hover banner-home\" id=\"banner-533368134\">\n          <div class=\"banner-inner fill\">\n        <div class=\"banner-bg fill\" >\n            <img loading=\"lazy\" decoding=\"async\" width=\"1020\" height=\"136\" src=\"https:\/\/www.educazionedigitale.it\/digitalsecurity\/wp-content\/uploads\/2021\/04\/bannerprogetto1-1600x213.png\" class=\"bg attachment-large size-large\" alt=\"\" \/>                                    \n                    <\/div>\n\t\t\n        <div class=\"banner-layers container\">\n            <div class=\"fill banner-link\"><\/div>            \n   <div id=\"text-box-1792505781\" class=\"text-box banner-layer x10 md-x10 lg-x10 y50 md-y50 lg-y50 res-text\">\n                     <div data-animate=\"fadeInLeft\">           <div class=\"text-box-content text dark\">\n              \n              <div class=\"text-inner text-left\">\n                  \n              <\/div>\n           <\/div>\n       <\/div>                     \n<style>\n#text-box-1792505781 {\n  width: 60%;\n}\n#text-box-1792505781 .text-box-content {\n  font-size: 100%;\n}\n@media (min-width:550px) {\n  #text-box-1792505781 {\n    width: 80%;\n  }\n}\n<\/style>\n    <\/div>\n \n        <\/div>\n      <\/div>\n\n            \n<style>\n#banner-533368134 {\n  padding-top: 250px;\n}\n#banner-533368134 .banner-bg img {\n  object-position: 0% 0%;\n}\n<\/style>\n  <\/div>\n\n\n\t<div id=\"gap-602842292\" class=\"gap-element clearfix\" style=\"display:block; height:auto;\">\n\t\t\n<style>\n#gap-602842292 {\n  padding-top: 30px;\n}\n<\/style>\n\t<\/div>\n\t\n<div class=\"row\"  id=\"row-2143443181\">\n\n\t<div id=\"col-192619102\" class=\"col large-12\"  >\n\t\t\t\t<div class=\"col-inner\"  >\n\t\t\t\n\t\t\t\n<p style=\"margin:0px; text-align:justify\"><strong>Digital Security<\/strong> nasce dalla volont\u00e0 di Kaspersky, azienda leader nel campo della cybersecurity, di rivolgere, a docenti e alunni della scuola dell\u2019infanzia e della scuola primaria, un percorso didattico dedicato alla<strong> sicurezza online<\/strong>.<\/p>\n\t\t<\/div>\n\t\t\t\t\t<\/div>\n\n\t\n<\/div>\n<div class=\"row\"  id=\"row-1774487355\">\n\n\t<div id=\"col-414519615\" class=\"col medium-3 large-3\"  data-animate=\"fadeInRight\">\n\t\t\t\t<div class=\"col-inner\"  >\n\t\t\t\n\t\t\t\n<p><img decoding=\"async\" src=\"https:\/\/www.educazionedigitale.it\/digitalsecurity\/wp-content\/uploads\/2021\/04\/img3.png\" style=\"border-radius:20px; width:100%\"\/><\/p>\n\t\t<\/div>\n\t\t\t\t\t<\/div>\n\n\t\n\n\t<div id=\"col-833529055\" class=\"col medium-9 large-9\"  >\n\t\t\t\t<div class=\"col-inner\"  >\n\t\t\t\n\t\t\t\n<p style=\"margin:0px; text-align:justify\">Mediante le risorse didattiche messe a disposizione nella sezione STRUMENTI, <strong>Digital Security<\/strong> consentir\u00e0 a bambine e bambini di fare propri <strong>consigli e best practices per orientarsi su Internet in modo sicuro e protetto<\/strong>: imparare a gestire il tempo di trascorso online in modo qualitativo; saper riconoscere rischi e insidie della navigazione; comprendere l\u2019importanza della privacy e delle password; utilizzare gli strumenti tecnologici in modo consapevole e sicuro.<\/p>\n<p style=\"margin-top:20px; text-align:justify\">Grazie agli interessanti <strong>approfondimenti contenutistici<\/strong> e agli <strong>spunti laboratoriali<\/strong> riassunti nella GUIDA DIDATTICA e nell\u2019E-BOOK, l\u2019insegnante potr\u00e0 trasferire nozioni in grado di mutarsi in effettiva <strong>consapevolezza<\/strong> e di gettare le basi per un <strong>comportamento responsabile<\/strong>.<\/p>\n\t\t<\/div>\n\t\t\t\t\t<\/div>\n\n\t\n<\/div>\n\n\t<section class=\"section\" id=\"section_1520754598\">\n\t\t<div class=\"section-bg fill\" >\n\t\t\t\t\t\t\t\t\t\n\t\t\t\n\n\t\t<\/div>\n\n\t\t\n\n\t\t<div class=\"section-content relative\">\n\t\t\t\n\t<div id=\"gap-745007604\" class=\"gap-element clearfix\" style=\"display:block; height:auto;\">\n\t\t\n<style>\n#gap-745007604 {\n  padding-top: 15px;\n}\n<\/style>\n\t<\/div>\n\t\n<div class=\"row align-middle align-center\"  id=\"row-1918474404\">\n\n\t<div id=\"col-1149159168\" class=\"col medium-9 large-9\"  >\n\t\t\t\t<div class=\"col-inner\"  >\n\t\t\t\n\t\t\t\n<p style=\"text-align:justify; \">La formazione online si \u00e8 rivelata fondamentale in questi mesi di emergenza sanitaria. Familiarizzare con i nuovi strumenti digitali e adeguarsi ad un nuovo paradigma non \u00e8 stato facile ma la tecnologia ha permesso agli insegnanti di dare continuit\u00e0 al percorso formativo e di non interrompere la quotidianit\u00e0 con i propri studenti. \u00c8 molto probabile che le piattaforme di videoconferenza, i servizi online per creare i test e le applicazioni di messaggistica continuino ad essere utilizzati nelle scuole cos\u00ec come \u00e8 probabile che le lezioni online diventino uno strumento educativo utile a supporto delle lezioni in presenza. <\/p>\n\t\t<\/div>\n\t\t\t\t\t<\/div>\n\n\t\n\n\t<div id=\"col-1343253448\" class=\"col medium-3 large-3\"  data-animate=\"fadeInLeft\">\n\t\t\t\t<div class=\"col-inner\"  >\n\t\t\t\n\t\t\t\n<p><img decoding=\"async\" src=\"https:\/\/www.educazionedigitale.it\/digitalsecurity\/wp-content\/uploads\/2021\/10\/nuovaimgprogetto.png\" style=\"border-radius:20px; width:100%;\" \/><\/p>\n\t\t<\/div>\n\t\t\t\t\t<\/div>\n\n\t\n<\/div>\n<div class=\"row align-middle\"  id=\"row-2070661437\">\n\n\t<div id=\"col-1441913923\" class=\"col medium-2 large-2\"  data-animate=\"bounceInUp\">\n\t\t\t\t<div class=\"col-inner\"  >\n\t\t\t\n\t\t\t\n\t<div class=\"img has-hover x md-x lg-x y md-y lg-y\" id=\"image_496644272\">\n\t\t\t\t\t\t\t\t<div class=\"img-inner dark\" >\n\t\t\t<img loading=\"lazy\" decoding=\"async\" width=\"148\" height=\"318\" src=\"https:\/\/www.educazionedigitale.it\/digitalsecurity\/wp-content\/uploads\/2021\/04\/kumamatita.png\" class=\"attachment-large size-large\" alt=\"\" \/>\t\t\t\t\t\t\n\t\t\t\t\t<\/div>\n\t\t\t\t\t\t\t\t\n<style>\n#image_496644272 {\n  width: 93%;\n}\n<\/style>\n\t<\/div>\n\t\n\t\t<\/div>\n\t\t\t\t\n<style>\n#col-1441913923 > .col-inner {\n  margin: -67px 0px 0px 0px;\n}\n<\/style>\n\t<\/div>\n\n\t\n\n\t<div id=\"col-1513442888\" class=\"col medium-10 large-10\"  >\n\t\t\t\t<div class=\"col-inner\"  >\n\t\t\t\n\t\t\t\n<p style=\"margin-bottom: 10px; text-align: justify;\">Per questo motivo Kaspersky ha pensato anche agli insegnanti realizzando una <strong>risorsa video<\/strong> nella quale un esperto di sicurezza offre una lista di pratici consigli su come trarre il meglio dalla tecnologia e proteggere la vostra sicurezza online.<\/p>\n\t<div id=\"gap-1516091678\" class=\"gap-element clearfix\" style=\"display:block; height:auto;\">\n\t\t\n<style>\n#gap-1516091678 {\n  padding-top: 30px;\n}\n<\/style>\n\t<\/div>\n\t\n<p style=\"margin-bottom: 10px;\">Nella risorsa video troverai:<\/p>\n<p>\u2022 <strong>Regole di sicurezza<\/strong> generali per lavorare con Internet.<br \/>\u2022 Come fare <strong>lezioni sicure<\/strong> sulle diverse <strong>piattaforme online.<\/strong><br \/>\u2022 Insegnare agli studenti le <strong>basi<\/strong> della <strong>sicurezza online.<\/strong><br \/>\u2022 Come <strong>proteggere la privacy<\/strong> dei dati personali degli studenti e mantenere la privacy sui social network.<br \/>\u2022 <strong>Considerazioni etiche<\/strong> per la comunicazione su Internet.<\/p>\n\t\t<\/div>\n\t\t\t\t\n<style>\n#col-1513442888 > .col-inner {\n  margin: -26px 0px 0px 0px;\n}\n<\/style>\n\t<\/div>\n\n\t\n<\/div>\n<div class=\"row\"  id=\"row-688820251\">\n\n\t<div id=\"col-878020988\" class=\"col large-12\"  data-animate=\"bounceInLeft\">\n\t\t\t\t<div class=\"col-inner text-left\"  >\n\t\t\t\n\t\t\t\n<a href=\"https:\/\/www.educazionedigitale.it\/digitalsecurity\/strumenti\/\" class=\"button primary is-custom-green\" >\n\t\t<span>GUARDA IL VIDEO<\/span>\n\t<\/a>\n\n\t\t<\/div>\n\t\t\t\t\n<style>\n#col-878020988 > .col-inner {\n  margin: 5px 0px -30px 0px;\n}\n<\/style>\n\t<\/div>\n\n\t\n<\/div>\n\t\t<\/div>\n\n\t\t\n<style>\n#section_1520754598 {\n  padding-top: 30px;\n  padding-bottom: 30px;\n  background-color: #ddf9f3;\n}\n<\/style>\n\t<\/section>\n\t\n\t<div id=\"gap-397496744\" class=\"gap-element clearfix\" style=\"display:block; height:auto;\">\n\t\t\n<style>\n#gap-397496744 {\n  padding-top: 50px;\n}\n<\/style>\n\t<\/div>\n\t\n","protected":false},"excerpt":{"rendered":"","protected":false},"author":1,"featured_media":0,"parent":0,"menu_order":0,"comment_status":"closed","ping_status":"closed","template":"page-blank.php","meta":{"_monsterinsights_skip_tracking":false,"_monsterinsights_sitenote_active":false,"_monsterinsights_sitenote_note":"","_monsterinsights_sitenote_category":0,"footnotes":""},"class_list":["post-531","page","type-page","status-publish","hentry"],"_links":{"self":[{"href":"https:\/\/www.educazionedigitale.it\/digitalsecurity\/wp-json\/wp\/v2\/pages\/531","targetHints":{"allow":["GET"]}}],"collection":[{"href":"https:\/\/www.educazionedigitale.it\/digitalsecurity\/wp-json\/wp\/v2\/pages"}],"about":[{"href":"https:\/\/www.educazionedigitale.it\/digitalsecurity\/wp-json\/wp\/v2\/types\/page"}],"author":[{"embeddable":true,"href":"https:\/\/www.educazionedigitale.it\/digitalsecurity\/wp-json\/wp\/v2\/users\/1"}],"replies":[{"embeddable":true,"href":"https:\/\/www.educazionedigitale.it\/digitalsecurity\/wp-json\/wp\/v2\/comments?post=531"}],"version-history":[{"count":3,"href":"https:\/\/www.educazionedigitale.it\/digitalsecurity\/wp-json\/wp\/v2\/pages\/531\/revisions"}],"predecessor-version":[{"id":4322,"href":"https:\/\/www.educazionedigitale.it\/digitalsecurity\/wp-json\/wp\/v2\/pages\/531\/revisions\/4322"}],"wp:attachment":[{"href":"https:\/\/www.educazionedigitale.it\/digitalsecurity\/wp-json\/wp\/v2\/media?parent=531"}],"curies":[{"name":"wp","href":"https:\/\/api.w.org\/{rel}","templated":true}]}}