{"id":531,"date":"2015-03-13T15:30:41","date_gmt":"2015-03-13T14:30:41","guid":{"rendered":"http:\/\/www.educazionedigitale.it\/enelxparcodellenergia\/?page_id=531"},"modified":"2024-09-11T11:58:17","modified_gmt":"2024-09-11T09:58:17","slug":"il-progetto","status":"publish","type":"page","link":"https:\/\/www.educazionedigitale.it\/enelxparcodellenergia\/il-progetto\/","title":{"rendered":"Il Progetto"},"content":{"rendered":"\t<div id=\"gap-1437529755\" class=\"gap-element clearfix\" style=\"display:block; height:auto;\">\n\t\t\n<style>\n#gap-1437529755 {\n  padding-top: 20px;\n}\n@media (min-width:850px) {\n  #gap-1437529755 {\n    padding-top: 122px;\n  }\n}\n<\/style>\n\t<\/div>\n\t\n\n  <div class=\"banner has-hover banner-home\" id=\"banner-833933231\">\n          <div class=\"banner-inner fill\">\n        <div class=\"banner-bg fill\" >\n            <img loading=\"lazy\" decoding=\"async\" width=\"1920\" height=\"240\" src=\"https:\/\/www.educazionedigitale.it\/enelxparcodellenergia\/wp-content\/uploads\/2023\/03\/banner-1.png\" class=\"bg attachment-original size-original\" alt=\"\" \/>                                    \n                    <\/div>\n\t\t\n        <div class=\"banner-layers container\">\n            <div class=\"fill banner-link\"><\/div>            \n   <div id=\"text-box-1131269033\" class=\"text-box banner-layer x50 md-x50 lg-x50 y50 md-y50 lg-y50 res-text\">\n                                <div class=\"text-box-content text dark\">\n              \n              <div class=\"text-inner text-center\">\n                  \n              <\/div>\n           <\/div>\n                            \n<style>\n#text-box-1131269033 {\n  width: 60%;\n}\n#text-box-1131269033 .text-box-content {\n  font-size: 100%;\n}\n@media (min-width:550px) {\n  #text-box-1131269033 {\n    width: 60%;\n  }\n}\n<\/style>\n    <\/div>\n \n        <\/div>\n      <\/div>\n\n            \n<style>\n#banner-833933231 {\n  padding-top: 240px;\n}\n#banner-833933231 .banner-bg img {\n  object-position: 100% 0%;\n}\n<\/style>\n  <\/div>\n\n\n<div class=\"row\"  id=\"row-768232358\">\n\n\t<div id=\"col-1327588225\" class=\"col large-12\"  >\n\t\t\t\t<div class=\"col-inner\"  >\n\t\t\t\n\t\t\t\n<div class=\"row\"  id=\"row-774554785\">\n\n\t<div id=\"col-2016954497\" class=\"col small-12 large-12\"  >\n\t\t\t\t<div class=\"col-inner\"  >\n\t\t\t\n\t\t\t\n\t<div id=\"gap-1511432024\" class=\"gap-element clearfix\" style=\"display:block; height:auto;\">\n\t\t\n<style>\n#gap-1511432024 {\n  padding-top: 25px;\n}\n<\/style>\n\t<\/div>\n\t\n<p style=\"text-align:justify\">L\u2019aumento delle problematiche ambientali e climatiche, frutto delle nostre azioni quotidiane e dei modelli produttivi che abbiamo assunto, influiscono su qualsiasi territorio: dagli habitat naturali alle <strong>grandi aree metropolitane<\/strong>, che nei prossimi anni si stima accoglieranno <strong>pi\u00f9 di 10 miliardi di persone<\/strong>.<\/p>\n\t<div id=\"gap-784601946\" class=\"gap-element clearfix\" style=\"display:block; height:auto;\">\n\t\t\n<style>\n#gap-784601946 {\n  padding-top: 30px;\n}\n<\/style>\n\t<\/div>\n\t\n<div class=\"row align-middle align-center\"  id=\"row-290312215\">\n\n\t<div id=\"col-341615032\" class=\"col medium-6 small-12 large-6\"  >\n\t\t\t\t<div class=\"col-inner\"  >\n\t\t\t\n\t\t\t\n<p style=\"text-align:justify\">Sar\u00e0 possibile fornire a tutti gli stessi servizi? Fare in modo che l\u2019accesso alle risorse di prima necessit\u00e0, quali <strong>cibo, acqua ed energia sicura<\/strong>, sia equo per tutti, senza nessuna distinzione?<\/p>\n<p style=\"text-align:justify\">Ai ritmi attuali, \u00e8 molto probabile che la citt\u00e0 diventi un luogo inospitale per diverse persone: per questo \u00e8 necessario <strong>ripensare agli spazi urbani<\/strong>, in un\u2019ottica di <strong>maggiore sostenibilit\u00e0<\/strong> e di <strong>minore impatto ambientale<\/strong>, a beneficio del Pianeta e del futuro delle generazioni presenti e di quelle che verranno.<\/p>\n\t\t<\/div>\n\t\t\t\t\n<style>\n#col-341615032 > .col-inner {\n  margin: 0px 0px -28px 0px;\n}\n<\/style>\n\t<\/div>\n\n\t\n\n\t<div id=\"col-1641033438\" class=\"col medium-6 small-12 large-6\"  data-animate=\"fadeInRight\">\n\t\t\t\t<div class=\"col-inner\"  >\n\t\t\t\n\t\t\t\n\t<div class=\"img has-hover x md-x lg-x y md-y lg-y\" id=\"image_1854996943\">\n\t\t\t\t\t\t\t\t<div class=\"img-inner image-cover dark\" style=\"padding-top:67.25%;\">\n\t\t\t<img loading=\"lazy\" decoding=\"async\" width=\"1000\" height=\"563\" src=\"https:\/\/www.educazionedigitale.it\/enelxparcodellenergia\/wp-content\/uploads\/2023\/03\/green-city-technology-shifting-towards-sustainable-alteration-concept.jpg\" class=\"attachment-large size-large\" alt=\"\" srcset=\"https:\/\/www.educazionedigitale.it\/enelxparcodellenergia\/wp-content\/uploads\/2023\/03\/green-city-technology-shifting-towards-sustainable-alteration-concept.jpg 1000w, https:\/\/www.educazionedigitale.it\/enelxparcodellenergia\/wp-content\/uploads\/2023\/03\/green-city-technology-shifting-towards-sustainable-alteration-concept-800x450.jpg 800w, https:\/\/www.educazionedigitale.it\/enelxparcodellenergia\/wp-content\/uploads\/2023\/03\/green-city-technology-shifting-towards-sustainable-alteration-concept-768x432.jpg 768w\" sizes=\"auto, (max-width: 1000px) 100vw, 1000px\" \/>\t\t\t\t\t\t\n\t\t\t\t\t<\/div>\n\t\t\t\t\t\t\t\t\n<style>\n#image_1854996943 {\n  width: 100%;\n}\n<\/style>\n\t<\/div>\n\t\n\t\t<\/div>\n\t\t\t\t\n<style>\n#col-1641033438 > .col-inner {\n  margin: 0px 0px -23px 0px;\n}\n<\/style>\n\t<\/div>\n\n\t\n<\/div>\n\t<div id=\"gap-1683260278\" class=\"gap-element clearfix\" style=\"display:block; height:auto;\">\n\t\t\n<style>\n#gap-1683260278 {\n  padding-top: 30px;\n}\n<\/style>\n\t<\/div>\n\t\n\t\t<\/div>\n\t\t\t\t\t<\/div>\n\n\t\n<\/div>\n<div class=\"row align-middle align-center\"  id=\"row-437426062\">\n\n\t<div id=\"col-1370787944\" class=\"col medium-6 small-12 large-6\"  data-animate=\"fadeInLeft\">\n\t\t\t\t<div class=\"col-inner\"  >\n\t\t\t\n\t\t\t\n\t<div class=\"img has-hover x md-x lg-x y md-y lg-y\" id=\"image_676842088\">\n\t\t\t\t\t\t\t\t<div class=\"img-inner image-cover dark\" style=\"padding-top:55.25%;\">\n\t\t\t<img loading=\"lazy\" decoding=\"async\" width=\"1000\" height=\"647\" src=\"https:\/\/www.educazionedigitale.it\/enelxparcodellenergia\/wp-content\/uploads\/2023\/03\/wind-power-urban-landscape.jpg\" class=\"attachment-large size-large\" alt=\"\" srcset=\"https:\/\/www.educazionedigitale.it\/enelxparcodellenergia\/wp-content\/uploads\/2023\/03\/wind-power-urban-landscape.jpg 1000w, https:\/\/www.educazionedigitale.it\/enelxparcodellenergia\/wp-content\/uploads\/2023\/03\/wind-power-urban-landscape-800x518.jpg 800w, https:\/\/www.educazionedigitale.it\/enelxparcodellenergia\/wp-content\/uploads\/2023\/03\/wind-power-urban-landscape-768x497.jpg 768w\" sizes=\"auto, (max-width: 1000px) 100vw, 1000px\" \/>\t\t\t\t\t\t\n\t\t\t\t\t<\/div>\n\t\t\t\t\t\t\t\t\n<style>\n#image_676842088 {\n  width: 100%;\n}\n<\/style>\n\t<\/div>\n\t\n\t\t<\/div>\n\t\t\t\t\t<\/div>\n\n\t\n\n\t<div id=\"col-2028198073\" class=\"col medium-6 small-12 large-6\"  >\n\t\t\t\t<div class=\"col-inner\"  >\n\t\t\t\n\t\t\t\n<p style=\"text-align:justify\">Il progetto del <strong>Parco dell\u2019Energia<\/strong> vuole muoversi proprio in questo senso, donando alla <strong>citt\u00e0 di Imperia<\/strong> un\u2019area riqualificata in cui far coesistere <strong>due realt\u00e0 fondamentali della transizione energetica ed ecologica<\/strong>: la produzione di energia rinnovabile, pulita e sicura, in citt\u00e0 e il <strong>ripristino della biodiversit\u00e0 urbana<\/strong>, realizzando un mix caratterizzato da <strong>natura, energia, mobilit\u00e0 sostenibile e socialit\u00e0<\/strong>.<\/p>\n\t\t<\/div>\n\t\t\t\t\t<\/div>\n\n\t\n<\/div>\n\t<div id=\"gap-743913138\" class=\"gap-element clearfix\" style=\"display:block; height:auto;\">\n\t\t\n<style>\n#gap-743913138 {\n  padding-top: 30px;\n}\n<\/style>\n\t<\/div>\n\t\n<div class=\"row align-middle align-center\"  id=\"row-282064427\">\n\n\t<div id=\"col-327980216\" class=\"col medium-6 small-12 large-6\"  >\n\t\t\t\t<div class=\"col-inner\"  >\n\t\t\t\n\t\t\t\n<p style=\"text-align:justify\">Una parte fondamentale del progetto \u00e8 mirato a coinvolgere i cittadini, soprattutto i pi\u00f9 piccoli, rendendoli protagonisti attivi del cambiamento che vedranno nella loro citt\u00e0: il percorso didattico ah hoc e lo <strong>strumento multimediale interattivo<\/strong> <strong><em>Living Book<\/em><\/strong> guideranno gli studenti delle scuole primarie ad approfondire temi quali le <strong>energie rinnovabili e le smart cities<\/strong>, grazie a giochi ed esercizi interattivi che stimolano la <strong>curiosit\u00e0, l\u2019apprendimento e la voglia di condivisione.<\/strong><\/p>\n\t\t<\/div>\n\t\t\t\t\t<\/div>\n\n\t\n\n\t<div id=\"col-1158194300\" class=\"col medium-6 small-12 large-6\"  data-animate=\"fadeInRight\">\n\t\t\t\t<div class=\"col-inner\"  >\n\t\t\t\n\t\t\t\n\t<div class=\"img has-hover x md-x lg-x y md-y lg-y\" id=\"image_835361333\">\n\t\t\t\t\t\t\t\t<div class=\"img-inner image-cover dark\" style=\"padding-top:62.25%;\">\n\t\t\t<img loading=\"lazy\" decoding=\"async\" width=\"1000\" height=\"667\" src=\"https:\/\/www.educazionedigitale.it\/enelxparcodellenergia\/wp-content\/uploads\/2023\/03\/close-up-kids-with-laptop-headphones.jpg\" class=\"attachment-large size-large\" alt=\"\" srcset=\"https:\/\/www.educazionedigitale.it\/enelxparcodellenergia\/wp-content\/uploads\/2023\/03\/close-up-kids-with-laptop-headphones.jpg 1000w, https:\/\/www.educazionedigitale.it\/enelxparcodellenergia\/wp-content\/uploads\/2023\/03\/close-up-kids-with-laptop-headphones-800x534.jpg 800w, https:\/\/www.educazionedigitale.it\/enelxparcodellenergia\/wp-content\/uploads\/2023\/03\/close-up-kids-with-laptop-headphones-768x512.jpg 768w\" sizes=\"auto, (max-width: 1000px) 100vw, 1000px\" \/>\t\t\t\t\t\t\n\t\t\t\t\t<\/div>\n\t\t\t\t\t\t\t\t\n<style>\n#image_835361333 {\n  width: 100%;\n}\n<\/style>\n\t<\/div>\n\t\n\t\t<\/div>\n\t\t\t\t\t<\/div>\n\n\t\n<\/div>\n\n\t<div id=\"gap-407527862\" class=\"gap-element clearfix\" style=\"display:block; height:auto;\">\n\t\t\n<style>\n#gap-407527862 {\n  padding-top: 30px;\n}\n<\/style>\n\t<\/div>\n\t\n\t\t<\/div>\n\t\t\t\t\t<\/div>\n\n\t\n<\/div>\n","protected":false},"excerpt":{"rendered":"","protected":false},"author":1,"featured_media":0,"parent":0,"menu_order":0,"comment_status":"closed","ping_status":"closed","template":"page-blank.php","meta":{"_monsterinsights_skip_tracking":false,"_monsterinsights_sitenote_active":false,"_monsterinsights_sitenote_note":"","_monsterinsights_sitenote_category":0,"footnotes":""},"class_list":["post-531","page","type-page","status-publish","hentry"],"_links":{"self":[{"href":"https:\/\/www.educazionedigitale.it\/enelxparcodellenergia\/wp-json\/wp\/v2\/pages\/531","targetHints":{"allow":["GET"]}}],"collection":[{"href":"https:\/\/www.educazionedigitale.it\/enelxparcodellenergia\/wp-json\/wp\/v2\/pages"}],"about":[{"href":"https:\/\/www.educazionedigitale.it\/enelxparcodellenergia\/wp-json\/wp\/v2\/types\/page"}],"author":[{"embeddable":true,"href":"https:\/\/www.educazionedigitale.it\/enelxparcodellenergia\/wp-json\/wp\/v2\/users\/1"}],"replies":[{"embeddable":true,"href":"https:\/\/www.educazionedigitale.it\/enelxparcodellenergia\/wp-json\/wp\/v2\/comments?post=531"}],"version-history":[{"count":3,"href":"https:\/\/www.educazionedigitale.it\/enelxparcodellenergia\/wp-json\/wp\/v2\/pages\/531\/revisions"}],"predecessor-version":[{"id":5517,"href":"https:\/\/www.educazionedigitale.it\/enelxparcodellenergia\/wp-json\/wp\/v2\/pages\/531\/revisions\/5517"}],"wp:attachment":[{"href":"https:\/\/www.educazionedigitale.it\/enelxparcodellenergia\/wp-json\/wp\/v2\/media?parent=531"}],"curies":[{"name":"wp","href":"https:\/\/api.w.org\/{rel}","templated":true}]}}