{"id":531,"date":"2015-03-13T15:30:41","date_gmt":"2015-03-13T14:30:41","guid":{"rendered":"http:\/\/www.educazionedigitale.it\/eunaquestionediplastica\/?page_id=531"},"modified":"2023-01-31T10:22:52","modified_gmt":"2023-01-31T09:22:52","slug":"il-percorso","status":"publish","type":"page","link":"https:\/\/www.educazionedigitale.it\/eunaquestionediplastica\/il-percorso\/","title":{"rendered":"IL PERCORSO"},"content":{"rendered":"\n  <div class=\"banner has-hover banner-home\" id=\"banner-998205794\">\n          <div class=\"banner-inner fill\">\n        <div class=\"banner-bg fill\" >\n            <img loading=\"lazy\" decoding=\"async\" width=\"2500\" height=\"1667\" src=\"https:\/\/www.educazionedigitale.it\/eunaquestionediplastica\/wp-content\/uploads\/2022\/02\/00A0114_Pet-azzurato.jpg\" class=\"bg attachment-original size-original\" alt=\"\" \/>                                    \n                    <\/div>\n\t\t\n        <div class=\"banner-layers container\">\n            <div class=\"fill banner-link\"><\/div>            \n   <div id=\"text-box-1581668637\" class=\"text-box banner-layer x50 md-x50 lg-x50 y50 md-y50 lg-y50 res-text\">\n                                <div class=\"text-box-content text dark\">\n              \n              <div class=\"text-inner text-center\">\n                  \n              <\/div>\n           <\/div>\n                            \n<style>\n#text-box-1581668637 {\n  width: 60%;\n}\n#text-box-1581668637 .text-box-content {\n  font-size: 100%;\n}\n@media (min-width:550px) {\n  #text-box-1581668637 {\n    width: 60%;\n  }\n}\n<\/style>\n    <\/div>\n \n        <\/div>\n      <\/div>\n\n            \n<style>\n#banner-998205794 {\n  padding-top: 200px;\n}\n#banner-998205794 .banner-bg img {\n  object-position: 0% 41%;\n}\n<\/style>\n  <\/div>\n\n\n\n\t<section class=\"section\" id=\"section_24913968\">\n\t\t<div class=\"section-bg fill\" >\n\t\t\t\t\t\t\t\t\t\n\t\t\t\n\n\t\t<\/div>\n\n\t\t\n\n\t\t<div class=\"section-content relative\">\n\t\t\t\n\t<div id=\"gap-1491165960\" class=\"gap-element clearfix\" style=\"display:block; height:auto;\">\n\t\t\n<style>\n#gap-1491165960 {\n  padding-top: 35px;\n}\n<\/style>\n\t<\/div>\n\t\n<div class=\"row row-collapse align-middle align-center\"  id=\"row-377392669\">\n\n\t<div id=\"col-195680437\" class=\"col small-12 large-12\"  data-animate=\"fadeInLeft\">\n\t\t\t\t<div class=\"col-inner\"  >\n\t\t\t\n\t\t\t\n<p style=\"text-align: justify; margin-right: 20px;\">Il progetto <em><strong>\u00c8 una questione di plastica<\/strong><\/em> prevede due fasi: <strong>e-learning<\/strong> e <strong>project work<\/strong>.<br \/>La formazione a distanza si articola in <strong>4 unit\u00e0 formative<\/strong>, le quali comprendono <strong>videolezioni<\/strong> a loro volta composte da <strong>interventi di esperti<\/strong> e <strong>approfondimenti<\/strong>, tanto scientifici quanto valoriali.<\/p>\n\t\t<\/div>\n\t\t\t\t\t<\/div>\n\n\t\n<\/div>\n<div class=\"row align-middle align-center\"  id=\"row-1419513977\">\n\n\t<div id=\"col-848847736\" class=\"col small-12 large-12\"  data-animate=\"fadeInLeft\">\n\t\t\t\t<div class=\"col-inner\"  >\n\t\t\t\n\t\t\t\n<p style=\"text-align: justify; margin-right: 20px;\">Il programma della formazione preliminare \u00e8 strutturato sulle seguenti <strong>aree tematiche<\/strong>:<\/p>\n\t\t<\/div>\n\t\t\t\t\n<style>\n#col-848847736 > .col-inner {\n  margin: 0px 0px -29px 0px;\n}\n<\/style>\n\t<\/div>\n\n\t\n\n\t<div id=\"col-708674972\" class=\"col medium-3 small-12 large-3\"  data-animate=\"fadeInLeft\">\n\t\t\t\t<div class=\"col-inner\"  >\n\t\t\t\n\t\t\t\n\t<div class=\"box has-hover   has-hover box-overlay dark box-text-bottom\" >\n\n\t\t<div class=\"box-image\" >\n\t\t\t\t\t\t<div class=\"image-blur image-cover\" style=\"padding-top:100%;\">\n\t\t\t\t<img loading=\"lazy\" decoding=\"async\" width=\"2500\" height=\"1667\" src=\"https:\/\/www.educazionedigitale.it\/eunaquestionediplastica\/wp-content\/uploads\/2022\/02\/00A1196.jpg\" class=\"attachment- size-\" alt=\"\" srcset=\"https:\/\/www.educazionedigitale.it\/eunaquestionediplastica\/wp-content\/uploads\/2022\/02\/00A1196.jpg 2500w, https:\/\/www.educazionedigitale.it\/eunaquestionediplastica\/wp-content\/uploads\/2022\/02\/00A1196-800x533.jpg 800w, https:\/\/www.educazionedigitale.it\/eunaquestionediplastica\/wp-content\/uploads\/2022\/02\/00A1196-1600x1067.jpg 1600w, https:\/\/www.educazionedigitale.it\/eunaquestionediplastica\/wp-content\/uploads\/2022\/02\/00A1196-768x512.jpg 768w, https:\/\/www.educazionedigitale.it\/eunaquestionediplastica\/wp-content\/uploads\/2022\/02\/00A1196-1536x1024.jpg 1536w, https:\/\/www.educazionedigitale.it\/eunaquestionediplastica\/wp-content\/uploads\/2022\/02\/00A1196-2048x1366.jpg 2048w\" sizes=\"auto, (max-width: 2500px) 100vw, 2500px\" \/>\t\t\t\t<div class=\"overlay\" style=\"background-color:rgba(0, 91, 152, 0.547)\"><\/div>\t\t\t\t\t\t\t<\/div>\n\t\t\t\t\t<\/div>\n\n\t\t<div class=\"box-text show-on-hover hover-bounce text-center is-large\" >\n\t\t\t<div class=\"box-text-inner\">\n\t\t\t\t\n\t<div class=\"img has-hover x md-x lg-x y md-y lg-y\" id=\"image_1613242112\">\n\t\t\t\t\t\t\t\t<div class=\"img-inner dark\" style=\"margin:0px 0px 14px 0px;\">\n\t\t\t<img loading=\"lazy\" decoding=\"async\" width=\"512\" height=\"512\" src=\"https:\/\/www.educazionedigitale.it\/eunaquestionediplastica\/wp-content\/uploads\/2022\/01\/uni1white.png\" class=\"attachment-large size-large\" alt=\"\" srcset=\"https:\/\/www.educazionedigitale.it\/eunaquestionediplastica\/wp-content\/uploads\/2022\/01\/uni1white.png 512w, https:\/\/www.educazionedigitale.it\/eunaquestionediplastica\/wp-content\/uploads\/2022\/01\/uni1white-340x340.png 340w\" sizes=\"auto, (max-width: 512px) 100vw, 512px\" \/>\t\t\t\t\t\t\n\t\t\t\t\t<\/div>\n\t\t\t\t\t\t\t\t\n<style>\n#image_1613242112 {\n  width: 46%;\n}\n<\/style>\n\t<\/div>\n\t\n\t<div id=\"text-1785708950\" class=\"text\">\n\t\t\n<h4>PLASTICA<\/h4>\n<p style=\"line-height:1.2\">Una risorsa<br \/>da conoscere<\/p>\n\t\t\n<style>\n#text-1785708950 {\n  line-height: 1.55;\n}\n<\/style>\n\t<\/div>\n\t\n\t\t\t<\/div>\n\t\t<\/div>\n\t<\/div>\n\t\n\t\t<\/div>\n\t\t\t\t\t<\/div>\n\n\t\n\n\t<div id=\"col-1759209576\" class=\"col medium-3 small-12 large-3\"  data-animate=\"fadeInLeft\">\n\t\t\t\t<div class=\"col-inner\"  >\n\t\t\t\n\t\t\t\n\t<div class=\"box has-hover   has-hover box-overlay dark box-text-bottom\" >\n\n\t\t<div class=\"box-image\" >\n\t\t\t\t\t\t<div class=\"image-blur image-cover\" style=\"padding-top:100%;\">\n\t\t\t\t<img loading=\"lazy\" decoding=\"async\" width=\"2000\" height=\"1333\" src=\"https:\/\/www.educazionedigitale.it\/eunaquestionediplastica\/wp-content\/uploads\/2022\/02\/00A9156-2.jpg\" class=\"attachment- size-\" alt=\"\" srcset=\"https:\/\/www.educazionedigitale.it\/eunaquestionediplastica\/wp-content\/uploads\/2022\/02\/00A9156-2.jpg 2000w, https:\/\/www.educazionedigitale.it\/eunaquestionediplastica\/wp-content\/uploads\/2022\/02\/00A9156-2-800x533.jpg 800w, https:\/\/www.educazionedigitale.it\/eunaquestionediplastica\/wp-content\/uploads\/2022\/02\/00A9156-2-1600x1066.jpg 1600w, https:\/\/www.educazionedigitale.it\/eunaquestionediplastica\/wp-content\/uploads\/2022\/02\/00A9156-2-768x512.jpg 768w, https:\/\/www.educazionedigitale.it\/eunaquestionediplastica\/wp-content\/uploads\/2022\/02\/00A9156-2-1536x1024.jpg 1536w\" sizes=\"auto, (max-width: 2000px) 100vw, 2000px\" \/>\t\t\t\t<div class=\"overlay\" style=\"background-color:rgba(86, 109, 138, 0.738)\"><\/div>\t\t\t\t\t\t\t<\/div>\n\t\t\t\t\t<\/div>\n\n\t\t<div class=\"box-text show-on-hover hover-bounce text-center is-large\" >\n\t\t\t<div class=\"box-text-inner\">\n\t\t\t\t\n\t<div class=\"img has-hover x md-x lg-x y md-y lg-y\" id=\"image_337359412\">\n\t\t\t\t\t\t\t\t<div class=\"img-inner dark\" style=\"margin:0px 0px 14px 0px;\">\n\t\t\t<img loading=\"lazy\" decoding=\"async\" width=\"512\" height=\"512\" src=\"https:\/\/www.educazionedigitale.it\/eunaquestionediplastica\/wp-content\/uploads\/2022\/01\/uni2white.png\" class=\"attachment-large size-large\" alt=\"\" srcset=\"https:\/\/www.educazionedigitale.it\/eunaquestionediplastica\/wp-content\/uploads\/2022\/01\/uni2white.png 512w, https:\/\/www.educazionedigitale.it\/eunaquestionediplastica\/wp-content\/uploads\/2022\/01\/uni2white-340x340.png 340w\" sizes=\"auto, (max-width: 512px) 100vw, 512px\" \/>\t\t\t\t\t\t\n\t\t\t\t\t<\/div>\n\t\t\t\t\t\t\t\t\n<style>\n#image_337359412 {\n  width: 46%;\n}\n<\/style>\n\t<\/div>\n\t\n\t<div id=\"text-485484992\" class=\"text\">\n\t\t\n<h4>COREPLA<\/h4>\n<p style=\"line-height:1.2\">Un consorzio<br \/>per la sostenibilit\u00e0<\/p>\n\t\t\n<style>\n#text-485484992 {\n  line-height: 1.55;\n}\n<\/style>\n\t<\/div>\n\t\n\t\t\t<\/div>\n\t\t<\/div>\n\t<\/div>\n\t\n\t\t<\/div>\n\t\t\t\t\t<\/div>\n\n\t\n\n\t<div id=\"col-1571247741\" class=\"col medium-3 small-12 large-3\"  data-animate=\"fadeInLeft\">\n\t\t\t\t<div class=\"col-inner\"  >\n\t\t\t\n\t\t\t\n\t<div class=\"box has-hover   has-hover box-overlay dark box-text-bottom\" >\n\n\t\t<div class=\"box-image\" >\n\t\t\t\t\t\t<div class=\"image-blur image-cover\" style=\"padding-top:100%;\">\n\t\t\t\t<img loading=\"lazy\" decoding=\"async\" width=\"2500\" height=\"1667\" src=\"https:\/\/www.educazionedigitale.it\/eunaquestionediplastica\/wp-content\/uploads\/2022\/02\/00A1406.jpg\" class=\"attachment- size-\" alt=\"\" srcset=\"https:\/\/www.educazionedigitale.it\/eunaquestionediplastica\/wp-content\/uploads\/2022\/02\/00A1406.jpg 2500w, https:\/\/www.educazionedigitale.it\/eunaquestionediplastica\/wp-content\/uploads\/2022\/02\/00A1406-800x533.jpg 800w, https:\/\/www.educazionedigitale.it\/eunaquestionediplastica\/wp-content\/uploads\/2022\/02\/00A1406-1600x1067.jpg 1600w, https:\/\/www.educazionedigitale.it\/eunaquestionediplastica\/wp-content\/uploads\/2022\/02\/00A1406-768x512.jpg 768w, https:\/\/www.educazionedigitale.it\/eunaquestionediplastica\/wp-content\/uploads\/2022\/02\/00A1406-1536x1024.jpg 1536w, https:\/\/www.educazionedigitale.it\/eunaquestionediplastica\/wp-content\/uploads\/2022\/02\/00A1406-2048x1366.jpg 2048w\" sizes=\"auto, (max-width: 2500px) 100vw, 2500px\" \/>\t\t\t\t<div class=\"overlay\" style=\"background-color:rgba(0, 91, 152, 0.651)\"><\/div>\t\t\t\t\t\t\t<\/div>\n\t\t\t\t\t<\/div>\n\n\t\t<div class=\"box-text show-on-hover hover-bounce text-center is-large\" >\n\t\t\t<div class=\"box-text-inner\">\n\t\t\t\t\n\t<div class=\"img has-hover x md-x lg-x y md-y lg-y\" id=\"image_1413342745\">\n\t\t\t\t\t\t\t\t<div class=\"img-inner dark\" style=\"margin:0px 0px 14px 0px;\">\n\t\t\t<img loading=\"lazy\" decoding=\"async\" width=\"512\" height=\"512\" src=\"https:\/\/www.educazionedigitale.it\/eunaquestionediplastica\/wp-content\/uploads\/2022\/01\/uni3white.png\" class=\"attachment-large size-large\" alt=\"\" srcset=\"https:\/\/www.educazionedigitale.it\/eunaquestionediplastica\/wp-content\/uploads\/2022\/01\/uni3white.png 512w, https:\/\/www.educazionedigitale.it\/eunaquestionediplastica\/wp-content\/uploads\/2022\/01\/uni3white-340x340.png 340w\" sizes=\"auto, (max-width: 512px) 100vw, 512px\" \/>\t\t\t\t\t\t\n\t\t\t\t\t<\/div>\n\t\t\t\t\t\t\t\t\n<style>\n#image_1413342745 {\n  width: 46%;\n}\n<\/style>\n\t<\/div>\n\t\n\t<div id=\"text-2639396816\" class=\"text\">\n\t\t\n<h4>VALORIZZAZIONE<\/h4>\n<p style=\"line-height:1.2\">Dal produttore,<br \/>\nal consumatore,<br \/>\n al consorzio<\/p>\n\t\t\n<style>\n#text-2639396816 {\n  line-height: 1.55;\n}\n<\/style>\n\t<\/div>\n\t\n\t\t\t<\/div>\n\t\t<\/div>\n\t<\/div>\n\t\n\t\t<\/div>\n\t\t\t\t\t<\/div>\n\n\t\n\n\t<div id=\"col-392075262\" class=\"col medium-3 small-12 large-3\"  data-animate=\"fadeInLeft\">\n\t\t\t\t<div class=\"col-inner\"  >\n\t\t\t\n\t\t\t\n\t<div class=\"box has-hover   has-hover box-overlay dark box-text-bottom\" >\n\n\t\t<div class=\"box-image\" >\n\t\t\t\t\t\t<div class=\"image-blur image-cover\" style=\"padding-top:100%;\">\n\t\t\t\t<img loading=\"lazy\" decoding=\"async\" width=\"1667\" height=\"2500\" src=\"https:\/\/www.educazionedigitale.it\/eunaquestionediplastica\/wp-content\/uploads\/2022\/02\/00A0888.jpg\" class=\"attachment- size-\" alt=\"\" srcset=\"https:\/\/www.educazionedigitale.it\/eunaquestionediplastica\/wp-content\/uploads\/2022\/02\/00A0888.jpg 1667w, https:\/\/www.educazionedigitale.it\/eunaquestionediplastica\/wp-content\/uploads\/2022\/02\/00A0888-533x800.jpg 533w, https:\/\/www.educazionedigitale.it\/eunaquestionediplastica\/wp-content\/uploads\/2022\/02\/00A0888-1067x1600.jpg 1067w, https:\/\/www.educazionedigitale.it\/eunaquestionediplastica\/wp-content\/uploads\/2022\/02\/00A0888-768x1152.jpg 768w, https:\/\/www.educazionedigitale.it\/eunaquestionediplastica\/wp-content\/uploads\/2022\/02\/00A0888-1024x1536.jpg 1024w, https:\/\/www.educazionedigitale.it\/eunaquestionediplastica\/wp-content\/uploads\/2022\/02\/00A0888-1366x2048.jpg 1366w\" sizes=\"auto, (max-width: 1667px) 100vw, 1667px\" \/>\t\t\t\t<div class=\"overlay\" style=\"background-color:rgba(86, 109, 138, 0.738)\"><\/div>\t\t\t\t\t\t\t<\/div>\n\t\t\t\t\t<\/div>\n\n\t\t<div class=\"box-text show-on-hover hover-bounce text-center is-large\" >\n\t\t\t<div class=\"box-text-inner\">\n\t\t\t\t\n\t<div class=\"img has-hover x md-x lg-x y md-y lg-y\" id=\"image_494656811\">\n\t\t\t\t\t\t\t\t<div class=\"img-inner dark\" style=\"margin:0px 0px 14px 0px;\">\n\t\t\t<img loading=\"lazy\" decoding=\"async\" width=\"512\" height=\"512\" src=\"https:\/\/www.educazionedigitale.it\/eunaquestionediplastica\/wp-content\/uploads\/2022\/01\/uni4white.png\" class=\"attachment-large size-large\" alt=\"\" srcset=\"https:\/\/www.educazionedigitale.it\/eunaquestionediplastica\/wp-content\/uploads\/2022\/01\/uni4white.png 512w, https:\/\/www.educazionedigitale.it\/eunaquestionediplastica\/wp-content\/uploads\/2022\/01\/uni4white-340x340.png 340w\" sizes=\"auto, (max-width: 512px) 100vw, 512px\" \/>\t\t\t\t\t\t\n\t\t\t\t\t<\/div>\n\t\t\t\t\t\t\t\t\n<style>\n#image_494656811 {\n  width: 46%;\n}\n<\/style>\n\t<\/div>\n\t\n\t<div id=\"text-2887380340\" class=\"text\">\n\t\t\n<h4>FAQ or FAKE<\/h4>\n<p style=\"line-height:1.2\">La plastica<br \/>\ne la sua narrazione<\/p>\n\t\t\n<style>\n#text-2887380340 {\n  line-height: 1.55;\n}\n<\/style>\n\t<\/div>\n\t\n\t\t\t<\/div>\n\t\t<\/div>\n\t<\/div>\n\t\n\t\t<\/div>\n\t\t\t\t\t<\/div>\n\n\t\n<\/div>\n<div class=\"row row-collapse align-middle align-center\"  id=\"row-655965785\">\n\n\t<div id=\"col-709096029\" class=\"col small-12 large-12\"  data-animate=\"fadeInLeft\">\n\t\t\t\t<div class=\"col-inner\"  >\n\t\t\t\n\t\t\t\n<p style=\"text-align: justify; margin-right: 20px;\">Una volta finalizzata con successo l\u2019attivit\u00e0 di e-learning, e grazie alle nozioni acquisite, studentesse e studenti saranno chiamati a dare una forma concreta e creativa al loro percorso di apprendimento, attraverso un <strong>project work<\/strong>.<\/p>\n\t\t<\/div>\n\t\t\t\t\n<style>\n#col-709096029 > .col-inner {\n  margin: 0px 0px 16px 0px;\n}\n<\/style>\n\t<\/div>\n\n\t\n\n\t<div id=\"col-633221468\" class=\"col medium-6 small-12 large-6\"  data-animate=\"fadeInLeft\">\n\t\t\t\t<div class=\"col-inner\"  >\n\t\t\t\n\t\t\t\n<p style=\"text-align: justify; margin-right: 20px;\">Questa attivit\u00e0 coinvolge i giovani in gruppo, <strong>come classi o come unit\u00e0 di lavoro pi\u00f9 piccole all\u2019interno di esse<\/strong>, che dovranno concentrare i loro sforzi nella produzione di una <strong>presentazione professionale dedicata ad uno dei tre focus di contenuto principali sviluppati nel percorso di e-Learning<\/strong>, anche grazie all\u2019ausilio di linee guida di supporto in piattaforma.<\/p>\n\t\t<\/div>\n\t\t\t\t\t<\/div>\n\n\t\n\n\t<div id=\"col-1318031707\" class=\"col medium-6 small-12 large-6\"  data-animate=\"blurIn\">\n\t\t\t\t<div class=\"col-inner\"  >\n\t\t\t\n\t\t\t\n\t<div class=\"img has-hover x md-x lg-x y md-y lg-y\" id=\"image_429153768\">\n\t\t\t\t\t\t\t\t<div class=\"img-inner image-cover dark\" style=\"padding-top:190px;\">\n\t\t\t<img loading=\"lazy\" decoding=\"async\" width=\"1020\" height=\"680\" src=\"https:\/\/www.educazionedigitale.it\/eunaquestionediplastica\/wp-content\/uploads\/2022\/01\/smiling-black-guy-reading-something-orange-textbook-while-his-college-mates-discussing-pretty-curly-girl-showing-asian-friend-her-sketchces-notebook-1600x1067.jpg\" class=\"attachment-large size-large\" alt=\"\" srcset=\"https:\/\/www.educazionedigitale.it\/eunaquestionediplastica\/wp-content\/uploads\/2022\/01\/smiling-black-guy-reading-something-orange-textbook-while-his-college-mates-discussing-pretty-curly-girl-showing-asian-friend-her-sketchces-notebook-1600x1067.jpg 1600w, https:\/\/www.educazionedigitale.it\/eunaquestionediplastica\/wp-content\/uploads\/2022\/01\/smiling-black-guy-reading-something-orange-textbook-while-his-college-mates-discussing-pretty-curly-girl-showing-asian-friend-her-sketchces-notebook-800x533.jpg 800w, https:\/\/www.educazionedigitale.it\/eunaquestionediplastica\/wp-content\/uploads\/2022\/01\/smiling-black-guy-reading-something-orange-textbook-while-his-college-mates-discussing-pretty-curly-girl-showing-asian-friend-her-sketchces-notebook-768x512.jpg 768w, https:\/\/www.educazionedigitale.it\/eunaquestionediplastica\/wp-content\/uploads\/2022\/01\/smiling-black-guy-reading-something-orange-textbook-while-his-college-mates-discussing-pretty-curly-girl-showing-asian-friend-her-sketchces-notebook-1536x1024.jpg 1536w, https:\/\/www.educazionedigitale.it\/eunaquestionediplastica\/wp-content\/uploads\/2022\/01\/smiling-black-guy-reading-something-orange-textbook-while-his-college-mates-discussing-pretty-curly-girl-showing-asian-friend-her-sketchces-notebook-2048x1365.jpg 2048w\" sizes=\"auto, (max-width: 1020px) 100vw, 1020px\" \/>\t\t\t\t\t\t\n\t\t\t\t\t<\/div>\n\t\t\t\t\t\t\t\t\n<style>\n#image_429153768 {\n  width: 100%;\n}\n<\/style>\n\t<\/div>\n\t\n\t\t<\/div>\n\t\t\t\t\t<\/div>\n\n\t\n<\/div>\n<div class=\"row row-collapse align-middle align-center\"  id=\"row-1164144740\">\n\n\t<div id=\"col-1841408750\" class=\"col medium-6 small-12 large-6\"  data-animate=\"blurIn\">\n\t\t\t\t<div class=\"col-inner\"  >\n\t\t\t\n\t\t\t\n\t<div class=\"img has-hover x md-x lg-x y md-y lg-y\" id=\"image_476125512\">\n\t\t\t\t\t\t\t\t<div class=\"img-inner image-cover dark\" style=\"padding-top:259px;\">\n\t\t\t<img loading=\"lazy\" decoding=\"async\" width=\"1020\" height=\"680\" src=\"https:\/\/www.educazionedigitale.it\/eunaquestionediplastica\/wp-content\/uploads\/2022\/01\/couple-students-with-backpacks-laptop-sit-steps-near-campus-1600x1067.jpg\" class=\"attachment-large size-large\" alt=\"\" srcset=\"https:\/\/www.educazionedigitale.it\/eunaquestionediplastica\/wp-content\/uploads\/2022\/01\/couple-students-with-backpacks-laptop-sit-steps-near-campus-1600x1067.jpg 1600w, https:\/\/www.educazionedigitale.it\/eunaquestionediplastica\/wp-content\/uploads\/2022\/01\/couple-students-with-backpacks-laptop-sit-steps-near-campus-800x533.jpg 800w, https:\/\/www.educazionedigitale.it\/eunaquestionediplastica\/wp-content\/uploads\/2022\/01\/couple-students-with-backpacks-laptop-sit-steps-near-campus-768x512.jpg 768w, https:\/\/www.educazionedigitale.it\/eunaquestionediplastica\/wp-content\/uploads\/2022\/01\/couple-students-with-backpacks-laptop-sit-steps-near-campus-1536x1024.jpg 1536w, https:\/\/www.educazionedigitale.it\/eunaquestionediplastica\/wp-content\/uploads\/2022\/01\/couple-students-with-backpacks-laptop-sit-steps-near-campus-2048x1365.jpg 2048w\" sizes=\"auto, (max-width: 1020px) 100vw, 1020px\" \/>\t\t\t\t\t\t\n\t\t\t\t\t<\/div>\n\t\t\t\t\t\t\t\t\n<style>\n#image_476125512 {\n  width: 100%;\n}\n<\/style>\n\t<\/div>\n\t\n\t\t<\/div>\n\t\t\t\t\n<style>\n#col-1841408750 > .col-inner {\n  margin: -8px 0px 0px 0px;\n}\n<\/style>\n\t<\/div>\n\n\t\n\n\t<div id=\"col-1457974521\" class=\"col medium-6 small-12 large-6\"  data-animate=\"fadeInRight\">\n\t\t\t\t<div class=\"col-inner\"  >\n\t\t\t\n\t\t\t\n\t<div id=\"gap-668604282\" class=\"gap-element clearfix\" style=\"display:block; height:auto;\">\n\t\t\n<style>\n#gap-668604282 {\n  padding-top: 26px;\n}\n<\/style>\n\t<\/div>\n\t\n<p style=\"text-align: justify; margin-left: 20px;\">Corepla metter\u00e0 quindi a disposizione un pull di esperti aziendali, appartenenti alle aree commerciale, di marketing e comunicazione, che proclameranno <strong>tre output degni di una menzione speciale per la qualit\u00e0 tecnico-scientifica dei contenuti e per quella relativa al loro aspetto visuale<\/strong>.<br \/>I migliori elaborati di lavoro potranno essere pubblicati anche su canali istituzionali, e concorreranno all\u2019assegnazione di un <strong>premio tecno-didattico<\/strong>: materiale tecnologico o attrezzatura scolastica.<\/p>\n\t\t<\/div>\n\t\t\t\t\t<\/div>\n\n\t\n<\/div>\n<div class=\"row\"  id=\"row-431615975\">\n\n\t<div id=\"col-456229649\" class=\"col small-12 large-12\"  >\n\t\t\t\t<div class=\"col-inner text-center\"  >\n\t\t\t\n\t\t\t\n\t<div id=\"gap-1397615387\" class=\"gap-element clearfix\" style=\"display:block; height:auto;\">\n\t\t\n<style>\n#gap-1397615387 {\n  padding-top: 70px;\n}\n<\/style>\n\t<\/div>\n\t\n\t<div class=\"img has-hover x md-x lg-x y md-y lg-y\" id=\"image_1873554461\">\n\t\t\t\t\t\t\t\t<div class=\"img-inner dark\" >\n\t\t\t\t\t\t\t\t\t\n\t\t\t\t\t<\/div>\n\t\t\t\t\t\t\t\t\n<style>\n#image_1873554461 {\n  width: 61%;\n}\n<\/style>\n\t<\/div>\n\t\n\t\t<\/div>\n\t\t\t\t\t<\/div>\n\n\t\n<\/div>\n\t\t<\/div>\n\n\t\t\n<style>\n#section_24913968 {\n  padding-top: 30px;\n  padding-bottom: 30px;\n}\n#section_24913968 .section-bg img {\n  object-position: 0% 0%;\n}\n<\/style>\n\t<\/section>\n\t\n","protected":false},"excerpt":{"rendered":"","protected":false},"author":1,"featured_media":0,"parent":0,"menu_order":0,"comment_status":"closed","ping_status":"open","template":"page-blank.php","meta":{"_monsterinsights_skip_tracking":false,"_monsterinsights_sitenote_active":false,"_monsterinsights_sitenote_note":"","_monsterinsights_sitenote_category":0,"footnotes":""},"class_list":["post-531","page","type-page","status-publish","hentry"],"_links":{"self":[{"href":"https:\/\/www.educazionedigitale.it\/eunaquestionediplastica\/wp-json\/wp\/v2\/pages\/531","targetHints":{"allow":["GET"]}}],"collection":[{"href":"https:\/\/www.educazionedigitale.it\/eunaquestionediplastica\/wp-json\/wp\/v2\/pages"}],"about":[{"href":"https:\/\/www.educazionedigitale.it\/eunaquestionediplastica\/wp-json\/wp\/v2\/types\/page"}],"author":[{"embeddable":true,"href":"https:\/\/www.educazionedigitale.it\/eunaquestionediplastica\/wp-json\/wp\/v2\/users\/1"}],"replies":[{"embeddable":true,"href":"https:\/\/www.educazionedigitale.it\/eunaquestionediplastica\/wp-json\/wp\/v2\/comments?post=531"}],"version-history":[{"count":3,"href":"https:\/\/www.educazionedigitale.it\/eunaquestionediplastica\/wp-json\/wp\/v2\/pages\/531\/revisions"}],"predecessor-version":[{"id":5518,"href":"https:\/\/www.educazionedigitale.it\/eunaquestionediplastica\/wp-json\/wp\/v2\/pages\/531\/revisions\/5518"}],"wp:attachment":[{"href":"https:\/\/www.educazionedigitale.it\/eunaquestionediplastica\/wp-json\/wp\/v2\/media?parent=531"}],"curies":[{"name":"wp","href":"https:\/\/api.w.org\/{rel}","templated":true}]}}