{"id":6028,"date":"2023-09-26T17:36:42","date_gmt":"2023-09-26T15:36:42","guid":{"rendered":"https:\/\/www.educazionedigitale.it\/europanoi\/?page_id=6028"},"modified":"2024-09-27T09:45:10","modified_gmt":"2024-09-27T07:45:10","slug":"eventi","status":"publish","type":"page","link":"https:\/\/www.educazionedigitale.it\/europanoi\/eventi\/","title":{"rendered":"Videolezioni"},"content":{"rendered":"<h4 class=\"big-title\">Videolezioni<\/h4>\n<h5 class=\"subtitle\"><em><strong>TARGET :<\/strong><\/em> Docenti e studenti secondaria di II grado<\/h5>\n<div class=\"is-divider divider clearfix\" style=\"max-width:small;\"><\/div>\n\n\t<div id=\"col-502586099\" class=\"col large-12\"  >\n\t\t\t\t<div class=\"col-inner\"  >\n\t\t\t\n\t\t\t\n\t<div id=\"gap-995962518\" class=\"gap-element clearfix\" style=\"display:block; height:auto;\">\n\t\t\n<style>\n#gap-995962518 {\n  padding-top: 15px;\n}\n<\/style>\n\t<\/div>\n\t\n<div class=\"strumenti-classe\">\n<div class=\"img-stru\" style=\"width:240px\"><img decoding=\"async\" class=\" wp-image-811 size-full alignleft\" src=\"https:\/\/www.educazionedigitale.it\/europanoi\/wp-content\/uploads\/2024\/01\/DPE-Verticale-eventi-LOGO-NEW.png\" alt=\"Lezione digitale\" width=\"100%\" \/><\/div>\n<div class=\"testi-classe\"><strong><span style=\"color: #4773CA; font-size: 25px;\">Giornata europea delle lingue <b>2024<\/b><\/strong><\/span><\/div>\n<div class=\"testi-classe\" style=\"text-align: justify;\">Il 26 settembre di ogni anno, a partire dal 2001 \u2013 anno in cui per la prima volta fu istituita \u2013 si celebra la\u00a0Giornata europea delle lingue:\u00a0un\u2019occasione per celebrare la\u00a0diversit\u00e0 linguistica dell\u2019Europa,\u00a0un elemento che, lungi dall\u2019essere divisivo, costituisce una ricchezza culturale e sociale di significativo valore. In occasione delle celebrazioni di quest\u2019anno, il\u00a0Dipartimento per gli Affari Europei\u00a0ha promosso un Webinar formativo gratuito,\u00a0rivolto a studenti e studentesse delle scuole secondarie di secondo grado, in cui esperti della Presidenza del Consiglio dei Ministri, delle Istituzioni Europee,\u00a0del\u00a0Ministero degli Affari Esteri e della Cooperazione Internazionale,\u00a0del\u00a0Ministero dell&#8217;Istruzione e del Merito,\u00a0hanno parlato del rapporto tra\u00a0lingue e popoli,\u00a0ponendo l\u2019accento sul\u00a0ruolo delle lingue nello sviluppo di societ\u00e0 pi\u00f9 consapevoli della propria identit\u00e0 culturale e pi\u00f9 inclusive e su come la scuola potr\u00e0 contribuire al raggiungimento di questo obiettivo. <br \/> \n <br \/> Sono state affrontate questioni inerenti l&#8217;importanza del\u00a0multilinguismo\u00a0in Europa e in Italia; il rispetto, la tutela e la promozione delle\u00a0diversit\u00e0 linguistiche\u00a0europee; la valorizzazione della\u00a0lingua italiana; la tutela e la promozione delle\u00a0lingue regionali\u00a0e dei\u00a0dialetti italiani.\n<\/div>\n<div style=\"margin-top: 30px;  text-align: right\">\n<a href=\"https:\/\/www.educazionedigitale.it\/eventi\/#evento-103019\" class=\"button primary is-custom-green is-medium\" >\n\t\t<span>Guarda online<\/span>\n\t<\/a>\n\n\t<div id=\"gap-449473663\" class=\"gap-element clearfix\" style=\"display:block; height:auto;\">\n\t\t\n<style>\n#gap-449473663 {\n  padding-top: 20px;\n}\n<\/style>\n\t<\/div>\n\t\n<\/div>\n<\/div>\n\t\t<\/div>\n\t\t\t\t\t<\/div>\n\n\t\n\n\t<div id=\"col-131188424\" class=\"col large-12\"  >\n\t\t\t\t<div class=\"col-inner\"  >\n\t\t\t\n\t\t\t\n\t<div id=\"gap-480388147\" class=\"gap-element clearfix\" style=\"display:block; height:auto;\">\n\t\t\n<style>\n#gap-480388147 {\n  padding-top: 15px;\n}\n<\/style>\n\t<\/div>\n\t\n<div class=\"strumenti-classe\">\n<div class=\"img-stru\" style=\"width:240px\"><img decoding=\"async\" class=\" wp-image-811 size-full alignleft\" src=\"https:\/\/www.educazionedigitale.it\/europanoi\/wp-content\/uploads\/2024\/01\/DPE-Verticale-eventi-LOGO-NEW.png\" alt=\"Lezione digitale\" width=\"100%\" \/><\/div>\n<div class=\"testi-classe\"><strong><span style=\"color: #4773CA; font-size: 25px;\">Giornata europea delle lingue <b>2023<\/b><\/strong><\/span><\/div>\n<div class=\"testi-classe\" style=\"text-align: justify;\">In occasione delle celebrazioni della Giornata europea dell\u2019anno scolastico 2023 &#8211; &#8217;24,  il Dipartimento ha guidato questo webinar formativo gratuito ospitando figure di spicco del Consiglio d&#8217;Europa, del Ministero degli Affari Esteri e della Cooperazione Internazionale, del Ministero dell&#8217;Istruzione e del Merito e del Dipartimento per gli Affari Regionali e le Autonomie, per parlare del rapporto tra lingue e popoli, ponendo l\u2019accento sul ruolo delle lingue nello sviluppo di societ\u00e0 pi\u00f9 aperte e inclusive e su come la scuola pu\u00f2 contribuire al raggiungimento di questo obiettivo.<\/div>\n<div class=\"testi-classe\" style=\"text-align: justify;\">L\u2019evento ha rappresentato un\u2019occasione di riflessione collettiva sull&#8217;importanza del multilinguismo in Europa e in Italia; sul rispetto, la tutela e la promozione delle diversit\u00e0 linguistiche europee; sulla valorizzazione della lingua italiana; sulla tutela e la promozione delle lingue regionali e dei dialetti italiani.<\/div>\n<div style=\"margin-top: 50px;  text-align: right\">\n<a href=\"https:\/\/www.educazionedigitale.it\/eventi\/#evento-102638\" class=\"button primary is-custom-green is-medium\" >\n\t\t<span>Guarda online<\/span>\n\t<\/a>\n\n\t<div id=\"gap-700081343\" class=\"gap-element clearfix\" style=\"display:block; height:auto;\">\n\t\t\n<style>\n#gap-700081343 {\n  padding-top: 20px;\n}\n<\/style>\n\t<\/div>\n\t\n<\/div>\n<\/div>\n\t\t<\/div>\n\t\t\t\t\t<\/div>\n\n\t\n","protected":false},"excerpt":{"rendered":"\n  <div class=\"banner has-hover banner-home\" id=\"banner-1707345405\">\n          <div class=\"banner-inner fill\">\n        <div class=\"banner-bg fill\" >\n            <img width=\"1020\" height=\"319\" src=\"https:\/\/www.educazionedigitale.it\/europanoi\/wp-content\/uploads\/2016\/06\/EuropaNoi-banner-1600x500.jpg\" class=\"bg attachment-large size-large\" alt=\"Europa=Noi\" decoding=\"async\" loading=\"lazy\" \/>                                    \n                    <\/div>\n\t\t\n        <div class=\"banner-layers container\">\n            <div class=\"fill banner-link\"><\/div>            \n   <div id=\"text-box-93596405\" class=\"text-box banner-layer x10 md-x10 lg-x10 y50 md-y50 lg-y50 res-text\">\n                     <div data-animate=\"fadeInLeft\">           <div class=\"text-box-content text dark\">\n              \n              <div class=\"text-inner text-left\">\n                  \n              <\/div>\n           <\/div>\n       <\/div>                     \n<style>\n#text-box-93596405 {\n  width: 60%;\n}\n#text-box-93596405 .text-box-content {\n  font-size: 100%;\n}\n@media (min-width:550px) {\n  #text-box-93596405 {\n    width: 80%;\n  }\n}\n<\/style>\n    <\/div>\n \n        <\/div>\n      <\/div>\n\n            \n<style>\n#banner-1707345405 {\n  padding-top: 120px;\n}\n@media (min-width:550px) {\n  #banner-1707345405 {\n    padding-top: 200px;\n  }\n}\n<\/style>\n  <\/div>\n\n\n","protected":false},"author":164,"featured_media":0,"parent":0,"menu_order":0,"comment_status":"closed","ping_status":"closed","template":"","meta":{"_monsterinsights_skip_tracking":false,"_monsterinsights_sitenote_active":false,"_monsterinsights_sitenote_note":"","_monsterinsights_sitenote_category":0,"footnotes":""},"class_list":["post-6028","page","type-page","status-publish","hentry"],"yoast_head":"<!-- This site is optimized with the Yoast SEO plugin v27.4 - https:\/\/yoast.com\/product\/yoast-seo-wordpress\/ -->\n<title>Videolezioni - Europa=Noi<\/title>\n<meta name=\"robots\" content=\"index, follow, max-snippet:-1, max-image-preview:large, max-video-preview:-1\" \/>\n<link rel=\"canonical\" href=\"https:\/\/www.educazionedigitale.it\/europanoi\/eventi\/\" \/>\n<meta property=\"og:locale\" content=\"it_IT\" \/>\n<meta property=\"og:type\" content=\"article\" \/>\n<meta property=\"og:title\" content=\"Videolezioni - Europa=Noi\" \/>\n<meta property=\"og:url\" content=\"https:\/\/www.educazionedigitale.it\/europanoi\/eventi\/\" \/>\n<meta property=\"og:site_name\" content=\"Europa=Noi\" \/>\n<meta property=\"article:modified_time\" content=\"2024-09-27T07:45:10+00:00\" \/>\n<meta property=\"og:image\" content=\"https:\/\/www.educazionedigitale.it\/europanoi\/wp-content\/uploads\/2024\/01\/DPE-Verticale-eventi-LOGO-NEW.png\" \/>\n<meta name=\"twitter:card\" content=\"summary_large_image\" \/>\n<meta name=\"twitter:description\" content=\"[ux_banner height=&quot;200px&quot; height__sm=&quot;120px&quot; bg=&quot;1473&quot; class=&quot;banner-home&quot;]  [text_box width=&quot;80&quot; width__sm=&quot;60&quot; animate=&quot;fadeInLeft&quot; position_x=&quot;10&quot; position_y=&quot;50&quot; text_align=&quot;left&quot;]   [\/text_box]  [\/ux_banner]\" \/>\n<meta name=\"twitter:label1\" content=\"Tempo di lettura stimato\" \/>\n\t<meta name=\"twitter:data1\" content=\"3 minuti\" \/>\n<script type=\"application\/ld+json\" class=\"yoast-schema-graph\">{\"@context\":\"https:\\\/\\\/schema.org\",\"@graph\":[{\"@type\":\"WebPage\",\"@id\":\"https:\\\/\\\/www.educazionedigitale.it\\\/europanoi\\\/eventi\\\/\",\"url\":\"https:\\\/\\\/www.educazionedigitale.it\\\/europanoi\\\/eventi\\\/\",\"name\":\"Videolezioni - Europa=Noi\",\"isPartOf\":{\"@id\":\"https:\\\/\\\/www.educazionedigitale.it\\\/europanoi\\\/#website\"},\"primaryImageOfPage\":{\"@id\":\"https:\\\/\\\/www.educazionedigitale.it\\\/europanoi\\\/eventi\\\/#primaryimage\"},\"image\":{\"@id\":\"https:\\\/\\\/www.educazionedigitale.it\\\/europanoi\\\/eventi\\\/#primaryimage\"},\"thumbnailUrl\":\"https:\\\/\\\/www.educazionedigitale.it\\\/europanoi\\\/wp-content\\\/uploads\\\/2024\\\/01\\\/DPE-Verticale-eventi-LOGO-NEW.png\",\"datePublished\":\"2023-09-26T15:36:42+00:00\",\"dateModified\":\"2024-09-27T07:45:10+00:00\",\"breadcrumb\":{\"@id\":\"https:\\\/\\\/www.educazionedigitale.it\\\/europanoi\\\/eventi\\\/#breadcrumb\"},\"inLanguage\":\"it-IT\",\"potentialAction\":[{\"@type\":\"ReadAction\",\"target\":[\"https:\\\/\\\/www.educazionedigitale.it\\\/europanoi\\\/eventi\\\/\"]}]},{\"@type\":\"ImageObject\",\"inLanguage\":\"it-IT\",\"@id\":\"https:\\\/\\\/www.educazionedigitale.it\\\/europanoi\\\/eventi\\\/#primaryimage\",\"url\":\"\",\"contentUrl\":\"\"},{\"@type\":\"BreadcrumbList\",\"@id\":\"https:\\\/\\\/www.educazionedigitale.it\\\/europanoi\\\/eventi\\\/#breadcrumb\",\"itemListElement\":[{\"@type\":\"ListItem\",\"position\":1,\"name\":\"Home\",\"item\":\"https:\\\/\\\/www.educazionedigitale.it\\\/europanoi\\\/\"},{\"@type\":\"ListItem\",\"position\":2,\"name\":\"Videolezioni\"}]},{\"@type\":\"WebSite\",\"@id\":\"https:\\\/\\\/www.educazionedigitale.it\\\/europanoi\\\/#website\",\"url\":\"https:\\\/\\\/www.educazionedigitale.it\\\/europanoi\\\/\",\"name\":\"Europa=Noi\",\"description\":\"La piattaforma didattica sulle tematiche inerenti l&#039;UE e la Cittadinanza europea\",\"potentialAction\":[{\"@type\":\"SearchAction\",\"target\":{\"@type\":\"EntryPoint\",\"urlTemplate\":\"https:\\\/\\\/www.educazionedigitale.it\\\/europanoi\\\/?s={search_term_string}\"},\"query-input\":{\"@type\":\"PropertyValueSpecification\",\"valueRequired\":true,\"valueName\":\"search_term_string\"}}],\"inLanguage\":\"it-IT\"}]}<\/script>\n<!-- \/ Yoast SEO plugin. -->","yoast_head_json":{"title":"Videolezioni - Europa=Noi","robots":{"index":"index","follow":"follow","max-snippet":"max-snippet:-1","max-image-preview":"max-image-preview:large","max-video-preview":"max-video-preview:-1"},"canonical":"https:\/\/www.educazionedigitale.it\/europanoi\/eventi\/","og_locale":"it_IT","og_type":"article","og_title":"Videolezioni - Europa=Noi","og_url":"https:\/\/www.educazionedigitale.it\/europanoi\/eventi\/","og_site_name":"Europa=Noi","article_modified_time":"2024-09-27T07:45:10+00:00","og_image":[{"url":"https:\/\/www.educazionedigitale.it\/europanoi\/wp-content\/uploads\/2024\/01\/DPE-Verticale-eventi-LOGO-NEW.png","type":"","width":"","height":""}],"twitter_card":"summary_large_image","twitter_description":"[ux_banner height=\"200px\" height__sm=\"120px\" bg=\"1473\" class=\"banner-home\"]  [text_box width=\"80\" width__sm=\"60\" animate=\"fadeInLeft\" position_x=\"10\" position_y=\"50\" text_align=\"left\"]   [\/text_box]  [\/ux_banner]","twitter_misc":{"Tempo di lettura stimato":"3 minuti"},"schema":{"@context":"https:\/\/schema.org","@graph":[{"@type":"WebPage","@id":"https:\/\/www.educazionedigitale.it\/europanoi\/eventi\/","url":"https:\/\/www.educazionedigitale.it\/europanoi\/eventi\/","name":"Videolezioni - Europa=Noi","isPartOf":{"@id":"https:\/\/www.educazionedigitale.it\/europanoi\/#website"},"primaryImageOfPage":{"@id":"https:\/\/www.educazionedigitale.it\/europanoi\/eventi\/#primaryimage"},"image":{"@id":"https:\/\/www.educazionedigitale.it\/europanoi\/eventi\/#primaryimage"},"thumbnailUrl":"https:\/\/www.educazionedigitale.it\/europanoi\/wp-content\/uploads\/2024\/01\/DPE-Verticale-eventi-LOGO-NEW.png","datePublished":"2023-09-26T15:36:42+00:00","dateModified":"2024-09-27T07:45:10+00:00","breadcrumb":{"@id":"https:\/\/www.educazionedigitale.it\/europanoi\/eventi\/#breadcrumb"},"inLanguage":"it-IT","potentialAction":[{"@type":"ReadAction","target":["https:\/\/www.educazionedigitale.it\/europanoi\/eventi\/"]}]},{"@type":"ImageObject","inLanguage":"it-IT","@id":"https:\/\/www.educazionedigitale.it\/europanoi\/eventi\/#primaryimage","url":"","contentUrl":""},{"@type":"BreadcrumbList","@id":"https:\/\/www.educazionedigitale.it\/europanoi\/eventi\/#breadcrumb","itemListElement":[{"@type":"ListItem","position":1,"name":"Home","item":"https:\/\/www.educazionedigitale.it\/europanoi\/"},{"@type":"ListItem","position":2,"name":"Videolezioni"}]},{"@type":"WebSite","@id":"https:\/\/www.educazionedigitale.it\/europanoi\/#website","url":"https:\/\/www.educazionedigitale.it\/europanoi\/","name":"Europa=Noi","description":"La piattaforma didattica sulle tematiche inerenti l&#039;UE e la Cittadinanza europea","potentialAction":[{"@type":"SearchAction","target":{"@type":"EntryPoint","urlTemplate":"https:\/\/www.educazionedigitale.it\/europanoi\/?s={search_term_string}"},"query-input":{"@type":"PropertyValueSpecification","valueRequired":true,"valueName":"search_term_string"}}],"inLanguage":"it-IT"}]}},"_links":{"self":[{"href":"https:\/\/www.educazionedigitale.it\/europanoi\/wp-json\/wp\/v2\/pages\/6028","targetHints":{"allow":["GET"]}}],"collection":[{"href":"https:\/\/www.educazionedigitale.it\/europanoi\/wp-json\/wp\/v2\/pages"}],"about":[{"href":"https:\/\/www.educazionedigitale.it\/europanoi\/wp-json\/wp\/v2\/types\/page"}],"author":[{"embeddable":true,"href":"https:\/\/www.educazionedigitale.it\/europanoi\/wp-json\/wp\/v2\/users\/164"}],"replies":[{"embeddable":true,"href":"https:\/\/www.educazionedigitale.it\/europanoi\/wp-json\/wp\/v2\/comments?post=6028"}],"version-history":[{"count":3,"href":"https:\/\/www.educazionedigitale.it\/europanoi\/wp-json\/wp\/v2\/pages\/6028\/revisions"}],"predecessor-version":[{"id":6271,"href":"https:\/\/www.educazionedigitale.it\/europanoi\/wp-json\/wp\/v2\/pages\/6028\/revisions\/6271"}],"wp:attachment":[{"href":"https:\/\/www.educazionedigitale.it\/europanoi\/wp-json\/wp\/v2\/media?parent=6028"}],"curies":[{"name":"wp","href":"https:\/\/api.w.org\/{rel}","templated":true}]}}