{"id":2,"date":"2015-03-06T10:12:45","date_gmt":"2015-03-06T10:12:45","guid":{"rendered":"http:\/\/www.educazionedigitale.it\/facciamoluce\/?page_id=2"},"modified":"2024-10-22T09:01:15","modified_gmt":"2024-10-22T07:01:15","slug":"homepage","status":"publish","type":"page","link":"https:\/\/www.educazionedigitale.it\/facciamoluce\/","title":{"rendered":"Homepage"},"content":{"rendered":"\n  <div class=\"banner has-hover banner-home\" id=\"banner-1897421646\">\n          <div class=\"banner-inner fill\">\n        <div class=\"banner-bg fill\" >\n            <img loading=\"lazy\" decoding=\"async\" width=\"1920\" height=\"500\" src=\"https:\/\/www.educazionedigitale.it\/facciamoluce\/wp-content\/uploads\/2021\/09\/bannerup6.png\" class=\"bg attachment-original size-original\" alt=\"\" \/>                                    \n                    <\/div>\n\t\t\n        <div class=\"banner-layers container\">\n            <div class=\"fill banner-link\"><\/div>            \n   <div id=\"text-box-1336551762\" class=\"text-box banner-layer x50 md-x50 lg-x0 y25 md-y85 lg-y90 res-text\">\n                     <div data-animate=\"fadeInDown\">           <div class=\"text-box-content text \">\n              \n              <div class=\"text-inner text-right\">\n                  \n\t<div class=\"img has-hover x md-x lg-x y md-y lg-y\" id=\"image_1924067721\">\n\t\t\t\t\t\t\t\t<div class=\"img-inner dark\" >\n\t\t\t<img loading=\"lazy\" decoding=\"async\" width=\"653\" height=\"244\" src=\"https:\/\/www.educazionedigitale.it\/facciamoluce\/wp-content\/uploads\/2021\/07\/LOGO-FACCIAMO-LUCE.png\" class=\"attachment-large size-large\" alt=\"\" \/>\t\t\t\t\t\t\n\t\t\t\t\t<\/div>\n\t\t\t\t\t\t\t\t\n<style>\n#image_1924067721 {\n  width: 100%;\n}\n<\/style>\n\t<\/div>\n\t\n\t<div id=\"gap-1019859498\" class=\"gap-element clearfix\" style=\"display:block; height:auto;\">\n\t\t\n<style>\n#gap-1019859498 {\n  padding-top: 20px;\n}\n<\/style>\n\t<\/div>\n\t\n\t<div id=\"text-1018807170\" class=\"text hide-for-small\">\n\t\t\n<h3 style=\"color:#fff; margin-left: 145px;\">La raccolta differenziata <br \/>e il corretto smaltimento dei RAEE <\/h3>\n\t\t\n<style>\n#text-1018807170 {\n  text-align: left;\n}\n<\/style>\n\t<\/div>\n\t\n\t<div id=\"text-2120560812\" class=\"text show-for-small\">\n\t\t\n<h4 style=\"color:#fff; margin-left: 85px;\">La raccolta differenziata <br \/>e il corretto smaltimento <br \/>dei RAEE <\/h4>\n\t\t\n<style>\n#text-2120560812 {\n  text-align: left;\n}\n<\/style>\n\t<\/div>\n\t\n              <\/div>\n           <\/div>\n       <\/div>                     \n<style>\n#text-box-1336551762 {\n  width: 84%;\n}\n#text-box-1336551762 .text-box-content {\n  font-size: 100%;\n}\n@media (min-width:550px) {\n  #text-box-1336551762 {\n    width: 80%;\n  }\n}\n@media (min-width:850px) {\n  #text-box-1336551762 {\n    width: 42%;\n  }\n}\n<\/style>\n    <\/div>\n \n        <\/div>\n      <\/div>\n\n            \n<style>\n#banner-1897421646 {\n  padding-top: 354px;\n}\n#banner-1897421646 .banner-bg img {\n  object-position: 90% 2%;\n}\n@media (min-width:550px) {\n  #banner-1897421646 {\n    padding-top: 500px;\n  }\n}\n<\/style>\n  <\/div>\n\n\n\t<div id=\"gap-95378777\" class=\"gap-element clearfix\" style=\"display:block; height:auto;\">\n\t\t\n<style>\n#gap-95378777 {\n  padding-top: 10px;\n}\n<\/style>\n\t<\/div>\n\t\n\n\t<section class=\"section\" id=\"section_1012887147\">\n\t\t<div class=\"section-bg fill\" >\n\t\t\t\t\t\t\t\t\t\n\t\t\t\n\n\t\t<\/div>\n\n\t\t\n\n\t\t<div class=\"section-content relative\">\n\t\t\t\n<div class=\"row\"  id=\"row-1092923767\">\n\n\t<div id=\"col-1760081497\" class=\"col medium-7 large-7\"  >\n\t\t\t\t<div class=\"col-inner text-left\"  >\n\t\t\t\n\t\t\t\n\t<div id=\"gap-1457021784\" class=\"gap-element clearfix\" style=\"display:block; height:auto;\">\n\t\t\n<style>\n#gap-1457021784 {\n  padding-top: 52px;\n}\n<\/style>\n\t<\/div>\n\t\n<h1 style=\"font-size:148%; color:#8ec100\">Scopri i contenuti e le skills maturabili con questo FSL<\/h1>\n\t<div class=\"box has-hover   has-hover box-overlay dark box-text-middle\" >\n\n\t\t<div class=\"box-image\" >\n\t\t\t<a href=\"https:\/\/www.educazionedigitale.it\/facciamoluce\/wp-content\/uploads\/2024\/10\/Video-Scheda-Ecolamp.mp4\" target=\"_blank\" rel=\"noopener\" >\t\t\t<div class=\"image-blur image-cover\" style=\"padding-top:56.25%;\">\n\t\t\t\t<img loading=\"lazy\" decoding=\"async\" width=\"1920\" height=\"1080\" src=\"https:\/\/www.educazionedigitale.it\/facciamoluce\/wp-content\/uploads\/2024\/10\/Screenshot-2024-10-22-084256.png\" class=\"attachment- size-\" alt=\"\" srcset=\"https:\/\/www.educazionedigitale.it\/facciamoluce\/wp-content\/uploads\/2024\/10\/Screenshot-2024-10-22-084256.png 1920w, https:\/\/www.educazionedigitale.it\/facciamoluce\/wp-content\/uploads\/2024\/10\/Screenshot-2024-10-22-084256-800x450.png 800w, https:\/\/www.educazionedigitale.it\/facciamoluce\/wp-content\/uploads\/2024\/10\/Screenshot-2024-10-22-084256-1600x900.png 1600w, https:\/\/www.educazionedigitale.it\/facciamoluce\/wp-content\/uploads\/2024\/10\/Screenshot-2024-10-22-084256-768x432.png 768w, https:\/\/www.educazionedigitale.it\/facciamoluce\/wp-content\/uploads\/2024\/10\/Screenshot-2024-10-22-084256-1536x864.png 1536w\" sizes=\"auto, (max-width: 1920px) 100vw, 1920px\" \/>\t\t\t\t<div class=\"overlay\" style=\"background-color:rgba(26, 117, 73, 0.709)\"><\/div>\t\t\t\t\t\t\t<\/div>\n\t\t\t<\/a>\t\t<\/div>\n\n\t\t<div class=\"box-text text-center\" >\n\t\t\t<div class=\"box-text-inner\">\n\t\t\t\t\n\t<div class=\"img has-hover x md-x lg-x y md-y lg-y\" id=\"image_1933952066\">\n\t\t<a class=\"\" href=\"https:\/\/www.educazionedigitale.it\/facciamoluce\/wp-content\/uploads\/2024\/10\/Video-Scheda-Ecolamp.mp4\" target=\"_blank\" rel=\"noopener\" >\t\t\t\t\t\t<div class=\"img-inner dark\" style=\"margin:10px 0px -10px 0px;\">\n\t\t\t<img loading=\"lazy\" decoding=\"async\" width=\"329\" height=\"329\" src=\"https:\/\/www.educazionedigitale.it\/facciamoluce\/wp-content\/uploads\/2024\/10\/Play-Button-copy.png\" class=\"attachment-original size-original\" alt=\"\" \/>\t\t\t\t\t\t\n\t\t\t\t\t<\/div>\n\t\t\t\t\t\t<\/a>\t\t\n<style>\n#image_1933952066 {\n  width: 33%;\n}\n<\/style>\n\t<\/div>\n\t\n<h1 style=\"color:white !important; font-size:170%\">Guarda il video<\/h1>\n\t\t\t<\/div>\n\t\t<\/div>\n\t<\/div>\n\t\n\t<div id=\"gap-98544541\" class=\"gap-element clearfix\" style=\"display:block; height:auto;\">\n\t\t\n<style>\n#gap-98544541 {\n  padding-top: 25px;\n}\n<\/style>\n\t<\/div>\n\t\n<p><img decoding=\"async\" src=\"https:\/\/www.educazionedigitale.it\/new\/wp-content\/uploads\/2020\/09\/progettogratuito.png\" style=\"float:right; margin-top:-0px; margin-right:-15px; margin-bottom:-20px\" width=\"90px\"\/><\/p>\n<h2 style=\"text-align:left\"><span style=\"color:#8ec100; font-size:30px;\">L&#8217;iniziativa formativa<\/span><\/h2>\n<p style=\"text-align: justify; margin-bottom:20px; margin-top:30px\"><strong>Facciamo Luce<\/strong> fa parte delle iniziative di sensibilizzazione, finalizzate alla diffusione di corrette informazioni sulla <strong>raccolta differenziata<\/strong> e sullo <strong>smaltimento dei RAEE<\/strong>, condotte da Ecolamp, il Consorzio per il Recupero di Apparecchiature Elettriche ed Elettroniche che, dal 2004, opera su tutto il territorio nazionale, senza scopi di lucro.<\/p>\n<p style=\"text-align: justify; margin-bottom:30px\">In particolare, questo percorso di FSL mira ad avviare una <strong>riflessione sulla gestione dei RAEE<\/strong>, apparecchiature elettriche ed elettroniche giunte \u201ca fine vita\u201d, nell\u2019ottica di un <strong>riciclo delle materie prime<\/strong> all\u2019interno di un\u2019<strong>economia circolare<\/strong>, sostenibile per l\u2019ambiente. La <strong>limitatezza delle risorse<\/strong> \u00e8, infatti, una delle sfide pi\u00f9 urgenti ed \u00e8 fondamentale veicolare contenuti formativi specialistici sulle tecnologie e sulle innovazioni adottate in questo ambito, al fine di <strong>orientare gli studenti alle nuove professionalit\u00e0 del settore<\/strong>, che saranno sempre pi\u00f9 imprescindibili per la tutela del Pianeta.<\/p>\n<p style=\"text-align: justify; margin-bottom:30px\">Fino al <b style=\"color:#006634; font-size:110%\">30 Giugno 2026<\/b> studenti e studentesse potranno essere iscritti e iscritte dai propri docenti al modulo formativo, che certificher\u00e0 <b style=\"color:#006634; font-size:110%\">20 ore di FSL<\/b> a coloro che avranno svolto l\u2019intera attivit\u00e0. Si avr\u00e0 tempo <b style=\"color:#006634; font-size:110%\">fino al 7 Luglio 2026<\/b> per completare e-learning, project work e caricare l\u2019elaborato finale in piattaforma. <\/p>\n<p style=\"text-align: center; margin-top:20px;\">\n\t<div id=\"gap-247084109\" class=\"gap-element clearfix\" style=\"display:block; height:auto;\">\n\t\t\n<style>\n#gap-247084109 {\n  padding-top: 15px;\n}\n<\/style>\n\t<\/div>\n\t\n<a href=\"https:\/\/www.educazionedigitale.it\/facciamoluce\/il-percorso\/\" class=\"button primary is-custom-green is-medium\" >\n\t\t<span>scopri di pi\u00f9<\/span>\n\t<\/a>\n\n\t<div class=\"img has-hover hidden x md-x lg-x y md-y lg-y\" id=\"image_1805984332\">\n\t\t\t\t\t\t\t\t<div class=\"img-inner dark\" >\n\t\t\t<img loading=\"lazy\" decoding=\"async\" width=\"794\" height=\"255\" src=\"https:\/\/www.educazionedigitale.it\/facciamoluce\/wp-content\/uploads\/2021\/07\/decor5.png\" class=\"attachment-large size-large\" alt=\"\" srcset=\"https:\/\/www.educazionedigitale.it\/facciamoluce\/wp-content\/uploads\/2021\/07\/decor5.png 794w, https:\/\/www.educazionedigitale.it\/facciamoluce\/wp-content\/uploads\/2021\/07\/decor5-768x247.png 768w\" sizes=\"auto, (max-width: 794px) 100vw, 794px\" \/>\t\t\t\t\t\t\n\t\t\t\t\t<\/div>\n\t\t\t\t\t\t\t\t\n<style>\n#image_1805984332 {\n  width: 100%;\n}\n<\/style>\n\t<\/div>\n\t\n\t\t<\/div>\n\t\t\t\t\t<\/div>\n\n\t\n\n\t<div id=\"col-1176510637\" class=\"col medium-5 large-5\"  >\n\t\t\t\t<div class=\"col-inner\"  >\n\t\t\t\n\t\t\t\n\t<div id=\"gap-1541769786\" class=\"gap-element clearfix\" style=\"display:block; height:auto;\">\n\t\t\n<style>\n#gap-1541769786 {\n  padding-top: 95px;\n}\n<\/style>\n\t<\/div>\n\t\n<div style=\"background:#1a7549; border-radius:2px; padding:35px; text-align:center;\"><img decoding=\"async\" src=\"https:\/\/www.educazionedigitale.it\/facciamoluce\/wp-content\/uploads\/2021\/07\/invitaicon.png\" style=\"width:140px; margin-top:-105px; margin-bottom:30px\" \/><\/p>\n<p style=\"text-align:center; color:white; margin-bottom:10px\">\n<h2 style=\"text-align:center\"><span style=\"color: white; font-size:23px\">Invita un\/una collega<br \/>a partecipare all&#8217;iniziativa!<\/span><\/h2>\n\t<div id=\"gap-409307558\" class=\"gap-element clearfix\" style=\"display:block; height:auto;\">\n\t\t\n<style>\n#gap-409307558 {\n  padding-top: 20px;\n}\n<\/style>\n\t<\/div>\n\t\n<div style=\"text-align:center; margin-bottom:33px\"><a href=\"#invita\"><img decoding=\"async\" src=\"https:\/\/www.educazionedigitale.it\/sportelloenergia\/wp-content\/uploads\/2020\/11\/icon-mail-leroy.png\" width=\"60\" class=\"strumento-zoom\"\/><\/a>&nbsp;&nbsp;<a href=\"https:\/\/www.facebook.com\/sharer\/sharer.php?u=https:\/\/www.educazionedigitale.it\/facciamoluce\/registrazione\" target=\"_blank\" rel=\"noopener noreferrer\"><img decoding=\"async\" src=\"https:\/\/www.educazionedigitale.it\/sportelloenergia\/wp-content\/uploads\/2020\/11\/facebookleroy.png\" width=\"60\" class=\"strumento-zoom\"\/><\/a>&nbsp;&nbsp;<a href=\"https:\/\/twitter.com\/intent\/tweet?url=https:\/\/www.educazionedigitale.it\/facciamoluce\/registrazione&#038;text=Registrati su EducazioneDigitale.it\" target=\"_blank\" rel=\"noopener noreferrer\"><img decoding=\"async\" src=\"https:\/\/www.educazionedigitale.it\/sportelloenergia\/wp-content\/uploads\/2020\/11\/twitteroleroy.png\" width=\"60\" class=\"strumento-zoom\"\/><\/a>&nbsp;&nbsp;<a href=\"https:\/\/api.whatsapp.com\/send?text=https:\/\/www.educazionedigitale.it\/facciamoluce\/registrazione\" target=\"_blank\" rel=\"noopener noreferrer\"><img decoding=\"async\" src=\"https:\/\/www.educazionedigitale.it\/sportelloenergia\/wp-content\/uploads\/2020\/11\/whatsappleroy.png\" width=\"60\" class=\"strumento-zoom\"\/><\/a><\/div>\n<\/div>\n\t<div id=\"gap-1044296959\" class=\"gap-element clearfix\" style=\"display:block; height:auto;\">\n\t\t\n<style>\n#gap-1044296959 {\n  padding-top: 45px;\n}\n<\/style>\n\t<\/div>\n\t\n<h2 style=\"color:#8ec100; font-size:30px\">Le fasi del FSL<\/span><\/h2>\n<p style=\" text-align:justify; margin-top:30px\"><a href=\"https:\/\/www.educazionedigitale.it\/facciamoluce\/moduli-formativi\/\"><img decoding=\"async\" class=\"size-full wp-image-585 alignleft strumento-zoom\" src=\"https:\/\/www.educazionedigitale.it\/facciamoluce\/wp-content\/uploads\/2021\/07\/butt1.png\"style=\"width:80px; height:170px\"\/> <strong><span style=\"color: #006634; \">FORMAZIONE IN E-LEARNING<\/span><\/strong><\/a><br \/>Un <strong>percorso multimediale<\/strong> che verte sulle tematiche di sostenibilit\u00e0 ambientale, approfondendo, in particolare, argomenti quali la corretta <strong>raccolta differenziata<\/strong> e lo <strong>smaltimento dei RAEE<\/strong>.<\/p>\n<p style=\"text-align: justify; margin-top:40px\"><a href=\"https:\/\/www.educazionedigitale.it\/facciamoluce\/moduli-formativi\/\"><img decoding=\"async\" class=\"size-full wp-image-592 alignleft strumento-zoom\" src=\"https:\/\/www.educazionedigitale.it\/facciamoluce\/wp-content\/uploads\/2021\/07\/butt2new.png\"style=\"margin-bottom:0px; width:80px; height:315px\"\/> <strong><span style=\"color: #006634;\">PROJECT WORK<\/span><\/strong><\/a><br \/>Una <strong>fase operativa<\/strong> che porter\u00e0 gli studenti e le studentesse precedentemente iscritti, a <strong>riflettere sui temi affrontati<\/strong> nell\u2019e-learning e a ideare una <strong> personale campagna di sensibilizzazione<\/strong>, che incentivi, tra i giovani, l\u2019adozione di comportamenti virtuosi nell\u2019ambito del riciclo. <strong>La validazione degli output prodotti spetter\u00e0 a ogni docente che avr\u00e0 provveduto all\u2019iscrizione delle persone interessate.<\/strong><\/p>\n<div style=\"text-align:center; margin-top:17px\">\n\t<div id=\"gap-1458673796\" class=\"gap-element clearfix\" style=\"display:block; height:auto;\">\n\t\t\n<style>\n#gap-1458673796 {\n  padding-top: 15px;\n}\n<\/style>\n\t<\/div>\n\t\n<a href=\"https:\/\/www.educazionedigitale.it\/facciamoluce\/moduli-formativi\/\" class=\"button primary is-custom-green is-medium\" >\n\t\t<span>Vai alle fasi<\/span>\n\t<\/a>\n\n<\/div>\n\t\t<\/div>\n\t\t\t\t\t<\/div>\n\n\t\n<\/div>\n\t\t<\/div>\n\n\t\t\n<style>\n#section_1012887147 {\n  padding-top: 0;\n  padding-bottom: 0;\n  margin-bottom: -40px;\n}\n<\/style>\n\t<\/section>\n\t\n\t<div id=\"gap-2106482096\" class=\"gap-element clearfix\" style=\"display:block; height:auto;\">\n\t\t\n<style>\n#gap-2106482096 {\n  padding-top: 30px;\n}\n<\/style>\n\t<\/div>\n\t\n\n\t<section class=\"section\" id=\"section_86766108\">\n\t\t<div class=\"section-bg fill\" >\n\t\t\t<img loading=\"lazy\" decoding=\"async\" width=\"1920\" height=\"500\" src=\"https:\/\/www.educazionedigitale.it\/facciamoluce\/wp-content\/uploads\/2021\/07\/bannerdown.png\" class=\"bg attachment- size-\" alt=\"\" \/>\t\t\t\t\t\t\n\t\t\t\n\n\t\t<\/div>\n\n\t\t\n\n\t\t<div class=\"section-content relative\">\n\t\t\t\n<div class=\"row\"  id=\"row-1086550280\">\n\n\t<div id=\"col-1496118568\" class=\"col small-12 large-12\"  data-animate=\"bounceInDown\">\n\t\t\t\t<div class=\"col-inner\"  >\n\t\t\t\n\t\t\t\n<div style=\"background:rgba(0, 0, 0, 0) linear-gradient(45deg, rgb(0, 76, 39), rgb(26, 117, 73)) repeat scroll 0% 0%;; border-radius:2px; padding:15px\">\n<p style=\"text-align:center; color:white; margin-bottom:10px\"><span style=\"text-transform:uppercase; letter-spacing:2px; font-size:120%\"><strong>facciamo luce<\/strong><\/span><br \/>certifica a coloro che completeranno il modulo formativo<br \/><span style=\"font-size:130%\"><u><strong style=\"letter-spacing:2px; color:#8ec100;\">20 ORE<\/strong> di <strong style=\"letter-spacing:2px\">FSL<\/strong><\/u><\/span>, <br \/><strong>previa validazione finale da parte dell&#8217;insegnante.<\/strong><\/p>\n<p style=\"text-align:center; margin-bottom:0px; font-size:90%; color:white\"><em>Per iscrivere le classi \u00e8 necessario che i docenti si registrino, facciano il login e clicchino su GESTIONE CLASSI.<br \/>Potranno partecipare tutti o solo alcuni dei componenti delle classi interessate.<\/em><\/p>\n<p style=\"text-align:center; margin-bottom:0px; font-size:90%; margin-top:5px; color:white; font-weight:bold\">L\u2019iscrizione delle classi deve avvenire dal 2 Ottobre 2025 al 30 Giugno 2026 e le attivit\u00e0 dovranno essere completate entro il 7 Luglio 2026.<\/p>\n<\/div>\n\t\t<\/div>\n\t\t\t\t\t<\/div>\n\n\t\n<\/div>\n\t\t<\/div>\n\n\t\t\n<style>\n#section_86766108 {\n  padding-top: 46px;\n  padding-bottom: 46px;\n  margin-bottom: -16px;\n}\n<\/style>\n\t<\/section>\n\t\n\n\t<section class=\"section\" id=\"section_1795573874\">\n\t\t<div class=\"section-bg fill\" >\n\t\t\t\t\t\t\t\t\t\n\t\t\t\n\n\t\t<\/div>\n\n\t\t\n\n\t\t<div class=\"section-content relative\">\n\t\t\t\n<div style=\"text-align: center; margin: 0 auto; margin-bottom:-40px;\">\n<p style=\"color: #fff;\">Scopri tutti i progetti della piattaforma didattica Educazione Digitale<\/p>\n<p><a href=\"http:\/\/www.educazionedigitale.it\" target=\"_blank\" rel=\"noopener noreferrer\"><img loading=\"lazy\" decoding=\"async\" class=\"alignnone size-full wp-image-1169\" src=\"http:\/\/www.educazionedigitale.it\/didattica-english\/wp-content\/uploads\/2015\/03\/Educazione-digitale.png\" alt=\"Educazione Digitale\" width=\"220\" height=\"67\" \/><\/a><\/div>\n\t\t<\/div>\n\n\t\t\n<style>\n#section_1795573874 {\n  padding-top: 0;\n  padding-bottom: 0;\n  margin-bottom: 0px;\n  background-color: #4e4e4e;\n}\n<\/style>\n\t<\/section>\n\t\n\t<div id=\"non-attivo\"\n\t     class=\"lightbox-by-id lightbox-content mfp-hide lightbox-white \"\n\t     style=\"max-width:300px ;padding:20px\">\n\t\t\n<h3 style=\"text-align: center;\">Link NON ATTIVO<\/h3>\n\t<\/div>\n\t\n\t\n","protected":false},"excerpt":{"rendered":"","protected":false},"author":1,"featured_media":0,"parent":0,"menu_order":0,"comment_status":"closed","ping_status":"closed","template":"page-blank.php","meta":{"_monsterinsights_skip_tracking":false,"_monsterinsights_sitenote_active":false,"_monsterinsights_sitenote_note":"","_monsterinsights_sitenote_category":0,"footnotes":""},"class_list":["post-2","page","type-page","status-publish","hentry"],"_links":{"self":[{"href":"https:\/\/www.educazionedigitale.it\/facciamoluce\/wp-json\/wp\/v2\/pages\/2","targetHints":{"allow":["GET"]}}],"collection":[{"href":"https:\/\/www.educazionedigitale.it\/facciamoluce\/wp-json\/wp\/v2\/pages"}],"about":[{"href":"https:\/\/www.educazionedigitale.it\/facciamoluce\/wp-json\/wp\/v2\/types\/page"}],"author":[{"embeddable":true,"href":"https:\/\/www.educazionedigitale.it\/facciamoluce\/wp-json\/wp\/v2\/users\/1"}],"replies":[{"embeddable":true,"href":"https:\/\/www.educazionedigitale.it\/facciamoluce\/wp-json\/wp\/v2\/comments?post=2"}],"version-history":[{"count":3,"href":"https:\/\/www.educazionedigitale.it\/facciamoluce\/wp-json\/wp\/v2\/pages\/2\/revisions"}],"predecessor-version":[{"id":5402,"href":"https:\/\/www.educazionedigitale.it\/facciamoluce\/wp-json\/wp\/v2\/pages\/2\/revisions\/5402"}],"wp:attachment":[{"href":"https:\/\/www.educazionedigitale.it\/facciamoluce\/wp-json\/wp\/v2\/media?parent=2"}],"curies":[{"name":"wp","href":"https:\/\/api.w.org\/{rel}","templated":true}]}}