{"id":3044,"date":"2018-12-06T14:23:49","date_gmt":"2018-12-06T13:23:49","guid":{"rendered":"http:\/\/www.educazionedigitale.it\/guardianidellacosta\/?page_id=3044"},"modified":"2024-06-14T17:43:40","modified_gmt":"2024-06-14T15:43:40","slug":"area-collaborativa","status":"publish","type":"page","link":"https:\/\/www.educazionedigitale.it\/guardianidellacosta\/area-collaborativa\/","title":{"rendered":"Area collaborativa"},"content":{"rendered":"\n\t<section class=\"section\" id=\"section_403572717\">\n\t\t<div class=\"section-bg fill\" >\n\t\t\t\t\t\t\t\t\t\n\t\t\t\n\n\t\t<\/div>\n\n\t\t\n\n\t\t<div class=\"section-content relative\">\n\t\t\t\n\t<div id=\"gap-1903916336\" class=\"gap-element clearfix\" style=\"display:block; height:auto;\">\n\t\t\n<style>\n#gap-1903916336 {\n  padding-top: 20px;\n}\n<\/style>\n\t<\/div>\n\t\n<div class=\"row\"  id=\"row-1693348370\">\n\n\t<div id=\"col-1429675167\" class=\"col medium-8 large-8\"  >\n\t\t\t\t<div class=\"col-inner\"  >\n\t\t\t\n\t\t\t\n<p style=\"text-align: justify;\">Uno spazio per rendersi <strong>protagonisti attivi<\/strong> del progetto didattico <strong> <br \/> GUARDIANI DELLA COSTA<\/strong>. <\/p> \n <p> L&#8217;area collaborativa riserva ai docenti registrati alla piattaforma molteplici <strong>occasioni  <br \/> di partecipazione e interazione<\/strong> con i colleghi e la redazione di Educazione Digitale. <br \/> \nNello specifico consente di: <br \/> \n<span style=\"color: #003569;\">\u2022 <strong>invitare<\/strong><\/span> altri docenti a partecipare all&#8217;iniziativa; <br \/> \n<span style=\"color: #003569;\">\u2022 <strong>scambiare<\/strong><\/span> informazioni e buone pratiche con gli altri insegnanti; <br \/> \n<span style=\"color: #003569;\">\u2022 <strong>condividere<\/strong><\/span> feedback, impressioni e pareri; <br \/> \n<span style=\"color: #003569;\">\u2022 <strong>pubblicare<\/strong><\/span> autonomamente file, documenti e materiali didattici; <br \/> \n<span style=\"color: #003569;\">\u2022 <strong>ricevere<\/strong><\/span> assistenza sull\u2019utilizzo degli strumenti. <\/p> \n\t\t<\/div>\n\t\t\t\t\n<style>\n#col-1429675167 > .col-inner {\n  margin: 0px 0px -30px 0px;\n}\n<\/style>\n\t<\/div>\n\n\t\n\n\t<div id=\"col-740090028\" class=\"col medium-4 large-4\"  >\n\t\t\t\t<div class=\"col-inner\"  >\n\t\t\t\n\t\t\t\n<div style=\"width: 100%; height: auto; background-color: #aedced; padding: 20px; border-radius: 20px;\">\n<img loading=\"lazy\" decoding=\"async\" src=\"https:\/\/www.educazionedigitale.it\/guardianidellacosta\/wp-content\/uploads\/2022\/07\/mail.png\" alt=\"\" width=\"120\" height=\"120\" class=\"aligncenter size-full wp-image-4094\" \/> <\/p> \n<div style=\"text-align: center; margin-top:20px\"><span style=\"font-size: 18px; line-height: 50%; font-weight: 400; color: #003569;\"><strong>Invita un collega  <br \/> a partecipare all&#8217;iniziativa<\/strong><\/span><\/div>\n<p style=\"text-align: center; margin-bottom:0px; margin-left: 10px; margin-top:20px\">\n<a href=\"#invita\" class=\"button primary is-custom-green custom-green\" >\n\t\t<span>MANDA IL TUO INVITO<\/span>\n\t<\/a>\n\n<\/div>\n\t\t<\/div>\n\t\t\t\t\n<style>\n#col-740090028 > .col-inner {\n  margin: 0px 0px -30px 0px;\n}\n<\/style>\n\t<\/div>\n\n\t\n<\/div>\n\t\t<\/div>\n\n\t\t\n<style>\n#section_403572717 {\n  padding-top: 15px;\n  padding-bottom: 15px;\n  margin-bottom: 0px;\n}\n<\/style>\n\t<\/section>\n\t\n\t<div id=\"gap-629589190\" class=\"gap-element clearfix\" style=\"display:block; height:auto;\">\n\t\t\n<style>\n#gap-629589190 {\n  padding-top: 10px;\n}\n<\/style>\n\t<\/div>\n\t\n\n\t<section class=\"section\" id=\"section_1651332917\">\n\t\t<div class=\"section-bg fill\" >\n\t\t\t\t\t\t\t\t\t\n\t\t\t\n\n\t\t<\/div>\n\n\t\t\n\n\t\t<div class=\"section-content relative\">\n\t\t\t\n<div class=\"row\"  id=\"row-492713993\">\n\n\t<div id=\"col-638762957\" class=\"col medium-6 large-6\"  >\n\t\t\t\t<div class=\"col-inner\"  >\n\t\t\t\n\t\t\t\n<div style=\"width: 100%; min-height: 205px; background: #FED061; border-radius: 20px; padding: 20px 10px 10px 10px; text-align: left;\"><img decoding=\"async\" class=\"size-full wp-image-3638 alignleft\" src=\"https:\/\/www.educazionedigitale.it\/guardianidellacosta\/wp-content\/uploads\/2022\/07\/domande.png\" alt=\"\" width=\"30%\" height=\" \" \/> <\/p> \n<h3><strong><span style=\"color: #003569;\">Hai bisogno  <br \/> di assistenza  <br \/> sull&#8217;uso degli strumenti?<\/span><\/strong><\/h3>\n<a href=\"https:\/\/www.educazionedigitale.it\/guardianidellacosta\/contatti\/\" class=\"button primary is-little custom-green\" >\n\t\t<span>ASSISTENZA TECNICA<\/span>\n\t<\/a>\n\n<\/div>\n\t\t<\/div>\n\t\t\t\t\t<\/div>\n\n\t\n\n\t<div id=\"col-2099781377\" class=\"col medium-6 large-6\"  >\n\t\t\t\t<div class=\"col-inner\"  >\n\t\t\t\n\t\t\t\n<div style=\"width: 100%; min-height: 205px; background: #FED061; border-radius: 20px; padding: 20px 10px 10px 10px; text-align: left;\">\n<img decoding=\"async\" class=\"size-full wp-image-3638 alignleft\" src=\"https:\/\/www.educazionedigitale.it\/guardianidellacosta\/wp-content\/uploads\/2022\/07\/invio.png\" alt=\"\" width=\"30%\" height=\" \" \/> <\/p> \n<h3><strong><span style=\"color: #003569;\">Vuoi scambiare informazioni, <br \/>  buone pratiche e materiali  <br \/> didattici con i tuoi colleghi?<\/span><\/strong><\/h3>\n<a href=\"https:\/\/www.educazionedigitale.it\/guardianidellacosta\/smartroom-forum\/\" class=\"button primary is-little custom-green\" >\n\t\t<span>vai al forum<\/span>\n\t<\/a>\n\n<\/div>\n\t\t<\/div>\n\t\t\t\t\t<\/div>\n\n\t\n<\/div>\n\t\t<\/div>\n\n\t\t\n<style>\n#section_1651332917 {\n  padding-top: 30px;\n  padding-bottom: 30px;\n  margin-bottom: 0px;\n}\n<\/style>\n\t<\/section>\n\t\n\t<div id=\"punti\"\n\t     class=\"lightbox-by-id lightbox-content mfp-hide lightbox-white \"\n\t     style=\"max-width:800px ;padding:40px\">\n\t\t\n<div style=\"text-align:justify;\">\n<span style=\"color: 003569; font-size: 24px; line-height: 1.4;\">Come gli insegnanti possono <strong>acquisire punti<\/strong> <br \/> \nnell\u2019ambito del progetto <strong>Guardiani della Costa<\/strong>?<\/span> <br \/> \n<span style=\"font-size: 15px; line-height: 1.4;\"> <br \/> \n1)\t<strong>SCARICANDO GLI STRUMENTI<\/strong>: si attribuiranno <strong>10 punti<\/strong> per ciascuno strumento scaricato. I punti saranno assegnati una e una sola volta per strumento, indipendentemente dal fatto che una persona possa fare il download dello stesso prodotto 5 o 10 volte.<\/span> <br \/> \n<span style=\"font-size: 15px; line-height: 1.4;\"> <br \/> \n2)\t<strong>LASCIANDO UN COMMENTO AD UNO STRUMENTO<\/strong>: si attribuiranno <strong>20 punti<\/strong> a coloro che commenteranno gli strumenti utilizzati. Anche in questo caso varr\u00e0 l\u2019assegnazione di un commento per prodotto.<\/span> <br \/> \n<span style=\"font-size: 15px; line-height: 1.4;\"> <br \/> \n3)\t<strong>DANDO UN VOTO AD UNO STRUMENTO<\/strong>: si attribuiranno <strong>5 punti<\/strong> per ogni voto assegnato.<\/span> <br \/> \n<span style=\"font-size: 15px; line-height: 1.4;\"> <br \/> \n4)\t<strong>INVITANDO UN COLLEGA<\/strong>: si riceveranno <strong>50 punti<\/strong> per ogni collega invitato, ma <strong>soltanto nel caso che quest\u2019ultimo si registri a Guardiani della Costa<\/strong>.<\/span> <br \/> \n<span style=\"font-size: 15px; line-height: 1.4;\"> <br \/> \n5)\t<strong>RICHIEDENDO ASSISTENZA<\/strong>: si attribuiranno <strong>10 punti<\/strong> per ogni richiesta di assistenza inviata.<\/span>\n<\/div>\n\t<\/div>\n\t\n\t\n\t<div id=\"presto-online\"\n\t     class=\"lightbox-by-id lightbox-content mfp-hide lightbox-white \"\n\t     style=\"max-width:600px ;padding:20px\">\n\t\t\n<h2 style=\"text-align: center;\">La sezione sar\u00e0 presto disponibile.<\/h2>\n\t<\/div>\n\t\n\t\n\t<div id=\"aiuto-1\"\n\t     class=\"lightbox-by-id lightbox-content mfp-hide lightbox-white \"\n\t     style=\"max-width:600px ;padding:20px\">\n\t\t\n<p style=\"text-align:center;border:1px solid #f00;padding:20px;\">\n    <span style=\"font-weight:bold;\">FUNZIONE IN AGGIORNAMENTO<\/span>. <br \/> \n    <span style=\"font-size:100%;color:#F60;font-weight:bold;\">SARA' RIPRISTINATA AL PIU' PRESTO<\/span>. <br \/> \n    Stiamo lavorando per rendere Educazione Digitale <br \/> \n    ancora pi&ugrave; funzionale all'attivit&agrave; di docenti e studenti.\n <\/p> \n\t<\/div>\n\t\n\t\n <p> <!--\n <\/p> \n\n\n\n\n <\/p> \n\n\n[section bg=\"#fff9e2\"]\n\n[row]\n\n[col]\n\n\n\n<h4 class=\"big-title\"><strong>Pi\u00f9 interazione = pi\u00f9 visibilit\u00e0<\/strong><\/h4>\n\n\n\n\n<p style=\"text-align: center;\">Gli <strong>insegnanti pi\u00f9 attivi<\/strong> nell\u2019<strong>uso dell'area collaborativa<\/strong> (condivisione opinioni, commenti, invito all'iscrizione al percorso didattico, pubblicazione documenti) e nell\u2019<strong>utilizzo delle risorse educative<\/strong> proposte nella piattaforma, otterranno <strong>visibilit\u00e0 tra i colleghi e nelle scuole<\/strong> ed entreranno a far parte delle eccellenze di Costa Crociere Foundation. <\/p> \n\n\n\n[\/col]\n[col span__sm=\"12\" padding=\"36px 0px 29px 0px\" margin=\"-23px 0px 0px 0px\" align=\"center\" bg_color=\"#a1cceb\" bg_radius=\"33\"]\n\n[button text=\"SCOPRI I DOCENTI PI\u00f9 ATTIVI a.s. 2021-2022\" size=\"little\" link=\"#docenti\" class=\"custom-green\"]\n\n\n[\/col]\n\n[\/row]\n\n[\/section]\n\n\n <p> --> <\/p> \n","protected":false},"excerpt":{"rendered":"\n  <div class=\"banner has-hover banner-home\" id=\"banner-1145844043\">\n          <div class=\"banner-inner fill\">\n        <div class=\"banner-bg fill\" >\n            <img width=\"1020\" height=\"255\" src=\"https:\/\/www.educazionedigitale.it\/guardianidellacosta\/wp-content\/uploads\/2020\/02\/banner-costa-500-1600x400.jpg\" class=\"bg attachment-large size-large\" alt=\"\" decoding=\"async\" loading=\"lazy\" \/>                                    \n                    <\/div>\n\t\t\n        <div class=\"banner-layers container\">\n            <div class=\"fill banner-link\"><\/div>               <div id=\"text-box-488499191\" class=\"text-box banner-layer x10 md-x10 lg-x10 y50 md-y50 lg-y50 res-text\">\n                     <div data-animate=\"fadeInLeft\">           <div class=\"text-box-content text dark\">\n              \n              <div class=\"text-inner text-left\">\n                  \n              <\/div>\n           <\/div>\n       <\/div>                     \n<style>\n#text-box-488499191 {\n  width: 60%;\n}\n#text-box-488499191 .text-box-content {\n  font-size: 100%;\n}\n@media (min-width:550px) {\n  #text-box-488499191 {\n    width: 80%;\n  }\n}\n<\/style>\n    <\/div>\n         <\/div>\n      <\/div>\n\n            \n<style>\n#banner-1145844043 {\n  padding-top: 250px;\n}\n<\/style>\n  <\/div>\n\n\n","protected":false},"author":1,"featured_media":0,"parent":0,"menu_order":0,"comment_status":"closed","ping_status":"closed","template":"page-blank.php","meta":{"_monsterinsights_skip_tracking":false,"_monsterinsights_sitenote_active":false,"_monsterinsights_sitenote_note":"","_monsterinsights_sitenote_category":0,"footnotes":""},"class_list":["post-3044","page","type-page","status-publish","hentry"],"_links":{"self":[{"href":"https:\/\/www.educazionedigitale.it\/guardianidellacosta\/wp-json\/wp\/v2\/pages\/3044","targetHints":{"allow":["GET"]}}],"collection":[{"href":"https:\/\/www.educazionedigitale.it\/guardianidellacosta\/wp-json\/wp\/v2\/pages"}],"about":[{"href":"https:\/\/www.educazionedigitale.it\/guardianidellacosta\/wp-json\/wp\/v2\/types\/page"}],"author":[{"embeddable":true,"href":"https:\/\/www.educazionedigitale.it\/guardianidellacosta\/wp-json\/wp\/v2\/users\/1"}],"replies":[{"embeddable":true,"href":"https:\/\/www.educazionedigitale.it\/guardianidellacosta\/wp-json\/wp\/v2\/comments?post=3044"}],"version-history":[{"count":3,"href":"https:\/\/www.educazionedigitale.it\/guardianidellacosta\/wp-json\/wp\/v2\/pages\/3044\/revisions"}],"predecessor-version":[{"id":6438,"href":"https:\/\/www.educazionedigitale.it\/guardianidellacosta\/wp-json\/wp\/v2\/pages\/3044\/revisions\/6438"}],"wp:attachment":[{"href":"https:\/\/www.educazionedigitale.it\/guardianidellacosta\/wp-json\/wp\/v2\/media?parent=3044"}],"curies":[{"name":"wp","href":"https:\/\/api.w.org\/{rel}","templated":true}]}}