{"id":531,"date":"2015-03-13T15:30:41","date_gmt":"2015-03-13T14:30:41","guid":{"rendered":"http:\/\/www.educazionedigitale.it\/gustoesalute\/?page_id=531"},"modified":"2021-06-24T17:21:48","modified_gmt":"2021-06-24T15:21:48","slug":"contenuti","status":"publish","type":"page","link":"https:\/\/www.educazionedigitale.it\/gustoesalute\/contenuti\/","title":{"rendered":"Contenuto"},"content":{"rendered":"\n\t<section class=\"section\" id=\"section_958877657\">\n\t\t<div class=\"section-bg fill\" >\n\t\t\t\t\t\t\t\t\t\n\t\t\t\n\n\t\t<\/div>\n\n\t\t\n\n\t\t<div class=\"section-content relative\">\n\t\t\t\n<div class=\"row\"  id=\"row-1350449129\">\n\n\t<div id=\"col-655795537\" class=\"col medium-1\/1 large-12\"  >\n\t\t\t\t<div class=\"col-inner\"  >\n\t\t\t\n\t\t\t\n<img decoding=\"async\" src=\"https:\/\/www.educazionedigitale.it\/gustoesalute\/wp-content\/uploads\/2021\/03\/strawberries-1.png\" style=\"float:left; margin-right:10px; width:130px; margin-top:-15px; margin-left:-15px;\" \/> <\/p> \n<p style=\"text-align: justify;\"><strong style=\"color:#973743\">Gusto&#038;Salute<\/strong> nasce dalla volont\u00e0 di S\u00ecBON, linea di CoopSole, di avvicinare i pi\u00f9 giovani al corretto consumo di frutta, verdura e ortaggi, promuovendo i criteri di variet\u00e0, stagionalit\u00e0 e freschezza che garantiscono ai prodotti un ciclo produttivo naturale e rispettoso dei tempi stagionali e, a chi li consuma, un gusto sorprendente e l\u2019apporto di tutte le propriet\u00e0 nutritive che caratterizzano l\u2019alimento. <\/p> \n\t\t<\/div>\n\t\t\t\t\t<\/div>\n\n\t\n<\/div>\n<div style=\"margin-top:-25px; margin-bottom:-25px\"><div class=\"row\"  id=\"row-434169781\">\n\n\t<div id=\"col-453095954\" class=\"col medium-2\/3 large-8\"  >\n\t\t\t\t<div class=\"col-inner\"  >\n\t\t\t\n\t\t\t\n<p style=\"text-align: justify;\">S\u00ecBON, marchio conosciuto per la bont\u00e0 e la naturalezza delle sue fragole, vuole trasferire ai destinatari dell\u2019iniziativa il sapere condiviso dai suoi produttori e dagli specialisti di Coop Sole che, nella cura e nella crescita dell\u2019ortofrutta mediterranea uniscono dedizione, amore per la natura e tecniche agronomiche ecocompatibili. Nell\u2019ottica di una produzione attenta all\u2019ambiente alla salute delle persone, grazie all\u2019adozione di metodi di coltivazione a lotta integrata a residuo zero e metodi di produzione biologica, S\u00ecBON vuole guidare docenti e studenti in un percorso educativo che unisce sapere specialistico e stimoli di edutainment in grado di insegnare e, al tempo stesso, far divertire. <\/p> \n\t\t<\/div>\n\t\t\t\t\t<\/div>\n\n\t\n\n\t<div id=\"col-508496584\" class=\"col medium-1\/3 large-4\"  >\n\t\t\t\t<div class=\"col-inner\"  >\n\t\t\t\n\t\t\t<img decoding=\"async\" src=\"https:\/\/www.educazionedigitale.it\/gustoesalute\/wp-content\/uploads\/2021\/03\/img1.jpg\" style=\"width:100%; margin-top:10px;\" \/>\t\t<\/div>\n\t\t\t\t\t<\/div>\n\n\t\n<\/div><\/div>\n<div class=\"row\"  id=\"row-1434119504\">\n\n\t<div id=\"col-172068228\" class=\"col medium-1\/1 large-12\"  >\n\t\t\t\t<div class=\"col-inner\"  >\n\t\t\t\n\t\t\t\n<p style=\"text-align: justify;\">Questo per fare in modo che i contenuti siano trasferiti in modo efficace e coinvolgente, diventando il motore di un processo di analisi critica, che trovi effettiva applicazione in future scelte consapevoli e responsabili a favore di un\u2019alimentazione pi\u00f9 sana, equilibrata e naturale. <br \/> \nIn tale ottica, <strong style=\"color:#973743\">Gusto&#038;Salute<\/strong>, parla agli alunni di: <\/p> \n <p> <img decoding=\"async\" src=\"https:\/\/www.educazionedigitale.it\/gustoesalute\/wp-content\/uploads\/2021\/03\/strawberries6.png\" style=\"float:right; width:300px; margin-top:-20px;\"  class=\"vanish\"\/><span style=\"color:#f37749\">\u2022<\/span>  &nbsp; alimentazione ed equilibrio; <br \/> \n<span style=\"color:#e4515b\">\u2022<\/span>  &nbsp; gruppi alimentari essenziali di una dieta sana; <br \/> \n<span style=\"color:#e4515b\">\u2022<\/span>  &nbsp; principi di Nutraceutica; <br \/> \n<span style=\"color:#e4515b\">\u2022<\/span>  &nbsp; percezione corporea, disturbi e altre patologie; <br \/> \n<span style=\"color:#e4515b\">\u2022<\/span>  &nbsp; benefici di frutta e verdura sull\u2019organismo; <br \/> \n<span style=\"color:#e4515b\">\u2022<\/span>  &nbsp; centralit\u00e0 dell\u2019ortofrutta nella Dieta Mediterranea.\n <\/p> \n\t\t<\/div>\n\t\t\t\t\t<\/div>\n\n\t\n<\/div>\n\t\t<\/div>\n\n\t\t\n<style>\n#section_958877657 {\n  padding-top: 30px;\n  padding-bottom: 30px;\n  margin-bottom: 0px;\n}\n<\/style>\n\t<\/section>\n\t\n","protected":false},"excerpt":{"rendered":"\n  <div class=\"banner has-hover banner-home\" id=\"banner-1693646877\">\n          <div class=\"banner-inner fill\">\n        <div class=\"banner-bg fill\" >\n            <img width=\"1020\" height=\"133\" src=\"https:\/\/www.educazionedigitale.it\/gustoesalute\/wp-content\/uploads\/2021\/03\/BANNERINTERNO-1600x208.png\" class=\"bg attachment-large size-large\" alt=\"\" decoding=\"async\" loading=\"lazy\" \/>                                    \n                    <\/div>\n\t\t\n        <div class=\"banner-layers container\">\n            <div class=\"fill banner-link\"><\/div>               <div id=\"text-box-605350340\" class=\"text-box banner-layer x10 md-x10 lg-x10 y50 md-y50 lg-y50 res-text\">\n                     <div data-animate=\"fadeInLeft\">           <div class=\"text-box-content text dark\">\n              \n              <div class=\"text-inner text-left\">\n                  \n              <\/div>\n           <\/div>\n       <\/div>                     \n<style>\n#text-box-605350340 {\n  width: 60%;\n}\n#text-box-605350340 .text-box-content {\n  font-size: 100%;\n}\n@media (min-width:550px) {\n  #text-box-605350340 {\n    width: 80%;\n  }\n}\n<\/style>\n    <\/div>\n         <\/div>\n      <\/div>\n\n            \n<style>\n#banner-1693646877 {\n  padding-top: 250px;\n}\n<\/style>\n  <\/div>\n\n\n","protected":false},"author":1,"featured_media":0,"parent":0,"menu_order":0,"comment_status":"closed","ping_status":"closed","template":"","meta":{"_monsterinsights_skip_tracking":false,"_monsterinsights_sitenote_active":false,"_monsterinsights_sitenote_note":"","_monsterinsights_sitenote_category":0,"footnotes":""},"class_list":["post-531","page","type-page","status-publish","hentry"],"yoast_head":"<!-- This site is optimized with the Yoast SEO plugin v27.4 - https:\/\/yoast.com\/product\/yoast-seo-wordpress\/ -->\n<title>Contenuto - Gusto e Salute<\/title>\n<meta name=\"robots\" content=\"index, follow, max-snippet:-1, max-image-preview:large, max-video-preview:-1\" \/>\n<link rel=\"canonical\" href=\"https:\/\/www.educazionedigitale.it\/gustoesalute\/contenuti\/\" \/>\n<meta property=\"og:locale\" content=\"it_IT\" \/>\n<meta property=\"og:type\" content=\"article\" \/>\n<meta property=\"og:title\" content=\"Contenuto - Gusto e Salute\" \/>\n<meta property=\"og:url\" content=\"https:\/\/www.educazionedigitale.it\/gustoesalute\/contenuti\/\" \/>\n<meta property=\"og:site_name\" content=\"Gusto e Salute\" \/>\n<meta property=\"article:modified_time\" content=\"2021-06-24T15:21:48+00:00\" \/>\n<meta property=\"og:image\" content=\"https:\/\/www.educazionedigitale.it\/gustoesalute\/wp-content\/uploads\/2021\/03\/strawberries-1.png\" \/>\n<meta name=\"twitter:card\" content=\"summary_large_image\" \/>\n<meta name=\"twitter:description\" content=\"[ux_banner bg=&quot;https:\/\/www.educazionedigitale.it\/gustoesalute\/wp-content\/uploads\/2021\/03\/BANNERINTERNO.png&quot; height=&quot;250px&quot; text_color=&quot;light&quot; text_align=&quot;left&quot; text_pos=&quot;left center&quot; text_width=&quot;80%&quot; text_bg=&quot;&quot; animate=&quot;fadeInLeft&quot; class=&quot;banner-home&quot;] [\/ux_banner]\" \/>\n<meta name=\"twitter:label1\" content=\"Tempo di lettura stimato\" \/>\n\t<meta name=\"twitter:data1\" content=\"1 minuto\" \/>\n<script type=\"application\/ld+json\" class=\"yoast-schema-graph\">{\"@context\":\"https:\\\/\\\/schema.org\",\"@graph\":[{\"@type\":\"WebPage\",\"@id\":\"https:\\\/\\\/www.educazionedigitale.it\\\/gustoesalute\\\/contenuti\\\/\",\"url\":\"https:\\\/\\\/www.educazionedigitale.it\\\/gustoesalute\\\/contenuti\\\/\",\"name\":\"Contenuto - Gusto e Salute\",\"isPartOf\":{\"@id\":\"https:\\\/\\\/www.educazionedigitale.it\\\/gustoesalute\\\/#website\"},\"primaryImageOfPage\":{\"@id\":\"https:\\\/\\\/www.educazionedigitale.it\\\/gustoesalute\\\/contenuti\\\/#primaryimage\"},\"image\":{\"@id\":\"https:\\\/\\\/www.educazionedigitale.it\\\/gustoesalute\\\/contenuti\\\/#primaryimage\"},\"thumbnailUrl\":\"https:\\\/\\\/www.educazionedigitale.it\\\/gustoesalute\\\/wp-content\\\/uploads\\\/2021\\\/03\\\/strawberries-1.png\",\"datePublished\":\"2015-03-13T14:30:41+00:00\",\"dateModified\":\"2021-06-24T15:21:48+00:00\",\"inLanguage\":\"it-IT\",\"potentialAction\":[{\"@type\":\"ReadAction\",\"target\":[\"https:\\\/\\\/www.educazionedigitale.it\\\/gustoesalute\\\/contenuti\\\/\"]}]},{\"@type\":\"ImageObject\",\"inLanguage\":\"it-IT\",\"@id\":\"https:\\\/\\\/www.educazionedigitale.it\\\/gustoesalute\\\/contenuti\\\/#primaryimage\",\"url\":\"https:\\\/\\\/www.educazionedigitale.it\\\/gustoesalute\\\/wp-content\\\/uploads\\\/2021\\\/03\\\/strawberries-1.png\",\"contentUrl\":\"https:\\\/\\\/www.educazionedigitale.it\\\/gustoesalute\\\/wp-content\\\/uploads\\\/2021\\\/03\\\/strawberries-1.png\",\"width\":2938,\"height\":3002},{\"@type\":\"WebSite\",\"@id\":\"https:\\\/\\\/www.educazionedigitale.it\\\/gustoesalute\\\/#website\",\"url\":\"https:\\\/\\\/www.educazionedigitale.it\\\/gustoesalute\\\/\",\"name\":\"Gusto e Salute\",\"description\":\"...\",\"potentialAction\":[{\"@type\":\"SearchAction\",\"target\":{\"@type\":\"EntryPoint\",\"urlTemplate\":\"https:\\\/\\\/www.educazionedigitale.it\\\/gustoesalute\\\/?s={search_term_string}\"},\"query-input\":{\"@type\":\"PropertyValueSpecification\",\"valueRequired\":true,\"valueName\":\"search_term_string\"}}],\"inLanguage\":\"it-IT\"}]}<\/script>\n<!-- \/ Yoast SEO plugin. -->","yoast_head_json":{"title":"Contenuto - Gusto e Salute","robots":{"index":"index","follow":"follow","max-snippet":"max-snippet:-1","max-image-preview":"max-image-preview:large","max-video-preview":"max-video-preview:-1"},"canonical":"https:\/\/www.educazionedigitale.it\/gustoesalute\/contenuti\/","og_locale":"it_IT","og_type":"article","og_title":"Contenuto - Gusto e Salute","og_url":"https:\/\/www.educazionedigitale.it\/gustoesalute\/contenuti\/","og_site_name":"Gusto e Salute","article_modified_time":"2021-06-24T15:21:48+00:00","og_image":[{"url":"https:\/\/www.educazionedigitale.it\/gustoesalute\/wp-content\/uploads\/2021\/03\/strawberries-1.png","type":"","width":"","height":""}],"twitter_card":"summary_large_image","twitter_description":"[ux_banner bg=\"https:\/\/www.educazionedigitale.it\/gustoesalute\/wp-content\/uploads\/2021\/03\/BANNERINTERNO.png\" height=\"250px\" text_color=\"light\" text_align=\"left\" text_pos=\"left center\" text_width=\"80%\" text_bg=\"\" animate=\"fadeInLeft\" class=\"banner-home\"] [\/ux_banner]","twitter_misc":{"Tempo di lettura stimato":"1 minuto"},"schema":{"@context":"https:\/\/schema.org","@graph":[{"@type":"WebPage","@id":"https:\/\/www.educazionedigitale.it\/gustoesalute\/contenuti\/","url":"https:\/\/www.educazionedigitale.it\/gustoesalute\/contenuti\/","name":"Contenuto - Gusto e Salute","isPartOf":{"@id":"https:\/\/www.educazionedigitale.it\/gustoesalute\/#website"},"primaryImageOfPage":{"@id":"https:\/\/www.educazionedigitale.it\/gustoesalute\/contenuti\/#primaryimage"},"image":{"@id":"https:\/\/www.educazionedigitale.it\/gustoesalute\/contenuti\/#primaryimage"},"thumbnailUrl":"https:\/\/www.educazionedigitale.it\/gustoesalute\/wp-content\/uploads\/2021\/03\/strawberries-1.png","datePublished":"2015-03-13T14:30:41+00:00","dateModified":"2021-06-24T15:21:48+00:00","inLanguage":"it-IT","potentialAction":[{"@type":"ReadAction","target":["https:\/\/www.educazionedigitale.it\/gustoesalute\/contenuti\/"]}]},{"@type":"ImageObject","inLanguage":"it-IT","@id":"https:\/\/www.educazionedigitale.it\/gustoesalute\/contenuti\/#primaryimage","url":"https:\/\/www.educazionedigitale.it\/gustoesalute\/wp-content\/uploads\/2021\/03\/strawberries-1.png","contentUrl":"https:\/\/www.educazionedigitale.it\/gustoesalute\/wp-content\/uploads\/2021\/03\/strawberries-1.png","width":2938,"height":3002},{"@type":"WebSite","@id":"https:\/\/www.educazionedigitale.it\/gustoesalute\/#website","url":"https:\/\/www.educazionedigitale.it\/gustoesalute\/","name":"Gusto e Salute","description":"...","potentialAction":[{"@type":"SearchAction","target":{"@type":"EntryPoint","urlTemplate":"https:\/\/www.educazionedigitale.it\/gustoesalute\/?s={search_term_string}"},"query-input":{"@type":"PropertyValueSpecification","valueRequired":true,"valueName":"search_term_string"}}],"inLanguage":"it-IT"}]}},"_links":{"self":[{"href":"https:\/\/www.educazionedigitale.it\/gustoesalute\/wp-json\/wp\/v2\/pages\/531","targetHints":{"allow":["GET"]}}],"collection":[{"href":"https:\/\/www.educazionedigitale.it\/gustoesalute\/wp-json\/wp\/v2\/pages"}],"about":[{"href":"https:\/\/www.educazionedigitale.it\/gustoesalute\/wp-json\/wp\/v2\/types\/page"}],"author":[{"embeddable":true,"href":"https:\/\/www.educazionedigitale.it\/gustoesalute\/wp-json\/wp\/v2\/users\/1"}],"replies":[{"embeddable":true,"href":"https:\/\/www.educazionedigitale.it\/gustoesalute\/wp-json\/wp\/v2\/comments?post=531"}],"version-history":[{"count":3,"href":"https:\/\/www.educazionedigitale.it\/gustoesalute\/wp-json\/wp\/v2\/pages\/531\/revisions"}],"predecessor-version":[{"id":6071,"href":"https:\/\/www.educazionedigitale.it\/gustoesalute\/wp-json\/wp\/v2\/pages\/531\/revisions\/6071"}],"wp:attachment":[{"href":"https:\/\/www.educazionedigitale.it\/gustoesalute\/wp-json\/wp\/v2\/media?parent=531"}],"curies":[{"name":"wp","href":"https:\/\/api.w.org\/{rel}","templated":true}]}}