{"id":3986,"date":"2022-11-09T14:58:22","date_gmt":"2022-11-09T13:58:22","guid":{"rendered":"https:\/\/www.educazionedigitale.it\/harpercollins\/?page_id=3986"},"modified":"2022-11-18T12:49:02","modified_gmt":"2022-11-18T11:49:02","slug":"hp-con-modulo","status":"publish","type":"page","link":"https:\/\/www.educazionedigitale.it\/harpercollins\/","title":{"rendered":"Homepage"},"content":{"rendered":"\t<div id=\"gap-1566340529\" class=\"gap-element clearfix\" style=\"display:block; height:auto;\">\n\t\t\n<style>\n#gap-1566340529 {\n  padding-top: 57px;\n}\n@media (min-width:550px) {\n  #gap-1566340529 {\n    padding-top: 94px;\n  }\n}\n@media (min-width:850px) {\n  #gap-1566340529 {\n    padding-top: 124px;\n  }\n}\n<\/style>\n\t<\/div>\n\t\n\n  <div class=\"banner has-hover banner-home\" id=\"banner-818744031\">\n          <div class=\"banner-inner fill\">\n        <div class=\"banner-bg fill\" >\n            <img loading=\"lazy\" decoding=\"async\" width=\"6940\" height=\"2133\" src=\"https:\/\/www.educazionedigitale.it\/harpercollins\/wp-content\/uploads\/2022\/11\/banner-home.png\" class=\"bg attachment-original size-original\" alt=\"\" \/>                                    \n                    <\/div>\n\t\t\n        <div class=\"banner-layers container\">\n            <div class=\"fill banner-link\"><\/div>            \n   <div id=\"text-box-46884514\" class=\"text-box banner-layer x50 md-x5 lg-x0 y50 md-y50 lg-y50 res-text\">\n                     <div data-animate=\"fadeInLeft\">           <div class=\"text-box-content text \">\n              \n              <div class=\"text-inner text-left\">\n                  \n\t<div class=\"img has-hover x md-x lg-x y md-y lg-y\" id=\"image_1041625799\">\n\t\t<a class=\"image-lightbox lightbox-gallery\" title=\"\" href=\"https:\/\/www.educazionedigitale.it\/harpercollins\/wp-content\/uploads\/2022\/11\/tit1.png\">\t\t\t\t\t\t<div class=\"img-inner dark\" >\n\t\t\t<img loading=\"lazy\" decoding=\"async\" width=\"4211\" height=\"1390\" src=\"https:\/\/www.educazionedigitale.it\/harpercollins\/wp-content\/uploads\/2022\/11\/tit1.png\" class=\"attachment-original size-original\" alt=\"\" srcset=\"https:\/\/www.educazionedigitale.it\/harpercollins\/wp-content\/uploads\/2022\/11\/tit1.png 4211w, https:\/\/www.educazionedigitale.it\/harpercollins\/wp-content\/uploads\/2022\/11\/tit1-300x99.png 300w, https:\/\/www.educazionedigitale.it\/harpercollins\/wp-content\/uploads\/2022\/11\/tit1-1024x338.png 1024w, https:\/\/www.educazionedigitale.it\/harpercollins\/wp-content\/uploads\/2022\/11\/tit1-768x254.png 768w, https:\/\/www.educazionedigitale.it\/harpercollins\/wp-content\/uploads\/2022\/11\/tit1-1536x507.png 1536w, https:\/\/www.educazionedigitale.it\/harpercollins\/wp-content\/uploads\/2022\/11\/tit1-2048x676.png 2048w\" sizes=\"auto, (max-width: 4211px) 100vw, 4211px\" \/>\t\t\t\t\t\t\n\t\t\t\t\t<\/div>\n\t\t\t\t\t\t<\/a>\t\t\n<style>\n#image_1041625799 {\n  width: 100%;\n}\n@media (min-width:550px) {\n  #image_1041625799 {\n    width: 86%;\n  }\n}\n<\/style>\n\t<\/div>\n\t\n              <\/div>\n           <\/div>\n       <\/div>                     \n<style>\n#text-box-46884514 {\n  width: 84%;\n}\n#text-box-46884514 .text-box-content {\n  font-size: 88%;\n}\n@media (min-width:550px) {\n  #text-box-46884514 {\n    width: 59%;\n  }\n}\n<\/style>\n    <\/div>\n \n        <\/div>\n      <\/div>\n\n            \n<style>\n#banner-818744031 {\n  padding-top: 244px;\n}\n#banner-818744031 .banner-bg img {\n  object-position: 0% 52%;\n}\n@media (min-width:550px) {\n  #banner-818744031 {\n    padding-top: 340px;\n  }\n}\n@media (min-width:850px) {\n  #banner-818744031 {\n    padding-top: 430px;\n  }\n}\n<\/style>\n  <\/div>\n\n\n\t<div id=\"gap-597741211\" class=\"gap-element clearfix\" style=\"display:block; height:auto;\">\n\t\t\n<style>\n#gap-597741211 {\n  padding-top: 30px;\n}\n<\/style>\n\t<\/div>\n\t\n<div class=\"row\"  id=\"row-1264333776\">\n\n\t<div id=\"col-94453484\" class=\"col medium-7 large-7\"  >\n\t\t\t\t<div class=\"col-inner\"  >\n\t\t\t\n\t\t\t\n<h4 class=\"big-title\" style=\"margin-bottom: 10px; font-size: 27px;\">EDUCAZIONE ALL\u2019AFFETTIVIT\u00c0:<br \/>\nIL POTERE DELLA SPERANZA E DELL\u2019AMORE CHE SCONFIGGONO IL DOLORE<\/h4>\n<div style=\"width: 100%; height: 2px; background-color: #eeb313; margin-top: 15px;\"><\/div>\n\t<div id=\"gap-1351038011\" class=\"gap-element clearfix\" style=\"display:block; height:auto;\">\n\t\t\n<style>\n#gap-1351038011 {\n  padding-top: 30px;\n}\n<\/style>\n\t<\/div>\n\t\n<p style=\"text-align: justify; margin-bottom: 10px;\"><strong><em>Sono difficili le cose belle<\/em><\/strong> \u00e8 la proposta letteraria che HarperCollins Italia, dedica alle scuole secondarie di I e II grado (con particolare riferimento al biennio) per affrontare, anche in classe, temi delicati come il <strong>valore della vita,<\/strong> il <strong>distacco<\/strong> e la <strong>rielaborazione del lutto.<\/strong><\/p>\n<p style=\"text-align: justify; margin-bottom: 10px;\">La <strong>letteratura,<\/strong> l\u2019<strong>arte,<\/strong> la <strong>musica<\/strong> sono tutte forme espressive attraverso cui cerchiamo di raccontare, e raccontarci, la nostra vita interiore ed esteriore: attraverso la lettura del romanzo, coadiuvata dalle <strong>risorse didattiche offerte dal percorso,<\/strong> i docenti potranno condurre in classe una riflessione sull\u2019<strong>esistenza,<\/strong> le <strong>valorialit\u00e0<\/strong> e le <strong>emozioni,<\/strong> accompagnando ragazze e ragazzi in un <strong>percorso di educazione all\u2019affettivit\u00e0<\/strong> che si conferma fondamentale e trasversale in ogni momento della crescita.<\/p>\n<p style=\"text-align: justify; margin-bottom: 10px;\"><strong><em>Sono difficili le cose belle<\/em><\/strong> narra la storia di <strong>Arianna,<\/strong> una ragazza come tante, e di sua nonna, che dopo la morte \u201critorna\u201d dalla nipote per mostrarle che, a volte, anche dal dolore e dalla perdita, possono <strong>nascere elementi positivi.<\/strong><\/p>\n<p style=\"text-align: justify; margin-bottom: 10px;\">L\u2019utilizzo del romanzo all\u2019interno delle proprie lezioni di <strong>educazione civica,<\/strong> diventa un mezzo per avvicinare gli studenti ai <strong>concetti di perdita, speranza<\/strong> e <strong>memoria:<\/strong> non possiamo cambiare il corso naturale delle cose, ci\u00f2 che possiamo e dobbiamo fare \u00e8 conservare i ricordi, l\u2019amore e gli insegnamenti ricevuti da chi materialmente non \u00e8 pi\u00f9 nella nostra vita, ma continua a lasciare un segno nella quotidianit\u00e0 attraverso ci\u00f2 che ci ha regalato ed \u00e8 diventato parte di noi.<\/p>\n\t\t<\/div>\n\t\t\t\t\t<\/div>\n\n\t\n\n\t<div id=\"col-1842031187\" class=\"col medium-5 large-5\"  >\n\t\t\t\t<div class=\"col-inner\"  >\n\t\t\t\n\t\t\t\n\t<div id=\"text-2409361829\" class=\"text\">\n\t\t\n<h4 class=\"big-title\" style=\"margin-bottom: 10px; font-size: 22px !important;\">Vuoi maggiori informazioni?<\/h4>\n<div style=\"width: 100%; height: 2px; background-color: #eeb313; margin-top: 15px;\"><\/div>\n\t\t\n<style>\n#text-2409361829 {\n  text-align: center;\n}\n<\/style>\n\t<\/div>\n\t\n\t<div id=\"gap-1442533980\" class=\"gap-element clearfix hide-for-small\" style=\"display:block; height:auto;\">\n\t\t\n<style>\n#gap-1442533980 {\n  padding-top: 69px;\n}\n<\/style>\n\t<\/div>\n\t\n<div class=\"row\"  id=\"row-480518240\">\n\n\t<div id=\"col-140082951\" class=\"col small-12 large-12\"  data-animate=\"bounceIn\">\n\t\t\t\t<div class=\"col-inner\" style=\"background-color:rgb(147, 73, 29);\" >\n\t\t\t\n\t\t\t\n<div class=\"row\"  id=\"row-1255383860\">\n\n\t<div id=\"col-88079475\" class=\"col small-12 large-12\"  >\n\t\t\t\t<div class=\"col-inner text-center\"  >\n\t\t\t\n\t\t\t\n\t<div class=\"img has-hover hide-for-small x md-x lg-x y md-y lg-y\" id=\"image_908667201\">\n\t\t\t\t\t\t\t\t<div class=\"img-inner dark\" style=\"margin:-100px 0px 0px 15px;\">\n\t\t\t<img loading=\"lazy\" decoding=\"async\" width=\"995\" height=\"1077\" src=\"https:\/\/www.educazionedigitale.it\/harpercollins\/wp-content\/uploads\/2022\/11\/Book-Cover.png\" class=\"attachment-original size-original\" alt=\"\" srcset=\"https:\/\/www.educazionedigitale.it\/harpercollins\/wp-content\/uploads\/2022\/11\/Book-Cover.png 995w, https:\/\/www.educazionedigitale.it\/harpercollins\/wp-content\/uploads\/2022\/11\/Book-Cover-277x300.png 277w, https:\/\/www.educazionedigitale.it\/harpercollins\/wp-content\/uploads\/2022\/11\/Book-Cover-946x1024.png 946w, https:\/\/www.educazionedigitale.it\/harpercollins\/wp-content\/uploads\/2022\/11\/Book-Cover-768x831.png 768w\" sizes=\"auto, (max-width: 995px) 100vw, 995px\" \/>\t\t\t\t\t\t\n\t\t\t\t\t<\/div>\n\t\t\t\t\t\t\t\t\n<style>\n#image_908667201 {\n  width: 49%;\n}\n@media (min-width:550px) {\n  #image_908667201 {\n    width: 52%;\n  }\n}\n<\/style>\n\t<\/div>\n\t\n\t<div class=\"img has-hover show-for-small x md-x lg-x y md-y lg-y\" id=\"image_1902132571\">\n\t\t\t\t\t\t\t\t<div class=\"img-inner dark\" >\n\t\t\t<img loading=\"lazy\" decoding=\"async\" width=\"381\" height=\"436\" src=\"https:\/\/www.educazionedigitale.it\/harpercollins\/wp-content\/uploads\/2022\/05\/book.png\" class=\"attachment-large size-large\" alt=\"\" srcset=\"https:\/\/www.educazionedigitale.it\/harpercollins\/wp-content\/uploads\/2022\/05\/book.png 381w, https:\/\/www.educazionedigitale.it\/harpercollins\/wp-content\/uploads\/2022\/05\/book-262x300.png 262w\" sizes=\"auto, (max-width: 381px) 100vw, 381px\" \/>\t\t\t\t\t\t\n\t\t\t\t\t<\/div>\n\t\t\t\t\t\t\t\t\n<style>\n#image_1902132571 {\n  width: 100%;\n}\n@media (min-width:550px) {\n  #image_1902132571 {\n    width: 60%;\n  }\n}\n<\/style>\n\t<\/div>\n\t\n\t\t<\/div>\n\t\t\t\t\n<style>\n#col-88079475 > .col-inner {\n  margin: 0px 0px -35px 0px;\n}\n@media (min-width:550px) {\n  #col-88079475 > .col-inner {\n    margin: 0px 0px -45px 0px;\n  }\n}\n<\/style>\n\t<\/div>\n\n\t\n<\/div>\n<div class=\"row row-collapse align-middle\"  id=\"row-1774075579\">\n\n\t<div id=\"col-2059848548\" class=\"col small-12 large-12\"  >\n\t\t\t\t<div class=\"col-inner text-center\"  >\n\t\t\t\n\t\t\t\n\t<div id=\"text-3168605981\" class=\"text\">\n\t\t\n<p style=\"font-weight: 800; font-size: 25px; margin-bottom: 10px; line-height: 1.3;\">RICHIEDI UNA COPIA<br \/>\nDEL LIBRO<\/p>\n<p style=\"font-size: 18x; line-height: 1.3; margin-bottom: 0px;\"><em>Sono difficili le cose belle<\/em>*<\/p>\n\t\t\n<style>\n#text-3168605981 {\n  text-align: center;\n  color: rgb(255,255,255);\n}\n#text-3168605981 > * {\n  color: rgb(255,255,255);\n}\n<\/style>\n\t<\/div>\n\t\n\t<div id=\"gap-1644354975\" class=\"gap-element clearfix\" style=\"display:block; height:auto;\">\n\t\t\n<style>\n#gap-1644354975 {\n  padding-top: 22px;\n}\n<\/style>\n\t<\/div>\n\t\n<a href=\"#prenota_102334\" class=\"button primary box-shadow-2 box-shadow-3-hover custom-green\" >\n\t\t<span>COMPILA IL MODULO<\/span>\n\t<i class=\"icon-star\" aria-hidden=\"true\"><\/i><\/a>\n\n\t\t<\/div>\n\t\t\t\t\t<\/div>\n\n\t\n<\/div>\n\t<div id=\"gap-689910734\" class=\"gap-element clearfix\" style=\"display:block; height:auto;\">\n\t\t\n<style>\n#gap-689910734 {\n  padding-top: 8px;\n}\n<\/style>\n\t<\/div>\n\t\n\t<div id=\"text-558115931\" class=\"text\">\n\t\t\n<p style=\"font-size: 11px; line-height: 1.3; margin-bottom: 0px;\"><em>*Per questa iniziativa sono disponibili 200 copie.<\/em><br \/>\n<em>I docenti che non riusciranno ad ottenere la copia<\/em><br \/>\n<em>del volume, potranno comunque fruire<br \/>\ndi tutti i materiali riservati agli insegnanti iscritti.<\/em><\/p>\n\t\t\n<style>\n#text-558115931 {\n  text-align: center;\n  color: rgb(255,255,255);\n}\n#text-558115931 > * {\n  color: rgb(255,255,255);\n}\n<\/style>\n\t<\/div>\n\t\n\t<div id=\"gap-1502767917\" class=\"gap-element clearfix\" style=\"display:block; height:auto;\">\n\t\t\n<style>\n#gap-1502767917 {\n  padding-top: 5px;\n}\n<\/style>\n\t<\/div>\n\t\n\t\t<\/div>\n\t\t\t\t\n<style>\n#col-140082951 > .col-inner {\n  padding: 15px 11px 12px 11px;\n  margin: 26px 0px 2px 0px;\n  border-radius: 25px;\n}\n<\/style>\n\t<\/div>\n\n\t\n<\/div>\n<div class=\"row\"  id=\"row-590987312\">\n\n\t<div id=\"col-502057040\" class=\"col small-12 large-12\"  data-animate=\"bounceIn\">\n\t\t\t\t<div class=\"col-inner\" style=\"background-color:rgba(191, 76, 8, 0.791);\" >\n\t\t\t\n\t\t\t\n<div class=\"row row-collapse align-middle\"  id=\"row-1007837837\">\n\n\t<div id=\"col-255273578\" class=\"col medium-7 small-12 large-7\"  >\n\t\t\t\t<div class=\"col-inner text-center\"  >\n\t\t\t\n\t\t\t\n\t<div id=\"text-3214990397\" class=\"text\">\n\t\t\n<p style=\"font-weight: 800; font-size: 18px; margin-bottom: 10px; line-height: 1.3;\">REGALA UNA COPIA<br \/>\nA UN\/UNA COLLEGA!<\/p>\n<p style=\"font-size: 14px; line-height: 1.3; margin-bottom: 0px;\">Invitalo alla compilazione<br \/>\ndel modulo di richiesta<\/p>\n\t\t\n<style>\n#text-3214990397 {\n  text-align: center;\n  color: rgb(255,255,255);\n}\n#text-3214990397 > * {\n  color: rgb(255,255,255);\n}\n<\/style>\n\t<\/div>\n\t\n\t<div id=\"gap-1071059377\" class=\"gap-element clearfix\" style=\"display:block; height:auto;\">\n\t\t\n<style>\n#gap-1071059377 {\n  padding-top: 16px;\n}\n<\/style>\n\t<\/div>\n\t\n<a href=\"#invita\" class=\"button primary is-small box-shadow-2 box-shadow-3-hover custom-green\" >\n\t<i class=\"icon-gift\" aria-hidden=\"true\"><\/i>\t<span>manda il tuo invito<\/span>\n\t<\/a>\n\n\t\t<\/div>\n\t\t\t\t\t<\/div>\n\n\t\n\n\t<div id=\"col-1266973608\" class=\"col medium-5 small-12 large-5\"  >\n\t\t\t\t<div class=\"col-inner text-center\"  >\n\t\t\t\n\t\t\t\n\t<div class=\"img has-hover x md-x lg-x y md-y lg-y\" id=\"image_1469356658\">\n\t\t\t\t\t\t\t\t<div class=\"img-inner dark\" style=\"margin:-36px 0px 0px 0px;\">\n\t\t\t<img loading=\"lazy\" decoding=\"async\" width=\"1508\" height=\"1938\" src=\"https:\/\/www.educazionedigitale.it\/harpercollins\/wp-content\/uploads\/2022\/11\/Book-Cover-gift.png\" class=\"attachment-original size-original\" alt=\"\" srcset=\"https:\/\/www.educazionedigitale.it\/harpercollins\/wp-content\/uploads\/2022\/11\/Book-Cover-gift.png 1508w, https:\/\/www.educazionedigitale.it\/harpercollins\/wp-content\/uploads\/2022\/11\/Book-Cover-gift-233x300.png 233w, https:\/\/www.educazionedigitale.it\/harpercollins\/wp-content\/uploads\/2022\/11\/Book-Cover-gift-797x1024.png 797w, https:\/\/www.educazionedigitale.it\/harpercollins\/wp-content\/uploads\/2022\/11\/Book-Cover-gift-768x987.png 768w, https:\/\/www.educazionedigitale.it\/harpercollins\/wp-content\/uploads\/2022\/11\/Book-Cover-gift-1195x1536.png 1195w\" sizes=\"auto, (max-width: 1508px) 100vw, 1508px\" \/>\t\t\t\t\t\t\n\t\t\t\t\t<\/div>\n\t\t\t\t\t\t\t\t\n<style>\n#image_1469356658 {\n  width: 48%;\n}\n@media (min-width:550px) {\n  #image_1469356658 {\n    width: 100%;\n  }\n}\n@media (min-width:850px) {\n  #image_1469356658 {\n    width: 94%;\n  }\n}\n<\/style>\n\t<\/div>\n\t\n\t\t<\/div>\n\t\t\t\t\n<style>\n#col-1266973608 > .col-inner {\n  margin: 44px 0px 0px 0px;\n}\n@media (min-width:550px) {\n  #col-1266973608 > .col-inner {\n    margin: -3px 0px 0px 0px;\n  }\n}\n<\/style>\n\t<\/div>\n\n\t\n<\/div>\n\t\t<\/div>\n\t\t\t\t\n<style>\n#col-502057040 > .col-inner {\n  padding: 19px 11px 2px 11px;\n  margin: 0px 0px -15px 0px;\n  border-radius: 25px;\n  max-width: 100%;\n}\n@media (min-width:850px) {\n  #col-502057040 > .col-inner {\n    margin: 0px 0px -15px 0px;\n  }\n}\n<\/style>\n\t<\/div>\n\n\t\n<\/div>\n\t\t<\/div>\n\t\t\t\t\t<\/div>\n\n\t\n<\/div>\n\n\t<section class=\"section\" id=\"section_49651687\">\n\t\t<div class=\"section-bg fill\" >\n\t\t\t\t\t\t\t\t\t<div class=\"section-bg-overlay absolute fill\"><\/div>\n\t\t\t\n\n\t\t<\/div>\n\n\t\t\n\n\t\t<div class=\"section-content relative\">\n\t\t\t\n<div class=\"row\"  id=\"row-827334043\">\n\n\t<div id=\"col-212627016\" class=\"col medium-3 large-3\"  >\n\t\t\t\t<div class=\"col-inner\"  >\n\t\t\t\n\t\t\t\n<p>&nbsp;<\/p>\n\t\t<\/div>\n\t\t\t\t\t<\/div>\n\n\t\n\n\t<div id=\"col-1777484864\" class=\"col medium-6 large-6\"  >\n\t\t\t\t<div class=\"col-inner\"  >\n\t\t\t\n\t\t\t\n\t<div id=\"gap-299521868\" class=\"gap-element clearfix\" style=\"display:block; height:auto;\">\n\t\t\n<style>\n#gap-299521868 {\n  padding-top: 25px;\n}\n<\/style>\n\t<\/div>\n\t\n<div style=\"background-image: url('https:\/\/www.educazionedigitale.it\/ilfuturoerinnovabile\/wp-content\/uploads\/2020\/04\/poltrone-3.jpg'); background-size: cover; margin: 0 auto; position: relative; border-radius: 5px; color: white; padding: 35px 35px 35px 35px; width: 100%; box-shadow: 3px 3px 3px #35302B;\">\n<p style=\"color: white; font-size: 20px; margin-bottom: -25px; font-weight: bold; line-height: 1.6;\">Vuoi <strong>COSTRUIRE le tue LEZIONI DIGITALI<\/strong><br \/>\ncon gli strumenti didattici di<br \/>\n<em>Sono difficili le cose belle<\/em>?<\/p>\n<p>&nbsp;<\/p>\n<p><a href=\"https:\/\/www.educazionedigitale.it\/classi-virtuali\/\" target=\"_blank\" rel=\"noopener noreferrer\"><\/p>\n<div class=\"classevirtualebtn\" style=\"background-color: white; width: 250px; border-radius: 50px; padding: 10px 5px 10px 5px; color: #ff6400; border: 3px solid #ff6400; text-align: center;\"><b>VAI ALLE CLASSI VIRTUALI<\/b><\/div>\n<\/div>\n\t\t<\/div>\n\t\t\t\t\t<\/div>\n\n\t\n\n\t<div id=\"col-1191235029\" class=\"col medium-3 large-3\"  >\n\t\t\t\t<div class=\"col-inner\"  >\n\t\t\t\n\t\t\t\n<p>&nbsp;<\/p>\n\t\t<\/div>\n\t\t\t\t\t<\/div>\n\n\t\n<\/div>\n\t\t<\/div>\n\n\t\t\n<style>\n#section_49651687 {\n  padding-top: 30px;\n  padding-bottom: 30px;\n  background-color: #eeb313;\n}\n#section_49651687 .section-bg-overlay {\n  background-color: rgba(0, 0, 0, 0.093);\n}\n<\/style>\n\t<\/section>\n\t\n\n\t<section class=\"section\" id=\"section_2026285354\">\n\t\t<div class=\"section-bg fill\" >\n\t\t\t\t\t\t\t\t\t\n\t\t\t\n\n\t\t<\/div>\n\n\t\t\n\n\t\t<div class=\"section-content relative\">\n\t\t\t\n<div style=\"text-align: center; margin-bottom: -25px;\">\n\t<div id=\"gap-1045649882\" class=\"gap-element clearfix\" style=\"display:block; height:auto;\">\n\t\t\n<style>\n#gap-1045649882 {\n  padding-top: 10px;\n}\n<\/style>\n\t<\/div>\n\t\n<p style=\"color: #fff;\">Scopri tutti i progetti della piattaforma didattica Educazione Digitale<\/p>\n<p><a href=\"http:\/\/www.educazionedigitale.it\" target=\"_blank\" rel=\"noopener noreferrer\"><img loading=\"lazy\" decoding=\"async\" class=\"alignnone size-full wp-image-1169\" src=\"https:\/\/www.educazionedigitale.it\/harpercollins\/wp-content\/uploads\/2022\/05\/educazione-bright-biscotto-e-r.png\" alt=\"Educazione Digitale\" width=\"220\" height=\"67\" \/><\/a><\/p>\n<\/div>\n\t\t<\/div>\n\n\t\t\n<style>\n#section_2026285354 {\n  padding-top: 30px;\n  padding-bottom: 30px;\n  background-color: #35302B;\n}\n<\/style>\n\t<\/section>\n\t\n\t<div id=\"prenota_102334\"\n\t     class=\"lightbox-by-id lightbox-content mfp-hide lightbox-white \"\n\t     style=\"max-width:600px ;padding:20px\">\n\t\t\n<div class=\"container section-title-container\" ><h3 class=\"section-title section-title-normal\"><b aria-hidden=\"true\"><\/b><span class=\"section-title-main\" >Richiesta copia del libro<\/span><b aria-hidden=\"true\"><\/b><\/h3><\/div>\n            \t<script>\n\t\t\t\t\t\/\/old template\n\t\t\t\t\tvar prenotazione_titles = document.getElementsByClassName('section-title clearfix');\n\t\t\t\t\tfor(var ti=0; ti<prenotazione_titles.length; ti++){\n\t\t\t\t\t\tprenotazione_titles[ti].style.display = 'none';\n\t\t\t\t\t}\n\t\t\t\t\t\/\/new template\n\t\t\t\t\tvar prenotazione_titles = document.getElementsByClassName('container section-title-container');\n\t\t\t\t\tfor(var ti=0; ti<prenotazione_titles.length; ti++){\n\t\t\t\t\t\tprenotazione_titles[ti].style.display = 'none';\n\t\t\t\t\t}\n\t\t\t\t<\/script>\n                \n                                    <h3 class=\"section-title prenotazione\">\n                        Richiesta Libro &quot;Sono difficili le cose belle&quot;                    <\/h3>\n                                \n\t\t\t\t\t\t\t                    <hr>\n\t\t\t\t\t<p align=\"center\">\n\t\t\t\t\t\tEsegui il <a class=\"button button-primary custom-green\" href=\"#login\">LOGIN<\/a>\n\t\t\t\t\t<\/p>\n\t\t\t\t\n\t<\/div>\n\t\n\t\n","protected":false},"excerpt":{"rendered":"","protected":false},"author":7,"featured_media":4152,"parent":0,"menu_order":0,"comment_status":"closed","ping_status":"closed","template":"page-blank.php","meta":{"_monsterinsights_skip_tracking":false,"_monsterinsights_sitenote_active":false,"_monsterinsights_sitenote_note":"","_monsterinsights_sitenote_category":0,"footnotes":""},"class_list":["post-3986","page","type-page","status-publish","has-post-thumbnail","hentry"],"_links":{"self":[{"href":"https:\/\/www.educazionedigitale.it\/harpercollins\/wp-json\/wp\/v2\/pages\/3986","targetHints":{"allow":["GET"]}}],"collection":[{"href":"https:\/\/www.educazionedigitale.it\/harpercollins\/wp-json\/wp\/v2\/pages"}],"about":[{"href":"https:\/\/www.educazionedigitale.it\/harpercollins\/wp-json\/wp\/v2\/types\/page"}],"author":[{"embeddable":true,"href":"https:\/\/www.educazionedigitale.it\/harpercollins\/wp-json\/wp\/v2\/users\/7"}],"replies":[{"embeddable":true,"href":"https:\/\/www.educazionedigitale.it\/harpercollins\/wp-json\/wp\/v2\/comments?post=3986"}],"version-history":[{"count":3,"href":"https:\/\/www.educazionedigitale.it\/harpercollins\/wp-json\/wp\/v2\/pages\/3986\/revisions"}],"predecessor-version":[{"id":4174,"href":"https:\/\/www.educazionedigitale.it\/harpercollins\/wp-json\/wp\/v2\/pages\/3986\/revisions\/4174"}],"wp:featuredmedia":[{"embeddable":true,"href":"https:\/\/www.educazionedigitale.it\/harpercollins\/wp-json\/wp\/v2\/media\/4152"}],"wp:attachment":[{"href":"https:\/\/www.educazionedigitale.it\/harpercollins\/wp-json\/wp\/v2\/media?parent=3986"}],"curies":[{"name":"wp","href":"https:\/\/api.w.org\/{rel}","templated":true}]}}