{"id":2,"date":"2015-03-06T10:12:45","date_gmt":"2015-03-06T09:12:45","guid":{"rendered":"http:\/\/www.educazionedigitale.it\/ilaboratoridibianca\/?page_id=2"},"modified":"2023-12-22T11:44:45","modified_gmt":"2023-12-22T10:44:45","slug":"homepage","status":"publish","type":"page","link":"https:\/\/www.educazionedigitale.it\/ilaboratoridibianca\/","title":{"rendered":"Homepage"},"content":{"rendered":"\n  <div class=\"banner has-hover has-video\" id=\"banner-108835241\">\n          <div class=\"banner-inner fill\">\n        <div class=\"banner-bg fill\" >\n                        \t<div class=\"video-overlay no-click fill visible\"><\/div>\n\t<video class=\"video-bg fill visible\" preload playsinline autoplay muted>\n\t\t<source src=\"https:\/\/www.educazionedigitale.it\/ilaboratoridibianca\/wp-content\/uploads\/2022\/09\/tutorial-Bianca-web.mp4\" type=\"video\/mp4\">\t<\/video>\n                        \n\t<div class=\"is-border\"\n\t\tstyle=\"border-width:0px 0px 0px 0px;\">\n\t<\/div>\n                    <\/div>\n\t\t\n        <div class=\"banner-layers container\">\n            <div class=\"fill banner-link\"><\/div>            \n   <div id=\"text-box-1601106217\" class=\"text-box banner-layer x50 md-x50 lg-x50 y90 md-y90 lg-y80 res-text\">\n                     <div data-animate=\"fadeInLeft\">           <div class=\"text-box-content text dark text-shadow-2\">\n              \n              <div class=\"text-inner text-left\">\n                  \n\t<div id=\"text-1872784795\" class=\"text\">\n\t\t\n<p style=\"font-size: 350%; color: #ffffff !important; font-weight: bold; line-height: 1.2; margin-bottom: -20px !important; letter-spacing: 4px;\">I LABORATORI<br \/>\nDI BIANCA<\/p>\n\t\t\n<style>\n#text-1872784795 {\n  font-size: 0.75rem;\n  line-height: 0.75;\n  text-align: left;\n}\n@media (min-width:550px) {\n  #text-1872784795 {\n    font-size: 1.4rem;\n    line-height: 1.7;\n    text-align: left;\n  }\n}\n<\/style>\n\t<\/div>\n\t\n              <\/div>\n           <\/div>\n       <\/div>                     \n<style>\n#text-box-1601106217 {\n  width: 82%;\n}\n#text-box-1601106217 .text-box-content {\n  font-size: 100%;\n}\n@media (min-width:550px) {\n  #text-box-1601106217 {\n    width: 78%;\n  }\n}\n@media (min-width:850px) {\n  #text-box-1601106217 {\n    width: 100%;\n  }\n}\n<\/style>\n    <\/div>\n \n        <\/div>\n      <\/div>\n\n            \n<style>\n#banner-108835241 {\n  padding-top: 250px;\n}\n#banner-108835241 .banner-bg img {\n  object-position: 0% 0%;\n}\n@media (min-width:550px) {\n  #banner-108835241 {\n    padding-top: 500px;\n  }\n}\n<\/style>\n  <\/div>\n\n\n\t<div id=\"gap-1179065996\" class=\"gap-element clearfix\" style=\"display:block; height:auto;\">\n\t\t\n<style>\n#gap-1179065996 {\n  padding-top: 45px;\n}\n<\/style>\n\t<\/div>\n\t\n<div class=\"row\"  id=\"row-270412599\">\n\n\t<div id=\"col-712667428\" class=\"col medium-8 large-8\"  >\n\t\t\t\t<div class=\"col-inner\"  >\n\t\t\t\n\t\t\t\n<div style=\"padding-bottom: 5px; font-weight: bold; font-size: 210%;\"><span style=\"color: #4d4d4d; font-family: 'Encode', sans-serif;\">In cosa consiste l&#8217;iniziativa educativa?<\/span><\/div>\n<div style=\"height: 3px; width: 80%; background: #F3A920;\"><\/div>\n\t<div id=\"gap-14824458\" class=\"gap-element clearfix\" style=\"display:block; height:auto;\">\n\t\t\n<style>\n#gap-14824458 {\n  padding-top: 30px;\n}\n<\/style>\n\t<\/div>\n\t\n<p style=\"text-align: justify; margin-bottom: 20px; color: #4d4d4d; font-family: 'Encode', sans-serif;\">A tutte le et\u00e0 una delle strategie didattiche pi\u00f9 incisive \u00e8 il cosiddetto <strong>\u201clearning-by-doing\u201d:<\/strong> osservare, ma soprattutto sperimentare, mettendo le proprie mani all&#8217;opera su fenomeni, concetti ed eventi. <strong>Educazione Digitale <\/strong>offre a tutti i docenti una nuova sezione dedicata alle scuole di ogni ordine e grado, e ispirata proprio a questi principi. Nei <strong>LABORATORI DI BIANCA<\/strong> troverete <strong>TUTORIAL GRATUITI,<\/strong> da cui <strong>trarre spunti e attingere idee per le vostre lezioni,<\/strong> ottenendo cos\u00ec un valido supporto all\u2019insegnamento. Passo dopo passo, indicazione dopo indicazione, <strong>potrete guidare con semplicit\u00e0 e sicurezza le ragazze e i ragazzi delle vostre classi in ATTIVIT\u00c0 ed ESPERIMENTI<\/strong> che andranno a integrare i loro saperi e a porre le basi per conoscenze pi\u00f9 approfondite.<\/p>\n<p style=\"text-align: justify; margin-bottom: 20px; color: #4d4d4d; font-family: 'Encode', sans-serif;\">Quando chiamati all\u2019azione, infatti, tutti noi, adulti e bambini, siamo pi\u00f9 stimolati ad apprendere e memorizzare, complici lo sperimentare in prima persona e, perch\u00e9 no, il fatto di divertirsi insieme. Tutti i <strong>tutorial <\/strong>proposti in questa sezione, che andr\u00e0 via via arricchendosi, vertono sui temi della <strong>sostenibilit\u00e0,<\/strong> delle <strong>STEM<\/strong> e del <strong>benessere:<\/strong> argomenti da sempre al centro del perimetro di interesse di <strong>Educazione Digitale.<\/strong><\/p>\n<div style=\"text-align: left;\">\n<a href=\"https:\/\/www.educazionedigitale.it\/ilaboratoridibianca\/i-tutorial\/\" class=\"button primary is-large lowercase is-custom-green\" >\n\t\t<span>Scopri i nostri tutorial<\/span>\n\t<\/a>\n\n<\/div>\n\t\t<\/div>\n\t\t\t\t\t<\/div>\n\n\t\n\n\t<div id=\"col-1437235497\" class=\"col medium-4 large-4\"  >\n\t\t\t\t<div class=\"col-inner\"  >\n\t\t\t\n\t\t\t\n\t<div id=\"gap-2079229366\" class=\"gap-element clearfix\" style=\"display:block; height:auto;\">\n\t\t\n<style>\n#gap-2079229366 {\n  padding-top: 5px;\n}\n<\/style>\n\t<\/div>\n\t\n\t<div id=\"text-4195438103\" class=\"text\">\n\t\t\n\t\t\n<style>\n#text-4195438103 {\n  font-size: 0.75rem;\n  text-align: center;\n}\n<\/style>\n\t<\/div>\n\t\n\t<div id=\"gap-1647031081\" class=\"gap-element clearfix\" style=\"display:block; height:auto;\">\n\t\t\n<style>\n#gap-1647031081 {\n  padding-top: 25px;\n}\n<\/style>\n\t<\/div>\n\t\n<div style=\"text-align: center; margin-bottom: 0px;\"><img decoding=\"async\" src=\"https:\/\/www.educazionedigitale.it\/ilaboratoridibianca\/wp-content\/uploads\/2022\/09\/icona-box.png\" alt=\"\" width=\"55%\" \/><\/div>\n<div style=\"width: 100%; height: auto; background: #F3A920; border-radius:6px; padding: 15px; text-align: center; margin-top: -45px;\">\n\t<div id=\"gap-1931079621\" class=\"gap-element clearfix\" style=\"display:block; height:auto;\">\n\t\t\n<style>\n#gap-1931079621 {\n  padding-top: 30px;\n}\n<\/style>\n\t<\/div>\n\t\n\t<div id=\"text-2744996211\" class=\"text\">\n\t\t\n<p style=\"text-align: center; margin-top: 30px; font-size: 23px; font-weight: bold; font-family: 'Encode', sans-serif; color: #fff;\"><strong>Invita un\/una collega<br \/>\na partecipare all&#8217;iniziativa.<\/br><br \/>\nManda il tuo invito!<\/strong><\/p>\n\t\t\n<style>\n#text-2744996211 {\n  color: rgb(255, 255, 255);\n}\n#text-2744996211 > * {\n  color: rgb(255, 255, 255);\n}\n<\/style>\n\t<\/div>\n\t\n\t<div id=\"gap-1567393354\" class=\"gap-element clearfix\" style=\"display:block; height:auto;\">\n\t\t\n<style>\n#gap-1567393354 {\n  padding-top: 10px;\n}\n<\/style>\n\t<\/div>\n\t\n<div style=\"text-align: center; margin-bottom: 20px;\"><a href=\"#invita\"><img decoding=\"async\" class=\"strumento-zoom\" src=\"https:\/\/www.educazionedigitale.it\/ilaboratoridibianca\/wp-content\/uploads\/2022\/09\/email.png\" alt=\"\" width=\"60\" \/><\/a>\u00a0\u00a0<a href=\"https:\/\/www.facebook.com\/sharer\/sharer.php u=https:\/\/www.educazionedigitale.it\/ilaboratoridibianca\/registrazione\" target=\"_blank\" rel=\"noopener noreferrer\"><img decoding=\"async\" class=\"strumento-zoom\" src=\"https:\/\/www.educazionedigitale.it\/ilaboratoridibianca\/wp-content\/uploads\/2022\/09\/fb.png\" alt=\"\" width=\"60\" \/><\/a>\u00a0\u00a0<a href=\"https:\/\/twitter.com\/intent\/tweet?url=https:\/\/www.educazionedigitale.it\/ilaboratoridibianca\/registrazione&amp;text=Registrati su EducazioneDigitale.it\" target=\"_blank\" rel=\"noopener noreferrer\"><img decoding=\"async\" class=\"strumento-zoom\" src=\"https:\/\/www.educazionedigitale.it\/ilaboratoridibianca\/wp-content\/uploads\/2022\/09\/tw.png\" alt=\"\" width=\"60\" \/><\/a>\u00a0\u00a0<a href=\"https:\/\/api.whatsapp.com\/send?text=https:\/\/www.educazionedigitale.it\/ilaboratoridibianca\/registrazione\" target=\"_blank\" rel=\"noopener noreferrer\"><img decoding=\"async\" class=\"strumento-zoom\" src=\"https:\/\/www.educazionedigitale.it\/ilaboratoridibianca\/wp-content\/uploads\/2022\/09\/wp.png\" alt=\"\" width=\"60\" \/><\/a><\/div>\n<\/div>\n\t\t<\/div>\n\t\t\t\t\t<\/div>\n\n\t\n<\/div>\n\t<div id=\"gap-1556802529\" class=\"gap-element clearfix\" style=\"display:block; height:auto;\">\n\t\t\n<style>\n#gap-1556802529 {\n  padding-top: 40px;\n}\n<\/style>\n\t<\/div>\n\t\n\n\t<section class=\"section\" id=\"section_1430735248\">\n\t\t<div class=\"section-bg fill\" >\n\t\t\t\t\t\t\t\t\t\n\t\t\t\n\n\t\t<\/div>\n\n\t\t\n\n\t\t<div class=\"section-content relative\">\n\t\t\t\n<div class=\"row\"  id=\"row-1845776109\">\n\n\t<div id=\"col-1174694627\" class=\"col large-12\"  data-animate=\"fadeInLeft\">\n\t\t\t\t<div class=\"col-inner\"  >\n\t\t\t\n\t\t\t\n\t<div id=\"gap-1129317090\" class=\"gap-element clearfix\" style=\"display:block; height:auto;\">\n\t\t\n<style>\n#gap-1129317090 {\n  padding-top: 30px;\n}\n<\/style>\n\t<\/div>\n\t\n\t<div id=\"text-1765836447\" class=\"text\">\n\t\t\n<h1><span style=\"font-size: 160%; color: #f3a920; letter-spacing: 1px;\">Cosa puoi trovare?<\/span><\/h1>\n<div style=\"height: 2px; width: 100%; background: #4d4d4d;\"><\/div>\n\t\t\n<style>\n#text-1765836447 {\n  text-align: center;\n  color: rgb(38, 33, 23);\n}\n#text-1765836447 > * {\n  color: rgb(38, 33, 23);\n}\n<\/style>\n\t<\/div>\n\t\n\t\t<\/div>\n\t\t\t\t\n<style>\n#col-1174694627 > .col-inner {\n  margin: 0px 0px -9px 0px;\n}\n<\/style>\n\t<\/div>\n\n\t\n<\/div>\n<div class=\"row row-small\"  id=\"row-1050596940\">\n\n\t<div id=\"col-453648615\" class=\"col strumento-zoom medium-4 small-12 large-4\"  data-animate=\"fadeInUp\">\n\t\t\t\t<div class=\"col-inner\"  >\n\t\t\t\n\t\t\t\n\t<div class=\"img has-hover x md-x lg-x y md-y lg-y\" id=\"image_1069391703\">\n\t\t<a class=\"\" href=\"https:\/\/www.educazionedigitale.it\/ilaboratoridibianca\/cambiamento-climatico\/\" >\t\t\t\t\t\t<div class=\"img-inner dark\" >\n\t\t\t\t\t\t\t\t\t\n\t\t\t\t\t<\/div>\n\t\t\t\t\t\t<\/a>\t\t\n<style>\n#image_1069391703 {\n  width: 100%;\n}\n<\/style>\n\t<\/div>\n\t\n\t\t<\/div>\n\t\t\t\t\t<\/div>\n\n\t\n\n\t<div id=\"col-2066816384\" class=\"col strumento-zoom medium-4 small-12 large-4\"  data-animate=\"fadeInUp\">\n\t\t\t\t<div class=\"col-inner\"  >\n\t\t\t\n\t\t\t\n\t<div class=\"img has-hover x md-x lg-x y md-y lg-y\" id=\"image_1938761437\">\n\t\t<a class=\"\" href=\"https:\/\/www.educazionedigitale.it\/ilaboratoridibianca\/transizione-energetica\/\" >\t\t\t\t\t\t<div class=\"img-inner dark\" >\n\t\t\t\t\t\t\t\t\t\n\t\t\t\t\t<\/div>\n\t\t\t\t\t\t<\/a>\t\t\n<style>\n#image_1938761437 {\n  width: 100%;\n}\n<\/style>\n\t<\/div>\n\t\n\t\t<\/div>\n\t\t\t\t\t<\/div>\n\n\t\n\n\t<div id=\"col-106961296\" class=\"col strumento-zoom medium-4 small-12 large-4\"  data-animate=\"fadeInUp\">\n\t\t\t\t<div class=\"col-inner\"  >\n\t\t\t\n\t\t\t\n\t<div class=\"img has-hover x md-x lg-x y md-y lg-y\" id=\"image_1487375449\">\n\t\t<a class=\"\" href=\"https:\/\/www.educazionedigitale.it\/ilaboratoridibianca\/circolarita-2\/\" >\t\t\t\t\t\t<div class=\"img-inner dark\" >\n\t\t\t\t\t\t\t\t\t\n\t\t\t\t\t<\/div>\n\t\t\t\t\t\t<\/a>\t\t\n<style>\n#image_1487375449 {\n  width: 100%;\n}\n<\/style>\n\t<\/div>\n\t\n\t\t<\/div>\n\t\t\t\t\t<\/div>\n\n\t\n\n\t<div id=\"col-1998194933\" class=\"col medium-4 small-12 large-4\"  data-animate=\"fadeInUp\">\n\t\t\t\t<div class=\"col-inner text-center box-shadow-2\"  >\n\t\t\t\n\t\t\t\n\t<div id=\"gap-1800333935\" class=\"gap-element clearfix\" style=\"display:block; height:auto;\">\n\t\t\n<style>\n#gap-1800333935 {\n  padding-top: 30px;\n}\n<\/style>\n\t<\/div>\n\t\n\t<div class=\"box has-hover   has-hover box-text-bottom\" >\n\n\t\t<div class=\"box-image\" style=\"width:93%;\">\n\t\t\t<a href=\"https:\/\/www.educazionedigitale.it\/ilaboratoridibianca\/i-tutorial\/\" >\t\t\t<div class=\"\" >\n\t\t\t\t<img loading=\"lazy\" decoding=\"async\" width=\"1214\" height=\"839\" src=\"https:\/\/www.educazionedigitale.it\/ilaboratoridibianca\/wp-content\/uploads\/2022\/09\/1.png\" class=\"attachment- size-\" alt=\"\" srcset=\"https:\/\/www.educazionedigitale.it\/ilaboratoridibianca\/wp-content\/uploads\/2022\/09\/1.png 1214w, https:\/\/www.educazionedigitale.it\/ilaboratoridibianca\/wp-content\/uploads\/2022\/09\/1-768x531.png 768w\" sizes=\"auto, (max-width: 1214px) 100vw, 1214px\" \/>\t\t\t\t\t\t\t\t\t\t\t<\/div>\n\t\t\t<\/a>\t\t<\/div>\n\n\t\t<div class=\"box-text text-center\" >\n\t\t\t<div class=\"box-text-inner\">\n\t\t\t\t\n<h3 style=\"color: #23a1a6;\">TUTORIAL<\/h3>\n<p>A TEMA SOSTENIBILIT\u00c0<\/p>\n\t\t\t<\/div>\n\t\t<\/div>\n\t<\/div>\n\t\n\t\t<\/div>\n\t\t\t\t\n<style>\n#col-1998194933 > .col-inner {\n  margin: 0px 0px 0px 0px;\n  border-radius: 6px;\n}\n<\/style>\n\t<\/div>\n\n\t\n\n\t<div id=\"col-1516980830\" class=\"col medium-4 small-12 large-4\"  data-animate=\"fadeInUp\">\n\t\t\t\t<div class=\"col-inner box-shadow-2\"  >\n\t\t\t\n\t\t\t\n\t<div id=\"gap-563065940\" class=\"gap-element clearfix\" style=\"display:block; height:auto;\">\n\t\t\n<style>\n#gap-563065940 {\n  padding-top: 30px;\n}\n<\/style>\n\t<\/div>\n\t\n\t<div class=\"box has-hover   has-hover box-text-bottom\" >\n\n\t\t<div class=\"box-image\" style=\"width:93%;\">\n\t\t\t<a href=\"https:\/\/www.educazionedigitale.it\/ilaboratoridibianca\/i-tutorial\/\" >\t\t\t<div class=\"\" >\n\t\t\t\t<img loading=\"lazy\" decoding=\"async\" width=\"1183\" height=\"825\" src=\"https:\/\/www.educazionedigitale.it\/ilaboratoridibianca\/wp-content\/uploads\/2022\/09\/2.png\" class=\"attachment- size-\" alt=\"\" srcset=\"https:\/\/www.educazionedigitale.it\/ilaboratoridibianca\/wp-content\/uploads\/2022\/09\/2.png 1183w, https:\/\/www.educazionedigitale.it\/ilaboratoridibianca\/wp-content\/uploads\/2022\/09\/2-768x536.png 768w\" sizes=\"auto, (max-width: 1183px) 100vw, 1183px\" \/>\t\t\t\t\t\t\t\t\t\t\t<\/div>\n\t\t\t<\/a>\t\t<\/div>\n\n\t\t<div class=\"box-text text-center\" >\n\t\t\t<div class=\"box-text-inner\">\n\t\t\t\t\n<h3 style=\"color: #23a1a6;\">TUTORIAL<\/h3>\n<p>A TEMA BENESSERE<\/p>\n\t\t\t<\/div>\n\t\t<\/div>\n\t<\/div>\n\t\n\t\t<\/div>\n\t\t\t\t\n<style>\n#col-1516980830 > .col-inner {\n  border-radius: 6px;\n}\n<\/style>\n\t<\/div>\n\n\t\n\n\t<div id=\"col-104858248\" class=\"col medium-4 small-12 large-4\"  data-animate=\"fadeInUp\">\n\t\t\t\t<div class=\"col-inner text-center box-shadow-2\"  >\n\t\t\t\n\t\t\t\n\t<div id=\"gap-779394951\" class=\"gap-element clearfix\" style=\"display:block; height:auto;\">\n\t\t\n<style>\n#gap-779394951 {\n  padding-top: 30px;\n}\n<\/style>\n\t<\/div>\n\t\n\t<div class=\"box has-hover   has-hover box-text-bottom\" >\n\n\t\t<div class=\"box-image\" style=\"width:93%;\">\n\t\t\t<a href=\"https:\/\/www.educazionedigitale.it\/ilaboratoridibianca\/i-tutorial\/\" >\t\t\t<div class=\"\" >\n\t\t\t\t<img loading=\"lazy\" decoding=\"async\" width=\"1202\" height=\"832\" src=\"https:\/\/www.educazionedigitale.it\/ilaboratoridibianca\/wp-content\/uploads\/2022\/09\/3.png\" class=\"attachment- size-\" alt=\"\" srcset=\"https:\/\/www.educazionedigitale.it\/ilaboratoridibianca\/wp-content\/uploads\/2022\/09\/3.png 1202w, https:\/\/www.educazionedigitale.it\/ilaboratoridibianca\/wp-content\/uploads\/2022\/09\/3-768x532.png 768w\" sizes=\"auto, (max-width: 1202px) 100vw, 1202px\" \/>\t\t\t\t\t\t\t\t\t\t\t<\/div>\n\t\t\t<\/a>\t\t<\/div>\n\n\t\t<div class=\"box-text text-center\" >\n\t\t\t<div class=\"box-text-inner\">\n\t\t\t\t\n<h3 style=\"color: #23a1a6;\">TUTORIAL<\/h3>\n<p>A TEMA STEM<\/p>\n\t\t\t<\/div>\n\t\t<\/div>\n\t<\/div>\n\t\n\t\t<\/div>\n\t\t\t\t\n<style>\n#col-104858248 > .col-inner {\n  border-radius: 6px;\n}\n<\/style>\n\t<\/div>\n\n\t\n<\/div>\n\t\t<\/div>\n\n\t\t\n<style>\n#section_1430735248 {\n  padding-top: 30px;\n  padding-bottom: 30px;\n  background-color: rgb(255, 243, 229);\n}\n<\/style>\n\t<\/section>\n\t\n\n\t<section class=\"section\" id=\"section_60683592\">\n\t\t<div class=\"section-bg fill\" >\n\t\t\t\t\t\t\t\t\t\n\t\t\t\n\n\t\t<\/div>\n\n\t\t\n\n\t\t<div class=\"section-content relative\">\n\t\t\t\n\t<div id=\"gap-99673089\" class=\"gap-element clearfix\" style=\"display:block; height:auto;\">\n\t\t\n<style>\n#gap-99673089 {\n  padding-top: 30px;\n}\n<\/style>\n\t<\/div>\n\t\n<div class=\"row\"  id=\"row-94488562\">\n\n\t<div id=\"col-1825596616\" class=\"col medium-3 large-3\"  >\n\t\t\t\t<div class=\"col-inner\"  >\n\t\t\t\n\t\t\t\n<p>&nbsp;<\/p>\n\t\t<\/div>\n\t\t\t\t\t<\/div>\n\n\t\n\n\t<div id=\"col-2137179120\" class=\"col medium-6 small-12 large-6\"  >\n\t\t\t\t<div class=\"col-inner\"  >\n\t\t\t\n\t\t\t\n<div style=\"background-image: url('https:\/\/www.educazionedigitale.it\/ilfuturoerinnovabile\/wp-content\/uploads\/2020\/04\/poltrone-3.jpg'); background-size: cover; margin: 0 auto; position: relative; border-radius: 5px; color: white; padding: 35px 35px 35px 35px; width: 100%;\">\n<p style=\"color: white !important; font-size: 20px; margin-bottom: -25px; font-weight: bold; line-height: 1.3;\">Vuoi <strong>COSTRUIRE le tue LEZIONI DIGITALI<\/strong><br \/> con gli strumenti didattici di<br \/>\n<em>I laboratori di Bianca<\/em>?<\/p>\n\t<div id=\"gap-2113588128\" class=\"gap-element clearfix\" style=\"display:block; height:auto;\">\n\t\t\n<style>\n#gap-2113588128 {\n  padding-top: 30px;\n}\n<\/style>\n\t<\/div>\n\t\n<p><a href=\"https:\/\/www.educazionedigitale.it\/classi-virtuali\/\" target=\"_blank\" rel=\"noopener noreferrer\"><\/p>\n<div class=\"classevirtualebtn\" style=\"background-color:white; width:250px; border-radius:50px; padding:10px 5px 10px 5px; color:#ff6400; border:3px solid #ff6400; text-align:center;\">\n<b>VAI ALLE CLASSI VIRTUALI<\/b><\/div>\n<p><\/a>\n<\/div>\n\t\t<\/div>\n\t\t\t\t\t<\/div>\n\n\t\n\n\t<div id=\"col-1536439918\" class=\"col medium-3 large-3\"  >\n\t\t\t\t<div class=\"col-inner\"  >\n\t\t\t\n\t\t\t\n<p>&nbsp;<\/p>\n\t\t<\/div>\n\t\t\t\t\t<\/div>\n\n\t\n<\/div>\n\t\t<\/div>\n\n\t\t\n<style>\n#section_60683592 {\n  padding-top: 30px;\n  padding-bottom: 30px;\n  background-color: rgb(252, 227, 198);\n}\n<\/style>\n\t<\/section>\n\t\n\n\t<section class=\"section\" id=\"section_178464539\">\n\t\t<div class=\"section-bg fill\" >\n\t\t\t\t\t\t\t\t\t\n\t\t\t\n\n\t\t<\/div>\n\n\t\t\n\n\t\t<div class=\"section-content relative\">\n\t\t\t\n<div style=\"text-align: center; margin: 0 auto;\">\n<p style=\"color: #fff !important;\">Scopri tutti i progetti della piattaforma didattica Educazione Digitale<\/p>\n<p><a href=\"http:\/\/www.educazionedigitale.it\" target=\"_blank\" rel=\"noopener noreferrer\"><img loading=\"lazy\" decoding=\"async\" class=\"alignnone size-full wp-image-1169\" src=\"http:\/\/www.educazionedigitale.it\/didattica-english\/wp-content\/uploads\/2015\/03\/Educazione-digitale.png\" alt=\"Educazione Digitale\" width=\"220\" height=\"67\" \/><\/a><\/p>\n<\/div>\n\t\t<\/div>\n\n\t\t\n<style>\n#section_178464539 {\n  padding-top: 0;\n  padding-bottom: 0;\n  margin-bottom: 0px;\n  background-color: #0a2324;\n}\n<\/style>\n\t<\/section>\n\t\n","protected":false},"excerpt":{"rendered":"","protected":false},"author":1,"featured_media":5256,"parent":0,"menu_order":0,"comment_status":"closed","ping_status":"closed","template":"page-blank.php","meta":{"_monsterinsights_skip_tracking":false,"_monsterinsights_sitenote_active":false,"_monsterinsights_sitenote_note":"","_monsterinsights_sitenote_category":0,"footnotes":""},"class_list":["post-2","page","type-page","status-publish","has-post-thumbnail","hentry"],"_links":{"self":[{"href":"https:\/\/www.educazionedigitale.it\/ilaboratoridibianca\/wp-json\/wp\/v2\/pages\/2","targetHints":{"allow":["GET"]}}],"collection":[{"href":"https:\/\/www.educazionedigitale.it\/ilaboratoridibianca\/wp-json\/wp\/v2\/pages"}],"about":[{"href":"https:\/\/www.educazionedigitale.it\/ilaboratoridibianca\/wp-json\/wp\/v2\/types\/page"}],"author":[{"embeddable":true,"href":"https:\/\/www.educazionedigitale.it\/ilaboratoridibianca\/wp-json\/wp\/v2\/users\/1"}],"replies":[{"embeddable":true,"href":"https:\/\/www.educazionedigitale.it\/ilaboratoridibianca\/wp-json\/wp\/v2\/comments?post=2"}],"version-history":[{"count":3,"href":"https:\/\/www.educazionedigitale.it\/ilaboratoridibianca\/wp-json\/wp\/v2\/pages\/2\/revisions"}],"predecessor-version":[{"id":5412,"href":"https:\/\/www.educazionedigitale.it\/ilaboratoridibianca\/wp-json\/wp\/v2\/pages\/2\/revisions\/5412"}],"wp:featuredmedia":[{"embeddable":true,"href":"https:\/\/www.educazionedigitale.it\/ilaboratoridibianca\/wp-json\/wp\/v2\/media\/5256"}],"wp:attachment":[{"href":"https:\/\/www.educazionedigitale.it\/ilaboratoridibianca\/wp-json\/wp\/v2\/media?parent=2"}],"curies":[{"name":"wp","href":"https:\/\/api.w.org\/{rel}","templated":true}]}}