{"id":531,"date":"2015-03-13T15:30:41","date_gmt":"2015-03-13T14:30:41","guid":{"rendered":"http:\/\/www.educazionedigitale.it\/ilsegretoitaliano\/?page_id=531"},"modified":"2024-06-13T17:42:41","modified_gmt":"2024-06-13T15:42:41","slug":"il-percorso","status":"publish","type":"page","link":"https:\/\/www.educazionedigitale.it\/ilsegretoitaliano\/il-percorso\/","title":{"rendered":"IL PERCORSO"},"content":{"rendered":"\t<div id=\"gap-727957653\" class=\"gap-element clearfix\" style=\"display:block; height:auto;\">\n\t\t\n<style>\n#gap-727957653 {\n  padding-top: 57px;\n}\n@media (min-width:550px) {\n  #gap-727957653 {\n    padding-top: 162px;\n  }\n}\n<\/style>\n\t<\/div>\n\t\n\n  <div class=\"banner has-hover banner-home\" id=\"banner-792072767\">\n          <div class=\"banner-inner fill\">\n        <div class=\"banner-bg fill\" >\n            <img loading=\"lazy\" decoding=\"async\" width=\"1914\" height=\"223\" src=\"https:\/\/www.educazionedigitale.it\/ilsegretoitaliano\/wp-content\/uploads\/2023\/07\/percorso_1.png\" class=\"bg attachment-original size-original\" alt=\"\" \/>                                    \n                    <\/div>\n\t\t\n        <div class=\"banner-layers container\">\n            <div class=\"fill banner-link\"><\/div>            \n   <div id=\"text-box-392447883\" class=\"text-box banner-layer x50 md-x50 lg-x50 y90 md-y90 lg-y90 res-text\">\n                     <div data-animate=\"fadeInLeft\">           <div class=\"text-box-content text dark\">\n              \n              <div class=\"text-inner text-center\">\n                  \n              <\/div>\n           <\/div>\n       <\/div>                     \n<style>\n#text-box-392447883 {\n  width: 60%;\n}\n#text-box-392447883 .text-box-content {\n  font-size: 100%;\n}\n@media (min-width:550px) {\n  #text-box-392447883 {\n    width: 80%;\n  }\n}\n<\/style>\n    <\/div>\n \n        <\/div>\n      <\/div>\n\n            \n<style>\n#banner-792072767 {\n  padding-top: 100px;\n}\n#banner-792072767 .banner-bg img {\n  object-position: 44% 0%;\n}\n@media (min-width:550px) {\n  #banner-792072767 {\n    padding-top: 230px;\n  }\n}\n<\/style>\n  <\/div>\n\n\n\n\t<section class=\"section\" id=\"section_35374947\">\n\t\t<div class=\"section-bg fill\" >\n\t\t\t\t\t\t\t\t\t\n\t\t\t\n\n\t\t<\/div>\n\n\t\t\n\n\t\t<div class=\"section-content relative\">\n\t\t\t\n<div class=\"row\"  id=\"row-1400620141\">\n\n\t<div id=\"col-314936046\" class=\"col small-12 large-12\"  >\n\t\t\t\t<div class=\"col-inner\"  >\n\t\t\t\n\t\t\t\n<h1>I valori imprenditoriali<\/h1>\n<p style=\"text-align:justify;\">Cosa vuol dire fare impresa in Italia e come si collocano le aziende nazionali all\u2019interno del panorama europeo ed internazionale? <br \/>Cosa si intende per \u201csegreto italiano\u201d?<\/p>\n<div class=\"row\"  id=\"row-245557965\">\n\n\t<div id=\"col-76011504\" class=\"col medium-4 small-12 large-4\"  data-animate=\"bounceIn\">\n\t\t\t\t<div class=\"col-inner\"  >\n\t\t\t\n\t\t\t\n\t<div id=\"gap-1103399262\" class=\"gap-element clearfix\" style=\"display:block; height:auto;\">\n\t\t\n<style>\n#gap-1103399262 {\n  padding-top: 10px;\n}\n<\/style>\n\t<\/div>\n\t\n\t<div class=\"img has-hover x md-x lg-x y md-y lg-y\" id=\"image_1623773297\">\n\t\t\t\t\t\t\t\t<div class=\"img-inner image-cover dark\" style=\"padding-top:342px;\">\n\t\t\t<img loading=\"lazy\" decoding=\"async\" width=\"1000\" height=\"1500\" src=\"https:\/\/www.educazionedigitale.it\/ilsegretoitaliano\/wp-content\/uploads\/2023\/07\/top-view-business-people-office.jpg\" class=\"attachment-original size-original\" alt=\"\" srcset=\"https:\/\/www.educazionedigitale.it\/ilsegretoitaliano\/wp-content\/uploads\/2023\/07\/top-view-business-people-office.jpg 1000w, https:\/\/www.educazionedigitale.it\/ilsegretoitaliano\/wp-content\/uploads\/2023\/07\/top-view-business-people-office-533x800.jpg 533w, https:\/\/www.educazionedigitale.it\/ilsegretoitaliano\/wp-content\/uploads\/2023\/07\/top-view-business-people-office-768x1152.jpg 768w\" sizes=\"auto, (max-width: 1000px) 100vw, 1000px\" \/>\t\t\t\t\t\t\n\t\t\t\t\t<\/div>\n\t\t\t\t\t\t\t\t\n<style>\n#image_1623773297 {\n  width: 100%;\n}\n<\/style>\n\t<\/div>\n\t\n\t\t<\/div>\n\t\t\t\t\n<style>\n#col-76011504 > .col-inner {\n  margin: 0px 0px -36px 0px;\n}\n<\/style>\n\t<\/div>\n\n\t\n\n\t<div id=\"col-1846539373\" class=\"col medium-8 small-12 large-8\"  >\n\t\t\t\t<div class=\"col-inner\"  >\n\t\t\t\n\t\t\t\n\t<div id=\"gap-2113553528\" class=\"gap-element clearfix show-for-small\" style=\"display:block; height:auto;\">\n\t\t\n<style>\n#gap-2113553528 {\n  padding-top: 30px;\n}\n<\/style>\n\t<\/div>\n\t\n<p style= \"text-align:justify;\">Sono queste le domande a cui l\u2019FSL intende dare risposta, accompagnando studenti e studentesse in un <strong>percorso di scoperta e consapevolezza di quelle che sono le caratteristiche delle eccellenze imprenditoriali italiane<\/strong>, attraverso una storia ricca di successi, di innovazione e di progetti sempre pi\u00f9 ambiziosi.<\/p>\n<p style= \"text-align:justify;\">Ci\u00f2 che <strong>ISVI<\/strong> e <strong>Cavalieri del Lavoro gruppo lombardo<\/strong> si impegnano a diffondere \u00e8 <strong>una concezione lungimirante dell\u2019impresa<\/strong>, dei suoi fini, del suo modo di essere e di operare, del ruolo che essa \u00e8 chiamata a svolgere nella societ\u00e0, delle relazioni che instaura con i suoi diversi interlocutori. <\/p>\n<p style= \"text-align:justify;\">Una concezione in cui le <strong>ragioni dell\u2019etica e quelle dell\u2019economia coesistono armoniosamente<\/strong>, in cui il profitto non viene n\u00e9 assolutizzato n\u00e9 sottovalutato, ma \u00e8 perseguito come conseguenza di una forza competitiva e di una capacit\u00e0 coesiva.<\/p>\n\t\t<\/div>\n\t\t\t\t\n<style>\n#col-1846539373 > .col-inner {\n  margin: 0px 0px -24px 0px;\n}\n<\/style>\n\t<\/div>\n\n\t\n\n<style>\n#row-245557965 > .col > .col-inner {\n  padding: 0px 0px 0px 0px;\n}\n<\/style>\n<\/div>\n\t\t<\/div>\n\t\t\t\t\t<\/div>\n\n\t\n\n<style>\n#row-1400620141 > .col > .col-inner {\n  padding: 20px 20px 0px 20px;\n  background-color: rgb(244, 243, 244);\n}\n<\/style>\n<\/div>\n<div class=\"row\"  id=\"row-1608357948\">\n\n\t<div id=\"col-1155957677\" class=\"col small-12 large-12\"  >\n\t\t\t\t<div class=\"col-inner\"  >\n\t\t\t\n\t\t\t\n<p style=\"text-align: justify; margin-left:0px; \"><strong>Responsabilit\u00e0, coesione, visione sistemica, attenzione verso le istanze ambientali e sociali, competitivit\u00e0:<\/strong> questi sono solo alcuni degli elementi che l\u2019FSL punter\u00e0 a svelare e diffondere. <\/p>\n<div class=\"row\"  id=\"row-821124297\">\n\n\t<div id=\"col-1637237815\" class=\"col medium-8 small-12 large-8\"  >\n\t\t\t\t<div class=\"col-inner\"  >\n\t\t\t\n\t\t\t\n<p style=\"text-align:justify;\">Ragazze e ragazzi scopriranno un\u2019Italia vitale, fatta di tante imprese di successo, caratterizzate da tenacia e spinta motivazionale per superare ogni tipo di ostacolo; da capacit\u00e0 di generare innovazioni per essere competitive nel mondo; da forza morale per fare impresa in modo responsabile, con rispetto delle persone, delle regole, dell\u2019ambiente. <\/p>\n<p style=\"text-align:justify;\">Quello che si paleser\u00e0 loro \u00e8 la capacit\u00e0 delle aziende nazionali di primeggiare nonostante le difficolt\u00e0 burocratiche, economiche e una cultura a volte non troppo favorevole.<\/p>\n\t\t<\/div>\n\t\t\t\t\n<style>\n#col-1637237815 > .col-inner {\n  padding: 0px 0px 0px 0px;\n  margin: 0px 0px -20px 0px;\n}\n@media (min-width:550px) {\n  #col-1637237815 > .col-inner {\n    padding: 0px 0px 0px 0px;\n  }\n}\n@media (min-width:850px) {\n  #col-1637237815 > .col-inner {\n    padding: 0px 0px 0px 0px;\n  }\n}\n<\/style>\n\t<\/div>\n\n\t\n\n\t<div id=\"col-1309474777\" class=\"col medium-4 small-12 large-4\"  data-animate=\"bounceIn\">\n\t\t\t\t<div class=\"col-inner\"  >\n\t\t\t\n\t\t\t\n\t<div id=\"gap-29563191\" class=\"gap-element clearfix\" style=\"display:block; height:auto;\">\n\t\t\n<style>\n#gap-29563191 {\n  padding-top: 10px;\n}\n<\/style>\n\t<\/div>\n\t\n\t<div class=\"img has-hover x md-x lg-x y md-y lg-y\" id=\"image_1617180437\">\n\t\t\t\t\t\t\t\t<div class=\"img-inner image-cover dark\" style=\"padding-top:173px;\">\n\t\t\t<img loading=\"lazy\" decoding=\"async\" width=\"1500\" height=\"1000\" src=\"https:\/\/www.educazionedigitale.it\/ilsegretoitaliano\/wp-content\/uploads\/2023\/07\/smiling-group-friends-sitting-around-laptop.jpg\" class=\"attachment-original size-original\" alt=\"\" srcset=\"https:\/\/www.educazionedigitale.it\/ilsegretoitaliano\/wp-content\/uploads\/2023\/07\/smiling-group-friends-sitting-around-laptop.jpg 1500w, https:\/\/www.educazionedigitale.it\/ilsegretoitaliano\/wp-content\/uploads\/2023\/07\/smiling-group-friends-sitting-around-laptop-800x533.jpg 800w, https:\/\/www.educazionedigitale.it\/ilsegretoitaliano\/wp-content\/uploads\/2023\/07\/smiling-group-friends-sitting-around-laptop-768x512.jpg 768w\" sizes=\"auto, (max-width: 1500px) 100vw, 1500px\" \/>\t\t\t\t\t\t\n\t\t\t\t\t<\/div>\n\t\t\t\t\t\t\t\t\n<style>\n#image_1617180437 {\n  width: 100%;\n}\n<\/style>\n\t<\/div>\n\t\n\t\t<\/div>\n\t\t\t\t\n<style>\n#col-1309474777 > .col-inner {\n  padding: 0px 20px 0px 0px;\n  margin: 0px 0px -10px 0px;\n}\n<\/style>\n\t<\/div>\n\n\t\n<\/div>\n<div class=\"row\"  id=\"row-1481803654\">\n\n\t<div id=\"col-245064523\" class=\"col small-12 large-12\"  >\n\t\t\t\t<div class=\"col-inner\"  >\n\t\t\t\n\t\t\t\n<div class=\"row\"  id=\"row-173054675\">\n\n\t<div id=\"col-929678740\" class=\"col medium-4 small-12 large-4\"  data-animate=\"bounceIn\">\n\t\t\t\t<div class=\"col-inner\"  >\n\t\t\t\n\t\t\t\n\t<div id=\"gap-1191475097\" class=\"gap-element clearfix\" style=\"display:block; height:auto;\">\n\t\t\n<style>\n#gap-1191475097 {\n  padding-top: 10px;\n}\n<\/style>\n\t<\/div>\n\t\n\t<div class=\"img has-hover x md-x lg-x y md-y lg-y\" id=\"image_329894929\">\n\t\t\t\t\t\t\t\t<div class=\"img-inner image-cover dark\" style=\"padding-top:372px;\">\n\t\t\t<img loading=\"lazy\" decoding=\"async\" width=\"1125\" height=\"1500\" src=\"https:\/\/www.educazionedigitale.it\/ilsegretoitaliano\/wp-content\/uploads\/2023\/07\/business-webinar-video-presentation-distance-education-female-student-watching-male-coach-online-statistics-analysis-laptop-screen-workplace.jpg\" class=\"attachment-original size-original\" alt=\"\" srcset=\"https:\/\/www.educazionedigitale.it\/ilsegretoitaliano\/wp-content\/uploads\/2023\/07\/business-webinar-video-presentation-distance-education-female-student-watching-male-coach-online-statistics-analysis-laptop-screen-workplace.jpg 1125w, https:\/\/www.educazionedigitale.it\/ilsegretoitaliano\/wp-content\/uploads\/2023\/07\/business-webinar-video-presentation-distance-education-female-student-watching-male-coach-online-statistics-analysis-laptop-screen-workplace-600x800.jpg 600w, https:\/\/www.educazionedigitale.it\/ilsegretoitaliano\/wp-content\/uploads\/2023\/07\/business-webinar-video-presentation-distance-education-female-student-watching-male-coach-online-statistics-analysis-laptop-screen-workplace-768x1024.jpg 768w\" sizes=\"auto, (max-width: 1125px) 100vw, 1125px\" \/>\t\t\t\t\t\t\n\t\t\t\t\t<\/div>\n\t\t\t\t\t\t\t\t\n<style>\n#image_329894929 {\n  width: 100%;\n}\n<\/style>\n\t<\/div>\n\t\n\t\t<\/div>\n\t\t\t\t\n<style>\n#col-929678740 > .col-inner {\n  margin: 0px 0px -49px 0px;\n}\n<\/style>\n\t<\/div>\n\n\t\n\n\t<div id=\"col-2132067370\" class=\"col medium-8 small-12 large-8\"  >\n\t\t\t\t<div class=\"col-inner\"  >\n\t\t\t\n\t\t\t\n\t<div id=\"gap-1605054688\" class=\"gap-element clearfix show-for-small\" style=\"display:block; height:auto;\">\n\t\t\n<style>\n#gap-1605054688 {\n  padding-top: 30px;\n}\n<\/style>\n\t<\/div>\n\t\n<p style=\"text-align:justify;\">Il FSL \u00e8 costituito da 3 moduli formativi in e-learning per un totale di <strong style= \"color:#06C44A;\">10 videolezioni<\/strong>, con relativi test di verifica, e da una fase operativa.<\/p>\n<ul style=\"text-align:justify;\">I contenuti vertono su:<\/p>\n<li>gli elementi base di ogni impresa (organizzazione, gestione, risultati);<\/li>\n<li>il made in italy e il segreto italiano (la comprensione dei caratteri identitari delle imprese industriali artefici dei successi dell\u2019Italia nel mondo);<\/li>\n<li>il focus su alcune delle eccellenze imprenditoriali nazionali.<\/li>\n<\/ul>\n<p style=\"text-align:justify;\">A seguito dell&#8217;apprendimento teorico, la classe dovr\u00e0 cimentarsi in un&#8217;attivit\u00e0 di analisi dell&#8217;eccellenza industriale locale, seguendo le linee guida fornite e arrivando a produrre un pdf che andr\u00e0 caricato da ciascuno in piattaforma. All\u2019insegnante referente il compito di verificare e validare quanto realizzato, al fine di sbloccare la certificazione delle ore svolte e l&#8217;attestato da consegnare ad ogni alunno.<\/p>\n\t\t<\/div>\n\t\t\t\t\n<style>\n#col-2132067370 > .col-inner {\n  margin: 0px 0px -28px 0px;\n}\n<\/style>\n\t<\/div>\n\n\t\n\n<style>\n#row-173054675 > .col > .col-inner {\n  background-color: rgb(244, 243, 244);\n}\n<\/style>\n<\/div>\n\t\t<\/div>\n\t\t\t\t\t<\/div>\n\n\t\n\n<style>\n#row-1481803654 > .col > .col-inner {\n  padding: 20px 20px 0px 20px;\n  background-color: rgb(244, 243, 244);\n}\n<\/style>\n<\/div>\n\t\t<\/div>\n\t\t\t\t\t<\/div>\n\n\t\n<\/div>\n\t\t<\/div>\n\n\t\t\n<style>\n#section_35374947 {\n  padding-top: 30px;\n  padding-bottom: 30px;\n}\n#section_35374947 .section-bg img {\n  object-position: 0% 0%;\n}\n<\/style>\n\t<\/section>\n\t\n","protected":false},"excerpt":{"rendered":"","protected":false},"author":1,"featured_media":0,"parent":0,"menu_order":0,"comment_status":"closed","ping_status":"closed","template":"page-blank.php","meta":{"_monsterinsights_skip_tracking":false,"_monsterinsights_sitenote_active":false,"_monsterinsights_sitenote_note":"","_monsterinsights_sitenote_category":0,"footnotes":""},"class_list":["post-531","page","type-page","status-publish","hentry"],"_links":{"self":[{"href":"https:\/\/www.educazionedigitale.it\/ilsegretoitaliano\/wp-json\/wp\/v2\/pages\/531","targetHints":{"allow":["GET"]}}],"collection":[{"href":"https:\/\/www.educazionedigitale.it\/ilsegretoitaliano\/wp-json\/wp\/v2\/pages"}],"about":[{"href":"https:\/\/www.educazionedigitale.it\/ilsegretoitaliano\/wp-json\/wp\/v2\/types\/page"}],"author":[{"embeddable":true,"href":"https:\/\/www.educazionedigitale.it\/ilsegretoitaliano\/wp-json\/wp\/v2\/users\/1"}],"replies":[{"embeddable":true,"href":"https:\/\/www.educazionedigitale.it\/ilsegretoitaliano\/wp-json\/wp\/v2\/comments?post=531"}],"version-history":[{"count":3,"href":"https:\/\/www.educazionedigitale.it\/ilsegretoitaliano\/wp-json\/wp\/v2\/pages\/531\/revisions"}],"predecessor-version":[{"id":6429,"href":"https:\/\/www.educazionedigitale.it\/ilsegretoitaliano\/wp-json\/wp\/v2\/pages\/531\/revisions\/6429"}],"wp:attachment":[{"href":"https:\/\/www.educazionedigitale.it\/ilsegretoitaliano\/wp-json\/wp\/v2\/media?parent=531"}],"curies":[{"name":"wp","href":"https:\/\/api.w.org\/{rel}","templated":true}]}}