{"id":5284,"date":"2021-09-07T08:48:29","date_gmt":"2021-09-07T06:48:29","guid":{"rendered":"https:\/\/www.educazionedigitale.it\/lacostituzioneapertaatutti\/?page_id=5284"},"modified":"2023-02-21T17:41:33","modified_gmt":"2023-02-21T16:41:33","slug":"note-legali","status":"publish","type":"page","link":"https:\/\/www.educazionedigitale.it\/lacostituzioneapertaatutti\/note-legali\/","title":{"rendered":"Note Legali"},"content":{"rendered":"\t<div id=\"gap-702165073\" class=\"gap-element clearfix\" style=\"display:block; height:auto;\">\n\t\t\n<style>\n#gap-702165073 {\n  padding-top: 30px;\n}\n<\/style>\n\t<\/div>\n\t\n<div class=\"row\"  id=\"row-921534246\">\n\n\t<div id=\"col-2039813621\" class=\"col small-12 large-12\"  >\n\t\t\t\t<div class=\"col-inner\"  >\n\t\t\t\n\t\t\t\n<div class=\"container section-title-container\" ><h3 class=\"section-title section-title-normal\"><b aria-hidden=\"true\"><\/b><span class=\"section-title-main\" >Disclaimer<\/span><b aria-hidden=\"true\"><\/b><\/h3><\/div>\n<p style=\"text-align: justify;\">Il Ministero dell\u2019Istruzione e del Merito (MIM) si impegna costantemente per assicurare la qualit\u00e0 delle informazioni pubblicate sul proprio sito istituzionale, nonch\u00e9 la loro integrit\u00e0, aggiornamento, completezza, tempestivit\u00e0, semplicit\u00e0 di consultazione e accessibilit\u00e0. In ogni caso l&#8217;utente accetta che il sito e tutti i suoi contenuti, ivi compresi i servizi eventualmente offerti, sono forniti &#8220;cos\u00ec come sono&#8221;. Il Ministero dell\u2019Istruzione e del Merito, pertanto, non rilascia alcun tipo di garanzia, esplicita o implicita, riguardo tali contenuti, ivi compresi, senza alcuna limitazione, la liceit\u00e0, il diritto di propriet\u00e0, la convenienza o l&#8217;adeguatezza a particolari scopi o usi.<\/p>\n<p>In nessun caso il MIM potr\u00e0 essere ritenuto responsabile dei danni di qualsiasi natura causati direttamente o indirettamente dall&#8217;accesso al sito, dall&#8217;incapacit\u00e0 o impossibilit\u00e0 di accedervi. In nessuna circostanza il Ministero dell\u2019Istruzione e del Merito, i suoi fornitori o i collaboratori, potranno essere ritenuti responsabili per qualsiasi danno diretto, indiretto, incidentale, consequenziale, legato all&#8217;uso del presente sito web o di altri siti web ad esso collegati da un link ipertestuale, ivi compresi senza alcuna limitazione, i danni quali la perdita di profitti o fatturato, l&#8217;interruzione di attivit\u00e0 aziendale o professionale, la perdita di programmi o altro tipo di dati ubicati sul sistema informatico dell&#8217;utente o altro sistema.<\/p>\n<p>I collegamenti a siti esterni, indicati nel presente sito, sono forniti come semplice servizio agli utenti, con esclusione di ogni responsabilit\u00e0 sulla correttezza e sulla completezza dell\u2019insieme dei collegamenti indicati. L\u2019indicazione dei collegamenti non implica da parte del MIM alcun tipo di approvazione o condivisione di responsabilit\u00e0 in relazione alla legittimit\u00e0, alla completezza e alla correttezza delle informazioni contenute nei siti indicati.<\/p>\n<p>Il MIUM, inoltre, non potr\u00e0 essere ritenuto in alcun modo responsabile per i servizi di connettivit\u00e0 utilizzati dagli Utenti per l\u2019accesso al Portale.<br \/>\nIl Ministero dell\u2019Istruzione e del Merito si riserva il diritto di inibire o proibire o sospendere, in qualsiasi momento e senza preavviso, l&#8217;accesso al presente sito o a parti di esso e ai relativi servizi.<\/p>\n<div class=\"container section-title-container\" ><h3 class=\"section-title section-title-normal\"><b aria-hidden=\"true\"><\/b><span class=\"section-title-main\" >Titolare del trattamento dei dati<\/span><b aria-hidden=\"true\"><\/b><\/h3><\/div>\n<p style=\"text-align: justify;\">Il Titolare del trattamento dei dati \u00e8 il Ministero dell\u2019Istruzione e del Merito, con sede in Roma presso Viale di Trastevere, n. 76\/a, 00153 Roma, al quale ci si potr\u00e0 rivolgere per esercitare i diritti degli interessati.<\/p>\n<div class=\"container section-title-container\" ><h3 class=\"section-title section-title-normal\"><b aria-hidden=\"true\"><\/b><span class=\"section-title-main\" >Copyright<\/span><b aria-hidden=\"true\"><\/b><\/h3><\/div>\n<p style=\"text-align: justify;\">I contenuti del sito &#8211; codice di script, grafica, testi, tabelle, immagini, suoni, e ogni altra informazione disponibile in qualunque forma &#8211; sono protetti ai sensi della normativa in tema di opere dell&#8217;ingegno.<br \/>\nOgni prodotto o societ\u00e0 menzionati in questo sito sono marchi dei rispettivi proprietari o titolari e possono essere protetti da brevetti e\/o copyright concessi o registrati dalle autorit\u00e0 preposte.<br \/>\nPer fini di lucro \u00e8 consentito utilizzare, copiare e distribuire i documenti e le relative immagini disponibili su questo sito solo dietro permesso scritto del Ministero dell\u2019Istruzione e del Merito, fatte salve eventuali spettanze di diritto. Le note di copyright, gli autori ove indicati o la fonte stessa devono in tutti i casi essere citati nelle pubblicazioni in qualunque forma realizzate e diffuse. \u00c8 vietato il c.d. deep linking ossia l&#8217;utilizzo non trasparente, su siti di soggetti terzi, di parti del Sito.<\/p>\n<div class=\"container section-title-container\" ><h3 class=\"section-title section-title-normal\"><b aria-hidden=\"true\"><\/b><span class=\"section-title-main\" >Privacy<\/span><b aria-hidden=\"true\"><\/b><\/h3><\/div>\n<p style=\"text-align: justify;\">I dati personali forniti dall\u2019utente in relazione all&#8217;uso del presente sito e dei relativi servizi sono trattati in conformit\u00e0 al art. 13 del Regolamento UE<br \/>\n679\/2016, \u201cRegolamento (Ue) 2016\/679 del Parlamento Europeo e del Consiglio del 27 aprile 2016 recante il &#8220;Codice in materia di protezione dei dati personali&#8221;. La privacy degli utenti \u00e8 molto importante. Per questo motivo \u00e8 stata predisposta un\u2019apposita <a href=\"https:\/\/www.educazionedigitale.it\/edustrada\/privacy-policy\/\" target=\"_blank\" rel=\"noopener noreferrer\">Informativa<\/a> che l\u2019Utente, utilizzando il Sito, accetta.<\/p>\n<div class=\"container section-title-container\" ><h3 class=\"section-title section-title-normal\"><b aria-hidden=\"true\"><\/b><span class=\"section-title-main\" >Social Media<\/span><b aria-hidden=\"true\"><\/b><\/h3><\/div>\n<p style=\"text-align: justify;\">Il MIM utilizza i social media per finalit\u00e0 istituzionali, per accrescere la trasparenza e la conoscenza delle proprie attivit\u00e0: informa, comunica, ascolta e pubblica contenuti di carattere istituzionale. L\u2019utente pu\u00f2 prendere visione delle <a href=\"https:\/\/www.miur.gov.it\/web\/guest\/social-network\" target=\"_blank\" rel=\"noopener noreferrer\">Policy MIM per l\u2019utilizzo dei social media<\/a>.<\/p>\n\t\t<\/div>\n\t\t\t\t\t<\/div>\n\n\t\n<\/div>\n<p><!--[gap]\n[row]\n\n[col span__sm=\"12\"]\n[title text=\"Informativa sulla Privacy\"]\n\n\n<p style=\"text-align: justify;\"><strong>INFORMATIVA SULLA PRIVACY DI CIVICAMENTE\nData di entrata in vigore: 24 maggio 2018<\/strong>\nBenvenuto su Educazione Digitale.\nEducazioneDigitale.it \u00e8 una piattaforma di propriet\u00e0 di Civicamente srl, titolare del trattamento dei dati, con sede legale in Via Foscolo 10, 25080 Padenghe sul Garda (BS). L\u2019indirizzo e-mail del nostro Privacy Officer \u00e8 <a href=\"redazione@civicamente.it\">redazione@civicamente.it<\/a><\/p>\n\n\n\n\n<p style=\"text-align: justify;\">La tua privacy \u00e8 per noi molto importante, per questo desideriamo comunicarti le modalit\u00e0 con le quali raccogliamo e usiamo le informazioni che ti riguardano. La nostra Azienda presta da sempre particolare attenzione al trattamento e alla protezione dei dati personali dei propri Clienti, Communities, Utenti, Fornitori, Collaboratori e di tutti coloro con i quali entra in rapporto. Per tale motivo, al fine di garantire il massimo rispetto del Regolamento UE 2016\/679, Civicamente ha adottato un idoneo Modello Organizzativo Privacy.\nIl Codice e il Regolamento in oggetto prevedono che chi effettua trattamenti di dati personali \u00e8 tenuto ad informare il soggetto interessato, su quali dati vengano trattati e su taluni elementi qualificanti il trattamento: esso deve avvenire con correttezza, liceit\u00e0 e trasparenza, tutelando la tua riservatezza ed i tuoi diritti. Conformemente a quanto previsto dagli articoli 13 e 14 del Regolamento UE 2016\/679, ti forniamo le seguenti informazioni.<\/p>\n\n\n[title text=\"PERCH\u00c9 QUESTA INFORMATIVA E A CHI \u00c8 RIVOLTA?\"]\n\n\n<p style=\"text-align: justify;\">In questa pagina si descrivono le modalit\u00e0 di trattamento dei dati personali degli Utenti, dei Clienti e dei Fornitori della nostra Azienda, ovvero quali informazioni raccogliamo, come le raccogliamo, cosa ne facciamo, come le proteggiamo, quanto a lungo le conserviamo e i diritti degli Interessati rispetto alle proprie informazioni.\n<strong>In Breve<\/strong> Questa informativa, indirizzata a Utenti, Communities, Clienti, Fornitori e Collaboratori, descrive le nostre pratiche in materia di privacy.<\/p>\n\n\n[title text=\"QUALI INFORMAZIONI RACCOGLIAMO?\"]\n\n\n<p style=\"text-align: justify;\"><strong>Docenti e community<\/strong>\nRaccogliamo informazioni relative ai docenti di scuole pubbliche o private per sviluppare dialogo con la nostra community, informarla dei progetti educativi gratuiti che si rendono disponibili nel tempo, invitare ad eventi, anche interattivi, di interesse educativo nel costante principio di gratuit\u00e0 di tutte le esperienze formative offerte al docente.\nLe informazioni riguardano dettagli di contatto (e-mail, numero di telefono, etc), dati anagrafici, nonch\u00e9 altri dati di natura comune.\n<strong>Utenti<\/strong>\nRaccogliamo informazioni relative al ruolo professionale della persona all\u2019interno dell\u2019organizzazione istituzionale o aziendale ed alla categoria alla quale l\u2019organizzazione appartiene.\n<strong>Fornitori<\/strong>\nRaccogliamo informazioni relative al ruolo professionale della persona all\u2019interno dell\u2019organizzazione ed alla categoria merceologica alla quale l\u2019organizzazione appartiene.\n<strong>In Breve<\/strong> Raccogliamo due tipi di informazioni: informazioni personali (utilizzabili per identificare in modo univoco un individuo, esempio l\u2019indirizzo e-mail) e informazioni non personali (relative a persone giuridiche).<\/p>\n\n\n[title text=\"PERCH\u00c9 RACCOGLIAMO DATI PERSONALI?\"]\n\n\n<p style=\"text-align: justify;\">Raccogliamo tali informazioni per le seguenti finalit\u00e0:\n\u2013 tenerti aggiornato su nuovi percorsi educativi, eventi formativi, webinar di formazione\n\u2013 veicolare inviti di carattere gratuito per eventi di interesse formativo, educativo\n\u2013 fornirti contenuti di interesse per il tuo profilo professionale e culturale\n\u2013 promuovere corsi di formazione di empowerment personale\n\u2013 perseguire un nostro legittimo interesse, a condizione che non prevalgano tuoi interessi o diritti e libert\u00e0 fondamentali.<\/p>\n\n\n[title text=\"OPPOSIZIONE AL TRATTAMENTO PER FINALIT\u00c0 DI MARKETING\"]\n\n\n<p style=\"text-align: justify;\">Le coordinate di posta elettronica dei nostri Clienti potranno essere utilizzate ai fini dell\u2019invio diretto di nostro materiale informativo o di vendita diretta o per il compimento di proprie ricerche di mercato o di comunicazione commerciale. Ti ricordiamo che, al momento della raccolta dei tuoi dati e in occasione di ogni comunicazione effettuata per le menzionate finalit\u00e0, potrai opporti al trattamento utilizzando l\u2019apposita funzionalit\u00e0 di opt-out disponibile in ogni comunicazione ricevuta, oppure contattandoci con le modalit\u00e0 indicate in calce alla presente Informativa. Dell\u2019interruzione del trattamento ti verr\u00e0 dato immediato riscontro.\n<strong>In Breve<\/strong> Raccogliamo e utilizziamo le informazioni per consentire un\u2019efficace gestione delle nostre community.<\/p>\n\n\n[title text=\"CON CHI CONDIVIDIAMO LE TUE INFORMAZIONI?\"]\n\n\n<p style=\"text-align: justify;\">Per garantire la maggior privacy possibile alla Community di EducazioneDigitale.it ci impegniamo a non comunicare esternamente le tue informazioni, fatta eccezione per gli Enti e le realt\u00e0 associative promotori dei progetti didattici promossi dalla piattaforma Edustrada.<\/p>\n\n\n\n[title text=\"PER QUANTO TEMPO CONSERVIAMO LE INFORMAZIONI?\"]\n\n\n<p style=\"text-align: justify;\">Conserviamo le informazioni per tutto il tempo in cui EducazioneDigitale.it rester\u00e0 attiva.<\/p>\n\n\n[title text=\"I TUOI DIRITTI E COME CONTATTARCI\"]\n\n\n<p style=\"text-align: justify;\">Ti ricordiamo che hai il diritto in qualunque momento di ottenere la conferma dell\u2019esistenza o meno dei dati personali che ti riguardano e da noi trattati, di conoscerne il contenuto e l\u2019origine, verificarne l\u2019esattezza o chiederne l\u2019integrazione, l\u2019aggiornamento, la rettifica. Hai, inoltre, il diritto di chiedere la cancellazione, la trasformazione in forma anonima o il blocco dei dati trattati in violazione di legge, nonch\u00e9 di chiedere la limitazione o opporti, in ogni caso, per motivi legittimi, al loro trattamento.\nLe richieste vanno rivolte:\n\u2013 via e-mail, al nostro Privacy Officer: <a href=\"redazione@civicamente.it\">redazione@civicamente.it<\/a>\n<strong>In Breve<\/strong> Puoi chiedere a mezzo e-mail di accedere ai dati personali da noi trattati, chiederne la rettifica o la cancellazione degli stessi. Risponderemo alle richieste entro un lasso di tempo ragionevole e, comunque, non oltre 30 giorni dal loro ricevimento.<\/p>\n\n\n[title text=\"Cookie Policy\"]\n\n\n<p style=\"text-align: justify;\"><strong>Che cosa sono i cookie<\/strong>\nIl cookie \u00e8 un piccolo file di testo contenente una certa quantit\u00e0 di informazioni scambiato tra un sito internet ed il tuo terminale (solitamente il browser).\nIl cookie viene normalmente utilizzato dal gestore del sito internet per memorizzare le informazioni necessarie a migliorare la navigazione all\u2019interno del sito, inviare comunicazioni in linea con le preferenze manifestate dall\u2019utente nell\u2019ambito della navigazione in rete, condurre analisi sul numero delle visite al sito.\nNel corso della navigazione l\u2019utente pu\u00f2 ricevere sul suo terminale anche cookie inviati da siti o da web server diversi (c.d. terze parti), sui quali possono risiedere alcuni elementi quali immagini, mappe, suoni, specifici link a pagine di altri domini.\nInoltre si distingue tra: 1) cookie di sessione, assegnati al dispositivo dell\u2019utente soltanto per la durata dell\u2019accesso al sito, che scadono automaticamente alla chiusura del browser; 2) cookie persistenti che restano nel dispositivo per un periodo di tempo prolungato.\nDi seguito descriviamo le specifiche finalit\u00e0 delle diverse tipologie di cookie installati in questo sito insieme alle informazioni per disattivarli.<\/p>\n\n\n\n\n<p style=\"text-align: justify;\"><strong>Che cosa sono i cookie<\/strong>\nSe non vuoi ricevere cookie, puoi modificare le impostazioni del tuo browser in modo che ti venga notificato quando dei cookie vengono inviati o in modo che tu possa rifiutare i cookie stessi. Puoi cancellare, limitare o bloccare i cookie del browser che sono gi\u00e0 installati sul tuo dispositivo: per farlo puoi cambiare il settaggio del browser stesso attraverso la funzione \u201cimpostazioni\u201d nel browser.\nPer maggiori informazioni sui cookie e su come gestirli puoi visitare AboutCookies.org: troverai informazioni dettagliate ed esaustive su come intervenire sulle diverse tipologie di browser.\nTi ricordiamo che disattivano i cookie rischi di perdere alcune funzionalit\u00e0 del sito.<\/p>\n\n\n\n\n<p style=\"text-align: justify;\"><strong>Come utilizziamo i cookie<\/strong>\n<em>Cookie tecnici<\/em>\nI cookie tecnici, persistenti e di sessione, permettono il corretto funzionamento di alcune parti del sito.\nQuesti cookie, inviati dal nostro dominio, sono necessari a visualizzare correttamente il sito ed in relazione ai servizi tecnici offerti, verranno sempre utilizzati e inviati. Se vorrai modificare le impostazioni relative sul browser, determinerai una non corretta visualizzazione delle pagine del sito.\n<em>Cookie analitici<\/em>\nUtilizziamo i cookie analitici per raccogliere informazioni sull\u2019uso del sito. Civicamente srl user\u00e0 queste informazioni per analisi statistiche anonime al fine di migliorare l\u2019utilizzo del sito e per rendere i contenuti pi\u00f9 interessanti ed attinenti alle preferenze dell\u2019utenza. Questi cookie analitici, quindi, raccolgono dati in forma anonima.\n<em>Cookie di analisi di servizi di terze parti<\/em>\nQuesta categoria di cookie viene utilizzata per raccogliere, sempre in forma anonima, informazioni quali: pagine visitate, tempo di permanenza, origini del traffico di provenienza, provenienza geografica, et\u00e0, genere interessi. Questi cookie sono inviati da domini di terze parti esterni al sito.\n<em>Cookie di profilazione<\/em>\nI cookie di profilazione sono quei cookie necessari a creare profili di utenti al fine di inviare messaggi pubblicitari in linea con le preferenze manifestate dall\u2019utente all\u2019interno delle pagine del sito.\n<em>Siti web e servizi di terze parti<\/em>\nIl nostro sito pu\u00f2 contenere collegamenti ad altri siti web che dispongono di una propria informativa sulla privacy che pu\u00f2 essere diversa da quella adottata da Civicamente che, quindi, non risponde di queste siti.<\/p>\n\n\n\n\n<p style=\"text-align: justify;\"><strong>Elenco cookie utilizzati da Civicamente<\/strong>\n<em>Cookie di sistema<\/em>\nI nostri siti e le nostre piattaforme utilizzano cookie per garantire all\u2019utente una migliore esperienza di navigazione: si tratta di cookie indispensabili per la funzione corretta del sito. Puoi disabilitare questi cookie dal browser seguendo le indicazioni nel paragrafo dedicato, ma comprometterai la tua esperienza di navigazione sul sito e non potremo rispondere dei malfunzionamenti.\n<em>Google Analytics<\/em>\nSi tratta di cookie di monitoraggio per la generazione di statistiche sull\u2019utilizzo del sito. Google Analytics utilizza cookie che non memorizzano dati personali e che vengono depositati sul computer dell\u2019utente per consentire al gestore del sito web di analizzare come gli utenti utilizzano il sito stesso.\n<em>Cookie rilasciati da Youtube<\/em>\nSi tratta di cookie di di terze parti rilasciati in caso di accesso a video presenti su Youtube. I siti web spesso raccolgono informazioni sul modo in cui gli utenti interagiscono con essi. Tali informazioni potrebbero riguardare le pagine visistate pi\u00f9 spesso dagli utenti e gli eventuali messaggi di errore che ricevono da determinate pagine.\n<em>Cookie rilasciati da Vimeo<\/em>\nSi tratta di cookie di di terze parti rilasciati in caso di caricamento e accesso a video presenti su Vimeo. I siti web spesso raccolgono informazioni sul modo in cui gli utenti interagiscono con essi. Tali informazioni potrebbero riguardare le pagine visitate pi\u00f9 spesso dagli utenti.\n<em>Cookie rilasciati da Skymeeting<\/em>\nSi tratta di cookie di di terze parti rilasciati quando si accettano inviti a webinar gestiti con Skymeeting. I siti web spesso raccolgono informazioni sul modo in cui gli utenti interagiscono con essi.<\/p>\n\n\n\n\n<p style=\"text-align: justify;\"><strong>Informazioni sui cookie<\/strong>\n\n\n<p style=\"text-align: justify;\">Se desideri approfondire le modalit\u00e0 con cui il tuo browser memorizza i cookie durante la tua navigazione, ti invitiamo a seguire questi link sui siti dei rispettivi fornitori.<\/p>\n\n\nInformazioni relative ai cookie rilasciati da Google Analytics sono disponibili al seguente link:\n<a href=\"https:\/\/developers.google.com\/analytics\/devguides\/collection\/analyticsjs\/cookie-usage\" target=\"_blank\" rel=\"noopener noreferrer\">https:\/\/developers.google.com\/analytics\/devguides\/collection\/analyticsjs\/cookie-usage<\/a>\nInformazioni relative ai cookie rilasciati da YouTube sono disponibili al seguente link:\n<a href=\"https:\/\/policies.google.com\/technologies\/types\" target=\"_blank\" rel=\"noopener noreferrer\">https:\/\/policies.google.com\/technologies\/types<\/a>\nInformazioni relative ai cookie rilasciati da Vimeo sono disponibili al seguente link:\n<a href=\"https:\/\/vimeo.com\/cookie_policy\" target=\"_blank\" rel=\"noopener noreferrer\">https:\/\/vimeo.com\/cookie_policy<\/a><\/p>\n\n\n\n\n<p style=\"text-align: justify;\"><strong>Prestare o revocare il consenso<\/strong>\nCivicamente srl, secondo la normativa vigente, non \u00e8 tenuto a chiedere il consenso per i cookie tecnici e di analytics, in quanto necessari a fornire i servizi richiesti. Per tutte le altre tipologie di cookie, il consenso pu\u00f2 essere espresso dall\u2019Utente con una o pi\u00f9 delle seguenti modalit\u00e0:\n- mediante specifiche configurazioni del browser utilizzato o dei relativi programmi informatici utilizzati per navigare le pagine che compongono il sito;\n- mediante modifica delle impostazioni nell\u2019uso di servizi di terze parti.\nIl consenso all\u2019utilizzo dei cookie viene prestato inizialmente, alla comparsa del pop-up, proseguendo nella navigazione sul nostro sito, e pu\u00f2 essere revocato in ogni momento secondo quanto sopra indicato.<\/p>\n\n\n[title text=\"Prestare o revocare il consenso\"]\n\n\n<p style=\"text-align: justify;\"><strong>I tuoi diritti e i Responsabili del trattamento<\/strong>\nTi ricordiamo che hai il diritto, in qualunque momento, di ottenere la conferma dell\u2019esistenza o meno dei medesimi dati e di conoscerne il contenuto e l\u2019origine, verificarne l\u2019esattezza o chiederne l\u2019integrazione o l\u2019aggiornamento, oppure la rettifica.\nHai, inoltre, il diritto di chiedere la cancellazione, la trasformazione in forma anonima o il blocco dei dati trattati in violazione di legge, nonch\u00e9 di opporti in ogni caso, per motivi legittimi, al loro trattamento. Le richieste vanno rivolte via email, al nostro Privacy Officer: <a href=\"redazione@civicamente.it\">redazione@civicamente.it<\/a> oppure via posta all\u2019indirizzo della sede operativa Civicamente srl, Via Ugo Foscolo 10, 25080 Padenghe sul Garda (BS).<\/p>\n\n\n[\/col]\n[\/row] --!>\n\n\n<\/p>\n","protected":false},"excerpt":{"rendered":"\n  <div class=\"banner has-hover banner-home\" id=\"banner-244728730\">\n          <div class=\"banner-inner fill\">\n        <div class=\"banner-bg fill\" >\n            <img width=\"1020\" height=\"133\" src=\"https:\/\/www.educazionedigitale.it\/lacostituzioneapertaatutti\/wp-content\/uploads\/2021\/06\/bannerint4-1600x208.png\" class=\"bg attachment-large size-large\" alt=\"\" decoding=\"async\" loading=\"lazy\" \/>                                    \n                    <\/div>\n\t\t\n        <div class=\"banner-layers container\">\n            <div class=\"fill banner-link\"><\/div>               <div id=\"text-box-193869762\" class=\"text-box banner-layer x50 md-x50 lg-x50 y90 md-y90 lg-y90 res-text\">\n                     <div data-animate=\"fadeInLeft\">           <div class=\"text-box-content text dark\">\n              \n              <div class=\"text-inner text-center\">\n                  \n              <\/div>\n           <\/div>\n       <\/div>                     \n<style>\n#text-box-193869762 {\n  width: 60%;\n}\n#text-box-193869762 .text-box-content {\n  font-size: 100%;\n}\n@media (min-width:550px) {\n  #text-box-193869762 {\n    width: 80%;\n  }\n}\n<\/style>\n    <\/div>\n         <\/div>\n      <\/div>\n\n            \n<style>\n#banner-244728730 {\n  padding-top: 250px;\n}\n<\/style>\n  <\/div>\n\n\n","protected":false},"author":6,"featured_media":0,"parent":0,"menu_order":0,"comment_status":"closed","ping_status":"closed","template":"page-blank.php","meta":{"_monsterinsights_skip_tracking":false,"_monsterinsights_sitenote_active":false,"_monsterinsights_sitenote_note":"","_monsterinsights_sitenote_category":0,"footnotes":""},"class_list":["post-5284","page","type-page","status-publish","hentry"],"_links":{"self":[{"href":"https:\/\/www.educazionedigitale.it\/lacostituzioneapertaatutti\/wp-json\/wp\/v2\/pages\/5284","targetHints":{"allow":["GET"]}}],"collection":[{"href":"https:\/\/www.educazionedigitale.it\/lacostituzioneapertaatutti\/wp-json\/wp\/v2\/pages"}],"about":[{"href":"https:\/\/www.educazionedigitale.it\/lacostituzioneapertaatutti\/wp-json\/wp\/v2\/types\/page"}],"author":[{"embeddable":true,"href":"https:\/\/www.educazionedigitale.it\/lacostituzioneapertaatutti\/wp-json\/wp\/v2\/users\/6"}],"replies":[{"embeddable":true,"href":"https:\/\/www.educazionedigitale.it\/lacostituzioneapertaatutti\/wp-json\/wp\/v2\/comments?post=5284"}],"version-history":[{"count":3,"href":"https:\/\/www.educazionedigitale.it\/lacostituzioneapertaatutti\/wp-json\/wp\/v2\/pages\/5284\/revisions"}],"predecessor-version":[{"id":5771,"href":"https:\/\/www.educazionedigitale.it\/lacostituzioneapertaatutti\/wp-json\/wp\/v2\/pages\/5284\/revisions\/5771"}],"wp:attachment":[{"href":"https:\/\/www.educazionedigitale.it\/lacostituzioneapertaatutti\/wp-json\/wp\/v2\/media?parent=5284"}],"curies":[{"name":"wp","href":"https:\/\/api.w.org\/{rel}","templated":true}]}}