{"id":531,"date":"2015-03-13T15:30:41","date_gmt":"2015-03-13T14:30:41","guid":{"rendered":"http:\/\/www.educazionedigitale.it\/lamagnificafabbrica\/?page_id=531"},"modified":"2024-11-08T08:44:59","modified_gmt":"2024-11-08T07:44:59","slug":"il-percorso","status":"publish","type":"page","link":"https:\/\/www.educazionedigitale.it\/lamagnificafabbrica\/il-percorso\/","title":{"rendered":"Percorso"},"content":{"rendered":"\n\t<section class=\"section\" id=\"section_249670137\">\n\t\t<div class=\"section-bg fill\" >\n\t\t\t\t\t\t\t\t\t\n\t\t\t\n\n\t\t<\/div>\n\n\t\t\n\n\t\t<div class=\"section-content relative\">\n\t\t\t\n\t<div id=\"gap-2142941998\" class=\"gap-element clearfix\" style=\"display:block; height:auto;\">\n\t\t\n<style>\n#gap-2142941998 {\n  padding-top: 50px;\n}\n@media (min-width:550px) {\n  #gap-2142941998 {\n    padding-top: 100px;\n  }\n}\n<\/style>\n\t<\/div>\n\t\n\n  <div class=\"banner has-hover banner-home\" id=\"banner-1279464562\">\n          <div class=\"banner-inner fill\">\n        <div class=\"banner-bg fill\" >\n            <img loading=\"lazy\" decoding=\"async\" width=\"2560\" height=\"1708\" src=\"https:\/\/www.educazionedigitale.it\/lamagnificafabbrica\/wp-content\/uploads\/2024\/06\/1-scaled.jpg\" class=\"bg attachment-original size-original\" alt=\"\" \/>                        <div class=\"overlay\"><\/div>            \n                    <\/div>\n\t\t\n        <div class=\"banner-layers container\">\n            <div class=\"fill banner-link\"><\/div>            \n   <div id=\"text-box-373608043\" class=\"text-box banner-layer x5 md-x5 lg-x0 y50 md-y70 lg-y65 res-text\">\n                     <div data-animate=\"fadeInDown\">           <div class=\"text-box-content text \">\n              \n              <div class=\"text-inner text-right\">\n                  \n\t<div id=\"text-4257325142\" class=\"text\">\n\t\t\n<h1><span style=\"border-bottom:3px solid red\">Il Percorso<\/span><\/h1>\n\t\t\n<style>\n#text-4257325142 {\n  font-size: 0.9rem;\n  text-align: left;\n  color: rgb(255,255,255);\n}\n#text-4257325142 > * {\n  color: rgb(255,255,255);\n}\n<\/style>\n\t<\/div>\n\t\n              <\/div>\n           <\/div>\n       <\/div>                     \n<style>\n#text-box-373608043 .text-inner {\n  padding: 0px 0px 0px 20px;\n}\n#text-box-373608043 {\n  width: 84%;\n}\n#text-box-373608043 .text-box-content {\n  font-size: 100%;\n}\n@media (min-width:550px) {\n  #text-box-373608043 {\n    width: 80%;\n  }\n}\n@media (min-width:850px) {\n  #text-box-373608043 {\n    width: 70%;\n  }\n}\n<\/style>\n    <\/div>\n \n        <\/div>\n      <\/div>\n\n            \n<style>\n#banner-1279464562 {\n  padding-top: 250px;\n}\n#banner-1279464562 .overlay {\n  background-color: rgba(0, 0, 0, 0.593);\n}\n#banner-1279464562 .banner-bg img {\n  object-position: 50% 47%;\n}\n@media (min-width:550px) {\n  #banner-1279464562 .overlay {\n    background-color: rgba(0, 0, 0, 0.256);\n  }\n}\n<\/style>\n  <\/div>\n\n\n\t\t<\/div>\n\n\t\t\n<style>\n#section_249670137 {\n  padding-top: 0px;\n  padding-bottom: 0px;\n  margin-bottom: -80px;\n}\n<\/style>\n\t<\/section>\n\t\n\n\t<section class=\"section\" id=\"section_827533008\">\n\t\t<div class=\"section-bg fill\" >\n\t\t\t\t\t\t\t\t\t\n\t\t\t\n\n\t\t<\/div>\n\n\t\t\n\n\t\t<div class=\"section-content relative\">\n\t\t\t\n<div class=\"row row-collapse\"  id=\"row-94693218\">\n\n\t<div id=\"col-1699242103\" class=\"col small-12 large-12\"  data-animate=\"blurIn\">\n\t\t\t\t<div class=\"col-inner box-shadow-2\" style=\"background-color:rgb(255,255,255);\" >\n\t\t\t\n\t\t\t\n<div class=\"row row-collapse align-middle\"  id=\"row-1449208585\">\n\n\t<div id=\"col-1941303179\" class=\"col medium-12 small-12 large-5\"  >\n\t\t\t\t<div class=\"col-inner\"  >\n\t\t\t\n\t\t\t\n<div class=\"row row-collapse\"  id=\"row-298316592\">\n\n\t<div id=\"col-1404603185\" class=\"col large-12\"  >\n\t\t\t\t<div class=\"col-inner\"  >\n\t\t\t\n\t<div class=\"is-border\"\n\t\tstyle=\"border-width:5px 5px 5px 5px;\">\n\t<\/div>\n\t\t\t\n\t<div id=\"text-735584739\" class=\"text\">\n\t\t\n<p><video width=\"100%\" controls poster=\"https:\/\/www.educazionedigitale.it\/lamagnificafabbrica\/wp-content\/uploads\/2024\/05\/Screenshot-2024-05-31-100627.png\"><source src=\"https:\/\/www.educazionedigitale.it\/lamagnificafabbrica\/wp-content\/uploads\/2024\/05\/Callas-Video-PCTO.mp4\" type=\"video\/mp4\"><\/video><\/p>\n\t\t\n<style>\n#text-735584739 {\n  color: #373737;\n}\n#text-735584739 > * {\n  color: #373737;\n}\n<\/style>\n\t<\/div>\n\t\n\t<div id=\"text-1142344451\" class=\"text\">\n\t\t\n<p style=\"margin-bottom: 10px; margin-top:-15px\"><em>Il soprano Maria Callas parla delle maestranze del Teatro alla Scala<\/em><\/p>\n\t\t\n<style>\n#text-1142344451 {\n  font-size: 0.75rem;\n  text-align: center;\n}\n<\/style>\n\t<\/div>\n\t\n\t<div id=\"gap-703540622\" class=\"gap-element clearfix\" style=\"display:block; height:auto;\">\n\t\t\n<style>\n#gap-703540622 {\n  padding-top: 2px;\n}\n<\/style>\n\t<\/div>\n\t\n\t\t<\/div>\n\t\t\t\t\n<style>\n#col-1404603185 > .col-inner {\n  padding: 5px 10px 0px 10px;\n}\n<\/style>\n\t<\/div>\n\n\t\n<\/div>\n\t\t<\/div>\n\t\t\t\t\n<style>\n#col-1941303179 > .col-inner {\n  padding: 0px 10px 0px 10px;\n}\n@media (min-width:550px) {\n  #col-1941303179 > .col-inner {\n    padding: 0px 0px 0px 10px;\n  }\n}\n<\/style>\n\t<\/div>\n\n\t\n\n\t<div id=\"col-417439764\" class=\"col medium-12 small-12 large-7\"  >\n\t\t\t\t<div class=\"col-inner text-left\"  >\n\t\t\t\n\t\t\t\n\t<div id=\"gap-532738181\" class=\"gap-element clearfix\" style=\"display:block; height:auto;\">\n\t\t\n<style>\n#gap-532738181 {\n  padding-top: 15px;\n}\n<\/style>\n\t<\/div>\n\t\n<p style=\"text-align: justify;\">Da secoli il <strong>Teatro alla Scala<\/strong>, luogo d\u2019incontro e osservatorio privilegiato per la sua storia, la sua rilevanza artistica, sociale, architettonica e urbanistica, esercita un ruolo di primo piano nel panorama culturale italiano e internazionale.<\/p>\n<p style=\"text-align: justify;\">Un\u2019eccellenza culturale che ha ammaliato, negli anni, artisti di vario genere, come lo scrittore francese Stendhal il quale, appena arrivato da Parigi, fu colpito dalla magnificenza delle scene e dall\u2019incanto degli spettacoli a tal punto da definire la Scala \u201cMagnifica Fabbrica\u201d: un\u2019espressione poetica e romantica che sottolinea non solo l\u2019eleganza, lo sfarzo e la grandiosit\u00e0 come quintessenza del teatro, ma anche l\u2019artigianalit\u00e0 che si nasconde <em>dietro le quinte<\/em>.<\/p>\n\t<div class=\"img has-hover x md-x lg-x y md-y lg-y\" id=\"image_1715309412\">\n\t\t\t\t\t\t\t\t<div class=\"img-inner dark\" >\n\t\t\t\t\t\t\t\t\t\n\t\t\t\t\t<\/div>\n\t\t\t\t\t\t\t\t\n<style>\n#image_1715309412 {\n  width: 100%;\n}\n<\/style>\n\t<\/div>\n\t\n\t\t<\/div>\n\t\t\t\t\n<style>\n#col-417439764 > .col-inner {\n  padding: 0px 20px 0px 20px;\n  margin: 0px 0px 0px 0px;\n}\n<\/style>\n\t<\/div>\n\n\t\n<\/div>\n\t<div id=\"gap-1567829059\" class=\"gap-element clearfix hide-for-medium\" style=\"display:block; height:auto;\">\n\t\t\n<style>\n#gap-1567829059 {\n  padding-top: 30px;\n}\n<\/style>\n\t<\/div>\n\t\n<div class=\"row row-collapse\"  id=\"row-1472437427\">\n\n\t<div id=\"col-314158690\" class=\"col medium-6 small-12 large-6\"  >\n\t\t\t\t<div class=\"col-inner text-right\"  >\n\t\t\t\n\t\t\t\n<p style=\"text-align: justify; margin-bottom: 0px;\">Dalla sua inaugurazione nell\u2019area della fatiscente <strong>Chiesa di Santa Maria della Scala<\/strong>, nel 1778, la Scala, al centro di numerosissime vicende storiche, politiche e rivoluzioni tecnologiche, ha influenzato direttamente il panorama artistico-musicale, anche grazie al patrimonio di eccellenza del \u201csaper fare\u201d dei suoi artigiani e professionisti, grazie al quale pu\u00f2 proiettarsi nel futuro mantenendo lo spirito della tradizione.<\/p>\n\t\t<\/div>\n\t\t\t\t\n<style>\n#col-314158690 > .col-inner {\n  padding: 30px 20px 30px 20px;\n  margin: 0px 0px -20px 0px;\n}\n<\/style>\n\t<\/div>\n\n\t\n\n\t<div id=\"col-832364410\" class=\"col medium-6 small-12 large-6\"  >\n\t\t\t\t<div class=\"col-inner text-right\"  >\n\t\t\t\n\t\t\t\n<p style=\"text-align: justify; margin-bottom: 0px;\">Uno spettacolo alla Scala \u00e8 sempre una <strong>creazione collettiva ed implica lo sforzo e il concorso di molte e differenti professioni, alcune pi\u00f9 artistiche e altre pi\u00f9 tecniche e manageriali<\/strong>. L\u2019apporto di ognuna delle persone coinvolte \u00e8 fondamentale per il conseguimento dell\u2019obiettivo finale, che \u00e8 la creazione di un prodotto artistico di alto livello.<\/p>\n\t\t<\/div>\n\t\t\t\t\n<style>\n#col-832364410 > .col-inner {\n  padding: 30px 20px 30px 20px;\n  margin: 0px 0px -20px 0px;\n}\n<\/style>\n\t<\/div>\n\n\t\n<\/div>\n\t<div id=\"gap-230927486\" class=\"gap-element clearfix\" style=\"display:block; height:auto;\">\n\t\t\n<style>\n#gap-230927486 {\n  padding-top: 30px;\n}\n<\/style>\n\t<\/div>\n\t\n<div class=\"row row-collapse\"  id=\"row-42004673\">\n\n\t<div id=\"col-307582937\" class=\"col small-12 large-12\"  >\n\t\t\t\t<div class=\"col-inner\" style=\"background-color:rgba(55, 55, 55, 0.099);\" >\n\t\t\t\n\t\t\t\n<div class=\"row row-collapse align-middle align-center\"  id=\"row-1770418751\">\n\n\t<div id=\"col-705687263\" class=\"col medium-6 small-12 large-6\"  >\n\t\t\t\t<div class=\"col-inner\"  >\n\t\t\t\n\t\t\t\n<p style=\"text-align: justify; margin-bottom: 0px;\"><strong>La messa in scena di uno spettacolo \u00e8, <\/strong>dunque<strong>, un lavoro di gruppo,<\/strong> nel quale le competenze di coloro che non appaiono di fronte al pubblico sono pienamente alla pari di quelle di coloro che si presentano davanti allo spettatore. Ma quanto lavoro richiede la messa in scena di uno spettacolo? Quali professionalit\u00e0 sono coinvolte e come si diventa professionisti in questo settore?<\/p>\n\t\t<\/div>\n\t\t\t\t\n<style>\n#col-705687263 > .col-inner {\n  padding: 40px 30px 0px 20px;\n}\n<\/style>\n\t<\/div>\n\n\t\n\n\t<div id=\"col-1299715225\" class=\"col medium-6 small-12 large-6\"  >\n\t\t\t\t<div class=\"col-inner\"  >\n\t\t\t\n\t\t\t\n\t<div class=\"img has-hover x md-x lg-x y md-y lg-y\" id=\"image_1850581891\">\n\t\t\t\t\t\t\t\t<div class=\"img-inner image-cover dark\" style=\"padding-top:300px;\">\n\t\t\t<img loading=\"lazy\" decoding=\"async\" width=\"2560\" height=\"1707\" src=\"https:\/\/www.educazionedigitale.it\/lamagnificafabbrica\/wp-content\/uploads\/2024\/06\/Concerto-istituzionale_Teatro-alla-Scala_Fabio-Benato_15-10-2-7-scaled.jpg\" class=\"attachment-original size-original\" alt=\"\" srcset=\"https:\/\/www.educazionedigitale.it\/lamagnificafabbrica\/wp-content\/uploads\/2024\/06\/Concerto-istituzionale_Teatro-alla-Scala_Fabio-Benato_15-10-2-7-scaled.jpg 2560w, https:\/\/www.educazionedigitale.it\/lamagnificafabbrica\/wp-content\/uploads\/2024\/06\/Concerto-istituzionale_Teatro-alla-Scala_Fabio-Benato_15-10-2-7-800x533.jpg 800w, https:\/\/www.educazionedigitale.it\/lamagnificafabbrica\/wp-content\/uploads\/2024\/06\/Concerto-istituzionale_Teatro-alla-Scala_Fabio-Benato_15-10-2-7-1600x1067.jpg 1600w, https:\/\/www.educazionedigitale.it\/lamagnificafabbrica\/wp-content\/uploads\/2024\/06\/Concerto-istituzionale_Teatro-alla-Scala_Fabio-Benato_15-10-2-7-768x512.jpg 768w, https:\/\/www.educazionedigitale.it\/lamagnificafabbrica\/wp-content\/uploads\/2024\/06\/Concerto-istituzionale_Teatro-alla-Scala_Fabio-Benato_15-10-2-7-1536x1024.jpg 1536w, https:\/\/www.educazionedigitale.it\/lamagnificafabbrica\/wp-content\/uploads\/2024\/06\/Concerto-istituzionale_Teatro-alla-Scala_Fabio-Benato_15-10-2-7-2048x1365.jpg 2048w\" sizes=\"auto, (max-width: 2560px) 100vw, 2560px\" \/>\t\t\t\t\t\t\n\t\t\t\t\t<\/div>\n\t\t\t\t\t\t\t\t\n<style>\n#image_1850581891 {\n  width: 100%;\n}\n<\/style>\n\t<\/div>\n\t\n\t\t<\/div>\n\t\t\t\t\n<style>\n#col-1299715225 > .col-inner {\n  padding: 0px 0px 0px 20px;\n}\n<\/style>\n\t<\/div>\n\n\t\n<\/div>\n\t\t<\/div>\n\t\t\t\t\t<\/div>\n\n\t\n<\/div>\n<div class=\"row row-collapse\"  id=\"row-1737607776\">\n\n\t<div id=\"col-1777737305\" class=\"col medium-6 small-12 large-6\"  >\n\t\t\t\t<div class=\"col-inner text-right\"  >\n\t\t\t\n\t\t\t\n<p style=\"text-align: justify; margin-bottom: 0px;\">Il FSL <strong>La Magnifica Fabbrica <\/strong>nasce dall\u2019esigenza di fornire risposte a interrogativi come questi, offrendo un percorso di orientamento ai mestieri dello spettacolo, testimoniando come l\u2019apprendimento di una di queste professioni sia una valida alternativa alle scelte di studio post-diploma pi\u00f9 abituali, con concrete prospettive di lavoro in un campo creativo, affascinante e di grande gratificazione umana e professionale.<\/p>\n\t\t<\/div>\n\t\t\t\t\n<style>\n#col-1777737305 > .col-inner {\n  padding: 30px 20px 30px 20px;\n  margin: 20px 0px 0px 0px;\n}\n<\/style>\n\t<\/div>\n\n\t\n\n\t<div id=\"col-1366505835\" class=\"col medium-6 small-12 large-6\"  >\n\t\t\t\t<div class=\"col-inner text-right\"  >\n\t\t\t\n\t\t\t\n\t<div id=\"text-3186423281\" class=\"text\">\n\t\t\n<p style=\"text-align: left; margin-bottom:5px\"><strong>Nello specifico, l\u2019FSL offre a studenti e studentesse la possibilit\u00e0 di:<\/strong><\/p>\n<ul style=\"line-height:1.6\">\n<li>valorizzare la conoscenza della <strong>cultura musicale e teatrale italiana<\/strong>, attraverso la storia del Teatro alla Scala e il Museo Teatrale alla Scala;<\/li>\n<li>promuovere percorsi di studio alternativi a quelli pi\u00f9 tradizionali;<\/li>\n<li>focalizzare lo sguardo sulle <strong>professioni dello spettacolo<\/strong>.<\/li>\n<\/ul>\n\t\t\n<style>\n#text-3186423281 {\n  text-align: left;\n}\n<\/style>\n\t<\/div>\n\t\n\t\t<\/div>\n\t\t\t\t\n<style>\n#col-1366505835 > .col-inner {\n  padding: 30px 20px 30px 20px;\n  margin: 20px 0px 0px 0px;\n}\n<\/style>\n\t<\/div>\n\n\t\n<\/div>\n<div class=\"row row-collapse\"  id=\"row-2009717381\">\n\n\t<div id=\"col-123877175\" class=\"col medium-4 small-12 large-4\"  >\n\t\t\t\t<div class=\"col-inner\"  >\n\t\t\t\n\t\t\t\n\t<div class=\"img has-hover x md-x lg-x y md-y lg-y\" id=\"image_1601403737\">\n\t\t\t\t\t\t\t\t<div class=\"img-inner image-cover dark\" style=\"padding-top:300px;\">\n\t\t\t<img loading=\"lazy\" decoding=\"async\" width=\"2560\" height=\"1707\" src=\"https:\/\/www.educazionedigitale.it\/lamagnificafabbrica\/wp-content\/uploads\/2024\/06\/Backstage_Lo-Schiaccianoci_17-12-2021_007-scaled.jpg\" class=\"attachment-original size-original\" alt=\"\" srcset=\"https:\/\/www.educazionedigitale.it\/lamagnificafabbrica\/wp-content\/uploads\/2024\/06\/Backstage_Lo-Schiaccianoci_17-12-2021_007-scaled.jpg 2560w, https:\/\/www.educazionedigitale.it\/lamagnificafabbrica\/wp-content\/uploads\/2024\/06\/Backstage_Lo-Schiaccianoci_17-12-2021_007-800x533.jpg 800w, https:\/\/www.educazionedigitale.it\/lamagnificafabbrica\/wp-content\/uploads\/2024\/06\/Backstage_Lo-Schiaccianoci_17-12-2021_007-1600x1067.jpg 1600w, https:\/\/www.educazionedigitale.it\/lamagnificafabbrica\/wp-content\/uploads\/2024\/06\/Backstage_Lo-Schiaccianoci_17-12-2021_007-768x512.jpg 768w, https:\/\/www.educazionedigitale.it\/lamagnificafabbrica\/wp-content\/uploads\/2024\/06\/Backstage_Lo-Schiaccianoci_17-12-2021_007-1536x1024.jpg 1536w, https:\/\/www.educazionedigitale.it\/lamagnificafabbrica\/wp-content\/uploads\/2024\/06\/Backstage_Lo-Schiaccianoci_17-12-2021_007-2048x1365.jpg 2048w\" sizes=\"auto, (max-width: 2560px) 100vw, 2560px\" \/>\t\t\t\t\t\t\n\t\t\t\t\t<\/div>\n\t\t\t\t\t\t\t\t\n<style>\n#image_1601403737 {\n  width: 100%;\n}\n<\/style>\n\t<\/div>\n\t\n\t\t<\/div>\n\t\t\t\t\t<\/div>\n\n\t\n\n\t<div id=\"col-708147275\" class=\"col medium-4 small-12 large-4\"  >\n\t\t\t\t<div class=\"col-inner\"  >\n\t\t\t\n\t\t\t\n\t<div class=\"img has-hover x md-x lg-x y md-y lg-y\" id=\"image_565211143\">\n\t\t\t\t\t\t\t\t<div class=\"img-inner image-cover dark\" style=\"padding-top:300px;\">\n\t\t\t<img loading=\"lazy\" decoding=\"async\" width=\"2560\" height=\"1707\" src=\"https:\/\/www.educazionedigitale.it\/lamagnificafabbrica\/wp-content\/uploads\/2024\/06\/Foto_Mostra_MarcelloChiappalone_130-scaled.jpg\" class=\"attachment-original size-original\" alt=\"\" srcset=\"https:\/\/www.educazionedigitale.it\/lamagnificafabbrica\/wp-content\/uploads\/2024\/06\/Foto_Mostra_MarcelloChiappalone_130-scaled.jpg 2560w, https:\/\/www.educazionedigitale.it\/lamagnificafabbrica\/wp-content\/uploads\/2024\/06\/Foto_Mostra_MarcelloChiappalone_130-800x533.jpg 800w, https:\/\/www.educazionedigitale.it\/lamagnificafabbrica\/wp-content\/uploads\/2024\/06\/Foto_Mostra_MarcelloChiappalone_130-1600x1067.jpg 1600w, https:\/\/www.educazionedigitale.it\/lamagnificafabbrica\/wp-content\/uploads\/2024\/06\/Foto_Mostra_MarcelloChiappalone_130-768x512.jpg 768w, https:\/\/www.educazionedigitale.it\/lamagnificafabbrica\/wp-content\/uploads\/2024\/06\/Foto_Mostra_MarcelloChiappalone_130-1536x1024.jpg 1536w, https:\/\/www.educazionedigitale.it\/lamagnificafabbrica\/wp-content\/uploads\/2024\/06\/Foto_Mostra_MarcelloChiappalone_130-2048x1365.jpg 2048w\" sizes=\"auto, (max-width: 2560px) 100vw, 2560px\" \/>\t\t\t\t\t\t\n\t\t\t\t\t<\/div>\n\t\t\t\t\t\t\t\t\n<style>\n#image_565211143 {\n  width: 100%;\n}\n<\/style>\n\t<\/div>\n\t\n\t\t<\/div>\n\t\t\t\t\t<\/div>\n\n\t\n\n\t<div id=\"col-2099445478\" class=\"col medium-4 small-12 large-4\"  >\n\t\t\t\t<div class=\"col-inner\"  >\n\t\t\t\n\t\t\t\n\t<div class=\"img has-hover x md-x lg-x y md-y lg-y\" id=\"image_805464976\">\n\t\t\t\t\t\t\t\t<div class=\"img-inner image-cover dark\" style=\"padding-top:300px;\">\n\t\t\t<img loading=\"lazy\" decoding=\"async\" width=\"2560\" height=\"1707\" src=\"https:\/\/www.educazionedigitale.it\/lamagnificafabbrica\/wp-content\/uploads\/2024\/06\/BS_Flauto-Magico_Federica-Capo_0021-scaled.jpg\" class=\"attachment-original size-original\" alt=\"\" srcset=\"https:\/\/www.educazionedigitale.it\/lamagnificafabbrica\/wp-content\/uploads\/2024\/06\/BS_Flauto-Magico_Federica-Capo_0021-scaled.jpg 2560w, https:\/\/www.educazionedigitale.it\/lamagnificafabbrica\/wp-content\/uploads\/2024\/06\/BS_Flauto-Magico_Federica-Capo_0021-800x533.jpg 800w, https:\/\/www.educazionedigitale.it\/lamagnificafabbrica\/wp-content\/uploads\/2024\/06\/BS_Flauto-Magico_Federica-Capo_0021-1600x1067.jpg 1600w, https:\/\/www.educazionedigitale.it\/lamagnificafabbrica\/wp-content\/uploads\/2024\/06\/BS_Flauto-Magico_Federica-Capo_0021-768x512.jpg 768w, https:\/\/www.educazionedigitale.it\/lamagnificafabbrica\/wp-content\/uploads\/2024\/06\/BS_Flauto-Magico_Federica-Capo_0021-1536x1024.jpg 1536w, https:\/\/www.educazionedigitale.it\/lamagnificafabbrica\/wp-content\/uploads\/2024\/06\/BS_Flauto-Magico_Federica-Capo_0021-2048x1365.jpg 2048w\" sizes=\"auto, (max-width: 2560px) 100vw, 2560px\" \/>\t\t\t\t\t\t\n\t\t\t\t\t<\/div>\n\t\t\t\t\t\t\t\t\n<style>\n#image_805464976 {\n  width: 100%;\n}\n<\/style>\n\t<\/div>\n\t\n\t\t<\/div>\n\t\t\t\t\t<\/div>\n\n\t\n<\/div>\n\t\t<\/div>\n\t\t\t\t\n<style>\n#col-1699242103 > .col-inner {\n  padding: 20px 0px 0px 0px;\n}\n<\/style>\n\t<\/div>\n\n\t\n<\/div>\n\t<div id=\"gap-1975285489\" class=\"gap-element clearfix\" style=\"display:block; height:auto;\">\n\t\t\n<style>\n#gap-1975285489 {\n  padding-top: 30px;\n}\n<\/style>\n\t<\/div>\n\t\n\t\t<\/div>\n\n\t\t\n<style>\n#section_827533008 {\n  padding-top: 30px;\n  padding-bottom: 30px;\n}\n<\/style>\n\t<\/section>\n\t\n","protected":false},"excerpt":{"rendered":"","protected":false},"author":1,"featured_media":0,"parent":0,"menu_order":0,"comment_status":"closed","ping_status":"closed","template":"page-blank.php","meta":{"_monsterinsights_skip_tracking":false,"_monsterinsights_sitenote_active":false,"_monsterinsights_sitenote_note":"","_monsterinsights_sitenote_category":0,"footnotes":""},"class_list":["post-531","page","type-page","status-publish","hentry"],"_links":{"self":[{"href":"https:\/\/www.educazionedigitale.it\/lamagnificafabbrica\/wp-json\/wp\/v2\/pages\/531","targetHints":{"allow":["GET"]}}],"collection":[{"href":"https:\/\/www.educazionedigitale.it\/lamagnificafabbrica\/wp-json\/wp\/v2\/pages"}],"about":[{"href":"https:\/\/www.educazionedigitale.it\/lamagnificafabbrica\/wp-json\/wp\/v2\/types\/page"}],"author":[{"embeddable":true,"href":"https:\/\/www.educazionedigitale.it\/lamagnificafabbrica\/wp-json\/wp\/v2\/users\/1"}],"replies":[{"embeddable":true,"href":"https:\/\/www.educazionedigitale.it\/lamagnificafabbrica\/wp-json\/wp\/v2\/comments?post=531"}],"version-history":[{"count":3,"href":"https:\/\/www.educazionedigitale.it\/lamagnificafabbrica\/wp-json\/wp\/v2\/pages\/531\/revisions"}],"predecessor-version":[{"id":6057,"href":"https:\/\/www.educazionedigitale.it\/lamagnificafabbrica\/wp-json\/wp\/v2\/pages\/531\/revisions\/6057"}],"wp:attachment":[{"href":"https:\/\/www.educazionedigitale.it\/lamagnificafabbrica\/wp-json\/wp\/v2\/media?parent=531"}],"curies":[{"name":"wp","href":"https:\/\/api.w.org\/{rel}","templated":true}]}}