{"id":2351,"date":"2020-08-25T13:02:34","date_gmt":"2020-08-25T11:02:34","guid":{"rendered":"https:\/\/www.educazionedigitale.it\/leroymerlin\/?page_id=2351"},"modified":"2024-06-14T17:41:31","modified_gmt":"2024-06-14T15:41:31","slug":"lezioni-pronte","status":"publish","type":"page","link":"https:\/\/www.educazionedigitale.it\/leroymerlin\/lezioni-pronte\/","title":{"rendered":"Lezioni Pronte"},"content":{"rendered":"<div class=\"row\"  id=\"row-726977806\"><\/div>\n\n\t<div id=\"col-430599996\" class=\"col large-12\"  >\n\t\t\t\t<div class=\"col-inner\"  >\n\t\t\t\n\t\t\t\t\t<\/div>\n\t\t\t\t\t<\/div>\n\n\t\n<h4 class=\"big-title\">LEZIONI DIGITALI PER TE E LE TUE CLASSI<\/h4>\n<div class=\"is-divider divider clearfix\" style=\"max-width:small;\"><\/div>\n<p style=\"text-align:justify\">Collegati alla <strong>CLASSE VIRTUALE<\/strong>, l\u2019utility di Educazione Digitale\u00ae strutturata per agevolare la didattica a distanza.<br \/>\nPotrai fruire gratuitamente delle <strong>lezioni pronte Leroy Merlin Italia<\/strong>, che potrai condividere con i tuoi studenti.<br \/>\nOgni lezione \u00e8 costituita da nuclei di approfondimento in animazione, momenti di verifica e discussione, project work, nonch\u00e9 dalla possibilit\u00e0 di tenere webinar di confronto con i tuoi ragazzi.<\/p>\n\t<div id=\"gap-226985213\" class=\"gap-element clearfix\" style=\"display:block; height:auto;\">\n\t\t\n<style>\n#gap-226985213 {\n  padding-top: 5px;\n}\n<\/style>\n\t<\/div>\n\t\n<div class=\"strumenti-classe\" style=\"height:auto; margin-bottom:0px;\">\n<div class=\"img-stru\" style=\"width:205px; float:left !important; margin-right:20px;\"><img decoding=\"async\" class=\"wp-image-811 size-full alignleft\" src=\"https:\/\/www.educazionedigitale.it\/leroymerlin\/wp-content\/uploads\/2016\/07\/kids.png\" alt=\"Lezione digitale\"  width=\"100%\" \/><\/div>\n<p style=\"margin-top:10px\"><strong><span style=\"color: #006534; font-size: 20px;\">LEZIONI PER GLI STUDENTI DAGLI 8 AI 12 ANNI<\/span><\/strong><\/p>\n<div class=\"testi-classe\" style=\"text-align: justify;\">Quattro lezioni pronte, due per i bambini della scuola primaria e due per i ragazzi della secondaria di I grado,  basate sui contenuti degli strumenti didattici Open Mind \u201cClima ed Energia\u201d, per far riflettere gli studenti sugli attuali temi del cambiamento climatico, della sostenibilit\u00e0 e del risparmio energetico, in un\u2019ottica di educazione alle buone prassi per la tutela dell\u2019ambiente.<\/div>\n<div class=\"testi-classe\" style=\"text-align: right; margin-top:20px\">\n<a href=\"#comm-88\" class=\"commenti\" style=\"text-decoration:underline;margin-right:5px;\">COMMENTI<\/a>\t<a href=\"#voto-88\" class=\"commenti\" style=\"text-decoration:underline;margin-right:5px;\">\n\t\tVOTI\t<\/a>\n\t\n\t\t\t<a href=\"#scarica-88\" target=\"_self\" class=\"button button-primary button small custom-green\" style=\"margin-right:5px;\">guarda<\/a>\n\t<\/div>\n<\/div>\n\t<div id=\"gap-649904917\" class=\"gap-element clearfix\" style=\"display:block; height:auto;\">\n\t\t\n<style>\n#gap-649904917 {\n  padding-top: 200px;\n}\n<\/style>\n\t<\/div>\n\t\n\n\t\t<div id=\"scarica-88\"\n\t     class=\"lightbox-by-id lightbox-content mfp-hide lightbox-white \"\n\t     style=\"max-width:800px ;padding:20px\">\n\t\t\n\t\t        <h4>LEZIONI PER GLI STUDENTI DAGLI 8 AI 12 ANNI<\/h4>\n    \n\t\t\t<div id=\"gap-1973667131\" class=\"gap-element clearfix\" style=\"display:block; height:auto;\">\n\t\t\n<style>\n#gap-1973667131 {\n  padding-top: 15px;\n}\n<\/style>\n\t<\/div>\n\t\n\t\t\t\t<meta charset=\"utf-8\">\n                    <script src=\"https:\/\/www.educazionedigitale.it\/php-custom\/language\/it.js\" type=\"text\/javascript\">\n            <\/script>\n                <script>\n            var path_principale = 'https:\/\/www.educazionedigitale.it\/leroymerlin\/';\n            var path_totale = 'https:\/\/www.educazionedigitale.it\/php-custom\/';\n            var directory = 'leroymerlin';\n            var fileid = '4288';\n            \n            function checkScarica(fileid)\n            {\n                \/\/alert('ERRORE TEMPORANEO DEL SISTEMA (CODE: '+fileid+'-'+document.getElementById('accetta'+fileid).checked+'-'+document.getElementById('nr_classi'+fileid).value+'), RIPROVARE PIU\\' TARDI');\n                \n                nc = parseInt(document.getElementById('nr_classi'+fileid).value);\n                ns = parseInt(document.getElementById('nr_studenti'+fileid).value);\n                \n                downCheck = true;\n                downCheckTxt = '';\n                \n                if(nc < 1){\n                    downCheck = false;\n                    downCheckTxt += '\\r - Il NR. di CLASSI \u00e8 INFERIORE a 1.';\n                }else if(nc > 30){\n                    downCheck = false;\n                    downCheckTxt += '\\r - Il NR. MAX. di CLASSI inseribili \u00e8 30.';\n                }\n                                \n                if(ns < 1){\n                    downCheck = false;\n                    downCheckTxt += '\\r - Il NR. di STUDENTI \u00e8 INFERIORE a 1.';\n                }else if(ns < nc){\n                    downCheck = false;\n                    downCheckTxt += '\\r - Il NR. di STUDENTI \u00e8 INFERIORE al NR. di CLASSI.';\n                }else if(ns > 1000){\n                    downCheck = false;\n                    downCheckTxt += '\\r - Il NR. MAX. di STUDENTI inseribili \u00e8 1000.';\n                }\n                \n                if(document.getElementById('accetta'+fileid).checked == false){\n                    downCheck = false;\n                    downCheckTxt += '\\r - E\\' necessario ACCETTARE i termini.';\n                }\n                \n                if(downCheck){\n\t\t\t\t\tif(document.getElementById('comm-scarica'+fileid)){\n\t\t\t\t\t\tdocument.getElementById('comm-scarica'+fileid).style.display = 'block';\n\t\t\t\t\t}\n                    document.getElementById('form1'+fileid).submit();\n                }else{\n                    alert('ATTENZIONE'+downCheckTxt);\n                }\n            }\n        <\/script>\n    \n        \n                            Esegui il\n                        \n            <a href=\"#login\" target=\"_self\" onclick=\"document.getElementById('login-auto-popup').value='scarica-88';\" class=\"button primary custom-green\" style=\"color:#fff\">\n                LOGIN\n            <\/a>\n                <\/body>\n        <\/html>\n\t\n\t\t\t<div id=\"gap-100265500\" class=\"gap-element clearfix\" style=\"display:block; height:auto;\">\n\t\t\n<style>\n#gap-100265500 {\n  padding-top: 15px;\n}\n<\/style>\n\t<\/div>\n\t\n\t\t<\/div>\n\t\n\t\n\t\t<div id=\"comm-88\"\n\t     class=\"lightbox-by-id lightbox-content mfp-hide lightbox-white \"\n\t     style=\"max-width:800px ;padding:20px\">\n\t\t\n\t\t        <h4>LEZIONI PER GLI STUDENTI DAGLI 8 AI 12 ANNI<\/h4>\n    \n\t\t\t<div id=\"gap-832998270\" class=\"gap-element clearfix\" style=\"display:block; height:auto;\">\n\t\t\n<style>\n#gap-832998270 {\n  padding-top: 15px;\n}\n<\/style>\n\t<\/div>\n\t\n\t\t\t\n\t<meta charset=\"utf-8\">\n\t\t\t<script src=\"https:\/\/www.educazionedigitale.it\/php-custom\/language\/it.js\" type=\"text\/javascript\"><\/script>\n\t\t<script>\n\t\tvar path_principale = 'https:\/\/www.educazionedigitale.it\/leroymerlin\/';\n\t\tvar path_totale_comm = 'https:\/\/www.educazionedigitale.it\/php-custom\/';\n\t\tvar directory = 'leroymerlin';\n\t\tvar fileid = '4288';\n\t<\/script>\n\t<script src=\"https:\/\/www.educazionedigitale.it\/php-custom\/commenti\/js\/actions-commenti.js\"><\/script>\n\t\n\t                            Per <strong>VISUALIZZARE e LASCIARE COMMENTI<\/strong> esegui il <a href=\"#login\" target=\"_self\" onclick=\"document.getElementById('login-auto-popup').value='comm-88';\" class=\"button primary custom-green\" style=\"color:#fff;\">LOGIN<\/a>\n            \t\t\t<br\/>\n\t\t\t<br\/>\n\t\t\n\t\t\n\t\t<\/div>\n\t\n\t\n\t\t<div id=\"voto-88\"\n\t     class=\"lightbox-by-id lightbox-content mfp-hide lightbox-white \"\n\t     style=\"max-width:500px ;padding:20px\">\n\t\t\n\t\t        <h4>LEZIONI PER GLI STUDENTI DAGLI 8 AI 12 ANNI<\/h4>\n    \n\t\t\t<div id=\"gap-2063385233\" class=\"gap-element clearfix\" style=\"display:block; height:auto;\">\n\t\t\n<style>\n#gap-2063385233 {\n  padding-top: 15px;\n}\n<\/style>\n\t<\/div>\n\t\n\t\t\t\n\t<meta charset=\"iso-8859-1\">\n\t\t\t<script src=\"https:\/\/www.educazionedigitale.it\/php-custom\/language\/it.js\" type=\"text\/javascript\"><\/script>\n\t\t<script>\n\t\tvar path_principale = 'https:\/\/www.educazionedigitale.it\/leroymerlin\/';\n\t\tvar path_totale_comm = 'https:\/\/www.educazionedigitale.it\/php-custom\/';\n\t\tvar directory = 'leroymerlin';\n\t\tvar fileid = '4288';\n\t<\/script>\n\t<script src=\"https:\/\/www.educazionedigitale.it\/php-custom\/voti\/js\/actions-voti.js\"><\/script>\n\t<style>\n\t\t.stars{\n\t\t\twidth:170px;\n\t\t\theight:36px;\n\t\t\toverflow:hidden;\n\t\t\tborder-radius:10px;\n\t\t\tbackground:url(https:\/\/www.educazionedigitale.it\/php-custom\/img\/rating-stars-small.png) no-repeat;\n\t\t\tborder:1px solid #ccc;\n\t\t\tmargin-bottom:5px;\n\t\t\tcursor:pointer;\n\t\t}\n\t\t.stars1{\n\t\t\tbackground-position:0 0px;\n\t\t}\n\t\t.stars2{\n\t\t\tbackground-position:0 -31px;\n\t\t}\n\t\t.stars3{\n\t\t\tbackground-position:0 -62px;\n\t\t}\n\t\t.stars4{\n\t\t\tbackground-position:0 -93px;\n\t\t}\n\t\t.stars5{\n\t\t\tbackground-position:0 -124px;\n\t\t}\n\t\t.stars-selected,\n\t\t.stars:hover{\n\t\t\tbackground-color:#F90;\n\t\t\tborder:1px solid #f60;\n\t\t}\n\t<\/style>\n\t                            Per <strong>VOTARE LA RISORSA<\/strong> esegui il <a href=\"#login\" target=\"_self\" onclick=\"document.getElementById('login-auto-popup').value='voto-88';\" class=\"button primary custom-green\" style=\"color:#fff;\">LOGIN<\/a>\n                        <br\/>\n\t\t\t<br\/>\n\t\t\n\t\t<\/div>\n\t\n\t\n\t\t<div id=\"invita-risorsa-88\"\n\t     class=\"lightbox-by-id lightbox-content mfp-hide lightbox-white \"\n\t     style=\"max-width:800px ;padding:20px\">\n\t\t\n\t\t<div class=\"container section-title-container\" ><h3 class=\"section-title section-title-normal\"><b aria-hidden=\"true\"><\/b><span class=\"section-title-main\" >Invita un collega a utilizzare &quot;&quot;<\/span><b aria-hidden=\"true\"><\/b><\/h3><\/div>    \n\t<meta charset=\"utf-8\">\n\t\n    \t\t<p align=\"center\">Esegui il <a class=\"button button-primary custom-green\" href=\"#login\">LOGIN<\/a><\/p>\n\t\n\t\t<\/div>\n\t\n\t\n\t\t\t<div id=\"rispondi-88\"\n\t     class=\"lightbox-by-id lightbox-content mfp-hide lightbox-white \"\n\t     style=\"max-width:800px ;padding:20px\">\n\t\t\n\t\t\t        <h4>LEZIONI PER GLI STUDENTI DAGLI 8 AI 12 ANNI<\/h4>\n    \n\t\t\t\t<div id=\"gap-1081812600\" class=\"gap-element clearfix\" style=\"display:block; height:auto;\">\n\t\t\n<style>\n#gap-1081812600 {\n  padding-top: 15px;\n}\n<\/style>\n\t<\/div>\n\t\n\t\t\t<div style=\"padding:50px;background:#faa;text-align:center;\">\n\t\t\t\t<h1 style=\"color:#900;\">ERRORE. ELEMENTO ID \"88\/88\" INESISTENTE.<\/h1>\n\t\t\t\t<p style=\"color:#444;\"><b>RIVOLGITI A NOI<\/b> per risolvere il problema <a href=\"..\/contatti\" target=\"_blank\" style=\"color:#900;\"><b>CLICCANDI QUI<\/b><\/a><\/p>\n\t\t\t<\/div>\n\t\t\t<\/div>\n\t\n\t\t\n\t<a \tid=\"autopopup-scarica-88\"\thref=\"#scarica-88\"><\/a>\n\t<a \tid=\"autopopup-comm-88\"\t\thref=\"#comm-88\"><\/a>\n\t<a \tid=\"autopopup-voto-88\" \t\thref=\"#voto-88\"><\/a>\n\t<a \tid=\"autopopup-rispondi-88\"\thref=\"#rispondi-88\"><\/a>\n\t\n\t\n","protected":false},"excerpt":{"rendered":"\n  <div class=\"banner has-hover banner-home\" id=\"banner-980545144\">\n          <div class=\"banner-inner fill\">\n        <div class=\"banner-bg fill\" >\n            <img width=\"1665\" height=\"700\" src=\"https:\/\/www.educazionedigitale.it\/leroymerlin\/wp-content\/uploads\/2015\/11\/la-foresta-che-cresce.jpg\" class=\"bg attachment-original size-original\" alt=\"La foresta che cresce\" decoding=\"async\" loading=\"lazy\" \/>                                    \n                    <\/div>\n\t\t\n        <div class=\"banner-layers container\">\n            <div class=\"fill banner-link\"><\/div>            \n   <div id=\"text-box-1170839337\" class=\"text-box banner-layer x0 md-x0 lg-x0 y95 md-y95 lg-y95 res-text\">\n                     <div data-animate=\"fadeInLeft\">           <div class=\"text-box-content text dark\">\n              \n              <div class=\"text-inner text-left\">\n                  \n<div class=\"is-divider divider clearfix\" ><\/div>\n              <\/div>\n           <\/div>\n       <\/div>                     \n<style>\n#text-box-1170839337 {\n  width: 60%;\n}\n#text-box-1170839337 .text-box-content {\n  font-size: 100%;\n}\n@media (min-width:550px) {\n  #text-box-1170839337 {\n    width: 80%;\n  }\n}\n<\/style>\n    <\/div>\n \n        <\/div>\n      <\/div>\n\n            \n<style>\n#banner-980545144 {\n  padding-top: 260px;\n}\n<\/style>\n  <\/div>\n\n\n","protected":false},"author":8,"featured_media":0,"parent":0,"menu_order":0,"comment_status":"closed","ping_status":"closed","template":"","meta":{"_monsterinsights_skip_tracking":false,"_monsterinsights_sitenote_active":false,"_monsterinsights_sitenote_note":"","_monsterinsights_sitenote_category":0,"footnotes":""},"class_list":["post-2351","page","type-page","status-publish","hentry"],"yoast_head":"<!-- This site is optimized with the Yoast SEO plugin v27.3 - https:\/\/yoast.com\/product\/yoast-seo-wordpress\/ -->\n<title>Lezioni Pronte - Gli AmicoEco<\/title>\n<meta name=\"robots\" content=\"index, follow, max-snippet:-1, max-image-preview:large, max-video-preview:-1\" \/>\n<link rel=\"canonical\" href=\"https:\/\/www.educazionedigitale.it\/leroymerlin\/lezioni-pronte\/\" \/>\n<meta property=\"og:locale\" content=\"it_IT\" \/>\n<meta property=\"og:type\" content=\"article\" \/>\n<meta property=\"og:title\" content=\"Lezioni Pronte - Gli AmicoEco\" \/>\n<meta property=\"og:url\" content=\"https:\/\/www.educazionedigitale.it\/leroymerlin\/lezioni-pronte\/\" \/>\n<meta property=\"og:site_name\" content=\"Gli AmicoEco\" \/>\n<meta property=\"article:modified_time\" content=\"2024-06-14T15:41:31+00:00\" \/>\n<meta property=\"og:image\" content=\"https:\/\/www.educazionedigitale.it\/leroymerlin\/wp-content\/uploads\/2016\/07\/kids.png\" \/>\n<meta name=\"twitter:card\" content=\"summary_large_image\" \/>\n<meta name=\"twitter:description\" content=\"[ux_banner height=&quot;260px&quot; bg=&quot;1396&quot; bg_size=&quot;original&quot; class=&quot;banner-home&quot;]  [text_box width=&quot;80&quot; width__sm=&quot;60&quot; animate=&quot;fadeInLeft&quot; position_x=&quot;0&quot; position_y=&quot;95&quot; text_align=&quot;left&quot;]  [divider]   [\/text_box]  [\/ux_banner]\" \/>\n<meta name=\"twitter:label1\" content=\"Tempo di lettura stimato\" \/>\n\t<meta name=\"twitter:data1\" content=\"2 minuti\" \/>\n<script type=\"application\/ld+json\" class=\"yoast-schema-graph\">{\"@context\":\"https:\\\/\\\/schema.org\",\"@graph\":[{\"@type\":\"WebPage\",\"@id\":\"https:\\\/\\\/www.educazionedigitale.it\\\/leroymerlin\\\/lezioni-pronte\\\/\",\"url\":\"https:\\\/\\\/www.educazionedigitale.it\\\/leroymerlin\\\/lezioni-pronte\\\/\",\"name\":\"Lezioni Pronte - Gli AmicoEco\",\"isPartOf\":{\"@id\":\"https:\\\/\\\/www.educazionedigitale.it\\\/leroymerlin\\\/#website\"},\"primaryImageOfPage\":{\"@id\":\"https:\\\/\\\/www.educazionedigitale.it\\\/leroymerlin\\\/lezioni-pronte\\\/#primaryimage\"},\"image\":{\"@id\":\"https:\\\/\\\/www.educazionedigitale.it\\\/leroymerlin\\\/lezioni-pronte\\\/#primaryimage\"},\"thumbnailUrl\":\"https:\\\/\\\/www.educazionedigitale.it\\\/leroymerlin\\\/wp-content\\\/uploads\\\/2016\\\/07\\\/kids.png\",\"datePublished\":\"2020-08-25T11:02:34+00:00\",\"dateModified\":\"2024-06-14T15:41:31+00:00\",\"breadcrumb\":{\"@id\":\"https:\\\/\\\/www.educazionedigitale.it\\\/leroymerlin\\\/lezioni-pronte\\\/#breadcrumb\"},\"inLanguage\":\"it-IT\",\"potentialAction\":[{\"@type\":\"ReadAction\",\"target\":[\"https:\\\/\\\/www.educazionedigitale.it\\\/leroymerlin\\\/lezioni-pronte\\\/\"]}]},{\"@type\":\"ImageObject\",\"inLanguage\":\"it-IT\",\"@id\":\"https:\\\/\\\/www.educazionedigitale.it\\\/leroymerlin\\\/lezioni-pronte\\\/#primaryimage\",\"url\":\"https:\\\/\\\/www.educazionedigitale.it\\\/leroymerlin\\\/wp-content\\\/uploads\\\/2016\\\/07\\\/kids.png\",\"contentUrl\":\"https:\\\/\\\/www.educazionedigitale.it\\\/leroymerlin\\\/wp-content\\\/uploads\\\/2016\\\/07\\\/kids.png\",\"width\":200,\"height\":210},{\"@type\":\"BreadcrumbList\",\"@id\":\"https:\\\/\\\/www.educazionedigitale.it\\\/leroymerlin\\\/lezioni-pronte\\\/#breadcrumb\",\"itemListElement\":[{\"@type\":\"ListItem\",\"position\":1,\"name\":\"Home\",\"item\":\"https:\\\/\\\/www.educazionedigitale.it\\\/leroymerlin\\\/\"},{\"@type\":\"ListItem\",\"position\":2,\"name\":\"Lezioni Pronte\"}]},{\"@type\":\"WebSite\",\"@id\":\"https:\\\/\\\/www.educazionedigitale.it\\\/leroymerlin\\\/#website\",\"url\":\"https:\\\/\\\/www.educazionedigitale.it\\\/leroymerlin\\\/\",\"name\":\"Gli AmicoEco\",\"description\":\"Leroy Merlin per la sostenibilit\u00e0 ambientale e il consumo responsabile\",\"potentialAction\":[{\"@type\":\"SearchAction\",\"target\":{\"@type\":\"EntryPoint\",\"urlTemplate\":\"https:\\\/\\\/www.educazionedigitale.it\\\/leroymerlin\\\/?s={search_term_string}\"},\"query-input\":{\"@type\":\"PropertyValueSpecification\",\"valueRequired\":true,\"valueName\":\"search_term_string\"}}],\"inLanguage\":\"it-IT\"}]}<\/script>\n<!-- \/ Yoast SEO plugin. -->","yoast_head_json":{"title":"Lezioni Pronte - Gli AmicoEco","robots":{"index":"index","follow":"follow","max-snippet":"max-snippet:-1","max-image-preview":"max-image-preview:large","max-video-preview":"max-video-preview:-1"},"canonical":"https:\/\/www.educazionedigitale.it\/leroymerlin\/lezioni-pronte\/","og_locale":"it_IT","og_type":"article","og_title":"Lezioni Pronte - Gli AmicoEco","og_url":"https:\/\/www.educazionedigitale.it\/leroymerlin\/lezioni-pronte\/","og_site_name":"Gli AmicoEco","article_modified_time":"2024-06-14T15:41:31+00:00","og_image":[{"url":"https:\/\/www.educazionedigitale.it\/leroymerlin\/wp-content\/uploads\/2016\/07\/kids.png","type":"","width":"","height":""}],"twitter_card":"summary_large_image","twitter_description":"[ux_banner height=\"260px\" bg=\"1396\" bg_size=\"original\" class=\"banner-home\"]  [text_box width=\"80\" width__sm=\"60\" animate=\"fadeInLeft\" position_x=\"0\" position_y=\"95\" text_align=\"left\"]  [divider]   [\/text_box]  [\/ux_banner]","twitter_misc":{"Tempo di lettura stimato":"2 minuti"},"schema":{"@context":"https:\/\/schema.org","@graph":[{"@type":"WebPage","@id":"https:\/\/www.educazionedigitale.it\/leroymerlin\/lezioni-pronte\/","url":"https:\/\/www.educazionedigitale.it\/leroymerlin\/lezioni-pronte\/","name":"Lezioni Pronte - Gli AmicoEco","isPartOf":{"@id":"https:\/\/www.educazionedigitale.it\/leroymerlin\/#website"},"primaryImageOfPage":{"@id":"https:\/\/www.educazionedigitale.it\/leroymerlin\/lezioni-pronte\/#primaryimage"},"image":{"@id":"https:\/\/www.educazionedigitale.it\/leroymerlin\/lezioni-pronte\/#primaryimage"},"thumbnailUrl":"https:\/\/www.educazionedigitale.it\/leroymerlin\/wp-content\/uploads\/2016\/07\/kids.png","datePublished":"2020-08-25T11:02:34+00:00","dateModified":"2024-06-14T15:41:31+00:00","breadcrumb":{"@id":"https:\/\/www.educazionedigitale.it\/leroymerlin\/lezioni-pronte\/#breadcrumb"},"inLanguage":"it-IT","potentialAction":[{"@type":"ReadAction","target":["https:\/\/www.educazionedigitale.it\/leroymerlin\/lezioni-pronte\/"]}]},{"@type":"ImageObject","inLanguage":"it-IT","@id":"https:\/\/www.educazionedigitale.it\/leroymerlin\/lezioni-pronte\/#primaryimage","url":"https:\/\/www.educazionedigitale.it\/leroymerlin\/wp-content\/uploads\/2016\/07\/kids.png","contentUrl":"https:\/\/www.educazionedigitale.it\/leroymerlin\/wp-content\/uploads\/2016\/07\/kids.png","width":200,"height":210},{"@type":"BreadcrumbList","@id":"https:\/\/www.educazionedigitale.it\/leroymerlin\/lezioni-pronte\/#breadcrumb","itemListElement":[{"@type":"ListItem","position":1,"name":"Home","item":"https:\/\/www.educazionedigitale.it\/leroymerlin\/"},{"@type":"ListItem","position":2,"name":"Lezioni Pronte"}]},{"@type":"WebSite","@id":"https:\/\/www.educazionedigitale.it\/leroymerlin\/#website","url":"https:\/\/www.educazionedigitale.it\/leroymerlin\/","name":"Gli AmicoEco","description":"Leroy Merlin per la sostenibilit\u00e0 ambientale e il consumo responsabile","potentialAction":[{"@type":"SearchAction","target":{"@type":"EntryPoint","urlTemplate":"https:\/\/www.educazionedigitale.it\/leroymerlin\/?s={search_term_string}"},"query-input":{"@type":"PropertyValueSpecification","valueRequired":true,"valueName":"search_term_string"}}],"inLanguage":"it-IT"}]}},"_links":{"self":[{"href":"https:\/\/www.educazionedigitale.it\/leroymerlin\/wp-json\/wp\/v2\/pages\/2351","targetHints":{"allow":["GET"]}}],"collection":[{"href":"https:\/\/www.educazionedigitale.it\/leroymerlin\/wp-json\/wp\/v2\/pages"}],"about":[{"href":"https:\/\/www.educazionedigitale.it\/leroymerlin\/wp-json\/wp\/v2\/types\/page"}],"author":[{"embeddable":true,"href":"https:\/\/www.educazionedigitale.it\/leroymerlin\/wp-json\/wp\/v2\/users\/8"}],"replies":[{"embeddable":true,"href":"https:\/\/www.educazionedigitale.it\/leroymerlin\/wp-json\/wp\/v2\/comments?post=2351"}],"version-history":[{"count":3,"href":"https:\/\/www.educazionedigitale.it\/leroymerlin\/wp-json\/wp\/v2\/pages\/2351\/revisions"}],"predecessor-version":[{"id":2789,"href":"https:\/\/www.educazionedigitale.it\/leroymerlin\/wp-json\/wp\/v2\/pages\/2351\/revisions\/2789"}],"wp:attachment":[{"href":"https:\/\/www.educazionedigitale.it\/leroymerlin\/wp-json\/wp\/v2\/media?parent=2351"}],"curies":[{"name":"wp","href":"https:\/\/api.w.org\/{rel}","templated":true}]}}