{"id":3800,"date":"2019-02-22T12:38:03","date_gmt":"2019-02-22T11:38:03","guid":{"rendered":"http:\/\/www.educazionedigitale.it\/mitsubishielectric\/?page_id=3800"},"modified":"2024-06-14T17:59:02","modified_gmt":"2024-06-14T15:59:02","slug":"lazienda","status":"publish","type":"page","link":"https:\/\/www.educazionedigitale.it\/mitsubishielectric\/lazienda\/","title":{"rendered":"L\u2019AZIENDA"},"content":{"rendered":"\n\t<section class=\"section\" id=\"section_1736911229\">\n\t\t<div class=\"section-bg fill\" >\n\t\t\t\t\t\t\t\t\t\n\t\t\t\n\n\t\t<\/div>\n\n\t\t\n\n\t\t<div class=\"section-content relative\">\n\t\t\t\n<div class=\"row\"  id=\"row-1031272549\">\n\n\t<div id=\"col-51179060\" class=\"col large-12\"  >\n\t\t\t\t<div class=\"col-inner\"  >\n\t\t\t\n\t\t\t\n\t<div id=\"gap-1055413209\" class=\"gap-element clearfix\" style=\"display:block; height:auto;\">\n\t\t\n<style>\n#gap-1055413209 {\n  padding-top: 10px;\n}\n<\/style>\n\t<\/div>\n\t\n<h2>L\u2019azienda<\/h2>\n<h3 style=\"font-weight: normal;\">Impegno costante per innovazione, creativit\u00e0 e qualit\u00e0.<\/h3>\n<div class=\"is-divider divider clearfix\" style=\"max-width:small;\"><\/div>\n<p style=\"text-align: justify;\">Con quasi 100 anni di esperienza nella fornitura di prodotti di alta tecnologia, Mitsubishi Electric \u00e8 leader mondiale nella produzione, marketing e commercializzazione di apparecchiature elettriche ed elettroniche. Mitsubishi Electric unisce la tradizione e i valori tipici della cultura giapponese all\u2019innovazione, per offrire le migliori tecnologie finalizzate a rendere pi\u00f9 confortevole il mondo in cui viviamo. I prodotti e i componenti Mitsubishi Electric trovano applicazione in molteplici campi: informatica e telecomunicazioni, ricerca spaziale e comunicazioni satellitari, elettronica di consumo, tecnologia per applicazioni industriali, energia, trasporti e costruzioni.<br \/>\nL\u2019azienda \u00e8 fortemente impegnata nella realizzazione di prodotti e attivit\u00e0 eco-compatibili e nella promozione di programmi di <strong>Corporate Social Responsibility<\/strong>.<\/p>\n<p><strong><a href=\"https:\/\/it.mitsubishielectric.com\/it\/about-us\/global\/index.page\" rel=\"noopener noreferrer\" target=\"_blank\"><span style=\"color: #7e7e7e;\">https:\/\/it.mitsubishielectric.com\/it\/about-us\/global\/index.page<\/span><\/a><\/strong><\/p>\n\t\t<\/div>\n\t\t\t\t\t<\/div>\n\n\t\n<\/div>\n\t\t<\/div>\n\n\t\t\n<style>\n#section_1736911229 {\n  padding-top: 30px;\n  padding-bottom: 30px;\n}\n<\/style>\n\t<\/section>\n\t\n<div style=\"border-top: 1px solid #939598; margin: 0; padding: 0;\"><\/div>\n\n\t<section class=\"section has-parallax\" id=\"section_1805408658\">\n\t\t<div class=\"section-bg fill\" data-parallax-container=\".section\" data-parallax-background data-parallax=\"-5\">\n\t\t\t<img loading=\"lazy\" decoding=\"async\" width=\"2000\" height=\"1000\" src=\"https:\/\/www.educazionedigitale.it\/mitsubishielectric\/wp-content\/uploads\/2019\/02\/section-mitsubishi-04.jpg\" class=\"bg attachment- size-\" alt=\"\" \/>\t\t\t\t\t\t\n\t\t\t\n\n\t\t<\/div>\n\n\t\t\n\n\t\t<div class=\"section-content relative\">\n\t\t\t\n<div class=\"row\"  id=\"row-788692434\">\n\n\t<div id=\"col-5240430\" class=\"col large-12\"  >\n\t\t\t\t<div class=\"col-inner\"  >\n\t\t\t\n\t\t\t\n\t<div id=\"gap-2116592846\" class=\"gap-element clearfix\" style=\"display:block; height:auto;\">\n\t\t\n<style>\n#gap-2116592846 {\n  padding-top: 30px;\n}\n<\/style>\n\t<\/div>\n\t\n<h2>Mitsubishi Electric Filiale per l\u2019Italia<\/h2>\n<h3 style=\"font-weight: normal;\">La qualit\u00e0 al centro di ogni attivit\u00e0<\/h3>\n<div class=\"is-divider divider clearfix\" style=\"max-width:small;\"><\/div>\n\t\t<\/div>\n\t\t\t\t\t<\/div>\n\n\t\n\n\t<div id=\"col-1720470910\" class=\"col medium-6 large-6\"  >\n\t\t\t\t<div class=\"col-inner\"  >\n\t\t\t\n\t\t\t\n<p style=\"text-align: justify;\">Ispirata dal motto \u201cChanges for the Better\u201d, che identifica l\u2019impegno costante dell\u2019azienda verso <strong>l\u2019innovazione, la creativit\u00e0, il miglioramento delle tecnologie e dei servizi<\/strong>, la filiale italiana di Mitsubishi Electric pone la qualit\u00e0 al centro di ogni sua attivit\u00e0.<br \/>\nLa qualit\u00e0 parte infatti dal prodotto e si estende ai servizi innovativi dedicati alle fasi del pre e post vendita che accompagnano clienti, partner e reti distributive durante tutto il percorso di relazione con la societ\u00e0.<br \/>\nUn ulteriore elemento primario \u00e8 rappresentato dalle risorse umane che Mitsubishi Electric si impegna a valorizzare attraverso percorsi di formazione mirata, sia di carattere manageriale sia di carattere tecnico, allo scopo di migliorare e accrescere le competenze e la professionalit\u00e0 dei propri dipendenti. Entrando in contatto con clienti, partner e con il pubblico anche attraverso la propria rete di agenzie esterne e tecnici installatori, che operano in gran parte in esclusiva sul territorio di competenza, Mitsubishi Electric organizza sistematicamente corsi di formazione al fine di garantire un alto livello di servizio e professionalit\u00e0.<\/p>\n\t\t<\/div>\n\t\t\t\t\t<\/div>\n\n\t\n\n\t<div id=\"col-791867978\" class=\"col medium-6 large-6\"  >\n\t\t\t\t<div class=\"col-inner\"  >\n\t\t\t\n\t\t\t\n<p style=\"text-align: justify;\">Presso la sede principale di Agrate Brianza, sono attivi il <strong>Training Centre Climatizzazione, vero e proprio polo di eccellenza tecnologica grazie alle numerose e sofisticate soluzioni di climatizzazione proposte, e il Factory Automation Centre, centro espositivo e formativo a livello mondiale<\/strong> e sede per l\u2019organizzazione di corsi di formazione dedicati a clienti, istituti tecnici e universit\u00e0. Nel Febbraio 2017 \u00e8 stato inoltre inaugurato un Training Centre Climatizzazione presso la sede di Roma.<br \/>\nOperativa dal 1985, la filiale italiana \u00e8 strutturata con cinque Divisioni commerciali: <strong>Climatizzazione, Automazione Industriale, Automotive, Semiconduttori, Trasporti<\/strong>.<br \/>\nLa filiale italiana \u00e8 altres\u00ec responsabile della commercializzazione di alcune linee di prodotto in numerosi stati dell\u2019area mediterranea, mediorientale e del continente africano.<br \/>\nIn Italia Mitsubishi Electric ha sede ad Agrate Brianza ed ha uffici commerciali a Padova, Pavia, Roma, Ros\u00e0 (VI) e Torino.<br \/>\n<a href=\"https:\/\/it.mitsubishielectric.com\/it\" rel=\"noopener noreferrer\" target=\"_blank\"><strong><span style=\"color: #7e7e7e;\">https:\/\/it.mitsubishielectric.com\/it<\/span><\/strong><\/a><\/p>\n\t\t<\/div>\n\t\t\t\t\t<\/div>\n\n\t\n<\/div>\n\t<div id=\"gap-1838329762\" class=\"gap-element clearfix\" style=\"display:block; height:auto;\">\n\t\t\n<style>\n#gap-1838329762 {\n  padding-top: 20px;\n}\n<\/style>\n\t<\/div>\n\t\n\t\t<\/div>\n\n\t\t\n<style>\n#section_1805408658 {\n  padding-top: 30px;\n  padding-bottom: 30px;\n}\n<\/style>\n\t<\/section>\n\t\n<div style=\"background-color: #7e7e7e; padding: 20px 0px 1px 0px;\">\n<p style=\"text-align: center; font-size: 24px; color: #fff;\"><strong>Le divisioni Mitsubishi Electric coinvolte nel progetto di FSL<\/strong><\/p>\n<\/div>\n\n\t<section class=\"section\" id=\"section_1658685300\">\n\t\t<div class=\"section-bg fill\" >\n\t\t\t\t\t\t\t\t\t\n\t\t\t\n\n\t\t<\/div>\n\n\t\t\n\n\t\t<div class=\"section-content relative\">\n\t\t\t\n<div class=\"row\"  id=\"row-456545033\">\n\n\t<div id=\"col-1332452911\" class=\"col large-12\"  >\n\t\t\t\t<div class=\"col-inner\"  >\n\t\t\t\n\t\t\t\n\t<div id=\"gap-101400849\" class=\"gap-element clearfix\" style=\"display:block; height:auto;\">\n\t\t\n<style>\n#gap-101400849 {\n  padding-top: 30px;\n}\n<\/style>\n\t<\/div>\n\t\n<h2>CLIMATIZZAZIONE<\/h2>\n<h3 style=\"font-weight: normal;\">Nuovi orizzonti del comfort ambientale, nuove tecnologie che guardano al futuro.<\/h3>\n<div class=\"is-divider divider clearfix\" style=\"max-width:small;\"><\/div>\n<p style=\"text-align: justify;\">Rispetto per l\u2019ambiente, risparmio energetico, comfort ambientale sono gli obiettivi di Mitsubishi Electric Divisione Climatizzazione da sempre impegnata nello sviluppo di soluzioni tecnologiche ecosostenibili che guardano al futuro.<br \/>\nPer Mitsubishi Electric l\u2019attenzione al benessere e la sua costante ricerca vanno di pari passo con la sensibilit\u00e0 ai temi ambientali. Per questa ragione l\u2019azienda giapponese investe costantemente in Ricerca &amp; Sviluppo, per offrire prodotti e soluzioni sempre pi\u00f9 orientate al miglioramento del comfort negli ambienti e ad una forte riduzione dei consumi energetici, dei costi di gestione e delle emissioni di CO<sub>2<\/sub>.<br \/>\nEssere costantemente impegnati nel miglioramento del clima nel mondo significa anche assumersi l\u2019impegno di utilizzare l\u2019energia inmodo intelligente, al fine di salvaguardare l\u2019ambiente.<br \/>\nLa realizzazione di soluzioni innovative per il risparmio energetico e l\u2019utilizzo di energie rinnovabili sono esigenze prioritarie per Mitsubishi Electric: Climatizzazione, Riscaldamento, Deumidificazione e Trattamento dell\u2019aria. Elevata efficienza energetica e altissimo rendimento sono, infatti, i punti di forza di ogni soluzione: dalle innovative pompe di calore idroniche per il riscaldamento, raffrescamento e produzione di acqua calda sanitaria, ai sistemi di controllo e supervisione, dai climatizzatori per il settore residenziale, terziario e commerciale alla completa gamma di soluzioni per il trattamento dell&#8217;aria e deumidificazione, unit\u00e0 polivalenti, chiller, climatizzatori per il raffreddamento dei datacenter.<br \/>\nAlla costante attenzione all\u2019ambiente e all\u2019innovazione tecnologica, da sempre punti di forza dell\u2019azienda giapponese, Mitsubishi Electric ha aggiunto inoltre la formazione come valore fondamentale per un servizio puntuale e qualificato degli operatori del settore.<br \/>\nI Training Centre di Agrate Brianza e Roma rappresentano un vero e proprio polo d&#8217;eccellenza tecnologica dove migliorare la propria conoscenza dei prodotti, elevare la professionalit\u00e0 e tenersi costantemente aggiornati con corsi di formazione teorici e pratici.<\/p>\n\t<div id=\"gap-367669630\" class=\"gap-element clearfix\" style=\"display:block; height:auto;\">\n\t\t\n<style>\n#gap-367669630 {\n  padding-top: 30px;\n}\n<\/style>\n\t<\/div>\n\t\n\t\t<\/div>\n\t\t\t\t\t<\/div>\n\n\t\n<\/div>\n\t\t<\/div>\n\n\t\t\n<style>\n#section_1658685300 {\n  padding-top: 30px;\n  padding-bottom: 30px;\n}\n<\/style>\n\t<\/section>\n\t\n<div style=\"border-top: 1px solid #939598; margin: 0; padding: 0;\"><\/div>\n\n\t<section class=\"section has-parallax\" id=\"section_255200260\">\n\t\t<div class=\"section-bg fill\" data-parallax-container=\".section\" data-parallax-background data-parallax=\"-3\">\n\t\t\t<img loading=\"lazy\" decoding=\"async\" width=\"2000\" height=\"1000\" src=\"https:\/\/www.educazionedigitale.it\/mitsubishielectric\/wp-content\/uploads\/2019\/02\/section-03-mitsubishi.jpg\" class=\"bg attachment- size-\" alt=\"\" \/>\t\t\t\t\t\t\n\t\t\t\n\n\t\t<\/div>\n\n\t\t\n\n\t\t<div class=\"section-content relative\">\n\t\t\t\n<div class=\"row\"  id=\"row-1385937302\">\n\n\t<div id=\"col-2038749737\" class=\"col large-12\"  >\n\t\t\t\t<div class=\"col-inner\"  >\n\t\t\t\n\t\t\t\n\t<div id=\"gap-165178308\" class=\"gap-element clearfix\" style=\"display:block; height:auto;\">\n\t\t\n<style>\n#gap-165178308 {\n  padding-top: 30px;\n}\n<\/style>\n\t<\/div>\n\t\n<h2>FACTORY AUTOMATION<\/h2>\n<h3 style=\"font-weight: normal;\">Trasformare un\u2019idea in realt\u00e0.<\/h3>\n<div class=\"is-divider divider clearfix\" style=\"max-width:small;\"><\/div>\n<p style=\"text-align: justify;\">Sviluppo e innovazione sono i motori chiave della Divisione Factory Automation di Mitsubishi Electric. Vantiamo un\u2019esperienza di oltre 75 anni nel mercato industriale e le competenze maturate nel corso di questi decenni, insieme al nostro ricco portafoglio prodotti, ci permettono di lavorare con i clienti per creare soluzioni personalizzate e complete che soddisfano tutte le esigenze applicative.<br \/>\nMitsubishi Electric \u00e8 uno dei leader mondiali nel campo dell\u2019automazione industriale, del processo e del controllo numerico e negli anni ha consolidato una competenza unica per ogni tipo di applicazione, con un\u2019offerta completa che va dai singoli componenti per l\u2019automazione a soluzioni integrate globali.<br \/>\nCi\u00f2 che rende unica Mitsubishi Electric \u00e8 che ogni singolo prodotto, compresi i suoi componenti interni, \u00e8 progettato, sviluppato e realizzato da Mitsubishi Electric stessa. Viene cos\u00ec garantito un alto grado di affidabilit\u00e0 e di integrazione tra i vari prodotti, che esalta le performance di ogni tipo di applicazione.<br \/>\nTrasparenza e reale integrazione a 360\u00b0 tra PLC (Controllori logici programmabili), Motion Control, Robot, CNC (Controllori numerici programmabili) e HMI (Interfaccia Uomo-Macchina) \u00e8 la proposta di Mitsubishi Electric per soluzioni di automazione in grado di garantire la massima produttivit\u00e0, affidabilit\u00e0 ed efficienza. Alle soluzioni per l\u2019automazione si affiancano quelle per il mondo del processo, dal tool di engineering e supervisione MAPS al DCS (Distributed Control System) PMSX Pro.<br \/>\nA corredo delle soluzioni per l\u2019automazione e il mondo del processo, Mitsubishi Electric offre un\u2019ampia gamma di prodotti di elettromeccanica nel campo della bassa e della media tensione.<br \/>\nInoltre, l\u2019esperienza e il know how della divisione Automazione Industriale vanno ad abbracciare alcuni mercati chiave quali i settori del Life Science, del Food &amp; Beverage, del Packaging, del Trattamento Acque, dell\u2019Energia e dell\u2019Oil&amp;Gas con proposte di soluzioni integrate globali.<br \/>\nAnche nell\u2019ambito dei controlli numerici, Mitsubishi Electric \u00e8 tra i leader mondiali essendo fornitore sia di prodotti OEM &#8211; utilizzati dai principali Costruttori di macchine utensili &#8211; sia di prodotti standard &#8211; rivolti alla pi\u00f9 ampia gamma di Costruttori che siano esigenti in termini di prestazioni\/qualit\u00e0\/servizi. Oltre ad offrire prodotti di alta qualit\u00e0 e massime prestazioni, siamo oggi in grado di supportare il cliente per ogni esigenza: da un approccio consulenziale in fase di prevendita e vendita, al supporto per lo sviluppo delle applicazioni, fino alla manutenzione delle macchine.<br \/>\nLa divisione Factory Automation della Filiale italiana \u00e8 responsabile del business per i Paesi della macro area South Hub \u2013 Italia, Francia, Spagna, Portogallo, Grecia, Africa del Nord e occidentale e Egitto e Israele. E inoltre \u00e8 attiva come Factory Automation Centre del network mondiale grazie all\u2019eccellenza del supporto tecnico post-vendita, permettendo a clienti di ben 25 Paesi, dislocati tra Europa Meridionale, Africa Settentrionale e Occidentale di rivolgersi ad esso per le attivit\u00e0 legate alla proposta di sistemi, alla consultazione tecnica e alla formazione sulle soluzioni di Mitsubishi Electric.<\/p>\n\t<div id=\"gap-1033753557\" class=\"gap-element clearfix\" style=\"display:block; height:auto;\">\n\t\t\n<style>\n#gap-1033753557 {\n  padding-top: 30px;\n}\n<\/style>\n\t<\/div>\n\t\n\t\t<\/div>\n\t\t\t\t\t<\/div>\n\n\t\n<\/div>\n\t\t<\/div>\n\n\t\t\n<style>\n#section_255200260 {\n  padding-top: 30px;\n  padding-bottom: 30px;\n}\n<\/style>\n\t<\/section>\n\t\n<div style=\"border-top: 1px solid #939598; margin: 0; padding: 0;\"><\/div>\n\n\t<section class=\"section\" id=\"section_659704978\">\n\t\t<div class=\"section-bg fill\" >\n\t\t\t\t\t\t\t\t\t\n\t\t\t\n\n\t\t<\/div>\n\n\t\t\n\n\t\t<div class=\"section-content relative\">\n\t\t\t\n<div class=\"row\"  id=\"row-2102354390\">\n\n\t<div id=\"col-1009030922\" class=\"col large-12\"  >\n\t\t\t\t<div class=\"col-inner\"  >\n\t\t\t\n\t\t\t\n\t<div id=\"gap-305750358\" class=\"gap-element clearfix\" style=\"display:block; height:auto;\">\n\t\t\n<style>\n#gap-305750358 {\n  padding-top: 30px;\n}\n<\/style>\n\t<\/div>\n\t\n<h2>La Responsabilit\u00e0 Sociale d\u2019Impresa<\/h2>\n<div class=\"is-divider divider clearfix\" style=\"max-width:small;\"><\/div>\n\t\t<\/div>\n\t\t\t\t\t<\/div>\n\n\t\n\n\t<div id=\"col-2043750929\" class=\"col medium-6 large-6\"  >\n\t\t\t\t<div class=\"col-inner\"  >\n\t\t\t\n\t\t\t\n<p style=\"text-align: justify;\">Tra le responsabilit\u00e0 prioritarie di Mitsubishi Electric, oltre a quelle di fornire prodotti eccellenti ed ecosostenibili, figura quella di essere un membro responsabile delle comunit\u00e0 in cui sono collocati i propri insediamenti. Viene valorizzata la creativit\u00e0 in ogni aspetto del business con l&#8217;obiettivo di migliorare la qualit\u00e0 di vita nella societ\u00e0, agendo in applicazione dei sette principi che guidano le attivit\u00e0 dell\u2019azienda: <strong>fiducia, qualit\u00e0, tecnologia, comunit\u00e0, etica, ambiente e crescita<\/strong>.<br \/>\nVengono sostenute iniziative di carattere sociale, nell\u2019ambito della salvaguardia dell&#8217;ambiente, dello sport, della cultura, dell\u2019arte e delle scienze.<\/p>\n\t\t<\/div>\n\t\t\t\t\t<\/div>\n\n\t\n\n\t<div id=\"col-470424282\" class=\"col medium-6 large-6\"  >\n\t\t\t\t<div class=\"col-inner\"  >\n\t\t\t\n\t\t\t\n<p style=\"text-align: justify;\">\nLa filiale italiana di Mitsubishi Electric \u00e8 impegnata da molti anni nello sviluppo di un ampio programma di Responsabilit\u00e0 Sociale d\u2019Impresa, che comprende numerosi progetti e iniziative sia a livello locale che nazionale, in diversi ambiti: tutela del patrimonio artistico, sostegno ad istituzioni museali, collaborazione con il mondo universitario e della formazione e contributo alla realizzazione di programmi sportivi per l\u2019integrazione di persone con disabilit\u00e0.<\/p>\n<p><a href=\"http:\/\/responsabilitasociale.mitsubishielectric.it\/it\/\" rel=\"noopener noreferrer\" target=\"_blank\"><strong><span style=\"color: #7e7e7e;\">http:\/\/responsabilitasociale.mitsubishielectric.it\/it\/<\/span><\/strong><\/a><\/p>\n\t<div id=\"gap-611399039\" class=\"gap-element clearfix\" style=\"display:block; height:auto;\">\n\t\t\n<style>\n#gap-611399039 {\n  padding-top: 10px;\n}\n<\/style>\n\t<\/div>\n\t\n\t\t<\/div>\n\t\t\t\t\t<\/div>\n\n\t\n<\/div>\n\t\t<\/div>\n\n\t\t\n<style>\n#section_659704978 {\n  padding-top: 30px;\n  padding-bottom: 30px;\n  background-color: #f5f0e6;\n}\n<\/style>\n\t<\/section>\n\t\n","protected":false},"excerpt":{"rendered":"\n  <div class=\"banner has-hover banner-home\" id=\"banner-273303386\">\n          <div class=\"banner-inner fill\">\n        <div class=\"banner-bg fill\" >\n            <img width=\"1020\" height=\"230\" src=\"https:\/\/www.educazionedigitale.it\/mitsubishielectric\/wp-content\/uploads\/2019\/02\/slider-01-mitsubishi-1600x360.jpg\" class=\"bg attachment-large size-large\" alt=\"\" decoding=\"async\" loading=\"lazy\" \/>                                    \n                    <\/div>\n\t\t\n        <div class=\"banner-layers container\">\n            <div class=\"fill banner-link\"><\/div>               <div id=\"text-box-1437728363\" class=\"text-box banner-layer x50 md-x50 lg-x50 y90 md-y90 lg-y90 res-text\">\n                     <div data-animate=\"fadeInLeft\">           <div class=\"text-box-content text dark\">\n              \n              <div class=\"text-inner text-center\">\n                  \n              <\/div>\n           <\/div>\n       <\/div>                     \n<style>\n#text-box-1437728363 {\n  width: 60%;\n}\n#text-box-1437728363 .text-box-content {\n  font-size: 100%;\n}\n@media (min-width:550px) {\n  #text-box-1437728363 {\n    width: 80%;\n  }\n}\n<\/style>\n    <\/div>\n         <\/div>\n      <\/div>\n\n            \n<style>\n#banner-273303386 {\n  padding-top: 200px;\n}\n<\/style>\n  <\/div>\n\n\n","protected":false},"author":1,"featured_media":0,"parent":0,"menu_order":0,"comment_status":"closed","ping_status":"closed","template":"page-blank.php","meta":{"_monsterinsights_skip_tracking":false,"_monsterinsights_sitenote_active":false,"_monsterinsights_sitenote_note":"","_monsterinsights_sitenote_category":0,"footnotes":""},"class_list":["post-3800","page","type-page","status-publish","hentry"],"_links":{"self":[{"href":"https:\/\/www.educazionedigitale.it\/mitsubishielectric\/wp-json\/wp\/v2\/pages\/3800","targetHints":{"allow":["GET"]}}],"collection":[{"href":"https:\/\/www.educazionedigitale.it\/mitsubishielectric\/wp-json\/wp\/v2\/pages"}],"about":[{"href":"https:\/\/www.educazionedigitale.it\/mitsubishielectric\/wp-json\/wp\/v2\/types\/page"}],"author":[{"embeddable":true,"href":"https:\/\/www.educazionedigitale.it\/mitsubishielectric\/wp-json\/wp\/v2\/users\/1"}],"replies":[{"embeddable":true,"href":"https:\/\/www.educazionedigitale.it\/mitsubishielectric\/wp-json\/wp\/v2\/comments?post=3800"}],"version-history":[{"count":3,"href":"https:\/\/www.educazionedigitale.it\/mitsubishielectric\/wp-json\/wp\/v2\/pages\/3800\/revisions"}],"predecessor-version":[{"id":6324,"href":"https:\/\/www.educazionedigitale.it\/mitsubishielectric\/wp-json\/wp\/v2\/pages\/3800\/revisions\/6324"}],"wp:attachment":[{"href":"https:\/\/www.educazionedigitale.it\/mitsubishielectric\/wp-json\/wp\/v2\/media?parent=3800"}],"curies":[{"name":"wp","href":"https:\/\/api.w.org\/{rel}","templated":true}]}}