{"id":531,"date":"2015-03-13T15:30:41","date_gmt":"2015-03-13T14:30:41","guid":{"rendered":"http:\/\/www.educazionedigitale.it\/onehealth\/?page_id=531"},"modified":"2024-06-13T14:57:20","modified_gmt":"2024-06-13T12:57:20","slug":"percorso","status":"publish","type":"page","link":"https:\/\/www.educazionedigitale.it\/onehealth\/percorso\/","title":{"rendered":"Contenuti"},"content":{"rendered":"\t<div id=\"gap-70879112\" class=\"gap-element clearfix\" style=\"display:block; height:auto;\">\n\t\t\n<style>\n#gap-70879112 {\n  padding-top: 48px;\n}\n@media (min-width:550px) {\n  #gap-70879112 {\n    padding-top: 88px;\n  }\n}\n@media (min-width:850px) {\n  #gap-70879112 {\n    padding-top: 88px;\n  }\n}\n<\/style>\n\t<\/div>\n\t\n\n  <div class=\"banner has-hover\" id=\"banner-2059203109\">\n          <div class=\"banner-inner fill\">\n        <div class=\"banner-bg fill\" >\n            <img loading=\"lazy\" decoding=\"async\" width=\"1920\" height=\"248\" src=\"https:\/\/www.educazionedigitale.it\/onehealth\/wp-content\/uploads\/2023\/03\/bannercontenuti-3.png\" class=\"bg attachment-original size-original\" alt=\"\" \/>                                    \n                    <\/div>\n\t\t\n        <div class=\"banner-layers container\">\n            <div class=\"fill banner-link\"><\/div>            \n   <div id=\"text-box-1939315109\" class=\"text-box banner-layer x50 md-x50 lg-x50 y50 md-y50 lg-y50 res-text\">\n                                <div class=\"text-box-content text dark\">\n              \n              <div class=\"text-inner text-center\">\n                  \n              <\/div>\n           <\/div>\n                            \n<style>\n#text-box-1939315109 {\n  width: 60%;\n}\n#text-box-1939315109 .text-box-content {\n  font-size: 100%;\n}\n@media (min-width:550px) {\n  #text-box-1939315109 {\n    width: 60%;\n  }\n}\n<\/style>\n    <\/div>\n \n        <\/div>\n      <\/div>\n\n            \n<style>\n#banner-2059203109 {\n  padding-top: 80px;\n}\n#banner-2059203109 .banner-bg img {\n  object-position: 100% 0%;\n}\n@media (min-width:550px) {\n  #banner-2059203109 {\n    padding-top: 250px;\n  }\n}\n<\/style>\n  <\/div>\n\n\n\n\t<section class=\"section\" id=\"section_1420960612\">\n\t\t<div class=\"section-bg fill\" >\n\t\t\t<img loading=\"lazy\" decoding=\"async\" width=\"2560\" height=\"1244\" src=\"https:\/\/www.educazionedigitale.it\/onehealth\/wp-content\/uploads\/2023\/03\/protecting-planet-bkgd4-env-scaled.webp\" class=\"bg attachment- size-\" alt=\"\" \/>\t\t\t\t\t\t\n\t\t\t\n\n\t\t<\/div>\n\n\t\t\n\n\t\t<div class=\"section-content relative\">\n\t\t\t\n<div class=\"row\"  id=\"row-1307378880\">\n\n\t<div id=\"col-284729983\" class=\"col medium-10 small-12 large-7\"  >\n\t\t\t\t<div class=\"col-inner\"  >\n\t\t\t\n\t\t\t\n\t<div id=\"gap-1226248115\" class=\"gap-element clearfix\" style=\"display:block; height:auto;\">\n\t\t\n<style>\n#gap-1226248115 {\n  padding-top: 30px;\n}\n<\/style>\n\t<\/div>\n\t\n<h4 style=\"font-size:1.3em !important\">La visione &#8220;One Health&#8221;<\/strong> si basa sul concetto<br \/> ormai universalmente riconosciuto che la salute<br \/> dell\u2019essere umano \u00e8 intimamente connessa a quella<br \/> delle altre specie viventi e dell\u2019ambiente in generale.<br \/>&nbsp;<br \/> Ogni cambiamento insito in una di queste variabili <br \/>o nella loro relazione \u00e8 destabilizzante e pericoloso<br \/> per il tutto.<\/h4>\n\t<div id=\"gap-1956321825\" class=\"gap-element clearfix\" style=\"display:block; height:auto;\">\n\t\t\n<style>\n#gap-1956321825 {\n  padding-top: 120px;\n}\n<\/style>\n\t<\/div>\n\t\n\t\t<\/div>\n\t\t\t\t\t<\/div>\n\n\t\n<\/div>\n\t\t<\/div>\n\n\t\t\n<style>\n#section_1420960612 {\n  padding-top: 30px;\n  padding-bottom: 30px;\n}\n#section_1420960612 .section-bg img {\n  object-position: 0% 0%;\n}\n<\/style>\n\t<\/section>\n\t\n\n\t<section class=\"section\" id=\"section_694406580\">\n\t\t<div class=\"section-bg fill\" >\n\t\t\t\t\t\t\t\t\t\n\t\t\t\n\n\t\t<\/div>\n\n\t\t\n\n\t\t<div class=\"section-content relative\">\n\t\t\t\n<div class=\"row row-collapse\"  id=\"row-1636218239\">\n\n\t<div id=\"col-2093795544\" class=\"col small-12 large-12\"  >\n\t\t\t\t<div class=\"col-inner box-shadow-2\" style=\"background-color:rgb(255,255,255);\" >\n\t\t\t\n\t\t\t\n<div class=\"row\"  id=\"row-1614726297\">\n\n\t<div id=\"col-416464215\" class=\"col medium-6 small-12 large-6\"  >\n\t\t\t\t<div class=\"col-inner\"  >\n\t\t\t\n\t\t\t\n<p style=\"text-align: justify; margin-bottom: 0px;\">La pandemia da SARS-CoV-2, che ha recentemente travolto il mondo causando milioni di vittime e devastando l\u2019economia globale, \u00e8 una delle pi\u00f9 grandi conferme dell&#8217;inscindibilit\u00e0 della nostra salute dal contesto in cui viviamo. Segna, purtroppo, anche la presa di coscienza che gli sconvolgimenti nell\u2019\u201decosistema Terra\u201d a cui stiamo assistendo negli ultimi decenni non sono dovuti a eventi casuali, ma dipendono da attivit\u00e0 umane, come l\u2019utilizzo indiscriminato del suolo, l\u2019invasione di aree naturali e la conseguente perdita di biodiversit\u00e0, l\u2019inquinamento ambientale e i cambiamenti climatici.<\/p>\n\t\t<\/div>\n\t\t\t\t\n<style>\n#col-416464215 > .col-inner {\n  padding: 0px 0px 0px 0px;\n}\n<\/style>\n\t<\/div>\n\n\t\n\n\t<div id=\"col-1141855145\" class=\"col medium-6 small-12 large-6\"  >\n\t\t\t\t<div class=\"col-inner\"  >\n\t\t\t\n\t\t\t\n<p style=\"text-align: justify; margin-bottom: 0px;\">I danni che l\u2019uomo ha inflitto e continua a procurare all\u2019ecosistema stanno gradualmente presentando il loro conto. Gli attuali cambiamenti climatici, per esempio, oltre a essere responsabili di pericolosi fenomeni estremi, alluvioni e ondate di calore, condizionano alcune <strong>determinanti fondamentali della salute umana<\/strong>, come l\u2019aria pulita, l\u2019acqua potabile e l\u2019approvvigionamento alimentare; favoriscono lo sconfinamento di animali e insetti dai loro habitat naturali e, conseguentemente, la diffusione di agenti patogeni e la trasmissione di malattie infettive.<\/p>\n\t\t<\/div>\n\t\t\t\t\t<\/div>\n\n\t\n<\/div>\n\t\t<\/div>\n\t\t\t\t\n<style>\n#col-2093795544 > .col-inner {\n  padding: 20px 20px 20px 20px;\n  margin: -140px 0px 0px 0px;\n}\n<\/style>\n\t<\/div>\n\n\t\n<\/div>\n\t\t<\/div>\n\n\t\t\n<style>\n#section_694406580 {\n  padding-top: 0px;\n  padding-bottom: 0px;\n}\n<\/style>\n\t<\/section>\n\t\n<div class=\"row\"  id=\"row-2025216926\">\n\n\t<div id=\"col-1026499287\" class=\"col large-12\"  >\n\t\t\t\t<div class=\"col-inner\"  >\n\t\t\t\n\t\t\t\n\t<div id=\"text-41994182\" class=\"text\">\n\t\t\n<p>Oltre a tutto ci\u00f2, i cambiamenti climatici provocano <strong>siccit\u00e0, carestie, fame, disuguaglianze sociali e guerre<\/strong>,<br \/>che sempre di pi\u00f9 si risolvono in <strong>ondate migratorie<\/strong> dai Paesi pi\u00f9 poveri che non solo sono insostenibili economicamente e socialmente per i Paesi occidentali, ma vanno a incrementare la diffusione di malattie \u201caltre\u201d,<br \/>che non conosciamo o a cui non siamo in grado di far fronte.<\/p>\n\t\t\n<style>\n#text-41994182 {\n  font-size: 1.2rem;\n  text-align: center;\n}\n<\/style>\n\t<\/div>\n\t\n\t\t<\/div>\n\t\t\t\t\n<style>\n#col-1026499287 > .col-inner {\n  margin: 0px 0px -20px 0px;\n}\n<\/style>\n\t<\/div>\n\n\t\n<\/div>\n\n\t<section class=\"section\" id=\"section_35620822\">\n\t\t<div class=\"section-bg fill\" >\n\t\t\t<img loading=\"lazy\" decoding=\"async\" width=\"2880\" height=\"1400\" src=\"https:\/\/www.educazionedigitale.it\/onehealth\/wp-content\/uploads\/2023\/03\/inclusion-diversity-equity2-life.png\" class=\"bg attachment- size-\" alt=\"\" \/>\t\t\t\t\t\t\n\t\t\t\n\n\t\t<\/div>\n\n\t\t\n\n\t\t<div class=\"section-content relative\">\n\t\t\t\n<div class=\"row align-right\"  id=\"row-1279394144\">\n\n\t<div id=\"col-774578798\" class=\"col medium-10 small-12 large-7\"  >\n\t\t\t\t<div class=\"col-inner\"  >\n\t\t\t\n\t\t\t\n\t<div id=\"text-4238600199\" class=\"text\">\n\t\t\n<p style=\"font-size: 1.2em !important;\">Alla luce di questi pericolosi sovvertimenti, <strong>&#8220;One Health&#8221;<\/strong> sostiene<br \/>la necessit\u00e0 di un <strong>approccio collaborativo<\/strong>, <strong>integrato e trasversale<\/strong><br \/>di <strong>Paesi, Istituzioni e Discipline<\/strong>, che non esula, per\u00f2, dall\u2019impegno individuale. Gli sforzi collettivi, insomma, devono andare di pari passo con l\u2019adozione di <strong>stili di vita pi\u00f9 sostenibili<\/strong> da parte di ognuno di noi, come l\u2019abitudine all\u2019attivit\u00e0 fisica, l\u2019utilizzo limitato dei mezzi inquinanti, abitudini alimentari sane ed equilibrate e il costante risparmio delle risorse energetiche specialmente<br \/>a livello domestico.<\/p>\n\t\t\n<style>\n#text-4238600199 {\n  text-align: right;\n}\n<\/style>\n\t<\/div>\n\t\n\t<div id=\"text-1469692232\" class=\"text\">\n\t\t\n<h4 style=\"font-size:1.3em !important\">Insomma, cittadini e comunit\u00e0, Istituzioni e Governi,<br \/>siamo tutti chiamati a contribuire a un cambiamento<br \/> ormai inevitabile, in nome di un ecosistema pi\u00f9 resiliente<br \/> e durevole e di un\u2019unica salute.<\/h4>\n\t\t\n<style>\n#text-1469692232 {\n  text-align: right;\n}\n<\/style>\n\t<\/div>\n\t\n\t\t<\/div>\n\t\t\t\t\t<\/div>\n\n\t\n<\/div>\n\t\t<\/div>\n\n\t\t\n<style>\n#section_35620822 {\n  padding-top: 30px;\n  padding-bottom: 30px;\n}\n#section_35620822 .section-bg img {\n  object-position: 100% 100%;\n}\n<\/style>\n\t<\/section>\n\t\n","protected":false},"excerpt":{"rendered":"","protected":false},"author":1,"featured_media":0,"parent":0,"menu_order":0,"comment_status":"closed","ping_status":"closed","template":"page-blank.php","meta":{"_monsterinsights_skip_tracking":false,"_monsterinsights_sitenote_active":false,"_monsterinsights_sitenote_note":"","_monsterinsights_sitenote_category":0,"footnotes":""},"class_list":["post-531","page","type-page","status-publish","hentry"],"yoast_head":"<!-- This site is optimized with the Yoast SEO plugin v27.3 - https:\/\/yoast.com\/product\/yoast-seo-wordpress\/ -->\n<title>Contenuti - One Health<\/title>\n<meta name=\"robots\" content=\"index, follow, max-snippet:-1, max-image-preview:large, max-video-preview:-1\" \/>\n<link rel=\"canonical\" href=\"https:\/\/www.educazionedigitale.it\/onehealth\/percorso\/\" \/>\n<meta property=\"og:locale\" content=\"it_IT\" \/>\n<meta property=\"og:type\" content=\"article\" \/>\n<meta property=\"og:title\" content=\"Contenuti - One Health\" \/>\n<meta property=\"og:url\" content=\"https:\/\/www.educazionedigitale.it\/onehealth\/percorso\/\" \/>\n<meta property=\"og:site_name\" content=\"One Health\" \/>\n<meta property=\"article:modified_time\" content=\"2024-06-13T12:57:20+00:00\" \/>\n<meta name=\"twitter:card\" content=\"summary_large_image\" \/>\n<meta name=\"twitter:label1\" content=\"Tempo di lettura stimato\" \/>\n\t<meta name=\"twitter:data1\" content=\"2 minuti\" \/>\n<script type=\"application\/ld+json\" class=\"yoast-schema-graph\">{\"@context\":\"https:\\\/\\\/schema.org\",\"@graph\":[{\"@type\":\"WebPage\",\"@id\":\"https:\\\/\\\/www.educazionedigitale.it\\\/onehealth\\\/percorso\\\/\",\"url\":\"https:\\\/\\\/www.educazionedigitale.it\\\/onehealth\\\/percorso\\\/\",\"name\":\"Contenuti - One Health\",\"isPartOf\":{\"@id\":\"https:\\\/\\\/www.educazionedigitale.it\\\/onehealth\\\/#website\"},\"datePublished\":\"2015-03-13T14:30:41+00:00\",\"dateModified\":\"2024-06-13T12:57:20+00:00\",\"inLanguage\":\"it-IT\",\"potentialAction\":[{\"@type\":\"ReadAction\",\"target\":[\"https:\\\/\\\/www.educazionedigitale.it\\\/onehealth\\\/percorso\\\/\"]}]},{\"@type\":\"WebSite\",\"@id\":\"https:\\\/\\\/www.educazionedigitale.it\\\/onehealth\\\/#website\",\"url\":\"https:\\\/\\\/www.educazionedigitale.it\\\/onehealth\\\/\",\"name\":\"One Health\",\"description\":\"MedTronic\",\"potentialAction\":[{\"@type\":\"SearchAction\",\"target\":{\"@type\":\"EntryPoint\",\"urlTemplate\":\"https:\\\/\\\/www.educazionedigitale.it\\\/onehealth\\\/?s={search_term_string}\"},\"query-input\":{\"@type\":\"PropertyValueSpecification\",\"valueRequired\":true,\"valueName\":\"search_term_string\"}}],\"inLanguage\":\"it-IT\"}]}<\/script>\n<!-- \/ Yoast SEO plugin. -->","yoast_head_json":{"title":"Contenuti - One Health","robots":{"index":"index","follow":"follow","max-snippet":"max-snippet:-1","max-image-preview":"max-image-preview:large","max-video-preview":"max-video-preview:-1"},"canonical":"https:\/\/www.educazionedigitale.it\/onehealth\/percorso\/","og_locale":"it_IT","og_type":"article","og_title":"Contenuti - One Health","og_url":"https:\/\/www.educazionedigitale.it\/onehealth\/percorso\/","og_site_name":"One Health","article_modified_time":"2024-06-13T12:57:20+00:00","twitter_card":"summary_large_image","twitter_misc":{"Tempo di lettura stimato":"2 minuti"},"schema":{"@context":"https:\/\/schema.org","@graph":[{"@type":"WebPage","@id":"https:\/\/www.educazionedigitale.it\/onehealth\/percorso\/","url":"https:\/\/www.educazionedigitale.it\/onehealth\/percorso\/","name":"Contenuti - One Health","isPartOf":{"@id":"https:\/\/www.educazionedigitale.it\/onehealth\/#website"},"datePublished":"2015-03-13T14:30:41+00:00","dateModified":"2024-06-13T12:57:20+00:00","inLanguage":"it-IT","potentialAction":[{"@type":"ReadAction","target":["https:\/\/www.educazionedigitale.it\/onehealth\/percorso\/"]}]},{"@type":"WebSite","@id":"https:\/\/www.educazionedigitale.it\/onehealth\/#website","url":"https:\/\/www.educazionedigitale.it\/onehealth\/","name":"One Health","description":"MedTronic","potentialAction":[{"@type":"SearchAction","target":{"@type":"EntryPoint","urlTemplate":"https:\/\/www.educazionedigitale.it\/onehealth\/?s={search_term_string}"},"query-input":{"@type":"PropertyValueSpecification","valueRequired":true,"valueName":"search_term_string"}}],"inLanguage":"it-IT"}]}},"_links":{"self":[{"href":"https:\/\/www.educazionedigitale.it\/onehealth\/wp-json\/wp\/v2\/pages\/531","targetHints":{"allow":["GET"]}}],"collection":[{"href":"https:\/\/www.educazionedigitale.it\/onehealth\/wp-json\/wp\/v2\/pages"}],"about":[{"href":"https:\/\/www.educazionedigitale.it\/onehealth\/wp-json\/wp\/v2\/types\/page"}],"author":[{"embeddable":true,"href":"https:\/\/www.educazionedigitale.it\/onehealth\/wp-json\/wp\/v2\/users\/1"}],"replies":[{"embeddable":true,"href":"https:\/\/www.educazionedigitale.it\/onehealth\/wp-json\/wp\/v2\/comments?post=531"}],"version-history":[{"count":3,"href":"https:\/\/www.educazionedigitale.it\/onehealth\/wp-json\/wp\/v2\/pages\/531\/revisions"}],"predecessor-version":[{"id":2995,"href":"https:\/\/www.educazionedigitale.it\/onehealth\/wp-json\/wp\/v2\/pages\/531\/revisions\/2995"}],"wp:attachment":[{"href":"https:\/\/www.educazionedigitale.it\/onehealth\/wp-json\/wp\/v2\/media?parent=531"}],"curies":[{"name":"wp","href":"https:\/\/api.w.org\/{rel}","templated":true}]}}