{"id":6300,"date":"2024-11-25T16:39:03","date_gmt":"2024-11-25T15:39:03","guid":{"rendered":"https:\/\/www.educazionedigitale.it\/passepartout\/?page_id=6300"},"modified":"2026-01-08T14:59:08","modified_gmt":"2026-01-08T13:59:08","slug":"homepage","status":"publish","type":"page","link":"https:\/\/www.educazionedigitale.it\/passepartout\/","title":{"rendered":"Homepage"},"content":{"rendered":"\n\t<section class=\"section\" id=\"section_984401356\">\n\t\t<div class=\"section-bg fill\" >\n\t\t\t\t\t\t\t\t\t\n\t\t\t\n\n\t\t<\/div>\n\n\t\t\n\n\t\t<div class=\"section-content relative\">\n\t\t\t\n\n  <div class=\"banner has-hover\" id=\"banner-1650843790\">\n          <div class=\"banner-inner fill\">\n        <div class=\"banner-bg fill\" >\n            <img loading=\"lazy\" decoding=\"async\" width=\"1921\" height=\"701\" src=\"https:\/\/www.educazionedigitale.it\/passepartout\/wp-content\/uploads\/2025\/12\/banner.png\" class=\"bg attachment-original size-original\" alt=\"\" \/>                                    \n                    <\/div>\n\t\t\n        <div class=\"banner-layers container\">\n            <div class=\"fill banner-link\"><\/div>            \n   <div id=\"text-box-154794564\" class=\"text-box banner-layer x50 md-x50 lg-x50 y85 md-y85 lg-y85 res-text\">\n                     <div data-animate=\"blurIn\">           <div class=\"text-box-content text dark\">\n              \n              <div class=\"text-inner text-center\">\n                  \n\t<div class=\"img has-hover x md-x lg-x y md-y lg-y\" id=\"image_457695521\">\n\t\t\t\t\t\t\t\t<div class=\"img-inner dark\" style=\"margin:0px 0px -10px 0px;\">\n\t\t\t<img loading=\"lazy\" decoding=\"async\" width=\"700\" height=\"397\" src=\"https:\/\/www.educazionedigitale.it\/passepartout\/wp-content\/uploads\/2025\/12\/logopasse.png\" class=\"attachment-original size-original\" alt=\"\" \/>\t\t\t\t\t\t\n\t\t\t\t\t<\/div>\n\t\t\t\t\t\t\t\t\n<style>\n#image_457695521 {\n  width: 72%;\n}\n<\/style>\n\t<\/div>\n\t\n              <\/div>\n           <\/div>\n       <\/div>                     \n<style>\n#text-box-154794564 {\n  width: 82%;\n}\n#text-box-154794564 .text-box-content {\n  font-size: 100%;\n}\n@media (min-width:550px) {\n  #text-box-154794564 {\n    width: 60%;\n  }\n}\n<\/style>\n    <\/div>\n \n        <\/div>\n      <\/div>\n\n            \n<style>\n#banner-1650843790 {\n  padding-top: 300px;\n}\n#banner-1650843790 .banner-bg img {\n  object-position: 50% 0%;\n}\n@media (min-width:550px) {\n  #banner-1650843790 {\n    padding-top: 500px;\n  }\n}\n@media (min-width:850px) {\n  #banner-1650843790 {\n    padding-top: 550px;\n  }\n}\n<\/style>\n  <\/div>\n\n\n<div class=\"row\"  id=\"row-619342747\">\n\n\t<div id=\"col-756197241\" class=\"col small-12 large-12\"  >\n\t\t\t\t<div class=\"col-inner\" style=\"background-color:rgb(255,255,255);\" >\n\t\t\t\n\t\t\t\n<div class=\"row align-center\"  id=\"row-62133665\">\n\n\t<div id=\"col-841563524\" class=\"col medium-12 small-12 large-8\"  >\n\t\t\t\t<div class=\"col-inner\"  >\n\t\t\t\n\t\t\t\n<h1 style=\"font-size: 30px; margin-bottom: 10px; text-align: left; color: #000 !important; text-transform: none;\">Di cosa si tratta?<\/h1>\n<p style=\"text-align: justify; margin-bottom: 10px;\"><strong><em>Passepartout, per consumatori intelligenti<\/em><\/strong> \u00e8 il nuovo progetto educativo gratuito promosso dal Movimento Difesa del Cittadino e <strong>finanziato dal Ministero dell\u2019impresa e del Made in Italy<\/strong>, con l\u2019obiettivo di accompagnare bambini e ragazzi verso un uso equilibrato, sicuro e consapevole delle tecnologie digitali e dell\u2019Intelligenza Artificiale.<\/p>\n<p style=\"text-align: justify; margin-bottom: 10px;\">Il digitale fa ormai parte della quotidianit\u00e0 dei pi\u00f9 giovani, ma \u00e8 fondamentale conoscerne potenzialit\u00e0 e rischi: dall\u2019uso precoce degli schermi al tempo trascorso online, fino ai comportamenti scorretti e ai pericoli del web.<\/p>\n\t\t<\/div>\n\t\t\t\t\n<style>\n#col-841563524 > .col-inner {\n  margin: 0px 0px -20px 0px;\n}\n<\/style>\n\t<\/div>\n\n\t\n\n\t<div id=\"col-195110861\" class=\"col medium-12 small-12 large-4\"  >\n\t\t\t\t<div class=\"col-inner text-center\" style=\"background-color:rgb(255, 123, 84);\" >\n\t\t\t\n\t\t\t\n\t<div class=\"img has-hover hide-for-medium x md-x lg-x y md-y lg-y\" id=\"image_352095372\">\n\t\t\t\t\t\t\t\t<div class=\"img-inner dark\" style=\"margin:-85px 0px 0px 0px;\">\n\t\t\t<img loading=\"lazy\" decoding=\"async\" width=\"512\" height=\"512\" src=\"https:\/\/www.educazionedigitale.it\/passepartout\/wp-content\/uploads\/2025\/12\/people-celebrating.png\" class=\"attachment-original size-original\" alt=\"\" srcset=\"https:\/\/www.educazionedigitale.it\/passepartout\/wp-content\/uploads\/2025\/12\/people-celebrating.png 512w, https:\/\/www.educazionedigitale.it\/passepartout\/wp-content\/uploads\/2025\/12\/people-celebrating-340x340.png 340w\" sizes=\"auto, (max-width: 512px) 100vw, 512px\" \/>\t\t\t\t\t\t\n\t\t\t\t\t<\/div>\n\t\t\t\t\t\t\t\t\n<style>\n#image_352095372 {\n  width: 40%;\n}\n<\/style>\n\t<\/div>\n\t\n\t<div id=\"text-3606541621\" class=\"text\">\n\t\t\n<div style=\"font-size:20px; margin-top:0px; margin-bottom:35px; line-height:1.3; font-weight:bold\">\n<h3 style=\"color:white; text-transform:none\">Invita i tuoi colleghi<br \/>a partecipare<br \/>all&#8217;iniziativa!<\/h3>\n<\/div>\n<div style=\"text-align:center; margin-bottom:25px\"><a href=\"#invita\"><img decoding=\"async\" src=\"https:\/\/www.educazionedigitale.it\/passepartout\/wp-content\/uploads\/2025\/12\/email.png\" width=\"50\" class=\"strumento-zoom\"\/><\/a>&nbsp;&nbsp;<a href=\"https:\/\/www.facebook.com\/sharer\/sharer.php?u=https:\/\/www.educazionedigitale.it\/passepartout\/registrazione\" target=\"_blank\" rel=\"noopener noreferrer\"><img decoding=\"async\" src=\"https:\/\/www.educazionedigitale.it\/passepartout\/wp-content\/uploads\/2025\/12\/fb.png\" width=\"50\" class=\"strumento-zoom\"\/><\/a>&nbsp;&nbsp;<a href=\"https:\/\/twitter.com\/intent\/tweet?url=https:\/\/www.educazionedigitale.it\/passepartout\/registrazione&#038;text=Registrati su EducazioneDigitale.it\" target=\"_blank\" rel=\"noopener noreferrer\"><img decoding=\"async\" src=\"https:\/\/www.educazionedigitale.it\/passepartout\/wp-content\/uploads\/2025\/12\/tw.png\" width=\"50\" class=\"strumento-zoom\"\/><\/a>&nbsp;&nbsp;<a href=\"https:\/\/api.whatsapp.com\/send?text=https:\/\/www.educazionedigitale.it\/passepartout\/registrazione\" target=\"_blank\" rel=\"noopener noreferrer\"><img decoding=\"async\" src=\"https:\/\/www.educazionedigitale.it\/passepartout\/wp-content\/uploads\/2025\/12\/wp.png\" style=\"width:50px;  class=\"strumento-zoom\"\/><\/a><\/div>\n\t\t\n<style>\n#text-3606541621 {\n  text-align: center;\n  color: rgb(255,255,255);\n}\n#text-3606541621 > * {\n  color: rgb(255,255,255);\n}\n<\/style>\n\t<\/div>\n\t\n\t\t<\/div>\n\t\t\t\t\n<style>\n#col-195110861 > .col-inner {\n  padding: 20px 20px 20px 20px;\n  margin: 0px 0px 0px 0px;\n  border-radius: 40px;\n}\n@media (min-width:850px) {\n  #col-195110861 > .col-inner {\n    margin: 0px 0px 0px 40px;\n  }\n}\n<\/style>\n\t<\/div>\n\n\t\n\n\t<div id=\"col-675984449\" class=\"col small-12 large-12\"  >\n\t\t\t\t<div class=\"col-inner text-right\"  >\n\t\t\t\n\t\t\t\n\t<div id=\"text-3041473340\" class=\"text\">\n\t\t\n<p style=\"text-align: justify; margin-bottom: 10px;\">Questo <strong>percorso<\/strong> nasce per accompagnare le nuove generazioni nello sviluppo di un pensiero consapevole e critico, capace di aiutarle a riconoscere situazioni di disagio e prevenire fenomeni come cyberbullismo, dipendenza dalla navigazione online o isolamento sociale.<\/p>\n<p style=\"text-align: justify; margin-bottom: 10px;\">Attraverso materiali didattici, schede operative e un concorso creativo, il percorso rende i giovani protagonisti di un cambiamento positivo, invitandoli a diventare ambasciatori di un uso consapevole del digitale.<\/p>\n\t\t\n<style>\n#text-3041473340 {\n  text-align: left;\n}\n<\/style>\n\t<\/div>\n\t\n\t<div id=\"gap-1030284227\" class=\"gap-element clearfix\" style=\"display:block; height:auto;\">\n\t\t\n<style>\n#gap-1030284227 {\n  padding-top: 15px;\n}\n<\/style>\n\t<\/div>\n\t\n<a href=\"https:\/\/www.educazionedigitale.it\/passepartout\/il-progetto\/\" class=\"button primary is-large reveal-icon custom-green\" style=\"border-radius:99px;padding:2px 20px 2px 20px;\">\n\t\t<span>Scopri di pi\u00f9<\/span>\n\t<i class=\"icon-plus\" aria-hidden=\"true\"><\/i><\/a>\n\n\t\t<\/div>\n\t\t\t\t\n<style>\n#col-675984449 > .col-inner {\n  margin: 0px 0px -20px 0px;\n}\n<\/style>\n\t<\/div>\n\n\t\n<\/div>\n\t\t<\/div>\n\t\t\t\t\n<style>\n#col-756197241 > .col-inner {\n  padding: 20px 20px 0px 20px;\n  margin: -70px 0px 0px 0px;\n  border-radius: 20px;\n}\n<\/style>\n\t<\/div>\n\n\t\n\n\t<div id=\"col-1375203346\" class=\"col small-12 large-12\"  >\n\t\t\t\t<div class=\"col-inner\"  >\n\t\t\t\n\t\t\t\n\t<div id=\"gap-865453069\" class=\"gap-element clearfix\" style=\"display:block; height:auto;\">\n\t\t\n<style>\n#gap-865453069 {\n  padding-top: 60px;\n}\n<\/style>\n\t<\/div>\n\t\n\t\t<\/div>\n\t\t\t\t\t<\/div>\n\n\t\n<\/div>\n\t\t<\/div>\n\n\t\t\n<style>\n#section_984401356 {\n  padding-top: 0px;\n  padding-bottom: 0px;\n  background-color: rgb(224, 231, 243);\n}\n<\/style>\n\t<\/section>\n\t\n\n\t<section class=\"section\" id=\"section_1915007812\">\n\t\t<div class=\"section-bg fill\" >\n\t\t\t<img loading=\"lazy\" decoding=\"async\" width=\"2000\" height=\"1333\" src=\"https:\/\/www.educazionedigitale.it\/passepartout\/wp-content\/uploads\/2025\/12\/16247.jpg\" class=\"bg attachment- size-\" alt=\"\" \/>\t\t\t\t\t\t<div class=\"section-bg-overlay absolute fill\"><\/div>\n\t\t\t\n\n\t\t<\/div>\n\n\t\t\n\n\t\t<div class=\"section-content relative\">\n\t\t\t\n<div class=\"row\"  id=\"row-1971123776\">\n\n\t<div id=\"col-684484443\" class=\"col small-12 large-12\"  >\n\t\t\t\t<div class=\"col-inner\" style=\"background-color:rgb(255,255,255);\" >\n\t\t\t\n\t\t\t\n\t<div id=\"text-4120724980\" class=\"text\">\n\t\t\n<h1 style=\"font-size: 30px; margin-bottom: 0px;  color: #000 !important; text-transform: none;\">Cosa puoi trovare?<\/h1>\n<p style=\" margin-bottom: 0px;\">Gli strumenti per le tue lezioni digitali<\/p>\n\t\t\n<style>\n#text-4120724980 {\n  text-align: center;\n}\n<\/style>\n\t<\/div>\n\t\n\t\t<\/div>\n\t\t\t\t\n<style>\n#col-684484443 > .col-inner {\n  padding: 20px 20px 20px 20px;\n  margin: -90px 0px 30px 0px;\n  border-radius: 100px;\n}\n<\/style>\n\t<\/div>\n\n\t\n\n\t<div id=\"col-1005895053\" class=\"col medium-12 small-12 large-6\"  >\n\t\t\t\t<div class=\"col-inner text-center\" style=\"background-color:rgb(255,255,255);\" >\n\t\t\t\n\t\t\t\n\t<div id=\"text-3677059641\" class=\"text\">\n\t\t\n<h2 style=\"font-size: 23px; margin-bottom: 10px;  color: #000 !important; text-transform: none;\">Le risorse didattiche gratuite<br \/> per le tue lezioni<\/h2>\n<p style=\" margin-bottom: 0px; font-size:0.9em\">per le scuole dell\u2019infanzia, primarie e secondarie<\/p>\n\t\t\n<style>\n#text-3677059641 {\n  text-align: center;\n}\n<\/style>\n\t<\/div>\n\t\n\t<div id=\"gap-1947156990\" class=\"gap-element clearfix\" style=\"display:block; height:auto;\">\n\t\t\n<style>\n#gap-1947156990 {\n  padding-top: 20px;\n}\n<\/style>\n\t<\/div>\n\t\n<a href=\"https:\/\/www.educazionedigitale.it\/passepartout\/risorse-didattiche\/\" class=\"button primary is-large reveal-icon custom-green\" style=\"border-radius:99px;padding:2px 20px 2px 20px;\">\n\t\t<span>Scopri le risorse<\/span>\n\t<i class=\"icon-plus\" aria-hidden=\"true\"><\/i><\/a>\n\n\t<div class=\"img has-hover x md-x lg-x y md-y lg-y\" id=\"image_1488004877\">\n\t\t\t\t\t\t\t\t<div class=\"img-inner dark\" style=\"margin:0px 0px -80px 0px;\">\n\t\t\t<img loading=\"lazy\" decoding=\"async\" width=\"738\" height=\"315\" src=\"https:\/\/www.educazionedigitale.it\/passepartout\/wp-content\/uploads\/2025\/12\/imgrisorse.png\" class=\"attachment-original size-original\" alt=\"\" \/>\t\t\t\t\t\t\n\t\t\t\t\t<\/div>\n\t\t\t\t\t\t\t\t\n<style>\n#image_1488004877 {\n  width: 100%;\n}\n@media (min-width:550px) {\n  #image_1488004877 {\n    width: 49%;\n  }\n}\n@media (min-width:850px) {\n  #image_1488004877 {\n    width: 100%;\n  }\n}\n<\/style>\n\t<\/div>\n\t\n\t\t<\/div>\n\t\t\t\t\n<style>\n#col-1005895053 > .col-inner {\n  padding: 20px 20px 20px 20px;\n  border-radius: 20px;\n}\n<\/style>\n\t<\/div>\n\n\t\n\n\t<div id=\"col-489833098\" class=\"col medium-12 small-12 large-6\"  >\n\t\t\t\t<div class=\"col-inner text-center\" style=\"background-color:rgb(255,255,255);\" >\n\t\t\t\n\t\t\t\n\t<div id=\"text-2207608453\" class=\"text\">\n\t\t\n<h2 style=\"font-size: 23px; margin-bottom: 10px;  color: #000 !important; text-transform: none;\">Concorso creativo<br \/> per le classi<\/h2>\n<p style=\" margin-bottom: 0px; font-size:0.9em\">per le scuole secondarie di II grado<\/p>\n\t\t\n<style>\n#text-2207608453 {\n  text-align: center;\n}\n<\/style>\n\t<\/div>\n\t\n\t<div id=\"gap-823818200\" class=\"gap-element clearfix\" style=\"display:block; height:auto;\">\n\t\t\n<style>\n#gap-823818200 {\n  padding-top: 20px;\n}\n<\/style>\n\t<\/div>\n\t\n<a href=\"https:\/\/www.educazionedigitale.it\/passepartout\/concorso\/\" class=\"button primary is-large reveal-icon custom-green\" style=\"border-radius:99px;padding:2px 20px 2px 20px;\">\n\t\t<span>Partecipa al concorso<\/span>\n\t<i class=\"icon-plus\" aria-hidden=\"true\"><\/i><\/a>\n\n\t<div class=\"img has-hover x md-x lg-x y md-y lg-y\" id=\"image_66420213\">\n\t\t\t\t\t\t\t\t<div class=\"img-inner dark\" style=\"margin:0px 0px -80px 0px;\">\n\t\t\t<img loading=\"lazy\" decoding=\"async\" width=\"738\" height=\"315\" src=\"https:\/\/www.educazionedigitale.it\/passepartout\/wp-content\/uploads\/2025\/12\/imgconcorso.png\" class=\"attachment-original size-original\" alt=\"\" \/>\t\t\t\t\t\t\n\t\t\t\t\t<\/div>\n\t\t\t\t\t\t\t\t\n<style>\n#image_66420213 {\n  width: 100%;\n}\n@media (min-width:550px) {\n  #image_66420213 {\n    width: 49%;\n  }\n}\n@media (min-width:850px) {\n  #image_66420213 {\n    width: 100%;\n  }\n}\n<\/style>\n\t<\/div>\n\t\n\t\t<\/div>\n\t\t\t\t\n<style>\n#col-489833098 > .col-inner {\n  padding: 20px 20px 20px 20px;\n  margin: 40px 0px 0px 0px;\n  border-radius: 20px;\n}\n@media (min-width:850px) {\n  #col-489833098 > .col-inner {\n    margin: 0px 0px 0px 0px;\n  }\n}\n<\/style>\n\t<\/div>\n\n\t\n<\/div>\n\t<div id=\"gap-1019505095\" class=\"gap-element clearfix\" style=\"display:block; height:auto;\">\n\t\t\n<style>\n#gap-1019505095 {\n  padding-top: 60px;\n}\n<\/style>\n\t<\/div>\n\t\n\t\t<\/div>\n\n\t\t\n<style>\n#section_1915007812 {\n  padding-top: 60px;\n  padding-bottom: 60px;\n  background-color: rgb(95, 111, 255);\n}\n#section_1915007812 .section-bg-overlay {\n  background-color: rgba(255, 123, 84, 0.692);\n}\n#section_1915007812 .section-bg img {\n  object-position: 50% 54%;\n}\n<\/style>\n\t<\/section>\n\t\n\n\t<section class=\"section\" id=\"section_231827527\">\n\t\t<div class=\"section-bg fill\" >\n\t\t\t\t\t\t\t\t\t\n\t\t\t\n\n\t\t<\/div>\n\n\t\t\n\n\t\t<div class=\"section-content relative\">\n\t\t\t\n<div class=\"row row-collapse row-full-width align-center\"  id=\"row-568003043\">\n\n\n\n\t<div id=\"col-330648479\" class=\"col small-12 large-12\"  >\n\t\t\t\t<div class=\"col-inner\" style=\"background-color:rgb(72, 87, 219);\" >\n\t\t\t\n\t\t\t\n<div style=\"text-align: center; margin: 0 auto;\">\n<p style=\"color: #fff;\">Scopri tutti i progetti della piattaforma didattica Educazione Digitale<\/p>\n<p><a href=\"http:\/\/www.educazionedigitale.it\" target=\"_blank\" rel=\"noopener noreferrer\"><img loading=\"lazy\" decoding=\"async\" class=\"alignnone size-full wp-image-1169\" src=\"http:\/\/www.educazionedigitale.it\/didattica-english\/wp-content\/uploads\/2015\/03\/Educazione-digitale.png\" alt=\"Educazione Digitale\" width=\"220\" height=\"67\" style=\"\"\/><\/a><\/div>\n\t<div id=\"invita\"\n\t     class=\"lightbox-by-id lightbox-content mfp-hide lightbox-white \"\n\t     style=\"max-width:800px ;padding:20px\">\n\t\t<div class=\"container section-title-container\" ><h3 class=\"section-title section-title-normal\"><b aria-hidden=\"true\"><\/b><span class=\"section-title-main\" >Invita un collega<\/span><b aria-hidden=\"true\"><\/b><\/h3><\/div><div class=\"container section-title-container\" ><h3 class=\"section-title section-title-normal\"><b aria-hidden=\"true\"><\/b><span class=\"section-title-main\" >Invita una\/un collega a registrarsi a &quot;Passepartout&quot;<\/span><b aria-hidden=\"true\"><\/b><\/h3><\/div>    \n\t<meta charset=\"utf-8\">\n\t\n    <p style=\"text-align:justify;\">\n                    <a style=\"color:var(--primary-color)\"><b>INVITA COLLEGHE e COLLEGHI<\/b><\/a> a iscriversi al percorso <a style=\"color:var(--primary-color)\"><b>\"Passepartout\"<\/b><\/a> di  Educazione Digitale e seleziona gli argomenti per cui pensi possa essere importante la loro partecipazione.<br \/>\n            Potrete lavorare insieme per costruire interessanti lezioni interdisciplinari.<br \/>\n            Inoltre, <a style=\"color:var(--primary-color)\"><b>pi\u00f9 colleghe\/i si iscriveranno grazie a te<\/b><\/a>, maggiori saranno i <a style=\"color:var(--primary-color)\"><b>vantaggi riservati<\/b><\/a> sul nostro shop!\n            <\/p>\n\t\n    \t\t<p align=\"center\">\n                            Esegui il <a class=\"button button-primary custom-green\" href=\"#login\">LOGIN<\/a>\n                    <\/p>\n\t\t<\/div>\n\t\n\t\n\t\t<\/div>\n\t\t\t\t\t<\/div>\n\n\t\n<\/div>\n\t\t<\/div>\n\n\t\t\n<style>\n#section_231827527 {\n  padding-top: 30px;\n  padding-bottom: 30px;\n  background-color: rgb(72, 87, 219);\n}\n<\/style>\n\t<\/section>\n\t\n","protected":false},"excerpt":{"rendered":"","protected":false},"author":28,"featured_media":0,"parent":0,"menu_order":0,"comment_status":"closed","ping_status":"closed","template":"page-blank.php","meta":{"_monsterinsights_skip_tracking":false,"_monsterinsights_sitenote_active":false,"_monsterinsights_sitenote_note":"","_monsterinsights_sitenote_category":0,"footnotes":""},"class_list":["post-6300","page","type-page","status-publish","hentry"],"_links":{"self":[{"href":"https:\/\/www.educazionedigitale.it\/passepartout\/wp-json\/wp\/v2\/pages\/6300","targetHints":{"allow":["GET"]}}],"collection":[{"href":"https:\/\/www.educazionedigitale.it\/passepartout\/wp-json\/wp\/v2\/pages"}],"about":[{"href":"https:\/\/www.educazionedigitale.it\/passepartout\/wp-json\/wp\/v2\/types\/page"}],"author":[{"embeddable":true,"href":"https:\/\/www.educazionedigitale.it\/passepartout\/wp-json\/wp\/v2\/users\/28"}],"replies":[{"embeddable":true,"href":"https:\/\/www.educazionedigitale.it\/passepartout\/wp-json\/wp\/v2\/comments?post=6300"}],"version-history":[{"count":3,"href":"https:\/\/www.educazionedigitale.it\/passepartout\/wp-json\/wp\/v2\/pages\/6300\/revisions"}],"predecessor-version":[{"id":6948,"href":"https:\/\/www.educazionedigitale.it\/passepartout\/wp-json\/wp\/v2\/pages\/6300\/revisions\/6948"}],"wp:attachment":[{"href":"https:\/\/www.educazionedigitale.it\/passepartout\/wp-json\/wp\/v2\/media?parent=6300"}],"curies":[{"name":"wp","href":"https:\/\/api.w.org\/{rel}","templated":true}]}}