{"id":4238,"date":"2020-09-04T12:11:17","date_gmt":"2020-09-04T10:11:17","guid":{"rendered":"https:\/\/www.educazionedigitale.it\/piccolaguidaallasostenibilita\/?page_id=4238"},"modified":"2024-12-02T09:48:40","modified_gmt":"2024-12-02T08:48:40","slug":"concorso","status":"publish","type":"page","link":"https:\/\/www.educazionedigitale.it\/piccolaguidaallasostenibilita\/concorso\/","title":{"rendered":"Concorso"},"content":{"rendered":"\t<div id=\"gap-1422024281\" class=\"gap-element clearfix\" style=\"display:block; height:auto;\">\n\t\t\n<style>\n#gap-1422024281 {\n  padding-top: 97px;\n}\n<\/style>\n\t<\/div>\n\t\n\n  <div class=\"banner has-hover banner-home\" id=\"banner-424949449\">\n          <div class=\"banner-inner fill\">\n        <div class=\"banner-bg fill\" >\n            <img loading=\"lazy\" decoding=\"async\" width=\"7139\" height=\"834\" src=\"https:\/\/www.educazionedigitale.it\/piccolaguidaallasostenibilita\/wp-content\/uploads\/2024\/02\/bn-concorso.png\" class=\"bg attachment-original size-original\" alt=\"\" \/>                                    \n                    <\/div>\n\t\t\n        <div class=\"banner-layers container\">\n            <div class=\"fill banner-link\"><\/div>            \n   <div id=\"text-box-1948581146\" class=\"text-box banner-layer x50 md-x50 lg-x50 y50 md-y50 lg-y50 res-text\">\n                                <div class=\"text-box-content text dark\">\n              \n              <div class=\"text-inner text-center\">\n                  \n              <\/div>\n           <\/div>\n                            \n<style>\n#text-box-1948581146 {\n  width: 60%;\n}\n#text-box-1948581146 .text-box-content {\n  font-size: 100%;\n}\n@media (min-width:550px) {\n  #text-box-1948581146 {\n    width: 60%;\n  }\n}\n<\/style>\n    <\/div>\n \n        <\/div>\n      <\/div>\n\n            \n<style>\n#banner-424949449 {\n  padding-top: 150px;\n}\n#banner-424949449 .banner-bg img {\n  object-position: 49% 100%;\n}\n<\/style>\n  <\/div>\n\n\n\n\t<section class=\"section\" id=\"section_1495190712\">\n\t\t<div class=\"section-bg fill\" >\n\t\t\t\t\t\t\t\t\t\n\t\t\t\n\n\t\t<\/div>\n\n\t\t\n\n\t\t<div class=\"section-content relative\">\n\t\t\t\n<div class=\"row align-middle align-center\"  id=\"row-161879489\">\n\n\t<div id=\"col-2078457440\" class=\"col medium-6 small-12 large-6\"  data-animate=\"blurIn\">\n\t\t\t\t<div class=\"col-inner\"  >\n\t\t\t\n\t\t\t\n\t<div id=\"gap-2108436706\" class=\"gap-element clearfix\" style=\"display:block; height:auto;\">\n\t\t\n<style>\n#gap-2108436706 {\n  padding-top: 13px;\n}\n<\/style>\n\t<\/div>\n\t\n<h1>Partecipa con le classi<br \/>\nalla sfida interscolastica<\/h1>\n<p style=\"text-align: justify;\">Ragazze e ragazzi hanno l\u2019opportunit\u00e0 di <strong>riflettere sulle azioni esemplari<\/strong> che ognuno di noi pu\u00f2 fare nel proprio piccolo per contribuire alla <strong>circolarit\u00e0<\/strong> e alla <strong>sostenibilit\u00e0,<\/strong> partecipando al <strong style=\"color: #1B606D;\">concorso creativo:<\/strong> gli studenti dovranno cimentarsi nella realizzazione di un <strong>video originale <\/strong>che mostri un\u2019<strong>abitudine circolare.<\/strong><\/p>\n<p style=\"text-align: justify;\">Una giuria di esperti esaminer\u00e0 e valuter\u00e0 gli elaborati ed elegger\u00e0 i <strong>tre migliori lavori <\/strong>prodotti dalle classi.<\/strong><\/u><\/p>\n\t\t<\/div>\n\t\t\t\t\n<style>\n#col-2078457440 > .col-inner {\n  margin: 0px 0px 0px 0px;\n}\n<\/style>\n\t<\/div>\n\n\t\n\n\t<div id=\"col-1249953345\" class=\"col medium-6 small-12 large-6\"  data-animate=\"blurIn\">\n\t\t\t\t<div class=\"col-inner\"  >\n\t\t\t\n\t\t\t\n\t<div class=\"img has-hover x md-x lg-x y md-y lg-y\" id=\"image_249306443\">\n\t\t\t\t\t\t\t\t<div class=\"img-inner dark\" >\n\t\t\t<img loading=\"lazy\" decoding=\"async\" width=\"1113\" height=\"772\" src=\"https:\/\/www.educazionedigitale.it\/piccolaguidaallasostenibilita\/wp-content\/uploads\/2024\/01\/ft1-concorso.png\" class=\"attachment-original size-original\" alt=\"\" srcset=\"https:\/\/www.educazionedigitale.it\/piccolaguidaallasostenibilita\/wp-content\/uploads\/2024\/01\/ft1-concorso.png 1113w, https:\/\/www.educazionedigitale.it\/piccolaguidaallasostenibilita\/wp-content\/uploads\/2024\/01\/ft1-concorso-800x555.png 800w, https:\/\/www.educazionedigitale.it\/piccolaguidaallasostenibilita\/wp-content\/uploads\/2024\/01\/ft1-concorso-768x533.png 768w\" sizes=\"auto, (max-width: 1113px) 100vw, 1113px\" \/>\t\t\t\t\t\t\n\t\t\t\t\t<\/div>\n\t\t\t\t\t\t\t\t\n<style>\n#image_249306443 {\n  width: 100%;\n}\n<\/style>\n\t<\/div>\n\t\n\t\t<\/div>\n\t\t\t\t\t<\/div>\n\n\t\n<\/div>\n<div class=\"row\"  id=\"row-211807593\">\n\n\t<div id=\"col-1574926970\" class=\"col medium-6 small-12 large-6\"  >\n\t\t\t\t<div class=\"col-inner\"  >\n\t\t\t\n\t\t\t\n<div class=\"accordion\">\n\t<div id=\"accordion-542038809\" class=\"accordion-item\">\n\t\t<a id=\"accordion-542038809-label\" class=\"accordion-title plain\" href=\"#accordion-item-istruzioni\" aria-expanded=\"false\" aria-controls=\"accordion-542038809-content\">\n\t\t\t<button class=\"toggle\" aria-label=\"Attiva\/Disattiva\"><i class=\"icon-angle-down\" aria-hidden=\"true\"><\/i><\/button>\n\t\t\t<span>Istruzioni<\/span>\n\t\t<\/a>\n\t\t<div id=\"accordion-542038809-content\" class=\"accordion-inner\" aria-labelledby=\"accordion-542038809-label\">\n\t\t\t\n<p style=\"text-align: justify;\">Studenti e studentesse delle scuole secondarie di secondo grado, dovranno realizzare un <strong>elaborato video di classe,<\/strong> dalla durata compresa tra i 2 e i 4 minuti, da caricare in piattaforma secondo le modalit\u00e0 descritte nell&#8217;apposita utility di caricamento.<\/p>\n<p style=\"text-align: justify;\">Il video, attraverso la tecnica narrativa dello storytelling, dovr\u00e0 raccontare una \u201cstoria ordinaria di economia circolare\u201d, mostrando come gli elementi principali del modello circolare (cio\u00e8 <strong style=\"color: #1B606D;\">condivisione, prestito, riutilizzo, riuso, riparazione e riciclo<\/strong>) possano essere applicati alla vita quotidiana. Ragazzi e ragazze potranno seguire, nello specifico, la seguente traccia: <\/p>\n<p style=\"text-align: justify;\"><em>\u201cUn famoso gruppo di youtuber e streamer ha lanciato una challenge ai propri followers: immagina di dover partecipare alla <strong>circular challenge<\/strong> e realizza un video originale in cui mostri la tua abitudine sostenibile\u201d.<\/em><\/p>\n<p style=\"text-align: justify;\">La traccia data potr\u00e0 essere eseguita in modi differenti: il video potrebbe mostrare un\u2019azione gi\u00e0 nota (come, ad esempio, quella di differenziare i rifiuti) o potrebbe illustrare un insieme di consigli per il riciclo creativo e l\u2019upcycling. La <strong>creativit\u00e0<\/strong> sar\u00e0 fondamentale per produrre video unici e di qualit\u00e0, pensati per essere pubblicati e condivisi sui social. Sar\u00e0 essenziale, quindi, identificare le caratteristiche del <strong>target di riferimento<\/strong> e utilizzare un<strong> tone of voice <\/strong>adeguato, che incuriosisca e invogli a reiterare la challenge.<\/p>\n\t\t<\/div>\n\t<\/div>\n\t\n<\/div>\n\t\t<\/div>\n\t\t\t\t\t<\/div>\n\n\t\n\n\t<div id=\"col-17553421\" class=\"col medium-6 small-12 large-6\"  >\n\t\t\t\t<div class=\"col-inner\"  >\n\t\t\t\n\t\t\t\n<div class=\"accordion\">\n\t<div id=\"accordion-2081422487\" class=\"accordion-item\">\n\t\t<a id=\"accordion-2081422487-label\" class=\"accordion-title plain\" href=\"#accordion-item-premi-e-premiazioni\" aria-expanded=\"false\" aria-controls=\"accordion-2081422487-content\">\n\t\t\t<button class=\"toggle\" aria-label=\"Attiva\/Disattiva\"><i class=\"icon-angle-down\" aria-hidden=\"true\"><\/i><\/button>\n\t\t\t<span>Premi e premiazioni<\/span>\n\t\t<\/a>\n\t\t<div id=\"accordion-2081422487-content\" class=\"accordion-inner\" aria-labelledby=\"accordion-2081422487-label\">\n\t\t\t\n<p style=\"text-align: justify;\">Saranno valutati in maniera positiva elementi quali l\u2019aderenza e l\u2019attinenza alla traccia suggerita, l\u2019originalit\u00e0 dei contenuti e le capacit\u00e0 comunicative dimostrate. <\/p>\n<p style=\"text-align: justify;\">I vincitori, cio\u00e8 le classi che avranno realizzato i <strong>tre lavori giudicati migliori,<\/strong> saranno premiati nel corso di un <strong>evento live e riceveranno un Monitor Touch.<\/strong><\/p>\n\t\t<\/div>\n\t<\/div>\n\t\n<\/div>\n\t\t<\/div>\n\t\t\t\t\t<\/div>\n\n\t\n<\/div>\n\t\t<\/div>\n\n\t\t\n<style>\n#section_1495190712 {\n  padding-top: 30px;\n  padding-bottom: 30px;\n}\n<\/style>\n\t<\/section>\n\t\n\n\t<section class=\"section has-parallax\" id=\"section_906293951\">\n\t\t<div class=\"section-bg fill\" data-parallax-container=\".section\" data-parallax-background data-parallax=\"-5\">\n\t\t\t\t\t\t\t\t\t\n\t\t\t\n\n\t\t<\/div>\n\n\t\t\n\n\t\t<div class=\"section-content relative\">\n\t\t\t\n\n\t\t<\/div>\n\n\t\t\n<style>\n#section_906293951 {\n  padding-top: 0px;\n  padding-bottom: 0px;\n}\n#section_906293951 .section-bg img {\n  object-position: 0% 0%;\n}\n<\/style>\n\t<\/section>\n\t\n\n\t<section class=\"section\" id=\"section_241342940\">\n\t\t<div class=\"section-bg fill\" >\n\t\t\t\t\t\t\t\t\t\n\t\t\t\n\n\t\t<\/div>\n\n\t\t\n\n\t\t<div class=\"section-content relative\">\n\t\t\t\n\n<div class=\"row\"  id=\"row-1803310561\">\n\n\t<div id=\"col-1921444527\" class=\"col small-12 large-12\"  >\n\t\t\t\t<div class=\"col-inner text-center\"  >\n\t\t\t\n\t\t\t\n<a href=\"#vincitori-concorso\" class=\"button primary is-xlarge custom-green\" >\n\t\t<span>SCOPRI I VINCITORI DEL CONCORSO<\/span>\n\t<\/a>\n\n\t\t<\/div>\n\t\t\t\t\t<\/div>\n\n\t\n<\/div>\n<div style=\"text-align: center;\">\n<\/div>\n\t<div id=\"vincitori-concorso\"\n\t     class=\"lightbox-by-id lightbox-content mfp-hide lightbox-white \"\n\t     style=\"max-width:650px ;padding:20px\">\n\t\t\n<div style=\"text-align: center;\">\n<h2> Vincitori del Concorso<br \/>\u201cPiccola Guida alla Sostenibilit\u00e0\u201d edizione 2024<\/h2>\n<p><span style=\"color: #1B606D; font-weight: bold; font-size: 110%;\">1\u00b0 classificato<\/span><br \/>\n<b>5^G \u2013 Liceo Artistico Statale Michelangelo Buonarroti di Latina (LT)<\/b><br \/>\n<b>Titolo dell&#8217;elaborato: <\/b> Recycling Alice<br \/>\n<b>Docente referente:<\/b> Diego Altobelli<\/p>\n<div style=\"height: 2px;\"><\/div>\n<p><span style=\"color: #1B606D; font-weight: bold; font-size: 110%;\">2\u00b0 classificato<\/span><br \/>\n<b>4^E \u2013 Istituto di Istruzione Superiore Eliano-Luzzatti di Palestrina (RM)<\/b><br \/>\n<b>Titolo dell&#8217;elaborato:<\/b> 2 Minuti creativi<br \/>\n<b>Docente referente:<\/b> Paola Rossi<\/p>\n<div style=\"height: 2px;\"><\/div>\n<p><span style=\"color: #1B606D; font-weight: bold; font-size: 110%;\">3\u00b0 classificato<\/span><br \/>\n<b>3^A \u2013 Liceo Artistico Statale Michelangelo Buonarroti di Latina (LT)<\/b><br \/>\n<b>Titolo dell&#8217;elaborato:<\/b> Inquinamento della carta<br \/>\n<b>Docente referente:<\/b> Raffaella di Lorenzo<\/div>\n\t<\/div>\n\t\n\t\n\t<div id=\"gap-185377517\" class=\"gap-element clearfix\" style=\"display:block; height:auto;\">\n\t\t\n<style>\n#gap-185377517 {\n  padding-top: 47px;\n}\n<\/style>\n\t<\/div>\n\t\n\t\t<\/div>\n\n\t\t\n<style>\n#section_241342940 {\n  padding-top: 0px;\n  padding-bottom: 0px;\n}\n<\/style>\n\t<\/section>\n\t\n","protected":false},"excerpt":{"rendered":"","protected":false},"author":27,"featured_media":0,"parent":0,"menu_order":0,"comment_status":"closed","ping_status":"closed","template":"page-blank.php","meta":{"_monsterinsights_skip_tracking":false,"_monsterinsights_sitenote_active":false,"_monsterinsights_sitenote_note":"","_monsterinsights_sitenote_category":0,"footnotes":""},"class_list":["post-4238","page","type-page","status-publish","hentry"],"_links":{"self":[{"href":"https:\/\/www.educazionedigitale.it\/piccolaguidaallasostenibilita\/wp-json\/wp\/v2\/pages\/4238","targetHints":{"allow":["GET"]}}],"collection":[{"href":"https:\/\/www.educazionedigitale.it\/piccolaguidaallasostenibilita\/wp-json\/wp\/v2\/pages"}],"about":[{"href":"https:\/\/www.educazionedigitale.it\/piccolaguidaallasostenibilita\/wp-json\/wp\/v2\/types\/page"}],"author":[{"embeddable":true,"href":"https:\/\/www.educazionedigitale.it\/piccolaguidaallasostenibilita\/wp-json\/wp\/v2\/users\/27"}],"replies":[{"embeddable":true,"href":"https:\/\/www.educazionedigitale.it\/piccolaguidaallasostenibilita\/wp-json\/wp\/v2\/comments?post=4238"}],"version-history":[{"count":3,"href":"https:\/\/www.educazionedigitale.it\/piccolaguidaallasostenibilita\/wp-json\/wp\/v2\/pages\/4238\/revisions"}],"predecessor-version":[{"id":6698,"href":"https:\/\/www.educazionedigitale.it\/piccolaguidaallasostenibilita\/wp-json\/wp\/v2\/pages\/4238\/revisions\/6698"}],"wp:attachment":[{"href":"https:\/\/www.educazionedigitale.it\/piccolaguidaallasostenibilita\/wp-json\/wp\/v2\/media?parent=4238"}],"curies":[{"name":"wp","href":"https:\/\/api.w.org\/{rel}","templated":true}]}}