{"id":531,"date":"2015-03-13T15:30:41","date_gmt":"2015-03-13T14:30:41","guid":{"rendered":"http:\/\/www.educazionedigitale.it\/pjmasks\/?page_id=531"},"modified":"2024-01-08T09:41:19","modified_gmt":"2024-01-08T08:41:19","slug":"contenuti","status":"publish","type":"page","link":"https:\/\/www.educazionedigitale.it\/pjmasks\/contenuti\/","title":{"rendered":"Contenuti"},"content":{"rendered":"\n\t<section class=\"section\" id=\"section_1938475622\">\n\t\t<div class=\"section-bg fill\" >\n\t\t\t\t\t\t\t\t\t\n\t\t\t\n\n\t\t<\/div>\n\n\t\t\n\n\t\t<div class=\"section-content relative\">\n\t\t\t\n<div class=\"row\"  id=\"row-1273207117\">\n\n\t<div id=\"col-869374940\" class=\"col large-12\"  >\n\t\t\t\t<div class=\"col-inner\"  >\n\t\t\t\n\t\t\t\n<p style=\"text-align: justify;\">Di giorno Connor, Amaya e Greg vanno a scuola come tutti gli altri bambini. Quando scende la notte, per\u00f2, indossano il pigiama, attivano i propri amuleti e si trasformano magicamente in eroi: Gattoboy, Gufetta e Geco, i PJ Masks! Ecco quindi Gattoboy, super veloce e agile; Geco, super forte e capace di arrampicarsi sui muri; e Gufetta, che sa volare e vedere da lontano. Insieme, questi tre amici possono affrontare qualsiasi situazione e affrontare avventure mozzafiato. <strong>Attenzione supercattivi: i PJ Masks di notte salvano la situazione!<\/strong>\n<\/p>\n\t\t<\/div>\n\t\t\t\t\t<\/div>\n\n\t\n\n\t<div id=\"col-98186727\" class=\"col medium-2\/3 large-8\"  >\n\t\t\t\t<div class=\"col-inner\"  >\n\t\t\t\n\t\t\t\n<p style=\"text-align: justify;\"><strong>Unendo le proprie qualit\u00e0, i PJ Masks riescono ad arrivare l\u00e0 dove il singolo non giunge<\/strong>, dimostrando a ogni bambino che <strong>le piccole doti di ciascuno possono diventare un grande potere, se sommate a quelle degli altri<\/strong>.<br \/>\nAttraverso le loro avventure, ormai famose grazie al cartone animato e alla collezione di libri omonima, i Superpigiamini <strong>sconfiggono le paure pi\u00f9 comuni<\/strong>: il buio, la solitudine, il bullismo, insegnando la <strong>fiducia<\/strong> nelle proprie possibilit\u00e0, il <strong>rispetto di s\u00e9 e dell\u2019altro<\/strong>, anche quando l\u2019altro \u00e8 il prepotente o il dispettoso, perch\u00e9 infondo ciascuno pu\u00f2 sbagliare e scegliere di diventare migliore.\n<\/p>\n\t\t<\/div>\n\t\t\t\t\t<\/div>\n\n\t\n\n\t<div id=\"col-1402547281\" class=\"col medium-1\/3 large-4\"  >\n\t\t\t\t<div class=\"col-inner\"  >\n\t\t\t\n\t\t\t\n<img decoding=\"async\" src=\"https:\/\/www.educazionedigitale.it\/pjmasks\/wp-content\/uploads\/2020\/01\/PJMasks_group.png\" alt=\"\" width=\"100%\" height=\" \" class=\"aligncenter size-medium wp-image-3176\" \/><br \/>\n\t\t<\/div>\n\t\t\t\t\t<\/div>\n\n\t\n<\/div>\n\t\t<\/div>\n\n\t\t\n<style>\n#section_1938475622 {\n  padding-top: 30px;\n  padding-bottom: 30px;\n}\n<\/style>\n\t<\/section>\n\t\n","protected":false},"excerpt":{"rendered":"\n  <div class=\"banner has-hover banner-home\" id=\"banner-1391299684\">\n          <div class=\"banner-inner fill\">\n        <div class=\"banner-bg fill\" >\n            <img width=\"1020\" height=\"128\" src=\"https:\/\/www.educazionedigitale.it\/pjmasks\/wp-content\/uploads\/2020\/01\/PJMasks_SLIDER_250-1600x200.jpg\" class=\"bg attachment-large size-large\" alt=\"\" decoding=\"async\" loading=\"lazy\" \/>                                    \n                    <\/div>\n\t\t\n        <div class=\"banner-layers container\">\n            <div class=\"fill banner-link\"><\/div>               <div id=\"text-box-1362397076\" class=\"text-box banner-layer x10 md-x10 lg-x10 y50 md-y50 lg-y50 res-text\">\n                     <div data-animate=\"fadeInLeft\">           <div class=\"text-box-content text dark\">\n              \n              <div class=\"text-inner text-left\">\n                  \n              <\/div>\n           <\/div>\n       <\/div>                     \n<style>\n#text-box-1362397076 {\n  width: 60%;\n}\n#text-box-1362397076 .text-box-content {\n  font-size: 100%;\n}\n@media (min-width:550px) {\n  #text-box-1362397076 {\n    width: 80%;\n  }\n}\n<\/style>\n    <\/div>\n         <\/div>\n      <\/div>\n\n            \n<style>\n#banner-1391299684 {\n  padding-top: 200px;\n}\n<\/style>\n  <\/div>\n\n\n","protected":false},"author":1,"featured_media":0,"parent":0,"menu_order":0,"comment_status":"closed","ping_status":"closed","template":"page-blank.php","meta":{"_monsterinsights_skip_tracking":false,"_monsterinsights_sitenote_active":false,"_monsterinsights_sitenote_note":"","_monsterinsights_sitenote_category":0,"footnotes":""},"class_list":["post-531","page","type-page","status-publish","hentry"],"yoast_head":"<!-- This site is optimized with the Yoast SEO plugin v27.3 - https:\/\/yoast.com\/product\/yoast-seo-wordpress\/ -->\n<title>Contenuti - PJ Masks<\/title>\n<meta name=\"robots\" content=\"index, follow, max-snippet:-1, max-image-preview:large, max-video-preview:-1\" \/>\n<link rel=\"canonical\" href=\"https:\/\/www.educazionedigitale.it\/pjmasks\/contenuti\/\" \/>\n<meta property=\"og:locale\" content=\"it_IT\" \/>\n<meta property=\"og:type\" content=\"article\" \/>\n<meta property=\"og:title\" content=\"Contenuti - PJ Masks\" \/>\n<meta property=\"og:url\" content=\"https:\/\/www.educazionedigitale.it\/pjmasks\/contenuti\/\" \/>\n<meta property=\"og:site_name\" content=\"PJ Masks\" \/>\n<meta property=\"article:modified_time\" content=\"2024-01-08T08:41:19+00:00\" \/>\n<meta property=\"og:image\" content=\"https:\/\/www.educazionedigitale.it\/pjmasks\/wp-content\/uploads\/2020\/01\/PJMasks_group.png\" \/>\n<meta name=\"twitter:card\" content=\"summary_large_image\" \/>\n<meta name=\"twitter:description\" content=\"[ux_banner bg=&quot;https:\/\/www.educazionedigitale.it\/pjmasks\/wp-content\/uploads\/2020\/01\/PJMasks_SLIDER_250.jpg&quot; height=&quot;200px&quot; text_color=&quot;light&quot; text_align=&quot;left&quot; text_pos=&quot;left center&quot; text_width=&quot;80%&quot; text_bg=&quot;&quot; animate=&quot;fadeInLeft&quot; class=&quot;banner-home&quot;] [\/ux_banner]\" \/>\n<meta name=\"twitter:label1\" content=\"Tempo di lettura stimato\" \/>\n\t<meta name=\"twitter:data1\" content=\"1 minuto\" \/>\n<script type=\"application\/ld+json\" class=\"yoast-schema-graph\">{\"@context\":\"https:\\\/\\\/schema.org\",\"@graph\":[{\"@type\":\"WebPage\",\"@id\":\"https:\\\/\\\/www.educazionedigitale.it\\\/pjmasks\\\/contenuti\\\/\",\"url\":\"https:\\\/\\\/www.educazionedigitale.it\\\/pjmasks\\\/contenuti\\\/\",\"name\":\"Contenuti - PJ Masks\",\"isPartOf\":{\"@id\":\"https:\\\/\\\/www.educazionedigitale.it\\\/pjmasks\\\/#website\"},\"primaryImageOfPage\":{\"@id\":\"https:\\\/\\\/www.educazionedigitale.it\\\/pjmasks\\\/contenuti\\\/#primaryimage\"},\"image\":{\"@id\":\"https:\\\/\\\/www.educazionedigitale.it\\\/pjmasks\\\/contenuti\\\/#primaryimage\"},\"thumbnailUrl\":\"https:\\\/\\\/www.educazionedigitale.it\\\/pjmasks\\\/wp-content\\\/uploads\\\/2020\\\/01\\\/PJMasks_group.png\",\"datePublished\":\"2015-03-13T14:30:41+00:00\",\"dateModified\":\"2024-01-08T08:41:19+00:00\",\"breadcrumb\":{\"@id\":\"https:\\\/\\\/www.educazionedigitale.it\\\/pjmasks\\\/contenuti\\\/#breadcrumb\"},\"inLanguage\":\"it-IT\",\"potentialAction\":[{\"@type\":\"ReadAction\",\"target\":[\"https:\\\/\\\/www.educazionedigitale.it\\\/pjmasks\\\/contenuti\\\/\"]}]},{\"@type\":\"ImageObject\",\"inLanguage\":\"it-IT\",\"@id\":\"https:\\\/\\\/www.educazionedigitale.it\\\/pjmasks\\\/contenuti\\\/#primaryimage\",\"url\":\"https:\\\/\\\/www.educazionedigitale.it\\\/pjmasks\\\/wp-content\\\/uploads\\\/2020\\\/01\\\/PJMasks_group.png\",\"contentUrl\":\"https:\\\/\\\/www.educazionedigitale.it\\\/pjmasks\\\/wp-content\\\/uploads\\\/2020\\\/01\\\/PJMasks_group.png\",\"width\":694,\"height\":557},{\"@type\":\"BreadcrumbList\",\"@id\":\"https:\\\/\\\/www.educazionedigitale.it\\\/pjmasks\\\/contenuti\\\/#breadcrumb\",\"itemListElement\":[{\"@type\":\"ListItem\",\"position\":1,\"name\":\"Home\",\"item\":\"https:\\\/\\\/www.educazionedigitale.it\\\/pjmasks\\\/\"},{\"@type\":\"ListItem\",\"position\":2,\"name\":\"Contenuti\"}]},{\"@type\":\"WebSite\",\"@id\":\"https:\\\/\\\/www.educazionedigitale.it\\\/pjmasks\\\/#website\",\"url\":\"https:\\\/\\\/www.educazionedigitale.it\\\/pjmasks\\\/\",\"name\":\"PJ Masks\",\"description\":\"Il momento dell&#039;eroe\",\"potentialAction\":[{\"@type\":\"SearchAction\",\"target\":{\"@type\":\"EntryPoint\",\"urlTemplate\":\"https:\\\/\\\/www.educazionedigitale.it\\\/pjmasks\\\/?s={search_term_string}\"},\"query-input\":{\"@type\":\"PropertyValueSpecification\",\"valueRequired\":true,\"valueName\":\"search_term_string\"}}],\"inLanguage\":\"it-IT\"}]}<\/script>\n<!-- \/ Yoast SEO plugin. -->","yoast_head_json":{"title":"Contenuti - PJ Masks","robots":{"index":"index","follow":"follow","max-snippet":"max-snippet:-1","max-image-preview":"max-image-preview:large","max-video-preview":"max-video-preview:-1"},"canonical":"https:\/\/www.educazionedigitale.it\/pjmasks\/contenuti\/","og_locale":"it_IT","og_type":"article","og_title":"Contenuti - PJ Masks","og_url":"https:\/\/www.educazionedigitale.it\/pjmasks\/contenuti\/","og_site_name":"PJ Masks","article_modified_time":"2024-01-08T08:41:19+00:00","og_image":[{"url":"https:\/\/www.educazionedigitale.it\/pjmasks\/wp-content\/uploads\/2020\/01\/PJMasks_group.png","type":"","width":"","height":""}],"twitter_card":"summary_large_image","twitter_description":"[ux_banner bg=\"https:\/\/www.educazionedigitale.it\/pjmasks\/wp-content\/uploads\/2020\/01\/PJMasks_SLIDER_250.jpg\" height=\"200px\" text_color=\"light\" text_align=\"left\" text_pos=\"left center\" text_width=\"80%\" text_bg=\"\" animate=\"fadeInLeft\" class=\"banner-home\"] [\/ux_banner]","twitter_misc":{"Tempo di lettura stimato":"1 minuto"},"schema":{"@context":"https:\/\/schema.org","@graph":[{"@type":"WebPage","@id":"https:\/\/www.educazionedigitale.it\/pjmasks\/contenuti\/","url":"https:\/\/www.educazionedigitale.it\/pjmasks\/contenuti\/","name":"Contenuti - PJ Masks","isPartOf":{"@id":"https:\/\/www.educazionedigitale.it\/pjmasks\/#website"},"primaryImageOfPage":{"@id":"https:\/\/www.educazionedigitale.it\/pjmasks\/contenuti\/#primaryimage"},"image":{"@id":"https:\/\/www.educazionedigitale.it\/pjmasks\/contenuti\/#primaryimage"},"thumbnailUrl":"https:\/\/www.educazionedigitale.it\/pjmasks\/wp-content\/uploads\/2020\/01\/PJMasks_group.png","datePublished":"2015-03-13T14:30:41+00:00","dateModified":"2024-01-08T08:41:19+00:00","breadcrumb":{"@id":"https:\/\/www.educazionedigitale.it\/pjmasks\/contenuti\/#breadcrumb"},"inLanguage":"it-IT","potentialAction":[{"@type":"ReadAction","target":["https:\/\/www.educazionedigitale.it\/pjmasks\/contenuti\/"]}]},{"@type":"ImageObject","inLanguage":"it-IT","@id":"https:\/\/www.educazionedigitale.it\/pjmasks\/contenuti\/#primaryimage","url":"https:\/\/www.educazionedigitale.it\/pjmasks\/wp-content\/uploads\/2020\/01\/PJMasks_group.png","contentUrl":"https:\/\/www.educazionedigitale.it\/pjmasks\/wp-content\/uploads\/2020\/01\/PJMasks_group.png","width":694,"height":557},{"@type":"BreadcrumbList","@id":"https:\/\/www.educazionedigitale.it\/pjmasks\/contenuti\/#breadcrumb","itemListElement":[{"@type":"ListItem","position":1,"name":"Home","item":"https:\/\/www.educazionedigitale.it\/pjmasks\/"},{"@type":"ListItem","position":2,"name":"Contenuti"}]},{"@type":"WebSite","@id":"https:\/\/www.educazionedigitale.it\/pjmasks\/#website","url":"https:\/\/www.educazionedigitale.it\/pjmasks\/","name":"PJ Masks","description":"Il momento dell&#039;eroe","potentialAction":[{"@type":"SearchAction","target":{"@type":"EntryPoint","urlTemplate":"https:\/\/www.educazionedigitale.it\/pjmasks\/?s={search_term_string}"},"query-input":{"@type":"PropertyValueSpecification","valueRequired":true,"valueName":"search_term_string"}}],"inLanguage":"it-IT"}]}},"_links":{"self":[{"href":"https:\/\/www.educazionedigitale.it\/pjmasks\/wp-json\/wp\/v2\/pages\/531","targetHints":{"allow":["GET"]}}],"collection":[{"href":"https:\/\/www.educazionedigitale.it\/pjmasks\/wp-json\/wp\/v2\/pages"}],"about":[{"href":"https:\/\/www.educazionedigitale.it\/pjmasks\/wp-json\/wp\/v2\/types\/page"}],"author":[{"embeddable":true,"href":"https:\/\/www.educazionedigitale.it\/pjmasks\/wp-json\/wp\/v2\/users\/1"}],"replies":[{"embeddable":true,"href":"https:\/\/www.educazionedigitale.it\/pjmasks\/wp-json\/wp\/v2\/comments?post=531"}],"version-history":[{"count":3,"href":"https:\/\/www.educazionedigitale.it\/pjmasks\/wp-json\/wp\/v2\/pages\/531\/revisions"}],"predecessor-version":[{"id":3327,"href":"https:\/\/www.educazionedigitale.it\/pjmasks\/wp-json\/wp\/v2\/pages\/531\/revisions\/3327"}],"wp:attachment":[{"href":"https:\/\/www.educazionedigitale.it\/pjmasks\/wp-json\/wp\/v2\/media?parent=531"}],"curies":[{"name":"wp","href":"https:\/\/api.w.org\/{rel}","templated":true}]}}