{"id":531,"date":"2015-03-13T15:30:41","date_gmt":"2015-03-13T14:30:41","guid":{"rendered":"http:\/\/www.educazionedigitale.it\/prontilavorovia\/?page_id=531"},"modified":"2025-10-23T09:21:54","modified_gmt":"2025-10-23T07:21:54","slug":"il-percorso","status":"publish","type":"page","link":"https:\/\/www.educazionedigitale.it\/prontilavorovia\/il-percorso\/","title":{"rendered":"IL PERCORSO"},"content":{"rendered":"\t<div id=\"gap-1573770510\" class=\"gap-element clearfix\" style=\"display:block; height:auto;\">\n\t\t\n<style>\n#gap-1573770510 {\n  padding-top: 20px;\n}\n<\/style>\n\t<\/div>\n\t\n<h2 style=\"padding-bottom:10px;border-bottom: 2px solid #8bbce5;\n    margin: 0 auto 20px;\"><span style=\"color: #0d5882;\">I contenuti<\/span><\/h2>\n<div class=\"row\"  id=\"row-1077717084\">\n\n\t<div id=\"col-52126121\" class=\"col large-12\"  >\n\t\t\t\t<div class=\"col-inner\"  >\n\t\t\t\n\t\t\t\n<p style=\"text-align: justify;\">\u201cPronti, lavoro\u2026VIA!\u201d, mediante 12 lezioni in e-learning e un project work a esse collegato, affronta i seguenti argomenti:<\/p>\n<p style=\"text-align: justify;\"><span style=\"color: #0d5882; font-weight: bold; font-size: 110%;\">LEZIONE 1. Il primo approccio con il mondo del lavoro<\/span><br \/><span style=\"color: #0d5882;\"><em>I contenuti del presente capitolo sono stati curati da Avv. Federico Fratantonio e Avv. Elena Balestrieri<\/em><\/span><\/p>\n<p style=\"text-align: justify; margin-top: -15px;\">\u00c8 importante che i ragazzi arrivino preparati alla scelta tra universit\u00e0 e lavoro per intraprendere il proprio percorso in maniera consapevole. Il modulo presenta gli aspetti fondamentali da tener presente fin dalle prime esperienze lavorative utili anche a chiarire meglio le differenze tra lavoro dipendente o autonomo: l\u2019importanza di un impiego regolare, la sicurezza sul lavoro, la retribuzione e la sua composizione, i contributi per la pensione.<\/p>\n<div style=\"height: 5px;\">\u00a0<\/div>\n<p style=\"text-align: justify;\"><span style=\"color: #0d5882; font-weight: bold; font-size: 110%;\">LEZIONE 2. Lavoro dipendente. Inizio a cercare lavoro<\/span><br \/><span style=\"color: #0d5882;\"><em>I contenuti del presente capitolo sono stati curati da Unimpiego<\/em><\/span><\/p>\n<p style=\"text-align: justify; margin-top: -15px;\">Il modulo presenta una panoramica sui principali canali attraverso i quali passa la ricerca di un impiego: da quelli tradizionali a quelli 2.0, prestando attenzione alla stesura del Curriculum Vitae e alla capacit\u00e0 di affrontare un colloquio di lavoro. Seguono poi approfondimenti sulle tipologie contrattuali e sulle sicurezze di un contratto in chiaro (l\u2019assicurazione INAIL, le tutele\u2026) e sulle implicazioni dal punto di vista previdenziale per ciascun lavoratore: a chi si versano i contributi e a cosa servono, cosa \u00e8 e perch\u00e9 \u00e8 importante la previdenza complementare.<\/p>\n<div style=\"height: 5px;\">\u00a0<\/div>\n<p style=\"text-align: justify;\"><span style=\"color: #0d5882; font-weight: bold; font-size: 110%;\">LEZIONE 3. Lavoro autonomo. Mi creo il mio lavoro<\/span><br \/><span style=\"color: #0d5882;\"><em>I contenuti del presente capitolo sono stati curati da Unimpiego<\/em><\/span><\/p>\n<p style=\"text-align: justify; margin-top: -15px;\">Il modulo presenta spunti utili:<\/p>\n<ul style=\"margin-top: -15px;\">\n<li>per coloro che hanno un\u2019idea e la vogliono coltivare facendone il proprio lavoro e trasformandola in un\u2019impresa. Vengono illustrati i 4 passi principali: l\u2019idea, il business plan, i canali di finanziamento, la comunicazione;<\/li>\n<li>per coloro che vogliono intraprendere la libera professione, con iscrizione all\u2019albo o freelance. Quali sono le differenze, anche dal punto di vista previdenziale? Come si apre la partita iva? Come gestire al meglio i propri guadagni?<\/li>\n<\/ul>\n<div style=\"height: 5px;\">\u00a0<\/div>\n<p style=\"text-align: justify;\"><span style=\"color: #0d5882; font-weight: bold; font-size: 110%;\">LEZIONE 4. La previdenza complementare: per oggi e\u00a0per domani<\/span><br \/><span style=\"color: #0d5882;\"><em>I contenuti del presente capitolo sono stati curati dalla Prof.ssa Ornella Ricci<\/em><\/span><\/p>\n<p style=\"text-align: justify; margin-top: -15px;\">Il modulo affronta un tema, quello della previdenza complementare, che ai ragazzi sembra distante, seppure strettamente connesso e connaturato a quello del lavoro. \u00c8 importante, quindi, che fin dal primo ingresso nel mondo del lavoro i ragazzi si pongano la questione della costruzione del proprio futuro economico attraverso la previdenza complementare. Per questo serve sapere in che cosa consiste, come funziona, quali sono le agevolazioni e i vantaggi.<\/p>\n<div style=\"height: 5px;\">\u00a0<\/div>\n<p style=\"text-align: justify;\"><span style=\"color: #0d5882; font-weight: bold; font-size: 110%;\">LEZIONE 5. Rischio e Assicurazione<\/span><br \/><span style=\"color: #0d5882;\"><em>I contenuti del presente capitolo sono stati curati da Unipol Assicurazioni\u00a0<\/em><\/span><\/p>\n<p style=\"text-align: justify; margin-top: -15px;\">Il modulo pone i ragazzi e le ragazze di fronte a una tematica di necessaria riflessione: il concetto di imprevisto e rischio, insito nella vita privata e professionale di ciascuno, in ogni momento della propria esistenza.<br \/>Partendo da questo argomento, gli studenti saranno portati a comprendere l\u2019importanza di una copertura assicurativa, mediante un percorso che parte dalla storia, per arrivare al diritto e alla<br \/>comprensione del funzionamento di questo settore dell\u2019economia.<\/p>\n<div style=\"height: 5px;\">\u00a0<\/div>\n<p style=\"text-align: justify;\"><span style=\"color: #0d5882; font-weight: bold; font-size: 110%;\">LEZIONE 6. Raccolta e monitoraggio dei contributi<\/span><br \/><span style=\"color: #0d5882;\"><em>Intervengono Elisa Lupo e Marco Scioli, co-founder Starting Finance<\/em><\/span><\/p>\n<p style=\"text-align: justify; margin-top: -15px;\">Quando \u00e8 giusto cominciare a pensare alla pensione? In questa prima puntata si introduce una riflessione su cosa sia la pensione oggi e su come si sia evoluta nel tempo in relazione ai cambiamenti avvenuti nel panorama lavorativo: oggi \u00e8 indispensabile, infatti, \u201cattivarsi per costruirla\u201d.<\/p>\n<div style=\"height: 5px;\">\u00a0<\/div>\n<p style=\"text-align: justify;\"><span style=\"color: #0d5882; font-weight: bold; font-size: 110%;\">LEZIONE 7. Stima e pensione futura<\/span><br \/><span style=\"color: #0d5882;\"><em>Intervengono Elisa Lupo e Federico Ronzoni, youtuber, tiktoker e fondatore di Turtle Road<\/em><\/span><\/p>\n<p style=\"text-align: justify; margin-top: -15px;\">\u201cCosa farai da grande?\u201d \u00e8 una delle domande che spesso viene rivolta ai giovani, mentre, invece, \u00e8 inusuale domandare o domandarsi quale sar\u00e0 la propria pensione futura. Questa puntata verte sull\u2019importanza della programmazione previdenziale, alla luce dell\u2019estensione della vita post-lavorativa degli individui.<\/p>\n<div style=\"height: 5px;\">\u00a0<\/div>\n<p style=\"text-align: justify;\"><span style=\"color: #0d5882; font-weight: bold; font-size: 110%;\">LEZIONE 8. Pensione integrativa<\/span><br \/><span style=\"color: #0d5882;\"><em>Intervengono Elisa Lupo e Ami F., bancaria e content creator<\/em><\/span><\/p>\n<p style=\"text-align: justify; margin-top: -15px;\">In questa puntata Ami F. racconta il suo ruolo di bancaria, ma soprattutto quello che svolge sulla sua pagina social Pecuniami\u201d, nella quale diventa l\u2019amica bancaria che fornisce una valida guida per orientarsi in una corretta e proficua gestione del denaro.<\/p>\n<div style=\"height: 5px;\">\u00a0<\/div>\n<p style=\"text-align: justify;\"><span style=\"color: #0d5882; font-weight: bold; font-size: 110%;\">LEZIONE 9. Anticipazioni sulla pensione<\/span><br \/><span style=\"color: #0d5882;\"><em>Intervengono Elisa Lupo e Lorenzo Luporini (aka Lupo), volto e voce di Venti<\/em><\/span><\/p>\n<p style=\"text-align: justify; margin-top: -15px;\">Come realizzare un sogno o riparare a un imprevisto? Durante questo episodio viene approfondito il ruolo del fondo pensione, che \u00e8, in realt\u00e0, contrariamente a quanto si possa pensare uno strumento molto flessibile, che pu\u00f2 diventare un vero e proprio cuscinetto paraurti nei momenti economicamente pi\u00f9 impegnativi delle nostre vite.<\/p>\n<div style=\"height: 5px;\">\u00a0<\/div>\n<p style=\"text-align: justify;\"><span style=\"color: #0d5882; font-weight: bold; font-size: 110%;\">LEZIONE 10. Leve fiscali<\/span><br \/><span style=\"color: #0d5882;\"><em>Intervengono Elisa Lupo e Davide Marelli, fondatore di Pillole di Economia<\/em><\/span><\/p>\n<p style=\"text-align: justify; margin-top: -15px;\">In questo podcast si affronta il meccanismo della tassazione sulla pensione attraverso esempi concreti e semplici e si approfondisce la tipologia di agevolazioni previste per i fondi pensione e per la previdenza complementare.<\/p>\n<div style=\"height: 5px;\">\u00a0<\/div>\n<p style=\"text-align: justify;\"><span style=\"color: #0d5882; font-weight: bold; font-size: 110%;\">LEZIONE 11. Modi per andare in pensione<\/span><br \/><span style=\"color: #0d5882;\"><em>Intervengono Elisa Lupo e Maura Gancitano, filosofa e fondatrice di Tlon.it<\/em><\/span><\/p>\n<p style=\"text-align: justify; margin-top: -15px;\">In questa puntata Maura Gancitano si racconta e esplora che cosa possa significare andare in pensione ed avvia una riflessione sull\u2019educazione finanziaria approfondendone sia gli aspetti legati alla pianificazione del futuro sia quelli legati al sogno e alla scoperta dell\u2019ignoto.<\/p>\n<div style=\"height: 5px;\">\u00a0<\/div>\n<p style=\"text-align: justify;\"><span style=\"color: #0d5882; font-weight: bold; font-size: 110%;\">LEZIONE 12. Tutto quello che non hai mai voluto sapere sulle pensioni<\/span><br \/><span style=\"color: #0d5882;\"><em>I contenuti del presente capitolo sono stati realizzati da FEduF, Taxi1729 con il sostegno di Unipol Assicurazioni<\/em><\/span><\/p>\n<p style=\"text-align: justify; margin-top: -15px;\">Analizzando l\u2019andamento delle nascite e della piramide demografica nel corso degli ultimi decenni, si nota che il modello del vecchio sistema pensionistico non \u00e8 pi\u00f9 essere sostenibile e che, proprio negli ultimi anni, abbiamo assistito a una riduzione della spesa per le pensioni pubbliche. La soluzione per salvaguardare il nostro futuro \u00e8 integrare la pensione personalmente, attraverso la previdenza complementare.<\/p>\n\t\t<\/div>\n\t\t\t\t\t<\/div>\n\n\t\n<\/div>\n","protected":false},"excerpt":{"rendered":"\n  <div class=\"banner has-hover banner-home\" id=\"banner-2109109172\">\n          <div class=\"banner-inner fill\">\n        <div class=\"banner-bg fill\" >\n            <img width=\"1020\" height=\"102\" src=\"https:\/\/www.educazionedigitale.it\/prontilavorovia\/wp-content\/uploads\/2020\/09\/bg-header-plv-1600x160.jpg\" class=\"bg attachment-large size-large\" alt=\"\" decoding=\"async\" loading=\"lazy\" \/>                                    \n                    <\/div>\n\t\t\n        <div class=\"banner-layers container\">\n            <div class=\"fill banner-link\"><\/div>               <div id=\"text-box-1819947620\" class=\"text-box banner-layer x50 md-x50 lg-x50 y90 md-y90 lg-y90 res-text\">\n                     <div data-animate=\"fadeInLeft\">           <div class=\"text-box-content text dark\">\n              \n              <div class=\"text-inner text-center\">\n                  \n              <\/div>\n           <\/div>\n       <\/div>                     \n<style>\n#text-box-1819947620 {\n  width: 60%;\n}\n#text-box-1819947620 .text-box-content {\n  font-size: 100%;\n}\n@media (min-width:550px) {\n  #text-box-1819947620 {\n    width: 80%;\n  }\n}\n<\/style>\n    <\/div>\n         <\/div>\n      <\/div>\n\n            \n<style>\n#banner-2109109172 {\n  padding-top: 200px;\n}\n<\/style>\n  <\/div>\n\n\n","protected":false},"author":1,"featured_media":0,"parent":0,"menu_order":0,"comment_status":"closed","ping_status":"open","template":"","meta":{"_monsterinsights_skip_tracking":false,"_monsterinsights_sitenote_active":false,"_monsterinsights_sitenote_note":"","_monsterinsights_sitenote_category":0,"footnotes":""},"class_list":["post-531","page","type-page","status-publish","hentry"],"_links":{"self":[{"href":"https:\/\/www.educazionedigitale.it\/prontilavorovia\/wp-json\/wp\/v2\/pages\/531","targetHints":{"allow":["GET"]}}],"collection":[{"href":"https:\/\/www.educazionedigitale.it\/prontilavorovia\/wp-json\/wp\/v2\/pages"}],"about":[{"href":"https:\/\/www.educazionedigitale.it\/prontilavorovia\/wp-json\/wp\/v2\/types\/page"}],"author":[{"embeddable":true,"href":"https:\/\/www.educazionedigitale.it\/prontilavorovia\/wp-json\/wp\/v2\/users\/1"}],"replies":[{"embeddable":true,"href":"https:\/\/www.educazionedigitale.it\/prontilavorovia\/wp-json\/wp\/v2\/comments?post=531"}],"version-history":[{"count":3,"href":"https:\/\/www.educazionedigitale.it\/prontilavorovia\/wp-json\/wp\/v2\/pages\/531\/revisions"}],"predecessor-version":[{"id":5078,"href":"https:\/\/www.educazionedigitale.it\/prontilavorovia\/wp-json\/wp\/v2\/pages\/531\/revisions\/5078"}],"wp:attachment":[{"href":"https:\/\/www.educazionedigitale.it\/prontilavorovia\/wp-json\/wp\/v2\/media?parent=531"}],"curies":[{"name":"wp","href":"https:\/\/api.w.org\/{rel}","templated":true}]}}