{"id":3991,"date":"2020-05-15T09:19:02","date_gmt":"2020-05-15T07:19:02","guid":{"rendered":"https:\/\/www.educazionedigitale.it\/raccogliamovalore\/?page_id=3991"},"modified":"2024-09-11T09:03:20","modified_gmt":"2024-09-11T07:03:20","slug":"lezioni-pronte","status":"publish","type":"page","link":"https:\/\/www.educazionedigitale.it\/raccogliamovalore\/lezioni-pronte\/","title":{"rendered":"Lezioni Pronte"},"content":{"rendered":"\n  <div class=\"banner has-hover banner-home\" id=\"banner-1479288617\">\n          <div class=\"banner-inner fill\">\n        <div class=\"banner-bg fill\" >\n            <img loading=\"lazy\" decoding=\"async\" width=\"1020\" height=\"255\" src=\"https:\/\/www.educazionedigitale.it\/raccogliamovalore\/wp-content\/uploads\/2019\/03\/ecolamp-200x500_01-1600x400.jpg\" class=\"bg attachment-large size-large\" alt=\"\" \/>                                    \n                    <\/div>\n\t\t\n        <div class=\"banner-layers container\">\n            <div class=\"fill banner-link\"><\/div>               <div id=\"text-box-945256462\" class=\"text-box banner-layer x50 md-x50 lg-x50 y50 md-y50 lg-y50 res-text\">\n                     <div data-animate=\"fadeIn\">           <div class=\"text-box-content text dark\">\n              \n              <div class=\"text-inner text-center\">\n                                <\/div>\n           <\/div>\n       <\/div>                     \n<style>\n#text-box-945256462 {\n  width: 60%;\n}\n#text-box-945256462 .text-box-content {\n  font-size: 100%;\n}\n@media (min-width:550px) {\n  #text-box-945256462 {\n    width: 60%;\n  }\n}\n<\/style>\n    <\/div>\n         <\/div>\n      <\/div>\n\n            \n<style>\n#banner-1479288617 {\n  padding-top: 130px;\n}\n@media (min-width:850px) {\n  #banner-1479288617 {\n    padding-top: 250px;\n  }\n}\n<\/style>\n  <\/div>\n\n\n\t<div id=\"gap-1753726105\" class=\"gap-element clearfix\" style=\"display:block; height:auto;\">\n\t\t\n<style>\n#gap-1753726105 {\n  padding-top: 15px;\n}\n<\/style>\n\t<\/div>\n\t\n<div class=\"row\"  id=\"row-1299143421\">\n\n\t<div id=\"col-305265944\" class=\"col small-12 large-12\"  >\n\t\t\t\t<div class=\"col-inner\"  >\n\t\t\t\n\t\t\t\n<h2>LEZIONI DIGITALI PER TE E LE TUE CLASSI<\/h2>\n<p style=\"text-align:justify\">Collegati <strong>al catalogo di Lezioni Pronte<\/strong>, l\u2019utility di Educazione Digitale<sup>\u00ae<\/sup> per fruire gratuitamente delle <strong>lezioni pronte Ecolamp<\/strong>, che potrai direttamente <strong>condividere con i tuoi studenti<\/strong>.<br \/>\nOgni lezione \u00e8 costituita da nuclei di approfondimento in animazione, momenti di verifica e discussione, project work, nonch\u00e9 dalla possibilit\u00e0 di tenere webinar di approfondimento con i tuoi ragazzi.<br \/>\nUna metodologia pensata appositamente per supportarti nelle tue <strong>lezioni on line<\/strong>.<\/p>\n<div class=\"strumenti-classe\" style=\"height: auto;\">\n<div class=\"img-stru\" style=\"width:305px\"><img decoding=\"async\" class=\"wp-image-811 size-full alignleft\" src=\"https:\/\/www.educazionedigitale.it\/raccogliamovalore\/wp-content\/uploads\/2019\/10\/ecolamp-om-8-12.jpg\" alt=\"Lezione digitale\" width=\"100%\" style=\"margin:10px !important\" \/><\/div>\n<div class=\"testi-classe\" style=\" margin-top:5px\"><strong><span style=\"color: #006534; font-size: 20px;\">LEZIONI PER GLI STUDENTI DAGLI 8 AI 12 ANNI<\/span><\/strong><\/div>\n<div class=\"testi-classe\" style=\"\">Due lezioni pronte, basate sui contenuti dello strumento didattico Open Mind \u201cRaccogliamo valore\u201d, per educare bambini e ragazzi all\u2019importanza di operare una corretta raccolta differenziata delle apparecchiature elettriche ed elettroniche arrivate \u201ca fine vita\u201d (i RAEE).<\/div>\n<div class=\"testi-classe\" style=\"text-align: right; margin-top:20px\"><a href=\"#comm-40\" class=\"commenti\" style=\"text-decoration:underline;margin-right:5px;\">COMMENTI<\/a>\n\t<a href=\"#voto-40\" class=\"commenti\" style=\"text-decoration:underline;margin-right:5px;\">\n\t\tVOTI\t<\/a>\n\t\n\t\t\t<a href=\"#scarica-40\" target=\"_self\" class=\"button button-primary button small custom-green\" style=\"margin-right:5px;\">guarda<\/a>\n\t\n<\/div>\n<\/div>\n<div class=\"strumenti-classe\" style=\"height: auto;\" id=\"ecolamp-pronte-13-18\">\n<div class=\"img-stru\" style=\"width:305px\"><img decoding=\"async\" class=\"wp-image-811 size-full alignleft\" src=\"https:\/\/www.educazionedigitale.it\/raccogliamovalore\/wp-content\/uploads\/2019\/10\/ecolamp-om-13-18.jpg\" style=\"margin:10px !important\" alt=\"Lezione digitale\" width=\"100%\" \/><\/div>\n<div class=\"testi-classe\" style=\" margin-top:5px\"><strong><span style=\"color: #006534; font-size: 20px;\">LEZIONI PER GLI STUDENTI DAI 13 AI 18 ANNI<\/span><\/strong><\/div>\n<div class=\"testi-classe\" style=\"\">Due lezioni pronte, basate sui contenuti dello strumento didattico Open Mind \u201cRaccogliamo valore\u201d, per creare consapevolezza nei ragazzi della scuola secondaria di II grado sulla natura speciale dei rifiuti di apparecchiature elettriche ed elettroniche (i RAEE) e sulla conseguente importanza di una loro corretta raccolta e gestione.<\/div>\n<div class=\"testi-classe\" style=\"text-align: right;\"><a href=\"#comm-41\" class=\"commenti\" style=\"text-decoration:underline;margin-right:5px;\">COMMENTI<\/a>\n\t<a href=\"#voto-41\" class=\"commenti\" style=\"text-decoration:underline;margin-right:5px;\">\n\t\tVOTI\t<\/a>\n\t\n\t\t\t<a href=\"#scarica-41\" target=\"_self\" class=\"button button-primary button small custom-green\" style=\"margin-right:5px;\">guarda<\/a>\n\t\n<\/div>\n<\/div>\n\t\t<\/div>\n\t\t\t\t\t<\/div>\n\n\t\n<\/div>\n\t<div id=\"gap-1274186270\" class=\"gap-element clearfix\" style=\"display:block; height:auto;\">\n\t\t\n<style>\n#gap-1274186270 {\n  padding-top: 15px;\n}\n<\/style>\n\t<\/div>\n\t\n\t<div id=\"gap-1406342392\" class=\"gap-element clearfix\" style=\"display:block; height:auto;\">\n\t\t\n<style>\n#gap-1406342392 {\n  padding-top: 50px;\n}\n<\/style>\n\t<\/div>\n\t\n\n\t\t<div id=\"scarica-40\"\n\t     class=\"lightbox-by-id lightbox-content mfp-hide lightbox-white \"\n\t     style=\"max-width:800px ;padding:20px\">\n\t\t\n\t\t        <h4>LEZIONI PER GLI STUDENTI DAGLI 8 AI 12 ANNI<\/h4>\n    \n\t\t\t<div id=\"gap-1878486258\" class=\"gap-element clearfix\" style=\"display:block; height:auto;\">\n\t\t\n<style>\n#gap-1878486258 {\n  padding-top: 15px;\n}\n<\/style>\n\t<\/div>\n\t\n\t\t\t\t<meta charset=\"utf-8\">\n                    <script src=\"https:\/\/www.educazionedigitale.it\/php-custom\/language\/it.js\" type=\"text\/javascript\">\n            <\/script>\n                <script>\n            var path_principale = 'https:\/\/www.educazionedigitale.it\/raccogliamovalore\/';\n            var path_totale = 'https:\/\/www.educazionedigitale.it\/php-custom\/';\n            var directory = 'raccogliamovalore';\n            var fileid = '9440';\n            \n            function checkScarica(fileid)\n            {\n                \/\/alert('ERRORE TEMPORANEO DEL SISTEMA (CODE: '+fileid+'-'+document.getElementById('accetta'+fileid).checked+'-'+document.getElementById('nr_classi'+fileid).value+'), RIPROVARE PIU\\' TARDI');\n                \n                nc = parseInt(document.getElementById('nr_classi'+fileid).value);\n                ns = parseInt(document.getElementById('nr_studenti'+fileid).value);\n                \n                downCheck = true;\n                downCheckTxt = '';\n                \n                if(nc < 1){\n                    downCheck = false;\n                    downCheckTxt += '\\r - Il NR. di CLASSI \u00e8 INFERIORE a 1.';\n                }else if(nc > 30){\n                    downCheck = false;\n                    downCheckTxt += '\\r - Il NR. MAX. di CLASSI inseribili \u00e8 30.';\n                }\n                                \n                if(ns < 1){\n                    downCheck = false;\n                    downCheckTxt += '\\r - Il NR. di STUDENTI \u00e8 INFERIORE a 1.';\n                }else if(ns < nc){\n                    downCheck = false;\n                    downCheckTxt += '\\r - Il NR. di STUDENTI \u00e8 INFERIORE al NR. di CLASSI.';\n                }else if(ns > 1000){\n                    downCheck = false;\n                    downCheckTxt += '\\r - Il NR. MAX. di STUDENTI inseribili \u00e8 1000.';\n                }\n                \n                if(document.getElementById('accetta'+fileid).checked == false){\n                    downCheck = false;\n                    downCheckTxt += '\\r - E\\' necessario ACCETTARE i termini.';\n                }\n                \n                if(downCheck){\n\t\t\t\t\tif(document.getElementById('comm-scarica'+fileid)){\n\t\t\t\t\t\tdocument.getElementById('comm-scarica'+fileid).style.display = 'block';\n\t\t\t\t\t}\n                    document.getElementById('form1'+fileid).submit();\n                }else{\n                    alert('ATTENZIONE'+downCheckTxt);\n                }\n            }\n        <\/script>\n    \n        \n                            Esegui il\n                        \n            <a href=\"#login\" target=\"_self\" onclick=\"document.getElementById('login-auto-popup').value='scarica-40';\" class=\"button primary custom-green\" style=\"color:#fff\">\n                LOGIN\n            <\/a>\n                <\/body>\n        <\/html>\n\t\n\t\t\t<div id=\"gap-692498080\" class=\"gap-element clearfix\" style=\"display:block; height:auto;\">\n\t\t\n<style>\n#gap-692498080 {\n  padding-top: 15px;\n}\n<\/style>\n\t<\/div>\n\t\n\t\t<\/div>\n\t\n\t\n\t\t<div id=\"comm-40\"\n\t     class=\"lightbox-by-id lightbox-content mfp-hide lightbox-white \"\n\t     style=\"max-width:800px ;padding:20px\">\n\t\t\n\t\t        <h4>LEZIONI PER GLI STUDENTI DAGLI 8 AI 12 ANNI<\/h4>\n    \n\t\t\t<div id=\"gap-1666122575\" class=\"gap-element clearfix\" style=\"display:block; height:auto;\">\n\t\t\n<style>\n#gap-1666122575 {\n  padding-top: 15px;\n}\n<\/style>\n\t<\/div>\n\t\n\t\t\t\n\t<meta charset=\"utf-8\">\n\t\t\t<script src=\"https:\/\/www.educazionedigitale.it\/php-custom\/language\/it.js\" type=\"text\/javascript\"><\/script>\n\t\t<script>\n\t\tvar path_principale = 'https:\/\/www.educazionedigitale.it\/raccogliamovalore\/';\n\t\tvar path_totale_comm = 'https:\/\/www.educazionedigitale.it\/php-custom\/';\n\t\tvar directory = 'raccogliamovalore';\n\t\tvar fileid = '9440';\n\t<\/script>\n\t<script src=\"https:\/\/www.educazionedigitale.it\/php-custom\/commenti\/js\/actions-commenti.js\"><\/script>\n\t\n\t                            Per <strong>VISUALIZZARE e LASCIARE COMMENTI<\/strong> esegui il <a href=\"#login\" target=\"_self\" onclick=\"document.getElementById('login-auto-popup').value='comm-40';\" class=\"button primary custom-green\" style=\"color:#fff;\">LOGIN<\/a>\n            \t\t\t<br\/>\n\t\t\t<br\/>\n\t\t\n\t\t\n\t\t<\/div>\n\t\n\t\n\t\t<div id=\"voto-40\"\n\t     class=\"lightbox-by-id lightbox-content mfp-hide lightbox-white \"\n\t     style=\"max-width:500px ;padding:20px\">\n\t\t\n\t\t        <h4>LEZIONI PER GLI STUDENTI DAGLI 8 AI 12 ANNI<\/h4>\n    \n\t\t\t<div id=\"gap-544036101\" class=\"gap-element clearfix\" style=\"display:block; height:auto;\">\n\t\t\n<style>\n#gap-544036101 {\n  padding-top: 15px;\n}\n<\/style>\n\t<\/div>\n\t\n\t\t\t\n\t<meta charset=\"iso-8859-1\">\n\t\t\t<script src=\"https:\/\/www.educazionedigitale.it\/php-custom\/language\/it.js\" type=\"text\/javascript\"><\/script>\n\t\t<script>\n\t\tvar path_principale = 'https:\/\/www.educazionedigitale.it\/raccogliamovalore\/';\n\t\tvar path_totale_comm = 'https:\/\/www.educazionedigitale.it\/php-custom\/';\n\t\tvar directory = 'raccogliamovalore';\n\t\tvar fileid = '9440';\n\t<\/script>\n\t<script src=\"https:\/\/www.educazionedigitale.it\/php-custom\/voti\/js\/actions-voti.js\"><\/script>\n\t<style>\n\t\t.stars{\n\t\t\twidth:170px;\n\t\t\theight:36px;\n\t\t\toverflow:hidden;\n\t\t\tborder-radius:10px;\n\t\t\tbackground:url(https:\/\/www.educazionedigitale.it\/php-custom\/img\/rating-stars-small.png) no-repeat;\n\t\t\tborder:1px solid #ccc;\n\t\t\tmargin-bottom:5px;\n\t\t\tcursor:pointer;\n\t\t}\n\t\t.stars1{\n\t\t\tbackground-position:0 0px;\n\t\t}\n\t\t.stars2{\n\t\t\tbackground-position:0 -31px;\n\t\t}\n\t\t.stars3{\n\t\t\tbackground-position:0 -62px;\n\t\t}\n\t\t.stars4{\n\t\t\tbackground-position:0 -93px;\n\t\t}\n\t\t.stars5{\n\t\t\tbackground-position:0 -124px;\n\t\t}\n\t\t.stars-selected,\n\t\t.stars:hover{\n\t\t\tbackground-color:#F90;\n\t\t\tborder:1px solid #f60;\n\t\t}\n\t<\/style>\n\t                            Per <strong>VOTARE LA RISORSA<\/strong> esegui il <a href=\"#login\" target=\"_self\" onclick=\"document.getElementById('login-auto-popup').value='voto-40';\" class=\"button primary custom-green\" style=\"color:#fff;\">LOGIN<\/a>\n                        <br\/>\n\t\t\t<br\/>\n\t\t\n\t\t<\/div>\n\t\n\t\n\t\t<div id=\"invita-risorsa-40\"\n\t     class=\"lightbox-by-id lightbox-content mfp-hide lightbox-white \"\n\t     style=\"max-width:800px ;padding:20px\">\n\t\t\n\t\t<div class=\"container section-title-container\" ><h3 class=\"section-title section-title-normal\"><b aria-hidden=\"true\"><\/b><span class=\"section-title-main\" >Invita un collega a utilizzare &quot;&quot;<\/span><b aria-hidden=\"true\"><\/b><\/h3><\/div>    \n\t<meta charset=\"utf-8\">\n\t\n    \t\t<p align=\"center\">Esegui il <a class=\"button button-primary custom-green\" href=\"#login\">LOGIN<\/a><\/p>\n\t\n\t\t<\/div>\n\t\n\t\n\t\t\t<div id=\"rispondi-40\"\n\t     class=\"lightbox-by-id lightbox-content mfp-hide lightbox-white \"\n\t     style=\"max-width:800px ;padding:20px\">\n\t\t\n\t\t\t        <h4>LEZIONI PER GLI STUDENTI DAGLI 8 AI 12 ANNI<\/h4>\n    \n\t\t\t\t<div id=\"gap-426306324\" class=\"gap-element clearfix\" style=\"display:block; height:auto;\">\n\t\t\n<style>\n#gap-426306324 {\n  padding-top: 15px;\n}\n<\/style>\n\t<\/div>\n\t\n\t\t\t<div style=\"padding:50px;background:#faa;text-align:center;\">\n\t\t\t\t<h1 style=\"color:#900;\">ERRORE. ELEMENTO ID \"40\/40\" INESISTENTE.<\/h1>\n\t\t\t\t<p style=\"color:#444;\"><b>RIVOLGITI A NOI<\/b> per risolvere il problema <a href=\"..\/contatti\" target=\"_blank\" style=\"color:#900;\"><b>CLICCANDI QUI<\/b><\/a><\/p>\n\t\t\t<\/div>\n\t\t\t<\/div>\n\t\n\t\t\n\t<a \tid=\"autopopup-scarica-40\"\thref=\"#scarica-40\"><\/a>\n\t<a \tid=\"autopopup-comm-40\"\t\thref=\"#comm-40\"><\/a>\n\t<a \tid=\"autopopup-voto-40\" \t\thref=\"#voto-40\"><\/a>\n\t<a \tid=\"autopopup-rispondi-40\"\thref=\"#rispondi-40\"><\/a>\n\t\n\t\n\n\t\t<div id=\"scarica-41\"\n\t     class=\"lightbox-by-id lightbox-content mfp-hide lightbox-white \"\n\t     style=\"max-width:800px ;padding:20px\">\n\t\t\n\t\t        <h4>LEZIONI PER GLI STUDENTI DAI 13 AI 18 ANNI<\/h4>\n    \n\t\t\t<div id=\"gap-1131132748\" class=\"gap-element clearfix\" style=\"display:block; height:auto;\">\n\t\t\n<style>\n#gap-1131132748 {\n  padding-top: 15px;\n}\n<\/style>\n\t<\/div>\n\t\n\t\t\t\t<meta charset=\"utf-8\">\n                    <script src=\"https:\/\/www.educazionedigitale.it\/php-custom\/language\/it.js\" type=\"text\/javascript\">\n            <\/script>\n                <script>\n            var path_principale = 'https:\/\/www.educazionedigitale.it\/raccogliamovalore\/';\n            var path_totale = 'https:\/\/www.educazionedigitale.it\/php-custom\/';\n            var directory = 'raccogliamovalore';\n            var fileid = '9441';\n            \n            function checkScarica(fileid)\n            {\n                \/\/alert('ERRORE TEMPORANEO DEL SISTEMA (CODE: '+fileid+'-'+document.getElementById('accetta'+fileid).checked+'-'+document.getElementById('nr_classi'+fileid).value+'), RIPROVARE PIU\\' TARDI');\n                \n                nc = parseInt(document.getElementById('nr_classi'+fileid).value);\n                ns = parseInt(document.getElementById('nr_studenti'+fileid).value);\n                \n                downCheck = true;\n                downCheckTxt = '';\n                \n                if(nc < 1){\n                    downCheck = false;\n                    downCheckTxt += '\\r - Il NR. di CLASSI \u00e8 INFERIORE a 1.';\n                }else if(nc > 30){\n                    downCheck = false;\n                    downCheckTxt += '\\r - Il NR. MAX. di CLASSI inseribili \u00e8 30.';\n                }\n                                \n                if(ns < 1){\n                    downCheck = false;\n                    downCheckTxt += '\\r - Il NR. di STUDENTI \u00e8 INFERIORE a 1.';\n                }else if(ns < nc){\n                    downCheck = false;\n                    downCheckTxt += '\\r - Il NR. di STUDENTI \u00e8 INFERIORE al NR. di CLASSI.';\n                }else if(ns > 1000){\n                    downCheck = false;\n                    downCheckTxt += '\\r - Il NR. MAX. di STUDENTI inseribili \u00e8 1000.';\n                }\n                \n                if(document.getElementById('accetta'+fileid).checked == false){\n                    downCheck = false;\n                    downCheckTxt += '\\r - E\\' necessario ACCETTARE i termini.';\n                }\n                \n                if(downCheck){\n\t\t\t\t\tif(document.getElementById('comm-scarica'+fileid)){\n\t\t\t\t\t\tdocument.getElementById('comm-scarica'+fileid).style.display = 'block';\n\t\t\t\t\t}\n                    document.getElementById('form1'+fileid).submit();\n                }else{\n                    alert('ATTENZIONE'+downCheckTxt);\n                }\n            }\n        <\/script>\n    \n        \n                            Esegui il\n                        \n            <a href=\"#login\" target=\"_self\" onclick=\"document.getElementById('login-auto-popup').value='scarica-41';\" class=\"button primary custom-green\" style=\"color:#fff\">\n                LOGIN\n            <\/a>\n                <\/body>\n        <\/html>\n\t\n\t\t\t<div id=\"gap-818698628\" class=\"gap-element clearfix\" style=\"display:block; height:auto;\">\n\t\t\n<style>\n#gap-818698628 {\n  padding-top: 15px;\n}\n<\/style>\n\t<\/div>\n\t\n\t\t<\/div>\n\t\n\t\n\t\t<div id=\"comm-41\"\n\t     class=\"lightbox-by-id lightbox-content mfp-hide lightbox-white \"\n\t     style=\"max-width:800px ;padding:20px\">\n\t\t\n\t\t        <h4>LEZIONI PER GLI STUDENTI DAI 13 AI 18 ANNI<\/h4>\n    \n\t\t\t<div id=\"gap-435824830\" class=\"gap-element clearfix\" style=\"display:block; height:auto;\">\n\t\t\n<style>\n#gap-435824830 {\n  padding-top: 15px;\n}\n<\/style>\n\t<\/div>\n\t\n\t\t\t\n\t<meta charset=\"utf-8\">\n\t\t\t<script src=\"https:\/\/www.educazionedigitale.it\/php-custom\/language\/it.js\" type=\"text\/javascript\"><\/script>\n\t\t<script>\n\t\tvar path_principale = 'https:\/\/www.educazionedigitale.it\/raccogliamovalore\/';\n\t\tvar path_totale_comm = 'https:\/\/www.educazionedigitale.it\/php-custom\/';\n\t\tvar directory = 'raccogliamovalore';\n\t\tvar fileid = '9441';\n\t<\/script>\n\t<script src=\"https:\/\/www.educazionedigitale.it\/php-custom\/commenti\/js\/actions-commenti.js\"><\/script>\n\t\n\t                            Per <strong>VISUALIZZARE e LASCIARE COMMENTI<\/strong> esegui il <a href=\"#login\" target=\"_self\" onclick=\"document.getElementById('login-auto-popup').value='comm-41';\" class=\"button primary custom-green\" style=\"color:#fff;\">LOGIN<\/a>\n            \t\t\t<br\/>\n\t\t\t<br\/>\n\t\t\n\t\t\n\t\t<\/div>\n\t\n\t\n\t\t<div id=\"voto-41\"\n\t     class=\"lightbox-by-id lightbox-content mfp-hide lightbox-white \"\n\t     style=\"max-width:500px ;padding:20px\">\n\t\t\n\t\t        <h4>LEZIONI PER GLI STUDENTI DAI 13 AI 18 ANNI<\/h4>\n    \n\t\t\t<div id=\"gap-202851542\" class=\"gap-element clearfix\" style=\"display:block; height:auto;\">\n\t\t\n<style>\n#gap-202851542 {\n  padding-top: 15px;\n}\n<\/style>\n\t<\/div>\n\t\n\t\t\t\n\t<meta charset=\"iso-8859-1\">\n\t\t\t<script src=\"https:\/\/www.educazionedigitale.it\/php-custom\/language\/it.js\" type=\"text\/javascript\"><\/script>\n\t\t<script>\n\t\tvar path_principale = 'https:\/\/www.educazionedigitale.it\/raccogliamovalore\/';\n\t\tvar path_totale_comm = 'https:\/\/www.educazionedigitale.it\/php-custom\/';\n\t\tvar directory = 'raccogliamovalore';\n\t\tvar fileid = '9441';\n\t<\/script>\n\t<script src=\"https:\/\/www.educazionedigitale.it\/php-custom\/voti\/js\/actions-voti.js\"><\/script>\n\t<style>\n\t\t.stars{\n\t\t\twidth:170px;\n\t\t\theight:36px;\n\t\t\toverflow:hidden;\n\t\t\tborder-radius:10px;\n\t\t\tbackground:url(https:\/\/www.educazionedigitale.it\/php-custom\/img\/rating-stars-small.png) no-repeat;\n\t\t\tborder:1px solid #ccc;\n\t\t\tmargin-bottom:5px;\n\t\t\tcursor:pointer;\n\t\t}\n\t\t.stars1{\n\t\t\tbackground-position:0 0px;\n\t\t}\n\t\t.stars2{\n\t\t\tbackground-position:0 -31px;\n\t\t}\n\t\t.stars3{\n\t\t\tbackground-position:0 -62px;\n\t\t}\n\t\t.stars4{\n\t\t\tbackground-position:0 -93px;\n\t\t}\n\t\t.stars5{\n\t\t\tbackground-position:0 -124px;\n\t\t}\n\t\t.stars-selected,\n\t\t.stars:hover{\n\t\t\tbackground-color:#F90;\n\t\t\tborder:1px solid #f60;\n\t\t}\n\t<\/style>\n\t                            Per <strong>VOTARE LA RISORSA<\/strong> esegui il <a href=\"#login\" target=\"_self\" onclick=\"document.getElementById('login-auto-popup').value='voto-41';\" class=\"button primary custom-green\" style=\"color:#fff;\">LOGIN<\/a>\n                        <br\/>\n\t\t\t<br\/>\n\t\t\n\t\t<\/div>\n\t\n\t\n\t\t<div id=\"invita-risorsa-41\"\n\t     class=\"lightbox-by-id lightbox-content mfp-hide lightbox-white \"\n\t     style=\"max-width:800px ;padding:20px\">\n\t\t\n\t\t<div class=\"container section-title-container\" ><h3 class=\"section-title section-title-normal\"><b aria-hidden=\"true\"><\/b><span class=\"section-title-main\" >Invita un collega a utilizzare &quot;&quot;<\/span><b aria-hidden=\"true\"><\/b><\/h3><\/div>    \n\t<meta charset=\"utf-8\">\n\t\n    \t\t<p align=\"center\">Esegui il <a class=\"button button-primary custom-green\" href=\"#login\">LOGIN<\/a><\/p>\n\t\n\t\t<\/div>\n\t\n\t\n\t\t\t<div id=\"rispondi-41\"\n\t     class=\"lightbox-by-id lightbox-content mfp-hide lightbox-white \"\n\t     style=\"max-width:800px ;padding:20px\">\n\t\t\n\t\t\t        <h4>LEZIONI PER GLI STUDENTI DAI 13 AI 18 ANNI<\/h4>\n    \n\t\t\t\t<div id=\"gap-1136500630\" class=\"gap-element clearfix\" style=\"display:block; height:auto;\">\n\t\t\n<style>\n#gap-1136500630 {\n  padding-top: 15px;\n}\n<\/style>\n\t<\/div>\n\t\n\t\t\t<div style=\"padding:50px;background:#faa;text-align:center;\">\n\t\t\t\t<h1 style=\"color:#900;\">ERRORE. ELEMENTO ID \"41\/41\" INESISTENTE.<\/h1>\n\t\t\t\t<p style=\"color:#444;\"><b>RIVOLGITI A NOI<\/b> per risolvere il problema <a href=\"..\/contatti\" target=\"_blank\" style=\"color:#900;\"><b>CLICCANDI QUI<\/b><\/a><\/p>\n\t\t\t<\/div>\n\t\t\t<\/div>\n\t\n\t\t\n\t<a \tid=\"autopopup-scarica-41\"\thref=\"#scarica-41\"><\/a>\n\t<a \tid=\"autopopup-comm-41\"\t\thref=\"#comm-41\"><\/a>\n\t<a \tid=\"autopopup-voto-41\" \t\thref=\"#voto-41\"><\/a>\n\t<a \tid=\"autopopup-rispondi-41\"\thref=\"#rispondi-41\"><\/a>\n\t\n\t\n","protected":false},"excerpt":{"rendered":"","protected":false},"author":27,"featured_media":0,"parent":0,"menu_order":0,"comment_status":"closed","ping_status":"closed","template":"page-blank.php","meta":{"_monsterinsights_skip_tracking":false,"_monsterinsights_sitenote_active":false,"_monsterinsights_sitenote_note":"","_monsterinsights_sitenote_category":0,"footnotes":""},"class_list":["post-3991","page","type-page","status-publish","hentry"],"_links":{"self":[{"href":"https:\/\/www.educazionedigitale.it\/raccogliamovalore\/wp-json\/wp\/v2\/pages\/3991","targetHints":{"allow":["GET"]}}],"collection":[{"href":"https:\/\/www.educazionedigitale.it\/raccogliamovalore\/wp-json\/wp\/v2\/pages"}],"about":[{"href":"https:\/\/www.educazionedigitale.it\/raccogliamovalore\/wp-json\/wp\/v2\/types\/page"}],"author":[{"embeddable":true,"href":"https:\/\/www.educazionedigitale.it\/raccogliamovalore\/wp-json\/wp\/v2\/users\/27"}],"replies":[{"embeddable":true,"href":"https:\/\/www.educazionedigitale.it\/raccogliamovalore\/wp-json\/wp\/v2\/comments?post=3991"}],"version-history":[{"count":3,"href":"https:\/\/www.educazionedigitale.it\/raccogliamovalore\/wp-json\/wp\/v2\/pages\/3991\/revisions"}],"predecessor-version":[{"id":4751,"href":"https:\/\/www.educazionedigitale.it\/raccogliamovalore\/wp-json\/wp\/v2\/pages\/3991\/revisions\/4751"}],"wp:attachment":[{"href":"https:\/\/www.educazionedigitale.it\/raccogliamovalore\/wp-json\/wp\/v2\/media?parent=3991"}],"curies":[{"name":"wp","href":"https:\/\/api.w.org\/{rel}","templated":true}]}}