{"id":531,"date":"2015-03-13T15:30:41","date_gmt":"2015-03-13T14:30:41","guid":{"rendered":"http:\/\/www.educazionedigitale.it\/retenazionalesalute\/?page_id=531"},"modified":"2024-04-19T12:43:01","modified_gmt":"2024-04-19T10:43:01","slug":"progetto","status":"publish","type":"page","link":"https:\/\/www.educazionedigitale.it\/retenazionalesalute\/progetto\/","title":{"rendered":"La Rete"},"content":{"rendered":"\n\t<section class=\"section\" id=\"section_1284475279\">\n\t\t<div class=\"section-bg fill\" >\n\t\t\t\t\t\t\t\t\t\n\t\t\t\n\n\t\t<\/div>\n\n\t\t\n\n\t\t<div class=\"section-content relative\">\n\t\t\t\n<div class=\"row\"  id=\"row-20605606\">\n\n\t<div id=\"col-2104058649\" class=\"col large-12\"  >\n\t\t\t\t<div class=\"col-inner\"  >\n\t\t\t\n\t\t\t\n<h4 style=\"text-align: left; color:#277d9e; letter-spacing:2px; font-size:24px;\"><strong>I CONTENUTI<\/strong><\/h4>\n<p style=\"text-align: justify;\"><strong>LA RETE NAZIONALE DELLA SALUTE<\/strong> nasce con l\u2019obiettivo di essere un punto di riferimento per i docenti che operano nelle scuole di ogni ordine e grado, sui temi della promozione della salute. <\/p> \n<p style=\"text-align: justify;\"><em>La carta di Ottawa sottolinea che \u00abPer &#8220;promozione della salute&#8221; si intende il processo che consente alle persone di esercitare un maggiore controllo sulla salute e di migliorarla\u00bb.<\/em> <\/p> \n<p style=\"text-align: justify;\">La salute \u00e8 un elemento indispensabile nella vita quotidiana, che vede ognuno di noi impegnato nella cura di se stesso e degli altri. La promozione della salute quindi \u00e8 un&#8217;azione che si esplicita attraverso varie azioni importanti rivolte alla popolazione. Tra queste si inserisce la RETE NAZIONALE DELLA SALUTE che, mettendo insieme Associazioni e Fondazioni che si occupano del tema, intende avviare una programmazione in un\u2019ottica di promozione e tutela del benessere. <\/p> \n<p style=\"text-align: justify;\">L\u2019educazione alla salute e al benessere, che rientra nella strategia globale e multisettoriale per lo sviluppo sostenibile promossa nell\u2019Agenda 2030 dell\u2019ONU, rendendo indissolubile il binomio salute\/ambiente, deve informare e formare attraverso un linguaggio chiaro e comprensibile. La RETE NAZIONALE DELLA SALUTE si propone, attraverso i docenti, di coinvolgere in questo ambizioso progetto, non solo gli alunni ma anche le loro famiglie per promuovere qualit\u00e0 di vita ad ogni et\u00e0. In tal senso la scuola \u00e8 il contesto privilegiato a cui rivolgersi per formare il futuro cittadino correttamente informato, consapevole e in buona salute. <\/p> \n<p style=\"text-align: justify;\">Attraverso la RETE NAZIONALE DELLA SALUTE si intende contribuire a quel cambiamento culturale che passa attraverso la conoscenza e la consapevolezza di quanto sia importante la cautela della propria e dell\u2019altrui salute, nel rispetto dell\u2019ambiente. <\/p> \n\t<div id=\"gap-1871298288\" class=\"gap-element clearfix\" style=\"display:block; height:auto;\">\n\t\t\n<style>\n#gap-1871298288 {\n  padding-top: 10px;\n}\n<\/style>\n\t<\/div>\n\t\n<h4 style=\"text-aling:justify;\"><span style=\"color:#277d9e; letter-spacing:2px; font-size:24px;\">LE FUNZIONALIT\u00c0 DELLA RETE:<\/span><\/h4>\n<p style=\"text-aling:justify; margin-bottom:0px\">La rete consente ai docenti delle scuole di ogni ordine e grado di : <\/p> \n<ul>\n<li style=\"text-align:justify\">coltivare un interesse didattico specifico e comune su una tematica inerente la salute;<\/li>\n<li style=\"text-align:justify\">connettersi facilmente con gli altri docenti;<\/li>\n<li style=\"text-align:justify\">trovare contenuti didattici aggiornati dedicati alla prevenzione;<\/li>\n<li style=\"text-align:justify\">partecipare e far partecipare le proprie classi ad iniziative, eventi, incontri info-formativi webinar con esperti,  concorsi, laboratori dedicati alle scuole sui temi della salute e della prevenzione;<\/li>\n<li style=\"text-align:justify\">contribuire attivamente alla rete attraverso la condivisione di materiale didattico per gli studenti  di tutte le et\u00e0.<\/li>\n<\/ul>\n\t<div id=\"gap-499603430\" class=\"gap-element clearfix\" style=\"display:block; height:auto;\">\n\t\t\n<style>\n#gap-499603430 {\n  padding-top: 10px;\n}\n<\/style>\n\t<\/div>\n\t\n\t\t<\/div>\n\t\t\t\t\t<\/div>\n\n\t\n<\/div>\n\t\t<\/div>\n\n\t\t\n<style>\n#section_1284475279 {\n  padding-top: 20px;\n  padding-bottom: 20px;\n  margin-bottom: 0px;\n}\n<\/style>\n\t<\/section>\n\t\n<div style=\"margin-top:-20px\">\n\n\t<section class=\"section\" id=\"section_1724057745\">\n\t\t<div class=\"section-bg fill\" >\n\t\t\t\t\t\t\t\t\t\n\t\t\t\n\n\t\t<\/div>\n\n\t\t\n\n\t\t<div class=\"section-content relative\">\n\t\t\t\n<div class=\"row\"  id=\"row-1569477450\">\n\n\t<div id=\"col-1384879845\" class=\"col large-12\"  >\n\t\t\t\t<div class=\"col-inner\"  >\n\t\t\t\n\t\t\t\n<h4 style=\"text-align: left; color:#277d9e; letter-spacing:2px; font-size:24px;\"><strong>I PARTNER<\/strong><\/h4>\n\t\t<\/div>\n\t\t\t\t\t<\/div>\n\n\t\n<\/div>\n<div class=\"row row-collapse\"  id=\"row-845877122\">\n\n\t<div id=\"col-716989364\" class=\"col medium-3 large-3\"  >\n\t\t\t\t<div class=\"col-inner\"  >\n\t\t\t\n\t\t\t\n <p> <img decoding=\"async\" src=\"https:\/\/www.educazionedigitale.it\/retenazionalesalute\/wp-content\/uploads\/2020\/06\/quadra-arancio-chiaro-1.jpg\" style=\"width:40%; z-index:9999\" class=\"quadra\"> <\/p> \n\t\t<\/div>\n\t\t\t\t\t<\/div>\n\n\t\n\n\t<div id=\"col-1138962725\" class=\"col medium-6 large-6\"  >\n\t\t\t\t<div class=\"col-inner\"  >\n\t\t\t\n\t\t\t\n<div style=\"margin-top:20px;\">\n<div style=\"margin:0 auto; width:300px; text-align:center; margin-left:-40%; float:left; height:300px; margin-top:-5px\" class=\"partners\"><a href=\" https:\/\/www.educazionedigitale.it\/retenazionalesalute\/fsa-partners\/\"><img src=https:\/\/www.educazionedigitale.it\/retenazionalesalute\/wp-content\/uploads\/2020\/10\/Anci-300dpi-179x282-col.png\" width=\"100\" style=\"margin-top:0px\" class=\"zoom partner\"\/><\/a><\/div>\n<div style=\"margin:0 auto; width:650px; text-align:left; z-index:9999\" class=\"partners-text\">\n<p style=\"text-align: justify; font-size:16px; margin-top:25px\">Federsanit\u00e0 \u00e8 la Confederazione nazionale delle Federsanit\u00e0 Anci regionali che associa le Aziende Sanitarie Locali, Ospedaliere e gli Irccs insieme ai rappresentanti dei Comuni associati alle Anci regionali di riferimento per favorire azioni e politiche finalizzate alla risposta ai bisogni di salute della popolazione. <\/p> \n<\/div>\n<\/div>\n\t\t<\/div>\n\t\t\t\t\t<\/div>\n\n\t\n\n\t<div id=\"col-1025148924\" class=\"col medium-3 large-3\"  >\n\t\t\t\t<div class=\"col-inner\"  >\n\t\t\t\n\t\t\t\n<div style=\"text-align:right\"><img decoding=\"async\" src=\"https:\/\/www.educazionedigitale.it\/retenazionalesalute\/wp-content\/uploads\/2020\/06\/quadra-arancio-chiaro-2.jpg\" style=\"width:40%\" class=\"quadra\"><\/div>\n\t\t<\/div>\n\t\t\t\t\n<style>\n#col-1025148924 > .col-inner {\n  margin: 0px 0px -40px 0px;\n}\n<\/style>\n\t<\/div>\n\n\t\n<\/div>\n<div class=\"row row-collapse\"  id=\"row-1526574586\">\n\n\t<div id=\"col-254161144\" class=\"col medium-3 large-3\"  >\n\t\t\t\t<div class=\"col-inner\"  >\n\t\t\t\n\t\t\t\n <p> <img decoding=\"async\" src=\"https:\/\/www.educazionedigitale.it\/retenazionalesalute\/wp-content\/uploads\/2020\/06\/quadra-arancio-scuro-1.jpg\" style=\"width:40%; z-index:9999\" class=\"quadra\"> <\/p> \n\t\t<\/div>\n\t\t\t\t\t<\/div>\n\n\t\n\n\t<div id=\"col-1326193706\" class=\"col medium-6 large-6\"  >\n\t\t\t\t<div class=\"col-inner\"  >\n\t\t\t\n\t\t\t\n<div style=\"margin-top:20px;\">\n<div style=\"margin:0 auto; width:300px; text-align:center; margin-left:-40%; float:left; height:300px; margin-top:10px\" class=\"partners\"><a href=\" https:\/\/www.educazionedigitale.it\/retenazionalesalute\/imi-partners\/\"><img decoding=\"async\" src=\"https:\/\/www.educazionedigitale.it\/retenazionalesalute\/wp-content\/uploads\/2022\/12\/imiadoi.png\" width=\"150\" class=\"zoom partner\"\/><\/a><\/div>\n<div style=\"margin:0 auto; width:650px; text-align:left; z-index:9999\" class=\"partners-text\">\n<p style=\"text-align: justify; font-size:16px; margin-top:-33px\">Intervenire con un approccio multidisciplinare nella diagnosi ed e cura del melanoma, tumore della pelle maligno in continua e costante crescita di incidenza nelle societ\u00e0 occidentali. \u00c8 l\u2019obiettivo dell\u2019Intergruppo Melanoma Italiano (IMI), Associazione scientifica senza fini di lucro fondata il 17 novembre 1998, con lo scopo di contribuire all\u2019approfondimento epidemiologico, preventivo, biologico, molecolare, diagnostico, clinico, terapeutico e sperimentale delle problematiche attinenti a questa patologia. <\/p> \n<\/div>\n<\/div>\n\t\t<\/div>\n\t\t\t\t\t<\/div>\n\n\t\n\n\t<div id=\"col-466285595\" class=\"col medium-3 large-3\"  >\n\t\t\t\t<div class=\"col-inner\"  >\n\t\t\t\n\t\t\t\n<div style=\"text-align:right\"><img decoding=\"async\" src=\"https:\/\/www.educazionedigitale.it\/retenazionalesalute\/wp-content\/uploads\/2020\/06\/quadra-arancio-scuro-2.jpg\" style=\"width:40%\" class=\"quadra\"><\/div>\n\t\t<\/div>\n\t\t\t\t\t<\/div>\n\n\t\n<\/div>\n\t<div id=\"gap-2052301356\" class=\"gap-element clearfix\" style=\"display:block; height:auto;\">\n\t\t\n<style>\n#gap-2052301356 {\n  padding-top: 5px;\n}\n<\/style>\n\t<\/div>\n\t\n<div class=\"row row-collapse\"  id=\"row-1021791164\">\n\n\t<div id=\"col-6563823\" class=\"col medium-3 large-3\"  >\n\t\t\t\t<div class=\"col-inner\"  >\n\t\t\t\n\t\t\t\n <p> <img decoding=\"async\" src=\"https:\/\/www.educazionedigitale.it\/retenazionalesalute\/wp-content\/uploads\/2020\/06\/quadra-arancio-chiaro-1.jpg\" style=\"width:40%; z-index:9999\" class=\"quadra\"> <\/p> \n\t\t<\/div>\n\t\t\t\t\t<\/div>\n\n\t\n\n\t<div id=\"col-782416868\" class=\"col medium-6 large-6\"  >\n\t\t\t\t<div class=\"col-inner\"  >\n\t\t\t\n\t\t\t\n<div style=\"margin-top:20px;\">\n<div style=\"margin:0 auto; width:300px; text-align:center; margin-left:-40%; float:left; height:300px; margin-top:-5px\" class=\"partners\"><a href=\" https:\/\/www.educazionedigitale.it\/retenazionalesalute\/ania-partners\/\"><img decoding=\"async\" src=\"https:\/\/www.educazionedigitale.it\/retenazionalesalute\/wp-content\/uploads\/2020\/10\/logo-ania.png\" width=\"200\" style=\"margin-top:45px\" class=\"zoom partner\"\/><\/a><\/div>\n<div style=\"margin:0 auto; width:650px; text-align:left; z-index:9999\" class=\"partners-text\">\n<p style=\"text-align: justify; font-size:16px; margin-top:-23px\">La Fondazione \u00e8 la Onlus di ANIA \u2013 Associazione Nazionale fra le Imprese Assicuratrici, per il sostegno ad iniziative che abbiano come scopo la sicurezza e l&#8217;educazione stradale. La Fondazione \u00e8 impegnata da anni in programmi educativi in materia di sicurezza stradale e dal 2017 ha esteso la propria mission al tema della prevenzione e promozione della salute, avviando diverse iniziative di tutela della salute sul territorio nazionale, realizzate in collaborazione con enti, strutture scientifiche, Ministeri e Universit\u00e0. <\/p> \n<\/div>\n<\/div>\n\t\t<\/div>\n\t\t\t\t\t<\/div>\n\n\t\n\n\t<div id=\"col-45905003\" class=\"col medium-3 large-3\"  >\n\t\t\t\t<div class=\"col-inner\"  >\n\t\t\t\n\t\t\t\n<div style=\"text-align:right\"><img decoding=\"async\" src=\"https:\/\/www.educazionedigitale.it\/retenazionalesalute\/wp-content\/uploads\/2020\/06\/quadra-arancio-chiaro-2.jpg\" style=\"width:40%\" class=\"quadra\"><\/div>\n\t\t<\/div>\n\t\t\t\t\t<\/div>\n\n\t\n<\/div>\n\t<div id=\"gap-1717485294\" class=\"gap-element clearfix\" style=\"display:block; height:auto;\">\n\t\t\n<style>\n#gap-1717485294 {\n  padding-top: 10px;\n}\n<\/style>\n\t<\/div>\n\t\n<div class=\"row row-collapse\"  id=\"row-631322088\">\n\n\t<div id=\"col-1108883513\" class=\"col medium-3 large-3\"  >\n\t\t\t\t<div class=\"col-inner\"  >\n\t\t\t\n\t\t\t\n <p> <img decoding=\"async\" src=\"https:\/\/www.educazionedigitale.it\/retenazionalesalute\/wp-content\/uploads\/2020\/06\/quadra-arancio-scuro-1.jpg\" style=\"width:40%; z-index:9999\" class=\"quadra\"> <\/p> \n\t\t<\/div>\n\t\t\t\t\t<\/div>\n\n\t\n\n\t<div id=\"col-444813388\" class=\"col medium-6 large-6\"  >\n\t\t\t\t<div class=\"col-inner\"  >\n\t\t\t\n\t\t\t\n<div style=\"margin-top:20px;\">\n<div style=\"margin:0 auto; width:300px; text-align:center; margin-left:-40%; float:left; height:300px; margin-top:-5px\" class=\"partners\"><a href=\" https:\/\/www.educazionedigitale.it\/retenazionalesalute\/salvamento-partners\/\"><img decoding=\"async\" src=\"https:\/\/www.educazionedigitale.it\/retenazionalesalute\/wp-content\/uploads\/2020\/09\/sns-logo-altadefinizione_rid.jpg\" width=\"100\" style=\"margin-top:-20px\" class=\"zoom partner\"\/><\/a><\/div>\n<div style=\"margin:0 auto; width:650px; text-align:left; z-index:9999\" class=\"partners-text\">\n<p style=\"text-align: justify; font-size:16px; margin-top:25px\">La Societ\u00e0 Nazionale di Salvamento \u00e8 nata nel 1871 con lo scopo di incoraggiare il salvataggio in mare, promuove la cultura della sicurezza in acqua e la diffusione di regole di comportamento utili all\u2019acquisizione di elementi di prevenzione sul territorio nazionale, con particolare attenzione agli studenti delle scuole di ogni ordine e grado, per i quali sono previsti progetti ad hoc. <\/p> \n<\/div>\n<\/div>\n\t\t<\/div>\n\t\t\t\t\t<\/div>\n\n\t\n\n\t<div id=\"col-477232342\" class=\"col medium-3 large-3\"  >\n\t\t\t\t<div class=\"col-inner\"  >\n\t\t\t\n\t\t\t\n<div style=\"text-align:right\"><img decoding=\"async\" src=\"https:\/\/www.educazionedigitale.it\/retenazionalesalute\/wp-content\/uploads\/2020\/06\/quadra-arancio-scuro-2.jpg\" style=\"width:40%\" class=\"quadra\"><\/div>\n\t\t<\/div>\n\t\t\t\t\t<\/div>\n\n\t\n<\/div>\n<div class=\"row row-collapse\"  id=\"row-277517845\">\n\n\t<div id=\"col-527834433\" class=\"col medium-3 large-3\"  >\n\t\t\t\t<div class=\"col-inner\"  >\n\t\t\t\n\t\t\t\n <p> <img decoding=\"async\" src=\"https:\/\/www.educazionedigitale.it\/retenazionalesalute\/wp-content\/uploads\/2020\/06\/quadra-arancio-chiaro-1.jpg\" style=\"width:40%; z-index:9999\" class=\"quadra\"> <\/p> \n\t\t<\/div>\n\t\t\t\t\t<\/div>\n\n\t\n\n\t<div id=\"col-928088072\" class=\"col medium-6 large-6\"  >\n\t\t\t\t<div class=\"col-inner\"  >\n\t\t\t\n\t\t\t\n<div style=\"margin-top:0px;\">\n<div style=\"margin:0 auto; width:300px; text-align:center; margin-left:-40%; float:left; height:300px; margin-top:-5px\" class=\"partners\"><a href=\" https:\/\/www.educazionedigitale.it\/retenazionalesalute\/admo-partners\/\"><img decoding=\"async\" src=\"https:\/\/www.educazionedigitale.it\/retenazionalesalute\/wp-content\/uploads\/2021\/03\/Logo-ADMO.jpg\" width=\"190\" style=\"margin-top:20px\" class=\"zoom partner\"\/><\/a><\/div>\n<div style=\"margin:0 auto; width:650px; text-align:left; z-index:9999\" class=\"partners-text\">\n<p style=\"text-align: justify; font-size:16px; margin-top:25px\">L\u2019Associazione Donatori Midollo Osseo \u00e8 nata nel 1990 con lo scopo principale di informare la popolazione italiana sulla possibilit\u00e0 di combattere, attraverso la donazione e il trapianto di midollo osseo, le leucemie, i linfomi, il mieloma e altre neoplasie del sangue. ADMO svolge un ruolo fondamentale di sensibilizzazione, fornisce agli interessati tutte le informazioni sulla donazione del midollo osseo. <\/p> \n<\/div>\n<\/div>\n\t\t<\/div>\n\t\t\t\t\t<\/div>\n\n\t\n\n\t<div id=\"col-31500101\" class=\"col medium-3 large-3\"  >\n\t\t\t\t<div class=\"col-inner\"  >\n\t\t\t\n\t\t\t\n<div style=\"text-align:right\"><img decoding=\"async\" src=\"https:\/\/www.educazionedigitale.it\/retenazionalesalute\/wp-content\/uploads\/2020\/06\/quadra-arancio-chiaro-2.jpg\" style=\"width:40%\" class=\"quadra\"><\/div>\n\t\t<\/div>\n\t\t\t\t\t<\/div>\n\n\t\n<\/div>\n\t\t<\/div>\n\n\t\t\n<style>\n#section_1724057745 {\n  padding-top: 0px;\n  padding-bottom: 0px;\n  margin-bottom: 0px;\n}\n<\/style>\n\t<\/section>\n\t\n<div class=\"row row-collapse\"  id=\"row-1872566363\">\n\n\t<div id=\"col-1693813257\" class=\"col medium-3 large-3\"  >\n\t\t\t\t<div class=\"col-inner\"  >\n\t\t\t\n\t\t\t\n <p> <img decoding=\"async\" src=\"https:\/\/www.educazionedigitale.it\/retenazionalesalute\/wp-content\/uploads\/2020\/06\/quadra-arancio-scuro-1.jpg\" style=\"width:40%; z-index:9999\" class=\"quadra\"> <\/p> \n\t\t<\/div>\n\t\t\t\t\t<\/div>\n\n\t\n\n\t<div id=\"col-1176089363\" class=\"col medium-6 large-6\"  >\n\t\t\t\t<div class=\"col-inner\"  >\n\t\t\t\n\t\t\t\n<div style=\"margin-top:20px;\">\n<div style=\"margin:0 auto; width:300px; text-align:center; margin-left:-40%; float:left; height:300px; margin-top:40px\" class=\"partners\"><a href=\" https:\/\/www.educazionedigitale.it\/retenazionalesalute\/avis-partners\/\"><img decoding=\"async\" src=\"https:\/\/www.educazionedigitale.it\/retenazionalesalute\/wp-content\/uploads\/2022\/01\/000_LogoAVIS_ODV-generico.png\" width=\"170\" style=\"margin-top:25px\" class=\"zoom partner\"\/><\/a><\/div>\n<div style=\"margin:0 auto; width:650px; text-align:left; z-index:9999\" class=\"partners-text\">\n<p style=\"text-align: justify; font-size:16px; margin-top:-20px\">L&#8217;Associazione Volontari Italiani del Sangue, nota anche con l&#8217;acronimo AVIS, \u00e8 un ente del terzo settore che opera in Italia e in Svizzera nell&#8217;ambito della donazione di sangue e di emocomponenti. AVIS \u00e8 un\u2019associazione privata, senza scopo di lucro, con l&#8217;obiettivo di garantire un\u2019adeguata disponibilit\u00e0 di sangue e dei suoi emocomponenti a tutti i pazienti che ne abbiano necessit\u00e0, attraverso la promozione del dono, la chiamata dei donatori e in alcuni casi anche la raccolta diretta di sangue, d\u2019intesa con le strutture ospedaliere pubbliche.\n <\/p> \n<\/div>\n<\/div>\n\t\t<\/div>\n\t\t\t\t\t<\/div>\n\n\t\n\n\t<div id=\"col-957309962\" class=\"col medium-3 large-3\"  >\n\t\t\t\t<div class=\"col-inner\"  >\n\t\t\t\n\t\t\t\n<div style=\"text-align:right\"><img decoding=\"async\" src=\"https:\/\/www.educazionedigitale.it\/retenazionalesalute\/wp-content\/uploads\/2020\/06\/quadra-arancio-scuro-2.jpg\" style=\"width:40%\" class=\"quadra\"><\/div>\n\t\t<\/div>\n\t\t\t\t\t<\/div>\n\n\t\n<\/div>\n <\/p> <\/div>\n\t<div id=\"gap-214516534\" class=\"gap-element clearfix\" style=\"display:block; height:auto;\">\n\t\t\n<style>\n#gap-214516534 {\n  padding-top: 50px;\n}\n<\/style>\n\t<\/div>\n\t\n","protected":false},"excerpt":{"rendered":"<div style=\"height:125px;\"><\/div>\n<div style=\"height:8px; background-color:#ef6645\"><\/div>\n\n  <div class=\"banner has-hover\" id=\"banner-425319034\">\n          <div class=\"banner-inner fill\">\n        <div class=\"banner-bg fill\" 0>\n            <img width=\"1020\" height=\"158\" src=\"https:\/\/www.educazionedigitale.it\/retenazionalesalute\/wp-content\/uploads\/2020\/06\/banner-progetto-1600x248.jpg\" class=\"bg attachment-large size-large\" alt=\"\" decoding=\"async\" loading=\"lazy\" \/>                                    \n                    <\/div>\n\t\t\n        <div class=\"banner-layers container\">\n            <div class=\"fill banner-link\"><\/div>               <div id=\"text-box-1738270563\" class=\"text-box banner-layer x90 md-x90 lg-x90 y50 md-y50 lg-y50 res-text\">\n                     <div data-animate=\"fadeIn\">           <div class=\"text-box-content text \">\n              \n              <div class=\"text-inner text-right\">\n                  \n<div class=\"row\"  id=\"row-1029138578\">\n\n\t<div id=\"col-558421977\" class=\"col large-12\"  >\n\t\t\t\t<div class=\"col-inner\"  >\n\t\t\t\n\t\t\t\n\t<div id=\"gap-761898551\" class=\"gap-element clearfix\" style=\"display:block; height:auto;\">\n\t\t\n<style>\n#gap-761898551 {\n  padding-top: 100px;\n}\n<\/style>\n\t<\/div>\n\t\n<div style=\"margin-right:-50px;\" class=\"allinea\">\n <p> <span style=\"color: #fff; line-height: 0.8; font-family:lato; font-size:48px\">Il progetto<\/span> <\/p> \n<\/div>\n\t\t<\/div>\n\t\t\t\t\t<\/div>\n\n\t\n<\/div>\n              <\/div>\n           <\/div>\n       <\/div>                     \n<style>\n#text-box-1738270563 {\n  width: 60%;\n}\n#text-box-1738270563 .text-box-content {\n  font-size: 100%;\n}\n@media (min-width:550px) {\n  #text-box-1738270563 {\n    width: 85%;\n  }\n}\n<\/style>\n    <\/div>\n         <\/div>\n      <\/div>\n\n            \n<style>\n#banner-425319034 {\n  padding-top: 246px;\n}\n<\/style>\n  <\/div>\n\n\n<div style=\"background-color:#43b4c2; padding-top:15px; padding-bottom:15px; text-align:center;\">\n<div style=\"color:white; letter-spacing:1.5px; font-size:105%\"><b><span style=\"font-size:130%\">[<\/span> La community dedicata a docenti e dirigenti scolastici per approfondire il proprio sapere in tema di salute <span style=\"font-size:130%\">]<\/span><\/b><\/div>\n<\/div>\n","protected":false},"author":1,"featured_media":0,"parent":0,"menu_order":0,"comment_status":"closed","ping_status":"closed","template":"page-blank.php","meta":{"_monsterinsights_skip_tracking":false,"_monsterinsights_sitenote_active":false,"_monsterinsights_sitenote_note":"","_monsterinsights_sitenote_category":0,"footnotes":""},"class_list":["post-531","page","type-page","status-publish","hentry"],"_links":{"self":[{"href":"https:\/\/www.educazionedigitale.it\/retenazionalesalute\/wp-json\/wp\/v2\/pages\/531","targetHints":{"allow":["GET"]}}],"collection":[{"href":"https:\/\/www.educazionedigitale.it\/retenazionalesalute\/wp-json\/wp\/v2\/pages"}],"about":[{"href":"https:\/\/www.educazionedigitale.it\/retenazionalesalute\/wp-json\/wp\/v2\/types\/page"}],"author":[{"embeddable":true,"href":"https:\/\/www.educazionedigitale.it\/retenazionalesalute\/wp-json\/wp\/v2\/users\/1"}],"replies":[{"embeddable":true,"href":"https:\/\/www.educazionedigitale.it\/retenazionalesalute\/wp-json\/wp\/v2\/comments?post=531"}],"version-history":[{"count":3,"href":"https:\/\/www.educazionedigitale.it\/retenazionalesalute\/wp-json\/wp\/v2\/pages\/531\/revisions"}],"predecessor-version":[{"id":7428,"href":"https:\/\/www.educazionedigitale.it\/retenazionalesalute\/wp-json\/wp\/v2\/pages\/531\/revisions\/7428"}],"wp:attachment":[{"href":"https:\/\/www.educazionedigitale.it\/retenazionalesalute\/wp-json\/wp\/v2\/media?parent=531"}],"curies":[{"name":"wp","href":"https:\/\/api.w.org\/{rel}","templated":true}]}}