{"id":5893,"date":"2020-09-14T17:20:31","date_gmt":"2020-09-14T15:20:31","guid":{"rendered":"https:\/\/www.educazionedigitale.it\/retenazionalesalute\/?page_id=5893"},"modified":"2020-11-06T09:44:53","modified_gmt":"2020-11-06T08:44:53","slug":"salvamento-partners","status":"publish","type":"page","link":"https:\/\/www.educazionedigitale.it\/retenazionalesalute\/salvamento-partners\/","title":{"rendered":"SALVAMENTO &#8211; partners"},"content":{"rendered":"<div class=\"row\"  id=\"row-1808089494\">\n\n\t<div id=\"col-37098081\" class=\"col large-12\"  >\n\t\t\t\t<div class=\"col-inner\"  >\n\t\t\t\n\t\t\t\n<h4 style=\"text-align: left; color:#277d9e; letter-spacing:2px; font-size:24px;\"><strong>SOCIET\u00c0 NAZIONALE DI SALVAMENTO<\/strong><\/h4>\n\t\t<\/div>\n\t\t\t\t\t<\/div>\n\n\t\n<\/div>\n<div class=\"row\"  id=\"row-2034735783\">\n\n\t<div id=\"col-2087867171\" class=\"col medium-1\/3 large-4\"  >\n\t\t\t\t<div class=\"col-inner\"  >\n\t\t\t\n\t\t\t<IMG SRC=\"https:\/\/www.educazionedigitale.it\/retenazionalesalute\/wp-content\/uploads\/2020\/09\/salvamento-partners-rete.jpg\" style=\"width:100%\"> <br \/> \n\t\t<\/div>\n\t\t\t\t\t<\/div>\n\n\t\n\n\t<div id=\"col-441082295\" class=\"col medium-2\/3 large-8\"  >\n\t\t\t\t<div class=\"col-inner\"  >\n\t\t\t\n\t\t\t\n<p style=\"text-align: justify; margin-top:-5px;\">La <strong>Societ\u00e0 Nazionale di Salvamento<\/strong>, nata nel 1871  con lo scopo di incoraggiare il salvataggio in mare, promuove la cultura della sicurezza in acqua e la diffusione di regole di comportamento utili all\u2019acquisizione di elementi di prevenzione. Inoltre, prepara e certifica (da 150 anni) i bagnini di salvataggio abilitati ad operare sulle spiagge, sui laghi, lungo le rive del fiume, nelle piscine pubbliche e private su tutto il territorio nazionale, con il riconoscimento ufficiale del Ministero dei Trasporti e delle Infrastrutture: collabora con le istituzioni per la prevenzione e il soccorso della vita umana in mare, nonch\u00e9 nelle attivit\u00e0 di volontariato e di Protezione Civile, nella valorizzazione dell\u2019ambiente acqueo e nell\u2019attivit\u00e0 culturale marittima. <\/p> \n\t\t<\/div>\n\t\t\t\t\t<\/div>\n\n\t\n<\/div>\n<div style=\"margin-top:-45px;\"><div class=\"row\"  id=\"row-439318966\">\n\n\t<div id=\"col-284899044\" class=\"col large-12\"  >\n\t\t\t\t<div class=\"col-inner\"  >\n\t\t\t\n\t\t\t\n<p style=\"text-align: justify;\">\u00c8 organizzata in 230 sezioni territoriali che coprono tutto il territorio nazionale con 70.000 soci bagnini e 1200 istruttori nelle arti marinaresche per il salvataggio; ha contribuito al quasi totale azzeramento della mortalit\u00e0 per annegamento sulle spiagge sorvegliate da bagnini di salvataggio. <\/p> \n<p style=\"text-align: justify;\">La Societ\u00e0 Nazionale di Salvamento, alla luce del Protocollo d\u2019Intesa, siglato il 14 marzo 2018 con il Ministero dell\u2019Istruzione, da diversi anni propone Bandi di concorso nelle scuole sui temi della sicurezza. <\/p> \n<h4 style=\"text-align: left; color:#277d9e; letter-spacing:2px; font-size:20px;\"><strong>PROGETTO \u201cPAP\u00c0 TI SALVO IO: 10 REGOLE D&#8217;ORO PER UN BAGNO SICURO\u201d<\/strong><\/h4>\n<p style=\"text-align: justify;\">&#8220;Pap\u00e0 ti salvo io&#8221; \u00e8 stato completamente ideato, progettato e realizzato dalla Societ\u00e0 Nazionale di Salvamento &#8211; Genova. Il gioco &#8220;Pap\u00e0 ti salvo io&#8221; si rivolge ai bambini in et\u00e0 scolare (scuole primarie e secondarie di primo grado) per insegnare loro come vivere il mare senza pericoli, imparando le 10 regole d&#8217;oro per un bagno sicuro. <\/P>  <\/p> \n<p style=\"text-align: justify;\">I bambini, attraverso il gioco, diventano &#8220;Baby Watch &#8211; Piccoli Bagnini&#8221; ed imparano i valori della sicurezza e della prevenzione. <\/P>  <\/p> \n<p style=\"text-align: justify;\">Il gioco intende rendere responsabili i giovani studenti nel cautelare la propria salute: il bambino, attraverso il gioco, impara le regole da rispettare per un bagno sicuro e nel contempo le condivide con i genitori. In tal modo, nello scambio e condivisione delle buone regole, si diffonde e rafforza la cultura della prevenzione e promozione di corretti stili di vita.\n <\/p> \n\t\t<\/div>\n\t\t\t\t\t<\/div>\n\n\t\n<\/div><\/div>\n","protected":false},"excerpt":{"rendered":"<div style=\"height:125px;\"><\/div>\n<div style=\"height:8px; background-color:#ef6645\"><\/div>\n\n  <div class=\"banner has-hover\" id=\"banner-1767039889\">\n          <div class=\"banner-inner fill\">\n        <div class=\"banner-bg fill\" 0>\n            <img width=\"1020\" height=\"158\" src=\"https:\/\/www.educazionedigitale.it\/retenazionalesalute\/wp-content\/uploads\/2020\/06\/banner-progetto-1600x248.jpg\" class=\"bg attachment-large size-large\" alt=\"\" decoding=\"async\" loading=\"lazy\" \/>                                    \n                    <\/div>\n\t\t\n        <div class=\"banner-layers container\">\n            <div class=\"fill banner-link\"><\/div>               <div id=\"text-box-1181291433\" class=\"text-box banner-layer x90 md-x90 lg-x90 y50 md-y50 lg-y50 res-text\">\n                     <div data-animate=\"fadeIn\">           <div class=\"text-box-content text \">\n              \n              <div class=\"text-inner text-right\">\n                  \n<div class=\"row\"  id=\"row-1446659694\">\n\n\t<div id=\"col-125649883\" class=\"col large-12\"  >\n\t\t\t\t<div class=\"col-inner\"  >\n\t\t\t\n\t\t\t\n\t<div id=\"gap-1138044192\" class=\"gap-element clearfix\" style=\"display:block; height:auto;\">\n\t\t\n<style>\n#gap-1138044192 {\n  padding-top: 80px;\n}\n<\/style>\n\t<\/div>\n\t\n<div style=\"margin-right:-50px;\">\n <p> <span style=\"color: #fff; line-height: 0.8; font-family:lato; font-size:48px\">I partner <br \/> del progetto<\/span> <\/p> \n<\/div>\n\t\t<\/div>\n\t\t\t\t\t<\/div>\n\n\t\n<\/div>\n              <\/div>\n           <\/div>\n       <\/div>                     \n<style>\n#text-box-1181291433 {\n  width: 60%;\n}\n#text-box-1181291433 .text-box-content {\n  font-size: 100%;\n}\n@media (min-width:550px) {\n  #text-box-1181291433 {\n    width: 85%;\n  }\n}\n<\/style>\n    <\/div>\n         <\/div>\n      <\/div>\n\n            \n<style>\n#banner-1767039889 {\n  padding-top: 296px;\n}\n<\/style>\n  <\/div>\n\n\n<div style=\"background-color:#43b4c2; padding-top:15px; padding-bottom:15px; text-align:center;\">\n<div style=\"color:white; letter-spacing:1.5px; font-size:105%\"><b><span style=\"font-size:130%\">[<\/span> La community dedicata a docenti e dirigenti scolastici per approfondire il proprio sapere in tema di salute <span style=\"font-size:130%\">]<\/span><\/b><\/div>\n<\/div>\n","protected":false},"author":8,"featured_media":0,"parent":0,"menu_order":0,"comment_status":"closed","ping_status":"closed","template":"page-blank-container.php","meta":{"_monsterinsights_skip_tracking":false,"_monsterinsights_sitenote_active":false,"_monsterinsights_sitenote_note":"","_monsterinsights_sitenote_category":0,"footnotes":""},"class_list":["post-5893","page","type-page","status-publish","hentry"],"_links":{"self":[{"href":"https:\/\/www.educazionedigitale.it\/retenazionalesalute\/wp-json\/wp\/v2\/pages\/5893","targetHints":{"allow":["GET"]}}],"collection":[{"href":"https:\/\/www.educazionedigitale.it\/retenazionalesalute\/wp-json\/wp\/v2\/pages"}],"about":[{"href":"https:\/\/www.educazionedigitale.it\/retenazionalesalute\/wp-json\/wp\/v2\/types\/page"}],"author":[{"embeddable":true,"href":"https:\/\/www.educazionedigitale.it\/retenazionalesalute\/wp-json\/wp\/v2\/users\/8"}],"replies":[{"embeddable":true,"href":"https:\/\/www.educazionedigitale.it\/retenazionalesalute\/wp-json\/wp\/v2\/comments?post=5893"}],"version-history":[{"count":3,"href":"https:\/\/www.educazionedigitale.it\/retenazionalesalute\/wp-json\/wp\/v2\/pages\/5893\/revisions"}],"predecessor-version":[{"id":6518,"href":"https:\/\/www.educazionedigitale.it\/retenazionalesalute\/wp-json\/wp\/v2\/pages\/5893\/revisions\/6518"}],"wp:attachment":[{"href":"https:\/\/www.educazionedigitale.it\/retenazionalesalute\/wp-json\/wp\/v2\/media?parent=5893"}],"curies":[{"name":"wp","href":"https:\/\/api.w.org\/{rel}","templated":true}]}}