{"id":5795,"date":"2024-04-03T16:05:08","date_gmt":"2024-04-03T14:05:08","guid":{"rendered":"https:\/\/www.educazionedigitale.it\/rfipcto\/?page_id=5795"},"modified":"2024-04-22T11:13:11","modified_gmt":"2024-04-22T09:13:11","slug":"il-percorso","status":"publish","type":"page","link":"https:\/\/www.educazionedigitale.it\/rfipcto\/il-percorso\/","title":{"rendered":"IL PERCORSO"},"content":{"rendered":"\t<div id=\"gap-2092388622\" class=\"gap-element clearfix\" style=\"display:block; height:auto;\">\n\t\t\n<style>\n#gap-2092388622 {\n  padding-top: 56px;\n}\n@media (min-width:550px) {\n  #gap-2092388622 {\n    padding-top: 76px;\n  }\n}\n@media (min-width:850px) {\n  #gap-2092388622 {\n    padding-top: 117px;\n  }\n}\n<\/style>\n\t<\/div>\n\t\n\n  <div class=\"banner has-hover banner-home\" id=\"banner-805823133\">\n          <div class=\"banner-inner fill\">\n        <div class=\"banner-bg fill\" >\n            <img loading=\"lazy\" decoding=\"async\" width=\"1440\" height=\"635\" src=\"https:\/\/www.educazionedigitale.it\/rfipcto\/wp-content\/uploads\/2022\/05\/banner2.png\" class=\"bg attachment-original size-original\" alt=\"\" \/>                        <div class=\"overlay\"><\/div>            \n                    <\/div>\n\t\t\n        <div class=\"banner-layers container\">\n            <div class=\"fill banner-link\"><\/div>            \n   <div id=\"text-box-2088363303\" class=\"text-box banner-layer x50 md-x50 lg-x50 y50 md-y50 lg-y50 res-text\">\n                                <div class=\"text-box-content text dark\">\n              \n              <div class=\"text-inner text-center\">\n                  \n              <\/div>\n           <\/div>\n                            \n<style>\n#text-box-2088363303 {\n  width: 60%;\n}\n#text-box-2088363303 .text-box-content {\n  font-size: 100%;\n}\n@media (min-width:550px) {\n  #text-box-2088363303 {\n    width: 60%;\n  }\n}\n<\/style>\n    <\/div>\n \n        <\/div>\n      <\/div>\n\n            \n<style>\n#banner-805823133 {\n  padding-top: 366px;\n}\n#banner-805823133 .overlay {\n  background-color: rgba(0, 0, 0, 0.279);\n}\n#banner-805823133 .banner-bg img {\n  object-position: 0% 52%;\n}\n@media (min-width:550px) {\n  #banner-805823133 {\n    padding-top: 200px;\n  }\n}\n<\/style>\n  <\/div>\n\n\n\n\t<section class=\"section\" id=\"section_746321369\">\n\t\t<div class=\"section-bg fill\" >\n\t\t\t\t\t\t\t\t\t\n\t\t\t\n\n\t\t<\/div>\n\n\t\t\n\n\t\t<div class=\"section-content relative\">\n\t\t\t\n\t<div id=\"gap-308658692\" class=\"gap-element clearfix\" style=\"display:block; height:auto;\">\n\t\t\n<style>\n#gap-308658692 {\n  padding-top: 44px;\n}\n<\/style>\n\t<\/div>\n\t\n<div class=\"row\"  id=\"row-458765828\">\n\n\t<div id=\"col-2090580376\" class=\"col small-12 large-12\"  >\n\t\t\t\t<div class=\"col-inner\"  >\n\t\t\t\n\t\t\t\n<p style=\"margin-bottom:0px\">Gli studenti delle classi iscritte hanno la possibilit\u00e0 di fruire di 3 moduli formativi in e-learning:<br \/> \u201c<b>La nostra mappa<\/b>\u201d, \u201c<b>La circolazione: il \u201ccuore\u201d della rete<\/b>\u201d e &#8220;<b>L&#8217;infrastruttura della rete<\/b>&#8220;<\/p>\n\t\t<\/div>\n\t\t\t\t\t<\/div>\n\n\t\n<\/div>\n<div class=\"row align-middle align-center\"  id=\"row-449186592\">\n\n\t<div id=\"col-616299475\" class=\"col medium-4 large-4\"  data-animate=\"blurIn\">\n\t\t\t\t<div class=\"col-inner\"  >\n\t\t\t\n\t\t\t\n\t<div class=\"img has-hover x md-x lg-x y md-y lg-y\" id=\"image_1279559253\">\n\t\t\t\t\t\t\t\t<div class=\"img-inner image-cover dark\" style=\"padding-top:657px;\">\n\t\t\t<img loading=\"lazy\" decoding=\"async\" width=\"639\" height=\"961\" src=\"https:\/\/www.educazionedigitale.it\/rfipcto\/wp-content\/uploads\/2022\/05\/Immagine7.png\" class=\"attachment-large size-large\" alt=\"\" srcset=\"https:\/\/www.educazionedigitale.it\/rfipcto\/wp-content\/uploads\/2022\/05\/Immagine7.png 639w, https:\/\/www.educazionedigitale.it\/rfipcto\/wp-content\/uploads\/2022\/05\/Immagine7-532x800.png 532w\" sizes=\"auto, (max-width: 639px) 100vw, 639px\" \/>\t\t\t\t\t\t\n\t\t\t\t\t<\/div>\n\t\t\t\t\t\t\t\t\n<style>\n#image_1279559253 {\n  width: 100%;\n}\n<\/style>\n\t<\/div>\n\t\n\t\t<\/div>\n\t\t\t\t\t<\/div>\n\n\t\n\n\t<div id=\"col-411161171\" class=\"col medium-8 large-8\"  data-animate=\"fadeInRight\">\n\t\t\t\t<div class=\"col-inner\"  >\n\t\t\t\n\t\t\t\n<h3 style=\"text-align: justify; margin-bottom: 10px; color:red\">LA NOSTRA MAPPA<\/h3>\n<p style=\"text-align: justify; margin-bottom: 10px;\">In questo entusiasmante viaggio:<\/p>\n\t<div id=\"text-925894370\" class=\"text\">\n\t\t\n<ul style=\"text-align:justify\">\n<li>Conoscerai <b>Valori<\/b> e <b>Missione<\/b> di RFI: Sicurezza, tempi certi e dimensione sociale del treno e della stazione.<\/li>\n<li>Scoprirai Chi \u00e8 il ferroviere di RFI, cosa fa e come risponde al proprio <b>mandato<\/b>.<\/li>\n<li>Esplorerai In che modo il trasporto ferroviario impatta sui pilastri (ambientale, sociale, di governance) della <b>sostenibilit\u00e0<\/b>.<br \/>\nQual \u00e8 concretamente il contributo di RFI?<\/li>\n<li>Approfondirai la <b>storia<\/b> essenziale delle Ferrovie dello Stato Italiane e, in particolare, dello sviluppo dell\u2019infrastruttura.<\/li>\n<li>Conoscerai i due mestieri alla base della mission di Rete Ferroviaria Italiana: il <b>Capo Stazione<\/b> e L\u2019<b>Operatore<\/b><b> Specializzato della Manutenzione Infrastruttura<\/b>.<\/li>\n<li>Vedrai le principali <b>tecnologie<\/b> adottate in RFI.<\/li>\n<li>Capirai il nostro approccio prioritario alla <b>Sicurezza<\/b>, in tutte le sue sfaccettature.<\/li>\n<li>Assaporerai le <b>sfide<\/b> che caratterizzano le nostre professionalit\u00e0: il senso di servizio (365 giorni l\u2019anno, 24 ore su 24), la continuit\u00e0, la sicurezza, la manutenzione, la gestione del traffico ferroviario, la gestione delle anormalit\u00e0. Le conoscenze e le competenze necessarie, come la capacit\u00e0 di risolvere i problemi, di individuare soluzioni e di agire con senso di realizzazione verso gli obiettivi.<\/li>\n<li>Ti interrogherai sulla corrispondenza tra le tue <b>attitudini<\/b> e le peculiarit\u00e0 dei mestieri in RFI.<\/li>\n<\/ul>\n\t\t\n<style>\n#text-925894370 {\n  color: rgb(0,0,0);\n}\n#text-925894370 > * {\n  color: rgb(0,0,0);\n}\n<\/style>\n\t<\/div>\n\t\n\t\t<\/div>\n\t\t\t\t\n<style>\n#col-411161171 > .col-inner {\n  padding: 0px 0px 0px 21px;\n}\n<\/style>\n\t<\/div>\n\n\t\n<\/div>\n<div class=\"row align-middle align-center\"  id=\"row-1350486386\">\n\n\t<div id=\"col-1173169205\" class=\"col medium-8 large-8\"  data-animate=\"fadeInRight\">\n\t\t\t\t<div class=\"col-inner\"  >\n\t\t\t\n\t\t\t\n<h3 style=\"text-align: justify; margin-bottom: 10px; color:red\">LA CIRCOLAZIONE: IL \u201cCUORE\u201d DELLA RETE<\/h3>\n<p style=\"text-align: justify; margin-bottom: 10px;\">In questo nuovo modulo:<\/p>\n\t<div id=\"text-3016287849\" class=\"text\">\n\t\t\n<ul>\n<li>Conoscerai i <strong>processi formativi<\/strong> presenti nell\u2019ambito del processo di circolazione.<\/li>\n<li>Conoscerai i <strong>diversi compiti e ruoli<\/strong> all\u2019interno del processo di circolazione, scoprendo le caratteristiche personali e le soft skills che potranno esserti utili nello svolgimento del ruolo.<\/li>\n<li>Capirai come si articolano i nostri servizi di <strong>informazione e supporto alla clientela.<\/strong><\/li>\n<li>Conoscerai come \u00e8 gestita l\u2019<strong>emergenza<\/strong> in RFI e quali sono gli attori coinvolti nei processi di comunicazione.<\/li>\n<li>Scoprirai il concetto di <strong>innovazione<\/strong> e <strong>tecnologia<\/strong> nel contesto della circolazione, in un\u2019ottica di orientamento al futuro.<\/li>\n<li style=\"list-style-type: none;\">\u00a0<\/li>\n<\/ul>\n\t\t\n<style>\n#text-3016287849 {\n  color: rgb(0,0,0);\n}\n#text-3016287849 > * {\n  color: rgb(0,0,0);\n}\n<\/style>\n\t<\/div>\n\t\n\t\t<\/div>\n\t\t\t\t\n<style>\n#col-1173169205 > .col-inner {\n  padding: 0px 0px 0px 21px;\n}\n<\/style>\n\t<\/div>\n\n\t\n\n\t<div id=\"col-2066196215\" class=\"col medium-4 large-4\"  data-animate=\"blurIn\">\n\t\t\t\t<div class=\"col-inner\"  >\n\t\t\t\n\t\t\t\n\t<div class=\"img has-hover x md-x lg-x y md-y lg-y\" id=\"image_1228595964\">\n\t\t\t\t\t\t\t\t<div class=\"img-inner image-cover dark\" style=\"padding-top:397px;\">\n\t\t\t<img loading=\"lazy\" decoding=\"async\" width=\"1020\" height=\"683\" src=\"https:\/\/www.educazionedigitale.it\/rfipcto\/wp-content\/uploads\/2023\/05\/DSC_0161-1600x1071.jpg\" class=\"attachment-large size-large\" alt=\"\" srcset=\"https:\/\/www.educazionedigitale.it\/rfipcto\/wp-content\/uploads\/2023\/05\/DSC_0161-1600x1071.jpg 1600w, https:\/\/www.educazionedigitale.it\/rfipcto\/wp-content\/uploads\/2023\/05\/DSC_0161-800x536.jpg 800w, https:\/\/www.educazionedigitale.it\/rfipcto\/wp-content\/uploads\/2023\/05\/DSC_0161-768x514.jpg 768w, https:\/\/www.educazionedigitale.it\/rfipcto\/wp-content\/uploads\/2023\/05\/DSC_0161-1536x1028.jpg 1536w, https:\/\/www.educazionedigitale.it\/rfipcto\/wp-content\/uploads\/2023\/05\/DSC_0161-2048x1371.jpg 2048w\" sizes=\"auto, (max-width: 1020px) 100vw, 1020px\" \/>\t\t\t\t\t\t\n\t\t\t\t\t<\/div>\n\t\t\t\t\t\t\t\t\n<style>\n#image_1228595964 {\n  width: 100%;\n}\n<\/style>\n\t<\/div>\n\t\n\t\t<\/div>\n\t\t\t\t\t<\/div>\n\n\t\n<\/div>\n<div class=\"row align-middle align-center\"  id=\"row-507528192\">\n\n\t<div id=\"col-1550802530\" class=\"col medium-4 large-4\"  data-animate=\"blurIn\">\n\t\t\t\t<div class=\"col-inner\"  >\n\t\t\t\n\t\t\t\n\t<div class=\"img has-hover x md-x lg-x y md-y lg-y\" id=\"image_1762653059\">\n\t\t\t\t\t\t\t\t<div class=\"img-inner image-cover dark\" style=\"padding-top:257px;\">\n\t\t\t<img loading=\"lazy\" decoding=\"async\" width=\"1020\" height=\"426\" src=\"https:\/\/www.educazionedigitale.it\/rfipcto\/wp-content\/uploads\/2022\/05\/banner3.jpg\" class=\"attachment-large size-large\" alt=\"\" srcset=\"https:\/\/www.educazionedigitale.it\/rfipcto\/wp-content\/uploads\/2022\/05\/banner3.jpg 1481w, https:\/\/www.educazionedigitale.it\/rfipcto\/wp-content\/uploads\/2022\/05\/banner3-800x334.jpg 800w, https:\/\/www.educazionedigitale.it\/rfipcto\/wp-content\/uploads\/2022\/05\/banner3-768x320.jpg 768w\" sizes=\"auto, (max-width: 1020px) 100vw, 1020px\" \/>\t\t\t\t\t\t\n\t\t\t\t\t<\/div>\n\t\t\t\t\t\t\t\t\n<style>\n#image_1762653059 {\n  width: 100%;\n}\n<\/style>\n\t<\/div>\n\t\n\t\t<\/div>\n\t\t\t\t\t<\/div>\n\n\t\n\n\t<div id=\"col-1139971783\" class=\"col medium-8 large-8\"  data-animate=\"fadeInRight\">\n\t\t\t\t<div class=\"col-inner\"  >\n\t\t\t\n\t\t\t\n<h3 style=\"text-align: justify; margin-bottom: 10px; color:red\">L&#8217;INFRASTRUTTURA DELLA RETE<\/h3>\n<p style=\"text-align: justify; margin-bottom: 10px;\">In questo percorso:<\/p>\n\t<div id=\"text-3120991189\" class=\"text\">\n\t\t\n<ul style=\"text-align: justify;\">\n<li>Scoprirai gli <strong>elementi costitutivi<\/strong> dell\u2019infrastruttura ferroviaria<\/li>\n<li>Conoscerai il sistema dell\u2019<strong>Alta velocit\u00e0 <\/strong>in Italia<\/li>\n<li>Capirai <strong>come si muovono<\/strong> i treni<\/li>\n<li>Scoprirai come RFI lavora sugli <strong>impianti di sicurezza<\/strong> e di gestione del traffico<\/li>\n<li>Conoscerai i diversi <strong>ruoli<\/strong> all\u2019interno del processo di manutenzione<\/li>\n<\/ul>\n\t\t\n<style>\n#text-3120991189 {\n  color: rgb(0,0,0);\n}\n#text-3120991189 > * {\n  color: rgb(0,0,0);\n}\n<\/style>\n\t<\/div>\n\t\n\t\t<\/div>\n\t\t\t\t\n<style>\n#col-1139971783 > .col-inner {\n  padding: 0px 0px 0px 21px;\n}\n<\/style>\n\t<\/div>\n\n\t\n<\/div>\n\t\t<\/div>\n\n\t\t\n<style>\n#section_746321369 {\n  padding-top: 0;\n  padding-bottom: 0;\n  margin-bottom: 0px;\n}\n<\/style>\n\t<\/section>\n\t\n\t<div id=\"gap-386679071\" class=\"gap-element clearfix\" style=\"display:block; height:auto;\">\n\t\t\n<style>\n#gap-386679071 {\n  padding-top: 31px;\n}\n<\/style>\n\t<\/div>\n\t\n","protected":false},"excerpt":{"rendered":"","protected":false},"author":6,"featured_media":0,"parent":0,"menu_order":0,"comment_status":"closed","ping_status":"closed","template":"page-blank.php","meta":{"_monsterinsights_skip_tracking":false,"_monsterinsights_sitenote_active":false,"_monsterinsights_sitenote_note":"","_monsterinsights_sitenote_category":0,"footnotes":""},"class_list":["post-5795","page","type-page","status-publish","hentry"],"_links":{"self":[{"href":"https:\/\/www.educazionedigitale.it\/rfipcto\/wp-json\/wp\/v2\/pages\/5795","targetHints":{"allow":["GET"]}}],"collection":[{"href":"https:\/\/www.educazionedigitale.it\/rfipcto\/wp-json\/wp\/v2\/pages"}],"about":[{"href":"https:\/\/www.educazionedigitale.it\/rfipcto\/wp-json\/wp\/v2\/types\/page"}],"author":[{"embeddable":true,"href":"https:\/\/www.educazionedigitale.it\/rfipcto\/wp-json\/wp\/v2\/users\/6"}],"replies":[{"embeddable":true,"href":"https:\/\/www.educazionedigitale.it\/rfipcto\/wp-json\/wp\/v2\/comments?post=5795"}],"version-history":[{"count":3,"href":"https:\/\/www.educazionedigitale.it\/rfipcto\/wp-json\/wp\/v2\/pages\/5795\/revisions"}],"predecessor-version":[{"id":5835,"href":"https:\/\/www.educazionedigitale.it\/rfipcto\/wp-json\/wp\/v2\/pages\/5795\/revisions\/5835"}],"wp:attachment":[{"href":"https:\/\/www.educazionedigitale.it\/rfipcto\/wp-json\/wp\/v2\/media?parent=5795"}],"curies":[{"name":"wp","href":"https:\/\/api.w.org\/{rel}","templated":true}]}}