{"id":4296,"date":"2021-12-02T10:12:32","date_gmt":"2021-12-02T09:12:32","guid":{"rendered":"https:\/\/www.educazionedigitale.it\/scuolasalutecitta\/?page_id=4296"},"modified":"2022-05-13T11:01:51","modified_gmt":"2022-05-13T09:01:51","slug":"homepage-privata","status":"publish","type":"page","link":"https:\/\/www.educazionedigitale.it\/scuolasalutecitta\/","title":{"rendered":"Homepage"},"content":{"rendered":"\t<div id=\"gap-270099777\" class=\"gap-element clearfix\" style=\"display:block; height:auto;\">\n\t\t\n<style>\n#gap-270099777 {\n  padding-top: 110px;\n}\n<\/style>\n\t<\/div>\n\t\n\n  <div class=\"banner has-hover banner-home has-video\" id=\"banner-979001575\">\n          <div class=\"banner-inner fill\">\n        <div class=\"banner-bg fill\" >\n            <img loading=\"lazy\" decoding=\"async\" width=\"1020\" height=\"373\" src=\"https:\/\/www.educazionedigitale.it\/scuolasalutecitta\/wp-content\/uploads\/2021\/12\/bannernew-1600x585.png\" class=\"bg attachment-large size-large\" alt=\"\" \/>            \t<div class=\"video-overlay no-click fill hide-for-medium\"><\/div>\n\t<video class=\"video-bg fill hide-for-medium\" preload playsinline autoplay muted loop>\n\t\t<source src=\"https:\/\/www.educazionedigitale.it\/scuolasalutecitta\/wp-content\/uploads\/2021\/12\/banner2_1.mp4\" type=\"video\/mp4\">\t<\/video>\n                        \n                    <\/div>\n\t\t\n        <div class=\"banner-layers container\">\n            <div class=\"fill banner-link\"><\/div>            \n   <div id=\"text-box-1408531542\" class=\"text-box banner-layer x50 md-x50 lg-x50 y15 md-y15 lg-y15 res-text\">\n                     <div data-animate=\"fadeInLeft\">           <div class=\"text-box-content text dark\">\n              \n              <div class=\"text-inner text-right\">\n                  \n\t<div id=\"text-529816739\" class=\"text\">\n\t\t\n<p style=\"text-transform:uppercase; font-size:60px; line-height:1.5; letter-spacing:4px; *text-shadow:2px 2px 5px #000; margin-bottom:20px\">Scuola,<br \/>Salute, Citt\u00e0<\/p>\n\t\t\n<style>\n#text-529816739 {\n  color: rgb(128, 58, 58);\n}\n#text-529816739 > * {\n  color: rgb(128, 58, 58);\n}\n<\/style>\n\t<\/div>\n\t\n              <\/div>\n           <\/div>\n       <\/div>                     \n<style>\n#text-box-1408531542 {\n  width: 80%;\n}\n#text-box-1408531542 .text-box-content {\n  font-size: 107%;\n}\n@media (min-width:550px) {\n  #text-box-1408531542 {\n    width: 88%;\n  }\n}\n@media (min-width:850px) {\n  #text-box-1408531542 {\n    width: 100%;\n  }\n}\n<\/style>\n    <\/div>\n \n        <\/div>\n      <\/div>\n\n            \n<style>\n#banner-979001575 {\n  padding-top: 535px;\n}\n@media (min-width:550px) {\n  #banner-979001575 {\n    padding-top: 450px;\n  }\n}\n<\/style>\n  <\/div>\n\n\n<div class=\"row\"  id=\"row-1981823247\">\n\n\t<div id=\"col-1990762105\" class=\"col medium-8 large-8\"  >\n\t\t\t\t<div class=\"col-inner text-right\"  >\n\t\t\t\n\t\t\t\n\t<div id=\"gap-1704730351\" class=\"gap-element clearfix\" style=\"display:block; height:auto;\">\n\t\t\n<style>\n#gap-1704730351 {\n  padding-top: 19px;\n}\n<\/style>\n\t<\/div>\n\t\n<div class=\"big-title\" style=\" padding-bottom:5px; text-align:left\">L\u2019impegno di Fondazione The Bridge nelle scuole<\/div>\n<div style=\"height:2px; width:100%; background:#eee\"><\/div>\n\t<div id=\"gap-483609661\" class=\"gap-element clearfix\" style=\"display:block; height:auto;\">\n\t\t\n<style>\n#gap-483609661 {\n  padding-top: 30px;\n}\n<\/style>\n\t<\/div>\n\t\n<p style=\"text-align: justify; margin-bottom:10px;\">Fondazione the Bridge fin dalla sua nascita ha nei suoi scopi la promozione della salute con uno sguardo\u00a0 teso alla centralit\u00e0 della persona nei suoi vari setting: scuola, ambiente di lavoro, comunit\u00e0, servizi sanitari, citt\u00e0. <\/p>\n<p style=\"text-align: justify; margin-bottom:10px;\">In questa prospettiva, la salute a scuola \u00e8 da considerare un aspetto trasversale a molteplici ambiti scolastici:\u00a0 le politiche scolastiche, l\u2019ambiente fisico e sociale e i contenuti didattici formativi. La promozione della salute nelle scuole attraverso la conoscenza approfondita degli ambiti che toccano pi\u00f9 da vicino la comunit\u00e0 scolastica si sviluppa attraverso progetti specifici che coinvolgono sia i docenti che gli studenti delle scuole di ogni ordine e grado. <\/p>\n<a href=\"https:\/\/www.educazionedigitale.it\/scuolasalutecitta\/contenuti\" class=\"button primary custom-green\" >\n\t\t<span>Per saperne di pi\u00f9<\/span>\n\t<\/a>\n\n\t\t<\/div>\n\t\t\t\t\t<\/div>\n\n\t\n\n\t<div id=\"col-1293999084\" class=\"col medium-4 large-4\"  >\n\t\t\t\t<div class=\"col-inner\"  >\n\t\t\t\n\t\t\t\n\t<div id=\"gap-190842826\" class=\"gap-element clearfix\" style=\"display:block; height:auto;\">\n\t\t\n<style>\n#gap-190842826 {\n  padding-top: 65px;\n}\n<\/style>\n\t<\/div>\n\t\n<div style=\"width: 100%; height: auto; background:#FDEFCE; padding: 7px; border-radius: 0px; text-align:center; margin-top:0px\">\n<img decoding=\"async\" aligncenter size-full src=\"https:\/\/www.educazionedigitale.it\/scuolasalutecitta\/wp-content\/uploads\/2021\/12\/megaphone.png\" style=\"width:108px; margin-top:-70px; margin-bottom:22px\"\/><\/p>\n<div class=\"big-title\" style=\" padding-bottom:5px; text-align:center; margin-bottom:10px; font-size:30px; line-height:1.4em\"><strong>Invita un collega <br \/>a partecipare<br \/>all&#8217;iniziativa!<\/strong><\/div>\n<div style=\"height:2px; width:50%;background:#eee; margin:0 auto; \"><\/div>\n<div style=\"text-align:center; margin-bottom:0px; margin-top:20px; margin-bottom:40px\"><a href=\"#invita\"><img decoding=\"async\" src=\"https:\/\/www.educazionedigitale.it\/scuolasalutecitta\/wp-content\/uploads\/2021\/04\/mailbri.png\" width=\"60\" class=\"strumento-zoom\"\/><\/a>&nbsp;&nbsp;<a href=\"https:\/\/www.facebook.com\/sharer\/sharer.php?u=https:\/\/www.educazionedigitale.it\/scuolasalutecitt\u00e0\/registrazione\" target=\"_blank\" rel=\"noopener noreferrer\"><img decoding=\"async\" src=\"https:\/\/www.educazionedigitale.it\/scuolasalutecitta\/wp-content\/uploads\/2021\/04\/facebookbri.png\" width=\"60\" class=\"strumento-zoom\"\/><\/a>&nbsp;&nbsp;<a href=\"https:\/\/twitter.com\/intent\/tweet?url=https:\/\/www.educazionedigitale.it\/scuolasalutecitt\u00e0\/registrazione&#038;text=Registrati su EducazioneDigitale.it\" target=\"_blank\" rel=\"noopener noreferrer\"><img decoding=\"async\" src=\"https:\/\/www.educazionedigitale.it\/scuolasalutecitta\/wp-content\/uploads\/2021\/04\/twitterbri.png\" width=\"60\" class=\"strumento-zoom\"\/><\/a>&nbsp;&nbsp;<a href=\"https:\/\/api.whatsapp.com\/send?text=https:\/\/www.educazionedigitale.it\/scuolasalutecitt\u00e0\/registrazione\" target=\"_blank\" rel=\"noopener noreferrer\"><img decoding=\"async\" src=\"https:\/\/www.educazionedigitale.it\/scuolasalutecitta\/wp-content\/uploads\/2021\/04\/whatsappbri.png\" width=\"60\" class=\"strumento-zoom\"\/><\/a><\/div>\n<\/div>\n<\/div>\n\t\t<\/div>\n\t\t\t\t\t<\/div>\n\n\t\n<\/div>\n\t<div id=\"gap-1865236122\" class=\"gap-element clearfix\" style=\"display:block; height:auto;\">\n\t\t\n<style>\n#gap-1865236122 {\n  padding-top: 10px;\n}\n<\/style>\n\t<\/div>\n\t\n\n\t<section class=\"section\" id=\"section_595193569\">\n\t\t<div class=\"section-bg fill\" >\n\t\t\t<img loading=\"lazy\" decoding=\"async\" width=\"1280\" height=\"720\" src=\"https:\/\/www.educazionedigitale.it\/scuolasalutecitta\/wp-content\/uploads\/2021\/04\/fondosotto-stop.png\" class=\"bg attachment- size-\" alt=\"\" \/>\t\t\t\t<div class=\"video-overlay no-click fill hide-for-medium\"><\/div>\n\t<video class=\"video-bg fill hide-for-medium\" preload playsinline autoplay muted loop>\n\t\t<source src=\"https:\/\/www.educazionedigitale.it\/scuolasalutecitta\/wp-content\/uploads\/2021\/04\/fondosotto.mp4\" type=\"video\/mp4\">\t<\/video>\n\t\t\t\n\t\t\t\n\n\t\t<\/div>\n\n\t\t\n\n\t\t<div class=\"section-content relative\">\n\t\t\t\n<div class=\"row align-middle align-center\"  id=\"row-576804431\">\n\n\t<div id=\"col-478530594\" class=\"col small-12 large-12\"  >\n\t\t\t\t<div class=\"col-inner\"  >\n\t\t\t\n\t\t\t\n<div class=\"big-title\" style=\" padding-bottom:5px; text-align:center; margin-bottom:10px; font-size:30px; line-height:1.4em\"><strong>Cosa puoi trovare?<\/strong><\/div>\n<div style=\"height:2px; width:50%;background:#eee; margin:0 auto; \"><\/div>\n\t<div id=\"gap-175801916\" class=\"gap-element clearfix\" style=\"display:block; height:auto;\">\n\t\t\n<style>\n#gap-175801916 {\n  padding-top: 15px;\n}\n<\/style>\n\t<\/div>\n\t\n\t\t<\/div>\n\t\t\t\t\t<\/div>\n\n\t\n\n\t<div id=\"col-1819433026\" class=\"col strumento-zoom medium-4 small-12 large-4\"  data-animate=\"fadeInLeft\">\n\t\t\t\t<div class=\"col-inner\"  >\n\t\t\t\n\t\t\t\n\n\t<a class=\"plain\" href=\"https:\/\/www.educazionedigitale.it\/scuolasalutecitta\/risorse-insegnanti\/\" >\t<div class=\"icon-box featured-box icon-box-center text-center\"  >\n\t\t\t\t\t<div class=\"icon-box-img\" style=\"width: 280px\">\n\t\t\t\t<div class=\"icon\">\n\t\t\t\t\t<div class=\"icon-inner\" >\n\t\t\t\t\t\t<img loading=\"lazy\" decoding=\"async\" width=\"500\" height=\"500\" src=\"https:\/\/www.educazionedigitale.it\/scuolasalutecitta\/wp-content\/uploads\/2021\/12\/icona1.png\" class=\"attachment-medium size-medium\" alt=\"\" srcset=\"https:\/\/www.educazionedigitale.it\/scuolasalutecitta\/wp-content\/uploads\/2021\/12\/icona1.png 500w, https:\/\/www.educazionedigitale.it\/scuolasalutecitta\/wp-content\/uploads\/2021\/12\/icona1-340x340.png 340w\" sizes=\"auto, (max-width: 500px) 100vw, 500px\" \/>\t\t\t\t\t<\/div>\n\t\t\t\t<\/div>\n\t\t\t<\/div>\n\t\t\t\t<div class=\"icon-box-text last-reset\">\n\t\t\t\t\t\t\t\t\t\n<h3 style=\"letter-spacing:3px; color:rgb(128, 58, 58); font-size:110%\">RISORSE<br \/> PER I DOCENTI<\/h3>\n\t\t<\/div>\n\t<\/div>\n\t<\/a>\n\t\n\t\t<\/div>\n\t\t\t\t\t<\/div>\n\n\t\n\n\t<div id=\"col-732409585\" class=\"col strumento-zoom medium-4 small-12 large-4\"  data-animate=\"fadeInRight\">\n\t\t\t\t<div class=\"col-inner\"  >\n\t\t\t\n\t\t\t\n\n\t<a class=\"plain\" href=\"https:\/\/www.educazionedigitale.it\/scuolasalutecitta\/risorse-studenti\" >\t<div class=\"icon-box featured-box icon-box-center text-center\"  >\n\t\t\t\t\t<div class=\"icon-box-img\" style=\"width: 280px\">\n\t\t\t\t<div class=\"icon\">\n\t\t\t\t\t<div class=\"icon-inner\" >\n\t\t\t\t\t\t<img loading=\"lazy\" decoding=\"async\" width=\"500\" height=\"500\" src=\"https:\/\/www.educazionedigitale.it\/scuolasalutecitta\/wp-content\/uploads\/2021\/12\/icona2.png\" class=\"attachment-medium size-medium\" alt=\"\" srcset=\"https:\/\/www.educazionedigitale.it\/scuolasalutecitta\/wp-content\/uploads\/2021\/12\/icona2.png 500w, https:\/\/www.educazionedigitale.it\/scuolasalutecitta\/wp-content\/uploads\/2021\/12\/icona2-340x340.png 340w\" sizes=\"auto, (max-width: 500px) 100vw, 500px\" \/>\t\t\t\t\t<\/div>\n\t\t\t\t<\/div>\n\t\t\t<\/div>\n\t\t\t\t<div class=\"icon-box-text last-reset\">\n\t\t\t\t\t\t\t\t\t\n<h3 style=\"letter-spacing:3px; color:rgb(128, 58, 58); font-size:110%\">RISORSE PER GLI STUDENTI<br \/> DELLA SCUOLA SECONDARIA<\/h3>\n\t\t<\/div>\n\t<\/div>\n\t<\/a>\n\t\n\t\t<\/div>\n\t\t\t\t\t<\/div>\n\n\t\n<\/div>\n\t<div id=\"gap-1432123590\" class=\"gap-element clearfix\" style=\"display:block; height:auto;\">\n\t\t\n<style>\n#gap-1432123590 {\n  padding-top: 37px;\n}\n<\/style>\n\t<\/div>\n\t\n<div style=\"text-align: center; margin: 0 auto; background:rgba(0,0,0,0.65); padding:20px; margin-bottom:-15px\">\n<p style=\"color: #fff;\">Scopri tutti i progetti della piattaforma didattica Educazione Digitale<\/p>\n<p><a href=\"http:\/\/www.educazionedigitale.it\" target=\"_blank\" rel=\"noopener noreferrer\"><img loading=\"lazy\" decoding=\"async\" class=\"alignnone size-full wp-image-1169\" src=\"http:\/\/www.educazionedigitale.it\/didattica-english\/wp-content\/uploads\/2015\/03\/Educazione-digitale.png\" alt=\"Educazione Digitale\" width=\"220\" height=\"67\" \/><\/a>\n<\/div>\n\t\t<\/div>\n\n\t\t\n<style>\n#section_595193569 {\n  padding-top: 15px;\n  padding-bottom: 15px;\n}\n<\/style>\n\t<\/section>\n\t\n","protected":false},"excerpt":{"rendered":"","protected":false},"author":36,"featured_media":0,"parent":0,"menu_order":0,"comment_status":"closed","ping_status":"closed","template":"page-blank.php","meta":{"_monsterinsights_skip_tracking":false,"_monsterinsights_sitenote_active":false,"_monsterinsights_sitenote_note":"","_monsterinsights_sitenote_category":0,"footnotes":""},"class_list":["post-4296","page","type-page","status-publish","hentry"],"_links":{"self":[{"href":"https:\/\/www.educazionedigitale.it\/scuolasalutecitta\/wp-json\/wp\/v2\/pages\/4296","targetHints":{"allow":["GET"]}}],"collection":[{"href":"https:\/\/www.educazionedigitale.it\/scuolasalutecitta\/wp-json\/wp\/v2\/pages"}],"about":[{"href":"https:\/\/www.educazionedigitale.it\/scuolasalutecitta\/wp-json\/wp\/v2\/types\/page"}],"author":[{"embeddable":true,"href":"https:\/\/www.educazionedigitale.it\/scuolasalutecitta\/wp-json\/wp\/v2\/users\/36"}],"replies":[{"embeddable":true,"href":"https:\/\/www.educazionedigitale.it\/scuolasalutecitta\/wp-json\/wp\/v2\/comments?post=4296"}],"version-history":[{"count":3,"href":"https:\/\/www.educazionedigitale.it\/scuolasalutecitta\/wp-json\/wp\/v2\/pages\/4296\/revisions"}],"predecessor-version":[{"id":4433,"href":"https:\/\/www.educazionedigitale.it\/scuolasalutecitta\/wp-json\/wp\/v2\/pages\/4296\/revisions\/4433"}],"wp:attachment":[{"href":"https:\/\/www.educazionedigitale.it\/scuolasalutecitta\/wp-json\/wp\/v2\/media?parent=4296"}],"curies":[{"name":"wp","href":"https:\/\/api.w.org\/{rel}","templated":true}]}}