{"id":4307,"date":"2021-12-02T10:41:34","date_gmt":"2021-12-02T09:41:34","guid":{"rendered":"https:\/\/www.educazionedigitale.it\/scuolasalutecitta\/?page_id=4307"},"modified":"2021-12-06T15:11:23","modified_gmt":"2021-12-06T14:11:23","slug":"contenuti","status":"publish","type":"page","link":"https:\/\/www.educazionedigitale.it\/scuolasalutecitta\/contenuti\/","title":{"rendered":"Contenuti"},"content":{"rendered":"\t<div id=\"gap-1035588165\" class=\"gap-element clearfix\" style=\"display:block; height:auto;\">\n\t\t\n<style>\n#gap-1035588165 {\n  padding-top: 110px;\n}\n<\/style>\n\t<\/div>\n\t\n\n  <div class=\"banner has-hover banner-home\" id=\"banner-1316245578\">\n          <div class=\"banner-inner fill\">\n        <div class=\"banner-bg fill\" >\n            <img loading=\"lazy\" decoding=\"async\" width=\"1020\" height=\"117\" src=\"https:\/\/www.educazionedigitale.it\/scuolasalutecitta\/wp-content\/uploads\/2021\/12\/BANNERINT-contenuti-1600x183.png\" class=\"bg attachment-large size-large\" alt=\"\" \/>                                    \n                    <\/div>\n\t\t\n        <div class=\"banner-layers container\">\n            <div class=\"fill banner-link\"><\/div>            \n   <div id=\"text-box-959721231\" class=\"text-box banner-layer x10 md-x10 lg-x10 y50 md-y50 lg-y50 res-text\">\n                     <div data-animate=\"fadeInLeft\">           <div class=\"text-box-content text dark\">\n              \n              <div class=\"text-inner text-left\">\n                  \n              <\/div>\n           <\/div>\n       <\/div>                     \n<style>\n#text-box-959721231 {\n  width: 60%;\n}\n#text-box-959721231 .text-box-content {\n  font-size: 100%;\n}\n@media (min-width:550px) {\n  #text-box-959721231 {\n    width: 80%;\n  }\n}\n<\/style>\n    <\/div>\n \n        <\/div>\n      <\/div>\n\n            \n<style>\n#banner-1316245578 {\n  padding-top: 200px;\n}\n<\/style>\n  <\/div>\n\n\n\n\t<section class=\"section\" id=\"section_751562006\">\n\t\t<div class=\"section-bg fill\" >\n\t\t\t\t\t\t\t\t\t\n\t\t\t\n\n\t\t<\/div>\n\n\t\t\n\n\t\t<div class=\"section-content relative\">\n\t\t\t\n<div class=\"row align-middle align-center\"  id=\"row-1671317384\">\n\n\t<div id=\"col-1881301493\" class=\"col small-12 large-12\"  >\n\t\t\t\t<div class=\"col-inner\"  >\n\t\t\t\n\t\t\t\n<div class=\"big-title\" style=\" padding-bottom:5px;\">MA SEI FUORI?<br \/>Iniziativa rivolta alle Scuole Secondarie di II grado<\/div>\n<div style=\"height:2px; width:100%; background:#eee\"><\/div>\n\t\t<\/div>\n\t\t\t\t\n<style>\n#col-1881301493 > .col-inner {\n  margin: 0px 0px -5px 0px;\n}\n<\/style>\n\t<\/div>\n\n\t\n\n\t<div id=\"col-2060618598\" class=\"col small-12 large-12\"  >\n\t\t\t\t<div class=\"col-inner\"  >\n\t\t\t\n\t\t\t\n<p style=\"text-align: justify; margin-bottom: 0px;\">Il progetto curato da <strong>Fondazione the Bridge con il sostegno di Angelini Pharma<\/strong> ha l\u2019obiettivo di <strong>far conoscere e riconoscere le patologie mentali impattanti sul mondo giovanile<\/strong>, soprattutto in termini di esordio e cura, di sensibilizzare rispetto allo stigma nei confronti delle persone affette e di interiorizzare un nuovo linguaggio e un nuovo approccio che riconoscano la dignit\u00e0 di malato in chi ne soffre attraverso l\u2019abbattimento della stigmatizzazione e del pregiudizi.<\/p>\n\t\t<\/div>\n\t\t\t\t\t<\/div>\n\n\t\n\n\t<div id=\"col-611206085\" class=\"col medium-4 small-12 large-4\"  data-animate=\"fadeInLeft\">\n\t\t\t\t<div class=\"col-inner\"  >\n\t\t\t\n\t\t\t\n\t<div class=\"img has-hover x md-x lg-x y md-y lg-y\" id=\"image_1215090596\">\n\t\t\t\t\t\t\t\t<div class=\"img-inner dark\" >\n\t\t\t<img loading=\"lazy\" decoding=\"async\" width=\"1020\" height=\"680\" src=\"https:\/\/www.educazionedigitale.it\/scuolasalutecitta\/wp-content\/uploads\/2021\/12\/sad-man-holding-head-with-hand-1600x1067.jpg\" class=\"attachment-large size-large\" alt=\"\" srcset=\"https:\/\/www.educazionedigitale.it\/scuolasalutecitta\/wp-content\/uploads\/2021\/12\/sad-man-holding-head-with-hand-1600x1067.jpg 1600w, https:\/\/www.educazionedigitale.it\/scuolasalutecitta\/wp-content\/uploads\/2021\/12\/sad-man-holding-head-with-hand-800x533.jpg 800w, https:\/\/www.educazionedigitale.it\/scuolasalutecitta\/wp-content\/uploads\/2021\/12\/sad-man-holding-head-with-hand-768x512.jpg 768w, https:\/\/www.educazionedigitale.it\/scuolasalutecitta\/wp-content\/uploads\/2021\/12\/sad-man-holding-head-with-hand-1536x1024.jpg 1536w, https:\/\/www.educazionedigitale.it\/scuolasalutecitta\/wp-content\/uploads\/2021\/12\/sad-man-holding-head-with-hand-2048x1366.jpg 2048w\" sizes=\"auto, (max-width: 1020px) 100vw, 1020px\" \/>\t\t\t\t\t\t\n\t\t\t\t\t<\/div>\n\t\t\t\t\t\t\t\t\n<style>\n#image_1215090596 {\n  width: 100%;\n}\n<\/style>\n\t<\/div>\n\t\n\t\t<\/div>\n\t\t\t\t\t<\/div>\n\n\t\n\n\t<div id=\"col-1472143089\" class=\"col medium-8 small-12 large-8\"  >\n\t\t\t\t<div class=\"col-inner\"  >\n\t\t\t\n\t\t\t\n<p style=\"text-align:justify; margin-bottom:0px\">I disturbi mentali fanno spesso precipitare gli individui e le loro famiglie in una condizione di solitudine e isolamento, fino ad arrivare a condizione di povert\u00e0 economica e sociale. Essi, inoltre, non vengono considerati dai pi\u00f9 al pari di altre patologie ma vengono letti come stranezze, spesso pericolose.<br \/>\nA causa della stigmatizzazione e della discriminazione, talvolta le persone con disturbo mentale perdono \u2013 anche se non definitivamente &#8211; i propri diritti umani in termini economici, sociali e culturali. <\/p>\n\t\t<\/div>\n\t\t\t\t\t<\/div>\n\n\t\n\n\t<div id=\"col-1735204107\" class=\"col small-12 large-12\"  >\n\t\t\t\t<div class=\"col-inner\"  >\n\t\t\t\n\t\t\t\n<p style=\"text-align:justify; margin-bottom:0px\">Alcune malattie mentali tra le pi\u00f9 invalidanti, se non curate, quali schizofrenia e bipolarismo hanno il loro esordio in et\u00e0 adolescenziale ma nella maggioranza dei casi i sintomi non vengono letti,  e le \u201cstranezze\u201d di chi ne viene colpito portano per\u00f2 spesso all\u2019isolamento e ad atti di bullismo. <\/p>\n\t\t<\/div>\n\t\t\t\t\t<\/div>\n\n\t\n\n\t<div id=\"col-594366321\" class=\"col medium-8 small-12 large-8\"  >\n\t\t\t\t<div class=\"col-inner\"  >\n\t\t\t\n\t\t\t\n<p style=\"text-align: justify; margin-bottom: 0px;\">Il percorso del progetto <strong>Ma sei fuori?<\/strong> \u00e8 focalizzato sullo stigma nei confronti di chi soffre di schizofrenia, patologia molto impattante ma poco conosciuta che ha i primi sintomi nell\u2019et\u00e0 adolescenziale; per rendere efficaci la cura e la presa in carico dei soggetti schizofrenici soprattutto in giovane et\u00e0 \u00e8, anche in questo caso, fondamentale non sovrapporre i comportamenti patologici con le normali crisi evolutive fisiologiche e umorali.<\/p>\n\t\t<\/div>\n\t\t\t\t\t<\/div>\n\n\t\n\n\t<div id=\"col-1910180273\" class=\"col medium-4 small-12 large-4\"  data-animate=\"fadeInRight\">\n\t\t\t\t<div class=\"col-inner\"  >\n\t\t\t\n\t\t\t\n\t<div class=\"img has-hover x md-x lg-x y md-y lg-y\" id=\"image_1088273622\">\n\t\t\t\t\t\t\t\t<div class=\"img-inner image-cover dark\" style=\"padding-top:50%;\">\n\t\t\t<img loading=\"lazy\" decoding=\"async\" width=\"1020\" height=\"680\" src=\"https:\/\/www.educazionedigitale.it\/scuolasalutecitta\/wp-content\/uploads\/2021\/12\/man-sitting-psychologist-s-office-talking-about-problems-1600x1067.jpg\" class=\"attachment-large size-large\" alt=\"\" srcset=\"https:\/\/www.educazionedigitale.it\/scuolasalutecitta\/wp-content\/uploads\/2021\/12\/man-sitting-psychologist-s-office-talking-about-problems-1600x1067.jpg 1600w, https:\/\/www.educazionedigitale.it\/scuolasalutecitta\/wp-content\/uploads\/2021\/12\/man-sitting-psychologist-s-office-talking-about-problems-800x533.jpg 800w, https:\/\/www.educazionedigitale.it\/scuolasalutecitta\/wp-content\/uploads\/2021\/12\/man-sitting-psychologist-s-office-talking-about-problems-768x512.jpg 768w, https:\/\/www.educazionedigitale.it\/scuolasalutecitta\/wp-content\/uploads\/2021\/12\/man-sitting-psychologist-s-office-talking-about-problems-1536x1024.jpg 1536w, https:\/\/www.educazionedigitale.it\/scuolasalutecitta\/wp-content\/uploads\/2021\/12\/man-sitting-psychologist-s-office-talking-about-problems-2048x1365.jpg 2048w\" sizes=\"auto, (max-width: 1020px) 100vw, 1020px\" \/>\t\t\t\t\t\t\n\t\t\t\t\t<\/div>\n\t\t\t\t\t\t\t\t\n<style>\n#image_1088273622 {\n  width: 100%;\n}\n<\/style>\n\t<\/div>\n\t\n\t\t<\/div>\n\t\t\t\t\t<\/div>\n\n\t\n\n\t<div id=\"col-1825825688\" class=\"col small-12 large-12\"  >\n\t\t\t\t<div class=\"col-inner\"  >\n\t\t\t\n\t\t\t\n<p style=\"text-align:justify; margin-bottom:0px\">Il progetto \u00e8 iniziato nel 2020 con un concorso per i docenti e gli studenti avente ad oggetto la creazione di uno slogan che abbattesse lo stigma ed \u00e8 proseguito nel 2021 con un seminario di approfondimento sul tema e con le videolezioni con autori particolarmente focalizzati sulla letteratura per o sui ragazzi.<\/p>\n\t\t<\/div>\n\t\t\t\t\n<style>\n#col-1825825688 > .col-inner {\n  margin: 0px 0px -50px 0px;\n}\n<\/style>\n\t<\/div>\n\n\t\n<\/div>\n\t\t<\/div>\n\n\t\t\n<style>\n#section_751562006 {\n  padding-top: 30px;\n  padding-bottom: 30px;\n}\n<\/style>\n\t<\/section>\n\t\n\n\t<section class=\"section\" id=\"section_2129340807\">\n\t\t<div class=\"section-bg fill\" >\n\t\t\t\t\t\t\t\t\t\n\t\t\t\n\n\t\t<\/div>\n\n\t\t\n\n\t\t<div class=\"section-content relative\">\n\t\t\t\n<div class=\"row align-middle align-center\"  id=\"row-1828559247\">\n\n\t<div id=\"col-1307756594\" class=\"col small-12 large-12\"  >\n\t\t\t\t<div class=\"col-inner\"  >\n\t\t\t\n\t\t\t\n<div class=\"big-title\" style=\" padding-bottom:5px;\">PROGETTO SALUTE NELLE SCUOLE.<br \/>Iniziativa rivolta ai docenti della scuola Primaria e Secondaria di I grado<\/div>\n<div style=\"height:2px; width:100%; background:#eee\"><\/div>\n\t\t<\/div>\n\t\t\t\t\t<\/div>\n\n\t\n\n\t<div id=\"col-1678007916\" class=\"col medium-4 small-12 large-4\"  data-animate=\"fadeInLeft\">\n\t\t\t\t<div class=\"col-inner\"  >\n\t\t\t\n\t\t\t\n\t<div class=\"img has-hover x md-x lg-x y md-y lg-y\" id=\"image_338374658\">\n\t\t\t\t\t\t\t\t<div class=\"img-inner image-cover dark\" style=\"padding-top:50%;\">\n\t\t\t<img loading=\"lazy\" decoding=\"async\" width=\"1020\" height=\"680\" src=\"https:\/\/www.educazionedigitale.it\/scuolasalutecitta\/wp-content\/uploads\/2021\/12\/little-girl-disinfecting-her-hands-1600x1067.jpg\" class=\"attachment-large size-large\" alt=\"\" srcset=\"https:\/\/www.educazionedigitale.it\/scuolasalutecitta\/wp-content\/uploads\/2021\/12\/little-girl-disinfecting-her-hands-1600x1067.jpg 1600w, https:\/\/www.educazionedigitale.it\/scuolasalutecitta\/wp-content\/uploads\/2021\/12\/little-girl-disinfecting-her-hands-800x533.jpg 800w, https:\/\/www.educazionedigitale.it\/scuolasalutecitta\/wp-content\/uploads\/2021\/12\/little-girl-disinfecting-her-hands-768x512.jpg 768w, https:\/\/www.educazionedigitale.it\/scuolasalutecitta\/wp-content\/uploads\/2021\/12\/little-girl-disinfecting-her-hands-1536x1024.jpg 1536w, https:\/\/www.educazionedigitale.it\/scuolasalutecitta\/wp-content\/uploads\/2021\/12\/little-girl-disinfecting-her-hands-2048x1365.jpg 2048w\" sizes=\"auto, (max-width: 1020px) 100vw, 1020px\" \/>\t\t\t\t\t\t\n\t\t\t\t\t<\/div>\n\t\t\t\t\t\t\t\t\n<style>\n#image_338374658 {\n  width: 100%;\n}\n<\/style>\n\t<\/div>\n\t\n\t\t<\/div>\n\t\t\t\t\t<\/div>\n\n\t\n\n\t<div id=\"col-1658479201\" class=\"col medium-8 small-12 large-8\"  >\n\t\t\t\t<div class=\"col-inner\"  >\n\t\t\t\n\t\t\t\n<p style=\"text-align:justify; margin-bottom:0px\">Il periodo pandemico da Covid-19, ancora in corso, ha reso evidente in pi\u00f9 di un\u2019occasione l\u2019importanza di una sinergia tra tutti i soggetti coinvolti nel sistema salute, sinergia che deve trovare nel territorio la sua massima espressione, con un\u2019organizzazione a rete che sia condivisa, flessibile e in grado di garantire l\u2019accesso ai migliori servizi per tutti i cittadini.<\/p>\n\t\t<\/div>\n\t\t\t\t\t<\/div>\n\n\t\n\n\t<div id=\"col-1327830890\" class=\"col small-12 large-12\"  >\n\t\t\t\t<div class=\"col-inner\"  >\n\t\t\t\n\t\t\t\n<p style=\"text-align:justify; margin-bottom:0px\">Perch\u00e9 questa esigenza sia declinabile non si pu\u00f2 prescindere da un approccio multidisciplinare che veda anche coinvolti in modo pi\u00f9 intenso gli Enti Locali pi\u00f9 prossimi ai cittadini. <\/p>\n\t\t<\/div>\n\t\t\t\t\t<\/div>\n\n\t\n\n\t<div id=\"col-626488917\" class=\"col medium-8 small-12 large-8\"  >\n\t\t\t\t<div class=\"col-inner\"  >\n\t\t\t\n\t\t\t\n<p style=\"text-align: justify; margin-bottom: 10px;\">Consapevoli che La scuola sia uno dei soggetti cruciali per lo sviluppo di questo approccio, <strong>Fondazione the Bridge<\/strong> attraverso il progetto <strong>Salute nelle scuole<\/strong> si propone di chiamare le scuole ad un percorso di <strong>riflessione comune e di presa di coscienza<\/strong> del ruolo che sempre pi\u00f9 saranno chiamate a svolgere con un focus principale sulla <strong>medicina scolastica<\/strong>.<\/p>\n<p style=\"text-align: justify; margin-bottom: 0px;\">Si desidera con il presente percorso aiutare la scuola a prepararsi per divenire uno dei soggetti chiave per la promozione della salute verso i pi\u00f9 giovani sui temi quali stili di vita, alimentazione, nutrizione \/ dipendenze, salute mentale, disturbi alimentari \/ disabilit\u00e0 e inclusione \/ affettivit\u00e0 \/ prevenzione delle malattie infettive, vaccinazioni.<\/p>\n\t\t<\/div>\n\t\t\t\t\t<\/div>\n\n\t\n\n\t<div id=\"col-1370332133\" class=\"col medium-4 small-12 large-4\"  data-animate=\"fadeInRight\">\n\t\t\t\t<div class=\"col-inner\"  >\n\t\t\t\n\t\t\t\n\t<div class=\"img has-hover x md-x lg-x y md-y lg-y\" id=\"image_1306811014\">\n\t\t\t\t\t\t\t\t<div class=\"img-inner dark\" >\n\t\t\t<img loading=\"lazy\" decoding=\"async\" width=\"1020\" height=\"680\" src=\"https:\/\/www.educazionedigitale.it\/scuolasalutecitta\/wp-content\/uploads\/2021\/12\/people-circle-group-therapy-session-1600x1067.jpg\" class=\"attachment-large size-large\" alt=\"\" srcset=\"https:\/\/www.educazionedigitale.it\/scuolasalutecitta\/wp-content\/uploads\/2021\/12\/people-circle-group-therapy-session-1600x1067.jpg 1600w, https:\/\/www.educazionedigitale.it\/scuolasalutecitta\/wp-content\/uploads\/2021\/12\/people-circle-group-therapy-session-800x533.jpg 800w, https:\/\/www.educazionedigitale.it\/scuolasalutecitta\/wp-content\/uploads\/2021\/12\/people-circle-group-therapy-session-768x512.jpg 768w, https:\/\/www.educazionedigitale.it\/scuolasalutecitta\/wp-content\/uploads\/2021\/12\/people-circle-group-therapy-session-1536x1024.jpg 1536w, https:\/\/www.educazionedigitale.it\/scuolasalutecitta\/wp-content\/uploads\/2021\/12\/people-circle-group-therapy-session-2048x1365.jpg 2048w\" sizes=\"auto, (max-width: 1020px) 100vw, 1020px\" \/>\t\t\t\t\t\t\n\t\t\t\t\t<\/div>\n\t\t\t\t\t\t\t\t\n<style>\n#image_1306811014 {\n  width: 100%;\n}\n<\/style>\n\t<\/div>\n\t\n\t\t<\/div>\n\t\t\t\t\t<\/div>\n\n\t\n\n\t<div id=\"col-489428749\" class=\"col small-12 large-12\"  >\n\t\t\t\t<div class=\"col-inner\"  >\n\t\t\t\n\t\t\t\n<p style=\"text-align:justify; margin-bottom:0px\">\nCome punto iniziale il progetto ha il compito di indagare il pensiero e la conoscenza della salute nella scuola attraverso la survey ai docenti, ai genitori e ai sindaci e di fornire strumenti di conoscenza pi\u00f9 approfonditi sul tema che spingano ad una maggior consapevolezza i soggetti protagonisti del cambiamento.<\/p>\n\t\t<\/div>\n\t\t\t\t\t<\/div>\n\n\t\n<\/div>\n\t\t<\/div>\n\n\t\t\n<style>\n#section_2129340807 {\n  padding-top: 30px;\n  padding-bottom: 30px;\n}\n<\/style>\n\t<\/section>\n\t\n","protected":false},"excerpt":{"rendered":"","protected":false},"author":36,"featured_media":0,"parent":0,"menu_order":0,"comment_status":"closed","ping_status":"closed","template":"page-blank.php","meta":{"_monsterinsights_skip_tracking":false,"_monsterinsights_sitenote_active":false,"_monsterinsights_sitenote_note":"","_monsterinsights_sitenote_category":0,"footnotes":""},"class_list":["post-4307","page","type-page","status-publish","hentry"],"_links":{"self":[{"href":"https:\/\/www.educazionedigitale.it\/scuolasalutecitta\/wp-json\/wp\/v2\/pages\/4307","targetHints":{"allow":["GET"]}}],"collection":[{"href":"https:\/\/www.educazionedigitale.it\/scuolasalutecitta\/wp-json\/wp\/v2\/pages"}],"about":[{"href":"https:\/\/www.educazionedigitale.it\/scuolasalutecitta\/wp-json\/wp\/v2\/types\/page"}],"author":[{"embeddable":true,"href":"https:\/\/www.educazionedigitale.it\/scuolasalutecitta\/wp-json\/wp\/v2\/users\/36"}],"replies":[{"embeddable":true,"href":"https:\/\/www.educazionedigitale.it\/scuolasalutecitta\/wp-json\/wp\/v2\/comments?post=4307"}],"version-history":[{"count":3,"href":"https:\/\/www.educazionedigitale.it\/scuolasalutecitta\/wp-json\/wp\/v2\/pages\/4307\/revisions"}],"predecessor-version":[{"id":4391,"href":"https:\/\/www.educazionedigitale.it\/scuolasalutecitta\/wp-json\/wp\/v2\/pages\/4307\/revisions\/4391"}],"wp:attachment":[{"href":"https:\/\/www.educazionedigitale.it\/scuolasalutecitta\/wp-json\/wp\/v2\/media?parent=4307"}],"curies":[{"name":"wp","href":"https:\/\/api.w.org\/{rel}","templated":true}]}}