{"id":531,"date":"2015-03-13T15:30:41","date_gmt":"2015-03-13T14:30:41","guid":{"rendered":"http:\/\/www.educazionedigitale.it\/sealifeperlascuola\/?page_id=531"},"modified":"2024-06-14T18:05:37","modified_gmt":"2024-06-14T16:05:37","slug":"sealife","status":"publish","type":"page","link":"https:\/\/www.educazionedigitale.it\/sealifeperlascuola\/sealife\/","title":{"rendered":"Sea Life"},"content":{"rendered":"<div style=\"border-top: 6px solid #ffffff; margin: 0; padding: 0;\"><\/div>\n\n\t<section class=\"section\" id=\"section_1809078714\">\n\t\t<div class=\"section-bg fill\" >\n\t\t\t\t\t\t\t\t\t\n\t\t\t\n\n\t\t<\/div>\n\n\t\t\n\n\t\t<div class=\"section-content relative\">\n\t\t\t\n<div class=\"row\"  id=\"row-2065591359\">\n\n\t<div id=\"col-356467434\" class=\"col large-12\"  >\n\t\t\t\t<div class=\"col-inner\"  >\n\t\t\t\n\t\t\t\n<h1>In poche parole\u2026<\/h1>\n\t\t<\/div>\n\t\t\t\t\t<\/div>\n\n\t\n\n\t<div id=\"col-1781561000\" class=\"col medium-4 large-4\"  >\n\t\t\t\t<div class=\"col-inner\"  >\n\t\t\t\n\t\t\t\n<div style=\"padding: 15px 15px 0px 15px; text-align: justify;\"><img decoding=\"async\" class=\"alignnone size-full wp-image-3114\" src=\"http:\/\/www.educazionedigitale.it\/sealifeperlascuola\/wp-content\/uploads\/2019\/02\/esperienza-ok.png\" alt=\"\" width=\"100%\" height=\"auto\" \/><\/p>\n\t<div id=\"gap-1995084012\" class=\"gap-element clearfix\" style=\"display:block; height:auto;\">\n\t\t\n<style>\n#gap-1995084012 {\n  padding-top: 20px;\n}\n<\/style>\n\t<\/div>\n\t\n<\/div>\n<h1>STUPORE<\/h1>\n<p style=\"text-align: left;\">Gli Acquari SEA LIFE creano <strong><span style=\"color: #337ab7;\">esperienze che sorprendono<\/span><\/strong> i visitatori, facendoli immergere nella magia del mondo sottomarino.<\/p>\n\t\t<\/div>\n\t\t\t\t\t<\/div>\n\n\t\n\n\t<div id=\"col-1259925653\" class=\"col medium-4 large-4\"  >\n\t\t\t\t<div class=\"col-inner\"  >\n\t\t\t\n\t\t\t\n<div style=\"padding: 15px 15px 0px 15px; text-align: justify;\"><img decoding=\"async\" class=\"alignnone size-full wp-image-3115\" src=\"http:\/\/www.educazionedigitale.it\/sealifeperlascuola\/wp-content\/uploads\/2019\/02\/community-ok.png\" alt=\"\" width=\"100%\" height=\"auto\" \/><\/p>\n\t<div id=\"gap-439578468\" class=\"gap-element clearfix\" style=\"display:block; height:auto;\">\n\t\t\n<style>\n#gap-439578468 {\n  padding-top: 20px;\n}\n<\/style>\n\t<\/div>\n\t\n<\/div>\n<h1>ISPIRAZIONE<\/h1>\n<p style=\"text-align: left;\">SEA LIFE \u00e8 sempre alla ricerca di <strong><span style=\"color: #337ab7;\">modi entusiasmanti per insegnare a bambini e ragazzi<\/span><\/strong>, per coinvolgerli e aiutarli a capire il loro importante ruolo nella <strong><span style=\"color: #337ab7;\">protezione della vita dei mari<\/span><\/strong>.<\/p>\n\t\t<\/div>\n\t\t\t\t\t<\/div>\n\n\t\n\n\t<div id=\"col-1447275655\" class=\"col medium-4 large-4\"  >\n\t\t\t\t<div class=\"col-inner\"  >\n\t\t\t\n\t\t\t\n<div style=\"padding: 15px 15px 0px 15px; text-align: justify;\"><img decoding=\"async\" class=\"alignnone size-full wp-image-3116\" src=\"http:\/\/www.educazionedigitale.it\/sealifeperlascuola\/wp-content\/uploads\/2019\/02\/biodiversita-ok.png\" alt=\"\" width=\"100%\" height=\"auto\" \/><\/p>\n\t<div id=\"gap-1224041832\" class=\"gap-element clearfix\" style=\"display:block; height:auto;\">\n\t\t\n<style>\n#gap-1224041832 {\n  padding-top: 20px;\n}\n<\/style>\n\t<\/div>\n\t\n<\/div>\n<h1>PROFONDIT\u00c0 E PASSIONE<\/h1>\n<p style=\"text-align: left;\">SEA LIFE \u00e8 un <span style=\"color: #337ab7;\"><strong>amore incondizionato per il mare<\/strong><\/span>, che assume svariate forme, dalla conservazione delle specie all\u2019informazione e sensibilizzazione, affinch\u00e9 chiunque possa imparare a conoscere e rispettare questo affascinante mondo.<\/p>\n\t\t<\/div>\n\t\t\t\t\t<\/div>\n\n\t\n<\/div>\n\t\t<\/div>\n\n\t\t\n<style>\n#section_1809078714 {\n  padding-top: 0;\n  padding-bottom: 0;\n  margin-bottom: 0px;\n  background-color: #a9dcf7;\n}\n<\/style>\n\t<\/section>\n\t\n<div style=\"border-top: 6px solid #ffffff; margin: 0; padding: 0;\"><\/div>\n\n\t<section class=\"section\" id=\"section_288640492\">\n\t\t<div class=\"section-bg fill\" >\n\t\t\t<img loading=\"lazy\" decoding=\"async\" width=\"2000\" height=\"394\" src=\"https:\/\/www.educazionedigitale.it\/sealifeperlascuola\/wp-content\/uploads\/2018\/12\/SECTION-storia.jpg\" class=\"bg attachment- size-\" alt=\"\" \/>\t\t\t\t\t\t\n\t\t\t\n\n\t\t<\/div>\n\n\t\t\n\n\t\t<div class=\"section-content relative\">\n\t\t\t\n<div class=\"row\"  id=\"row-25361276\">\n\n\t<div id=\"col-1269269931\" class=\"col large-12\"  >\n\t\t\t\t<div class=\"col-inner\"  >\n\t\t\t\n\t\t\t\n<h1><span style=\"color: #ffffff;\">40 anni di storia<\/span><\/h1>\n<p style=\"text-align: justify;\"><span style=\"color: #ffffff;\">Ne \u00e8 stata fatta di strada da quando il primo SEA LIFE ha aperto nel 1979 a Loch Creran, vicino a Oban, in Scozia: all\u2019epoca molti acquari mostravano solo pesci tropicali, tenuti in piccole vasche e in cupe stanze oblunghe.\u00a0<strong>SEA LIFE ha rotto gli schemi introducendo evocative vasche tematizzate e ospitando creature provenienti dai mari locali<\/strong>.<br \/>\nI visitatori rimasero colpiti dalla variet\u00e0 di specie e dalle strane e affascinanti caratteristiche. Con\u00a0<strong>oltre 40 strutture presenti in 11 paesi<\/strong>, il network SEA LIFE ospita pi\u00f9 di 100.000 creature, e, oggi, \u00e8 a buon diritto la pi\u00f9 grande catena di acquari del mondo.<\/span><\/p>\n\t\t<\/div>\n\t\t\t\t\t<\/div>\n\n\t\n<\/div>\n\t\t<\/div>\n\n\t\t\n<style>\n#section_288640492 {\n  padding-top: 30px;\n  padding-bottom: 30px;\n}\n<\/style>\n\t<\/section>\n\t\n<div style=\"border-top: 6px solid #ffffff; margin: 0; padding: 0;\"><\/div>\n\n\t<section class=\"section\" id=\"section_1447430596\">\n\t\t<div class=\"section-bg fill\" >\n\t\t\t\t\t\t\t\t\t\n\t\t\t\n\n\t\t<\/div>\n\n\t\t\n\n\t\t<div class=\"section-content relative\">\n\t\t\t\n<div class=\"row\"  id=\"row-861516116\">\n\n\t<div id=\"col-10490821\" class=\"col large-12\"  >\n\t\t\t\t<div class=\"col-inner\"  >\n\t\t\t\n\t\t\t\n<h1><span style=\"color: #ffffff;\">Gli Acquari SEA LIFE in Italia<\/span><\/h1>\n\t\t<\/div>\n\t\t\t\t\t<\/div>\n\n\t\n\t<div id=\"gap-1517873463\" class=\"gap-element clearfix\" style=\"display:block; height:auto;\">\n\t\t\n<style>\n#gap-1517873463 {\n  padding-top: 20px;\n}\n<\/style>\n\t<\/div>\n\t\n\n\t<div id=\"col-1079075645\" class=\"col medium-6 large-6\"  >\n\t\t\t\t<div class=\"col-inner\"  >\n\t\t\t\n\t\t\t\n<p style=\"text-align: center;\"><img decoding=\"async\" class=\"alignnone size-full wp-image-3291\" src=\"http:\/\/www.educazionedigitale.it\/sealifeperlascuola\/wp-content\/uploads\/2019\/02\/logoGSL_bianco-ok.png\" alt=\"\" width=\"50%\" \/><\/p>\n<p style=\"text-align: justify;\"><span style=\"color: #ffffff;\"><strong>Gardaland SEA LIFE Aquarium<\/strong>,<strong> nato nel 2008<\/strong>, \u00e8 un\u2019innovativa struttura, esterna al Parco Gardaland, in cui la pi\u00f9 che trentennale esperienza dei Centri SEA LIFE internazionali si abbina perfettamente alla tradizionale cura e attenzione al dettaglio di Gardaland Park.<br \/>\n<strong>In questo coinvolgente Acquario tematizzato<\/strong>, importante esposizione di biodiversit\u00e0,<strong>sono ricostruiti diversi ecosistemi naturali<\/strong>\u00a0che si susseguono, idealmente, in un percorso dalle acque di montagna al Lago di Garda, per poi passare al Mar Mediterraneo, ai mari tropicali e ai grandi oceani.<br \/>\n<strong>Studiare da vicino<\/strong>\u00a0le migliaia di creature che popolano le acque di fiumi, laghi, mari e oceani,\u00a0<strong>osservare la vita sottomarina<\/strong>\u00a0attraverso cupole trasparenti,\u00a0<strong>conoscere, insieme a esperti biologi, alcuni esemplari di mammiferi marini<\/strong>\u00a0e svariate specie di pesci, <strong>analizzare<\/strong>\u00a0l\u2019elemento in cui vivono e le loro diverse strategie di sopravvivenza, scoprire come da un antichissimo ghiacciaio sia nato il Lago di Garda\u2026 queste sono solo alcune delle straordinarie attivit\u00e0 che i bambini e i ragazzi delle scuole di ogni ordine e grado vivranno a Gardaland SEA LIFE Aquarium e che contribuiscono a rendere la loro visita una proposta di <strong>elevato valore didattico<\/strong>; potranno essere scelte <strong>soluzioni interdisciplinari diverse in base ai programmi svolti in classe e al tempo a disposizione<\/strong><\/span>.<\/p>\n\t\t<\/div>\n\t\t\t\t\t<\/div>\n\n\t\n\n\t<div id=\"col-1235851857\" class=\"col medium-6 large-6\"  >\n\t\t\t\t<div class=\"col-inner\"  >\n\t\t\t\n\t\t\t\n\t<div id=\"gap-1258784774\" class=\"gap-element clearfix\" style=\"display:block; height:auto;\">\n\t\t\n<style>\n#gap-1258784774 {\n  padding-top: 30px;\n}\n<\/style>\n\t<\/div>\n\t\n<p style=\"text-align: center;\"><img decoding=\"async\" class=\"alignnone size-full wp-image-3292\" src=\"http:\/\/www.educazionedigitale.it\/sealifeperlascuola\/wp-content\/uploads\/2019\/02\/logoSL_bianco-ok.png\" alt=\"\" width=\"50%\" \/><\/p>\n<p style=\"text-align: justify;\"><span style=\"color: #ffffff;\">Un emozionante viaggio, tra acque dolci e salate, che dalla laguna di Venezia porta alle acque calde dell\u2019Oceano Indiano,\u00a0con oltre 3.000 esemplari di 150 specie diverse tra cui pesci pagliaccio, cavallucci marini, murene e stelle marine.<br \/>\nUn percorso nelle profondit\u00e0 del mare, grazie alle spettacolari vasche, come il\u00a0tunnel oceanico lungo oltre 10 metri, che regala la sensazione di trovarsi in acqua insieme a squali e razze.<br \/>\nUn\u2019intera area dedicata all\u2019alto Adriatico, che permetter\u00e0 agli studenti, di tutte le et\u00e0, di approfondire la conoscenza del territorio locale. Anche Lido di Jesolo SEA LIFE Aquarium garantisce un\u2019esperienza formativa di qualit\u00e0, grazie ai laboratori didattici e agli approfondimenti interattivi condotti da guide esperte.<\/span><\/p>\n<p style=\"text-align: right;\"><img decoding=\"async\" src=\"http:\/\/www.educazionedigitale.it\/sealifeperlascuola\/wp-content\/uploads\/2019\/02\/ryba_polosatyy_podvodny.png\" alt=\"\" width=\"60%\" class=\"alignnone size-medium wp-image-3330\" \/><\/p>\n\t\t<\/div>\n\t\t\t\t\t<\/div>\n\n\t\n<\/div>\n\t\t<\/div>\n\n\t\t\n<style>\n#section_1447430596 {\n  padding-top: 0;\n  padding-bottom: 0;\n  margin-bottom: 0px;\n  background-color: #002d62;\n}\n<\/style>\n\t<\/section>\n\t\n<div style=\"border-top: 6px solid #ffffff; margin: 0; padding: 0;\"><\/div>\n\n\t<section class=\"section\" id=\"section_1697534060\">\n\t\t<div class=\"section-bg fill\" >\n\t\t\t<img loading=\"lazy\" decoding=\"async\" width=\"2000\" height=\"704\" src=\"https:\/\/www.educazionedigitale.it\/sealifeperlascuola\/wp-content\/uploads\/2019\/02\/sea-life-section-2.jpg\" class=\"bg attachment- size-\" alt=\"\" \/>\t\t\t\t\t\t\n\t\t\t\n\n\t\t<\/div>\n\n\t\t\n\n\t\t<div class=\"section-content relative\">\n\t\t\t\n<div class=\"row\"  id=\"row-748182314\">\n\n\t<div id=\"col-404417271\" class=\"col medium-6 large-6\"  >\n\t\t\t\t<div class=\"col-inner\"  >\n\t\t\t\n\t\t\t\n<h1>L&#8217;acquario in cartella<\/h1>\n<p style=\"text-align: justify;\"><strong>In occasione della visita a SEA LIFE,\u00a0insegnanti e alunni riceveranno schede e materiali didattici appositamente realizzati per l\u2019approfondimento del percorso didattico\u00a0scelto, ma anche per poter\u00a0continuare in classe l\u2019esperienza vissuta\u00a0e verificare le nuove conoscenze acquisite.<br \/>\nIl periodo migliore per visitare SEA LIFE con la classe \u00e8 quello compreso\u00a0<strong>tra ottobre e marzo.<br \/>\n\u00c8 importante verificare gli orari e i giorni di apertura su <a href=\"https:\/\/www.gardaland.it\/it\/acquario\/gardaland-sea-life-aquarium\" target=\"_blank\" rel=\"noopener\">www.gardalandsealife.it<\/a> e su <a href=\"https:\/\/www.visitsealife.com\/jesolo\/\" rel=\"noopener\" target=\"_blank\">www.visitsealife.com\/jesolo<\/span><\/a> <\/strong><\/strong><\/p>\n<p style=\"text-align: center;\"><img decoding=\"async\" src=\"http:\/\/www.educazionedigitale.it\/sealifeperlascuola\/wp-content\/uploads\/2019\/02\/10193_SLT-Blue-Green-on-White.png\" alt=\"\" width=\"50%\" class=\"alignnone size-full wp-image-3733\" \/><\/p>\n<p style=\"text-align: justify;\"><strong>SEA LIFE TRUST \u00e8 la nuova\u00a0organizzazione no profit di SEA LIFE\u00a0per la realizzazione di\u00a0iniziative e attivit\u00e0 di conservazione.<br \/>\nTutti i Centri SEA LIFE si impegnano a\u00a0educare i bambini, a\u00a0insegnare loro ad amare e proteggere attivamente il mare\u00a0e le creature che lo abitano.<br \/>\n<a href=\"http:\/\/www.sealifetrust.org\" rel=\"noopener\" target=\"_blank\"><span style=\"color: #ffffff;\">www.sealifetrust.org<\/span><\/a><\/strong><\/p>\n\t\t<\/div>\n\t\t\t\t\t<\/div>\n\n\t\n<\/div>\n\t\t<\/div>\n\n\t\t\n<style>\n#section_1697534060 {\n  padding-top: 30px;\n  padding-bottom: 30px;\n}\n<\/style>\n\t<\/section>\n\t\n","protected":false},"excerpt":{"rendered":"\n  <div class=\"banner has-hover banner-home\" id=\"banner-1111105078\">\n          <div class=\"banner-inner fill\">\n        <div class=\"banner-bg fill\" >\n            <img width=\"1020\" height=\"128\" src=\"https:\/\/www.educazionedigitale.it\/sealifeperlascuola\/wp-content\/uploads\/2019\/02\/base-slider-febbraio-1600x200.jpg\" class=\"bg attachment-large size-large\" alt=\"\" decoding=\"async\" loading=\"lazy\" \/>                                    \n                    <\/div>\n\t\t\n        <div class=\"banner-layers container\">\n            <div class=\"fill banner-link\"><\/div>               <div id=\"text-box-1792591580\" class=\"text-box banner-layer x10 md-x10 lg-x10 y50 md-y50 lg-y50 res-text\">\n                     <div data-animate=\"fadeInLeft\">           <div class=\"text-box-content text dark\">\n              \n              <div class=\"text-inner text-left\">\n                  \n              <\/div>\n           <\/div>\n       <\/div>                     \n<style>\n#text-box-1792591580 {\n  width: 60%;\n}\n#text-box-1792591580 .text-box-content {\n  font-size: 100%;\n}\n@media (min-width:550px) {\n  #text-box-1792591580 {\n    width: 80%;\n  }\n}\n<\/style>\n    <\/div>\n         <\/div>\n      <\/div>\n\n            \n<style>\n#banner-1111105078 {\n  padding-top: 250px;\n}\n<\/style>\n  <\/div>\n\n\n","protected":false},"author":1,"featured_media":0,"parent":0,"menu_order":0,"comment_status":"closed","ping_status":"closed","template":"page-blank.php","meta":{"_monsterinsights_skip_tracking":false,"_monsterinsights_sitenote_active":false,"_monsterinsights_sitenote_note":"","_monsterinsights_sitenote_category":0,"footnotes":""},"class_list":["post-531","page","type-page","status-publish","hentry"],"_links":{"self":[{"href":"https:\/\/www.educazionedigitale.it\/sealifeperlascuola\/wp-json\/wp\/v2\/pages\/531","targetHints":{"allow":["GET"]}}],"collection":[{"href":"https:\/\/www.educazionedigitale.it\/sealifeperlascuola\/wp-json\/wp\/v2\/pages"}],"about":[{"href":"https:\/\/www.educazionedigitale.it\/sealifeperlascuola\/wp-json\/wp\/v2\/types\/page"}],"author":[{"embeddable":true,"href":"https:\/\/www.educazionedigitale.it\/sealifeperlascuola\/wp-json\/wp\/v2\/users\/1"}],"replies":[{"embeddable":true,"href":"https:\/\/www.educazionedigitale.it\/sealifeperlascuola\/wp-json\/wp\/v2\/comments?post=531"}],"version-history":[{"count":3,"href":"https:\/\/www.educazionedigitale.it\/sealifeperlascuola\/wp-json\/wp\/v2\/pages\/531\/revisions"}],"predecessor-version":[{"id":4336,"href":"https:\/\/www.educazionedigitale.it\/sealifeperlascuola\/wp-json\/wp\/v2\/pages\/531\/revisions\/4336"}],"wp:attachment":[{"href":"https:\/\/www.educazionedigitale.it\/sealifeperlascuola\/wp-json\/wp\/v2\/media?parent=531"}],"curies":[{"name":"wp","href":"https:\/\/api.w.org\/{rel}","templated":true}]}}