{"id":531,"date":"2015-03-13T15:30:41","date_gmt":"2015-03-13T14:30:41","guid":{"rendered":"http:\/\/www.educazionedigitale.it\/solvefortomorrow\/?page_id=531"},"modified":"2025-10-09T11:25:01","modified_gmt":"2025-10-09T09:25:01","slug":"il-percorso","status":"publish","type":"page","link":"https:\/\/www.educazionedigitale.it\/solvefortomorrow\/il-percorso\/","title":{"rendered":"Percorso"},"content":{"rendered":"\t<div id=\"gap-191436150\" class=\"gap-element clearfix\" style=\"display:block; height:auto;\">\n\t\t\n<style>\n#gap-191436150 {\n  padding-top: 55px;\n}\n@media (min-width:550px) {\n  #gap-191436150 {\n    padding-top: 85px;\n  }\n}\n<\/style>\n\t<\/div>\n\t\n\n\t<section class=\"section\" id=\"section_34062241\">\n\t\t<div class=\"section-bg fill\" >\n\t\t\t\t\t\t\t\t\t\n\t\t\t\n\n\t\t<\/div>\n\n\t\t\n\n\t\t<div class=\"section-content relative\">\n\t\t\t\n<div class=\"row\"  id=\"row-512814861\">\n\n\t<div id=\"col-1753329462\" class=\"col small-12 large-12\"  >\n\t\t\t\t<div class=\"col-inner\"  >\n\t\t\t\n\t\t\t\n\n  <div class=\"banner has-hover banner-home\" id=\"banner-1468231584\">\n          <div class=\"banner-inner fill\">\n        <div class=\"banner-bg fill\" >\n            <img loading=\"lazy\" decoding=\"async\" width=\"2560\" height=\"1142\" src=\"https:\/\/www.educazionedigitale.it\/solvefortomorrow\/wp-content\/uploads\/2025\/07\/2150165183-1-scaled.jpg\" class=\"bg attachment-original size-original\" alt=\"\" \/>                                    \n                    <\/div>\n\t\t\n        <div class=\"banner-layers container\">\n            <div class=\"fill banner-link\"><\/div>            \n   <div id=\"text-box-373060698\" class=\"text-box banner-layer x50 md-x50 lg-x50 y50 md-y50 lg-y50 res-text\">\n                                <div class=\"text-box-content text dark\">\n              \n              <div class=\"text-inner text-center\">\n                  \n              <\/div>\n           <\/div>\n                            \n<style>\n#text-box-373060698 {\n  width: 60%;\n}\n#text-box-373060698 .text-box-content {\n  font-size: 100%;\n}\n@media (min-width:550px) {\n  #text-box-373060698 {\n    width: 60%;\n  }\n}\n<\/style>\n    <\/div>\n \n        <\/div>\n      <\/div>\n\n            \n<style>\n#banner-1468231584 {\n  padding-top: 250px;\n}\n#banner-1468231584 .banner-bg img {\n  object-position: 49% 29%;\n}\n<\/style>\n  <\/div>\n\n\n\t\t<\/div>\n\t\t\t\t\n<style>\n#col-1753329462 > .col-inner {\n  margin: 0px 0px -15px 0px;\n}\n<\/style>\n\t<\/div>\n\n\t\n<\/div>\n<div class=\"row\"  id=\"row-643409480\">\n\n\t<div id=\"col-882363763\" class=\"col large-12\"  >\n\t\t\t\t<div class=\"col-inner text-left\"  >\n\t\t\t\n\t\t\t\n\t<div id=\"gap-355504143\" class=\"gap-element clearfix\" style=\"display:block; height:auto;\">\n\t\t\n<style>\n#gap-355504143 {\n  padding-top: 25px;\n}\n@media (min-width:550px) {\n  #gap-355504143 {\n    padding-top: 45px;\n  }\n}\n<\/style>\n\t<\/div>\n\t\n<p style=\"text-align: justify; margin-bottom: 20px; margin-top: 0px;\">\u201cEnabling people\u201d significa abilitare le persone: letteralmente, dare loro le abilit\u00e0 necessarie ad eseguire un\u2019attivit\u00e0 o portare avanti un progetto. Un concetto che Samsung Electronics lega al benessere delle comunit\u00e0 e alla vivibilit\u00e0 della citt\u00e0, offrendo un percorso di conoscenza e consapevolezza che impatti positivamente sul protagonismo di chi le citt\u00e0 le abita e le abiter\u00e0 in futuro: le nuove generazioni.<\/p>\n\t<div id=\"gap-2020950359\" class=\"gap-element clearfix hide-for-small\" style=\"display:block; height:auto;\">\n\t\t\n<style>\n#gap-2020950359 {\n  padding-top: 30px;\n}\n<\/style>\n\t<\/div>\n\t\n\t\t<\/div>\n\t\t\t\t\n<style>\n#col-882363763 > .col-inner {\n  margin: 0px 0px -20px 0px;\n}\n<\/style>\n\t<\/div>\n\n\t\n\n\t<div id=\"col-281199511\" class=\"col medium-12 small-12 large-8\"  >\n\t\t\t\t<div class=\"col-inner\"  >\n\t\t\t\n\t\t\t\n\n  <div class=\"banner has-hover\" id=\"banner-935926486\">\n          <div class=\"banner-inner fill\">\n        <div class=\"banner-bg fill\" >\n            <img loading=\"lazy\" decoding=\"async\" width=\"667\" height=\"1000\" src=\"https:\/\/www.educazionedigitale.it\/solvefortomorrow\/wp-content\/uploads\/2025\/07\/4580.jpg\" class=\"bg attachment-original size-original\" alt=\"\" \/>                                    \n                    <\/div>\n\t\t\n        <div class=\"banner-layers container\">\n            <div class=\"fill banner-link\"><\/div>            \n   <div id=\"text-box-2055593091\" class=\"text-box banner-layer x50 md-x50 lg-x50 y50 md-y50 lg-y50 res-text\">\n                                <div class=\"text-box-content text dark\">\n              \n              <div class=\"text-inner text-center\">\n                  \n              <\/div>\n           <\/div>\n                            \n<style>\n#text-box-2055593091 {\n  width: 60%;\n}\n#text-box-2055593091 .text-box-content {\n  font-size: 100%;\n}\n@media (min-width:550px) {\n  #text-box-2055593091 {\n    width: 60%;\n  }\n}\n<\/style>\n    <\/div>\n \n        <\/div>\n      <\/div>\n\n            \n<style>\n#banner-935926486 {\n  padding-top: 249px;\n}\n#banner-935926486 .banner-bg img {\n  object-position: 28% 47%;\n}\n<\/style>\n  <\/div>\n\n\n\t\t<\/div>\n\t\t\t\t\t<\/div>\n\n\t\n\n\t<div id=\"col-918037452\" class=\"col medium-12 large-4\"  >\n\t\t\t\t<div class=\"col-inner text-left\"  >\n\t\t\t\n\t\t\t\n<p style=\"text-align: justify; margin-bottom: 0px; margin-top: 10px;\">Attraverso il progetto Sport &amp; Tech, ragazze e ragazzi potranno esprimere le loro potenzialit\u00e0 acquisendo le competenze necessarie a proporre nuove idee e nuove soluzioni per unire tecnologia, sport e innovazione, applicando la metodologia del <strong>Design Thinking<\/strong> e le conoscenze in ambito <strong>STEM e Intelligenza Artificiale<\/strong>.<\/p>\n<div style=\"border-background: #0a7bc0; background: linear-gradient(90deg, rgba(10,123,192,1) 0%, rgba(55,182,171,1) 90%); padding: 3px; text-align: center; border-radius: 20px; margin-top:15px\"><\/div>\n\t\t<\/div>\n\t\t\t\t\n<style>\n#col-918037452 > .col-inner {\n  margin: 0px 0px -20px 0px;\n}\n<\/style>\n\t<\/div>\n\n\t\n<\/div>\n\t<div id=\"gap-1993833452\" class=\"gap-element clearfix\" style=\"display:block; height:auto;\">\n\t\t\n<style>\n#gap-1993833452 {\n  padding-top: 150px;\n}\n<\/style>\n\t<\/div>\n\t\n\t\t<\/div>\n\n\t\t\n<style>\n#section_34062241 {\n  padding-top: 0px;\n  padding-bottom: 0px;\n  margin-bottom: 10px;\n}\n<\/style>\n\t<\/section>\n\t\n","protected":false},"excerpt":{"rendered":"","protected":false},"author":1,"featured_media":0,"parent":0,"menu_order":0,"comment_status":"closed","ping_status":"closed","template":"page-blank.php","meta":{"_monsterinsights_skip_tracking":false,"_monsterinsights_sitenote_active":false,"_monsterinsights_sitenote_note":"","_monsterinsights_sitenote_category":0,"footnotes":""},"class_list":["post-531","page","type-page","status-publish","hentry"],"_links":{"self":[{"href":"https:\/\/www.educazionedigitale.it\/solvefortomorrow\/wp-json\/wp\/v2\/pages\/531","targetHints":{"allow":["GET"]}}],"collection":[{"href":"https:\/\/www.educazionedigitale.it\/solvefortomorrow\/wp-json\/wp\/v2\/pages"}],"about":[{"href":"https:\/\/www.educazionedigitale.it\/solvefortomorrow\/wp-json\/wp\/v2\/types\/page"}],"author":[{"embeddable":true,"href":"https:\/\/www.educazionedigitale.it\/solvefortomorrow\/wp-json\/wp\/v2\/users\/1"}],"replies":[{"embeddable":true,"href":"https:\/\/www.educazionedigitale.it\/solvefortomorrow\/wp-json\/wp\/v2\/comments?post=531"}],"version-history":[{"count":3,"href":"https:\/\/www.educazionedigitale.it\/solvefortomorrow\/wp-json\/wp\/v2\/pages\/531\/revisions"}],"predecessor-version":[{"id":6169,"href":"https:\/\/www.educazionedigitale.it\/solvefortomorrow\/wp-json\/wp\/v2\/pages\/531\/revisions\/6169"}],"wp:attachment":[{"href":"https:\/\/www.educazionedigitale.it\/solvefortomorrow\/wp-json\/wp\/v2\/media?parent=531"}],"curies":[{"name":"wp","href":"https:\/\/api.w.org\/{rel}","templated":true}]}}