{"id":531,"date":"2015-03-13T15:30:41","date_gmt":"2015-03-13T14:30:41","guid":{"rendered":"http:\/\/www.educazionedigitale.it\/sportcomebenessere\/?page_id=531"},"modified":"2025-02-24T09:37:25","modified_gmt":"2025-02-24T08:37:25","slug":"il-percorso","status":"publish","type":"page","link":"https:\/\/www.educazionedigitale.it\/sportcomebenessere\/il-percorso\/","title":{"rendered":"IL PERCORSO"},"content":{"rendered":"\n  <div class=\"banner has-hover banner-home\" id=\"banner-207005922\">\n          <div class=\"banner-inner fill\">\n        <div class=\"banner-bg fill\" >\n            <img loading=\"lazy\" decoding=\"async\" width=\"1714\" height=\"388\" src=\"https:\/\/www.educazionedigitale.it\/sportcomebenessere\/wp-content\/uploads\/2025\/02\/banner-percorso.png\" class=\"bg attachment-original size-original\" alt=\"\" \/>                                    \n                    <\/div>\n\t\t\n        <div class=\"banner-layers container\">\n            <div class=\"fill banner-link\"><\/div>            \n   <div id=\"text-box-582533722\" class=\"text-box banner-layer x50 md-x50 lg-x50 y90 md-y90 lg-y90 res-text\">\n                     <div data-animate=\"fadeInLeft\">           <div class=\"text-box-content text dark\">\n              \n              <div class=\"text-inner text-center\">\n                  \n              <\/div>\n           <\/div>\n       <\/div>                     \n<style>\n#text-box-582533722 {\n  width: 60%;\n}\n#text-box-582533722 .text-box-content {\n  font-size: 100%;\n}\n@media (min-width:550px) {\n  #text-box-582533722 {\n    width: 80%;\n  }\n}\n<\/style>\n    <\/div>\n \n        <\/div>\n      <\/div>\n\n            \n<style>\n#banner-207005922 {\n  padding-top: 183px;\n}\n#banner-207005922 .banner-bg img {\n  object-position: 45% 51%;\n}\n@media (min-width:550px) {\n  #banner-207005922 {\n    padding-top: 355px;\n  }\n}\n<\/style>\n  <\/div>\n\n\n\n\t<section class=\"section\" id=\"section_495515598\">\n\t\t<div class=\"section-bg fill\" >\n\t\t\t\t\t\t\t\t\t\n\t\t\t\n\n\t\t<\/div>\n\n\t\t\n\n\t\t<div class=\"section-content relative\">\n\t\t\t\n<div class=\"row\"  id=\"row-1864807939\">\n\n\t<div id=\"col-433939832\" class=\"col small-12 large-12\"  >\n\t\t\t\t<div class=\"col-inner\"  >\n\t\t\t\n\t\t\t\n<h1 style=\"font-size: 138%;\"><em>Mens sana, in corpore sano<\/em><\/h1>\n<p style=\"text-align: justify;\">\u00c8 famosa l\u2019espressione di Giovenale, poeta e retore romano, che gi\u00e0 nell\u2019Antica Roma affermava <strong>l\u2019importanza della salute fisica e spirituale per una vita equilibrata<\/strong>. Da qui al mondo contemporaneo il discorso <strong style=\"color:#F36f21;\">sul corpo, lo sport e la salute<\/strong> \u00e8 stato ampio e variegato, coinvolgendo sempre pi\u00f9 persone e assumendo, con il tempo, significati e sfaccettature diverse.<\/p>\n<div class=\"row align-middle\"  id=\"row-1216324612\">\n\n\t<div id=\"col-944670894\" class=\"col medium-7 small-12 large-7\"  >\n\t\t\t\t<div class=\"col-inner\"  >\n\t\t\t\n\t\t\t\n<p style=\"text-align: justify;\">Se oggi sempre pi\u00f9 persone sono attratte e appassionate allo sport, in qualsiasi sua forma \u2013 dalla pi\u00f9 agonistica alla pi\u00f9 \u201ccasalinga\u201d \u2013 \u00e8 anche grazie alla consapevolezza dei molteplici benefici dell\u2019attivit\u00e0 fisica.<\/p>\n<p style=\"text-align: justify;\">Lo sport, infatti, contribuisce alla crescita e allo sviluppo fisico e mentale, ma anche al potenziamento di abilit\u00e0 come la <strong>disciplina, l\u2019autocontrollo, l\u2019autostima e la sicurezza di s\u00e9.<\/strong><\/p>\n\t\t<\/div>\n\t\t\t\t\n<style>\n#col-944670894 > .col-inner {\n  padding: 0px 0px 0px 0px;\n  margin: 0px 0px -20px 0px;\n}\n@media (min-width:550px) {\n  #col-944670894 > .col-inner {\n    padding: 0px 0px 0px 0px;\n  }\n}\n@media (min-width:850px) {\n  #col-944670894 > .col-inner {\n    padding: 0px 0px 0px 0px;\n  }\n}\n<\/style>\n\t<\/div>\n\n\t\n\n\t<div id=\"col-211710312\" class=\"col medium-5 small-12 large-5\"  data-animate=\"fadeInRight\">\n\t\t\t\t<div class=\"col-inner\"  >\n\t\t\t\n\t\t\t\n\t<div class=\"img has-hover x md-x lg-x y md-y lg-y\" id=\"image_231995853\">\n\t\t\t\t\t\t\t\t<div class=\"img-inner image-cover box-shadow-2 dark\" style=\"padding-top:188px;\">\n\t\t\t<img loading=\"lazy\" decoding=\"async\" width=\"1280\" height=\"888\" src=\"https:\/\/www.educazionedigitale.it\/sportcomebenessere\/wp-content\/uploads\/2025\/02\/img2-percorso.jpg\" class=\"attachment-original size-original\" alt=\"\" srcset=\"https:\/\/www.educazionedigitale.it\/sportcomebenessere\/wp-content\/uploads\/2025\/02\/img2-percorso.jpg 1280w, https:\/\/www.educazionedigitale.it\/sportcomebenessere\/wp-content\/uploads\/2025\/02\/img2-percorso-800x555.jpg 800w, https:\/\/www.educazionedigitale.it\/sportcomebenessere\/wp-content\/uploads\/2025\/02\/img2-percorso-768x533.jpg 768w\" sizes=\"auto, (max-width: 1280px) 100vw, 1280px\" \/>\t\t\t\t\t\t\n\t\t\t\t\t<\/div>\n\t\t\t\t\t\t\t\t\n<style>\n#image_231995853 {\n  width: 100%;\n}\n<\/style>\n\t<\/div>\n\t\n\t\t<\/div>\n\t\t\t\t\n<style>\n#col-211710312 > .col-inner {\n  margin: -26px 0px 0px 0px;\n}\n<\/style>\n\t<\/div>\n\n\t\n<\/div>\n<div class=\"row align-middle\"  id=\"row-1258572931\">\n\n\t<div id=\"col-1683283776\" class=\"col medium-5 small-12 large-5\"  data-animate=\"fadeInLeft\">\n\t\t\t\t<div class=\"col-inner\"  >\n\t\t\t\n\t\t\t\n\t<div class=\"img has-hover x md-x lg-x y md-y lg-y\" id=\"image_1771653211\">\n\t\t\t\t\t\t\t\t<div class=\"img-inner image-cover box-shadow-2 dark\" style=\"padding-top:235px;margin:-10px 0px 0px 0px;\">\n\t\t\t<img loading=\"lazy\" decoding=\"async\" width=\"1280\" height=\"853\" src=\"https:\/\/www.educazionedigitale.it\/sportcomebenessere\/wp-content\/uploads\/2025\/02\/img1-percorso.jpg\" class=\"attachment-original size-original\" alt=\"\" srcset=\"https:\/\/www.educazionedigitale.it\/sportcomebenessere\/wp-content\/uploads\/2025\/02\/img1-percorso.jpg 1280w, https:\/\/www.educazionedigitale.it\/sportcomebenessere\/wp-content\/uploads\/2025\/02\/img1-percorso-800x533.jpg 800w, https:\/\/www.educazionedigitale.it\/sportcomebenessere\/wp-content\/uploads\/2025\/02\/img1-percorso-768x512.jpg 768w\" sizes=\"auto, (max-width: 1280px) 100vw, 1280px\" \/>\t\t\t\t\t\t\n\t\t\t\t\t<\/div>\n\t\t\t\t\t\t\t\t\n<style>\n#image_1771653211 {\n  width: 100%;\n}\n<\/style>\n\t<\/div>\n\t\n\t\t<\/div>\n\t\t\t\t\t<\/div>\n\n\t\n\n\t<div id=\"col-947030451\" class=\"col medium-7 small-12 large-7\"  >\n\t\t\t\t<div class=\"col-inner\"  >\n\t\t\t\n\t\t\t\n<p style=\"text-align: justify;\">Attraverso le attivit\u00e0 del FSL, ragazze e ragazzi comprenderanno l\u2019importanza della relazione tra attivit\u00e0 sportiva e <strong>benessere psicologico, alimentazione, relazioni interpersonali, accessibilit\u00e0, tecnologia e sostenibilit\u00e0.<\/strong> Avranno, inoltre, l\u2019opportunit\u00e0 di diventare cittadini attivi e consapevoli contribuendo allo sviluppo di un Osservatorio sul rapporto tra la Generazione Z e lo sport, dal quale trarre evidenze essenziali per sostenere e far conoscere l\u2019importanza del benessere sportivo alle future generazioni.<\/p>\n\t\t<\/div>\n\t\t\t\t\n<style>\n#col-947030451 > .col-inner {\n  padding: 0px 0px 0px 0px;\n  margin: 0px 0px -20px 0px;\n}\n@media (min-width:550px) {\n  #col-947030451 > .col-inner {\n    padding: 0px 0px 0px 0px;\n  }\n}\n@media (min-width:850px) {\n  #col-947030451 > .col-inner {\n    padding: 0px 0px 0px 0px;\n  }\n}\n<\/style>\n\t<\/div>\n\n\t\n<\/div>\n<div class=\"row align-middle\"  id=\"row-781462505\">\n\n\t<div id=\"col-16341258\" class=\"col small-12 large-12\"  >\n\t\t\t\t<div class=\"col-inner\"  >\n\t\t\t\n\t\t\t\n\t<div id=\"text-2170861546\" class=\"text\">\n\t\t\n<h1 style=\"font-size: 138%;\">Il FSL, nello specifico, <span style=\"color:#F36f21;\">affronter\u00e0 i seguenti temi:<\/span><\/h1>\n\t\t\n<style>\n#text-2170861546 {\n  text-align: center;\n}\n<\/style>\n\t<\/div>\n\t\n\t\t<\/div>\n\t\t\t\t\n<style>\n#col-16341258 > .col-inner {\n  padding: 0px 0px 0px 0px;\n  margin: 0px 0px -20px 0px;\n}\n@media (min-width:550px) {\n  #col-16341258 > .col-inner {\n    padding: 0px 0px 0px 0px;\n  }\n}\n@media (min-width:850px) {\n  #col-16341258 > .col-inner {\n    padding: 0px 0px 0px 0px;\n  }\n}\n<\/style>\n\t<\/div>\n\n\t\n<\/div>\n<div class=\"row row-collapse align-equal align-center\"  id=\"row-432215844\">\n\n\t<div id=\"col-860450461\" class=\"col medium-7 small-12 large-7\"  >\n\t\t\t\t<div class=\"col-inner\"  >\n\t\t\t\n\t\t\t\n\n  <div class=\"banner has-hover\" id=\"banner-819640811\">\n          <div class=\"banner-inner fill\">\n        <div class=\"banner-bg fill\" >\n            <img loading=\"lazy\" decoding=\"async\" width=\"1500\" height=\"500\" src=\"https:\/\/www.educazionedigitale.it\/sportcomebenessere\/wp-content\/uploads\/2025\/02\/14110581.jpg\" class=\"bg attachment-original size-original\" alt=\"\" \/>                        <div class=\"overlay\"><\/div>            \n\t<div class=\"is-border\"\n\t\tstyle=\"border-width:0px 4px 0px 0px;\">\n\t<\/div>\n                    <\/div>\n\t\t\n        <div class=\"banner-layers container\">\n            <div class=\"fill banner-link\"><\/div>            \n   <div id=\"text-box-512143048\" class=\"text-box banner-layer x50 md-x50 lg-x50 y20 md-y20 lg-y20 res-text\">\n                                <div class=\"text-box-content text dark\">\n              \n              <div class=\"text-inner text-center\">\n                  \n\t<div id=\"text-99245431\" class=\"text\">\n\t\t\n<h3 style=\"color: #fff!important;\"><strong>la relazione tra sport<br \/>ed alimentazione<\/strong><\/p>\n\t\t\n<style>\n#text-99245431 {\n  font-size: 0.8rem;\n}\n<\/style>\n\t<\/div>\n\t\n              <\/div>\n           <\/div>\n                            \n<style>\n#text-box-512143048 {\n  width: 100%;\n}\n#text-box-512143048 .text-box-content {\n  font-size: 100%;\n}\n<\/style>\n    <\/div>\n \n        <\/div>\n      <\/div>\n\n            \n<style>\n#banner-819640811 {\n  padding-top: 140px;\n}\n#banner-819640811 .overlay {\n  background-color: rgba(0, 60, 113, 0.68);\n}\n#banner-819640811 .banner-bg img {\n  object-position: 0% 94%;\n}\n<\/style>\n  <\/div>\n\n\n\t\t<\/div>\n\t\t\t\t\n<style>\n#col-860450461 > .col-inner {\n  padding: 0px 0px 0px 0px;\n  margin: 0px 0px -20px 0px;\n}\n@media (min-width:550px) {\n  #col-860450461 > .col-inner {\n    padding: 0px 0px 0px 0px;\n  }\n}\n@media (min-width:850px) {\n  #col-860450461 > .col-inner {\n    padding: 0px 0px 0px 0px;\n  }\n}\n<\/style>\n\t<\/div>\n\n\t\n\n\t<div id=\"col-1964562395\" class=\"col medium-5 small-12 large-5\"  >\n\t\t\t\t<div class=\"col-inner\"  >\n\t\t\t\n\t\t\t\n\n  <div class=\"banner has-hover\" id=\"banner-897864572\">\n          <div class=\"banner-inner fill\">\n        <div class=\"banner-bg fill\" >\n            <img loading=\"lazy\" decoding=\"async\" width=\"1280\" height=\"1920\" src=\"https:\/\/www.educazionedigitale.it\/sportcomebenessere\/wp-content\/uploads\/2025\/02\/pexels-shvets-production-8007499.jpg\" class=\"bg attachment-original size-original\" alt=\"\" \/>                        <div class=\"overlay\"><\/div>            \n                    <\/div>\n\t\t\n        <div class=\"banner-layers container\">\n            <div class=\"fill banner-link\"><\/div>            \n   <div id=\"text-box-385680700\" class=\"text-box banner-layer x50 md-x50 lg-x50 y20 md-y20 lg-y20 res-text\">\n                                <div class=\"text-box-content text dark\">\n              \n              <div class=\"text-inner text-center\">\n                  \n\t<div id=\"text-2392153677\" class=\"text\">\n\t\t\n<h3 style=\"color: #fff!important;\"><strong>lo sport<br \/> e le relazioni interpersonali<\/strong><\/p>\n\t\t\n<style>\n#text-2392153677 {\n  font-size: 0.8rem;\n}\n<\/style>\n\t<\/div>\n\t\n              <\/div>\n           <\/div>\n                            \n<style>\n#text-box-385680700 {\n  width: 100%;\n}\n#text-box-385680700 .text-box-content {\n  font-size: 100%;\n}\n<\/style>\n    <\/div>\n \n        <\/div>\n      <\/div>\n\n            \n<style>\n#banner-897864572 {\n  padding-top: 140px;\n}\n#banner-897864572 .overlay {\n  background-color: rgba(217, 84, 6, 0.797);\n}\n#banner-897864572 .banner-bg img {\n  object-position: 0% 25%;\n}\n<\/style>\n  <\/div>\n\n\n\t\t<\/div>\n\t\t\t\t\n<style>\n#col-1964562395 > .col-inner {\n  padding: 0px 0px 0px 0px;\n  margin: 0px 0px -20px 0px;\n}\n@media (min-width:550px) {\n  #col-1964562395 > .col-inner {\n    padding: 0px 0px 0px 0px;\n  }\n}\n@media (min-width:850px) {\n  #col-1964562395 > .col-inner {\n    padding: 0px 0px 0px 0px;\n  }\n}\n<\/style>\n\t<\/div>\n\n\t\n\n\t<div id=\"col-1310586476\" class=\"col medium-5 small-12 large-5\"  >\n\t\t\t\t<div class=\"col-inner\"  >\n\t\t\t\n\t\t\t\n\n  <div class=\"banner has-hover\" id=\"banner-2079409522\">\n          <div class=\"banner-inner fill\">\n        <div class=\"banner-bg fill\" >\n            <img loading=\"lazy\" decoding=\"async\" width=\"1280\" height=\"853\" src=\"https:\/\/www.educazionedigitale.it\/sportcomebenessere\/wp-content\/uploads\/2025\/02\/pexels-eddson-lens-748406628-29356199.jpg\" class=\"bg attachment-original size-original\" alt=\"\" \/>                        <div class=\"overlay\"><\/div>            \n\t<div class=\"is-border\"\n\t\tstyle=\"border-width:4px 4px 0px 0px;\">\n\t<\/div>\n                    <\/div>\n\t\t\n        <div class=\"banner-layers container\">\n            <div class=\"fill banner-link\"><\/div>            \n   <div id=\"text-box-355103109\" class=\"text-box banner-layer x50 md-x50 lg-x50 y20 md-y20 lg-y20 res-text\">\n                                <div class=\"text-box-content text dark\">\n              \n              <div class=\"text-inner text-center\">\n                  \n\t<div id=\"text-4028932801\" class=\"text\">\n\t\t\n<h3 style=\"color: #fff!important;\"><strong>lo sport, l\u2019inclusione<br \/> e l\u2019accessibilit\u00e0<\/strong><\/p>\n\t\t\n<style>\n#text-4028932801 {\n  font-size: 0.8rem;\n}\n<\/style>\n\t<\/div>\n\t\n              <\/div>\n           <\/div>\n                            \n<style>\n#text-box-355103109 {\n  width: 100%;\n}\n#text-box-355103109 .text-box-content {\n  font-size: 100%;\n}\n<\/style>\n    <\/div>\n \n        <\/div>\n      <\/div>\n\n            \n<style>\n#banner-2079409522 {\n  padding-top: 140px;\n}\n#banner-2079409522 .overlay {\n  background-color: rgba(217, 84, 6, 0.797);\n}\n#banner-2079409522 .banner-bg img {\n  object-position: 0% 33%;\n}\n<\/style>\n  <\/div>\n\n\n\t\t<\/div>\n\t\t\t\t\n<style>\n#col-1310586476 > .col-inner {\n  padding: 0px 0px 0px 0px;\n  margin: 0px 0px -20px 0px;\n}\n@media (min-width:550px) {\n  #col-1310586476 > .col-inner {\n    padding: 0px 0px 0px 0px;\n  }\n}\n@media (min-width:850px) {\n  #col-1310586476 > .col-inner {\n    padding: 0px 0px 0px 0px;\n  }\n}\n<\/style>\n\t<\/div>\n\n\t\n\n\t<div id=\"col-910493374\" class=\"col medium-7 small-12 large-7\"  >\n\t\t\t\t<div class=\"col-inner\"  >\n\t\t\t\n\t\t\t\n\n  <div class=\"banner has-hover\" id=\"banner-375417636\">\n          <div class=\"banner-inner fill\">\n        <div class=\"banner-bg fill\" >\n            <img loading=\"lazy\" decoding=\"async\" width=\"1500\" height=\"597\" src=\"https:\/\/www.educazionedigitale.it\/sportcomebenessere\/wp-content\/uploads\/2025\/02\/43692.jpg\" class=\"bg attachment-original size-original\" alt=\"\" \/>                        <div class=\"overlay\"><\/div>            \n\t<div class=\"is-border\"\n\t\tstyle=\"border-width:4px 0px 0px 0px;\">\n\t<\/div>\n                    <\/div>\n\t\t\n        <div class=\"banner-layers container\">\n            <div class=\"fill banner-link\"><\/div>            \n   <div id=\"text-box-2055880556\" class=\"text-box banner-layer x50 md-x50 lg-x50 y20 md-y20 lg-y20 res-text\">\n                                <div class=\"text-box-content text dark\">\n              \n              <div class=\"text-inner text-center\">\n                  \n\t<div id=\"text-947594332\" class=\"text\">\n\t\t\n<h3 style=\"color: #fff!important;\"><strong>la relazione tra sport<br \/>e salute fisica e mentale<\/strong><\/p>\n\t\t\n<style>\n#text-947594332 {\n  font-size: 0.8rem;\n}\n<\/style>\n\t<\/div>\n\t\n              <\/div>\n           <\/div>\n                            \n<style>\n#text-box-2055880556 {\n  width: 100%;\n}\n#text-box-2055880556 .text-box-content {\n  font-size: 100%;\n}\n<\/style>\n    <\/div>\n \n        <\/div>\n      <\/div>\n\n            \n<style>\n#banner-375417636 {\n  padding-top: 140px;\n}\n#banner-375417636 .overlay {\n  background-color: rgba(0, 60, 113, 0.488);\n}\n#banner-375417636 .banner-bg img {\n  object-position: 0% 66%;\n}\n<\/style>\n  <\/div>\n\n\n\t\t<\/div>\n\t\t\t\t\n<style>\n#col-910493374 > .col-inner {\n  padding: 0px 0px 0px 0px;\n  margin: 0px 0px -20px 0px;\n}\n@media (min-width:550px) {\n  #col-910493374 > .col-inner {\n    padding: 0px 0px 0px 0px;\n  }\n}\n@media (min-width:850px) {\n  #col-910493374 > .col-inner {\n    padding: 0px 0px 0px 0px;\n  }\n}\n<\/style>\n\t<\/div>\n\n\t\n\n\t<div id=\"col-1984657055\" class=\"col medium-3 small-12 large-3\"  >\n\t\t\t\t<div class=\"col-inner\"  >\n\t\t\t\n\t\t\t\n\n  <div class=\"banner has-hover\" id=\"banner-2015309622\">\n          <div class=\"banner-inner fill\">\n        <div class=\"banner-bg fill\" >\n            <img loading=\"lazy\" decoding=\"async\" width=\"1280\" height=\"888\" src=\"https:\/\/www.educazionedigitale.it\/sportcomebenessere\/wp-content\/uploads\/2025\/02\/img2-percorso.jpg\" class=\"bg attachment-original size-original\" alt=\"\" \/>                        <div class=\"overlay\"><\/div>            \n\t<div class=\"is-border\"\n\t\tstyle=\"border-width:4px 4px 0px 0px;\">\n\t<\/div>\n                    <\/div>\n\t\t\n        <div class=\"banner-layers container\">\n            <div class=\"fill banner-link\"><\/div>            \n   <div id=\"text-box-1015991551\" class=\"text-box banner-layer x50 md-x50 lg-x50 y50 md-y50 lg-y50 res-text\">\n                                <div class=\"text-box-content text dark\">\n              \n              <div class=\"text-inner text-center\">\n                  \n\t<div id=\"text-628820914\" class=\"text\">\n\t\t\n<h3 style=\"color: #fff!important;\"><strong>i valori <br \/>e le abitudini sportive<\/strong><\/p>\n\t\t\n<style>\n#text-628820914 {\n  font-size: 0.8rem;\n}\n<\/style>\n\t<\/div>\n\t\n              <\/div>\n           <\/div>\n                            \n<style>\n#text-box-1015991551 {\n  width: 100%;\n}\n#text-box-1015991551 .text-box-content {\n  font-size: 100%;\n}\n<\/style>\n    <\/div>\n \n        <\/div>\n      <\/div>\n\n            \n<style>\n#banner-2015309622 {\n  padding-top: 140px;\n}\n#banner-2015309622 .overlay {\n  background-color: rgba(0, 60, 113, 0.488);\n}\n<\/style>\n  <\/div>\n\n\n\t\t<\/div>\n\t\t\t\t\n<style>\n#col-1984657055 > .col-inner {\n  padding: 0px 0px 0px 0px;\n  margin: 0px 0px -20px 0px;\n}\n@media (min-width:550px) {\n  #col-1984657055 > .col-inner {\n    padding: 0px 0px 0px 0px;\n  }\n}\n@media (min-width:850px) {\n  #col-1984657055 > .col-inner {\n    padding: 0px 0px 0px 0px;\n  }\n}\n<\/style>\n\t<\/div>\n\n\t\n\n\t<div id=\"col-1852525447\" class=\"col medium-6 small-12 large-6\"  >\n\t\t\t\t<div class=\"col-inner\"  >\n\t\t\t\n\t\t\t\n\n  <div class=\"banner has-hover\" id=\"banner-957397075\">\n          <div class=\"banner-inner fill\">\n        <div class=\"banner-bg fill\" >\n            <img loading=\"lazy\" decoding=\"async\" width=\"1280\" height=\"853\" src=\"https:\/\/www.educazionedigitale.it\/sportcomebenessere\/wp-content\/uploads\/2025\/02\/pexels-mikhail-nilov-7530023.jpg\" class=\"bg attachment-original size-original\" alt=\"\" \/>                        <div class=\"overlay\"><\/div>            \n\t<div class=\"is-border\"\n\t\tstyle=\"border-width:4px 0px 0px 0px;\">\n\t<\/div>\n                    <\/div>\n\t\t\n        <div class=\"banner-layers container\">\n            <div class=\"fill banner-link\"><\/div>            \n   <div id=\"text-box-1151500638\" class=\"text-box banner-layer x50 md-x50 lg-x50 y50 md-y50 lg-y50 res-text\">\n                                <div class=\"text-box-content text dark\">\n              \n              <div class=\"text-inner text-center\">\n                  \n\t<div id=\"text-281490580\" class=\"text\">\n\t\t\n<h3 style=\"color: #fff!important;\"><strong>lo sport nell\u2019era di Internet, <br \/>delle app e dell\u2019intelligenza artificiale<\/strong><\/p>\n\t\t\n<style>\n#text-281490580 {\n  font-size: 0.8rem;\n}\n<\/style>\n\t<\/div>\n\t\n              <\/div>\n           <\/div>\n                            \n<style>\n#text-box-1151500638 {\n  width: 100%;\n}\n#text-box-1151500638 .text-box-content {\n  font-size: 100%;\n}\n<\/style>\n    <\/div>\n \n        <\/div>\n      <\/div>\n\n            \n<style>\n#banner-957397075 {\n  padding-top: 140px;\n}\n#banner-957397075 .overlay {\n  background-color: rgba(217, 84, 6, 0.797);\n}\n#banner-957397075 .banner-bg img {\n  object-position: 2% 44%;\n}\n<\/style>\n  <\/div>\n\n\n\t\t<\/div>\n\t\t\t\t\n<style>\n#col-1852525447 > .col-inner {\n  padding: 0px 0px 0px 0px;\n  margin: 0px 0px -20px 0px;\n}\n@media (min-width:550px) {\n  #col-1852525447 > .col-inner {\n    padding: 0px 0px 0px 0px;\n  }\n}\n@media (min-width:850px) {\n  #col-1852525447 > .col-inner {\n    padding: 0px 0px 0px 0px;\n  }\n}\n<\/style>\n\t<\/div>\n\n\t\n\n\t<div id=\"col-486542435\" class=\"col medium-3 small-12 large-3\"  >\n\t\t\t\t<div class=\"col-inner\"  >\n\t\t\t\n\t\t\t\n\n  <div class=\"banner has-hover\" id=\"banner-1707796305\">\n          <div class=\"banner-inner fill\">\n        <div class=\"banner-bg fill\" >\n            <img loading=\"lazy\" decoding=\"async\" width=\"2560\" height=\"1707\" src=\"https:\/\/www.educazionedigitale.it\/sportcomebenessere\/wp-content\/uploads\/2025\/02\/banner-home1-scaled.jpg\" class=\"bg attachment-original size-original\" alt=\"\" \/>                        <div class=\"overlay\"><\/div>            \n\t<div class=\"is-border\"\n\t\tstyle=\"border-width:4px 0px 0px 4px;\">\n\t<\/div>\n                    <\/div>\n\t\t\n        <div class=\"banner-layers container\">\n            <div class=\"fill banner-link\"><\/div>            \n   <div id=\"text-box-316334271\" class=\"text-box banner-layer x50 md-x50 lg-x50 y50 md-y50 lg-y50 res-text\">\n                                <div class=\"text-box-content text dark\">\n              \n              <div class=\"text-inner text-center\">\n                  \n\t<div id=\"text-2840900744\" class=\"text\">\n\t\t\n<h3 style=\"color: #fff!important;\"><strong>lo sport <br \/>\u00e8 anche sostenibilit\u00e0<\/strong><\/p>\n\t\t\n<style>\n#text-2840900744 {\n  font-size: 0.8rem;\n}\n<\/style>\n\t<\/div>\n\t\n              <\/div>\n           <\/div>\n                            \n<style>\n#text-box-316334271 {\n  width: 100%;\n}\n#text-box-316334271 .text-box-content {\n  font-size: 100%;\n}\n<\/style>\n    <\/div>\n \n        <\/div>\n      <\/div>\n\n            \n<style>\n#banner-1707796305 {\n  padding-top: 140px;\n}\n#banner-1707796305 .overlay {\n  background-color: rgba(0, 60, 113, 0.488);\n}\n#banner-1707796305 .banner-bg img {\n  object-position: 0% 100%;\n}\n<\/style>\n  <\/div>\n\n\n\t\t<\/div>\n\t\t\t\t\n<style>\n#col-486542435 > .col-inner {\n  padding: 0px 0px 0px 0px;\n  margin: 0px 0px -20px 0px;\n}\n@media (min-width:550px) {\n  #col-486542435 > .col-inner {\n    padding: 0px 0px 0px 0px;\n  }\n}\n@media (min-width:850px) {\n  #col-486542435 > .col-inner {\n    padding: 0px 0px 0px 0px;\n  }\n}\n<\/style>\n\t<\/div>\n\n\t\n<\/div>\n\t\t<\/div>\n\t\t\t\t\t<\/div>\n\n\t\n<\/div>\n\t\t<\/div>\n\n\t\t\n<style>\n#section_495515598 {\n  padding-top: 30px;\n  padding-bottom: 30px;\n}\n#section_495515598 .section-bg img {\n  object-position: 0% 0%;\n}\n<\/style>\n\t<\/section>\n\t\n","protected":false},"excerpt":{"rendered":"","protected":false},"author":1,"featured_media":0,"parent":0,"menu_order":0,"comment_status":"closed","ping_status":"closed","template":"page-blank.php","meta":{"_monsterinsights_skip_tracking":false,"_monsterinsights_sitenote_active":false,"_monsterinsights_sitenote_note":"","_monsterinsights_sitenote_category":0,"footnotes":""},"class_list":["post-531","page","type-page","status-publish","hentry"],"_links":{"self":[{"href":"https:\/\/www.educazionedigitale.it\/sportcomebenessere\/wp-json\/wp\/v2\/pages\/531","targetHints":{"allow":["GET"]}}],"collection":[{"href":"https:\/\/www.educazionedigitale.it\/sportcomebenessere\/wp-json\/wp\/v2\/pages"}],"about":[{"href":"https:\/\/www.educazionedigitale.it\/sportcomebenessere\/wp-json\/wp\/v2\/types\/page"}],"author":[{"embeddable":true,"href":"https:\/\/www.educazionedigitale.it\/sportcomebenessere\/wp-json\/wp\/v2\/users\/1"}],"replies":[{"embeddable":true,"href":"https:\/\/www.educazionedigitale.it\/sportcomebenessere\/wp-json\/wp\/v2\/comments?post=531"}],"version-history":[{"count":3,"href":"https:\/\/www.educazionedigitale.it\/sportcomebenessere\/wp-json\/wp\/v2\/pages\/531\/revisions"}],"predecessor-version":[{"id":6852,"href":"https:\/\/www.educazionedigitale.it\/sportcomebenessere\/wp-json\/wp\/v2\/pages\/531\/revisions\/6852"}],"wp:attachment":[{"href":"https:\/\/www.educazionedigitale.it\/sportcomebenessere\/wp-json\/wp\/v2\/media?parent=531"}],"curies":[{"name":"wp","href":"https:\/\/api.w.org\/{rel}","templated":true}]}}