{"id":531,"date":"2015-03-13T15:30:41","date_gmt":"2015-03-13T14:30:41","guid":{"rendered":"http:\/\/www.educazionedigitale.it\/storydoing\/?page_id=531"},"modified":"2025-09-12T09:35:37","modified_gmt":"2025-09-12T07:35:37","slug":"progetto","status":"publish","type":"page","link":"https:\/\/www.educazionedigitale.it\/storydoing\/progetto\/","title":{"rendered":"Progetto"},"content":{"rendered":"\t<div id=\"gap-1740316393\" class=\"gap-element clearfix\" style=\"display:block; height:auto;\">\n\t\t\n<style>\n#gap-1740316393 {\n  padding-top: 55px;\n}\n@media (min-width:550px) {\n  #gap-1740316393 {\n    padding-top: 100px;\n  }\n}\n@media (min-width:850px) {\n  #gap-1740316393 {\n    padding-top: 132px;\n  }\n}\n<\/style>\n\t<\/div>\n\t\n\n\t<section class=\"section\" id=\"section_467330365\">\n\t\t<div class=\"section-bg fill\" >\n\t\t\t\t\t\t\t\t\t\n\t\t\t\n\n\t\t<\/div>\n\n\t\t\n\n\t\t<div class=\"section-content relative\">\n\t\t\t\n<div class=\"row row-collapse\"  id=\"row-2078477775\">\n\n\t<div id=\"col-1713047509\" class=\"col small-12 large-12\"  >\n\t\t\t\t<div class=\"col-inner\"  >\n\t\t\t\n\t\t\t\n\t<div id=\"gap-248541892\" class=\"gap-element clearfix hide-for-small\" style=\"display:block; height:auto;\">\n\t\t\n<style>\n#gap-248541892 {\n  padding-top: 30px;\n}\n<\/style>\n\t<\/div>\n\t\n\t<div class=\"img has-hover x md-x lg-x y md-y lg-y\" id=\"image_1735025816\">\n\t\t\t\t\t\t\t\t<div class=\"img-inner dark\" >\n\t\t\t<img loading=\"lazy\" decoding=\"async\" width=\"1857\" height=\"553\" src=\"https:\/\/www.educazionedigitale.it\/storydoing\/wp-content\/uploads\/2025\/04\/bannerprog.png\" class=\"attachment-original size-original\" alt=\"\" srcset=\"https:\/\/www.educazionedigitale.it\/storydoing\/wp-content\/uploads\/2025\/04\/bannerprog.png 1857w, https:\/\/www.educazionedigitale.it\/storydoing\/wp-content\/uploads\/2025\/04\/bannerprog-800x238.png 800w, https:\/\/www.educazionedigitale.it\/storydoing\/wp-content\/uploads\/2025\/04\/bannerprog-1600x476.png 1600w, https:\/\/www.educazionedigitale.it\/storydoing\/wp-content\/uploads\/2025\/04\/bannerprog-768x229.png 768w, https:\/\/www.educazionedigitale.it\/storydoing\/wp-content\/uploads\/2025\/04\/bannerprog-1536x457.png 1536w\" sizes=\"auto, (max-width: 1857px) 100vw, 1857px\" \/>\t\t\t\t\t\t\n\t\t\t\t\t<\/div>\n\t\t\t\t\t\t\t\t\n<style>\n#image_1735025816 {\n  width: 100%;\n}\n<\/style>\n\t<\/div>\n\t\n\t\t<\/div>\n\t\t\t\t\t<\/div>\n\n\t\n\n\t<div id=\"col-204420747\" class=\"col medium-3 small-12 large-3\"  >\n\t\t\t\t<div class=\"col-inner\"  >\n\t\t\t\n\t\t\t\n<h2 style=\"text-align: left; margin-bottom: 15px;\"><span style=\"color: #005157; font-size: 30px; font-family: 'Open Sans'; font-weight: 500;\"><strong>Il progetto<\/strong><\/span><\/h2>\n\t\t<\/div>\n\t\t\t\t\n<style>\n#col-204420747 > .col-inner {\n  padding: 0px 10px 0px 10px;\n  margin: 0px 0px 0px 0px;\n}\n@media (min-width:550px) {\n  #col-204420747 > .col-inner {\n    margin: -35px 0px 0px 0px;\n  }\n}\n<\/style>\n\t<\/div>\n\n\t\n\n\t<div id=\"col-1597764659\" class=\"col small-12 large-12\"  >\n\t\t\t\t<div class=\"col-inner\"  >\n\t\t\t\n\t\t\t\n\t<div id=\"gap-801232408\" class=\"gap-element clearfix\" style=\"display:block; height:auto;\">\n\t\t\n<style>\n#gap-801232408 {\n  padding-top: 15px;\n}\n<\/style>\n\t<\/div>\n\t\n\t<div id=\"text-2474518044\" class=\"text\">\n\t\t\n<h2 style=\"text-align: left; margin-bottom: 15px;\"><span style=\"color: #005157; font-family: 'Open Sans'; font-weight: 300;\"><strong>Un <strong style=\"color:#00ae65;\">approccio innovativo<\/strong> all\u2019Educazione Finanziaria<\/strong><\/span><\/h2>\n\t\t\n<style>\n#text-2474518044 {\n  font-size: 0.95rem;\n}\n<\/style>\n\t<\/div>\n\t\n\t\t<\/div>\n\t\t\t\t\n<style>\n#col-1597764659 > .col-inner {\n  padding: 0px 10px 0px 10px;\n}\n<\/style>\n\t<\/div>\n\n\t\n\n\t<div id=\"col-523328335\" class=\"col small-12 large-12\"  data-animate=\"fadeInLeft\">\n\t\t\t\t<div class=\"col-inner\"  >\n\t\t\t\n\t\t\t\n<p style=\"margin-bottom: 0px;\">I temi dell\u2019educazione finanziaria sono spesso percepiti come distanti dalle nostre attivit\u00e0 quotidiane, soprattutto dai giovani; nel nostro Paese, in particolare, il livello di alfabetizzazione finanziaria \u00e8 tra i pi\u00f9 bassi d\u2019Europa.<\/p>\n\t\t<\/div>\n\t\t\t\t\n<style>\n#col-523328335 > .col-inner {\n  padding: 0px 10px 0px 10px;\n  margin: 0px 0px 0px 0px;\n}\n<\/style>\n\t<\/div>\n\n\t\n<\/div>\n\t\t<\/div>\n\n\t\t\n<style>\n#section_467330365 {\n  padding-top: 30px;\n  padding-bottom: 30px;\n  background-color: rgb(225, 237, 237);\n}\n<\/style>\n\t<\/section>\n\t\n\n\t<section class=\"section\" id=\"section_1293792569\">\n\t\t<div class=\"section-bg fill\" >\n\t\t\t\t\t\t\t\t\t\n\t\t\t\n\n\t\t<\/div>\n\n\t\t\n\n\t\t<div class=\"section-content relative\">\n\t\t\t\n<div class=\"row row-collapse align-center\"  id=\"row-1921551351\">\n\n\t<div id=\"col-1303274736\" class=\"col index medium-8 small-12 large-8\"  data-animate=\"fadeInRight\">\n\t\t\t\t<div class=\"col-inner box-shadow-2\" style=\"background-color:rgb(255,255,255);\" >\n\t\t\t\n\t\t\t\n<p style=\"margin-bottom: 0px; margin-top: 10px; text-align: justify;\">Le competenze in materia di finanza, per\u00f2, sono state riconosciute come una componente essenziale di cittadinanza attiva. Il nostro Governo ha infatti inserito l\u2019educazione finanziaria nell\u2019insegnamento dell\u2019educazione civica; in questo modo, in un\u2019ottica interdisciplinare e trasversale, acquisiscono centralit\u00e0 nel percorso formativo il risparmio, l\u2019investimento e la finanza, in quanto consentono ai cittadini di prendere decisioni economiche informate e di gestire responsabilmente le proprie risorse, comprendendo le implicazioni economiche delle loro scelte, sia personali sia collettive. \u00c8 essenziale, dunque, avvicinare ragazze e ragazzi a questi temi fin dalla scuola, adottando un approccio innovativo che possa coinvolgerli in maniera attiva e dinamica.<\/p>\n\t\t<\/div>\n\t\t\t\t\n<style>\n#col-1303274736 > .col-inner {\n  padding: 40px 20px 40px 20px;\n  margin: 0px 0px 0px 0px;\n  border-radius: 20px;\n}\n@media (min-width:550px) {\n  #col-1303274736 > .col-inner {\n    margin: 20px 0px 0px 40px;\n  }\n}\n<\/style>\n\t<\/div>\n\n\t\n\n\t<div id=\"col-839494207\" class=\"col medium-4 small-12 large-4\"  data-animate=\"blurIn\">\n\t\t\t\t<div class=\"col-inner\"  >\n\t\t\t\n\t\t\t\n\t<div class=\"box has-hover   has-hover box-overlay dark box-text-bottom\" >\n\n\t\t<div class=\"box-image\" style=\"border-radius:10%;\">\n\t\t\t\t\t\t<div class=\"image-cover\" style=\"padding-top:100%;\">\n\t\t\t\t<img loading=\"lazy\" decoding=\"async\" width=\"2560\" height=\"2560\" src=\"https:\/\/www.educazionedigitale.it\/storydoing\/wp-content\/uploads\/2025\/04\/empowering-education-visualizing-financial-planning-future-learning-scaled.jpg\" class=\"attachment- size-\" alt=\"\" srcset=\"https:\/\/www.educazionedigitale.it\/storydoing\/wp-content\/uploads\/2025\/04\/empowering-education-visualizing-financial-planning-future-learning-scaled.jpg 2560w, https:\/\/www.educazionedigitale.it\/storydoing\/wp-content\/uploads\/2025\/04\/empowering-education-visualizing-financial-planning-future-learning-800x800.jpg 800w, https:\/\/www.educazionedigitale.it\/storydoing\/wp-content\/uploads\/2025\/04\/empowering-education-visualizing-financial-planning-future-learning-1600x1600.jpg 1600w, https:\/\/www.educazionedigitale.it\/storydoing\/wp-content\/uploads\/2025\/04\/empowering-education-visualizing-financial-planning-future-learning-340x340.jpg 340w, https:\/\/www.educazionedigitale.it\/storydoing\/wp-content\/uploads\/2025\/04\/empowering-education-visualizing-financial-planning-future-learning-768x768.jpg 768w, https:\/\/www.educazionedigitale.it\/storydoing\/wp-content\/uploads\/2025\/04\/empowering-education-visualizing-financial-planning-future-learning-1536x1536.jpg 1536w, https:\/\/www.educazionedigitale.it\/storydoing\/wp-content\/uploads\/2025\/04\/empowering-education-visualizing-financial-planning-future-learning-2048x2048.jpg 2048w\" sizes=\"auto, (max-width: 2560px) 100vw, 2560px\" \/>\t\t\t\t<div class=\"overlay\" style=\"background-color:1\"><\/div>\t\t\t\t\t\t\t<\/div>\n\t\t\t\t\t<\/div>\n\n\t\t<div class=\"box-text text-center\" >\n\t\t\t<div class=\"box-text-inner\">\n\t\t\t\t\n\t\t\t<\/div>\n\t\t<\/div>\n\t<\/div>\n\t\n\t\t<\/div>\n\t\t\t\t\n<style>\n#col-839494207 > .col-inner {\n  margin: 0px 0px 0px -40px;\n}\n<\/style>\n\t<\/div>\n\n\t\n<\/div>\n\t\t<\/div>\n\n\t\t\n<style>\n#section_1293792569 {\n  padding-top: 30px;\n  padding-bottom: 30px;\n  background-color: rgb(247, 250, 250);\n}\n<\/style>\n\t<\/section>\n\t\n\n\t<section class=\"section\" id=\"section_730377865\">\n\t\t<div class=\"section-bg fill\" >\n\t\t\t\t\t\t\t\t\t\n\t\t\t\n\n\t\t<\/div>\n\n\t\t\n\n\t\t<div class=\"section-content relative\">\n\t\t\t\n\t<div id=\"gap-327036540\" class=\"gap-element clearfix\" style=\"display:block; height:auto;\">\n\t\t\n<style>\n#gap-327036540 {\n  padding-top: 30px;\n}\n<\/style>\n\t<\/div>\n\t\n<div class=\"row row-collapse align-middle align-center\"  id=\"row-858449026\">\n\n\t<div id=\"col-2017206371\" class=\"col hide-for-small medium-4 small-12 large-4\"  data-animate=\"blurIn\">\n\t\t\t\t<div class=\"col-inner\"  >\n\t\t\t\n\t\t\t\n\t<div class=\"box has-hover   has-hover box-overlay dark box-text-bottom\" >\n\n\t\t<div class=\"box-image\" style=\"border-radius:10%;\">\n\t\t\t\t\t\t<div class=\"image-cover\" style=\"padding-top:100%;\">\n\t\t\t\t<img loading=\"lazy\" decoding=\"async\" width=\"2560\" height=\"2560\" src=\"https:\/\/www.educazionedigitale.it\/storydoing\/wp-content\/uploads\/2025\/04\/youngsters-park-studying-scaled.jpg\" class=\"attachment- size-\" alt=\"\" srcset=\"https:\/\/www.educazionedigitale.it\/storydoing\/wp-content\/uploads\/2025\/04\/youngsters-park-studying-scaled.jpg 2560w, https:\/\/www.educazionedigitale.it\/storydoing\/wp-content\/uploads\/2025\/04\/youngsters-park-studying-800x800.jpg 800w, https:\/\/www.educazionedigitale.it\/storydoing\/wp-content\/uploads\/2025\/04\/youngsters-park-studying-1600x1600.jpg 1600w, https:\/\/www.educazionedigitale.it\/storydoing\/wp-content\/uploads\/2025\/04\/youngsters-park-studying-340x340.jpg 340w, https:\/\/www.educazionedigitale.it\/storydoing\/wp-content\/uploads\/2025\/04\/youngsters-park-studying-768x768.jpg 768w, https:\/\/www.educazionedigitale.it\/storydoing\/wp-content\/uploads\/2025\/04\/youngsters-park-studying-1536x1536.jpg 1536w, https:\/\/www.educazionedigitale.it\/storydoing\/wp-content\/uploads\/2025\/04\/youngsters-park-studying-2048x2048.jpg 2048w\" sizes=\"auto, (max-width: 2560px) 100vw, 2560px\" \/>\t\t\t\t<div class=\"overlay\" style=\"background-color:1\"><\/div>\t\t\t\t\t\t\t<\/div>\n\t\t\t\t\t<\/div>\n\n\t\t<div class=\"box-text text-center\" >\n\t\t\t<div class=\"box-text-inner\">\n\t\t\t\t\n\t\t\t<\/div>\n\t\t<\/div>\n\t<\/div>\n\t\n\t\t<\/div>\n\t\t\t\t\n<style>\n#col-2017206371 > .col-inner {\n  margin: 0px 0px 0px 40px;\n}\n<\/style>\n\t<\/div>\n\n\t\n\n\t<div id=\"col-91894625\" class=\"col index medium-8 small-12 large-8\"  data-animate=\"fadeInRight\">\n\t\t\t\t<div class=\"col-inner box-shadow-2\" style=\"background-color:rgb(255,255,255);\" >\n\t\t\t\n\t\t\t\n<p style=\"margin-bottom: 0px; margin-top: 10px; text-align: justify;\">Da questa esigenza nasce <strong style=\"color: #00ae65;\">Story Doing<\/strong>, il percorso didattico che aiuta gli studenti delle scuole secondarie di II grado a conoscere, valutare e pianificare le proprie <strong>scelte finanziarie<\/strong>.<\/p>\n<p style=\"margin-bottom: 0px; margin-top: 10px; text-align: justify;\"><strong style=\"color: #00ae65;\">Story Doing<\/strong> \u00e8 uno dei vincitori del contest <em>B-education: idee che valgono 2023, <\/em>riservato agli studenti universitari; proprio il gruppo vincitore ha ideato il <strong>game situazionale<\/strong> protagonista di questa iniziativa, che coniuga <strong>apprendimento e divertimento<\/strong> per aiutare a comprendere come <strong>le proprie decisioni possano<\/strong> <strong>influenzare il proprio futuro.<\/strong><\/p>\n\t\t<\/div>\n\t\t\t\t\n<style>\n#col-91894625 > .col-inner {\n  padding: 40px 20px 80px 20px;\n  margin: 0px 0px 0px 0px;\n  border-radius: 20px;\n}\n@media (min-width:550px) {\n  #col-91894625 > .col-inner {\n    margin: 0px 0px 0px -40px;\n  }\n}\n<\/style>\n\t<\/div>\n\n\t\n<\/div>\n\t\t<\/div>\n\n\t\t\n<style>\n#section_730377865 {\n  padding-top: 0px;\n  padding-bottom: 0px;\n  background-color: rgb(225, 237, 237);\n}\n<\/style>\n\t<\/section>\n\t\n\n\t<section class=\"section\" id=\"section_1732901395\">\n\t\t<div class=\"section-bg fill\" >\n\t\t\t\t\t\t\t\t\t\n\t\t\t\n\n\t\t<\/div>\n\n\t\t\n\n\t\t<div class=\"section-content relative\">\n\t\t\t\n<div class=\"row row-collapse align-middle align-center\"  id=\"row-735777658\">\n\n\t<div id=\"col-1387685723\" class=\"col index medium-8 small-12 large-8\"  data-animate=\"fadeInRight\">\n\t\t\t\t<div class=\"col-inner box-shadow-2\" style=\"background-color:rgb(255,255,255);\" >\n\t\t\t\n\t\t\t\n<p style=\"margin-bottom: 0px; margin-top: 10px; text-align: justify;\"><strong style=\"color: #00ae65;\">Story Doing<\/strong> crea\u00a0un\u2019esperienza didattica<strong>\u00a0dinamica,<\/strong>\u00a0<strong>personalizzata <\/strong>e che<strong> stimola la curiosit\u00e0<\/strong>, strettamente collegata al potenziamento di skills, quali, per esempio, il <strong>problem solving\u00a0<\/strong>e il <strong>pensiero critico<\/strong>. Grazie alle scelte che effettuano, gli studenti\u00a0<strong>possono esplorare diverse opzioni e conseguenze<\/strong>, imparando in modo attivo e divertente.<\/p>\n<p style=\"margin-bottom: 0px; margin-top: 10px; text-align: justify;\"><strong style=\"color: #00ae65;\">\u00a0<\/strong><\/p>\n<p style=\"margin-bottom: 0px; margin-top: 10px; text-align: justify;\">Le <strong>schede di approfondimento<\/strong> permettono, inoltre, di ampliare le proprie conoscenze.<\/p>\n\t\t<\/div>\n\t\t\t\t\n<style>\n#col-1387685723 > .col-inner {\n  padding: 40px 20px 40px 20px;\n  margin: 0px 0px 0px 40px;\n  border-radius: 20px;\n}\n<\/style>\n\t<\/div>\n\n\t\n\n\t<div id=\"col-1890321363\" class=\"col medium-4 small-12 large-4\"  data-animate=\"blurIn\">\n\t\t\t\t<div class=\"col-inner\"  >\n\t\t\t\n\t\t\t\n\t<div class=\"box has-hover   has-hover box-overlay dark box-text-bottom\" >\n\n\t\t<div class=\"box-image\" style=\"border-radius:10%;\">\n\t\t\t\t\t\t<div class=\"image-cover\" style=\"padding-top:100%;\">\n\t\t\t\t<img loading=\"lazy\" decoding=\"async\" width=\"2560\" height=\"2560\" src=\"https:\/\/www.educazionedigitale.it\/storydoing\/wp-content\/uploads\/2025\/04\/content-people-with-studies-scaled.jpg\" class=\"attachment- size-\" alt=\"\" srcset=\"https:\/\/www.educazionedigitale.it\/storydoing\/wp-content\/uploads\/2025\/04\/content-people-with-studies-scaled.jpg 2560w, https:\/\/www.educazionedigitale.it\/storydoing\/wp-content\/uploads\/2025\/04\/content-people-with-studies-800x800.jpg 800w, https:\/\/www.educazionedigitale.it\/storydoing\/wp-content\/uploads\/2025\/04\/content-people-with-studies-1600x1600.jpg 1600w, https:\/\/www.educazionedigitale.it\/storydoing\/wp-content\/uploads\/2025\/04\/content-people-with-studies-340x340.jpg 340w, https:\/\/www.educazionedigitale.it\/storydoing\/wp-content\/uploads\/2025\/04\/content-people-with-studies-768x768.jpg 768w, https:\/\/www.educazionedigitale.it\/storydoing\/wp-content\/uploads\/2025\/04\/content-people-with-studies-1536x1536.jpg 1536w, https:\/\/www.educazionedigitale.it\/storydoing\/wp-content\/uploads\/2025\/04\/content-people-with-studies-2048x2048.jpg 2048w\" sizes=\"auto, (max-width: 2560px) 100vw, 2560px\" \/>\t\t\t\t<div class=\"overlay\" style=\"background-color:1\"><\/div>\t\t\t\t\t\t\t<\/div>\n\t\t\t\t\t<\/div>\n\n\t\t<div class=\"box-text text-center\" >\n\t\t\t<div class=\"box-text-inner\">\n\t\t\t\t\n\t\t\t<\/div>\n\t\t<\/div>\n\t<\/div>\n\t\n\t\t<\/div>\n\t\t\t\t\n<style>\n#col-1890321363 > .col-inner {\n  margin: -10px 0px 0px -40px;\n}\n@media (min-width:550px) {\n  #col-1890321363 > .col-inner {\n    margin: -60px 0px 0px -40px;\n  }\n}\n<\/style>\n\t<\/div>\n\n\t\n<\/div>\n\t<div id=\"gap-147024268\" class=\"gap-element clearfix\" style=\"display:block; height:auto;\">\n\t\t\n<style>\n#gap-147024268 {\n  padding-top: 90px;\n}\n<\/style>\n\t<\/div>\n\t\n\t\t<\/div>\n\n\t\t\n<style>\n#section_1732901395 {\n  padding-top: 0px;\n  padding-bottom: 0px;\n  background-color: rgb(225, 237, 237);\n}\n<\/style>\n\t<\/section>\n\t\n\n\t<section class=\"section\" id=\"section_931268479\">\n\t\t<div class=\"section-bg fill\" >\n\t\t\t\t\t\t\t\t\t\n\t\t\t\n\n\t\t<\/div>\n\n\t\t\n\n\t\t<div class=\"section-content relative\">\n\t\t\t\n<div class=\"row row-collapse\"  id=\"row-1485948275\">\n\n\t<div id=\"col-473571095\" class=\"col column-back small-12 large-12\"  data-animate=\"fadeInUp\">\n\t\t\t\t<div class=\"col-inner text-center\"  >\n\t\t\t\n\t\t\t\n\t<div id=\"text-1633185581\" class=\"text\">\n\t\t\n<p style=\"margin-bottom:0px\">Porta il game situazionale nelle tue classi!<\/p>\n\t\t\n<style>\n#text-1633185581 {\n  font-size: 1.6rem;\n  text-align: center;\n  color: rgb(255,255,255);\n}\n#text-1633185581 > * {\n  color: rgb(255,255,255);\n}\n<\/style>\n\t<\/div>\n\t\n<a href=\"https:\/\/www.educazionedigitale.it\/storydoing\/game-situazionale\/\" class=\"button primary is-xlarge custom-green\" style=\"border-radius:99px;\">\n\t\t<span>Vai al gioco<\/span>\n\t<\/a>\n\n\t\t<\/div>\n\t\t\t\t\n<style>\n#col-473571095 > .col-inner {\n  padding: 20px 20px 20px 20px;\n  margin: -110px 0px 40px 0px;\n  border-radius: 20px;\n}\n<\/style>\n\t<\/div>\n\n\t\n\n\t<div id=\"col-1452619052\" class=\"col small-12 large-12\"  data-animate=\"fadeInLeft\">\n\t\t\t\t<div class=\"col-inner\"  >\n\t\t\t\n\t\t\t\n\t<div id=\"text-688269083\" class=\"text\">\n\t\t\n<p>Una volta completate le lezioni, gli studenti dovranno effettuare il <strong>TEST DI VERIFICA<\/strong> delle competenze acquisite<br \/>per sbloccare l\u2019<strong style=\"color:#00ae65;\">ATTESTATO DI ORIENTAMENTO<\/strong>.<\/p>\n\t\t\n<style>\n#text-688269083 {\n  text-align: center;\n}\n<\/style>\n\t<\/div>\n\t\n\t<div id=\"gap-1422075190\" class=\"gap-element clearfix\" style=\"display:block; height:auto;\">\n\t\t\n<style>\n#gap-1422075190 {\n  padding-top: 50px;\n}\n<\/style>\n\t<\/div>\n\t\n\t\t<\/div>\n\t\t\t\t\n<style>\n#col-1452619052 > .col-inner {\n  margin: 0px 0px -30px 0px;\n}\n<\/style>\n\t<\/div>\n\n\t\n<\/div>\n\t\t<\/div>\n\n\t\t\n<style>\n#section_931268479 {\n  padding-top: 60px;\n  padding-bottom: 60px;\n  background-color: rgb(193, 217, 217);\n}\n<\/style>\n\t<\/section>\n\t\n","protected":false},"excerpt":{"rendered":"","protected":false},"author":1,"featured_media":0,"parent":0,"menu_order":0,"comment_status":"closed","ping_status":"open","template":"page-blank.php","meta":{"_monsterinsights_skip_tracking":false,"_monsterinsights_sitenote_active":false,"_monsterinsights_sitenote_note":"","_monsterinsights_sitenote_category":0,"footnotes":""},"class_list":["post-531","page","type-page","status-publish","hentry"],"_links":{"self":[{"href":"https:\/\/www.educazionedigitale.it\/storydoing\/wp-json\/wp\/v2\/pages\/531","targetHints":{"allow":["GET"]}}],"collection":[{"href":"https:\/\/www.educazionedigitale.it\/storydoing\/wp-json\/wp\/v2\/pages"}],"about":[{"href":"https:\/\/www.educazionedigitale.it\/storydoing\/wp-json\/wp\/v2\/types\/page"}],"author":[{"embeddable":true,"href":"https:\/\/www.educazionedigitale.it\/storydoing\/wp-json\/wp\/v2\/users\/1"}],"replies":[{"embeddable":true,"href":"https:\/\/www.educazionedigitale.it\/storydoing\/wp-json\/wp\/v2\/comments?post=531"}],"version-history":[{"count":3,"href":"https:\/\/www.educazionedigitale.it\/storydoing\/wp-json\/wp\/v2\/pages\/531\/revisions"}],"predecessor-version":[{"id":6362,"href":"https:\/\/www.educazionedigitale.it\/storydoing\/wp-json\/wp\/v2\/pages\/531\/revisions\/6362"}],"wp:attachment":[{"href":"https:\/\/www.educazionedigitale.it\/storydoing\/wp-json\/wp\/v2\/media?parent=531"}],"curies":[{"name":"wp","href":"https:\/\/api.w.org\/{rel}","templated":true}]}}