{"id":531,"date":"2015-03-13T15:30:41","date_gmt":"2015-03-13T14:30:41","guid":{"rendered":"http:\/\/www.educazionedigitale.it\/unestatecircolare\/?page_id=531"},"modified":"2024-03-06T10:58:24","modified_gmt":"2024-03-06T09:58:24","slug":"come-funziona","status":"publish","type":"page","link":"https:\/\/www.educazionedigitale.it\/unestatecircolare\/come-funziona\/","title":{"rendered":"Come funziona?"},"content":{"rendered":"\n  <div class=\"banner has-hover banner-home\" id=\"banner-1042579860\">\n          <div class=\"banner-inner fill\">\n        <div class=\"banner-bg fill\" >\n            <img loading=\"lazy\" decoding=\"async\" width=\"1920\" height=\"351\" src=\"https:\/\/www.educazionedigitale.it\/unestatecircolare\/wp-content\/uploads\/2022\/04\/bannerint-copia13.png\" class=\"bg attachment-original size-original\" alt=\"\" \/>                                    \n                    <\/div>\n\t\t\n        <div class=\"banner-layers container\">\n            <div class=\"fill banner-link\"><\/div>            \n   <div id=\"text-box-1702781898\" class=\"text-box banner-layer x50 md-x50 lg-x50 y50 md-y50 lg-y50 res-text\">\n                                <div class=\"text-box-content text dark\">\n              \n              <div class=\"text-inner text-center\">\n                  \n              <\/div>\n           <\/div>\n                            \n<style>\n#text-box-1702781898 {\n  width: 60%;\n}\n#text-box-1702781898 .text-box-content {\n  font-size: 100%;\n}\n@media (min-width:550px) {\n  #text-box-1702781898 {\n    width: 60%;\n  }\n}\n<\/style>\n    <\/div>\n \n        <\/div>\n      <\/div>\n\n            \n<style>\n#banner-1042579860 {\n  padding-top: 205px;\n}\n#banner-1042579860 .banner-bg img {\n  object-position: 100% 100%;\n}\n@media (min-width:550px) {\n  #banner-1042579860 {\n    padding-top: 303px;\n  }\n}\n@media (min-width:850px) {\n  #banner-1042579860 {\n    padding-top: 350px;\n  }\n}\n<\/style>\n  <\/div>\n\n\n\n\t<section class=\"section\" id=\"section_1650253200\">\n\t\t<div class=\"section-bg fill\" >\n\t\t\t<img loading=\"lazy\" decoding=\"async\" width=\"1920\" height=\"1000\" src=\"https:\/\/www.educazionedigitale.it\/unestatecircolare\/wp-content\/uploads\/2022\/04\/basesotto-copia.png\" class=\"bg attachment-original size-original\" alt=\"\" \/>\t\t\t\t\t\t<div class=\"section-bg-overlay absolute fill\"><\/div>\n\t\t\t\n\n\t\t<\/div>\n\n\t\t\n\n\t\t<div class=\"section-content relative\">\n\t\t\t\n<div class=\"row\"  id=\"row-1236927112\">\n\n\t<div id=\"col-959723414\" class=\"col small-12 large-12\"  >\n\t\t\t\t<div class=\"col-inner box-shadow-3\" style=\"background-color:rgba(255, 255, 255, 0.82);\" >\n\t\t\t\n\t\t\t\n\t<div id=\"gap-1296116372\" class=\"gap-element clearfix\" style=\"display:block; height:auto;\">\n\t\t\n<style>\n#gap-1296116372 {\n  padding-top: 18px;\n}\n<\/style>\n\t<\/div>\n\t\n<div class=\"row align-middle align-center\"  id=\"row-316699474\">\n\n\t<div id=\"col-1528535445\" class=\"col medium-5 small-12 large-5\"  >\n\t\t\t\t<div class=\"col-inner\"  >\n\t\t\t\n\t\t\t\n\t<div class=\"img has-hover x md-x lg-x y md-y lg-y\" id=\"image_746929917\">\n\t\t\t\t\t\t\t\t<div class=\"img-inner dark\" >\n\t\t\t<img loading=\"lazy\" decoding=\"async\" width=\"576\" height=\"95\" src=\"https:\/\/www.educazionedigitale.it\/unestatecircolare\/wp-content\/uploads\/2022\/04\/come.png\" class=\"attachment-large size-large\" alt=\"\" \/>\t\t\t\t\t\t\n\t\t\t\t\t<\/div>\n\t\t\t\t\t\t\t\t\n<style>\n#image_746929917 {\n  width: 93%;\n}\n<\/style>\n\t<\/div>\n\t\n\t\t<\/div>\n\t\t\t\t\t<\/div>\n\n\t\n\n\t<div id=\"col-112273703\" class=\"col hide-for-small medium-2 small-12 large-2\"  >\n\t\t\t\t<div class=\"col-inner\"  >\n\t\t\t\n\t\t\t\n\t<div class=\"img has-hover x md-x lg-x y md-y lg-y\" id=\"image_1857387474\">\n\t\t\t\t\t\t\t\t<div class=\"img-inner dark\" style=\"margin:-8px -59px 0px 0px;\">\n\t\t\t<img loading=\"lazy\" decoding=\"async\" width=\"1020\" height=\"618\" src=\"https:\/\/www.educazionedigitale.it\/unestatecircolare\/wp-content\/uploads\/2022\/04\/mano2-copia-1600x970.png\" class=\"attachment-large size-large\" alt=\"\" srcset=\"https:\/\/www.educazionedigitale.it\/unestatecircolare\/wp-content\/uploads\/2022\/04\/mano2-copia-1600x970.png 1600w, https:\/\/www.educazionedigitale.it\/unestatecircolare\/wp-content\/uploads\/2022\/04\/mano2-copia-800x485.png 800w, https:\/\/www.educazionedigitale.it\/unestatecircolare\/wp-content\/uploads\/2022\/04\/mano2-copia-768x465.png 768w, https:\/\/www.educazionedigitale.it\/unestatecircolare\/wp-content\/uploads\/2022\/04\/mano2-copia-1536x931.png 1536w, https:\/\/www.educazionedigitale.it\/unestatecircolare\/wp-content\/uploads\/2022\/04\/mano2-copia-2048x1241.png 2048w\" sizes=\"auto, (max-width: 1020px) 100vw, 1020px\" \/>\t\t\t\t\t\t\n\t\t\t\t\t<\/div>\n\t\t\t\t\t\t\t\t\n<style>\n#image_1857387474 {\n  width: 100%;\n}\n<\/style>\n\t<\/div>\n\t\n\t\t<\/div>\n\t\t\t\t\n<style>\n#col-112273703 > .col-inner {\n  margin: 0px -56px 0px 0px;\n}\n<\/style>\n\t<\/div>\n\n\t\n\n\t<div id=\"col-1676395972\" class=\"col medium-5 small-12 large-5\"  >\n\t\t\t\t<div class=\"col-inner text-center\"  >\n\t\t\t\n\t\t\t\n<a data-animate=\"bounceIn\" href=\"https:\/\/www.educazionedigitale.it\/unestatecircolare\/gestione-classi\/?classe=1\" class=\"button primary is-larger box-shadow-2 box-shadow-3-hover expand custom-green\" >\n\t\t<span>ISCRIVI E PARTECIPA<br \/>CON LE TUE CLASSI<\/span>\n\t<\/a>\n\n\t\t<\/div>\n\t\t\t\t\t<\/div>\n\n\t\n<\/div>\n<div class=\"row align-middle align-center\"  id=\"row-442888212\">\n\n\t<div id=\"col-54010896\" class=\"col medium-4 small-12 large-4\"  data-animate=\"bounceIn\">\n\t\t\t\t<div class=\"col-inner\"  >\n\t\t\t\n\t\t\t\n\t<div class=\"img has-hover x md-x lg-x y md-y lg-y\" id=\"image_662983229\">\n\t\t\t\t\t\t\t\t<div class=\"img-inner image-cover dark\" style=\"padding-top:183px;\">\n\t\t\t<img loading=\"lazy\" decoding=\"async\" width=\"1020\" height=\"680\" src=\"https:\/\/www.educazionedigitale.it\/unestatecircolare\/wp-content\/uploads\/2022\/04\/young-woman-taking-picture-with-smartphone-1600x1067.jpg\" class=\"attachment-large size-large\" alt=\"\" srcset=\"https:\/\/www.educazionedigitale.it\/unestatecircolare\/wp-content\/uploads\/2022\/04\/young-woman-taking-picture-with-smartphone-1600x1067.jpg 1600w, https:\/\/www.educazionedigitale.it\/unestatecircolare\/wp-content\/uploads\/2022\/04\/young-woman-taking-picture-with-smartphone-800x533.jpg 800w, https:\/\/www.educazionedigitale.it\/unestatecircolare\/wp-content\/uploads\/2022\/04\/young-woman-taking-picture-with-smartphone-768x512.jpg 768w, https:\/\/www.educazionedigitale.it\/unestatecircolare\/wp-content\/uploads\/2022\/04\/young-woman-taking-picture-with-smartphone-1536x1024.jpg 1536w, https:\/\/www.educazionedigitale.it\/unestatecircolare\/wp-content\/uploads\/2022\/04\/young-woman-taking-picture-with-smartphone-2048x1365.jpg 2048w\" sizes=\"auto, (max-width: 1020px) 100vw, 1020px\" \/>\t\t\t\t\t\t\n\t\t\t\t\t<\/div>\n\t\t\t\t\t\t\t\t\n<style>\n#image_662983229 {\n  width: 100%;\n}\n<\/style>\n\t<\/div>\n\t\n\t\t<\/div>\n\t\t\t\t\t<\/div>\n\n\t\n\n\t<div id=\"col-1291550618\" class=\"col medium-8 small-12 large-8\"  >\n\t\t\t\t<div class=\"col-inner\"  >\n\t\t\t\n\t\t\t\n<p style=\"text-align:justify; margin-bottom: 8px;\">Un\u2019<strong>Estate Circolare <\/strong>\u00e8 il libro fotografico di classe a cui studenti e studentesse lavoreranno durante la pausa estiva, cimentandosi nella <strong>produzione di fotografie originali<\/strong> che rappresentino, secondo il punto di vista di ciascuno, <strong>i principi fondamentali dell\u2019economia circolare<\/strong>, uno dei capisaldi della sostenibilit\u00e0, per poi procedere a <strong>caricarle in autonomia in piattaforma<\/strong>, avendo cura di inserire una didascalia per ogni foto.<\/p>\n\t\t<\/div>\n\t\t\t\t\t<\/div>\n\n\t\n<\/div>\n<div class=\"row\"  id=\"row-2120826453\">\n\n\t<div id=\"col-476480343\" class=\"col small-12 large-12\"  >\n\t\t\t\t<div class=\"col-inner\"  >\n\t\t\t\n\t\t\t\n<p style=\"text-align: justify; margin-bottom: 8px;\">La <strong>raccolta fotografica<\/strong>, attraverso la <strong>rielaborazione personale<\/strong> delle <strong>parole chiave<\/strong> e degli stimoli testuali che sono forniti nei file di istruzioni, consente un <strong>apprendimento<\/strong> che, fuori dalla logica tradizionale del trasferimento del sapere, si basa sulla <strong>sperimentazione <\/strong>e <strong>scoperta individuale<\/strong>.<\/p>\n<p style=\"text-align:justify\">L\u2019attivit\u00e0 creativa \u00e8 adatta agli alunni di tutte le scuole e ad ogni et\u00e0, sia per grandi sia per i pi\u00f9 piccoli; come? Grazie a due diversi file di <strong>ISTRUZIONI <\/strong>diversificate per target di riferimento (<strong>8-12 anni e 13-18 anni<\/strong>) ma che permettono a tutti di dedicarsi agli stessi mandati. Bambini e ragazzi potranno coinvolgere anche le famiglie, rendendole partecipi degli scatti e condividendo con loro le proprie idee.<\/p>\n\t\t<\/div>\n\t\t\t\t\t<\/div>\n\n\t\n<\/div>\n<div class=\"row align-middle align-center\"  id=\"row-1092583216\">\n\n\t<div id=\"col-780861757\" class=\"col medium-8 small-12 large-8\"  >\n\t\t\t\t<div class=\"col-inner\"  >\n\t\t\t\n\t\t\t\n<p style=\"text-align: justify; margin-bottom: 8px; font-size: 140%; font-weight: 800;\"><u>Qual \u00e8 il compito dell\u2019insegnante?<\/u><\/p>\n<p style=\"text-align: justify; margin-bottom: 8px;\">Per prendere parte all\u2019iniziativa didattica gratuita, \u00e8 sufficiente <strong>iscrivere le proprie classi<\/strong> tramite l\u2019apposito pulsante (<strong>ISCRIVI E PARTECIPA CON LE TUE CLASSI<\/strong>) e <strong>distribuire ai tuoi studenti le credenziali d\u2019accesso<\/strong> generate dal sistema, che permetteranno a ciascuno di caricare i propri elaborati.<\/p>\n<p style=\"text-align: justify; margin-bottom: 8px;\">Una volta effettuata l\u2019iscrizione, presenta e spiega a bambini e ragazzi l\u2019avvincente attivit\u00e0 che li vedr\u00e0 protagonisti nel corso delle vacanze estive. Ogni studente e studentessa <strong>lavora in autonomia <\/strong>secondo delle tempistiche personali o preventivamente concordate con te, che potrai, a tua discrezione, <strong>verificare l\u2019avanzamento dell\u2019attivit\u00e0<\/strong> semplicemente collegandoti alla piattaforma.<\/p>\n<p style=\"text-align: justify; margin-bottom: 8px;\">Al rientro dalla pausa estiva, avrai il compito di avviare un <strong>brainstorming <\/strong>per permettere agli studenti di <strong>condividere in classe<\/strong> le fotografie che hanno scattato, cercando di presentare ai compagni le <strong>proprie idee e i propri punti di vista<\/strong>.<\/p>\n\t\t<\/div>\n\t\t\t\t\t<\/div>\n\n\t\n\n\t<div id=\"col-270314483\" class=\"col medium-4 small-12 large-4\"  data-animate=\"bounceIn\">\n\t\t\t\t<div class=\"col-inner\"  >\n\t\t\t\n\t\t\t\n\t<div class=\"img has-hover x md-x lg-x y md-y lg-y\" id=\"image_974343041\">\n\t\t\t\t\t\t\t\t<div class=\"img-inner image-cover dark\" style=\"padding-top:461px;\">\n\t\t\t<img loading=\"lazy\" decoding=\"async\" width=\"1020\" height=\"680\" src=\"https:\/\/www.educazionedigitale.it\/unestatecircolare\/wp-content\/uploads\/2022\/04\/cheerful-teacher-class-1600x1067.jpg\" class=\"attachment-large size-large\" alt=\"\" srcset=\"https:\/\/www.educazionedigitale.it\/unestatecircolare\/wp-content\/uploads\/2022\/04\/cheerful-teacher-class-1600x1067.jpg 1600w, https:\/\/www.educazionedigitale.it\/unestatecircolare\/wp-content\/uploads\/2022\/04\/cheerful-teacher-class-800x533.jpg 800w, https:\/\/www.educazionedigitale.it\/unestatecircolare\/wp-content\/uploads\/2022\/04\/cheerful-teacher-class-768x512.jpg 768w, https:\/\/www.educazionedigitale.it\/unestatecircolare\/wp-content\/uploads\/2022\/04\/cheerful-teacher-class-1536x1024.jpg 1536w, https:\/\/www.educazionedigitale.it\/unestatecircolare\/wp-content\/uploads\/2022\/04\/cheerful-teacher-class-2048x1365.jpg 2048w\" sizes=\"auto, (max-width: 1020px) 100vw, 1020px\" \/>\t\t\t\t\t\t\n\t\t\t\t\t<\/div>\n\t\t\t\t\t\t\t\t\n<style>\n#image_974343041 {\n  width: 100%;\n}\n<\/style>\n\t<\/div>\n\t\n\t\t<\/div>\n\t\t\t\t\t<\/div>\n\n\t\n\n\t<div id=\"col-1950801241\" class=\"col small-12 large-12\"  >\n\t\t\t\t<div class=\"col-inner\"  >\n\t\t\t\n\t\t\t\n<p style=\"text-align: justify; margin-bottom: 8px;\">Alla fine del momento di <em>brainstorming<\/em>, potrai procedere a validare, con un click, gli elaborati degli studenti e scaricare <strong>l\u2019ebook fotografico di classe<\/strong>, che sar\u00e0 visibile nella sezione <strong>GALLERY <\/strong>per tutte le scuole italiane che vorranno conoscere il lavoro tuo e delle tue classi.<\/p>\n<p style=\"text-align: justify; margin-bottom: 8px;\">In fase di validazione del libro fotografico di classe, ti chiediamo un\u2019<strong>attenzione particolare <\/strong>a verificare che le foto dei tuoi studenti non siano compromettenti, che siano il frutto della reale rielaborazione dei ragazzi e che non ritraggano volti di persone (<strong>non devono essere validate foto copiate da Internet o da altri compagni di classe<\/strong>.) Nel caso in cui gli studenti caricassero scatti di questo tipo e il docente ritenesse opportuno pubblicare l\u2019elaborato, occorrer\u00e0 che prima prenda contatto con noi per richiedere la liberatoria da far firmare e restituire.<\/p>\n<div class=\"row\"  id=\"row-977203786\">\n\n\t<div id=\"col-1119395626\" class=\"col small-12 large-12\"  data-animate=\"bounceIn\">\n\t\t\t\t<div class=\"col-inner\" style=\"background-color:#ff6400;\" >\n\t\t\t\n\t\t\t\n\t<div id=\"text-1607033680\" class=\"text\">\n\t\t\n<p align=\"CENTER\"><span style=\"font-size: 25px;\"><b>NOTA TECNICA<\/b><\/span><\/p>\n<p style=\"text-align: justify;margin-bottom:0px\"><span style=\"font-size: medium;\"><b>Studenti e studentesse potranno caricare le fotografie ENTRO E NON OLTRE il 31 Agosto 2024, pertanto dopo questa data NON sar\u00e0 possibile apportare modifiche al lavoro. Ti consigliamo, quindi, di dare un&#8217;occhiata all&#8217;operato degli studenti entro questo termine, in modo che il brainstorming finale possa focalizzarsi su un lavoro definitivo e gi\u00e0 verificato.<\/b><\/span><\/p>\n\t\t\n<style>\n#text-1607033680 {\n  color: rgb(255, 255, 255);\n}\n#text-1607033680 > * {\n  color: rgb(255, 255, 255);\n}\n<\/style>\n\t<\/div>\n\t\n\t\t<\/div>\n\t\t\t\t\n<style>\n#col-1119395626 > .col-inner {\n  padding: 15px 15px 15px 15px;\n  margin: 15px 0px 0px 0px;\n}\n<\/style>\n\t<\/div>\n\n\t\n<\/div>\n\t\t<\/div>\n\t\t\t\t\n<style>\n#col-1950801241 > .col-inner {\n  margin: -23px 0px 0px 0px;\n}\n<\/style>\n\t<\/div>\n\n\t\n<\/div>\n<div class=\"row align-middle align-center\"  id=\"row-2133201100\">\n\n\t<div id=\"col-1427612540\" class=\"col medium-4 small-12 large-4\"  data-animate=\"bounceIn\">\n\t\t\t\t<div class=\"col-inner\"  >\n\t\t\t\n\t\t\t\n\t<div class=\"img has-hover x md-x lg-x y md-y lg-y\" id=\"image_1773539398\">\n\t\t\t\t\t\t\t\t<div class=\"img-inner image-cover dark\" style=\"padding-top:343px;\">\n\t\t\t<img loading=\"lazy\" decoding=\"async\" width=\"1020\" height=\"680\" src=\"https:\/\/www.educazionedigitale.it\/unestatecircolare\/wp-content\/uploads\/2022\/04\/students-with-laptop-medium-shot-1600x1067.jpg\" class=\"attachment-large size-large\" alt=\"\" srcset=\"https:\/\/www.educazionedigitale.it\/unestatecircolare\/wp-content\/uploads\/2022\/04\/students-with-laptop-medium-shot-1600x1067.jpg 1600w, https:\/\/www.educazionedigitale.it\/unestatecircolare\/wp-content\/uploads\/2022\/04\/students-with-laptop-medium-shot-800x533.jpg 800w, https:\/\/www.educazionedigitale.it\/unestatecircolare\/wp-content\/uploads\/2022\/04\/students-with-laptop-medium-shot-768x512.jpg 768w, https:\/\/www.educazionedigitale.it\/unestatecircolare\/wp-content\/uploads\/2022\/04\/students-with-laptop-medium-shot-1536x1024.jpg 1536w, https:\/\/www.educazionedigitale.it\/unestatecircolare\/wp-content\/uploads\/2022\/04\/students-with-laptop-medium-shot-2048x1365.jpg 2048w\" sizes=\"auto, (max-width: 1020px) 100vw, 1020px\" \/>\t\t\t\t\t\t\n\t\t\t\t\t<\/div>\n\t\t\t\t\t\t\t\t\n<style>\n#image_1773539398 {\n  width: 100%;\n}\n<\/style>\n\t<\/div>\n\t\n\t\t<\/div>\n\t\t\t\t\t<\/div>\n\n\t\n\n\t<div id=\"col-222718189\" class=\"col medium-8 small-12 large-8\"  >\n\t\t\t\t<div class=\"col-inner\"  >\n\t\t\t\n\t\t\t\n<p style=\"text-align: justify; margin-bottom: 8px; font-size: 140%; font-weight: 800;\"><u>Qual \u00e8 il compito degli studenti? <\/u><\/p>\n<p style=\"text-align: justify; margin-bottom: 8px;\">Studenti e studentesse, una volta in possesso delle credenziali, potranno prima <strong>leggere le istruzioni<\/strong> fornite dall\u2019insegnate e, conseguentemente, dedicarsi all\u2019<strong>attivit\u00e0 fotografica, <\/strong>che potranno svolgere con la<strong> collaborazione della famiglia <\/strong>(per i pi\u00f9 piccoli) o in<strong> autonomia. <\/strong>Nelle istruzioni sono presenti <strong>7 unit\u00e0 tematiche<\/strong> sull\u2019economia circolare, corredate da suggerimenti e stimoli testuali stimoli che serviranno agli alunni per la produzione delle proprie foto originali, con le quali cercheranno di dare voce alle <strong>proprie emozioni<\/strong>, al <strong>proprio punto di vista<\/strong> e al <strong>proprio modo di leggere ci\u00f2 che li circonda<\/strong>. Per ogni unit\u00e0 ciascuno dovr\u00e0 produrre una foto e scrivere un <strong>titolo descrittivo<\/strong> che rappresenti il proprio scatto.<\/p>\n\t\t<\/div>\n\t\t\t\t\t<\/div>\n\n\t\n\n\t<div id=\"col-291530352\" class=\"col small-12 large-12\"  >\n\t\t\t\t<div class=\"col-inner\"  >\n\t\t\t\n\t\t\t\n<p style=\"text-align: justify; margin-bottom: 8px;\">Una volta scattate, le fotografie potranno essere caricate in piattaforma facendo <strong>LOG IN<\/strong> con le credenziali e cliccando su <strong>CARICA GLI ELABORATI<\/strong>.<\/p>\n<p style=\"margin-bottom: 8px; text-align: justify;\">Al rientro dalla pausa estiva, <strong>ragazze e ragazzi<\/strong> dovranno <strong>condividere con i compagni di classe le fotografie che hanno prodotto<\/strong>, illustrando le proprie idee e confrontando il proprio punto di vista con quello degli altri.<\/p>\n<p style=\"text-align: justify; margin-bottom: 8px;\"><span style=\"font-size: medium;\">Ricorda ai tuoi studenti di seguire le <\/span><span style=\"font-size: medium;\"><b>linee guida<\/b><\/span><span style=\"font-size: medium;\"> inerenti alle fotografie da scattare; le immagini che non ritieni valide potranno essere modificate dalle classi <\/span><span style=\"font-size: medium;\"><b>ENTRO E NON OLTRE IL 31 Agosto 2024<\/b><\/span><span style=\"font-size: medium;\">.<\/span><\/p>\n<p style=\"text-align: justify; margin-bottom: 8px;\">Il libro digitale Un\u2019Estate Circolare sar\u00e0 visibile, nella sezione <strong>GALLERY<\/strong>, da tutte le scuole italiane, che avranno modo di <strong>apprezzare il lavoro svolto da altre classi<\/strong> e conoscere punti di vista sul mondo diversi.<\/p>\n\t\t<\/div>\n\t\t\t\t\n<style>\n#col-291530352 > .col-inner {\n  margin: -21px 0px 0px 0px;\n}\n<\/style>\n\t<\/div>\n\n\t\n<\/div>\n<div class=\"row row-collapse align-middle align-center\"  id=\"row-1416561309\">\n\n\t<div id=\"col-1240675544\" class=\"col small-12 large-12\"  >\n\t\t\t\t<div class=\"col-inner\"  >\n\t\t\t\n\t\t\t\n<div style=\"width: 100%; height: auto; background:#009655; padding: 7px; text-align:center; margin-top:0px; border-radius:20px\">\n<img decoding=\"async\" src=\"https:\/\/www.educazionedigitale.it\/unestatecircolare\/wp-content\/uploads\/2022\/04\/titoli-copia3.png\" style=\"width:70%; margin-bottom:5px; margin-top:5px\"\/><\/p>\n<div style=\"text-align:center; margin-bottom:5px; \"><a href=\"#invita\"><img decoding=\"async\" src=\"https:\/\/www.educazionedigitale.it\/unestatecircolare\/wp-content\/uploads\/2022\/04\/maileng.png\" width=\"40\" class=\"strumento-zoom\"\/><\/a>&nbsp;&nbsp;<a href=\"https:\/\/www.facebook.com\/sharer\/sharer.php?u=https:\/\/www.educazionedigitale.it\/unestatecircolare\/registrazione\" target=\"_blank\" rel=\"noopener noreferrer\"><img decoding=\"async\" src=\"https:\/\/www.educazionedigitale.it\/unestatecircolare\/wp-content\/uploads\/2022\/04\/facebookeng.png\" width=\"40\" class=\"strumento-zoom\"\/><\/a>&nbsp;&nbsp;<a href=\"https:\/\/twitter.com\/intent\/tweet?url=https:\/\/www.educazionedigitale.it\/unestatecircolare\/registrazione&#038;text=Registrati su EducazioneDigitale.it\" target=\"_blank\" rel=\"noopener noreferrer\"><img decoding=\"async\" src=\"https:\/\/www.educazionedigitale.it\/unestatecircolare\/wp-content\/uploads\/2022\/04\/twittereng.png\" width=\"40\" class=\"strumento-zoom\"\/><\/a>&nbsp;&nbsp;<a href=\"https:\/\/api.whatsapp.com\/send?text=https:\/\/www.educazionedigitale.it\/unestatecircolare\/registrazione\" target=\"_blank\" rel=\"noopener noreferrer\"><img decoding=\"async\" src=\"https:\/\/www.educazionedigitale.it\/unestatecircolare\/wp-content\/uploads\/2022\/04\/whatsappeng.png\" width=\"40\" class=\"strumento-zoom\"\/><\/a><\/div>\n<\/div>\n\t<div id=\"gap-390414736\" class=\"gap-element clearfix\" style=\"display:block; height:auto;\">\n\t\t\n<style>\n#gap-390414736 {\n  padding-top: 30px;\n}\n<\/style>\n\t<\/div>\n\t\n\t\t<\/div>\n\t\t\t\t\t<\/div>\n\n\t\n<\/div>\n\t\t<\/div>\n\t\t\t\t\n<style>\n#col-959723414 > .col-inner {\n  padding: 15px 25px 15px 25px;\n  margin: 8px 0px 0px 0px;\n  border-radius: 20px;\n}\n@media (min-width:850px) {\n  #col-959723414 > .col-inner {\n    margin: -26px 0px 0px 0px;\n  }\n}\n<\/style>\n\t<\/div>\n\n\t\n<\/div>\n\t<div id=\"gap-1218520585\" class=\"gap-element clearfix\" style=\"display:block; height:auto;\">\n\t\t\n<style>\n#gap-1218520585 {\n  padding-top: 10px;\n}\n<\/style>\n\t<\/div>\n\t\n\t<div id=\"invita\"\n\t     class=\"lightbox-by-id lightbox-content mfp-hide lightbox-white \"\n\t     style=\"max-width:800px ;padding:20px\">\n\t\t<div class=\"container section-title-container\" ><h3 class=\"section-title section-title-normal\"><b aria-hidden=\"true\"><\/b><span class=\"section-title-main\" >Invita un collega<\/span><b aria-hidden=\"true\"><\/b><\/h3><\/div><div class=\"container section-title-container\" ><h3 class=\"section-title section-title-normal\"><b aria-hidden=\"true\"><\/b><span class=\"section-title-main\" >Invita una\/un collega a registrarsi a &quot;Un'Estate Circolare&quot;<\/span><b aria-hidden=\"true\"><\/b><\/h3><\/div>    \n\t<meta charset=\"utf-8\">\n\t\n    <p style=\"text-align:justify;\">\n                    <a style=\"color:var(--primary-color)\"><b>INVITA COLLEGHE e COLLEGHI<\/b><\/a> a iscriversi al percorso <a style=\"color:var(--primary-color)\"><b>\"Un'Estate Circolare\"<\/b><\/a> di  Educazione Digitale e seleziona gli argomenti per cui pensi possa essere importante la loro partecipazione.<br \/>\n            Potrete lavorare insieme per costruire interessanti lezioni interdisciplinari.<br \/>\n            Inoltre, <a style=\"color:var(--primary-color)\"><b>pi\u00f9 colleghe\/i si iscriveranno grazie a te<\/b><\/a>, maggiori saranno i <a style=\"color:var(--primary-color)\"><b>vantaggi riservati<\/b><\/a> sul nostro shop!\n            <\/p>\n\t\n    \t\t<p align=\"center\">\n                            Esegui il <a class=\"button button-primary custom-green\" href=\"#login\">LOGIN<\/a>\n                    <\/p>\n\t\t<\/div>\n\t\n\t\n\t\t<\/div>\n\n\t\t\n<style>\n#section_1650253200 {\n  padding-top: 30px;\n  padding-bottom: 30px;\n  background-color: #3ec094;\n}\n#section_1650253200 .section-bg-overlay {\n  background-color: rgba(62, 192, 148, 0.657);\n}\n#section_1650253200 .section-bg img {\n  object-position: 50% 100%;\n}\n<\/style>\n\t<\/section>\n\t\n","protected":false},"excerpt":{"rendered":"","protected":false},"author":1,"featured_media":0,"parent":0,"menu_order":0,"comment_status":"closed","ping_status":"closed","template":"page-blank.php","meta":{"_monsterinsights_skip_tracking":false,"_monsterinsights_sitenote_active":false,"_monsterinsights_sitenote_note":"","_monsterinsights_sitenote_category":0,"footnotes":""},"class_list":["post-531","page","type-page","status-publish","hentry"],"_links":{"self":[{"href":"https:\/\/www.educazionedigitale.it\/unestatecircolare\/wp-json\/wp\/v2\/pages\/531","targetHints":{"allow":["GET"]}}],"collection":[{"href":"https:\/\/www.educazionedigitale.it\/unestatecircolare\/wp-json\/wp\/v2\/pages"}],"about":[{"href":"https:\/\/www.educazionedigitale.it\/unestatecircolare\/wp-json\/wp\/v2\/types\/page"}],"author":[{"embeddable":true,"href":"https:\/\/www.educazionedigitale.it\/unestatecircolare\/wp-json\/wp\/v2\/users\/1"}],"replies":[{"embeddable":true,"href":"https:\/\/www.educazionedigitale.it\/unestatecircolare\/wp-json\/wp\/v2\/comments?post=531"}],"version-history":[{"count":3,"href":"https:\/\/www.educazionedigitale.it\/unestatecircolare\/wp-json\/wp\/v2\/pages\/531\/revisions"}],"predecessor-version":[{"id":5531,"href":"https:\/\/www.educazionedigitale.it\/unestatecircolare\/wp-json\/wp\/v2\/pages\/531\/revisions\/5531"}],"wp:attachment":[{"href":"https:\/\/www.educazionedigitale.it\/unestatecircolare\/wp-json\/wp\/v2\/media?parent=531"}],"curies":[{"name":"wp","href":"https:\/\/api.w.org\/{rel}","templated":true}]}}