{"id":1242,"date":"2015-05-29T15:57:12","date_gmt":"2015-05-29T13:57:12","guid":{"rendered":"http:\/\/www.educazionedigitale.it\/unstoppable\/?page_id=1242"},"modified":"2023-06-21T16:17:06","modified_gmt":"2023-06-21T14:17:06","slug":"privacy-policy","status":"publish","type":"page","link":"https:\/\/www.educazionedigitale.it\/unstoppable\/privacy-policy\/","title":{"rendered":"Privacy policy"},"content":{"rendered":"<div class=\"container section-title-container\" ><h3 class=\"section-title section-title-normal\"><b aria-hidden=\"true\"><\/b><span class=\"section-title-main\" >Informativa sulla Privacy<\/span><b aria-hidden=\"true\"><\/b><\/h3><\/div>\n<p style=\"text-align: justify;\"><strong>INFORMATIVA SULLA PRIVACY DI CIVICAMENTE<br \/>\nData di entrata in vigore: 24 maggio 2018<\/strong><br \/>\nBenvenuto su Educazione Digitale.<br \/>\nEducazioneDigitale.it \u00e8 una piattaforma di propriet\u00e0 di Civicamente srl, titolare del trattamento dei dati, con sede legale in Via Foscolo 10, 25080 Padenghe sul Garda (BS). L\u2019indirizzo e-mail del nostro Privacy Officer \u00e8 <a href=\"mailto:ines.lazzarini@civicamente.it\">ines.lazzarini@civicamente.it<\/a><\/p>\n<p style=\"text-align: justify;\">La tua privacy \u00e8 per noi molto importante e per questo desideriamo comunicarti le modalit\u00e0 con le quali raccogliamo e usiamo le informazioni che ti riguardano. La nostra Azienda presta da sempre particolare attenzione al trattamento e alla protezione dei dati personali dei propri Clienti, Community, Utenti, Fornitori, Collaboratori e di tutti coloro con i quali entra in rapporto. Per tale motivo, al fine di garantire il massimo rispetto del Regolamento UE 2016\/679, Civicamente ha adottato un idoneo Modello Organizzativo Privacy. Il Codice e il Regolamento in oggetto prevedono che chi effettua trattamenti di dati personali  \u00e8 tenuto ad informare il soggetto interessato, su quali dati vengano trattati e su taluni elementi qualificanti il trattamento: esso deve avvenire con correttezza, liceit\u00e0 e trasparenza, tutelando la tua riservatezza ed i tuoi diritti. Conformemente a quanto previsto dagli articoli 13 e 14 del Regolamento UE 2016\/679, ti forniamo le seguenti informazioni.<\/p>\n<div class=\"container section-title-container\" ><h3 class=\"section-title section-title-normal\"><b aria-hidden=\"true\"><\/b><span class=\"section-title-main\" >PERCH\u00c9 QUESTA INFORMATIVA E A CHI \u00c8 RIVOLTA?<\/span><b aria-hidden=\"true\"><\/b><\/h3><\/div>\n<p style=\"text-align: justify;\">In questa pagina si descrivono le modalit\u00e0 di trattamento dei dati personali degli Utenti, dei Clienti e dei Fornitori della nostra Azienda, ovvero quali informazioni raccogliamo, come le raccogliamo, cosa ne facciamo, come le proteggiamo, quanto a lungo le conserviamo e i diritti degli Interessati rispetto alle proprie informazioni.<br \/>\n<strong>In Breve<\/strong> Questa informativa, indirizzata a Utenti, Studenti, Docenti, Community, Clienti, Fornitori e Collaboratori, descrive le nostre pratiche in materia di privacy.<\/p>\n<div class=\"container section-title-container\" ><h3 class=\"section-title section-title-normal\"><b aria-hidden=\"true\"><\/b><span class=\"section-title-main\" >QUALI INFORMAZIONI RACCOGLIAMO?<\/span><b aria-hidden=\"true\"><\/b><\/h3><\/div>\n<p style=\"text-align: justify;\"><strong>Studenti<\/strong><br \/>\nRaccogliamo informazioni relative a studenti di enti pubblici e privati e giovani che hanno concluso il loro percorso formativo e sono protagonisti dei primi anni di lavoro per formare e sensibilizzare su temi valoriali anche con riguardo alle competenze del futuro ed invitare ad eventi, anche interattivi, di interesse educativo, nel costante principio di gratuit\u00e0 di tutti i contenuti offerti.<br \/>\nLe informazioni riguardano dettagli di contatto (e-mail, numero di telefono) residenza, scuola o universit\u00e0 frequentata, interessi lavorativi e di studio, dati anagrafici, nonch\u00e9 altri dati di natura comune.<\/p>\n<p style=\"text-align: justify;\"><strong>Docenti<\/strong><br \/>\nRaccogliamo informazioni relative a docenti di scuole pubbliche e private di ogni ordine e grado per mettere a loro disposizione, gratuitamente, contenuti digitali di sensibilizzazione, percorsi di FSL per le loro classi ed eventi digitali formativi.<br \/>\nLe informazioni riguardano dettagli di contatto (e-mail, numero di telefono) dati anagrafici, nonch\u00e9 altri dati di natura comune.<\/p>\n<p style=\"text-align: justify;\"><strong>Sponsor e fornitori<\/strong><br \/>\nRaccogliamo informazioni relative al ruolo professionale della persona all\u2019interno dell\u2019organizzazione istituzionale o aziendale ed alla categoria alla quale l\u2019organizzazione appartiene.<br \/>\nLe informazioni riguardano dettagli di contatto (e-mail, numero di telefono) dati anagrafici, nonch\u00e9 altri dati di natura comune e informazioni non personali (relative a persone giuridiche).<\/p>\n<div class=\"container section-title-container\" ><h3 class=\"section-title section-title-normal\"><b aria-hidden=\"true\"><\/b><span class=\"section-title-main\" >PERCH\u00c9 RACCOGLIAMO DATI PERSONALI?<\/span><b aria-hidden=\"true\"><\/b><\/h3><\/div>\n<p style=\"text-align: justify;\">Raccogliamo tali informazioni per le seguenti finalit\u00e0:<br \/>\n\u2013 tenerti aggiornato su nuovi percorsi educativi, eventi formativi, webinar di formazione;<br \/>\n\u2013 veicolare inviti di carattere gratuito per eventi di interesse formativo, educativo;<br \/>\n\u2013 fornirti contenuti di interesse per il tuo profilo professionale e culturale;<br \/>\n\u2013 promuovere corsi di formazione di empowerment personale;<br \/>\n\u2013 perseguire un nostro legittimo interesse, a condizione che non prevalgano tuoi interessi o diritti e libert\u00e0 fondamentali.<\/p>\n<div class=\"container section-title-container\" ><h3 class=\"section-title section-title-normal\"><b aria-hidden=\"true\"><\/b><span class=\"section-title-main\" >OPPOSIZIONE AL TRATTAMENTO PER FINALIT\u00c0 DI MARKETING<\/span><b aria-hidden=\"true\"><\/b><\/h3><\/div>\n<p style=\"text-align: justify;\">Ti ricordiamo che, al momento della raccolta dei tuoi dati e in occasione di ogni comunicazione effettuata per le menzionate finalit\u00e0, potrai opporti al trattamento utilizzando l\u2019apposita funzionalit\u00e0 di opt-out disponibile in ogni comunicazione ricevuta, oppure contattandoci con le modalit\u00e0 indicate in calce alla presente Informativa. Dell\u2019interruzione del trattamento ti verr\u00e0 dato immediato riscontro.<br \/>\n<strong>In Breve<\/strong> Raccogliamo e utilizziamo le informazioni per consentire un\u2019efficace gestione delle nostre community.<\/p>\n<div class=\"container section-title-container\" ><h3 class=\"section-title section-title-normal\"><b aria-hidden=\"true\"><\/b><span class=\"section-title-main\" >CON CHI CONDIVIDIAMO LE TUE INFORMAZIONI?<\/span><b aria-hidden=\"true\"><\/b><\/h3><\/div>\n<p style=\"text-align: justify;\">Per garantire la maggior privacy possibile alla Community di EducazioneDigitale.it ci impegniamo a non comunicare esternamente le tue informazioni; n\u00e9 nei confronti di Clienti, n\u00e9 nei confronti di Fornitori, n\u00e9 nei confronti di altre parti terze.<br \/>\nTi chiediamo, tuttavia, l\u2019autorizzazione a condividere i tuoi dati con il promotore del singolo percorso a cui hai aderito, qualora sia previsto un FSL comprensivo di Project Work (in quei casi condivideremo esclusivamente il nome e cognome delle studentesse e degli studenti che completeranno il mandato operativo), un concorso (in quei casi comunicheremo esclusivamente i dati dei docenti vincitori del concorso stesso), oppure un giveaway (in quei casi sar\u00e0 necessario fornire il tuo nominativo, indirizzo e recapito telefonico personale al promotore ed alla societ\u00e0 di spedizione che si occuper\u00e0 delle consegne dei materiali all\u2019indirizzo da te richiesto).<\/p>\n<div class=\"container section-title-container\" ><h3 class=\"section-title section-title-normal\"><b aria-hidden=\"true\"><\/b><span class=\"section-title-main\" >PER QUANTO TEMPO CONSERVIAMO LE INFORMAZIONI?<\/span><b aria-hidden=\"true\"><\/b><\/h3><\/div>\n<p style=\"text-align: justify;\">Conserviamo le informazioni per un periodo massimo di 12 anni.<\/p>\n<div class=\"container section-title-container\" ><h3 class=\"section-title section-title-normal\"><b aria-hidden=\"true\"><\/b><span class=\"section-title-main\" >I TUOI DIRITTI E COME CONTATTARCI<\/span><b aria-hidden=\"true\"><\/b><\/h3><\/div>\n<p style=\"text-align: justify;\">Ti ricordiamo che hai il diritto in qualunque momento di ottenere la conferma dell\u2019esistenza o meno dei dati personali che ti riguardano e da noi trattati, di conoscerne il contenuto e l\u2019origine, verificarne l\u2019esattezza o chiederne l\u2019integrazione, l\u2019aggiornamento, la rettifica. Hai, inoltre, il diritto di chiedere la cancellazione, la trasformazione in forma anonima o il blocco dei dati trattati in violazione di legge, nonch\u00e9 di chiedere la limitazione o opporti, in ogni caso, per motivi legittimi, al loro trattamento.<br \/>\nLe richieste vanno rivolte:<br \/>\n\u2013 via e-mail, al nostro Privacy Officer: <a href=\"mailto:ines.lazzarini@civicamente.it\">ines.lazzarini@civicamente.it<\/a><br \/>\n<strong>In Breve<\/strong> Puoi chiedere a mezzo e-mail di accedere ai dati personali da noi trattati, chiederne la rettifica o la cancellazione degli stessi. Risponderemo alle richieste entro un lasso di tempo ragionevole e, comunque, non oltre 30 giorni dal loro ricevimento.<\/p>\n<div class=\"row\"  id=\"row-125689588\">\n\n\t<div id=\"col-1458909536\" class=\"col small-12 large-12\"  >\n\t\t\t\t<div class=\"col-inner\"  >\n\t\t\t\n\t\t\t\n<div class=\"is-divider divider clearfix\" style=\"max-width:100%;height:1px;\"><\/div>\n\t<div id=\"text-3570954654\" class=\"text\">\n\t\t\n<p style=\"font-weight:bold\">Per consultare la nostra Cookie Policy <a href=\"..\/cookie-policy\" style=\"text-decoration:underline\">clicca qui<\/a>.<\/p>\n\t\t\n<style>\n#text-3570954654 {\n  font-size: 1.25rem;\n  text-align: left;\n}\n<\/style>\n\t<\/div>\n\t\n\t\t<\/div>\n\t\t\t\t\n<style>\n#col-1458909536 > .col-inner {\n  margin: 10px 0px 0px 0px;\n}\n<\/style>\n\t<\/div>\n\n\t\n<\/div>\n","protected":false},"excerpt":{"rendered":"\n  <div class=\"banner has-hover banner-home\" id=\"banner-1919862333\">\n          <div class=\"banner-inner fill\">\n        <div class=\"banner-bg fill\" >\n            <img width=\"1020\" height=\"132\" src=\"https:\/\/www.educazionedigitale.it\/unstoppable\/wp-content\/uploads\/2021\/11\/bannerint5new-nn-1024x133.png\" class=\"bg attachment-large size-large\" alt=\"\" decoding=\"async\" loading=\"lazy\" \/>                                    \n                    <\/div>\n\t\t\n        <div class=\"banner-layers container\">\n            <div class=\"fill banner-link\"><\/div>               <div id=\"text-box-1476972638\" class=\"text-box banner-layer x10 md-x10 lg-x10 y50 md-y50 lg-y50 res-text\">\n                     <div data-animate=\"fadeIn\">           <div class=\"text-box-content text dark\">\n              \n              <div class=\"text-inner text-left\">\n                  \n              <\/div>\n           <\/div>\n       <\/div>                     \n<style>\n#text-box-1476972638 {\n  width: 60%;\n}\n#text-box-1476972638 .text-box-content {\n  font-size: 100%;\n}\n@media (min-width:550px) {\n  #text-box-1476972638 {\n    width: 80%;\n  }\n}\n<\/style>\n    <\/div>\n         <\/div>\n      <\/div>\n\n            \n<style>\n#banner-1919862333 {\n  padding-top: 250px;\n}\n<\/style>\n  <\/div>\n\n\n","protected":false},"author":1,"featured_media":0,"parent":0,"menu_order":0,"comment_status":"closed","ping_status":"closed","template":"","meta":{"_monsterinsights_skip_tracking":false,"_monsterinsights_sitenote_active":false,"_monsterinsights_sitenote_note":"","_monsterinsights_sitenote_category":0,"footnotes":""},"class_list":["post-1242","page","type-page","status-publish","hentry"],"yoast_head":"<!-- This site is optimized with the Yoast SEO plugin v27.3 - https:\/\/yoast.com\/product\/yoast-seo-wordpress\/ -->\n<title>Privacy policy - Unstoppable<\/title>\n<meta name=\"robots\" content=\"index, follow, max-snippet:-1, max-image-preview:large, max-video-preview:-1\" \/>\n<link rel=\"canonical\" href=\"https:\/\/www.educazionedigitale.it\/unstoppable\/privacy-policy\/\" \/>\n<meta property=\"og:locale\" content=\"it_IT\" \/>\n<meta property=\"og:type\" content=\"article\" \/>\n<meta property=\"og:title\" content=\"Privacy policy - Unstoppable\" \/>\n<meta property=\"og:url\" content=\"https:\/\/www.educazionedigitale.it\/unstoppable\/privacy-policy\/\" \/>\n<meta property=\"og:site_name\" content=\"Unstoppable\" \/>\n<meta property=\"article:modified_time\" content=\"2023-06-21T14:17:06+00:00\" \/>\n<meta name=\"twitter:card\" content=\"summary_large_image\" \/>\n<meta name=\"twitter:description\" content=\"[ux_banner bg=&quot;https:\/\/www.educazionedigitale.it\/unstoppable\/wp-content\/uploads\/2021\/11\/bannerint5new-nn.png&quot; height=&quot;250px&quot; text_color=&quot;light&quot; text_align=&quot;left&quot; text_pos=&quot;left center&quot; text_width=&quot;80%&quot;  class=&quot;banner-home&quot;] [\/ux_banner]\" \/>\n<meta name=\"twitter:label1\" content=\"Tempo di lettura stimato\" \/>\n\t<meta name=\"twitter:data1\" content=\"11 minuti\" \/>\n<script type=\"application\/ld+json\" class=\"yoast-schema-graph\">{\"@context\":\"https:\\\/\\\/schema.org\",\"@graph\":[{\"@type\":\"WebPage\",\"@id\":\"https:\\\/\\\/www.educazionedigitale.it\\\/unstoppable\\\/privacy-policy\\\/\",\"url\":\"https:\\\/\\\/www.educazionedigitale.it\\\/unstoppable\\\/privacy-policy\\\/\",\"name\":\"Privacy policy - Unstoppable\",\"isPartOf\":{\"@id\":\"https:\\\/\\\/www.educazionedigitale.it\\\/unstoppable\\\/#website\"},\"datePublished\":\"2015-05-29T13:57:12+00:00\",\"dateModified\":\"2023-06-21T14:17:06+00:00\",\"inLanguage\":\"it-IT\",\"potentialAction\":[{\"@type\":\"ReadAction\",\"target\":[\"https:\\\/\\\/www.educazionedigitale.it\\\/unstoppable\\\/privacy-policy\\\/\"]}]},{\"@type\":\"WebSite\",\"@id\":\"https:\\\/\\\/www.educazionedigitale.it\\\/unstoppable\\\/#website\",\"url\":\"https:\\\/\\\/www.educazionedigitale.it\\\/unstoppable\\\/\",\"name\":\"Unstoppable\",\"description\":\"\",\"potentialAction\":[{\"@type\":\"SearchAction\",\"target\":{\"@type\":\"EntryPoint\",\"urlTemplate\":\"https:\\\/\\\/www.educazionedigitale.it\\\/unstoppable\\\/?s={search_term_string}\"},\"query-input\":{\"@type\":\"PropertyValueSpecification\",\"valueRequired\":true,\"valueName\":\"search_term_string\"}}],\"inLanguage\":\"it-IT\"}]}<\/script>\n<!-- \/ Yoast SEO plugin. -->","yoast_head_json":{"title":"Privacy policy - Unstoppable","robots":{"index":"index","follow":"follow","max-snippet":"max-snippet:-1","max-image-preview":"max-image-preview:large","max-video-preview":"max-video-preview:-1"},"canonical":"https:\/\/www.educazionedigitale.it\/unstoppable\/privacy-policy\/","og_locale":"it_IT","og_type":"article","og_title":"Privacy policy - Unstoppable","og_url":"https:\/\/www.educazionedigitale.it\/unstoppable\/privacy-policy\/","og_site_name":"Unstoppable","article_modified_time":"2023-06-21T14:17:06+00:00","twitter_card":"summary_large_image","twitter_description":"[ux_banner bg=\"https:\/\/www.educazionedigitale.it\/unstoppable\/wp-content\/uploads\/2021\/11\/bannerint5new-nn.png\" height=\"250px\" text_color=\"light\" text_align=\"left\" text_pos=\"left center\" text_width=\"80%\"  class=\"banner-home\"] [\/ux_banner]","twitter_misc":{"Tempo di lettura stimato":"11 minuti"},"schema":{"@context":"https:\/\/schema.org","@graph":[{"@type":"WebPage","@id":"https:\/\/www.educazionedigitale.it\/unstoppable\/privacy-policy\/","url":"https:\/\/www.educazionedigitale.it\/unstoppable\/privacy-policy\/","name":"Privacy policy - Unstoppable","isPartOf":{"@id":"https:\/\/www.educazionedigitale.it\/unstoppable\/#website"},"datePublished":"2015-05-29T13:57:12+00:00","dateModified":"2023-06-21T14:17:06+00:00","inLanguage":"it-IT","potentialAction":[{"@type":"ReadAction","target":["https:\/\/www.educazionedigitale.it\/unstoppable\/privacy-policy\/"]}]},{"@type":"WebSite","@id":"https:\/\/www.educazionedigitale.it\/unstoppable\/#website","url":"https:\/\/www.educazionedigitale.it\/unstoppable\/","name":"Unstoppable","description":"","potentialAction":[{"@type":"SearchAction","target":{"@type":"EntryPoint","urlTemplate":"https:\/\/www.educazionedigitale.it\/unstoppable\/?s={search_term_string}"},"query-input":{"@type":"PropertyValueSpecification","valueRequired":true,"valueName":"search_term_string"}}],"inLanguage":"it-IT"}]}},"_links":{"self":[{"href":"https:\/\/www.educazionedigitale.it\/unstoppable\/wp-json\/wp\/v2\/pages\/1242","targetHints":{"allow":["GET"]}}],"collection":[{"href":"https:\/\/www.educazionedigitale.it\/unstoppable\/wp-json\/wp\/v2\/pages"}],"about":[{"href":"https:\/\/www.educazionedigitale.it\/unstoppable\/wp-json\/wp\/v2\/types\/page"}],"author":[{"embeddable":true,"href":"https:\/\/www.educazionedigitale.it\/unstoppable\/wp-json\/wp\/v2\/users\/1"}],"replies":[{"embeddable":true,"href":"https:\/\/www.educazionedigitale.it\/unstoppable\/wp-json\/wp\/v2\/comments?post=1242"}],"version-history":[{"count":3,"href":"https:\/\/www.educazionedigitale.it\/unstoppable\/wp-json\/wp\/v2\/pages\/1242\/revisions"}],"predecessor-version":[{"id":2872,"href":"https:\/\/www.educazionedigitale.it\/unstoppable\/wp-json\/wp\/v2\/pages\/1242\/revisions\/2872"}],"wp:attachment":[{"href":"https:\/\/www.educazionedigitale.it\/unstoppable\/wp-json\/wp\/v2\/media?parent=1242"}],"curies":[{"name":"wp","href":"https:\/\/api.w.org\/{rel}","templated":true}]}}