{"id":2953,"date":"2023-08-02T12:59:11","date_gmt":"2023-08-02T10:59:11","guid":{"rendered":"https:\/\/www.educazionedigitale.it\/unstoppable\/?page_id=2953"},"modified":"2023-09-19T18:05:04","modified_gmt":"2023-09-19T16:05:04","slug":"progetto","status":"publish","type":"page","link":"https:\/\/www.educazionedigitale.it\/unstoppable\/progetto\/","title":{"rendered":"Il progetto"},"content":{"rendered":"\n  <div class=\"banner has-hover banner-home\" id=\"banner-1529751540\">\n          <div class=\"banner-inner fill\">\n        <div class=\"banner-bg fill\" >\n            <img loading=\"lazy\" decoding=\"async\" width=\"1920\" height=\"250\" src=\"https:\/\/www.educazionedigitale.it\/unstoppable\/wp-content\/uploads\/2021\/11\/banint1new-nn.png\" class=\"bg attachment-original size-original\" alt=\"\" \/>                                    \n                    <\/div>\n\t\t\n        <div class=\"banner-layers container\">\n            <div class=\"fill banner-link\"><\/div>            \n   <div id=\"text-box-258398067\" class=\"text-box banner-layer x50 md-x50 lg-x50 y50 md-y50 lg-y50 res-text\">\n                                <div class=\"text-box-content text dark\">\n              \n              <div class=\"text-inner text-center\">\n                  \n              <\/div>\n           <\/div>\n                            \n<style>\n#text-box-258398067 {\n  width: 60%;\n}\n#text-box-258398067 .text-box-content {\n  font-size: 100%;\n}\n@media (min-width:550px) {\n  #text-box-258398067 {\n    width: 60%;\n  }\n}\n<\/style>\n    <\/div>\n \n        <\/div>\n      <\/div>\n\n            \n<style>\n#banner-1529751540 {\n  padding-top: 250px;\n}\n#banner-1529751540 .banner-bg img {\n  object-position: 0% 0%;\n}\n<\/style>\n  <\/div>\n\n\n<div class=\"row row-small align-middle align-center\"  id=\"row-1367945992\">\n\n\t<div id=\"col-1925688625\" class=\"col large-12\"  >\n\t\t\t\t<div class=\"col-inner\"  >\n\t\t\t\n\t\t\t\n\t<div id=\"gap-969555120\" class=\"gap-element clearfix\" style=\"display:block; height:auto;\">\n\t\t\n<style>\n#gap-969555120 {\n  padding-top: 20px;\n}\n<\/style>\n\t<\/div>\n\t\n<p style=\"text-align: justify; margin-bottom: 10px;\"><em><strong>Unstoppable<\/strong><\/em> intende fornire a docenti e dirigenti scolastici gli strumenti per affrontare, in classe o a distanza, un tema fondamentale quale quello dell\u2019<strong>inclusione<\/strong>, con particolare riferimento ad una <strong>patologia cronica quale il diabete<\/strong>.<\/p>\n\t\t<\/div>\n\t\t\t\t\t<\/div>\n\n\t\n\n\t<div id=\"col-1745569565\" class=\"col medium-6 large-6\"  >\n\t\t\t\t<div class=\"col-inner\"  >\n\t\t\t\n\t\t\t\n<p style=\"text-align: justify; margin-bottom: 0px;\">Mediante <strong>risorse dedicate alle classi<\/strong>, sar\u00e0 possibile <strong>acquisire conoscenze e competenze<\/strong> per imparare a <strong>superare gli stereotipi<\/strong> e maturare un <strong>approccio esistenziale proiettato alla valorizzazione delle caratteristiche personali<\/strong> e al <strong>rispetto delle peculiarit\u00e0 che caratterizzano ciascuno<\/strong>.<\/p>\n\t\t<\/div>\n\t\t\t\t\t<\/div>\n\n\t\n\n\t<div id=\"col-638694213\" class=\"col medium-6 large-6\"  data-animate=\"fadeInRight\">\n\t\t\t\t<div class=\"col-inner\"  >\n\t\t\t\n\t\t\t\n\t<div class=\"img has-hover x md-x lg-x y md-y lg-y\" id=\"image_1474507545\">\n\t\t\t\t\t\t\t\t<div class=\"img-inner image-cover dark\" style=\"padding-top:222px;\">\n\t\t\t<img loading=\"lazy\" decoding=\"async\" width=\"1020\" height=\"680\" src=\"https:\/\/www.educazionedigitale.it\/unstoppable\/wp-content\/uploads\/2021\/08\/attractive-smiling-man-woman-talking-sitting-bench-urban-city-center-making-notes-1024x683.jpg\" class=\"attachment-large size-large\" alt=\"\" srcset=\"https:\/\/www.educazionedigitale.it\/unstoppable\/wp-content\/uploads\/2021\/08\/attractive-smiling-man-woman-talking-sitting-bench-urban-city-center-making-notes-1024x683.jpg 1024w, https:\/\/www.educazionedigitale.it\/unstoppable\/wp-content\/uploads\/2021\/08\/attractive-smiling-man-woman-talking-sitting-bench-urban-city-center-making-notes-300x200.jpg 300w, https:\/\/www.educazionedigitale.it\/unstoppable\/wp-content\/uploads\/2021\/08\/attractive-smiling-man-woman-talking-sitting-bench-urban-city-center-making-notes-768x512.jpg 768w, https:\/\/www.educazionedigitale.it\/unstoppable\/wp-content\/uploads\/2021\/08\/attractive-smiling-man-woman-talking-sitting-bench-urban-city-center-making-notes.jpg 1500w\" sizes=\"auto, (max-width: 1020px) 100vw, 1020px\" \/>\t\t\t\t\t\t\n\t\t\t\t\t<\/div>\n\t\t\t\t\t\t\t\t\n<style>\n#image_1474507545 {\n  width: 100%;\n}\n<\/style>\n\t<\/div>\n\t\n\t\t<\/div>\n\t\t\t\t\n<style>\n#col-638694213 > .col-inner {\n  margin: 1px 0px 0px 0px;\n}\n<\/style>\n\t<\/div>\n\n\t\n\n\t<div id=\"col-49154108\" class=\"col medium-6 large-6\"  data-animate=\"fadeInLeft\">\n\t\t\t\t<div class=\"col-inner\"  >\n\t\t\t\n\t\t\t\n\t<div class=\"img has-hover x md-x lg-x y md-y lg-y\" id=\"image_1295211011\">\n\t\t\t\t\t\t\t\t<div class=\"img-inner image-cover dark\" style=\"padding-top:220px;\">\n\t\t\t<img loading=\"lazy\" decoding=\"async\" width=\"1707\" height=\"2560\" src=\"https:\/\/www.educazionedigitale.it\/unstoppable\/wp-content\/uploads\/2023\/08\/happy-kid-girl-isolated-coral-pink-studio-background-looks-happy-cheerful-sincere-copyspace-childhood-education-emotions-concept-scaled.jpg\" class=\"attachment-original size-original\" alt=\"\" srcset=\"https:\/\/www.educazionedigitale.it\/unstoppable\/wp-content\/uploads\/2023\/08\/happy-kid-girl-isolated-coral-pink-studio-background-looks-happy-cheerful-sincere-copyspace-childhood-education-emotions-concept-scaled.jpg 1707w, https:\/\/www.educazionedigitale.it\/unstoppable\/wp-content\/uploads\/2023\/08\/happy-kid-girl-isolated-coral-pink-studio-background-looks-happy-cheerful-sincere-copyspace-childhood-education-emotions-concept-200x300.jpg 200w, https:\/\/www.educazionedigitale.it\/unstoppable\/wp-content\/uploads\/2023\/08\/happy-kid-girl-isolated-coral-pink-studio-background-looks-happy-cheerful-sincere-copyspace-childhood-education-emotions-concept-683x1024.jpg 683w, https:\/\/www.educazionedigitale.it\/unstoppable\/wp-content\/uploads\/2023\/08\/happy-kid-girl-isolated-coral-pink-studio-background-looks-happy-cheerful-sincere-copyspace-childhood-education-emotions-concept-768x1152.jpg 768w, https:\/\/www.educazionedigitale.it\/unstoppable\/wp-content\/uploads\/2023\/08\/happy-kid-girl-isolated-coral-pink-studio-background-looks-happy-cheerful-sincere-copyspace-childhood-education-emotions-concept-1024x1536.jpg 1024w, https:\/\/www.educazionedigitale.it\/unstoppable\/wp-content\/uploads\/2023\/08\/happy-kid-girl-isolated-coral-pink-studio-background-looks-happy-cheerful-sincere-copyspace-childhood-education-emotions-concept-1366x2048.jpg 1366w\" sizes=\"auto, (max-width: 1707px) 100vw, 1707px\" \/>\t\t\t\t\t\t\n\t\t\t\t\t<\/div>\n\t\t\t\t\t\t\t\t\n<style>\n#image_1295211011 {\n  width: 100%;\n}\n<\/style>\n\t<\/div>\n\t\n\t<div id=\"gap-1976788317\" class=\"gap-element clearfix\" style=\"display:block; height:auto;\">\n\t\t\n<style>\n#gap-1976788317 {\n  padding-top: 10px;\n}\n<\/style>\n\t<\/div>\n\t\n\t\t<\/div>\n\t\t\t\t\t<\/div>\n\n\t\n\n\t<div id=\"col-364264134\" class=\"col medium-6 large-6\"  >\n\t\t\t\t<div class=\"col-inner\"  >\n\t\t\t\n\t\t\t\n<p><span style=\"color: #cf5009; font-size: 22px; letter-spacing: 2px;\">SCUOLA PRIMARIA<\/span><\/p>\n<p style=\"text-align: justify; margin-top: -20px;\">Grazie al coinvolgente cartoon in tre puntate <strong>&#8220;UN T1PO DI CUI PRENDERSI CURA&#8221; <\/strong>e al divertente fumetto collegato, anche i pi\u00f9 piccoli potranno avvicinarsi all&#8217;argomento e avviare un processo di riflessione, <strong>supportati dall&#8217;insegnante a cui \u00e8 offerta una guida didattica di approfondimento.<\/strong><\/p>\n\t\t<\/div>\n\t\t\t\t\n<style>\n#col-364264134 > .col-inner {\n  margin: 13px 0px 0px 0px;\n}\n<\/style>\n\t<\/div>\n\n\t\n\n\t<div id=\"col-1769001430\" class=\"col medium-6 large-6\"  >\n\t\t\t\t<div class=\"col-inner\"  >\n\t\t\t\n\t\t\t\n<p><span style=\"color: #cf5009; font-size: 22px; letter-spacing: 2px;\">SCUOLA SECONDARIA<\/span><\/p>\n<p style=\"text-align: justify; margin-top: -20px;\">Grazie a <strong>consigli, case histories e best practices, approfondimenti contenutistici<\/strong> e <strong>spunti laboratoriali<\/strong>, veicolati dalla guida per l&#8217;insegnante, sar\u00e0 possibile <strong>avvicinarsi progressivamente<\/strong> al <strong>diabete<\/strong>, cronicit\u00e0 che interessa la popolazione giovanile pi\u00f9 di quanto si creda, cos\u00ec da <strong>comprenderla e imparare a gestirla<\/strong>, per favorire <strong>l\u2019inclusione di persone che ne abbiano esperienza diretta<\/strong>.<\/p>\n\t\t<\/div>\n\t\t\t\t\n<style>\n#col-1769001430 > .col-inner {\n  margin: 18px 0px 0px 0px;\n}\n<\/style>\n\t<\/div>\n\n\t\n\n\t<div id=\"col-583384536\" class=\"col medium-6 large-6\"  data-animate=\"fadeInRight\">\n\t\t\t\t<div class=\"col-inner\"  >\n\t\t\t\n\t\t\t\n\t<div class=\"img has-hover x md-x lg-x y md-y lg-y\" id=\"image_1524857895\">\n\t\t\t\t\t\t\t\t<div class=\"img-inner image-cover dark\" style=\"padding-top:233px;\">\n\t\t\t<img loading=\"lazy\" decoding=\"async\" width=\"1000\" height=\"497\" src=\"https:\/\/www.educazionedigitale.it\/unstoppable\/wp-content\/uploads\/2021\/08\/college-student-studying-together.jpg\" class=\"attachment-original size-original\" alt=\"\" srcset=\"https:\/\/www.educazionedigitale.it\/unstoppable\/wp-content\/uploads\/2021\/08\/college-student-studying-together.jpg 1000w, https:\/\/www.educazionedigitale.it\/unstoppable\/wp-content\/uploads\/2021\/08\/college-student-studying-together-300x149.jpg 300w, https:\/\/www.educazionedigitale.it\/unstoppable\/wp-content\/uploads\/2021\/08\/college-student-studying-together-768x382.jpg 768w\" sizes=\"auto, (max-width: 1000px) 100vw, 1000px\" \/>\t\t\t\t\t\t\n\t\t\t\t\t<\/div>\n\t\t\t\t\t\t\t\t\n<style>\n#image_1524857895 {\n  width: 100%;\n}\n<\/style>\n\t<\/div>\n\t\n\t\t<\/div>\n\t\t\t\t\t<\/div>\n\n\t\n\n\t<div id=\"col-313289245\" class=\"col large-12\"  >\n\t\t\t\t<div class=\"col-inner\"  >\n\t\t\t\n\t\t\t\n<p style=\"text-align: justify; margin-bottom: 10px; margin-top: 10px;\">Attraverso un gioco situazionale, inoltre, ogni componente della classe potr\u00e0 esplorare <strong>contesti di vita differenti<\/strong> e immedesimarsi in <strong>4 coetanei che convivono con il diabete<\/strong>, vivendone momenti di quotidianit\u00e0, apprezzandone i valori, l\u2019impegno e la tenacia nell\u2019affrontare le difficolt\u00e0.<\/p>\n\t\t<\/div>\n\t\t\t\t\t<\/div>\n\n\t\n\n\t<div id=\"col-2001913970\" class=\"col medium-6 large-6\"  data-animate=\"fadeInLeft\">\n\t\t\t\t<div class=\"col-inner\"  >\n\t\t\t\n\t\t\t\n\t<div class=\"img has-hover x md-x lg-x y md-y lg-y\" id=\"image_1633371670\">\n\t\t\t\t\t\t\t\t<div class=\"img-inner image-cover dark\" style=\"padding-top:197px;\">\n\t\t\t<img loading=\"lazy\" decoding=\"async\" width=\"1500\" height=\"1000\" src=\"https:\/\/www.educazionedigitale.it\/unstoppable\/wp-content\/uploads\/2021\/08\/photo-students-sitting-bench-with-laptop-book-while-spending-time-courtyard-university.jpg\" class=\"attachment-original size-original\" alt=\"\" srcset=\"https:\/\/www.educazionedigitale.it\/unstoppable\/wp-content\/uploads\/2021\/08\/photo-students-sitting-bench-with-laptop-book-while-spending-time-courtyard-university.jpg 1500w, https:\/\/www.educazionedigitale.it\/unstoppable\/wp-content\/uploads\/2021\/08\/photo-students-sitting-bench-with-laptop-book-while-spending-time-courtyard-university-300x200.jpg 300w, https:\/\/www.educazionedigitale.it\/unstoppable\/wp-content\/uploads\/2021\/08\/photo-students-sitting-bench-with-laptop-book-while-spending-time-courtyard-university-1024x683.jpg 1024w, https:\/\/www.educazionedigitale.it\/unstoppable\/wp-content\/uploads\/2021\/08\/photo-students-sitting-bench-with-laptop-book-while-spending-time-courtyard-university-768x512.jpg 768w\" sizes=\"auto, (max-width: 1500px) 100vw, 1500px\" \/>\t\t\t\t\t\t\n\t\t\t\t\t<\/div>\n\t\t\t\t\t\t\t\t\n<style>\n#image_1633371670 {\n  width: 100%;\n}\n<\/style>\n\t<\/div>\n\t\n\t\t<\/div>\n\t\t\t\t\n<style>\n#col-2001913970 > .col-inner {\n  margin: 0px 0px 0px 0px;\n}\n<\/style>\n\t<\/div>\n\n\t\n\n\t<div id=\"col-1312792560\" class=\"col medium-6 large-6\"  >\n\t\t\t\t<div class=\"col-inner\"  >\n\t\t\t\n\t\t\t\n<p style=\"text-align: justify; margin-bottom: 0px;\">Le riflessioni maturate grazie al percorso potranno concretizzarsi, poi, in un Project Work di classe: lo sviluppo di una mappa concettuale \u00ab<strong>Inclusione, Scuola e Comunit\u00e0<\/strong>\u00bb per esprimere come i valori di un progetto educativo di inclusione siano valori concreti e concretizzabili per tutta la comunit\u00e0.<\/p>\n\t\t<\/div>\n\t\t\t\t\t<\/div>\n\n\t\n\n\t<div id=\"col-1572755211\" class=\"col small-12 large-12\"  >\n\t\t\t\t<div class=\"col-inner text-center\"  >\n\t\t\t\n\t\t\t\n\t<div id=\"gap-86295056\" class=\"gap-element clearfix\" style=\"display:block; height:auto;\">\n\t\t\n<style>\n#gap-86295056 {\n  padding-top: 10px;\n}\n<\/style>\n\t<\/div>\n\t\n<p style=\"text-align: justify; margin-bottom: 10px;\"><b><em>Unstoppable <\/em><\/b> \u00e8 stato recentemente premiato negli AboutPharma Digital Awards, il pi\u00f9 importante premio in Italia dedicato all&#8217;innovazione digitale nel mondo sanitario, <b>vincendo nella categoria CSR: diversit\u00e0, equit\u00e0, inclusione, socialit\u00e0.<\/b><\/p>\n\t\t<\/div>\n\t\t\t\t\t<\/div>\n\n\t\n\n\t<div id=\"col-657666708\" class=\"col medium-8 small-12 large-8\"  data-animate=\"fadeInDown\">\n\t\t\t\t<div class=\"col-inner text-center\"  >\n\t\t\t\n\t\t\t\n<div class=\"video video-fit mb\" style=\"padding-top:56.25%;\"><div style=\"width: 640px;\" class=\"wp-video\"><video class=\"wp-video-shortcode\" id=\"video-2953-1\" width=\"640\" height=\"360\" preload=\"metadata\" controls=\"controls\"><source type=\"video\/mp4\" src=\"https:\/\/www.educazionedigitale.it\/unstoppable\/wp-content\/uploads\/2023\/08\/03_CSR_WINNER-NFT.mp4?_=1\" \/><a href=\"https:\/\/www.educazionedigitale.it\/unstoppable\/wp-content\/uploads\/2023\/08\/03_CSR_WINNER-NFT.mp4\">https:\/\/www.educazionedigitale.it\/unstoppable\/wp-content\/uploads\/2023\/08\/03_CSR_WINNER-NFT.mp4<\/a><\/video><\/div>\n<\/div>\n\t\t<\/div>\n\t\t\t\t\n<style>\n#col-657666708 > .col-inner {\n  margin: -200px 0px 0px 0px;\n}\n@media (min-width:550px) {\n  #col-657666708 > .col-inner {\n    margin: -380px 0px 0px 0px;\n  }\n}\n<\/style>\n\t<\/div>\n\n\t\n<\/div>\n\t<div id=\"gap-1063036125\" class=\"gap-element clearfix\" style=\"display:block; height:auto;\">\n\t\t\n<style>\n#gap-1063036125 {\n  padding-top: 44px;\n}\n<\/style>\n\t<\/div>\n\t\n","protected":false},"excerpt":{"rendered":"","protected":false},"author":6,"featured_media":0,"parent":0,"menu_order":0,"comment_status":"closed","ping_status":"closed","template":"page-blank.php","meta":{"_monsterinsights_skip_tracking":false,"_monsterinsights_sitenote_active":false,"_monsterinsights_sitenote_note":"","_monsterinsights_sitenote_category":0,"footnotes":""},"class_list":["post-2953","page","type-page","status-publish","hentry"],"yoast_head":"<!-- This site is optimized with the Yoast SEO plugin v27.3 - https:\/\/yoast.com\/product\/yoast-seo-wordpress\/ -->\n<title>Il progetto - Unstoppable<\/title>\n<meta name=\"robots\" content=\"index, follow, max-snippet:-1, max-image-preview:large, max-video-preview:-1\" \/>\n<link rel=\"canonical\" href=\"https:\/\/www.educazionedigitale.it\/unstoppable\/progetto\/\" \/>\n<meta property=\"og:locale\" content=\"it_IT\" \/>\n<meta property=\"og:type\" content=\"article\" \/>\n<meta property=\"og:title\" content=\"Il progetto - Unstoppable\" \/>\n<meta property=\"og:url\" content=\"https:\/\/www.educazionedigitale.it\/unstoppable\/progetto\/\" \/>\n<meta property=\"og:site_name\" content=\"Unstoppable\" \/>\n<meta property=\"article:modified_time\" content=\"2023-09-19T16:05:04+00:00\" \/>\n<meta name=\"twitter:card\" content=\"summary_large_image\" \/>\n<meta name=\"twitter:label1\" content=\"Tempo di lettura stimato\" \/>\n\t<meta name=\"twitter:data1\" content=\"2 minuti\" \/>\n<script type=\"application\/ld+json\" class=\"yoast-schema-graph\">{\"@context\":\"https:\\\/\\\/schema.org\",\"@graph\":[{\"@type\":\"WebPage\",\"@id\":\"https:\\\/\\\/www.educazionedigitale.it\\\/unstoppable\\\/progetto\\\/\",\"url\":\"https:\\\/\\\/www.educazionedigitale.it\\\/unstoppable\\\/progetto\\\/\",\"name\":\"Il progetto - Unstoppable\",\"isPartOf\":{\"@id\":\"https:\\\/\\\/www.educazionedigitale.it\\\/unstoppable\\\/#website\"},\"datePublished\":\"2023-08-02T10:59:11+00:00\",\"dateModified\":\"2023-09-19T16:05:04+00:00\",\"inLanguage\":\"it-IT\",\"potentialAction\":[{\"@type\":\"ReadAction\",\"target\":[\"https:\\\/\\\/www.educazionedigitale.it\\\/unstoppable\\\/progetto\\\/\"]}]},{\"@type\":\"WebSite\",\"@id\":\"https:\\\/\\\/www.educazionedigitale.it\\\/unstoppable\\\/#website\",\"url\":\"https:\\\/\\\/www.educazionedigitale.it\\\/unstoppable\\\/\",\"name\":\"Unstoppable\",\"description\":\"\",\"potentialAction\":[{\"@type\":\"SearchAction\",\"target\":{\"@type\":\"EntryPoint\",\"urlTemplate\":\"https:\\\/\\\/www.educazionedigitale.it\\\/unstoppable\\\/?s={search_term_string}\"},\"query-input\":{\"@type\":\"PropertyValueSpecification\",\"valueRequired\":true,\"valueName\":\"search_term_string\"}}],\"inLanguage\":\"it-IT\"}]}<\/script>\n<!-- \/ Yoast SEO plugin. -->","yoast_head_json":{"title":"Il progetto - Unstoppable","robots":{"index":"index","follow":"follow","max-snippet":"max-snippet:-1","max-image-preview":"max-image-preview:large","max-video-preview":"max-video-preview:-1"},"canonical":"https:\/\/www.educazionedigitale.it\/unstoppable\/progetto\/","og_locale":"it_IT","og_type":"article","og_title":"Il progetto - Unstoppable","og_url":"https:\/\/www.educazionedigitale.it\/unstoppable\/progetto\/","og_site_name":"Unstoppable","article_modified_time":"2023-09-19T16:05:04+00:00","twitter_card":"summary_large_image","twitter_misc":{"Tempo di lettura stimato":"2 minuti"},"schema":{"@context":"https:\/\/schema.org","@graph":[{"@type":"WebPage","@id":"https:\/\/www.educazionedigitale.it\/unstoppable\/progetto\/","url":"https:\/\/www.educazionedigitale.it\/unstoppable\/progetto\/","name":"Il progetto - Unstoppable","isPartOf":{"@id":"https:\/\/www.educazionedigitale.it\/unstoppable\/#website"},"datePublished":"2023-08-02T10:59:11+00:00","dateModified":"2023-09-19T16:05:04+00:00","inLanguage":"it-IT","potentialAction":[{"@type":"ReadAction","target":["https:\/\/www.educazionedigitale.it\/unstoppable\/progetto\/"]}]},{"@type":"WebSite","@id":"https:\/\/www.educazionedigitale.it\/unstoppable\/#website","url":"https:\/\/www.educazionedigitale.it\/unstoppable\/","name":"Unstoppable","description":"","potentialAction":[{"@type":"SearchAction","target":{"@type":"EntryPoint","urlTemplate":"https:\/\/www.educazionedigitale.it\/unstoppable\/?s={search_term_string}"},"query-input":{"@type":"PropertyValueSpecification","valueRequired":true,"valueName":"search_term_string"}}],"inLanguage":"it-IT"}]}},"_links":{"self":[{"href":"https:\/\/www.educazionedigitale.it\/unstoppable\/wp-json\/wp\/v2\/pages\/2953","targetHints":{"allow":["GET"]}}],"collection":[{"href":"https:\/\/www.educazionedigitale.it\/unstoppable\/wp-json\/wp\/v2\/pages"}],"about":[{"href":"https:\/\/www.educazionedigitale.it\/unstoppable\/wp-json\/wp\/v2\/types\/page"}],"author":[{"embeddable":true,"href":"https:\/\/www.educazionedigitale.it\/unstoppable\/wp-json\/wp\/v2\/users\/6"}],"replies":[{"embeddable":true,"href":"https:\/\/www.educazionedigitale.it\/unstoppable\/wp-json\/wp\/v2\/comments?post=2953"}],"version-history":[{"count":3,"href":"https:\/\/www.educazionedigitale.it\/unstoppable\/wp-json\/wp\/v2\/pages\/2953\/revisions"}],"predecessor-version":[{"id":3052,"href":"https:\/\/www.educazionedigitale.it\/unstoppable\/wp-json\/wp\/v2\/pages\/2953\/revisions\/3052"}],"wp:attachment":[{"href":"https:\/\/www.educazionedigitale.it\/unstoppable\/wp-json\/wp\/v2\/media?parent=2953"}],"curies":[{"name":"wp","href":"https:\/\/api.w.org\/{rel}","templated":true}]}}