{"id":6369,"date":"2024-12-16T15:18:55","date_gmt":"2024-12-16T14:18:55","guid":{"rendered":"https:\/\/www.educazionedigitale.it\/wellness4education\/?page_id=6369"},"modified":"2025-10-22T12:16:55","modified_gmt":"2025-10-22T10:16:55","slug":"il-progetto","status":"publish","type":"page","link":"https:\/\/www.educazionedigitale.it\/wellness4education\/il-progetto\/","title":{"rendered":"Il Progetto"},"content":{"rendered":"\t<div id=\"gap-1302083067\" class=\"gap-element clearfix\" style=\"display:block; height:auto;\">\n\t\t\n<style>\n#gap-1302083067 {\n  padding-top: 90px;\n}\n<\/style>\n\t<\/div>\n\t\n\n  <div class=\"banner has-hover banner-home\" id=\"banner-50408355\">\n          <div class=\"banner-inner fill\">\n        <div class=\"banner-bg fill\" >\n            <img loading=\"lazy\" decoding=\"async\" width=\"2560\" height=\"1709\" src=\"https:\/\/www.educazionedigitale.it\/wellness4education\/wp-content\/uploads\/2025\/09\/DSC_5925-scaled.jpg\" class=\"bg attachment-original size-original\" alt=\"\" \/>                        <div class=\"overlay\"><\/div>            \n                    <\/div>\n\t\t\n        <div class=\"banner-layers container\">\n            <div class=\"fill banner-link\"><\/div>            \n   <div id=\"text-box-2057224971\" class=\"text-box banner-layer x95 md-x5 lg-x0 y70 md-y80 lg-y75 res-text\">\n                     <div data-animate=\"none\">           <div class=\"text-box-content text \">\n              \n              <div class=\"text-inner text-left\">\n                  \n              <\/div>\n           <\/div>\n       <\/div>                     \n<style>\n#text-box-2057224971 {\n  margin: 0px 0px 0px 14px;\n  width: 89%;\n}\n#text-box-2057224971 .text-box-content {\n  font-size: 100%;\n}\n@media (min-width:550px) {\n  #text-box-2057224971 {\n    width: 80%;\n  }\n}\n<\/style>\n    <\/div>\n \n        <\/div>\n      <\/div>\n\n            \n<style>\n#banner-50408355 {\n  padding-top: 459px;\n}\n#banner-50408355 .overlay {\n  background-color: rgba(0, 0, 0, 0.157);\n}\n#banner-50408355 .banner-bg img {\n  object-position: 59% 38%;\n}\n@media (min-width:550px) {\n  #banner-50408355 {\n    padding-top: 424px;\n  }\n}\n@media (min-width:850px) {\n  #banner-50408355 {\n    padding-top: 400px;\n  }\n}\n<\/style>\n  <\/div>\n\n\n\n\t<section class=\"section\" id=\"section_1072261183\">\n\t\t<div class=\"section-bg fill\" >\n\t\t\t\t\t\t\t\t\t\n\t\t\t\n\n\t\t<\/div>\n\n\t\t\n\n\t\t<div class=\"section-content relative\">\n\t\t\t\n<div class=\"row row-collapse row-full-width\"  id=\"row-1002086448\">\n\n\t<div id=\"col-904971312\" class=\"col medium-6 small-12 large-6\"  >\n\t\t\t\t<div class=\"col-inner\" style=\"background-color:#79534e;\" >\n\t\t\t\n\t\t\t\n\t<div id=\"gap-228591471\" class=\"gap-element clearfix\" style=\"display:block; height:auto;\">\n\t\t\n<style>\n#gap-228591471 {\n  padding-top: 120px;\n}\n<\/style>\n\t<\/div>\n\t\n\t\t<\/div>\n\t\t\t\t\n<style>\n#col-904971312 > .col-inner {\n  margin: -80px 0px 0px 0px;\n}\n<\/style>\n\t<\/div>\n\n\t\n\n\t<div id=\"col-221780124\" class=\"col medium-6 small-12 large-6\"  >\n\t\t\t\t<div class=\"col-inner\"  >\n\t\t\t\n\t\t\t\n\t\t<\/div>\n\t\t\t\t\t<\/div>\n\n\t\n<\/div>\n<div class=\"row\"  id=\"row-1509820705\">\n\n\t<div id=\"col-1444695001\" class=\"col medium-6 small-12 large-6\"  >\n\t\t\t\t<div class=\"col-inner\"  >\n\t\t\t\n\t\t\t\n\t<div id=\"text-3117209754\" class=\"text\">\n\t\t\n<h1 style=\"color:white !important\">Il Progetto<\/h1>\n\t\t\n<style>\n#text-3117209754 {\n  font-size: 0.75rem;\n  color: rgb(255,255,255);\n}\n#text-3117209754 > * {\n  color: rgb(255,255,255);\n}\n@media (min-width:550px) {\n  #text-3117209754 {\n    font-size: 1rem;\n  }\n}\n@media (min-width:850px) {\n  #text-3117209754 {\n    font-size: 1.85rem;\n  }\n}\n<\/style>\n\t<\/div>\n\t\n\t\t<\/div>\n\t\t\t\t\n<style>\n#col-1444695001 > .col-inner {\n  margin: -90px 0px 0px 0px;\n}\n<\/style>\n\t<\/div>\n\n\t\n\n\t<div id=\"col-1503417183\" class=\"col medium-6 small-12 large-6\"  >\n\t\t\t\t<div class=\"col-inner\"  >\n\t\t\t\n\t\t\t\n\t\t<\/div>\n\t\t\t\t\t<\/div>\n\n\t\n<\/div>\n\t\t<\/div>\n\n\t\t\n<style>\n#section_1072261183 {\n  padding-top: 0px;\n  padding-bottom: 0px;\n}\n<\/style>\n\t<\/section>\n\t\n\n\t<section class=\"section\" id=\"section_1916892405\">\n\t\t<div class=\"section-bg fill\" >\n\t\t\t\t\t\t\t\t\t\n\t\t\t\n\n\t\t<\/div>\n\n\t\t\n\n\t\t<div class=\"section-content relative\">\n\t\t\t\n<div class=\"row\"  id=\"row-1905756340\">\n\n\t<div id=\"col-1149072853\" class=\"col small-12 large-12\"  data-animate=\"blurIn\">\n\t\t\t\t<div class=\"col-inner\"  >\n\t\t\t\n\t\t\t\n\t<div id=\"text-116003305\" class=\"text\">\n\t\t\n<p style=\"font-weight:500;  margin-bottom:0px; line-height:1.4\">Un percorso per educare alla salute e al benessere<\/p>\n\t\t\n<style>\n#text-116003305 {\n  font-size: 2.05rem;\n  text-align: center;\n  color: rgb(196, 176, 174);\n}\n#text-116003305 > * {\n  color: rgb(196, 176, 174);\n}\n@media (min-width:550px) {\n  #text-116003305 {\n    text-align: left;\n  }\n}\n<\/style>\n\t<\/div>\n\t\n\t\t<\/div>\n\t\t\t\t\t<\/div>\n\n\t\n\n\t<div id=\"col-2080681402\" class=\"col medium-12 small-12 large-12\"  >\n\t\t\t\t<div class=\"col-inner\"  >\n\t\t\t\n\t\t\t\n<p style=\"text-align: justify;\">Oggi pi\u00f9 che mai \u00e8 fondamentale <strong>diffondere tra i pi\u00f9 giovani uno stile di vita sano<\/strong>\u00a0<strong>e attivo<\/strong>.<\/p>\n<p style=\"text-align: justify;\">In un\u2019epoca segnata da sedentariet\u00e0, stress, cattive abitudini alimentari e sovraesposizione digitale,\u00a0<strong>trasmettere a ragazze e ragazzi i fondamenti del Wellness<\/strong>\u00a0\u2013 inteso come equilibrio tra corpo, mente, emozioni e relazioni \u2013 diventa una priorit\u00e0 educativa.<\/p>\n<p style=\"text-align: justify;\">Il benessere non \u00e8 solo una condizione individuale, ma una competenza essenziale per crescere come <strong>cittadini attivi, consapevoli e responsabili<\/strong> del proprio futuro e della salute della comunit\u00e0 in cui vivono.<\/p>\n<p style=\"text-align: justify;\">Il percorso\u00a0Wellness 4 Education di Wellness Foundation, iniziativa nell&#8217;ambito dell&#8217;Education Programme Gen26 di Milano Cortina 2026, si rivolge alle scuole con l\u2019obiettivo creare tra gli studenti una solida\u00a0<strong>cultura del benessere<\/strong>, aiutandoli a prendersi cura di s\u00e9 stessi in ogni momento della gionata: in classe, nello studio, a casa e nel tempo libero.<\/p>\n\t\t<\/div>\n\t\t\t\t\t<\/div>\n\n\t\n<\/div>\n\t\t<\/div>\n\n\t\t\n<style>\n#section_1916892405 {\n  padding-top: 30px;\n  padding-bottom: 30px;\n  margin-bottom: -30px;\n}\n<\/style>\n\t<\/section>\n\t\n\n\t<section class=\"section\" id=\"section_319617351\">\n\t\t<div class=\"section-bg fill\" >\n\t\t\t\t\t\t\t\t\t\n\t\t\t\n\n\t\t<\/div>\n\n\t\t\n\n\t\t<div class=\"section-content relative\">\n\t\t\t\n\t<div id=\"gap-797362404\" class=\"gap-element clearfix\" style=\"display:block; height:auto;\">\n\t\t\n<style>\n#gap-797362404 {\n  padding-top: 10px;\n}\n<\/style>\n\t<\/div>\n\t\n<div class=\"row row-collapse\"  id=\"row-2030638728\">\n\n\t<div id=\"col-742976816\" class=\"col medium-12 small-12 large-6\"  data-animate=\"blurIn\">\n\t\t\t\t<div class=\"col-inner text-right\"  >\n\t\t\t\n\t\t\t\n\t<div id=\"gap-1262638597\" class=\"gap-element clearfix\" style=\"display:block; height:auto;\">\n\t\t\n<style>\n#gap-1262638597 {\n  padding-top: 20px;\n}\n<\/style>\n\t<\/div>\n\t\n\t<div id=\"text-3876045008\" class=\"text\">\n\t\t\n<p style=\"font-weight:500;  margin-bottom:0px; line-height:1.4\">Il percorso, nello specifico, affronter\u00e0 i seguenti temi:<\/p>\n\t\t\n<style>\n#text-3876045008 {\n  font-size: 2.05rem;\n  text-align: center;\n  color: rgb(196, 176, 174);\n}\n#text-3876045008 > * {\n  color: rgb(196, 176, 174);\n}\n@media (min-width:550px) {\n  #text-3876045008 {\n    text-align: center;\n  }\n}\n@media (min-width:850px) {\n  #text-3876045008 {\n    text-align: left;\n  }\n}\n<\/style>\n\t<\/div>\n\t\n\t\t<\/div>\n\t\t\t\t\n<style>\n#col-742976816 > .col-inner {\n  padding: 0px 20px 30px 20px;\n  margin: 0px 0px 5px 0px;\n}\n<\/style>\n\t<\/div>\n\n\t\n\n\t<div id=\"col-1799429326\" class=\"col medium-12 small-12 large-6\"  data-animate=\"blurIn\">\n\t\t\t\t<div class=\"col-inner text-right\" style=\"background-color:rgb(255,255,255);\" >\n\t\t\t\n\t\t\t\n\n\t\t<div class=\"icon-box featured-box icon-box-left text-left\"  >\n\t\t\t\t\t<div class=\"icon-box-img\" style=\"width: 38px\">\n\t\t\t\t<div class=\"icon\">\n\t\t\t\t\t<div class=\"icon-inner\" >\n\t\t\t\t\t\t<img loading=\"lazy\" decoding=\"async\" width=\"512\" height=\"512\" src=\"https:\/\/www.educazionedigitale.it\/wellness4education\/wp-content\/uploads\/2025\/07\/healthcare.png\" class=\"attachment-medium size-medium\" alt=\"\" srcset=\"https:\/\/www.educazionedigitale.it\/wellness4education\/wp-content\/uploads\/2025\/07\/healthcare.png 512w, https:\/\/www.educazionedigitale.it\/wellness4education\/wp-content\/uploads\/2025\/07\/healthcare-340x340.png 340w\" sizes=\"auto, (max-width: 512px) 100vw, 512px\" \/>\t\t\t\t\t<\/div>\n\t\t\t\t<\/div>\n\t\t\t<\/div>\n\t\t\t\t<div class=\"icon-box-text last-reset\">\n\t\t\t\t\t\t\t\t\t\n\t<div id=\"text-2521166470\" class=\"text\">\n\t\t\n<p style=\"line-height: 1.3; margin-top: 5px;\">Le <strong>dimensioni del benessere<\/strong> (fisico, mentale, sociale)<br \/> e la loro relazione<\/p>\n\t\t\n<style>\n#text-2521166470 {\n  font-size: 0.9rem;\n}\n<\/style>\n\t<\/div>\n\t\n\t\t<\/div>\n\t<\/div>\n\t\n\t\n\t<div id=\"gap-414604627\" class=\"gap-element clearfix\" style=\"display:block; height:auto;\">\n\t\t\n<style>\n#gap-414604627 {\n  padding-top: 18px;\n}\n<\/style>\n\t<\/div>\n\t\n\n\t\t<div class=\"icon-box featured-box icon-box-left text-left\"  >\n\t\t\t\t\t<div class=\"icon-box-img\" style=\"width: 36px\">\n\t\t\t\t<div class=\"icon\">\n\t\t\t\t\t<div class=\"icon-inner\" >\n\t\t\t\t\t\t<img loading=\"lazy\" decoding=\"async\" width=\"512\" height=\"512\" src=\"https:\/\/www.educazionedigitale.it\/wellness4education\/wp-content\/uploads\/2025\/07\/stretching-exercises.png\" class=\"attachment-medium size-medium\" alt=\"\" srcset=\"https:\/\/www.educazionedigitale.it\/wellness4education\/wp-content\/uploads\/2025\/07\/stretching-exercises.png 512w, https:\/\/www.educazionedigitale.it\/wellness4education\/wp-content\/uploads\/2025\/07\/stretching-exercises-340x340.png 340w\" sizes=\"auto, (max-width: 512px) 100vw, 512px\" \/>\t\t\t\t\t<\/div>\n\t\t\t\t<\/div>\n\t\t\t<\/div>\n\t\t\t\t<div class=\"icon-box-text last-reset\">\n\t\t\t\t\t\t\t\t\t\n\t<div id=\"text-1007049277\" class=\"text\">\n\t\t\n<p style=\"line-height: 1.3; margin-top: 5px;\">L\u2019<strong>attivit\u00e0 e l\u2019esercizio fisico<\/strong> per il benessere<br \/> e la prevenzione di patologie<\/p>\n\t\t\n<style>\n#text-1007049277 {\n  font-size: 0.9rem;\n}\n<\/style>\n\t<\/div>\n\t\n\t\t<\/div>\n\t<\/div>\n\t\n\t\n\t<div id=\"gap-1229218074\" class=\"gap-element clearfix\" style=\"display:block; height:auto;\">\n\t\t\n<style>\n#gap-1229218074 {\n  padding-top: 15px;\n}\n<\/style>\n\t<\/div>\n\t\n\n\t\t<div class=\"icon-box featured-box icon-box-left text-left\"  >\n\t\t\t\t\t<div class=\"icon-box-img\" style=\"width: 36px\">\n\t\t\t\t<div class=\"icon\">\n\t\t\t\t\t<div class=\"icon-inner\" >\n\t\t\t\t\t\t<img loading=\"lazy\" decoding=\"async\" width=\"512\" height=\"512\" src=\"https:\/\/www.educazionedigitale.it\/wellness4education\/wp-content\/uploads\/2025\/07\/nutrition.png\" class=\"attachment-medium size-medium\" alt=\"\" srcset=\"https:\/\/www.educazionedigitale.it\/wellness4education\/wp-content\/uploads\/2025\/07\/nutrition.png 512w, https:\/\/www.educazionedigitale.it\/wellness4education\/wp-content\/uploads\/2025\/07\/nutrition-340x340.png 340w\" sizes=\"auto, (max-width: 512px) 100vw, 512px\" \/>\t\t\t\t\t<\/div>\n\t\t\t\t<\/div>\n\t\t\t<\/div>\n\t\t\t\t<div class=\"icon-box-text last-reset\">\n\t\t\t\t\t\t\t\t\t\n\t<div id=\"text-1948205844\" class=\"text\">\n\t\t\n<p style=\"line-height: 1.3; margin-top: 12px;\">Le <strong>corrette abitudini alimentari <\/strong>per ogni et\u00e0<\/p>\n\t\t\n<style>\n#text-1948205844 {\n  font-size: 0.9rem;\n}\n<\/style>\n\t<\/div>\n\t\n\t\t<\/div>\n\t<\/div>\n\t\n\t\n\t<div id=\"gap-892766813\" class=\"gap-element clearfix hidden\" style=\"display:block; height:auto;\">\n\t\t\n<style>\n#gap-892766813 {\n  padding-top: 15px;\n}\n<\/style>\n\t<\/div>\n\t\n\n\t<div id=\"gap-1461845680\" class=\"gap-element clearfix\" style=\"display:block; height:auto;\">\n\t\t\n<style>\n#gap-1461845680 {\n  padding-top: 20px;\n}\n<\/style>\n\t<\/div>\n\t\n\n\t\t<div class=\"icon-box featured-box icon-box-left text-left\"  >\n\t\t\t\t\t<div class=\"icon-box-img\" style=\"width: 36px\">\n\t\t\t\t<div class=\"icon\">\n\t\t\t\t\t<div class=\"icon-inner\" >\n\t\t\t\t\t\t<img loading=\"lazy\" decoding=\"async\" width=\"512\" height=\"512\" src=\"https:\/\/www.educazionedigitale.it\/wellness4education\/wp-content\/uploads\/2025\/07\/no-connection.png\" class=\"attachment-medium size-medium\" alt=\"\" srcset=\"https:\/\/www.educazionedigitale.it\/wellness4education\/wp-content\/uploads\/2025\/07\/no-connection.png 512w, https:\/\/www.educazionedigitale.it\/wellness4education\/wp-content\/uploads\/2025\/07\/no-connection-340x340.png 340w\" sizes=\"auto, (max-width: 512px) 100vw, 512px\" \/>\t\t\t\t\t<\/div>\n\t\t\t\t<\/div>\n\t\t\t<\/div>\n\t\t\t\t<div class=\"icon-box-text last-reset\">\n\t\t\t\t\t\t\t\t\t\n\t<div id=\"text-3261181800\" class=\"text\">\n\t\t\n<p style=\"line-height: 1.3; margin-top: 5px;\">La <strong>disconnessione dai dispositivi<\/strong>\u00a0come scelta<br \/> per la propria salute<\/p>\n\t\t\n<style>\n#text-3261181800 {\n  font-size: 0.9rem;\n}\n<\/style>\n\t<\/div>\n\t\n\t\t<\/div>\n\t<\/div>\n\t\n\t\n\t<div id=\"gap-1923419327\" class=\"gap-element clearfix\" style=\"display:block; height:auto;\">\n\t\t\n<style>\n#gap-1923419327 {\n  padding-top: 15px;\n}\n<\/style>\n\t<\/div>\n\t\n\n\t\t<div class=\"icon-box featured-box icon-box-left text-left\"  >\n\t\t\t\t\t<div class=\"icon-box-img\" style=\"width: 36px\">\n\t\t\t\t<div class=\"icon\">\n\t\t\t\t\t<div class=\"icon-inner\" >\n\t\t\t\t\t\t<img loading=\"lazy\" decoding=\"async\" width=\"512\" height=\"512\" src=\"https:\/\/www.educazionedigitale.it\/wellness4education\/wp-content\/uploads\/2025\/07\/button.png\" class=\"attachment-medium size-medium\" alt=\"\" srcset=\"https:\/\/www.educazionedigitale.it\/wellness4education\/wp-content\/uploads\/2025\/07\/button.png 512w, https:\/\/www.educazionedigitale.it\/wellness4education\/wp-content\/uploads\/2025\/07\/button-340x340.png 340w\" sizes=\"auto, (max-width: 512px) 100vw, 512px\" \/>\t\t\t\t\t<\/div>\n\t\t\t\t<\/div>\n\t\t\t<\/div>\n\t\t\t\t<div class=\"icon-box-text last-reset\">\n\t\t\t\t\t\t\t\t\t\n\t<div id=\"text-856657814\" class=\"text\">\n\t\t\n<p style=\"line-height: 1.3; margin-top: 12px;\">L\u2019importanza delle <strong>pause attive<\/strong><\/p>\n\t\t\n<style>\n#text-856657814 {\n  font-size: 0.9rem;\n}\n<\/style>\n\t<\/div>\n\t\n\t\t<\/div>\n\t<\/div>\n\t\n\t\n\t<div id=\"gap-1527614993\" class=\"gap-element clearfix\" style=\"display:block; height:auto;\">\n\t\t\n<style>\n#gap-1527614993 {\n  padding-top: 20px;\n}\n<\/style>\n\t<\/div>\n\t\n\n\t\t<div class=\"icon-box featured-box icon-box-left text-left\"  >\n\t\t\t\t\t<div class=\"icon-box-img\" style=\"width: 36px\">\n\t\t\t\t<div class=\"icon\">\n\t\t\t\t\t<div class=\"icon-inner\" >\n\t\t\t\t\t\t<img loading=\"lazy\" decoding=\"async\" width=\"512\" height=\"512\" src=\"https:\/\/www.educazionedigitale.it\/wellness4education\/wp-content\/uploads\/2025\/07\/self-love.png\" class=\"attachment-medium size-medium\" alt=\"\" srcset=\"https:\/\/www.educazionedigitale.it\/wellness4education\/wp-content\/uploads\/2025\/07\/self-love.png 512w, https:\/\/www.educazionedigitale.it\/wellness4education\/wp-content\/uploads\/2025\/07\/self-love-340x340.png 340w\" sizes=\"auto, (max-width: 512px) 100vw, 512px\" \/>\t\t\t\t\t<\/div>\n\t\t\t\t<\/div>\n\t\t\t<\/div>\n\t\t\t\t<div class=\"icon-box-text last-reset\">\n\t\t\t\t\t\t\t\t\t\n\t<div id=\"text-3639385208\" class=\"text\">\n\t\t\n<p style=\"line-height: 1.3; margin-top: 12px;\"><strong>Autoascolto e autoconsapevolezza<\/strong><\/p>\n\t\t\n<style>\n#text-3639385208 {\n  font-size: 0.9rem;\n}\n<\/style>\n\t<\/div>\n\t\n\t\t<\/div>\n\t<\/div>\n\t\n\t\n\t<div id=\"gap-1825712511\" class=\"gap-element clearfix\" style=\"display:block; height:auto;\">\n\t\t\n<style>\n#gap-1825712511 {\n  padding-top: 20px;\n}\n<\/style>\n\t<\/div>\n\t\n\n\t\t<div class=\"icon-box featured-box icon-box-left text-left\"  >\n\t\t\t\t\t<div class=\"icon-box-img\" style=\"width: 36px\">\n\t\t\t\t<div class=\"icon\">\n\t\t\t\t\t<div class=\"icon-inner\" >\n\t\t\t\t\t\t<img loading=\"lazy\" decoding=\"async\" width=\"512\" height=\"512\" src=\"https:\/\/www.educazionedigitale.it\/wellness4education\/wp-content\/uploads\/2025\/07\/high-five.png\" class=\"attachment-medium size-medium\" alt=\"\" srcset=\"https:\/\/www.educazionedigitale.it\/wellness4education\/wp-content\/uploads\/2025\/07\/high-five.png 512w, https:\/\/www.educazionedigitale.it\/wellness4education\/wp-content\/uploads\/2025\/07\/high-five-340x340.png 340w\" sizes=\"auto, (max-width: 512px) 100vw, 512px\" \/>\t\t\t\t\t<\/div>\n\t\t\t\t<\/div>\n\t\t\t<\/div>\n\t\t\t\t<div class=\"icon-box-text last-reset\">\n\t\t\t\t\t\t\t\t\t\n\t<div id=\"text-2164405359\" class=\"text\">\n\t\t\n<p style=\"line-height: 1.3; margin-top: 12px;\">La relazione tra <strong>salute individuale e salute collettiva<\/strong><\/p>\n\t\t\n<style>\n#text-2164405359 {\n  font-size: 0.9rem;\n}\n<\/style>\n\t<\/div>\n\t\n\t\t<\/div>\n\t<\/div>\n\t\n\t\n\t\t<\/div>\n\t\t\t\t\n<style>\n#col-1799429326 > .col-inner {\n  padding: 20px 20px 20px 20px;\n  border-radius: 10px;\n}\n@media (min-width:550px) {\n  #col-1799429326 > .col-inner {\n    padding: 20px 20px 20px 20px;\n  }\n}\n@media (min-width:850px) {\n  #col-1799429326 > .col-inner {\n    padding: 20px 20px 20px 20px;\n  }\n}\n<\/style>\n\t<\/div>\n\n\t\n<\/div>\n<div class=\"row row-collapse row-full-width\"  id=\"row-1912303870\">\n\n\t<div id=\"col-204233658\" class=\"col medium-12 small-12 large-6\"  >\n\t\t\t\t<div class=\"col-inner\"  >\n\t\t\t\n\t\t\t\n\t<div class=\"img has-hover x md-x lg-x y md-y lg-y\" id=\"image_1132139318\">\n\t\t\t\t\t\t\t\t<div class=\"img-inner dark\" >\n\t\t\t<img loading=\"lazy\" decoding=\"async\" width=\"2560\" height=\"1703\" src=\"https:\/\/www.educazionedigitale.it\/wellness4education\/wp-content\/uploads\/2025\/09\/DSC_5936-scaled-1.jpg\" class=\"attachment-original size-original\" alt=\"\" srcset=\"https:\/\/www.educazionedigitale.it\/wellness4education\/wp-content\/uploads\/2025\/09\/DSC_5936-scaled-1.jpg 2560w, https:\/\/www.educazionedigitale.it\/wellness4education\/wp-content\/uploads\/2025\/09\/DSC_5936-scaled-1-800x532.jpg 800w, https:\/\/www.educazionedigitale.it\/wellness4education\/wp-content\/uploads\/2025\/09\/DSC_5936-scaled-1-1600x1064.jpg 1600w, https:\/\/www.educazionedigitale.it\/wellness4education\/wp-content\/uploads\/2025\/09\/DSC_5936-scaled-1-768x511.jpg 768w, https:\/\/www.educazionedigitale.it\/wellness4education\/wp-content\/uploads\/2025\/09\/DSC_5936-scaled-1-1536x1022.jpg 1536w, https:\/\/www.educazionedigitale.it\/wellness4education\/wp-content\/uploads\/2025\/09\/DSC_5936-scaled-1-2048x1362.jpg 2048w\" sizes=\"auto, (max-width: 2560px) 100vw, 2560px\" \/>\t\t\t\t\t\t\n\t\t\t\t\t<\/div>\n\t\t\t\t\t\t\t\t\n<style>\n#image_1132139318 {\n  width: 100%;\n}\n<\/style>\n\t<\/div>\n\t\n\t\t<\/div>\n\t\t\t\t\n<style>\n#col-204233658 > .col-inner {\n  padding: 0px 0px 0px 0px;\n  margin: 40px 0px 0px 0px;\n}\n@media (min-width:850px) {\n  #col-204233658 > .col-inner {\n    padding: 0px 60px 0px 0px;\n    margin: -390px 0px 0px 0px;\n  }\n}\n<\/style>\n\t<\/div>\n\n\t\n<\/div>\n\t<div id=\"gap-1672911463\" class=\"gap-element clearfix\" style=\"display:block; height:auto;\">\n\t\t\n<style>\n#gap-1672911463 {\n  padding-top: 30px;\n}\n<\/style>\n\t<\/div>\n\t\n\t<div id=\"gap-270711892\" class=\"gap-element clearfix\" style=\"display:block; height:auto;\">\n\t\t\n<style>\n#gap-270711892 {\n  padding-top: 47px;\n}\n<\/style>\n\t<\/div>\n\t\n\t\t<\/div>\n\n\t\t\n<style>\n#section_319617351 {\n  padding-top: 10px;\n  padding-bottom: 10px;\n  background-color: rgb(244, 244, 244);\n}\n@media (min-width:550px) {\n  #section_319617351 {\n    padding-top: 80px;\n    padding-bottom: 80px;\n  }\n}\n<\/style>\n\t<\/section>\n\t\n","protected":false},"excerpt":{"rendered":"","protected":false},"author":28,"featured_media":0,"parent":0,"menu_order":0,"comment_status":"closed","ping_status":"closed","template":"page-blank.php","meta":{"_monsterinsights_skip_tracking":false,"_monsterinsights_sitenote_active":false,"_monsterinsights_sitenote_note":"","_monsterinsights_sitenote_category":0,"footnotes":""},"class_list":["post-6369","page","type-page","status-publish","hentry"],"_links":{"self":[{"href":"https:\/\/www.educazionedigitale.it\/wellness4education\/wp-json\/wp\/v2\/pages\/6369","targetHints":{"allow":["GET"]}}],"collection":[{"href":"https:\/\/www.educazionedigitale.it\/wellness4education\/wp-json\/wp\/v2\/pages"}],"about":[{"href":"https:\/\/www.educazionedigitale.it\/wellness4education\/wp-json\/wp\/v2\/types\/page"}],"author":[{"embeddable":true,"href":"https:\/\/www.educazionedigitale.it\/wellness4education\/wp-json\/wp\/v2\/users\/28"}],"replies":[{"embeddable":true,"href":"https:\/\/www.educazionedigitale.it\/wellness4education\/wp-json\/wp\/v2\/comments?post=6369"}],"version-history":[{"count":3,"href":"https:\/\/www.educazionedigitale.it\/wellness4education\/wp-json\/wp\/v2\/pages\/6369\/revisions"}],"predecessor-version":[{"id":6854,"href":"https:\/\/www.educazionedigitale.it\/wellness4education\/wp-json\/wp\/v2\/pages\/6369\/revisions\/6854"}],"wp:attachment":[{"href":"https:\/\/www.educazionedigitale.it\/wellness4education\/wp-json\/wp\/v2\/media?parent=6369"}],"curies":[{"name":"wp","href":"https:\/\/api.w.org\/{rel}","templated":true}]}}